{"id":224,"date":"2018-11-18T08:54:25","date_gmt":"2018-11-18T08:54:25","guid":{"rendered":"https:\/\/redfoxlotto.com\/?page_id=2176"},"modified":"2025-12-18T15:20:29","modified_gmt":"2025-12-18T15:20:29","slug":"powerball","status":"publish","type":"page","link":"https:\/\/redfoxlotto.com\/es\/loterias\/powerball\/","title":{"rendered":"Acerca de Powerball"},"content":{"rendered":"<p><script type=\"application\/ld+json\">\n{\n  \"@context\": \"https:\/\/schema.org\",\n  \"@type\": \"Service\",\n  \"name\": \"Juega Powerball en l\u00ednea\",\n  \"url\": \"https:\/\/redfoxlotto.com\/es\/lotteries\/powerball\",\n  \"description\": \"Compra boletos oficiales de la loter\u00eda Powerball en l\u00ednea desde cualquier pa\u00eds. Visita RedFoxLotto, elige tus n\u00fameros y participa en el pr\u00f3ximo sorteo.\",\n  \"serviceType\": \"Servicio de mensajer\u00eda de boletos de loter\u00eda en l\u00ednea\",\n  \"provider\": {\n    \"@type\": \"Organization\",\n    \"name\": \"RedFoxLotto\",\n    \"url\": \"https:\/\/redfoxlotto.com\/es\",\n    \"image\": \"https:\/\/redfoxlotto.com\/es\/wp-content\/uploads\/2025\/12\/ticket_scans.jpg\",\n    \"sameAs\": []\n  },\n  \"areaServed\": \"Worldwide\",\n  \"termsOfService\": \"https:\/\/redfoxlotto.com\/terms-and-conditions\",\n  \"additionalProperty\": {\n    \"@type\": \"PropertyValue\",\n    \"name\": \"FAQ\",\n    \"value\": \"https:\/\/redfoxlotto.com\/es\/faq\/\"\n  },\n  \"hasOfferCatalog\": {\n    \"@type\": \"OfferCatalog\",\n    \"name\": \"Boletos Powerball\",\n    \"itemListElement\": [\n      {\n        \"@type\": \"Offer\",\n        \"name\": \"Boletos Powerball\",\n        \"url\": \"https:\/\/redfoxlotto.com\/es\/lotteries\/powerball\",\n        \"description\": \"Compra boletos reales en l\u00ednea para el pr\u00f3ximo sorteo de Powerball a trav\u00e9s de RedFoxLotto.\",\n        \"price\": \"5.90\",\n        \"priceCurrency\": \"\u20ac\",\n        \"availability\": \"https:\/\/schema.org\/InStock\",\n        \"itemOffered\": {\n          \"@type\": \"Service\",\n          \"name\": \"Boletos Powerball\",\n          \"description\": \"Participa en el pr\u00f3ximo sorteo de Powerball \u2013 compra tus boletos en l\u00ednea a trav\u00e9s de RedFoxLotto.\"\n        }\n      }\n    ]\n  },\n  \"mainEntityOfPage\": {\n    \"@type\": \"WebPage\",\n    \"@id\": \"https:\/\/redfoxlotto.com\/es\/lotteries\/powerball\"\n  }\n}\n<\/script><\/p>\n<p>Powerball es probablemente la loter\u00eda m\u00e1s conocida en todo el mundo y hay algunas buenas razones para ello.<\/p>\n<p>Millones de jugadores de todo el mundo juegan al juego. A\u00fan m\u00e1s, no s\u00f3lo en los EE.UU., sino tambi\u00e9n en l\u00ednea de otros pa\u00edses como la Espa\u00f1a se puede optar por comprar boletos de Powerball en l\u00ednea.<\/p>\n<p>Los sorteos tienen lugar todos los s\u00e1bados y mi\u00e9rcoles, lo que significa que vas a tener el doble de oportunidades para participar y comprar un boleto. Lo que es realmente emocionante es que el mayor bote jam\u00e1s alcanzado en Powerball fue de \u00a11.586.400.000 $!<img decoding=\"async\" class=\"size-full wp-image alignright\" src=\"https:\/\/content.redfoxlotto.com\/uploads\/sites\/9\/1_buy_lottery_online.jpg\" alt=\"loteria powerball\" \/><\/p>\n<h2>Loter\u00eda Powerball en el mundo<\/h2>\n<p>Con la ayuda de nuestro sitio web, ahora puede convertirse en un multimillonario de Powerball. Le brindamos la oportunidad de comprar billetes de Powerball online. Y todo lo que tiene que hacer es echar un vistazo a lo que implica nuestro sistema. Ver\u00e1 que puede pasar de simplemente consultar nuestra p\u00e1gina web a tener su primer boleto esper\u00e1ndole en su cuenta en tan s\u00f3lo unos sencillos pasos. Veamos con m\u00e1s detalle lo que tiene que hacer.<\/p>\n<h2>C\u00f3mo comprar su boleto de Powerball online desde Espa\u00f1a<\/h2>\n<p>El primer paso es simplemente comprobar los diferentes juegos de loter\u00eda que tenemos disponibles. Por suerte para usted, hay una serie de grandes billetes y juegos disponibles porque queremos asegurarnos de que usted es capaz de entrar en todos los botes superiores. As\u00ed, todos los juegos m\u00e1s importantes del mundo est\u00e1n disponibles desde Espa\u00f1a, a trav\u00e9s de nuestra p\u00e1gina web. S\u00f3lo tienes que echar un vistazo a los juegos disponibles y luego decidir a cu\u00e1l quieres jugar.<\/p>\n<p>Una vez que te hayas decidido por un juego (en este caso el Powerball) s\u00f3lo tienes que hacer clic en el enlace y entrar en la p\u00e1gina. Ver\u00e1s m\u00e1s informaci\u00f3n sobre el juego y ver\u00e1s informaci\u00f3n sobre c\u00f3mo conseguir tu propio boleto. S\u00f3lo tienes que elegir los n\u00fameros que quieras. Por supuesto, tambi\u00e9n puedes elegir una selecci\u00f3n r\u00e1pida si no sabes qu\u00e9 n\u00fameros quieres.<\/p>\n<p>En nuestra p\u00e1gina web, cuando empiece a elegir sus n\u00fameros, le diremos exactamente cu\u00e1ntos necesita y nos aseguraremos de que no tenga ni demasiados ni demasiado pocos para conseguir un boleto v\u00e1lido. Tambi\u00e9n tendr\u00e1 la opci\u00f3n de elegir una combinaci\u00f3n de n\u00fameros seleccionados al azar y personalmente, seg\u00fan desee. Tambi\u00e9n puede seleccionar varios boletos para el juego.<\/p>\n<p>A partir de ah\u00ed, podr\u00e1s a\u00f1adir los boletos a tu cesta y luego podr\u00e1s elegir boletos adicionales de la Powerball o de otros juegos a los que quieras jugar. A continuaci\u00f3n, s\u00f3lo tienes que configurar tu propia cuenta. Cuando lo hagas, vamos a pedirte algunos datos personales que te dar\u00e1n m\u00e1s seguridad cuando quieras comprar boletos y cuando quieras sacar dinero de tu cuenta. Tambi\u00e9n podr\u00e1 configurar todas las cuentas que desee.<\/p>\n<h2>Las reglas de los boletos Powerball online<\/h2>\n<p>Cuando se trata de configurar su billete de Powerball usted quiere saber todo acerca de las reglas que debe seguir y c\u00f3mo va a elegir el billete. \u00bfQu\u00e9 debe hacer?<\/p>\n<p>Debe elegir 5 n\u00fameros entre el 1 y el 69, m\u00e1s un n\u00famero Powerball del 1 al 26. Los seis n\u00fameros deben coincidir en su boleto. Entonces habr\u00e1 ganado el bote. Si s\u00f3lo acierta los 5 primeros n\u00fameros, entonces su boleto gana el premio de segunda categor\u00eda. Aun as\u00ed, ser\u00e1 1 mill\u00f3n de d\u00f3lares m\u00e1s rico. Las ganancias del bote de Powerball pueden pagarse de una sola vez o en 30 plazos anuales.<\/p>\n<h2>\u00a1Compre un boleto de Powerball en l\u00ednea y gane!<\/h2>\n<p>Entonces, \u00bfqu\u00e9 ocurrir\u00e1 si realmente gana el bote de la Powerball? Va a ser muy divertido y sin duda va a estar muy emocionado. Bueno, tambi\u00e9n tendr\u00e1s que planear un viaje a Estados Unidos porque les encanta hacer un gran negocio con la gente que gana.<\/p>\n<p>Eso significa que te har\u00e1n fotos, te entregar\u00e1n un gran cheque y mucho m\u00e1s, y nos aseguraremos de que est\u00e9s preparado para ello con el boleto y la informaci\u00f3n que necesitas para reclamar tu premio.<\/p>\n<p>Si gana un premio de menor cuant\u00eda, podemos ingresar el dinero directamente en su cuenta para que pueda retirarlo a su cuenta o puede utilizarlo para comprar boletos adicionales. Para aquellos que ganen premios mayores pero no el bote, podr\u00e1n obtener una transferencia directa a su cuenta y nos pondremos en contacto con usted para informarle de lo que tiene que hacer y c\u00f3mo puede configurar todo esto. Pero, \u00bfc\u00f3mo vas a saberlo?<\/p>\n<p><img decoding=\"async\" class=\"wp-image alignright\" src=\"https:\/\/redfoxlotto.com\/wp-content\/uploads\/sites\/9\/ticket_powerball3.jpg\" alt=\"comprar billetes online\" \/><br \/>\nSi sigues comprobando tu cuenta, podr\u00e1s ver las actualizaciones de tu boleto y los n\u00fameros que coincidan. Tambi\u00e9n recibir\u00e1s el dinero de las cantidades m\u00e1s peque\u00f1as inmediatamente transferido a tu cuenta. Cualquier cantidad que ganes, sin embargo, aparecer\u00e1 en tu correo electr\u00f3nico. Eso significa que podr\u00e1s comprobar tu correo electr\u00f3nico y ver que has ganado, as\u00ed que puedes dirigirte a tu cuenta inmediatamente.<\/p>\n<h2>Jugar a nuevos juegos<\/h2>\n<p>Si est\u00e1 listo para empezar a jugar y quiere comprar boletos de Powerball en l\u00ednea, definitivamente va a querer echar un vistazo a algunas de las otras opciones que tenemos tambi\u00e9n. De hecho, tenemos los juegos de loter\u00eda m\u00e1s calientes en cualquier parte del mundo y todo lo que necesita hacer es decidir cu\u00e1l va a ser su favorito y cu\u00e1l quiere probar despu\u00e9s.<\/p>\n<p>Por lo tanto, eche un vistazo r\u00e1pido a lo que est\u00e1 disponible y c\u00f3mo puede conseguir todos los boletos que desee. Y aseg\u00farese tambi\u00e9n de consultar toda la informaci\u00f3n que pueda encontrar sobre cada uno de los juegos, cu\u00e1ndo se van a sortear, cu\u00e1nto puede ganar y mucho m\u00e1s.<\/p>\n<p>\u00bfQuieres jugar y conseguir boletos de Powerball online? Empieza ahora mismo, aqu\u00ed mismo.<\/p>\n","protected":false},"excerpt":{"rendered":"<p>Powerball es probablemente la loter\u00eda m\u00e1s conocida en todo el mundo y hay algunas buenas razones para ello. Millones de jugadores de todo el mundo juegan al juego. A\u00fan m\u00e1s, no s\u00f3lo en los EE.UU., sino tambi\u00e9n en l\u00ednea de otros pa\u00edses como la Espa\u00f1a se puede optar por comprar boletos de Powerball en l\u00ednea. [&hellip;]<\/p>\n","protected":false},"author":1,"featured_media":0,"parent":219,"menu_order":1,"comment_status":"closed","ping_status":"closed","template":"powerball-usa-info.php","meta":{"_et_pb_use_builder":"","_et_pb_old_content":"","_et_gb_content_width":"","exclude_from_search":false,"footnotes":""},"class_list":["post-224","page","type-page","status-publish","hentry"],"yoast_head":"<!-- This site is optimized with the Yoast SEO plugin v23.8 - https:\/\/yoast.com\/wordpress\/plugins\/seo\/ -->\n<title>Comprar boletos de Powerball online de Espa\u00f1a | Gana Powerball aqu\u00ed<\/title>\n<meta name=\"description\" content=\"C\u00f3mo comprar un boleto online para la loter\u00eda Powerball USA? Nuestro servicio le permite participar en la loteria Powerball USA desde Espa\u00f1a\" \/>\n<meta name=\"robots\" content=\"index, follow, max-snippet:-1, max-image-preview:large, max-video-preview:-1\" \/>\n<link rel=\"canonical\" href=\"https:\/\/redfoxlotto.com\/es\/loterias\/powerball\/\" \/>\n<meta property=\"og:locale\" content=\"es_ES\" \/>\n<meta property=\"og:type\" content=\"article\" \/>\n<meta property=\"og:title\" content=\"Comprar boletos de Powerball online de Espa\u00f1a | Gana Powerball aqu\u00ed\" \/>\n<meta property=\"og:description\" content=\"C\u00f3mo comprar un boleto online para la loter\u00eda Powerball USA? Nuestro servicio le permite participar en la loteria Powerball USA desde Espa\u00f1a\" \/>\n<meta property=\"og:url\" content=\"https:\/\/redfoxlotto.com\/es\/loterias\/powerball\/\" \/>\n<meta property=\"og:site_name\" content=\"Get Tickets for the World\u2019s largest jackpots\" \/>\n<meta property=\"article:modified_time\" content=\"2025-12-18T15:20:29+00:00\" \/>\n<meta property=\"og:image\" content=\"https:\/\/content.redfoxlotto.com\/uploads\/sites\/9\/1_buy_lottery_online.jpg\" \/>\n<meta name=\"twitter:card\" content=\"summary_large_image\" \/>\n<meta name=\"twitter:label1\" content=\"Tiempo de lectura\" \/>\n\t<meta name=\"twitter:data1\" content=\"5 minutos\" \/>\n<script type=\"application\/ld+json\" class=\"yoast-schema-graph\">{\"@context\":\"https:\/\/schema.org\",\"@graph\":[{\"@type\":\"WebPage\",\"@id\":\"https:\/\/redfoxlotto.com\/es\/loterias\/powerball\/\",\"url\":\"https:\/\/redfoxlotto.com\/es\/loterias\/powerball\/\",\"name\":\"Comprar boletos de Powerball online de Espa\u00f1a | Gana Powerball aqu\u00ed\",\"isPartOf\":{\"@id\":\"https:\/\/redfoxlotto.com\/es\/#website\"},\"primaryImageOfPage\":{\"@id\":\"https:\/\/redfoxlotto.com\/es\/loterias\/powerball\/#primaryimage\"},\"image\":{\"@id\":\"https:\/\/redfoxlotto.com\/es\/loterias\/powerball\/#primaryimage\"},\"thumbnailUrl\":\"https:\/\/content.redfoxlotto.com\/uploads\/sites\/9\/1_buy_lottery_online.jpg\",\"datePublished\":\"2018-11-18T08:54:25+00:00\",\"dateModified\":\"2025-12-18T15:20:29+00:00\",\"description\":\"C\u00f3mo comprar un boleto online para la loter\u00eda Powerball USA? Nuestro servicio le permite participar en la loteria Powerball USA desde Espa\u00f1a\",\"breadcrumb\":{\"@id\":\"https:\/\/redfoxlotto.com\/es\/loterias\/powerball\/#breadcrumb\"},\"inLanguage\":\"es\",\"potentialAction\":[{\"@type\":\"ReadAction\",\"target\":[\"https:\/\/redfoxlotto.com\/es\/loterias\/powerball\/\"]}]},{\"@type\":\"ImageObject\",\"inLanguage\":\"es\",\"@id\":\"https:\/\/redfoxlotto.com\/es\/loterias\/powerball\/#primaryimage\",\"url\":\"https:\/\/content.redfoxlotto.com\/uploads\/sites\/9\/1_buy_lottery_online.jpg\",\"contentUrl\":\"https:\/\/content.redfoxlotto.com\/uploads\/sites\/9\/1_buy_lottery_online.jpg\"},{\"@type\":\"BreadcrumbList\",\"@id\":\"https:\/\/redfoxlotto.com\/es\/loterias\/powerball\/#breadcrumb\",\"itemListElement\":[{\"@type\":\"ListItem\",\"position\":1,\"name\":\"Home\",\"item\":\"https:\/\/redfoxlotto.com\/es\/\"},{\"@type\":\"ListItem\",\"position\":2,\"name\":\"Loter\u00edas mundiales\",\"item\":\"https:\/\/redfoxlotto.com\/es\/loterias\/\"},{\"@type\":\"ListItem\",\"position\":3,\"name\":\"Acerca de Powerball\"}]},{\"@type\":\"WebSite\",\"@id\":\"https:\/\/redfoxlotto.com\/es\/#website\",\"url\":\"https:\/\/redfoxlotto.com\/es\/\",\"name\":\"Get Tickets for the World\u2019s largest jackpots\",\"description\":\"Participate in worldwide lottery jackpots from any country\",\"publisher\":{\"@id\":\"https:\/\/redfoxlotto.com\/es\/#organization\"},\"potentialAction\":[{\"@type\":\"SearchAction\",\"target\":{\"@type\":\"EntryPoint\",\"urlTemplate\":\"https:\/\/redfoxlotto.com\/es\/?s={search_term_string}\"},\"query-input\":{\"@type\":\"PropertyValueSpecification\",\"valueRequired\":true,\"valueName\":\"search_term_string\"}}],\"inLanguage\":\"es\"},{\"@type\":\"Organization\",\"@id\":\"https:\/\/redfoxlotto.com\/es\/#organization\",\"name\":\"Get Tickets for the World\u2019s largest jackpots\",\"url\":\"https:\/\/redfoxlotto.com\/es\/\",\"logo\":{\"@type\":\"ImageObject\",\"inLanguage\":\"es\",\"@id\":\"https:\/\/redfoxlotto.com\/es\/#\/schema\/logo\/image\/\",\"url\":\"https:\/\/redfoxlotto.com\/wp-content\/uploads\/2023\/04\/logo.png\",\"contentUrl\":\"https:\/\/redfoxlotto.com\/wp-content\/uploads\/2023\/04\/logo.png\",\"width\":269,\"height\":53,\"caption\":\"Get Tickets for the World\u2019s largest jackpots\"},\"image\":{\"@id\":\"https:\/\/redfoxlotto.com\/es\/#\/schema\/logo\/image\/\"}}]}<\/script>\n<!-- \/ Yoast SEO plugin. -->","yoast_head_json":{"title":"Comprar boletos de Powerball online de Espa\u00f1a | Gana Powerball aqu\u00ed","description":"C\u00f3mo comprar un boleto online para la loter\u00eda Powerball USA? Nuestro servicio le permite participar en la loteria Powerball USA desde Espa\u00f1a","robots":{"index":"index","follow":"follow","max-snippet":"max-snippet:-1","max-image-preview":"max-image-preview:large","max-video-preview":"max-video-preview:-1"},"canonical":"https:\/\/redfoxlotto.com\/es\/loterias\/powerball\/","og_locale":"es_ES","og_type":"article","og_title":"Comprar boletos de Powerball online de Espa\u00f1a | Gana Powerball aqu\u00ed","og_description":"C\u00f3mo comprar un boleto online para la loter\u00eda Powerball USA? Nuestro servicio le permite participar en la loteria Powerball USA desde Espa\u00f1a","og_url":"https:\/\/redfoxlotto.com\/es\/loterias\/powerball\/","og_site_name":"Get Tickets for the World\u2019s largest jackpots","article_modified_time":"2025-12-18T15:20:29+00:00","og_image":[{"url":"https:\/\/content.redfoxlotto.com\/uploads\/sites\/9\/1_buy_lottery_online.jpg"}],"twitter_card":"summary_large_image","twitter_misc":{"Tiempo de lectura":"5 minutos"},"schema":{"@context":"https:\/\/schema.org","@graph":[{"@type":"WebPage","@id":"https:\/\/redfoxlotto.com\/es\/loterias\/powerball\/","url":"https:\/\/redfoxlotto.com\/es\/loterias\/powerball\/","name":"Comprar boletos de Powerball online de Espa\u00f1a | Gana Powerball aqu\u00ed","isPartOf":{"@id":"https:\/\/redfoxlotto.com\/es\/#website"},"primaryImageOfPage":{"@id":"https:\/\/redfoxlotto.com\/es\/loterias\/powerball\/#primaryimage"},"image":{"@id":"https:\/\/redfoxlotto.com\/es\/loterias\/powerball\/#primaryimage"},"thumbnailUrl":"https:\/\/content.redfoxlotto.com\/uploads\/sites\/9\/1_buy_lottery_online.jpg","datePublished":"2018-11-18T08:54:25+00:00","dateModified":"2025-12-18T15:20:29+00:00","description":"C\u00f3mo comprar un boleto online para la loter\u00eda Powerball USA? Nuestro servicio le permite participar en la loteria Powerball USA desde Espa\u00f1a","breadcrumb":{"@id":"https:\/\/redfoxlotto.com\/es\/loterias\/powerball\/#breadcrumb"},"inLanguage":"es","potentialAction":[{"@type":"ReadAction","target":["https:\/\/redfoxlotto.com\/es\/loterias\/powerball\/"]}]},{"@type":"ImageObject","inLanguage":"es","@id":"https:\/\/redfoxlotto.com\/es\/loterias\/powerball\/#primaryimage","url":"https:\/\/content.redfoxlotto.com\/uploads\/sites\/9\/1_buy_lottery_online.jpg","contentUrl":"https:\/\/content.redfoxlotto.com\/uploads\/sites\/9\/1_buy_lottery_online.jpg"},{"@type":"BreadcrumbList","@id":"https:\/\/redfoxlotto.com\/es\/loterias\/powerball\/#breadcrumb","itemListElement":[{"@type":"ListItem","position":1,"name":"Home","item":"https:\/\/redfoxlotto.com\/es\/"},{"@type":"ListItem","position":2,"name":"Loter\u00edas mundiales","item":"https:\/\/redfoxlotto.com\/es\/loterias\/"},{"@type":"ListItem","position":3,"name":"Acerca de Powerball"}]},{"@type":"WebSite","@id":"https:\/\/redfoxlotto.com\/es\/#website","url":"https:\/\/redfoxlotto.com\/es\/","name":"Get Tickets for the World\u2019s largest jackpots","description":"Participate in worldwide lottery jackpots from any country","publisher":{"@id":"https:\/\/redfoxlotto.com\/es\/#organization"},"potentialAction":[{"@type":"SearchAction","target":{"@type":"EntryPoint","urlTemplate":"https:\/\/redfoxlotto.com\/es\/?s={search_term_string}"},"query-input":{"@type":"PropertyValueSpecification","valueRequired":true,"valueName":"search_term_string"}}],"inLanguage":"es"},{"@type":"Organization","@id":"https:\/\/redfoxlotto.com\/es\/#organization","name":"Get Tickets for the World\u2019s largest jackpots","url":"https:\/\/redfoxlotto.com\/es\/","logo":{"@type":"ImageObject","inLanguage":"es","@id":"https:\/\/redfoxlotto.com\/es\/#\/schema\/logo\/image\/","url":"https:\/\/redfoxlotto.com\/wp-content\/uploads\/2023\/04\/logo.png","contentUrl":"https:\/\/redfoxlotto.com\/wp-content\/uploads\/2023\/04\/logo.png","width":269,"height":53,"caption":"Get Tickets for the World\u2019s largest jackpots"},"image":{"@id":"https:\/\/redfoxlotto.com\/es\/#\/schema\/logo\/image\/"}}]}},"_links":{"self":[{"href":"https:\/\/redfoxlotto.com\/es\/wp-json\/wp\/v2\/pages\/224","targetHints":{"allow":["GET"]}}],"collection":[{"href":"https:\/\/redfoxlotto.com\/es\/wp-json\/wp\/v2\/pages"}],"about":[{"href":"https:\/\/redfoxlotto.com\/es\/wp-json\/wp\/v2\/types\/page"}],"author":[{"embeddable":true,"href":"https:\/\/redfoxlotto.com\/es\/wp-json\/wp\/v2\/users\/1"}],"replies":[{"embeddable":true,"href":"https:\/\/redfoxlotto.com\/es\/wp-json\/wp\/v2\/comments?post=224"}],"version-history":[{"count":0,"href":"https:\/\/redfoxlotto.com\/es\/wp-json\/wp\/v2\/pages\/224\/revisions"}],"up":[{"embeddable":true,"href":"https:\/\/redfoxlotto.com\/es\/wp-json\/wp\/v2\/pages\/219"}],"wp:attachment":[{"href":"https:\/\/redfoxlotto.com\/es\/wp-json\/wp\/v2\/media?parent=224"}],"curies":[{"name":"wp","href":"https:\/\/api.w.org\/{rel}","templated":true}]}}