{"id":222,"date":"2018-11-18T08:54:25","date_gmt":"2018-11-18T08:54:25","guid":{"rendered":"https:\/\/redfoxlotto.com\/?page_id=2172"},"modified":"2025-12-18T13:27:58","modified_gmt":"2025-12-18T13:27:58","slug":"mega-millions","status":"publish","type":"page","link":"https:\/\/redfoxlotto.com\/es\/loterias\/mega-millions\/","title":{"rendered":"Acerca de Mega Millions"},"content":{"rendered":"<p><script type=\"application\/ld+json\">\n{\n  \"@context\": \"https:\/\/schema.org\",\n  \"@type\": \"Service\",\n  \"name\": \"Jugar a Mega Millions online\",\n  \"url\": \"https:\/\/redfoxlotto.com\/es\/lotteries\/mega-millions\",\n  \"description\": \"Compra boletos oficiales de Mega Millions online desde cualquier pa\u00eds. Visita RedFoxLotto, elige tus n\u00fameros y participa en el pr\u00f3ximo sorteo.\",\n  \"serviceType\": \"Servicio online de intermediaci\u00f3n de boletos de loter\u00eda\",<\/p>\n<p>  \"provider\": {\n    \"@type\": \"Organization\",\n    \"name\": \"RedFoxLotto\",\n    \"url\": \"https:\/\/redfoxlotto.com\/es\",\n    \"image\": \"https:\/\/redfoxlotto.com\/es\/wp-content\/uploads\/2025\/12\/ticket_scans.jpg\",\n    \"sameAs\": []\n  },<\/p>\n<p>  \"areaServed\": \"Worldwide\",\n  \"termsOfService\": \"https:\/\/redfoxlotto.com\/terms-and-conditions\",<\/p>\n<p>  \"additionalProperty\": {\n    \"@type\": \"PropertyValue\",\n    \"name\": \"Preguntas frecuentes\",\n    \"value\": \"https:\/\/redfoxlotto.com\/es\/faq\/\"\n  },<\/p>\n<p>  \"hasOfferCatalog\": {\n    \"@type\": \"OfferCatalog\",\n    \"name\": \"Boletos Mega Millions\",\n    \"itemListElement\": [\n      {\n        \"@type\": \"Offer\",\n        \"name\": \"Boletos Mega Millions\",\n        \"url\": \"https:\/\/redfoxlotto.com\/es\/lotteries\/powerball\",\n        \"description\": \"Compra boletos reales online para el pr\u00f3ximo sorteo de Mega Millions en RedFoxLotto.\",\n        \"price\": \"13.00\",\n        \"priceCurrency\": \"\u20ac\",\n        \"availability\": \"https:\/\/schema.org\/InStock\",<\/p>\n<p>        \"itemOffered\": {\n          \"@type\": \"Service\",\n          \"name\": \"Boletos de loter\u00eda Mega Millions\",\n          \"description\": \"Participa en el pr\u00f3ximo sorteo de Mega Millions \u2013 compra boletos online a trav\u00e9s de RedFoxLotto.\"\n        }\n      }\n    ]\n  },<\/p>\n<p>  \"mainEntityOfPage\": {\n    \"@type\": \"WebPage\",\n    \"@id\": \"https:\/\/redfoxlotto.com\/es\/lotteries\/mega-millions\"\n  }\n}\n<\/script><\/p>\n<p>Conocida como \u00abThe Big Game\u00bb hasta 2002, esta loter\u00eda de 44 estados de EEUU es ahora conocida en todo el mundo como Mega Millions. Para ello se celebran dos sorteos a la semana (cada martes y viernes). Si no has o\u00eddo hablar de este juego o si realmente no has prestado atenci\u00f3n hasta ahora, definitivamente vas a querer echarle un vistazo m\u00e1s de cerca y ver qu\u00e9 puedes hacer con \u00e9ste.<\/p>\n<p>Definitivamente va a ser un premio que quieres ganar y es un juego muy f\u00e1cil para que usted juegue tambi\u00e9n. Eso hace que sea un ganar-ganar para usted para comprar boletos de Mega Millions en l\u00ednea de Espa\u00f1a.<\/p>\n<h2>Bote de Mega Millions<\/h2>\n<p>Mega Millions es conocido por sus grandes botes. En 2018, un solo afortunado gan\u00f3 un bote r\u00e9cord de m\u00e1s de 1500 millones de d\u00f3lares. Ese es definitivamente el tipo de bote que quieres ganar, \u00bfverdad? Y las probabilidades definitivamente no son tan malas como lo son para algunas victorias de jackpot.<br \/>\n<img loading=\"lazy\" decoding=\"async\" class=\"alignright wp-image\" src=\"https:\/\/content.redfoxlotto.com\/uploads\/sites\/9\/2_ticket_mega_millions2.jpg\" alt=\"Mega Millions online\" width=\"200\" height=\"207\" \/><br \/>\nLo que es a\u00fan mejor del Mega Millions es que los botes siempre van a ser altos. De hecho, el bote empieza en 40 millones de d\u00f3lares. Por lo tanto, incluso si gana el bote base antes de que empiece a subir (lo que rara vez ocurre), seguir\u00e1 recibiendo un gran premio.<\/p>\n<p>Si gana el bote m\u00e1s tarde, cuando empiece a subir, puede ganar mucho m\u00e1s. Y lo que es mejor, estos botes suben con bastante rapidez. As\u00ed que lo que hoy empieza con 40 millones de d\u00f3lares puede f\u00e1cilmente superar los 100 millones en s\u00f3lo una semana o menos. A partir de ah\u00ed, puede subir a varios cientos de millones y es posible que participe en otro sorteo de mil millones de d\u00f3lares. Eso s\u00ed que valdr\u00eda la pena invertir unos cuantos d\u00f3lares en boletos, \u00bfverdad?<\/p>\n<p>En nuestra p\u00e1gina web tiene la posibilidad de comprar boletos de Mega Millions por Internet, aunque viva en Espa\u00f1a. S\u00f3lo tienes que elegir tus n\u00fameros, comprar tu boleto, \u00a1y esperar los resultados del sorteo! Repasaremos algunos de los pasos generales y lo que se necesita para empezar en un minuto, pero centr\u00e9monos primero en el Mega Millions en s\u00ed, \u00bfde acuerdo?<\/p>\n<h2>Las reglas de Mega Millions<\/h2>\n<p>Las reglas de Mega Millions son sencillas. Tiene que seleccionar 5 n\u00fameros entre el 1 y el 70, m\u00e1s un n\u00famero adicional de la MegaBall. Todos los n\u00fameros deben coincidir para ganar el bote. Eso no significa que no pueda ganar nada si no le toca el bote. De hecho, hay varios premios diferentes que puede ganar. En Mega Millions, puedes ganar en nueve rangos de premios.<\/p>\n<p>Lo mejor es que puede ganar acertando un solo n\u00famero, siempre que sea la MegaBall. Si acierta ese n\u00famero, ganar\u00e1 un premio autom\u00e1tico y eso es s\u00f3lo el principio. Puede ganar premios realmente peque\u00f1os que s\u00f3lo le devuelven el dinero que gast\u00f3 en comprar el boleto o puede ganar grandes premios que siguen siendo menores que el bote real.<br \/>\nAdem\u00e1s, cada premio por debajo del bote se gana individualmente. Eso significa que no tiene que compartir el dinero si otra persona gana tambi\u00e9n ese premio.<\/p>\n<h2>Comprar un billete de Mega Millions por Internet en Eslovenia<\/h2>\n<p>\u00bfEst\u00e1 listo para comprar su primer billete de Mega Millions en l\u00ednea? Si es as\u00ed, sin duda querr\u00e1 echar un vistazo a los pasos del proceso. Lo hacemos lo m\u00e1s f\u00e1cil posible porque sabemos que lo que realmente quiere es comprar su billete, participar en el sorteo y luego seguir con las dem\u00e1s cosas que le pasan en la vida. Por eso lo hacemos en unos pocos pasos.<\/p>\n<p>El primer paso es decidir qu\u00e9 va a comprar. Si quieres comprar boletos de Mega Millions online va a ser f\u00e1cil. S\u00f3lo tienes que buscar el juego y entrar en la p\u00e1gina espec\u00edfica para \u00e9l.<\/p>\n<p>Si quieres comprar boletos para otros juegos, podr\u00e1s ver cada uno de ellos, as\u00ed como sus botes actuales disponibles en la misma pantalla y puedes entrar en cada uno de ellos individualmente tambi\u00e9n. Esto hace que sea muy f\u00e1cil para usted decidir lo que va a hacer y elegir los boletos que desea.<br \/>\n<img loading=\"lazy\" decoding=\"async\" class=\"alignright wp-image\" src=\"https:\/\/content.redfoxlotto.com\/uploads\/sites\/9\/1_buy_mega_millions_lottery_tickets.jpg\" alt=\"comprar billetes online\" width=\"287\" height=\"202\" \/><br \/>\nUna vez en la p\u00e1gina, puede obtener m\u00e1s informaci\u00f3n sobre Mega Millions y, a continuaci\u00f3n, elegir los n\u00fameros a los que desea jugar. Si tienes n\u00fameros espec\u00edficos que quieres puedes elegirlos en esa misma pantalla. Si s\u00f3lo tienes unos pocos n\u00fameros y quieres que el resto se asigne al azar, tambi\u00e9n puedes hacerlo. O puedes elegir un boleto totalmente aleatorio. Todo depender\u00e1 de ti. En cualquier caso, sabr\u00e1s si tienes suficientes n\u00fameros, pocos o demasiados porque nos aseguraremos de que tu boleto es v\u00e1lido antes de que pases a la siguiente p\u00e1gina.<\/p>\n<h2>Proceso de pago<\/h2>\n<p>Una vez que haya elegido los billetes de Mega Millions que desea puede a\u00f1adirlos a su carrito y seleccionar billetes adicionales si lo desea, o puede proceder al proceso de pago. Cuando pagues vas a necesitar una cuenta con nosotros, pero eso es muy f\u00e1cil de configurar.<\/p>\n<p>S\u00f3lo tienes que rellenar algunos datos b\u00e1sicos sobre ti para poder reclamar los premios si lo necesitas.<\/p>\n<p>Eso es todo. Confirmas tu compra, recibimos los boletos por ti y aparecer\u00e1n directamente en tu cuenta para que puedas ver si has ganado. Incluso le enviaremos un correo electr\u00f3nico si su boleto gana y le mostraremos directamente en su cuenta qu\u00e9 n\u00fameros han acertado en el sorteo. No vas a tener ning\u00fan problema en tener una gran experiencia con Mega Millions y vas a querer seguir jugando cada partida.<\/p>\n","protected":false},"excerpt":{"rendered":"<p>Conocida como \u00abThe Big Game\u00bb hasta 2002, esta loter\u00eda de 44 estados de EEUU es ahora conocida en todo el mundo como Mega Millions. Para ello se celebran dos sorteos a la semana (cada martes y viernes). Si no has o\u00eddo hablar de este juego o si realmente no has prestado atenci\u00f3n hasta ahora, definitivamente [&hellip;]<\/p>\n","protected":false},"author":1,"featured_media":0,"parent":219,"menu_order":2,"comment_status":"closed","ping_status":"closed","template":"megamillion-info.php","meta":{"_et_pb_use_builder":"","_et_pb_old_content":"","_et_gb_content_width":"","exclude_from_search":false,"footnotes":""},"class_list":["post-222","page","type-page","status-publish","hentry"],"yoast_head":"<!-- This site is optimized with the Yoast SEO plugin v23.8 - https:\/\/yoast.com\/wordpress\/plugins\/seo\/ -->\n<title>Comprar boletos de Mega Millions online | Mega Millions ya est\u00e1 disponible en Espa\u00f1a<\/title>\n<meta name=\"description\" content=\"Descubra m\u00e1s sobre Mega Millions Lotto USA y como puede comprar billetes de Mega Millions online, desde de Espa\u00f1a o desde cualquier pa\u00eds del mundo.\" \/>\n<meta name=\"robots\" content=\"index, follow, max-snippet:-1, max-image-preview:large, max-video-preview:-1\" \/>\n<link rel=\"canonical\" href=\"https:\/\/redfoxlotto.com\/es\/loterias\/mega-millions\/\" \/>\n<meta property=\"og:locale\" content=\"es_ES\" \/>\n<meta property=\"og:type\" content=\"article\" \/>\n<meta property=\"og:title\" content=\"Comprar boletos de Mega Millions online | Mega Millions ya est\u00e1 disponible en Espa\u00f1a\" \/>\n<meta property=\"og:description\" content=\"Descubra m\u00e1s sobre Mega Millions Lotto USA y como puede comprar billetes de Mega Millions online, desde de Espa\u00f1a o desde cualquier pa\u00eds del mundo.\" \/>\n<meta property=\"og:url\" content=\"https:\/\/redfoxlotto.com\/es\/loterias\/mega-millions\/\" \/>\n<meta property=\"og:site_name\" content=\"Get Tickets for the World\u2019s largest jackpots\" \/>\n<meta property=\"article:modified_time\" content=\"2025-12-18T13:27:58+00:00\" \/>\n<meta property=\"og:image\" content=\"https:\/\/content.redfoxlotto.com\/uploads\/sites\/9\/2_ticket_mega_millions2.jpg\" \/>\n<meta name=\"twitter:card\" content=\"summary_large_image\" \/>\n<meta name=\"twitter:label1\" content=\"Tiempo de lectura\" \/>\n\t<meta name=\"twitter:data1\" content=\"5 minutos\" \/>\n<script type=\"application\/ld+json\" class=\"yoast-schema-graph\">{\"@context\":\"https:\/\/schema.org\",\"@graph\":[{\"@type\":\"WebPage\",\"@id\":\"https:\/\/redfoxlotto.com\/es\/loterias\/mega-millions\/\",\"url\":\"https:\/\/redfoxlotto.com\/es\/loterias\/mega-millions\/\",\"name\":\"Comprar boletos de Mega Millions online | Mega Millions ya est\u00e1 disponible en Espa\u00f1a\",\"isPartOf\":{\"@id\":\"https:\/\/redfoxlotto.com\/es\/#website\"},\"primaryImageOfPage\":{\"@id\":\"https:\/\/redfoxlotto.com\/es\/loterias\/mega-millions\/#primaryimage\"},\"image\":{\"@id\":\"https:\/\/redfoxlotto.com\/es\/loterias\/mega-millions\/#primaryimage\"},\"thumbnailUrl\":\"https:\/\/content.redfoxlotto.com\/uploads\/sites\/9\/2_ticket_mega_millions2.jpg\",\"datePublished\":\"2018-11-18T08:54:25+00:00\",\"dateModified\":\"2025-12-18T13:27:58+00:00\",\"description\":\"Descubra m\u00e1s sobre Mega Millions Lotto USA y como puede comprar billetes de Mega Millions online, desde de Espa\u00f1a o desde cualquier pa\u00eds del mundo.\",\"breadcrumb\":{\"@id\":\"https:\/\/redfoxlotto.com\/es\/loterias\/mega-millions\/#breadcrumb\"},\"inLanguage\":\"es\",\"potentialAction\":[{\"@type\":\"ReadAction\",\"target\":[\"https:\/\/redfoxlotto.com\/es\/loterias\/mega-millions\/\"]}]},{\"@type\":\"ImageObject\",\"inLanguage\":\"es\",\"@id\":\"https:\/\/redfoxlotto.com\/es\/loterias\/mega-millions\/#primaryimage\",\"url\":\"https:\/\/content.redfoxlotto.com\/uploads\/sites\/9\/2_ticket_mega_millions2.jpg\",\"contentUrl\":\"https:\/\/content.redfoxlotto.com\/uploads\/sites\/9\/2_ticket_mega_millions2.jpg\"},{\"@type\":\"BreadcrumbList\",\"@id\":\"https:\/\/redfoxlotto.com\/es\/loterias\/mega-millions\/#breadcrumb\",\"itemListElement\":[{\"@type\":\"ListItem\",\"position\":1,\"name\":\"Home\",\"item\":\"https:\/\/redfoxlotto.com\/es\/\"},{\"@type\":\"ListItem\",\"position\":2,\"name\":\"Loter\u00edas mundiales\",\"item\":\"https:\/\/redfoxlotto.com\/es\/loterias\/\"},{\"@type\":\"ListItem\",\"position\":3,\"name\":\"Acerca de Mega Millions\"}]},{\"@type\":\"WebSite\",\"@id\":\"https:\/\/redfoxlotto.com\/es\/#website\",\"url\":\"https:\/\/redfoxlotto.com\/es\/\",\"name\":\"Get Tickets for the World\u2019s largest jackpots\",\"description\":\"Participate in worldwide lottery jackpots from any country\",\"publisher\":{\"@id\":\"https:\/\/redfoxlotto.com\/es\/#organization\"},\"potentialAction\":[{\"@type\":\"SearchAction\",\"target\":{\"@type\":\"EntryPoint\",\"urlTemplate\":\"https:\/\/redfoxlotto.com\/es\/?s={search_term_string}\"},\"query-input\":{\"@type\":\"PropertyValueSpecification\",\"valueRequired\":true,\"valueName\":\"search_term_string\"}}],\"inLanguage\":\"es\"},{\"@type\":\"Organization\",\"@id\":\"https:\/\/redfoxlotto.com\/es\/#organization\",\"name\":\"Get Tickets for the World\u2019s largest jackpots\",\"url\":\"https:\/\/redfoxlotto.com\/es\/\",\"logo\":{\"@type\":\"ImageObject\",\"inLanguage\":\"es\",\"@id\":\"https:\/\/redfoxlotto.com\/es\/#\/schema\/logo\/image\/\",\"url\":\"https:\/\/redfoxlotto.com\/wp-content\/uploads\/2023\/04\/logo.png\",\"contentUrl\":\"https:\/\/redfoxlotto.com\/wp-content\/uploads\/2023\/04\/logo.png\",\"width\":269,\"height\":53,\"caption\":\"Get Tickets for the World\u2019s largest jackpots\"},\"image\":{\"@id\":\"https:\/\/redfoxlotto.com\/es\/#\/schema\/logo\/image\/\"}}]}<\/script>\n<!-- \/ Yoast SEO plugin. -->","yoast_head_json":{"title":"Comprar boletos de Mega Millions online | Mega Millions ya est\u00e1 disponible en Espa\u00f1a","description":"Descubra m\u00e1s sobre Mega Millions Lotto USA y como puede comprar billetes de Mega Millions online, desde de Espa\u00f1a o desde cualquier pa\u00eds del mundo.","robots":{"index":"index","follow":"follow","max-snippet":"max-snippet:-1","max-image-preview":"max-image-preview:large","max-video-preview":"max-video-preview:-1"},"canonical":"https:\/\/redfoxlotto.com\/es\/loterias\/mega-millions\/","og_locale":"es_ES","og_type":"article","og_title":"Comprar boletos de Mega Millions online | Mega Millions ya est\u00e1 disponible en Espa\u00f1a","og_description":"Descubra m\u00e1s sobre Mega Millions Lotto USA y como puede comprar billetes de Mega Millions online, desde de Espa\u00f1a o desde cualquier pa\u00eds del mundo.","og_url":"https:\/\/redfoxlotto.com\/es\/loterias\/mega-millions\/","og_site_name":"Get Tickets for the World\u2019s largest jackpots","article_modified_time":"2025-12-18T13:27:58+00:00","og_image":[{"url":"https:\/\/content.redfoxlotto.com\/uploads\/sites\/9\/2_ticket_mega_millions2.jpg"}],"twitter_card":"summary_large_image","twitter_misc":{"Tiempo de lectura":"5 minutos"},"schema":{"@context":"https:\/\/schema.org","@graph":[{"@type":"WebPage","@id":"https:\/\/redfoxlotto.com\/es\/loterias\/mega-millions\/","url":"https:\/\/redfoxlotto.com\/es\/loterias\/mega-millions\/","name":"Comprar boletos de Mega Millions online | Mega Millions ya est\u00e1 disponible en Espa\u00f1a","isPartOf":{"@id":"https:\/\/redfoxlotto.com\/es\/#website"},"primaryImageOfPage":{"@id":"https:\/\/redfoxlotto.com\/es\/loterias\/mega-millions\/#primaryimage"},"image":{"@id":"https:\/\/redfoxlotto.com\/es\/loterias\/mega-millions\/#primaryimage"},"thumbnailUrl":"https:\/\/content.redfoxlotto.com\/uploads\/sites\/9\/2_ticket_mega_millions2.jpg","datePublished":"2018-11-18T08:54:25+00:00","dateModified":"2025-12-18T13:27:58+00:00","description":"Descubra m\u00e1s sobre Mega Millions Lotto USA y como puede comprar billetes de Mega Millions online, desde de Espa\u00f1a o desde cualquier pa\u00eds del mundo.","breadcrumb":{"@id":"https:\/\/redfoxlotto.com\/es\/loterias\/mega-millions\/#breadcrumb"},"inLanguage":"es","potentialAction":[{"@type":"ReadAction","target":["https:\/\/redfoxlotto.com\/es\/loterias\/mega-millions\/"]}]},{"@type":"ImageObject","inLanguage":"es","@id":"https:\/\/redfoxlotto.com\/es\/loterias\/mega-millions\/#primaryimage","url":"https:\/\/content.redfoxlotto.com\/uploads\/sites\/9\/2_ticket_mega_millions2.jpg","contentUrl":"https:\/\/content.redfoxlotto.com\/uploads\/sites\/9\/2_ticket_mega_millions2.jpg"},{"@type":"BreadcrumbList","@id":"https:\/\/redfoxlotto.com\/es\/loterias\/mega-millions\/#breadcrumb","itemListElement":[{"@type":"ListItem","position":1,"name":"Home","item":"https:\/\/redfoxlotto.com\/es\/"},{"@type":"ListItem","position":2,"name":"Loter\u00edas mundiales","item":"https:\/\/redfoxlotto.com\/es\/loterias\/"},{"@type":"ListItem","position":3,"name":"Acerca de Mega Millions"}]},{"@type":"WebSite","@id":"https:\/\/redfoxlotto.com\/es\/#website","url":"https:\/\/redfoxlotto.com\/es\/","name":"Get Tickets for the World\u2019s largest jackpots","description":"Participate in worldwide lottery jackpots from any country","publisher":{"@id":"https:\/\/redfoxlotto.com\/es\/#organization"},"potentialAction":[{"@type":"SearchAction","target":{"@type":"EntryPoint","urlTemplate":"https:\/\/redfoxlotto.com\/es\/?s={search_term_string}"},"query-input":{"@type":"PropertyValueSpecification","valueRequired":true,"valueName":"search_term_string"}}],"inLanguage":"es"},{"@type":"Organization","@id":"https:\/\/redfoxlotto.com\/es\/#organization","name":"Get Tickets for the World\u2019s largest jackpots","url":"https:\/\/redfoxlotto.com\/es\/","logo":{"@type":"ImageObject","inLanguage":"es","@id":"https:\/\/redfoxlotto.com\/es\/#\/schema\/logo\/image\/","url":"https:\/\/redfoxlotto.com\/wp-content\/uploads\/2023\/04\/logo.png","contentUrl":"https:\/\/redfoxlotto.com\/wp-content\/uploads\/2023\/04\/logo.png","width":269,"height":53,"caption":"Get Tickets for the World\u2019s largest jackpots"},"image":{"@id":"https:\/\/redfoxlotto.com\/es\/#\/schema\/logo\/image\/"}}]}},"_links":{"self":[{"href":"https:\/\/redfoxlotto.com\/es\/wp-json\/wp\/v2\/pages\/222","targetHints":{"allow":["GET"]}}],"collection":[{"href":"https:\/\/redfoxlotto.com\/es\/wp-json\/wp\/v2\/pages"}],"about":[{"href":"https:\/\/redfoxlotto.com\/es\/wp-json\/wp\/v2\/types\/page"}],"author":[{"embeddable":true,"href":"https:\/\/redfoxlotto.com\/es\/wp-json\/wp\/v2\/users\/1"}],"replies":[{"embeddable":true,"href":"https:\/\/redfoxlotto.com\/es\/wp-json\/wp\/v2\/comments?post=222"}],"version-history":[{"count":0,"href":"https:\/\/redfoxlotto.com\/es\/wp-json\/wp\/v2\/pages\/222\/revisions"}],"up":[{"embeddable":true,"href":"https:\/\/redfoxlotto.com\/es\/wp-json\/wp\/v2\/pages\/219"}],"wp:attachment":[{"href":"https:\/\/redfoxlotto.com\/es\/wp-json\/wp\/v2\/media?parent=222"}],"curies":[{"name":"wp","href":"https:\/\/api.w.org\/{rel}","templated":true}]}}