{"id":221,"date":"2018-11-18T08:54:25","date_gmt":"2018-11-18T08:54:25","guid":{"rendered":"https:\/\/redfoxlotto.com\/?page_id=2170"},"modified":"2025-12-18T14:59:44","modified_gmt":"2025-12-18T14:59:44","slug":"euromillions","status":"publish","type":"page","link":"https:\/\/redfoxlotto.com\/es\/loterias\/euromillions\/","title":{"rendered":"Sobre EuroMillions"},"content":{"rendered":"<p><script type=\"application\/ld+json\">\n{\n  \"@context\": \"https:\/\/schema.org\",\n  \"@type\": \"Service\",\n  \"name\": \"Juega Euromillions online\",\n  \"url\": \"https:\/\/redfoxlotto.com\/es\/lotteries\/euromillions\/\",\n  \"description\": \"Compra boletos oficiales de la loter\u00eda Euromillions online desde cualquier pa\u00eds. Visita RedFoxLotto, elige tus n\u00fameros y participa en el pr\u00f3ximo sorteo.\",\n  \"serviceType\": \"Servicio de mensajer\u00eda de boletos de loter\u00eda online\",\n  \"provider\": {\n    \"@type\": \"Organization\",\n    \"name\": \"RedFoxLotto\",\n    \"url\": \"https:\/\/redfoxlotto.com\/es\",\n    \"image\": \"https:\/\/redfoxlotto.com\/es\/wp-content\/uploads\/2025\/12\/ticket_scans.jpg\",\n    \"sameAs\": []\n  },\n  \"areaServed\": \"Worldwide\",\n  \"termsOfService\": \"https:\/\/redfoxlotto.com\/terms-and-conditions\",\n  \"additionalProperty\": {\n    \"@type\": \"PropertyValue\",\n    \"name\": \"FAQ\",\n    \"value\": \"https:\/\/redfoxlotto.com\/es\/faq\/\"\n  },\n  \"hasOfferCatalog\": {\n    \"@type\": \"OfferCatalog\",\n    \"name\": \"Boletos Euromillions\",\n    \"itemListElement\": [\n      {\n        \"@type\": \"Offer\",\n        \"name\": \"Boletos Euromillions\",\n        \"url\": \"https:\/\/redfoxlotto.com\/es\/lotteries\/euromillions\",\n        \"description\": \"Compra boletos reales online para el pr\u00f3ximo sorteo de Euromillions a trav\u00e9s de RedFoxLotto.\",\n        \"price\": \"7.00\",\n        \"priceCurrency\": \"\u20ac\",\n        \"availability\": \"https:\/\/schema.org\/InStock\",\n        \"itemOffered\": {\n          \"@type\": \"Service\",\n          \"name\": \"Boletos Euromillions\",\n          \"description\": \"Participa en el pr\u00f3ximo sorteo de Euromillions \u2013 compra tus boletos online a trav\u00e9s de RedFoxLotto.\"\n        }\n      }\n    ]\n  },\n  \"mainEntityOfPage\": {\n    \"@type\": \"WebPage\",\n    \"@id\": \"https:\/\/redfoxlotto.com\/es\/lotteries\/euromillions\"\n  }\n}\n<\/script><\/p>\n<p>EuroMillions es la loter\u00eda m\u00e1s grande de Europa. Lanzada en el 2004, los boletos se pueden comprar en nueve pa\u00edses europeos \u2013 o puede comprar sus boletos en l\u00ednea aqu\u00ed.<!--more--><\/p>\n<p>Los sorteos del <a href=\"https:\/\/redfoxlotto.com\/es\/jugar\/euromillions\/\">EuroMillions<\/a> se llevan a cabo todos los martes y viernes en Par\u00eds.<\/p>\n<h2>Consigue tu boleto para EuroMillions<\/h2>\n<p><img loading=\"lazy\" decoding=\"async\" class=\"tama\u00f1o completo wp-image alignright\" src=\"https:\/\/content.redfoxlotto.com\/uploads\/sites\/9\/1_buy_euromillions_online.jpg\" alt=\"premio mayor de euromillones\" width=\"311\" height=\"207\" \/><br \/>\n\u00bfEst\u00e1s listo para empezar a <strong>comprar boletos para EuroMillions en l\u00ednea desde Argentina?<\/strong> Si es as\u00ed, querr\u00e1s saber algunas cosas sobre el juego antes de entrar, \u00bfverdad? Quieren asegurarse de que est\u00e9s preparado y que sepas todo lo que puedas sobre el juego. Lo primero que debe saber es cu\u00e1ndo se realizar\u00e1n los sorteos, porque quiere estar seguro de que recibir\u00e1 su billete de loter\u00eda antes del pr\u00f3ximo sorteo. Los sorteos de EuroMillions tienen lugar cada martes y viernes en Par\u00eds.<\/p>\n<p>Hablaremos de los n\u00fameros que puedes elegir y de c\u00f3mo conseguir\u00e1s el billete que quieres en un minuto. Primero veamos m\u00e1s de cerca el premio gordo que podr\u00edas ganar. Despu\u00e9s de todo, esta es una de las razones por las que usted, como residente en Argentina, est\u00e1 interesado en los EuroMillones.<\/p>\n<h2>El premio gordo de EuroMillions &#8211; tambi\u00e9n desde Argentina<\/h2>\n<p>Como la mayor loter\u00eda de Europa, EuroMillions tiene botes realmente enormes. De hecho, los botes a menudo van bien dentro del rango de los 100 millones+ y los botes m\u00e1s grandes ciertamente estar\u00e1n en el extremo superior de ese rango. El premio mayor de esta loter\u00eda hasta la fecha fue de 190.000.000 euros, que fue ganado por un jugador an\u00f3nimo el 24 de octubre de 2014.<\/p>\n<p>Es raz\u00f3n suficiente para mirar m\u00e1s de cerca esta loter\u00eda y comprarse un billete, \u00bfno? Bueno, te va a encantar la idea de ganar tanto dinero. Puedes ganar una buena suma de dinero aunque no te toque el gran premio gordo. Esto se debe a que la cantidad inicial por s\u00ed sola es un gran premio, y las ganancias que est\u00e1n a medio camino entre el nivel m\u00e1s bajo y el m\u00e1s alto tambi\u00e9n son grandes.<\/p>\n<h2>Las reglas de EuroMillions<\/h2>\n<p>\u00bfEst\u00e1s listo para comprar boletos para EuroMillions en l\u00ednea, pero no est\u00e1s seguro de d\u00f3nde y c\u00f3mo hacerlo? Ahora, repasaremos exactamente lo que tienes que hacer y c\u00f3mo elegir los n\u00fameros que quieres jugar para asegurarnos de que tienes la mejor oportunidad posible de ganar la loter\u00eda.<\/p>\n<h2>Entonces, \u00bfqu\u00e9 tienes que hacer?<\/h2>\n<p>Aqu\u00ed se eligen 5 n\u00fameros principales entre el 1 y el 50 y dos n\u00fameros adicionales, llamados \u00abLucky Stars\u00bb, entre el 1 y el 12. Para ganar en la categor\u00eda de menor premio, s\u00f3lo dos n\u00fameros principales tienen que coincidir. Esto significa que tienes muchas posibilidades de ser un ganador, aunque no ganar\u00e1s mucho dinero si s\u00f3lo adivinas unos pocos n\u00fameros correctamente.<\/p>\n<p>Si varios n\u00fameros coinciden y sobre todo si coinciden con los n\u00fameros de las \u00abEstrellas de la Suerte\u00bb, tendr\u00e1s un mayor beneficio. Ese ser\u00e1 definitivamente un buen precio.<\/p>\n<h2>Elija su boleto<\/h2>\n<p><img loading=\"lazy\" decoding=\"async\" class=\" wp-image alignright\" src=\"https:\/\/content.redfoxlotto.com\/uploads\/sites\/9\/1_buy_lottery_ticket.jpg\" alt=\"comprar boletos en l\u00ednea\" width=\"316\" height=\"108\" \/>\u00bfEst\u00e1s listo para elegir un boleto de loter\u00eda? Definitivamente querr\u00e1 familiarizarse con nuestro procedimiento, porque se lo haremos muy f\u00e1cil. Sabemos que no tienes mucho tiempo, y quieres asegurarte de que aprovechas al m\u00e1ximo ese tiempo. Pero a\u00fan as\u00ed quieres divertirte jugando al juego de EuroMillions, y eso significa comprar boletos para EuroMillions en l\u00ednea.<\/p>\n<p>El primer paso de nuestro proceso es que decidas a qu\u00e9 loter\u00eda quieres jugar. Si ya ha elegido EuroMillones, entonces est\u00e1 listo. Pero si no est\u00e1s seguro, deber\u00edas visitar nuestra p\u00e1gina web donde te mostramos los mejores botes. All\u00ed y en la p\u00e1gina \u00abTodas las loter\u00edas\u00bb encontrar\u00e1 las loter\u00edas para las que ofrecemos billetes.<\/p>\n<p>Una vez que haya elegido la loter\u00eda que desea, vaya a la p\u00e1gina de la loter\u00eda y empiece a seleccionar los n\u00fameros de su boleto. Puedes elegir absolutamente cualquier n\u00famero si quieres, para obtener un boleto individual que coincida con lo que m\u00e1s te guste.<\/p>\n<p>Tambi\u00e9n puedes elegir jugar a los n\u00fameros que se seleccionan al azar para ti. Esto hace que sea muy f\u00e1cil para ti conseguir un boleto de loter\u00eda sin tener que pasar mucho tiempo en \u00e9l. Y tambi\u00e9n puedes decidir cu\u00e1ntos boletos quieres comprar para tener todo lo que necesitas para posiblemente ganar un gran premio gordo.<\/p>\n<h2>El proceso de compra de EuroMillions<\/h2>\n<p>Una vez que haya elegido sus boletos y escogido los n\u00fameros, lo \u00faltimo que necesita hacer es crear una cuenta con nosotros. Le guiaremos a trav\u00e9s del proceso de creaci\u00f3n de esta cuenta para que pueda estar seguro de que recibir\u00e1 los boletos que desee en el momento en que los quiera. Incluso puedes establecer el m\u00e9todo de pago que quieras usar aqu\u00ed mismo. No olvides verificar tu cuenta, te enviaremos un correo electr\u00f3nico con un enlace de activaci\u00f3n.<\/p>\n<p>Una vez que tengas todo listo, todo lo que tienes que hacer es a\u00f1adir los boletos deseados a tu carrito de compras y entonces podr\u00e1s comprar todos los boletos a la vez. Incluso si vives en Argentina, puedes a\u00f1adir a tu carrito de la compra boletos de <a href=\"https:\/\/redfoxlotto.com\/es\/loterias\/\">otras loter\u00edas internacionales<\/a>, y luego puedes pagarlos todos juntos.<\/p>\n<p>De la misma manera, primero puede crear su cuenta con nosotros, y luego depositar cualquier cantidad de dinero. Despu\u00e9s puedes pagar los boletos con tu saldo de cr\u00e9dito.<\/p>\n<p>Una vez que haya completado la compra de los boletos, todo est\u00e1 listo y puede esperar y ver lo que pasa con sus boletos. Los boletos que ha comprado aparecer\u00e1n inmediatamente en su cuenta. Poco despu\u00e9s ver\u00e1 una copia escaneada de su lote en su cuenta. Despu\u00e9s de sortear los <a href=\"https:\/\/redfoxlotto.com\/es\/resultados\/\">n\u00fameros ganadores de la loter\u00eda<\/a>, puedes volver a entrar y ver si has ganado.<\/p>\n<p>Tambi\u00e9n le enviaremos un correo electr\u00f3nico cuando gane, y podr\u00e1 comprobar su cuenta para ver cu\u00e1les de sus n\u00fameros coinciden con los n\u00fameros sorteados. Y esto har\u00e1 que sea m\u00e1s f\u00e1cil para ti saber sobre y c\u00f3mo has ganado.<\/p>\n<h2>Euromillones y el Millionaire Maker del Reino Unido<\/h2>\n<p>Los jugadores pagan un poco m\u00e1s porque los boletos de EuroMillones se compran en el Reino Unido. Esto se debe al hecho de que los boletos del Reino Unido vienen con una participaci\u00f3n autom\u00e1tica en el sorteo del Millionaire Maker, que proporciona una oportunidad extra de ganar una recompensa de 1 mill\u00f3n de libras esterlinas.<\/p>\n<p>El Millionaire Maker funciona generando un c\u00f3digo \u00fanico para cada boleto comprado. Este c\u00f3digo consta de cuatro letras seguidas de cinco n\u00fameros (por ejemplo, ABCD12345). En cada sorteo, se seleccionan al azar uno o m\u00e1s de estos c\u00f3digos, y el poseedor del boleto con el c\u00f3digo coincidente gana instant\u00e1neamente 1 mill\u00f3n de libras esterlinas, independientemente de los n\u00fameros principales de Euromillones que salgan sorteados.<\/p>\n<p>Esta caracter\u00edstica hace que jugar a Euromillones en el Reino Unido resulte especialmente atractivo, ya que ofrece una oportunidad adicional de ganar un premio importante m\u00e1s all\u00e1 del bote est\u00e1ndar y las recompensas de menor cuant\u00eda.<\/p>\n","protected":false},"excerpt":{"rendered":"<p>EuroMillions es la loter\u00eda m\u00e1s grande de Europa. Lanzada en el 2004, los boletos se pueden comprar en nueve pa\u00edses europeos \u2013 o puede comprar sus boletos en l\u00ednea aqu\u00ed.<\/p>\n","protected":false},"author":1,"featured_media":0,"parent":219,"menu_order":3,"comment_status":"closed","ping_status":"closed","template":"euromillions-info.php","meta":{"_et_pb_use_builder":"","_et_pb_old_content":"","_et_gb_content_width":"","exclude_from_search":false,"footnotes":""},"class_list":["post-221","page","type-page","status-publish","hentry"],"yoast_head":"<!-- This site is optimized with the Yoast SEO plugin v23.8 - https:\/\/yoast.com\/wordpress\/plugins\/seo\/ -->\n<title>Comprar boletos para Euromillones en linea desde Argentina<\/title>\n<meta name=\"description\" content=\"Averigua c\u00f3mo comprar boletos para Euro Millions online, tambi\u00e9n desde Argentina\" \/>\n<meta name=\"robots\" content=\"index, follow, max-snippet:-1, max-image-preview:large, max-video-preview:-1\" \/>\n<link rel=\"canonical\" href=\"https:\/\/redfoxlotto.com\/es\/loterias\/euromillions\/\" \/>\n<meta property=\"og:locale\" content=\"es_ES\" \/>\n<meta property=\"og:type\" content=\"article\" \/>\n<meta property=\"og:title\" content=\"Comprar boletos para Euromillones en linea desde Argentina\" \/>\n<meta property=\"og:description\" content=\"Averigua c\u00f3mo comprar boletos para Euro Millions online, tambi\u00e9n desde Argentina\" \/>\n<meta property=\"og:url\" content=\"https:\/\/redfoxlotto.com\/es\/loterias\/euromillions\/\" \/>\n<meta property=\"og:site_name\" content=\"Get Tickets for the World\u2019s largest jackpots\" \/>\n<meta property=\"article:modified_time\" content=\"2025-12-18T14:59:44+00:00\" \/>\n<meta property=\"og:image\" content=\"https:\/\/content.redfoxlotto.com\/uploads\/sites\/9\/1_buy_euromillions_online.jpg\" \/>\n<meta name=\"twitter:card\" content=\"summary_large_image\" \/>\n<meta name=\"twitter:label1\" content=\"Tiempo de lectura\" \/>\n\t<meta name=\"twitter:data1\" content=\"6 minutos\" \/>\n<script type=\"application\/ld+json\" class=\"yoast-schema-graph\">{\"@context\":\"https:\/\/schema.org\",\"@graph\":[{\"@type\":\"WebPage\",\"@id\":\"https:\/\/redfoxlotto.com\/es\/loterias\/euromillions\/\",\"url\":\"https:\/\/redfoxlotto.com\/es\/loterias\/euromillions\/\",\"name\":\"Comprar boletos para Euromillones en linea desde Argentina\",\"isPartOf\":{\"@id\":\"https:\/\/redfoxlotto.com\/es\/#website\"},\"primaryImageOfPage\":{\"@id\":\"https:\/\/redfoxlotto.com\/es\/loterias\/euromillions\/#primaryimage\"},\"image\":{\"@id\":\"https:\/\/redfoxlotto.com\/es\/loterias\/euromillions\/#primaryimage\"},\"thumbnailUrl\":\"https:\/\/content.redfoxlotto.com\/uploads\/sites\/9\/1_buy_euromillions_online.jpg\",\"datePublished\":\"2018-11-18T08:54:25+00:00\",\"dateModified\":\"2025-12-18T14:59:44+00:00\",\"description\":\"Averigua c\u00f3mo comprar boletos para Euro Millions online, tambi\u00e9n desde Argentina\",\"breadcrumb\":{\"@id\":\"https:\/\/redfoxlotto.com\/es\/loterias\/euromillions\/#breadcrumb\"},\"inLanguage\":\"es\",\"potentialAction\":[{\"@type\":\"ReadAction\",\"target\":[\"https:\/\/redfoxlotto.com\/es\/loterias\/euromillions\/\"]}]},{\"@type\":\"ImageObject\",\"inLanguage\":\"es\",\"@id\":\"https:\/\/redfoxlotto.com\/es\/loterias\/euromillions\/#primaryimage\",\"url\":\"https:\/\/content.redfoxlotto.com\/uploads\/sites\/9\/1_buy_euromillions_online.jpg\",\"contentUrl\":\"https:\/\/content.redfoxlotto.com\/uploads\/sites\/9\/1_buy_euromillions_online.jpg\"},{\"@type\":\"BreadcrumbList\",\"@id\":\"https:\/\/redfoxlotto.com\/es\/loterias\/euromillions\/#breadcrumb\",\"itemListElement\":[{\"@type\":\"ListItem\",\"position\":1,\"name\":\"Home\",\"item\":\"https:\/\/redfoxlotto.com\/es\/\"},{\"@type\":\"ListItem\",\"position\":2,\"name\":\"Loter\u00edas mundiales\",\"item\":\"https:\/\/redfoxlotto.com\/es\/loterias\/\"},{\"@type\":\"ListItem\",\"position\":3,\"name\":\"Sobre EuroMillions\"}]},{\"@type\":\"WebSite\",\"@id\":\"https:\/\/redfoxlotto.com\/es\/#website\",\"url\":\"https:\/\/redfoxlotto.com\/es\/\",\"name\":\"Get Tickets for the World\u2019s largest jackpots\",\"description\":\"Participate in worldwide lottery jackpots from any country\",\"publisher\":{\"@id\":\"https:\/\/redfoxlotto.com\/es\/#organization\"},\"potentialAction\":[{\"@type\":\"SearchAction\",\"target\":{\"@type\":\"EntryPoint\",\"urlTemplate\":\"https:\/\/redfoxlotto.com\/es\/?s={search_term_string}\"},\"query-input\":{\"@type\":\"PropertyValueSpecification\",\"valueRequired\":true,\"valueName\":\"search_term_string\"}}],\"inLanguage\":\"es\"},{\"@type\":\"Organization\",\"@id\":\"https:\/\/redfoxlotto.com\/es\/#organization\",\"name\":\"Get Tickets for the World\u2019s largest jackpots\",\"url\":\"https:\/\/redfoxlotto.com\/es\/\",\"logo\":{\"@type\":\"ImageObject\",\"inLanguage\":\"es\",\"@id\":\"https:\/\/redfoxlotto.com\/es\/#\/schema\/logo\/image\/\",\"url\":\"https:\/\/redfoxlotto.com\/wp-content\/uploads\/2023\/04\/logo.png\",\"contentUrl\":\"https:\/\/redfoxlotto.com\/wp-content\/uploads\/2023\/04\/logo.png\",\"width\":269,\"height\":53,\"caption\":\"Get Tickets for the World\u2019s largest jackpots\"},\"image\":{\"@id\":\"https:\/\/redfoxlotto.com\/es\/#\/schema\/logo\/image\/\"}}]}<\/script>\n<!-- \/ Yoast SEO plugin. -->","yoast_head_json":{"title":"Comprar boletos para Euromillones en linea desde Argentina","description":"Averigua c\u00f3mo comprar boletos para Euro Millions online, tambi\u00e9n desde Argentina","robots":{"index":"index","follow":"follow","max-snippet":"max-snippet:-1","max-image-preview":"max-image-preview:large","max-video-preview":"max-video-preview:-1"},"canonical":"https:\/\/redfoxlotto.com\/es\/loterias\/euromillions\/","og_locale":"es_ES","og_type":"article","og_title":"Comprar boletos para Euromillones en linea desde Argentina","og_description":"Averigua c\u00f3mo comprar boletos para Euro Millions online, tambi\u00e9n desde Argentina","og_url":"https:\/\/redfoxlotto.com\/es\/loterias\/euromillions\/","og_site_name":"Get Tickets for the World\u2019s largest jackpots","article_modified_time":"2025-12-18T14:59:44+00:00","og_image":[{"url":"https:\/\/content.redfoxlotto.com\/uploads\/sites\/9\/1_buy_euromillions_online.jpg"}],"twitter_card":"summary_large_image","twitter_misc":{"Tiempo de lectura":"6 minutos"},"schema":{"@context":"https:\/\/schema.org","@graph":[{"@type":"WebPage","@id":"https:\/\/redfoxlotto.com\/es\/loterias\/euromillions\/","url":"https:\/\/redfoxlotto.com\/es\/loterias\/euromillions\/","name":"Comprar boletos para Euromillones en linea desde Argentina","isPartOf":{"@id":"https:\/\/redfoxlotto.com\/es\/#website"},"primaryImageOfPage":{"@id":"https:\/\/redfoxlotto.com\/es\/loterias\/euromillions\/#primaryimage"},"image":{"@id":"https:\/\/redfoxlotto.com\/es\/loterias\/euromillions\/#primaryimage"},"thumbnailUrl":"https:\/\/content.redfoxlotto.com\/uploads\/sites\/9\/1_buy_euromillions_online.jpg","datePublished":"2018-11-18T08:54:25+00:00","dateModified":"2025-12-18T14:59:44+00:00","description":"Averigua c\u00f3mo comprar boletos para Euro Millions online, tambi\u00e9n desde Argentina","breadcrumb":{"@id":"https:\/\/redfoxlotto.com\/es\/loterias\/euromillions\/#breadcrumb"},"inLanguage":"es","potentialAction":[{"@type":"ReadAction","target":["https:\/\/redfoxlotto.com\/es\/loterias\/euromillions\/"]}]},{"@type":"ImageObject","inLanguage":"es","@id":"https:\/\/redfoxlotto.com\/es\/loterias\/euromillions\/#primaryimage","url":"https:\/\/content.redfoxlotto.com\/uploads\/sites\/9\/1_buy_euromillions_online.jpg","contentUrl":"https:\/\/content.redfoxlotto.com\/uploads\/sites\/9\/1_buy_euromillions_online.jpg"},{"@type":"BreadcrumbList","@id":"https:\/\/redfoxlotto.com\/es\/loterias\/euromillions\/#breadcrumb","itemListElement":[{"@type":"ListItem","position":1,"name":"Home","item":"https:\/\/redfoxlotto.com\/es\/"},{"@type":"ListItem","position":2,"name":"Loter\u00edas mundiales","item":"https:\/\/redfoxlotto.com\/es\/loterias\/"},{"@type":"ListItem","position":3,"name":"Sobre EuroMillions"}]},{"@type":"WebSite","@id":"https:\/\/redfoxlotto.com\/es\/#website","url":"https:\/\/redfoxlotto.com\/es\/","name":"Get Tickets for the World\u2019s largest jackpots","description":"Participate in worldwide lottery jackpots from any country","publisher":{"@id":"https:\/\/redfoxlotto.com\/es\/#organization"},"potentialAction":[{"@type":"SearchAction","target":{"@type":"EntryPoint","urlTemplate":"https:\/\/redfoxlotto.com\/es\/?s={search_term_string}"},"query-input":{"@type":"PropertyValueSpecification","valueRequired":true,"valueName":"search_term_string"}}],"inLanguage":"es"},{"@type":"Organization","@id":"https:\/\/redfoxlotto.com\/es\/#organization","name":"Get Tickets for the World\u2019s largest jackpots","url":"https:\/\/redfoxlotto.com\/es\/","logo":{"@type":"ImageObject","inLanguage":"es","@id":"https:\/\/redfoxlotto.com\/es\/#\/schema\/logo\/image\/","url":"https:\/\/redfoxlotto.com\/wp-content\/uploads\/2023\/04\/logo.png","contentUrl":"https:\/\/redfoxlotto.com\/wp-content\/uploads\/2023\/04\/logo.png","width":269,"height":53,"caption":"Get Tickets for the World\u2019s largest jackpots"},"image":{"@id":"https:\/\/redfoxlotto.com\/es\/#\/schema\/logo\/image\/"}}]}},"_links":{"self":[{"href":"https:\/\/redfoxlotto.com\/es\/wp-json\/wp\/v2\/pages\/221","targetHints":{"allow":["GET"]}}],"collection":[{"href":"https:\/\/redfoxlotto.com\/es\/wp-json\/wp\/v2\/pages"}],"about":[{"href":"https:\/\/redfoxlotto.com\/es\/wp-json\/wp\/v2\/types\/page"}],"author":[{"embeddable":true,"href":"https:\/\/redfoxlotto.com\/es\/wp-json\/wp\/v2\/users\/1"}],"replies":[{"embeddable":true,"href":"https:\/\/redfoxlotto.com\/es\/wp-json\/wp\/v2\/comments?post=221"}],"version-history":[{"count":0,"href":"https:\/\/redfoxlotto.com\/es\/wp-json\/wp\/v2\/pages\/221\/revisions"}],"up":[{"embeddable":true,"href":"https:\/\/redfoxlotto.com\/es\/wp-json\/wp\/v2\/pages\/219"}],"wp:attachment":[{"href":"https:\/\/redfoxlotto.com\/es\/wp-json\/wp\/v2\/media?parent=221"}],"curies":[{"name":"wp","href":"https:\/\/api.w.org\/{rel}","templated":true}]}}