{"id":220,"date":"2018-11-18T08:54:25","date_gmt":"2018-11-18T08:54:25","guid":{"rendered":"https:\/\/redfoxlotto.com\/?page_id=2168"},"modified":"2025-12-18T14:11:27","modified_gmt":"2025-12-18T14:11:27","slug":"eurojackpot","status":"publish","type":"page","link":"https:\/\/redfoxlotto.com\/es\/loterias\/eurojackpot\/","title":{"rendered":"Sobre Eurojackpot"},"content":{"rendered":"<p><script type=\"application\/ld+json\">\n{\n  \"@context\": \"https:\/\/schema.org\",\n  \"@type\": \"Service\",\n  \"name\": \"Juega Eurojackpot Online\",\n  \"url\": \"https:\/\/redfoxlotto.com\/es\/lotteries\/eurojackpot\/\",\n  \"description\": \"Compra boletos oficiales de Eurojackpot en l\u00ednea desde cualquier pa\u00eds. Visita RedFoxLotto, elige tus n\u00fameros y participa en el pr\u00f3ximo sorteo.\",\n  \"serviceType\": \"Servicio de intermediaci\u00f3n de boletos de loter\u00eda en l\u00ednea\",<\/p>\n<p>  \"provider\": {\n    \"@type\": \"Organization\",\n    \"name\": \"RedFoxLotto\",\n    \"url\": \"https:\/\/redfoxlotto.com\/es\",\n    \"image\": \"https:\/\/redfoxlotto.com\/es\/wp-content\/uploads\/2025\/12\/ticket_scans.jpg\",\n    \"sameAs\": []\n  },<\/p>\n<p>  \"areaServed\": \"Worldwide\",\n  \"termsOfService\": \"https:\/\/redfoxlotto.com\/terms-and-conditions\",<\/p>\n<p>  \"additionalProperty\": {\n    \"@type\": \"PropertyValue\",\n    \"name\": \"FAQ\",\n    \"value\": \"https:\/\/redfoxlotto.com\/es\/faq\/\"\n  },<\/p>\n<p>  \"hasOfferCatalog\": {\n    \"@type\": \"OfferCatalog\",\n    \"name\": \"Boletos Eurojackpot\",\n    \"itemListElement\": [\n      {\n        \"@type\": \"Offer\",\n        \"name\": \"Boletos Eurojackpot\",\n        \"url\": \"https:\/\/redfoxlotto.com\/es\/lotteries\/eurojackpot\",\n        \"description\": \"Compra boletos reales en l\u00ednea para el pr\u00f3ximo sorteo de Eurojackpot a trav\u00e9s de RedFoxLotto.\",\n        \"price\": \"6.00\",\n        \"priceCurrency\": \"\u20ac\",\n        \"availability\": \"https:\/\/schema.org\/InStock\",<\/p>\n<p>        \"itemOffered\": {\n          \"@type\": \"Service\",\n          \"name\": \"Boletos de loter\u00eda Eurojackpot\",\n          \"description\": \"Participa en el pr\u00f3ximo sorteo de Eurojackpot \u2013 compra boletos en l\u00ednea a trav\u00e9s de RedFoxLotto.\"\n        }\n      }\n    ]\n  },<\/p>\n<p>  \"mainEntityOfPage\": {\n    \"@type\": \"WebPage\",\n    \"@id\": \"https:\/\/redfoxlotto.com\/es\/lotteries\/eurojackpot\/\"\n  }\n}\n<\/script><\/p>\n<p>El Eurojackpot existe desde 2012 y desde entonces no ha hecho m\u00e1s que crecer en popularidad. Una de las razones de esto es que empieza con un premio gordo bastante alto, y la mayor\u00eda de las veces se puede ganar una cantidad de dinero mucho mayor (pero hablaremos m\u00e1s sobre esto m\u00e1s tarde).<\/p>\n<p><!--more--><\/p>\n<p>Se pueden comprar boletos en 17 pa\u00edses europeos participantes, lo que lo hace realmente genial para los pa\u00edses que ya est\u00e1n en la regi\u00f3n.<\/p>\n<p>\u00bfPero qu\u00e9 hay de toda esa gente, como <strong>los que viven en Argentina<\/strong>, que no pueden entrar en una tienda para comprar boletos para el Eurojackpot? Comprar en l\u00ednea es la forma correcta. Puede comprarnos sus billetes si no vive en uno de estos pa\u00edses europeos.<\/p>\n<h2>El premio gordo<\/h2>\n<p><img decoding=\"async\" class=\"size-full wp-image alignright\" src=\"https:\/\/content.redfoxlotto.com\/uploads\/sites\/9\/1_ticket_eurojackpot2.jpg\" alt=\"eurojackpot\" \/><\/p>\n<p>La <a href=\"https:\/\/redfoxlotto.com\/es\/jugar\/eurojackpot\/\">loter\u00eda Eurojackpot<\/a> tiene un premio gordo m\u00ednimo de 10.000.000 de euros. Esto definitivamente ser\u00e1 una gran victoria para ti y marcar\u00e1 una gran diferencia en tu vida, \u00bfno es as\u00ed? Bueno, definitivamente no tendr\u00e1s problemas en usar este dinero para comprar cosas realmente geniales o para pagar deudas o cualquier otra cosa. Pero eso es s\u00f3lo el m\u00ednimo. La cantidad puede ser mucho mayor. De hecho, el pago m\u00e1ximo puede llegar a 120.000.000 de euros. Esto es entonces realmente una enorme cantidad de dinero con la que puedes realizar tus sue\u00f1os. Por supuesto, tambi\u00e9n puede suceder que el premio gordo se detenga en 90 millones de euros porque nadie ha ganado el premio gordo. En este caso, todas las cantidades que excedan de esta cantidad se transferir\u00e1n a la segunda categor\u00eda de precios.<\/p>\n<p>Esto significa que adem\u00e1s del enorme premio gordo, tendr\u00e1s la oportunidad de ganar una gran cantidad de dinero en la categor\u00eda de segundo premio. Ver\u00e1s que la segunda cantidad m\u00e1s alta es cada vez m\u00e1s alta. Esto significa que usted podr\u00eda ganar un enorme premio de 5 millones de euros si menos n\u00fameros coinciden con su billete de loter\u00eda, porque este segundo premio m\u00e1s alto se convierte en un gran bono y una segunda oportunidad de ganar.<\/p>\n<h2>Las reglas del Eurojackpot<\/h2>\n<p>Por supuesto que quieres asegurarte de que juegas el juego correctamente y que tu boleto est\u00e1 seleccionado de la manera correcta. Bueno, tienes suerte, porque estos boletos son super f\u00e1ciles de elegir y no tendr\u00e1s problemas para elegir exactamente lo que quieres.<\/p>\n<p><img loading=\"lazy\" decoding=\"async\" class=\" wp-image alignright\" src=\"https:\/\/content.redfoxlotto.com\/uploads\/sites\/9\/1_eurojackpot_buy_ticket.jpg\" alt=\"comprar boleto eurojackpot\" width=\"279\" height=\"185\" \/><\/p>\n<p>Eliges 5 n\u00fameros principales entre el 1 y el 50 y luego dos n\u00fameros adicionales entre el 1 y el 12, as\u00ed que con los 5 n\u00fameros principales sigues obteniendo un premio aunque no hayas escrito correctamente los n\u00fameros adicionales o los n\u00fameros estrella. Hay 12 niveles ganadores.<\/p>\n<p>Esto significa que hay un n\u00famero de diferentes combinaciones de n\u00fameros coincidentes que puedes tener, y cada una de ellas te har\u00e1 ganar un cierto precio. Puede que s\u00f3lo gane lo suficiente para cubrir el costo de su boleto, pero a\u00fan puede ganar millones sin haber escrito todo bien.<\/p>\n<p>Para ganar el premio principal, por supuesto debes tener los 5 n\u00fameros principales y los 2 adicionales correctos. Esto ser\u00e1 dif\u00edcil y ser\u00e1 algo muy raro, pero definitivamente es posible. Despu\u00e9s de todo, alguien tiene que ganar en alg\u00fan momento, \u00bfverdad? \u00bfPor qu\u00e9 no puede ser ese alguien de Argentina, por qu\u00e9 no puedes t\u00fa? Creemos que es muy posible, y todo lo que tienes que hacer es echar un vistazo al proceso de selecci\u00f3n de tus boletos y luego hacer la compra.<\/p>\n<h2>Compre su billete de Eurojackpot en Argentina<\/h2>\n<p>Cuando est\u00e9 listo para comprar boletos para el Eurojackpot en l\u00ednea, puede echar un vistazo a nuestro sistema y sitio web. Entonces, \u00bfqu\u00e9 har\u00e1s ahora? Definitivamente deber\u00edas echar un vistazo a las diferentes loter\u00edas que ofrecemos.<\/p>\n<p>Ofrecemos las mejores y m\u00e1s populares loter\u00edas que te ofrecen los mayores botes. Pero el Eurojackpot es ciertamente una de las loter\u00edas m\u00e1s atractivas. Por supuesto, tambi\u00e9n puedes comprar billetes para la loter\u00eda, que tiene un premio gordo particularmente gratificante en este momento.<\/p>\n<p>Si no sabes qu\u00e9 n\u00fameros quieres probar, puedes hacer que te rellenen parcial o totalmente un boleto por ordenador &#8211; con nuestra funci\u00f3n de selecci\u00f3n r\u00e1pida \u00abQuick Pick\u00bb.<\/p>\n<p>Con una r\u00e1pida selecci\u00f3n, recibir\u00e1 una asignaci\u00f3n aleatoria de n\u00fameros que cumplan los requisitos. As\u00ed que puedes conseguir un boleto en segundos, pero no tienes que preocuparte por nada m\u00e1s. Si quieres elegir algunas opciones por ti mismo, pero no quieres teclear todos los n\u00fameros por ti mismo, tambi\u00e9n puedes elegir una combinaci\u00f3n de ambos, lo que definitivamente te facilitar\u00e1 la compra de un billete de loter\u00eda.<\/p>\n<h2>Crea tu cuenta<\/h2>\n<p>Tan pronto como haya escrito todos los n\u00fameros, lo \u00fanico que falta es el registro de su cuenta de cliente con nosotros. Esto es s\u00faper simple &#8211; s\u00f3lo tienes que rellenar un m\u00ednimo de informaci\u00f3n personal. Es por su seguridad, especialmente en el caso de que obtenga un beneficio.<\/p>\n<p>Cuando est\u00e9 listo para crear m\u00e1s boletos, simplemente vuelva a ingresar a su cuenta y podr\u00e1 llenar cualquier boleto que desee. Si quieres una selecci\u00f3n r\u00e1pida, es a\u00fan m\u00e1s f\u00e1cil, e incluso puedes configurar tus boletos para que sean v\u00e1lidos para varios sorteos. Esto significa que no tiene que preocuparse por comprar boletos adicionales para el pr\u00f3ximo sorteo. Todo lo que tienes que hacer es mantener el mismo boleto y estar\u00e1s listo para irte.<\/p>\n<p>\u00a1Y tambi\u00e9n hay un peque\u00f1o descuento si compras un boleto para varios sorteos!<\/p>\n","protected":false},"excerpt":{"rendered":"<p>El Eurojackpot existe desde 2012 y desde entonces no ha hecho m\u00e1s que crecer en popularidad. Una de las razones de esto es que empieza con un premio gordo bastante alto, y la mayor\u00eda de las veces se puede ganar una cantidad de dinero mucho mayor (pero hablaremos m\u00e1s sobre esto m\u00e1s tarde).<\/p>\n","protected":false},"author":1,"featured_media":0,"parent":219,"menu_order":4,"comment_status":"closed","ping_status":"closed","template":"eurojackpot-info.php","meta":{"_et_pb_use_builder":"","_et_pb_old_content":"","_et_gb_content_width":"","exclude_from_search":false,"footnotes":""},"class_list":["post-220","page","type-page","status-publish","hentry"],"yoast_head":"<!-- This site is optimized with the Yoast SEO plugin v23.8 - https:\/\/yoast.com\/wordpress\/plugins\/seo\/ -->\n<title>Comprar boletos para el Eurojackpot desde Argentina<\/title>\n<meta name=\"description\" content=\"Compre billetes de Eurojackpot online si vive en Argentina. Utilice nuestro servicio para conseguir su oportunidad de ganar, con un billete oficial de Eurojackpot.\" \/>\n<meta name=\"robots\" content=\"index, follow, max-snippet:-1, max-image-preview:large, max-video-preview:-1\" \/>\n<link rel=\"canonical\" href=\"https:\/\/redfoxlotto.com\/es\/loterias\/eurojackpot\/\" \/>\n<meta property=\"og:locale\" content=\"es_ES\" \/>\n<meta property=\"og:type\" content=\"article\" \/>\n<meta property=\"og:title\" content=\"Comprar boletos para el Eurojackpot desde Argentina\" \/>\n<meta property=\"og:description\" content=\"Compre billetes de Eurojackpot online si vive en Argentina. Utilice nuestro servicio para conseguir su oportunidad de ganar, con un billete oficial de Eurojackpot.\" \/>\n<meta property=\"og:url\" content=\"https:\/\/redfoxlotto.com\/es\/loterias\/eurojackpot\/\" \/>\n<meta property=\"og:site_name\" content=\"Get Tickets for the World\u2019s largest jackpots\" \/>\n<meta property=\"article:modified_time\" content=\"2025-12-18T14:11:27+00:00\" \/>\n<meta property=\"og:image\" content=\"https:\/\/content.redfoxlotto.com\/uploads\/sites\/9\/1_ticket_eurojackpot2.jpg\" \/>\n<meta name=\"twitter:card\" content=\"summary_large_image\" \/>\n<meta name=\"twitter:label1\" content=\"Tiempo de lectura\" \/>\n\t<meta name=\"twitter:data1\" content=\"5 minutos\" \/>\n<script type=\"application\/ld+json\" class=\"yoast-schema-graph\">{\"@context\":\"https:\/\/schema.org\",\"@graph\":[{\"@type\":\"WebPage\",\"@id\":\"https:\/\/redfoxlotto.com\/es\/loterias\/eurojackpot\/\",\"url\":\"https:\/\/redfoxlotto.com\/es\/loterias\/eurojackpot\/\",\"name\":\"Comprar boletos para el Eurojackpot desde Argentina\",\"isPartOf\":{\"@id\":\"https:\/\/redfoxlotto.com\/es\/#website\"},\"primaryImageOfPage\":{\"@id\":\"https:\/\/redfoxlotto.com\/es\/loterias\/eurojackpot\/#primaryimage\"},\"image\":{\"@id\":\"https:\/\/redfoxlotto.com\/es\/loterias\/eurojackpot\/#primaryimage\"},\"thumbnailUrl\":\"https:\/\/content.redfoxlotto.com\/uploads\/sites\/9\/1_ticket_eurojackpot2.jpg\",\"datePublished\":\"2018-11-18T08:54:25+00:00\",\"dateModified\":\"2025-12-18T14:11:27+00:00\",\"description\":\"Compre billetes de Eurojackpot online si vive en Argentina. Utilice nuestro servicio para conseguir su oportunidad de ganar, con un billete oficial de Eurojackpot.\",\"breadcrumb\":{\"@id\":\"https:\/\/redfoxlotto.com\/es\/loterias\/eurojackpot\/#breadcrumb\"},\"inLanguage\":\"es\",\"potentialAction\":[{\"@type\":\"ReadAction\",\"target\":[\"https:\/\/redfoxlotto.com\/es\/loterias\/eurojackpot\/\"]}]},{\"@type\":\"ImageObject\",\"inLanguage\":\"es\",\"@id\":\"https:\/\/redfoxlotto.com\/es\/loterias\/eurojackpot\/#primaryimage\",\"url\":\"https:\/\/content.redfoxlotto.com\/uploads\/sites\/9\/1_ticket_eurojackpot2.jpg\",\"contentUrl\":\"https:\/\/content.redfoxlotto.com\/uploads\/sites\/9\/1_ticket_eurojackpot2.jpg\"},{\"@type\":\"BreadcrumbList\",\"@id\":\"https:\/\/redfoxlotto.com\/es\/loterias\/eurojackpot\/#breadcrumb\",\"itemListElement\":[{\"@type\":\"ListItem\",\"position\":1,\"name\":\"Home\",\"item\":\"https:\/\/redfoxlotto.com\/es\/\"},{\"@type\":\"ListItem\",\"position\":2,\"name\":\"Loter\u00edas mundiales\",\"item\":\"https:\/\/redfoxlotto.com\/es\/loterias\/\"},{\"@type\":\"ListItem\",\"position\":3,\"name\":\"Sobre Eurojackpot\"}]},{\"@type\":\"WebSite\",\"@id\":\"https:\/\/redfoxlotto.com\/es\/#website\",\"url\":\"https:\/\/redfoxlotto.com\/es\/\",\"name\":\"Get Tickets for the World\u2019s largest jackpots\",\"description\":\"Participate in worldwide lottery jackpots from any country\",\"publisher\":{\"@id\":\"https:\/\/redfoxlotto.com\/es\/#organization\"},\"potentialAction\":[{\"@type\":\"SearchAction\",\"target\":{\"@type\":\"EntryPoint\",\"urlTemplate\":\"https:\/\/redfoxlotto.com\/es\/?s={search_term_string}\"},\"query-input\":{\"@type\":\"PropertyValueSpecification\",\"valueRequired\":true,\"valueName\":\"search_term_string\"}}],\"inLanguage\":\"es\"},{\"@type\":\"Organization\",\"@id\":\"https:\/\/redfoxlotto.com\/es\/#organization\",\"name\":\"Get Tickets for the World\u2019s largest jackpots\",\"url\":\"https:\/\/redfoxlotto.com\/es\/\",\"logo\":{\"@type\":\"ImageObject\",\"inLanguage\":\"es\",\"@id\":\"https:\/\/redfoxlotto.com\/es\/#\/schema\/logo\/image\/\",\"url\":\"https:\/\/redfoxlotto.com\/wp-content\/uploads\/2023\/04\/logo.png\",\"contentUrl\":\"https:\/\/redfoxlotto.com\/wp-content\/uploads\/2023\/04\/logo.png\",\"width\":269,\"height\":53,\"caption\":\"Get Tickets for the World\u2019s largest jackpots\"},\"image\":{\"@id\":\"https:\/\/redfoxlotto.com\/es\/#\/schema\/logo\/image\/\"}}]}<\/script>\n<!-- \/ Yoast SEO plugin. -->","yoast_head_json":{"title":"Comprar boletos para el Eurojackpot desde Argentina","description":"Compre billetes de Eurojackpot online si vive en Argentina. Utilice nuestro servicio para conseguir su oportunidad de ganar, con un billete oficial de Eurojackpot.","robots":{"index":"index","follow":"follow","max-snippet":"max-snippet:-1","max-image-preview":"max-image-preview:large","max-video-preview":"max-video-preview:-1"},"canonical":"https:\/\/redfoxlotto.com\/es\/loterias\/eurojackpot\/","og_locale":"es_ES","og_type":"article","og_title":"Comprar boletos para el Eurojackpot desde Argentina","og_description":"Compre billetes de Eurojackpot online si vive en Argentina. Utilice nuestro servicio para conseguir su oportunidad de ganar, con un billete oficial de Eurojackpot.","og_url":"https:\/\/redfoxlotto.com\/es\/loterias\/eurojackpot\/","og_site_name":"Get Tickets for the World\u2019s largest jackpots","article_modified_time":"2025-12-18T14:11:27+00:00","og_image":[{"url":"https:\/\/content.redfoxlotto.com\/uploads\/sites\/9\/1_ticket_eurojackpot2.jpg"}],"twitter_card":"summary_large_image","twitter_misc":{"Tiempo de lectura":"5 minutos"},"schema":{"@context":"https:\/\/schema.org","@graph":[{"@type":"WebPage","@id":"https:\/\/redfoxlotto.com\/es\/loterias\/eurojackpot\/","url":"https:\/\/redfoxlotto.com\/es\/loterias\/eurojackpot\/","name":"Comprar boletos para el Eurojackpot desde Argentina","isPartOf":{"@id":"https:\/\/redfoxlotto.com\/es\/#website"},"primaryImageOfPage":{"@id":"https:\/\/redfoxlotto.com\/es\/loterias\/eurojackpot\/#primaryimage"},"image":{"@id":"https:\/\/redfoxlotto.com\/es\/loterias\/eurojackpot\/#primaryimage"},"thumbnailUrl":"https:\/\/content.redfoxlotto.com\/uploads\/sites\/9\/1_ticket_eurojackpot2.jpg","datePublished":"2018-11-18T08:54:25+00:00","dateModified":"2025-12-18T14:11:27+00:00","description":"Compre billetes de Eurojackpot online si vive en Argentina. Utilice nuestro servicio para conseguir su oportunidad de ganar, con un billete oficial de Eurojackpot.","breadcrumb":{"@id":"https:\/\/redfoxlotto.com\/es\/loterias\/eurojackpot\/#breadcrumb"},"inLanguage":"es","potentialAction":[{"@type":"ReadAction","target":["https:\/\/redfoxlotto.com\/es\/loterias\/eurojackpot\/"]}]},{"@type":"ImageObject","inLanguage":"es","@id":"https:\/\/redfoxlotto.com\/es\/loterias\/eurojackpot\/#primaryimage","url":"https:\/\/content.redfoxlotto.com\/uploads\/sites\/9\/1_ticket_eurojackpot2.jpg","contentUrl":"https:\/\/content.redfoxlotto.com\/uploads\/sites\/9\/1_ticket_eurojackpot2.jpg"},{"@type":"BreadcrumbList","@id":"https:\/\/redfoxlotto.com\/es\/loterias\/eurojackpot\/#breadcrumb","itemListElement":[{"@type":"ListItem","position":1,"name":"Home","item":"https:\/\/redfoxlotto.com\/es\/"},{"@type":"ListItem","position":2,"name":"Loter\u00edas mundiales","item":"https:\/\/redfoxlotto.com\/es\/loterias\/"},{"@type":"ListItem","position":3,"name":"Sobre Eurojackpot"}]},{"@type":"WebSite","@id":"https:\/\/redfoxlotto.com\/es\/#website","url":"https:\/\/redfoxlotto.com\/es\/","name":"Get Tickets for the World\u2019s largest jackpots","description":"Participate in worldwide lottery jackpots from any country","publisher":{"@id":"https:\/\/redfoxlotto.com\/es\/#organization"},"potentialAction":[{"@type":"SearchAction","target":{"@type":"EntryPoint","urlTemplate":"https:\/\/redfoxlotto.com\/es\/?s={search_term_string}"},"query-input":{"@type":"PropertyValueSpecification","valueRequired":true,"valueName":"search_term_string"}}],"inLanguage":"es"},{"@type":"Organization","@id":"https:\/\/redfoxlotto.com\/es\/#organization","name":"Get Tickets for the World\u2019s largest jackpots","url":"https:\/\/redfoxlotto.com\/es\/","logo":{"@type":"ImageObject","inLanguage":"es","@id":"https:\/\/redfoxlotto.com\/es\/#\/schema\/logo\/image\/","url":"https:\/\/redfoxlotto.com\/wp-content\/uploads\/2023\/04\/logo.png","contentUrl":"https:\/\/redfoxlotto.com\/wp-content\/uploads\/2023\/04\/logo.png","width":269,"height":53,"caption":"Get Tickets for the World\u2019s largest jackpots"},"image":{"@id":"https:\/\/redfoxlotto.com\/es\/#\/schema\/logo\/image\/"}}]}},"_links":{"self":[{"href":"https:\/\/redfoxlotto.com\/es\/wp-json\/wp\/v2\/pages\/220","targetHints":{"allow":["GET"]}}],"collection":[{"href":"https:\/\/redfoxlotto.com\/es\/wp-json\/wp\/v2\/pages"}],"about":[{"href":"https:\/\/redfoxlotto.com\/es\/wp-json\/wp\/v2\/types\/page"}],"author":[{"embeddable":true,"href":"https:\/\/redfoxlotto.com\/es\/wp-json\/wp\/v2\/users\/1"}],"replies":[{"embeddable":true,"href":"https:\/\/redfoxlotto.com\/es\/wp-json\/wp\/v2\/comments?post=220"}],"version-history":[{"count":0,"href":"https:\/\/redfoxlotto.com\/es\/wp-json\/wp\/v2\/pages\/220\/revisions"}],"up":[{"embeddable":true,"href":"https:\/\/redfoxlotto.com\/es\/wp-json\/wp\/v2\/pages\/219"}],"wp:attachment":[{"href":"https:\/\/redfoxlotto.com\/es\/wp-json\/wp\/v2\/media?parent=220"}],"curies":[{"name":"wp","href":"https:\/\/api.w.org\/{rel}","templated":true}]}}