{"id":219,"date":"2023-04-24T14:12:24","date_gmt":"2023-04-24T14:12:24","guid":{"rendered":"https:\/\/redfoxlotto.com\/?page_id=2166"},"modified":"2025-12-18T10:09:27","modified_gmt":"2025-12-18T10:09:27","slug":"loterias","status":"publish","type":"page","link":"https:\/\/redfoxlotto.com\/es\/loterias\/","title":{"rendered":"Loter\u00edas mundiales"},"content":{"rendered":"<script type=\"application\/ld+json\">\r\n{\r\n  \"@context\": \"https:\/\/schema.org\",\r\n  \"@type\": \"Service\",\r\n  \"name\": \"Comprar boletos de loter\u00eda online\",\r\n  \"url\": \"https:\/\/redfoxlotto.com\/es\/lotteries\/\",\r\n  \"description\": \"Compra boletos de loter\u00eda online \u2013 las mejores loter\u00edas del planeta disponibles aqu\u00ed.\",\r\n  \"serviceType\": \"Servicio online de entrega de boletos de loter\u00eda\",\r\n\r\n  \"provider\": {\r\n    \"@type\": \"Organization\",\r\n    \"name\": \"RedFoxLotto\",\r\n    \"url\": \"https:\/\/redfoxlotto.com\/es\/\",\r\n    \"image\": \"https:\/\/redfoxlotto.com\/wp-content\/uploads\/2025\/12\/ticket_scans.jpg\"\r\n  },\r\n\r\n  \"areaServed\": \"Worldwide\",\r\n  \"termsOfService\": \"https:\/\/redfoxlotto.com\/terms-and-conditions\",\r\n\r\n  \"additionalProperty\": {\r\n    \"@type\": \"PropertyValue\",\r\n    \"name\": \"FAQ\",\r\n    \"value\": \"https:\/\/redfoxlotto.com\/es\/faq\/\"\r\n  },\r\n\r\n  \"hasOfferCatalog\": {\r\n    \"@type\": \"OfferCatalog\",\r\n    \"name\": \"Boletos de loter\u00eda en todo el mundo\",\r\n    \"itemListElement\": [\r\n      {\r\n        \"@type\": \"Offer\",\r\n        \"name\": \"Boletos de loter\u00eda\",\r\n        \"url\": \"https:\/\/redfoxlotto.com\/es\/lotteries\/\",\r\n        \"description\": \"Comprar boletos de loter\u00eda online es seguro y f\u00e1cil \u2013 as\u00ed es como funciona.\",\r\n        \"availability\": \"https:\/\/schema.org\/InStock\",\r\n\r\n        \"itemOffered\": {\r\n          \"@type\": \"Service\",\r\n          \"name\": \"Boletos de loter\u00eda online\",\r\n          \"description\": \"Participa en los mayores botes del mundo \u2013 compra tus boletos online a trav\u00e9s de RedFoxLotto.\"\r\n        }\r\n      }\r\n    ]\r\n  },\r\n\r\n  \"mainEntityOfPage\": {\r\n    \"@type\": \"WebPage\",\r\n    \"@id\": \"https:\/\/redfoxlotto.com\/es\/lotteries\/\"\r\n  }\r\n}\r\n<\/script><p>En nuestro sitio web, puede comprar boletos en l\u00ednea para las loter\u00edas m\u00e1s grandes del mundo. Eso incluye Megamillions y Powerball de los EUA, <a href=\"https:\/\/redfoxlotto.com\/es\/jugar\/euromillions\/\">Euromillions<\/a>, <a href=\"https:\/\/redfoxlotto.com\/es\/jugar\/eurojackpot\/\">Eurojackpot<\/a>, El Gordo y La Primitiva de Espa\u00f1a, SuperEna de Italia, y muchos m\u00e1s.<\/p><!--more--><h2 class=\"wp-block-heading\">As\u00ed es c\u00f3mo funciona comprar boletos en l\u00ednea, en cuatro pasos sencillos:<\/h2><div class=\"wp-block-image\"><figure class=\"alignright\"><img decoding=\"async\" src=\"https:\/\/content.redfoxlotto.com\/uploads\/sites\/9\/1_lottery_ticket.jpg\" alt=\"c\u00f3mo comprar boletos de loter\u00eda en l\u00ednea\" \/><\/figure><\/div><h3 class=\"wp-block-heading\">Paso 1 \u2013 Elegir una loter\u00eda<\/h3><p>En<a href=\"https:\/\/redfoxlotto.com\/es\"> RedFoxLotto.com<\/a>, elige una loter\u00eda de la cual quiera comprar boletos. En nuestra p\u00e1gina de inicio, puede ver las loter\u00edas ordenadas seg\u00fan el monto del premio gordo actual.<\/p><h3 class=\"wp-block-heading\">Paso 2 \u2013 Escoger los n\u00fameros<\/h3><p>Use el mouse para elegir los n\u00fameros que quiera. Tambi\u00e9n puede usar la opci\u00f3n de \u201cSelecci\u00f3n R\u00e1pida\u201d para escoger n\u00fameros al azar. Por supuesto, puede descartar estos por completo. O en parte, as\u00ed como ingresar algunos n\u00fameros propios primero, y despu\u00e9s hacer que se seleccionen los dem\u00e1s al azar.<\/p><p>No tiene que preocuparse por no haber elegido suficientes o haber elegido demasiados. En tal caso, el sistema le alertar\u00e1 y pedir\u00e1 que agregue o remueva n\u00fameros. Entonces puede comprar <a href=\"https:\/\/redfoxlotto.com\/es\/loterias\/\">m\u00e1s boletos para otras loter\u00edas<\/a>, y agregarlas a su orden. Cuando haya terminado con todos los boletos, hace clic en \u201cPagar Ya\u201d.<\/p><h3 class=\"wp-block-heading\">Paso 3 \u2013 Registrarse o Iniciar Sesi\u00f3n<\/h3><p>Ahora tiene que registrar una cuenta de cliente con nosotros. Para esto, necesitamos que nos brinde un poco de informaci\u00f3n. Esto es para su propia seguridad, porque querr\u00e1 ser notificado en caso de ganar. Si ya est\u00e1 registrado con nosotros, solo tiene que iniciar sesi\u00f3n con sus credenciales. Si se ha olvidado de su contrase\u00f1a, puede usar la funci\u00f3n de \u201cOlvid\u00e9 mi Contrase\u00f1a\u201d.<\/p><h3 class=\"wp-block-heading\">Paso 4 \u2013 Pagar<\/h3><div class=\"wp-block-image\"><figure class=\"alignright\"><img decoding=\"async\" src=\"https:\/\/content.redfoxlotto.com\/uploads\/sites\/9\/1_buy_lottery_online.jpg\" alt=\"pagar boleto en l\u00ednea\" \/><\/figure><\/div><p>En su cuenta de cliente, seleccione el m\u00e9todo de pago que prefiera. Las opciones que tiene disponibles pueden variar dependiendo de su pa\u00eds de residencia. Mastercard, Visa, Bitcoin, Neteller, Skrill y Paysafecard son solo algunas de las opciones para su pago.<br>Despu\u00e9s de pagar, recibir\u00e1 un correo electr\u00f3nico confirmando su compra a su direcci\u00f3n registrada.<\/p><h2 class=\"wp-block-heading\">Despu\u00e9s de comprar sus boletos en l\u00ednea<\/h2><p>En cuatro pasos y apenas unos minutos estar\u00e1s listo y esperando el sorteo. Y tampoco tienes que preocuparte por perderte nada porque te avisaremos enseguida si ganas algo del sorteo.<\/p><p>Por supuesto, si quieres comprobarlo por ti mismo siempre puedes ir a tu cuenta cuando quieras y podr\u00e1s ver los boletos que has comprado y para qu\u00e9 juegos.<\/p><p>Si has ganado algo o has acertado alg\u00fan n\u00famero despu\u00e9s de un sorteo, te mostraremos los n\u00fameros acertados y te haremos saber en la p\u00e1gina de tu cuenta si has ganado. Tambi\u00e9n le informaremos de lo que tiene que hacer para reclamar sus ganancias para que no tenga que preocuparse por perder nada.<\/p><p>Jugar a la loter\u00eda con nosotros es as\u00ed de sencillo, y va a ser mucho m\u00e1s divertido que cualquier otra cosa a la que hayas jugado antes porque vas a tener muchas m\u00e1s opciones. Eso definitivamente va a hacer que usted tenga la oportunidad de comprar boletos de loter\u00eda en l\u00ednea.<\/p>","protected":false},"excerpt":{"rendered":"<p>En nuestro sitio web, puede comprar boletos en l\u00ednea para las loter\u00edas m\u00e1s grandes del mundo. Eso incluye Megamillions y Powerball de los EUA, Euromillions, Eurojackpot, El Gordo y La Primitiva de Espa\u00f1a, SuperEna de Italia, y muchos m\u00e1s.<\/p>\n","protected":false},"author":1,"featured_media":0,"parent":0,"menu_order":3,"comment_status":"closed","ping_status":"closed","template":"Information.php","meta":{"_et_pb_use_builder":"","_et_pb_old_content":"","_et_gb_content_width":"","exclude_from_search":false,"footnotes":""},"class_list":["post-219","page","type-page","status-publish","hentry"],"yoast_head":"<!-- This site is optimized with the Yoast SEO plugin v23.8 - https:\/\/yoast.com\/wordpress\/plugins\/seo\/ -->\n<title>Comprar boletos de loter\u00eda en l\u00ednea<\/title>\n<meta name=\"description\" content=\"Comprar boletos de loter\u00eda de alrededor del mundo es seguro y f\u00e1cil - \u00a1aqu\u00ed tiene c\u00f3mo funciona!\" \/>\n<meta name=\"robots\" content=\"index, follow, max-snippet:-1, max-image-preview:large, max-video-preview:-1\" \/>\n<link rel=\"canonical\" href=\"https:\/\/redfoxlotto.com\/es\/loterias\/\" \/>\n<meta property=\"og:locale\" content=\"es_ES\" \/>\n<meta property=\"og:type\" content=\"article\" \/>\n<meta property=\"og:title\" content=\"Comprar boletos de loter\u00eda en l\u00ednea\" \/>\n<meta property=\"og:description\" content=\"Comprar boletos de loter\u00eda de alrededor del mundo es seguro y f\u00e1cil - \u00a1aqu\u00ed tiene c\u00f3mo funciona!\" \/>\n<meta property=\"og:url\" content=\"https:\/\/redfoxlotto.com\/es\/loterias\/\" \/>\n<meta property=\"og:site_name\" content=\"Get Tickets for the World\u2019s largest jackpots\" \/>\n<meta property=\"article:modified_time\" content=\"2025-12-18T10:09:27+00:00\" \/>\n<meta property=\"og:image\" content=\"https:\/\/content.redfoxlotto.com\/uploads\/sites\/9\/1_lottery_ticket.jpg\" \/>\n<meta name=\"twitter:card\" content=\"summary_large_image\" \/>\n<meta name=\"twitter:label1\" content=\"Tiempo de lectura\" \/>\n\t<meta name=\"twitter:data1\" content=\"3 minutos\" \/>\n<script type=\"application\/ld+json\" class=\"yoast-schema-graph\">{\"@context\":\"https:\/\/schema.org\",\"@graph\":[{\"@type\":\"WebPage\",\"@id\":\"https:\/\/redfoxlotto.com\/es\/loterias\/\",\"url\":\"https:\/\/redfoxlotto.com\/es\/loterias\/\",\"name\":\"Comprar boletos de loter\u00eda en l\u00ednea\",\"isPartOf\":{\"@id\":\"https:\/\/redfoxlotto.com\/es\/#website\"},\"primaryImageOfPage\":{\"@id\":\"https:\/\/redfoxlotto.com\/es\/loterias\/#primaryimage\"},\"image\":{\"@id\":\"https:\/\/redfoxlotto.com\/es\/loterias\/#primaryimage\"},\"thumbnailUrl\":\"https:\/\/content.redfoxlotto.com\/uploads\/sites\/9\/1_lottery_ticket.jpg\",\"datePublished\":\"2023-04-24T14:12:24+00:00\",\"dateModified\":\"2025-12-18T10:09:27+00:00\",\"description\":\"Comprar boletos de loter\u00eda de alrededor del mundo es seguro y f\u00e1cil - \u00a1aqu\u00ed tiene c\u00f3mo funciona!\",\"breadcrumb\":{\"@id\":\"https:\/\/redfoxlotto.com\/es\/loterias\/#breadcrumb\"},\"inLanguage\":\"es\",\"potentialAction\":[{\"@type\":\"ReadAction\",\"target\":[\"https:\/\/redfoxlotto.com\/es\/loterias\/\"]}]},{\"@type\":\"ImageObject\",\"inLanguage\":\"es\",\"@id\":\"https:\/\/redfoxlotto.com\/es\/loterias\/#primaryimage\",\"url\":\"https:\/\/content.redfoxlotto.com\/uploads\/sites\/9\/1_lottery_ticket.jpg\",\"contentUrl\":\"https:\/\/content.redfoxlotto.com\/uploads\/sites\/9\/1_lottery_ticket.jpg\"},{\"@type\":\"BreadcrumbList\",\"@id\":\"https:\/\/redfoxlotto.com\/es\/loterias\/#breadcrumb\",\"itemListElement\":[{\"@type\":\"ListItem\",\"position\":1,\"name\":\"Home\",\"item\":\"https:\/\/redfoxlotto.com\/es\/\"},{\"@type\":\"ListItem\",\"position\":2,\"name\":\"Loter\u00edas mundiales\"}]},{\"@type\":\"WebSite\",\"@id\":\"https:\/\/redfoxlotto.com\/es\/#website\",\"url\":\"https:\/\/redfoxlotto.com\/es\/\",\"name\":\"Get Tickets for the World\u2019s largest jackpots\",\"description\":\"Participate in worldwide lottery jackpots from any country\",\"publisher\":{\"@id\":\"https:\/\/redfoxlotto.com\/es\/#organization\"},\"potentialAction\":[{\"@type\":\"SearchAction\",\"target\":{\"@type\":\"EntryPoint\",\"urlTemplate\":\"https:\/\/redfoxlotto.com\/es\/?s={search_term_string}\"},\"query-input\":{\"@type\":\"PropertyValueSpecification\",\"valueRequired\":true,\"valueName\":\"search_term_string\"}}],\"inLanguage\":\"es\"},{\"@type\":\"Organization\",\"@id\":\"https:\/\/redfoxlotto.com\/es\/#organization\",\"name\":\"Get Tickets for the World\u2019s largest jackpots\",\"url\":\"https:\/\/redfoxlotto.com\/es\/\",\"logo\":{\"@type\":\"ImageObject\",\"inLanguage\":\"es\",\"@id\":\"https:\/\/redfoxlotto.com\/es\/#\/schema\/logo\/image\/\",\"url\":\"https:\/\/redfoxlotto.com\/wp-content\/uploads\/2023\/04\/logo.png\",\"contentUrl\":\"https:\/\/redfoxlotto.com\/wp-content\/uploads\/2023\/04\/logo.png\",\"width\":269,\"height\":53,\"caption\":\"Get Tickets for the World\u2019s largest jackpots\"},\"image\":{\"@id\":\"https:\/\/redfoxlotto.com\/es\/#\/schema\/logo\/image\/\"}}]}<\/script>\n<!-- \/ Yoast SEO plugin. -->","yoast_head_json":{"title":"Comprar boletos de loter\u00eda en l\u00ednea","description":"Comprar boletos de loter\u00eda de alrededor del mundo es seguro y f\u00e1cil - \u00a1aqu\u00ed tiene c\u00f3mo funciona!","robots":{"index":"index","follow":"follow","max-snippet":"max-snippet:-1","max-image-preview":"max-image-preview:large","max-video-preview":"max-video-preview:-1"},"canonical":"https:\/\/redfoxlotto.com\/es\/loterias\/","og_locale":"es_ES","og_type":"article","og_title":"Comprar boletos de loter\u00eda en l\u00ednea","og_description":"Comprar boletos de loter\u00eda de alrededor del mundo es seguro y f\u00e1cil - \u00a1aqu\u00ed tiene c\u00f3mo funciona!","og_url":"https:\/\/redfoxlotto.com\/es\/loterias\/","og_site_name":"Get Tickets for the World\u2019s largest jackpots","article_modified_time":"2025-12-18T10:09:27+00:00","og_image":[{"url":"https:\/\/content.redfoxlotto.com\/uploads\/sites\/9\/1_lottery_ticket.jpg"}],"twitter_card":"summary_large_image","twitter_misc":{"Tiempo de lectura":"3 minutos"},"schema":{"@context":"https:\/\/schema.org","@graph":[{"@type":"WebPage","@id":"https:\/\/redfoxlotto.com\/es\/loterias\/","url":"https:\/\/redfoxlotto.com\/es\/loterias\/","name":"Comprar boletos de loter\u00eda en l\u00ednea","isPartOf":{"@id":"https:\/\/redfoxlotto.com\/es\/#website"},"primaryImageOfPage":{"@id":"https:\/\/redfoxlotto.com\/es\/loterias\/#primaryimage"},"image":{"@id":"https:\/\/redfoxlotto.com\/es\/loterias\/#primaryimage"},"thumbnailUrl":"https:\/\/content.redfoxlotto.com\/uploads\/sites\/9\/1_lottery_ticket.jpg","datePublished":"2023-04-24T14:12:24+00:00","dateModified":"2025-12-18T10:09:27+00:00","description":"Comprar boletos de loter\u00eda de alrededor del mundo es seguro y f\u00e1cil - \u00a1aqu\u00ed tiene c\u00f3mo funciona!","breadcrumb":{"@id":"https:\/\/redfoxlotto.com\/es\/loterias\/#breadcrumb"},"inLanguage":"es","potentialAction":[{"@type":"ReadAction","target":["https:\/\/redfoxlotto.com\/es\/loterias\/"]}]},{"@type":"ImageObject","inLanguage":"es","@id":"https:\/\/redfoxlotto.com\/es\/loterias\/#primaryimage","url":"https:\/\/content.redfoxlotto.com\/uploads\/sites\/9\/1_lottery_ticket.jpg","contentUrl":"https:\/\/content.redfoxlotto.com\/uploads\/sites\/9\/1_lottery_ticket.jpg"},{"@type":"BreadcrumbList","@id":"https:\/\/redfoxlotto.com\/es\/loterias\/#breadcrumb","itemListElement":[{"@type":"ListItem","position":1,"name":"Home","item":"https:\/\/redfoxlotto.com\/es\/"},{"@type":"ListItem","position":2,"name":"Loter\u00edas mundiales"}]},{"@type":"WebSite","@id":"https:\/\/redfoxlotto.com\/es\/#website","url":"https:\/\/redfoxlotto.com\/es\/","name":"Get Tickets for the World\u2019s largest jackpots","description":"Participate in worldwide lottery jackpots from any country","publisher":{"@id":"https:\/\/redfoxlotto.com\/es\/#organization"},"potentialAction":[{"@type":"SearchAction","target":{"@type":"EntryPoint","urlTemplate":"https:\/\/redfoxlotto.com\/es\/?s={search_term_string}"},"query-input":{"@type":"PropertyValueSpecification","valueRequired":true,"valueName":"search_term_string"}}],"inLanguage":"es"},{"@type":"Organization","@id":"https:\/\/redfoxlotto.com\/es\/#organization","name":"Get Tickets for the World\u2019s largest jackpots","url":"https:\/\/redfoxlotto.com\/es\/","logo":{"@type":"ImageObject","inLanguage":"es","@id":"https:\/\/redfoxlotto.com\/es\/#\/schema\/logo\/image\/","url":"https:\/\/redfoxlotto.com\/wp-content\/uploads\/2023\/04\/logo.png","contentUrl":"https:\/\/redfoxlotto.com\/wp-content\/uploads\/2023\/04\/logo.png","width":269,"height":53,"caption":"Get Tickets for the World\u2019s largest jackpots"},"image":{"@id":"https:\/\/redfoxlotto.com\/es\/#\/schema\/logo\/image\/"}}]}},"_links":{"self":[{"href":"https:\/\/redfoxlotto.com\/es\/wp-json\/wp\/v2\/pages\/219","targetHints":{"allow":["GET"]}}],"collection":[{"href":"https:\/\/redfoxlotto.com\/es\/wp-json\/wp\/v2\/pages"}],"about":[{"href":"https:\/\/redfoxlotto.com\/es\/wp-json\/wp\/v2\/types\/page"}],"author":[{"embeddable":true,"href":"https:\/\/redfoxlotto.com\/es\/wp-json\/wp\/v2\/users\/1"}],"replies":[{"embeddable":true,"href":"https:\/\/redfoxlotto.com\/es\/wp-json\/wp\/v2\/comments?post=219"}],"version-history":[{"count":0,"href":"https:\/\/redfoxlotto.com\/es\/wp-json\/wp\/v2\/pages\/219\/revisions"}],"wp:attachment":[{"href":"https:\/\/redfoxlotto.com\/es\/wp-json\/wp\/v2\/media?parent=219"}],"curies":[{"name":"wp","href":"https:\/\/api.w.org\/{rel}","templated":true}]}}