{"id":14440,"date":"2020-08-18T09:13:31","date_gmt":"2020-08-18T09:13:31","guid":{"rendered":"https:\/\/redfoxlotto.com\/?page_id=14440"},"modified":"2023-05-14T10:31:40","modified_gmt":"2023-05-14T10:31:40","slug":"lotto-at","status":"publish","type":"page","link":"https:\/\/redfoxlotto.com\/es\/loterias\/lotto-at\/","title":{"rendered":"Acerca de la Loter\u00eda de Austria"},"content":{"rendered":"<h2 class=\"wp-block-heading\">Comprar boletos de la Loter\u00eda de Austria en l\u00ednea<\/h2><p><img loading=\"lazy\" decoding=\"async\" class=\" wp-image alignright\" src=\"https:\/\/content.redfoxlotto.com\/uploads\/sites\/9\/1_buy_lotto_to_win.jpg\" alt=\"boletos de loter\u00eda austria en l\u00ednea\" width=\"255\" height=\"162\" \/><\/p><p>Cuando llega el momento de comprar billetes de la Loter\u00eda Austriaca en l\u00ednea, hay que saber c\u00f3mo hacerlo, \u00bfverdad? Pero primero quieres saber por qu\u00e9 te vas a molestar. Esa es una pregunta simple de responder porque este juego es definitivamente divertido.<\/p><p><!--more--><\/p><p>Tienes que elegir 6 n\u00fameros que necesitas acertar para conseguir el premio gordo. Pero puedes ganar algo si aciertas al menos 2 n\u00fameros en el sorteo. Si aciertas a\u00fan m\u00e1s n\u00fameros, obtendr\u00e1s un premio a\u00fan mayor, con mejores premios disponibles en las partidas m\u00e1s altas.<\/p><h2 class=\"wp-block-heading\">C\u00f3mo comprar billetes para la Loter\u00eda de Austria en l\u00ednea<\/h2><p>Si est\u00e1s listo para comprar tus entradas, lo primero que tienes que hacer es encontrar un sitio web donde se ofrezcan. Por suerte para ti, RedFoxLotto.com es el mejor lugar para comprar tus boletos y te facilitar\u00e1 la elecci\u00f3n de lo que est\u00e1s buscando r\u00e1pidamente.<\/p><p>Puedes elegir tus n\u00fameros, o puedes elegir un billete de f\u00e1cil elecci\u00f3n donde los n\u00fameros ser\u00e1n seleccionados para ti. Luego, haces el pago con tu m\u00e9todo de pago favorito. Ser\u00e1 muy f\u00e1cil hacer el pago y confirmar su pedido. Luego s\u00f3lo tienes que esperar a los n\u00fameros ganadores.<\/p><h2 class=\"wp-block-heading\">\u00bfCu\u00e1les son los n\u00fameros ganadores<\/h2><p>Una vez que compre sus billetes de la Loter\u00eda de Austria en l\u00ednea y el sorteo haya terminado, puede revisar su secci\u00f3n de billetes y ver todos los n\u00fameros que ha acertado con los n\u00fameros ganadores y lo que puede haber ganado.<\/p>","protected":false},"excerpt":{"rendered":"<p>Comprar boletos de la Loter\u00eda de Austria en l\u00ednea Cuando llega el momento de comprar billetes de la Loter\u00eda Austriaca en l\u00ednea, hay que saber c\u00f3mo hacerlo, \u00bfverdad? Pero primero quieres saber por qu\u00e9 te vas a molestar. Esa es una pregunta simple de responder porque este juego es definitivamente divertido.<\/p>\n","protected":false},"author":1,"featured_media":0,"parent":219,"menu_order":16,"comment_status":"closed","ping_status":"closed","template":"","meta":{"_et_pb_use_builder":"","_et_pb_old_content":"","_et_gb_content_width":"","exclude_from_search":false,"footnotes":""},"class_list":["post-14440","page","type-page","status-publish","hentry"],"yoast_head":"<!-- This site is optimized with the Yoast SEO plugin v27.4 - https:\/\/yoast.com\/product\/yoast-seo-wordpress\/ -->\n<title>Consiga su billete de la Loter\u00eda de Austria en l\u00ednea<\/title>\n<meta name=\"description\" content=\"\u00bfHas o\u00eddo hablar de la Loter\u00eda de Austria? Puede conseguir billetes en l\u00ednea aqu\u00ed!\" \/>\n<meta name=\"robots\" content=\"index, follow, max-snippet:-1, max-image-preview:large, max-video-preview:-1\" \/>\n<link rel=\"canonical\" href=\"https:\/\/redfoxlotto.com\/es\/loterias\/lotto-at\/\" \/>\n<meta property=\"og:locale\" content=\"es_ES\" \/>\n<meta property=\"og:type\" content=\"article\" \/>\n<meta property=\"og:title\" content=\"Consiga su billete de la Loter\u00eda de Austria en l\u00ednea\" \/>\n<meta property=\"og:description\" content=\"\u00bfHas o\u00eddo hablar de la Loter\u00eda de Austria? Puede conseguir billetes en l\u00ednea aqu\u00ed!\" \/>\n<meta property=\"og:url\" content=\"https:\/\/redfoxlotto.com\/es\/loterias\/lotto-at\/\" \/>\n<meta property=\"og:site_name\" content=\"Get Tickets for the World\u2019s largest jackpots\" \/>\n<meta property=\"article:modified_time\" content=\"2023-05-14T10:31:40+00:00\" \/>\n<meta property=\"og:image\" content=\"https:\/\/content.redfoxlotto.com\/uploads\/sites\/9\/1_buy_lotto_to_win.jpg\" \/>\n<meta name=\"twitter:card\" content=\"summary_large_image\" \/>\n<meta name=\"twitter:label1\" content=\"Tiempo de lectura\" \/>\n\t<meta name=\"twitter:data1\" content=\"2 minutos\" \/>\n<script type=\"application\/ld+json\" class=\"yoast-schema-graph\">{\"@context\":\"https:\\\/\\\/schema.org\",\"@graph\":[{\"@type\":\"WebPage\",\"@id\":\"https:\\\/\\\/redfoxlotto.com\\\/es\\\/loterias\\\/lotto-at\\\/\",\"url\":\"https:\\\/\\\/redfoxlotto.com\\\/es\\\/loterias\\\/lotto-at\\\/\",\"name\":\"Consiga su billete de la Loter\u00eda de Austria en l\u00ednea\",\"isPartOf\":{\"@id\":\"https:\\\/\\\/redfoxlotto.com\\\/es\\\/#website\"},\"primaryImageOfPage\":{\"@id\":\"https:\\\/\\\/redfoxlotto.com\\\/es\\\/loterias\\\/lotto-at\\\/#primaryimage\"},\"image\":{\"@id\":\"https:\\\/\\\/redfoxlotto.com\\\/es\\\/loterias\\\/lotto-at\\\/#primaryimage\"},\"thumbnailUrl\":\"https:\\\/\\\/content.redfoxlotto.com\\\/uploads\\\/sites\\\/9\\\/1_buy_lotto_to_win.jpg\",\"datePublished\":\"2020-08-18T09:13:31+00:00\",\"dateModified\":\"2023-05-14T10:31:40+00:00\",\"description\":\"\u00bfHas o\u00eddo hablar de la Loter\u00eda de Austria? Puede conseguir billetes en l\u00ednea aqu\u00ed!\",\"breadcrumb\":{\"@id\":\"https:\\\/\\\/redfoxlotto.com\\\/es\\\/loterias\\\/lotto-at\\\/#breadcrumb\"},\"inLanguage\":\"es\",\"potentialAction\":[{\"@type\":\"ReadAction\",\"target\":[\"https:\\\/\\\/redfoxlotto.com\\\/es\\\/loterias\\\/lotto-at\\\/\"]}]},{\"@type\":\"ImageObject\",\"inLanguage\":\"es\",\"@id\":\"https:\\\/\\\/redfoxlotto.com\\\/es\\\/loterias\\\/lotto-at\\\/#primaryimage\",\"url\":\"https:\\\/\\\/content.redfoxlotto.com\\\/uploads\\\/sites\\\/9\\\/1_buy_lotto_to_win.jpg\",\"contentUrl\":\"https:\\\/\\\/content.redfoxlotto.com\\\/uploads\\\/sites\\\/9\\\/1_buy_lotto_to_win.jpg\"},{\"@type\":\"BreadcrumbList\",\"@id\":\"https:\\\/\\\/redfoxlotto.com\\\/es\\\/loterias\\\/lotto-at\\\/#breadcrumb\",\"itemListElement\":[{\"@type\":\"ListItem\",\"position\":1,\"name\":\"Home\",\"item\":\"https:\\\/\\\/redfoxlotto.com\\\/es\\\/\"},{\"@type\":\"ListItem\",\"position\":2,\"name\":\"Loter\u00edas mundiales\",\"item\":\"https:\\\/\\\/redfoxlotto.com\\\/es\\\/loterias\\\/\"},{\"@type\":\"ListItem\",\"position\":3,\"name\":\"Acerca de la Loter\u00eda de Austria\"}]},{\"@type\":\"WebSite\",\"@id\":\"https:\\\/\\\/redfoxlotto.com\\\/es\\\/#website\",\"url\":\"https:\\\/\\\/redfoxlotto.com\\\/es\\\/\",\"name\":\"Get Tickets for the World\u2019s largest jackpots\",\"description\":\"Participate in worldwide lottery jackpots from any country\",\"publisher\":{\"@id\":\"https:\\\/\\\/redfoxlotto.com\\\/es\\\/#organization\"},\"potentialAction\":[{\"@type\":\"SearchAction\",\"target\":{\"@type\":\"EntryPoint\",\"urlTemplate\":\"https:\\\/\\\/redfoxlotto.com\\\/es\\\/?s={search_term_string}\"},\"query-input\":{\"@type\":\"PropertyValueSpecification\",\"valueRequired\":true,\"valueName\":\"search_term_string\"}}],\"inLanguage\":\"es\"},{\"@type\":\"Organization\",\"@id\":\"https:\\\/\\\/redfoxlotto.com\\\/es\\\/#organization\",\"name\":\"Get Tickets for the World\u2019s largest jackpots\",\"url\":\"https:\\\/\\\/redfoxlotto.com\\\/es\\\/\",\"logo\":{\"@type\":\"ImageObject\",\"inLanguage\":\"es\",\"@id\":\"https:\\\/\\\/redfoxlotto.com\\\/es\\\/#\\\/schema\\\/logo\\\/image\\\/\",\"url\":\"https:\\\/\\\/redfoxlotto.com\\\/wp-content\\\/uploads\\\/2023\\\/04\\\/logo.png\",\"contentUrl\":\"https:\\\/\\\/redfoxlotto.com\\\/wp-content\\\/uploads\\\/2023\\\/04\\\/logo.png\",\"width\":269,\"height\":53,\"caption\":\"Get Tickets for the World\u2019s largest jackpots\"},\"image\":{\"@id\":\"https:\\\/\\\/redfoxlotto.com\\\/es\\\/#\\\/schema\\\/logo\\\/image\\\/\"}}]}<\/script>\n<!-- \/ Yoast SEO plugin. -->","yoast_head_json":{"title":"Consiga su billete de la Loter\u00eda de Austria en l\u00ednea","description":"\u00bfHas o\u00eddo hablar de la Loter\u00eda de Austria? Puede conseguir billetes en l\u00ednea aqu\u00ed!","robots":{"index":"index","follow":"follow","max-snippet":"max-snippet:-1","max-image-preview":"max-image-preview:large","max-video-preview":"max-video-preview:-1"},"canonical":"https:\/\/redfoxlotto.com\/es\/loterias\/lotto-at\/","og_locale":"es_ES","og_type":"article","og_title":"Consiga su billete de la Loter\u00eda de Austria en l\u00ednea","og_description":"\u00bfHas o\u00eddo hablar de la Loter\u00eda de Austria? Puede conseguir billetes en l\u00ednea aqu\u00ed!","og_url":"https:\/\/redfoxlotto.com\/es\/loterias\/lotto-at\/","og_site_name":"Get Tickets for the World\u2019s largest jackpots","article_modified_time":"2023-05-14T10:31:40+00:00","og_image":[{"url":"https:\/\/content.redfoxlotto.com\/uploads\/sites\/9\/1_buy_lotto_to_win.jpg","type":"","width":"","height":""}],"twitter_card":"summary_large_image","twitter_misc":{"Tiempo de lectura":"2 minutos"},"schema":{"@context":"https:\/\/schema.org","@graph":[{"@type":"WebPage","@id":"https:\/\/redfoxlotto.com\/es\/loterias\/lotto-at\/","url":"https:\/\/redfoxlotto.com\/es\/loterias\/lotto-at\/","name":"Consiga su billete de la Loter\u00eda de Austria en l\u00ednea","isPartOf":{"@id":"https:\/\/redfoxlotto.com\/es\/#website"},"primaryImageOfPage":{"@id":"https:\/\/redfoxlotto.com\/es\/loterias\/lotto-at\/#primaryimage"},"image":{"@id":"https:\/\/redfoxlotto.com\/es\/loterias\/lotto-at\/#primaryimage"},"thumbnailUrl":"https:\/\/content.redfoxlotto.com\/uploads\/sites\/9\/1_buy_lotto_to_win.jpg","datePublished":"2020-08-18T09:13:31+00:00","dateModified":"2023-05-14T10:31:40+00:00","description":"\u00bfHas o\u00eddo hablar de la Loter\u00eda de Austria? Puede conseguir billetes en l\u00ednea aqu\u00ed!","breadcrumb":{"@id":"https:\/\/redfoxlotto.com\/es\/loterias\/lotto-at\/#breadcrumb"},"inLanguage":"es","potentialAction":[{"@type":"ReadAction","target":["https:\/\/redfoxlotto.com\/es\/loterias\/lotto-at\/"]}]},{"@type":"ImageObject","inLanguage":"es","@id":"https:\/\/redfoxlotto.com\/es\/loterias\/lotto-at\/#primaryimage","url":"https:\/\/content.redfoxlotto.com\/uploads\/sites\/9\/1_buy_lotto_to_win.jpg","contentUrl":"https:\/\/content.redfoxlotto.com\/uploads\/sites\/9\/1_buy_lotto_to_win.jpg"},{"@type":"BreadcrumbList","@id":"https:\/\/redfoxlotto.com\/es\/loterias\/lotto-at\/#breadcrumb","itemListElement":[{"@type":"ListItem","position":1,"name":"Home","item":"https:\/\/redfoxlotto.com\/es\/"},{"@type":"ListItem","position":2,"name":"Loter\u00edas mundiales","item":"https:\/\/redfoxlotto.com\/es\/loterias\/"},{"@type":"ListItem","position":3,"name":"Acerca de la Loter\u00eda de Austria"}]},{"@type":"WebSite","@id":"https:\/\/redfoxlotto.com\/es\/#website","url":"https:\/\/redfoxlotto.com\/es\/","name":"Get Tickets for the World\u2019s largest jackpots","description":"Participate in worldwide lottery jackpots from any country","publisher":{"@id":"https:\/\/redfoxlotto.com\/es\/#organization"},"potentialAction":[{"@type":"SearchAction","target":{"@type":"EntryPoint","urlTemplate":"https:\/\/redfoxlotto.com\/es\/?s={search_term_string}"},"query-input":{"@type":"PropertyValueSpecification","valueRequired":true,"valueName":"search_term_string"}}],"inLanguage":"es"},{"@type":"Organization","@id":"https:\/\/redfoxlotto.com\/es\/#organization","name":"Get Tickets for the World\u2019s largest jackpots","url":"https:\/\/redfoxlotto.com\/es\/","logo":{"@type":"ImageObject","inLanguage":"es","@id":"https:\/\/redfoxlotto.com\/es\/#\/schema\/logo\/image\/","url":"https:\/\/redfoxlotto.com\/wp-content\/uploads\/2023\/04\/logo.png","contentUrl":"https:\/\/redfoxlotto.com\/wp-content\/uploads\/2023\/04\/logo.png","width":269,"height":53,"caption":"Get Tickets for the World\u2019s largest jackpots"},"image":{"@id":"https:\/\/redfoxlotto.com\/es\/#\/schema\/logo\/image\/"}}]}},"_links":{"self":[{"href":"https:\/\/redfoxlotto.com\/es\/wp-json\/wp\/v2\/pages\/14440","targetHints":{"allow":["GET"]}}],"collection":[{"href":"https:\/\/redfoxlotto.com\/es\/wp-json\/wp\/v2\/pages"}],"about":[{"href":"https:\/\/redfoxlotto.com\/es\/wp-json\/wp\/v2\/types\/page"}],"author":[{"embeddable":true,"href":"https:\/\/redfoxlotto.com\/es\/wp-json\/wp\/v2\/users\/1"}],"replies":[{"embeddable":true,"href":"https:\/\/redfoxlotto.com\/es\/wp-json\/wp\/v2\/comments?post=14440"}],"version-history":[{"count":0,"href":"https:\/\/redfoxlotto.com\/es\/wp-json\/wp\/v2\/pages\/14440\/revisions"}],"up":[{"embeddable":true,"href":"https:\/\/redfoxlotto.com\/es\/wp-json\/wp\/v2\/pages\/219"}],"wp:attachment":[{"href":"https:\/\/redfoxlotto.com\/es\/wp-json\/wp\/v2\/media?parent=14440"}],"curies":[{"name":"wp","href":"https:\/\/api.w.org\/{rel}","templated":true}]}}