{"id":14406,"date":"2020-08-18T09:10:34","date_gmt":"2020-08-18T09:10:34","guid":{"rendered":"https:\/\/redfoxlotto.com\/?page_id=14406"},"modified":"2023-05-14T10:31:39","modified_gmt":"2023-05-14T10:31:39","slug":"lotto-america","status":"publish","type":"page","link":"https:\/\/redfoxlotto.com\/es\/loterias\/lotto-america\/","title":{"rendered":"Acerca de la Loter\u00eda de Am\u00e9rica"},"content":{"rendered":"<h2 class=\"wp-block-heading\">Comprar billetes para la Loter\u00eda de Am\u00e9rica en l\u00ednea<\/h2><p><img loading=\"lazy\" decoding=\"async\" class=\" wp-image alignright\" src=\"https:\/\/content.redfoxlotto.com\/uploads\/sites\/9\/1_ticket_online_buying.jpg\" alt=\"boleto de loter\u00eda am\u00e9rica en l\u00ednea\" width=\"231\" height=\"156\" \/><\/p><p>Cuando se trata de comprar billetes de loter\u00eda en l\u00ednea quieres asegurarte de que est\u00e1s entrando en los mejores juegos. Pero, \u00bfhas o\u00eddo hablar de todos los diferentes juegos que hay por ah\u00ed? Probablemente no. Especialmente porque hay juegos en otros pa\u00edses a los que podr\u00edas estar jugando en l\u00ednea. Juegos como la Loter\u00eda de Am\u00e9rica.<\/p><p><!--more--><\/p><h2 class=\"wp-block-heading\">\u00bfQu\u00e9 es la Loter\u00eda de Am\u00e9rica?<\/h2><p>Lotto America es un juego multiestatal que se juega en los Estados Unidos. M\u00e1s espec\u00edficamente, se juega en 13 estados a lo largo del pa\u00eds. Pero no tienes que vivir en uno de esos estados para jugar. En realidad puedes jugar desde cualquier parte del mundo. Y ah\u00ed es donde entra la diversi\u00f3n. Porque este juego es una oportunidad para que te conviertas en multimillonario, y es un juego s\u00faper sencillo de jugar.<\/p><p><img loading=\"lazy\" decoding=\"async\" class=\" wp-image alignright\" src=\"https:\/\/content.redfoxlotto.com\/uploads\/sites\/9\/1_usa_lottery_win.jpg\" alt=\"lotto america\" width=\"270\" height=\"178\" \/><\/p><h2 class=\"wp-block-heading\">Comprando sus entradas<\/h2><p>Si est\u00e1 interesado en jugar a la Loter\u00eda de Am\u00e9rica s\u00f3lo tiene que saber d\u00f3nde conseguir sus billetes. Pero, \u00bfc\u00f3mo se compran los billetes de la Loter\u00eda de Am\u00e9rica en l\u00ednea? Necesitas un servicio que te ayude y ah\u00ed es donde entra RedFoxLotto. Podemos ayudarle a conseguir sus boletos para este juego o cualquier otro juego de loter\u00eda que usted quiera jugar alrededor del mundo. Todo lo que se necesita son unos pocos pasos para empezar. El primero es que necesitar\u00e1s crear una cuenta con RedFoxLotto. Es f\u00e1cil de hacer y s\u00f3lo toma unos pocos minutos para estar completamente instalado y listo para empezar. A partir de ah\u00ed, podr\u00e1s empezar a navegar a trav\u00e9s de todos los diferentes juegos de loter\u00eda que est\u00e1n disponibles. Podr\u00edas querer la Loter\u00eda Americana o algo m\u00e1s (o varios juegos diferentes).<\/p><p>Una vez que te hayas decidido por el juego y est\u00e9s listo para jugar a la Loter\u00eda Americana, es hora de empezar a elegir tus n\u00fameros. Aqu\u00ed es donde vas a tener un mont\u00f3n de opciones diferentes y es donde la parte divertida realmente va a empezar.<\/p><h2 class=\"wp-block-heading\">Eligiendo sus n\u00fameros<\/h2><p>Hay cinco n\u00fameros est\u00e1ndar y un n\u00famero de bono con la Loter\u00eda de Am\u00e9rica. Puedes elegir los que quieras para obtener una combinaci\u00f3n que creas que es afortunada o que signifique algo para ti. \u00bfPero qu\u00e9 pasa si no sabes los n\u00fameros que quieres? \u00bfO si s\u00f3lo tienes un par de n\u00fameros especiales que quieres jugar? Eso tampoco es problema porque puedes elegir los n\u00fameros que quieres y rellenarlos con n\u00fameros aleatorios. O puedes usar el generador de n\u00fameros para elegir todos los n\u00fameros por ti.<\/p><h2 class=\"wp-block-heading\">Espera los resultados<\/h2><p>Una vez que hayas elegido tus n\u00fameros puedes elegir cu\u00e1ntos boletos quieres y para qu\u00e9 juegos. Luego, puede pagar los boletos y esperar el pr\u00f3ximo sorteo. Tambi\u00e9n puede elegir boletos adicionales para algunos de los otros juegos que est\u00e1n sucediendo alrededor del mundo si quiere tener a\u00fan m\u00e1s oportunidades de ganar un premio en alg\u00fan lugar. Una vez que los resultados del juego lleguen, podr\u00e1s ver instant\u00e1neamente los n\u00fameros ganadores y c\u00f3mo se acumulan tus propios n\u00fameros. No s\u00f3lo eso, sino que podr\u00e1s ver lo que has ganado y obtendr\u00e1s tus ganancias as\u00ed de r\u00e1pido. Es simple, divertido y estar\u00e1s listo para elegir tus pr\u00f3ximos boletos en poco tiempo. Y como es tan f\u00e1cil, eso es exactamente lo que querr\u00e1s hacer. Todo lo que necesitas hacer es decidir qu\u00e9 juegos jugar.<\/p>","protected":false},"excerpt":{"rendered":"<p>Comprar billetes para la Loter\u00eda de Am\u00e9rica en l\u00ednea Cuando se trata de comprar billetes de loter\u00eda en l\u00ednea quieres asegurarte de que est\u00e1s entrando en los mejores juegos. Pero, \u00bfhas o\u00eddo hablar de todos los diferentes juegos que hay por ah\u00ed? Probablemente no. Especialmente porque hay juegos en otros pa\u00edses a los que podr\u00edas [&hellip;]<\/p>\n","protected":false},"author":1,"featured_media":0,"parent":219,"menu_order":12,"comment_status":"closed","ping_status":"closed","template":"lotto-america-info.php","meta":{"_et_pb_use_builder":"","_et_pb_old_content":"","_et_gb_content_width":"","exclude_from_search":false,"footnotes":""},"class_list":["post-14406","page","type-page","status-publish","hentry"],"yoast_head":"<!-- This site is optimized with the Yoast SEO plugin v27.4 - https:\/\/yoast.com\/product\/yoast-seo-wordpress\/ -->\n<title>Comprar billetes de la Loter\u00eda de Am\u00e9rica en l\u00ednea<\/title>\n<meta name=\"description\" content=\"Si desea ganar en la Loter\u00eda de Am\u00e9rica, compre su billete online ahora!\" \/>\n<meta name=\"robots\" content=\"index, follow, max-snippet:-1, max-image-preview:large, max-video-preview:-1\" \/>\n<link rel=\"canonical\" href=\"https:\/\/redfoxlotto.com\/es\/loterias\/lotto-america\/\" \/>\n<meta property=\"og:locale\" content=\"es_ES\" \/>\n<meta property=\"og:type\" content=\"article\" \/>\n<meta property=\"og:title\" content=\"Comprar billetes de la Loter\u00eda de Am\u00e9rica en l\u00ednea\" \/>\n<meta property=\"og:description\" content=\"Si desea ganar en la Loter\u00eda de Am\u00e9rica, compre su billete online ahora!\" \/>\n<meta property=\"og:url\" content=\"https:\/\/redfoxlotto.com\/es\/loterias\/lotto-america\/\" \/>\n<meta property=\"og:site_name\" content=\"Get Tickets for the World\u2019s largest jackpots\" \/>\n<meta property=\"article:modified_time\" content=\"2023-05-14T10:31:39+00:00\" \/>\n<meta property=\"og:image\" content=\"https:\/\/content.redfoxlotto.com\/uploads\/sites\/9\/1_ticket_online_buying.jpg\" \/>\n<meta name=\"twitter:card\" content=\"summary_large_image\" \/>\n<meta name=\"twitter:label1\" content=\"Tiempo de lectura\" \/>\n\t<meta name=\"twitter:data1\" content=\"3 minutos\" \/>\n<script type=\"application\/ld+json\" class=\"yoast-schema-graph\">{\"@context\":\"https:\\\/\\\/schema.org\",\"@graph\":[{\"@type\":\"WebPage\",\"@id\":\"https:\\\/\\\/redfoxlotto.com\\\/es\\\/loterias\\\/lotto-america\\\/\",\"url\":\"https:\\\/\\\/redfoxlotto.com\\\/es\\\/loterias\\\/lotto-america\\\/\",\"name\":\"Comprar billetes de la Loter\u00eda de Am\u00e9rica en l\u00ednea\",\"isPartOf\":{\"@id\":\"https:\\\/\\\/redfoxlotto.com\\\/es\\\/#website\"},\"primaryImageOfPage\":{\"@id\":\"https:\\\/\\\/redfoxlotto.com\\\/es\\\/loterias\\\/lotto-america\\\/#primaryimage\"},\"image\":{\"@id\":\"https:\\\/\\\/redfoxlotto.com\\\/es\\\/loterias\\\/lotto-america\\\/#primaryimage\"},\"thumbnailUrl\":\"https:\\\/\\\/content.redfoxlotto.com\\\/uploads\\\/sites\\\/9\\\/1_ticket_online_buying.jpg\",\"datePublished\":\"2020-08-18T09:10:34+00:00\",\"dateModified\":\"2023-05-14T10:31:39+00:00\",\"description\":\"Si desea ganar en la Loter\u00eda de Am\u00e9rica, compre su billete online ahora!\",\"breadcrumb\":{\"@id\":\"https:\\\/\\\/redfoxlotto.com\\\/es\\\/loterias\\\/lotto-america\\\/#breadcrumb\"},\"inLanguage\":\"es\",\"potentialAction\":[{\"@type\":\"ReadAction\",\"target\":[\"https:\\\/\\\/redfoxlotto.com\\\/es\\\/loterias\\\/lotto-america\\\/\"]}]},{\"@type\":\"ImageObject\",\"inLanguage\":\"es\",\"@id\":\"https:\\\/\\\/redfoxlotto.com\\\/es\\\/loterias\\\/lotto-america\\\/#primaryimage\",\"url\":\"https:\\\/\\\/content.redfoxlotto.com\\\/uploads\\\/sites\\\/9\\\/1_ticket_online_buying.jpg\",\"contentUrl\":\"https:\\\/\\\/content.redfoxlotto.com\\\/uploads\\\/sites\\\/9\\\/1_ticket_online_buying.jpg\"},{\"@type\":\"BreadcrumbList\",\"@id\":\"https:\\\/\\\/redfoxlotto.com\\\/es\\\/loterias\\\/lotto-america\\\/#breadcrumb\",\"itemListElement\":[{\"@type\":\"ListItem\",\"position\":1,\"name\":\"Home\",\"item\":\"https:\\\/\\\/redfoxlotto.com\\\/es\\\/\"},{\"@type\":\"ListItem\",\"position\":2,\"name\":\"Loter\u00edas mundiales\",\"item\":\"https:\\\/\\\/redfoxlotto.com\\\/es\\\/loterias\\\/\"},{\"@type\":\"ListItem\",\"position\":3,\"name\":\"Acerca de la Loter\u00eda de Am\u00e9rica\"}]},{\"@type\":\"WebSite\",\"@id\":\"https:\\\/\\\/redfoxlotto.com\\\/es\\\/#website\",\"url\":\"https:\\\/\\\/redfoxlotto.com\\\/es\\\/\",\"name\":\"Get Tickets for the World\u2019s largest jackpots\",\"description\":\"Participate in worldwide lottery jackpots from any country\",\"publisher\":{\"@id\":\"https:\\\/\\\/redfoxlotto.com\\\/es\\\/#organization\"},\"potentialAction\":[{\"@type\":\"SearchAction\",\"target\":{\"@type\":\"EntryPoint\",\"urlTemplate\":\"https:\\\/\\\/redfoxlotto.com\\\/es\\\/?s={search_term_string}\"},\"query-input\":{\"@type\":\"PropertyValueSpecification\",\"valueRequired\":true,\"valueName\":\"search_term_string\"}}],\"inLanguage\":\"es\"},{\"@type\":\"Organization\",\"@id\":\"https:\\\/\\\/redfoxlotto.com\\\/es\\\/#organization\",\"name\":\"Get Tickets for the World\u2019s largest jackpots\",\"url\":\"https:\\\/\\\/redfoxlotto.com\\\/es\\\/\",\"logo\":{\"@type\":\"ImageObject\",\"inLanguage\":\"es\",\"@id\":\"https:\\\/\\\/redfoxlotto.com\\\/es\\\/#\\\/schema\\\/logo\\\/image\\\/\",\"url\":\"https:\\\/\\\/redfoxlotto.com\\\/wp-content\\\/uploads\\\/2023\\\/04\\\/logo.png\",\"contentUrl\":\"https:\\\/\\\/redfoxlotto.com\\\/wp-content\\\/uploads\\\/2023\\\/04\\\/logo.png\",\"width\":269,\"height\":53,\"caption\":\"Get Tickets for the World\u2019s largest jackpots\"},\"image\":{\"@id\":\"https:\\\/\\\/redfoxlotto.com\\\/es\\\/#\\\/schema\\\/logo\\\/image\\\/\"}}]}<\/script>\n<!-- \/ Yoast SEO plugin. -->","yoast_head_json":{"title":"Comprar billetes de la Loter\u00eda de Am\u00e9rica en l\u00ednea","description":"Si desea ganar en la Loter\u00eda de Am\u00e9rica, compre su billete online ahora!","robots":{"index":"index","follow":"follow","max-snippet":"max-snippet:-1","max-image-preview":"max-image-preview:large","max-video-preview":"max-video-preview:-1"},"canonical":"https:\/\/redfoxlotto.com\/es\/loterias\/lotto-america\/","og_locale":"es_ES","og_type":"article","og_title":"Comprar billetes de la Loter\u00eda de Am\u00e9rica en l\u00ednea","og_description":"Si desea ganar en la Loter\u00eda de Am\u00e9rica, compre su billete online ahora!","og_url":"https:\/\/redfoxlotto.com\/es\/loterias\/lotto-america\/","og_site_name":"Get Tickets for the World\u2019s largest jackpots","article_modified_time":"2023-05-14T10:31:39+00:00","og_image":[{"url":"https:\/\/content.redfoxlotto.com\/uploads\/sites\/9\/1_ticket_online_buying.jpg","type":"","width":"","height":""}],"twitter_card":"summary_large_image","twitter_misc":{"Tiempo de lectura":"3 minutos"},"schema":{"@context":"https:\/\/schema.org","@graph":[{"@type":"WebPage","@id":"https:\/\/redfoxlotto.com\/es\/loterias\/lotto-america\/","url":"https:\/\/redfoxlotto.com\/es\/loterias\/lotto-america\/","name":"Comprar billetes de la Loter\u00eda de Am\u00e9rica en l\u00ednea","isPartOf":{"@id":"https:\/\/redfoxlotto.com\/es\/#website"},"primaryImageOfPage":{"@id":"https:\/\/redfoxlotto.com\/es\/loterias\/lotto-america\/#primaryimage"},"image":{"@id":"https:\/\/redfoxlotto.com\/es\/loterias\/lotto-america\/#primaryimage"},"thumbnailUrl":"https:\/\/content.redfoxlotto.com\/uploads\/sites\/9\/1_ticket_online_buying.jpg","datePublished":"2020-08-18T09:10:34+00:00","dateModified":"2023-05-14T10:31:39+00:00","description":"Si desea ganar en la Loter\u00eda de Am\u00e9rica, compre su billete online ahora!","breadcrumb":{"@id":"https:\/\/redfoxlotto.com\/es\/loterias\/lotto-america\/#breadcrumb"},"inLanguage":"es","potentialAction":[{"@type":"ReadAction","target":["https:\/\/redfoxlotto.com\/es\/loterias\/lotto-america\/"]}]},{"@type":"ImageObject","inLanguage":"es","@id":"https:\/\/redfoxlotto.com\/es\/loterias\/lotto-america\/#primaryimage","url":"https:\/\/content.redfoxlotto.com\/uploads\/sites\/9\/1_ticket_online_buying.jpg","contentUrl":"https:\/\/content.redfoxlotto.com\/uploads\/sites\/9\/1_ticket_online_buying.jpg"},{"@type":"BreadcrumbList","@id":"https:\/\/redfoxlotto.com\/es\/loterias\/lotto-america\/#breadcrumb","itemListElement":[{"@type":"ListItem","position":1,"name":"Home","item":"https:\/\/redfoxlotto.com\/es\/"},{"@type":"ListItem","position":2,"name":"Loter\u00edas mundiales","item":"https:\/\/redfoxlotto.com\/es\/loterias\/"},{"@type":"ListItem","position":3,"name":"Acerca de la Loter\u00eda de Am\u00e9rica"}]},{"@type":"WebSite","@id":"https:\/\/redfoxlotto.com\/es\/#website","url":"https:\/\/redfoxlotto.com\/es\/","name":"Get Tickets for the World\u2019s largest jackpots","description":"Participate in worldwide lottery jackpots from any country","publisher":{"@id":"https:\/\/redfoxlotto.com\/es\/#organization"},"potentialAction":[{"@type":"SearchAction","target":{"@type":"EntryPoint","urlTemplate":"https:\/\/redfoxlotto.com\/es\/?s={search_term_string}"},"query-input":{"@type":"PropertyValueSpecification","valueRequired":true,"valueName":"search_term_string"}}],"inLanguage":"es"},{"@type":"Organization","@id":"https:\/\/redfoxlotto.com\/es\/#organization","name":"Get Tickets for the World\u2019s largest jackpots","url":"https:\/\/redfoxlotto.com\/es\/","logo":{"@type":"ImageObject","inLanguage":"es","@id":"https:\/\/redfoxlotto.com\/es\/#\/schema\/logo\/image\/","url":"https:\/\/redfoxlotto.com\/wp-content\/uploads\/2023\/04\/logo.png","contentUrl":"https:\/\/redfoxlotto.com\/wp-content\/uploads\/2023\/04\/logo.png","width":269,"height":53,"caption":"Get Tickets for the World\u2019s largest jackpots"},"image":{"@id":"https:\/\/redfoxlotto.com\/es\/#\/schema\/logo\/image\/"}}]}},"_links":{"self":[{"href":"https:\/\/redfoxlotto.com\/es\/wp-json\/wp\/v2\/pages\/14406","targetHints":{"allow":["GET"]}}],"collection":[{"href":"https:\/\/redfoxlotto.com\/es\/wp-json\/wp\/v2\/pages"}],"about":[{"href":"https:\/\/redfoxlotto.com\/es\/wp-json\/wp\/v2\/types\/page"}],"author":[{"embeddable":true,"href":"https:\/\/redfoxlotto.com\/es\/wp-json\/wp\/v2\/users\/1"}],"replies":[{"embeddable":true,"href":"https:\/\/redfoxlotto.com\/es\/wp-json\/wp\/v2\/comments?post=14406"}],"version-history":[{"count":0,"href":"https:\/\/redfoxlotto.com\/es\/wp-json\/wp\/v2\/pages\/14406\/revisions"}],"up":[{"embeddable":true,"href":"https:\/\/redfoxlotto.com\/es\/wp-json\/wp\/v2\/pages\/219"}],"wp:attachment":[{"href":"https:\/\/redfoxlotto.com\/es\/wp-json\/wp\/v2\/media?parent=14406"}],"curies":[{"name":"wp","href":"https:\/\/api.w.org\/{rel}","templated":true}]}}