{"id":14366,"date":"2022-09-26T12:33:09","date_gmt":"2022-09-26T12:33:09","guid":{"rendered":"https:\/\/redfoxlotto.com\/?page_id=14366"},"modified":"2023-05-19T09:41:33","modified_gmt":"2023-05-19T09:41:33","slug":"thunderball","status":"publish","type":"page","link":"https:\/\/redfoxlotto.com\/es\/loterias\/thunderball\/","title":{"rendered":"Acerca de Thunderball"},"content":{"rendered":"<h2 class=\"wp-block-heading\">Comprar boletos para la loter\u00eda Thunderball UK en l\u00ednea<\/h2><p><img loading=\"lazy\" decoding=\"async\" class=\" wp-image alignright\" src=\"https:\/\/content.redfoxlotto.com\/uploads\/sites\/9\/1_online_lottery_jackpot_win.jpg\" alt=\"comprar thunderball en l\u00ednea\" width=\"214\" height=\"195\" \/><\/p><p>Cuando est\u00e9 listo para comprar billetes de Thunderball UK Lotto en l\u00ednea podr\u00e1 ver las opciones en RedFoxLotto.com. Incluso podr\u00eda sorprenderse de lo f\u00e1cil que es jugar. Todo lo que tienes que hacer es seleccionar 5 n\u00fameros regulares y 1 Thunderball. Luego, escoge tus fechas para el sorteo. As\u00ed de f\u00e1cil puedes ganar con tan s\u00f3lo 1 n\u00famero que coincida!<\/p><p><!--more--><\/p><h2 class=\"wp-block-heading\">Comprando sus boletos para la loter\u00eda Thunderball UK Lotto<\/h2><p>Cuando llegue el momento de comprar los billetes de Thunderball UK Lotto en l\u00ednea, necesitar\u00e1 un servicio que le permita elegir los billetes que desee, de cualquier juego que desee. Ah\u00ed es donde entra RedFoxLotto.com. Puedes elegir cualquier juego que quieras jugar y escoger los boletos que quieras.<\/p><p>Seleccionas los n\u00fameros que quieres jugar, o usas Quick Pick para que te seleccionen los n\u00fameros. Luego escoge las fechas y el n\u00famero de sorteos que quieres y tu m\u00e9todo de pago favorito. Una vez que haya comprado sus boletos s\u00f3lo tiene que esperar el sorteo, y con suerte las buenas noticias que le seguir\u00e1n.<\/p><h2 class=\"wp-block-heading\">Revisando sus n\u00fameros ganadores<\/h2><p>Una vez que el sorteo se lleva a cabo puede ingresar nuevamente a su cuenta en RedFoxLotto.com para ver c\u00f3mo se comparan los n\u00fameros de sus billetes con los n\u00fameros ganadores. Estar\u00e1 justo ah\u00ed en su cuenta de billetes y ser\u00e1 mucho m\u00e1s f\u00e1cil para usted. Todo lo que tienes que hacer es ver qu\u00e9 n\u00fameros est\u00e1n resaltados para ver cu\u00e1les coinciden.<\/p>","protected":false},"excerpt":{"rendered":"<p>Comprar boletos para la loter\u00eda Thunderball UK en l\u00ednea Cuando est\u00e9 listo para comprar billetes de Thunderball UK Lotto en l\u00ednea podr\u00e1 ver las opciones en RedFoxLotto.com. Incluso podr\u00eda sorprenderse de lo f\u00e1cil que es jugar. Todo lo que tienes que hacer es seleccionar 5 n\u00fameros regulares y 1 Thunderball. Luego, escoge tus fechas para [&hellip;]<\/p>\n","protected":false},"author":1,"featured_media":0,"parent":219,"menu_order":11,"comment_status":"closed","ping_status":"closed","template":"thunderball-info.php","meta":{"_et_pb_use_builder":"","_et_pb_old_content":"","_et_gb_content_width":"","exclude_from_search":false,"footnotes":""},"class_list":["post-14366","page","type-page","status-publish","hentry"],"yoast_head":"<!-- This site is optimized with the Yoast SEO plugin v23.8 - https:\/\/yoast.com\/wordpress\/plugins\/seo\/ -->\n<title>Compre su billete de la loter\u00eda Thunderball en l\u00ednea<\/title>\n<meta name=\"description\" content=\"Compre billetes para la loter\u00eda Thunderball aunque no viva en el Reino Unido.\" \/>\n<meta name=\"robots\" content=\"index, follow, max-snippet:-1, max-image-preview:large, max-video-preview:-1\" \/>\n<link rel=\"canonical\" href=\"https:\/\/redfoxlotto.com\/es\/loterias\/thunderball\/\" \/>\n<meta property=\"og:locale\" content=\"es_ES\" \/>\n<meta property=\"og:type\" content=\"article\" \/>\n<meta property=\"og:title\" content=\"Compre su billete de la loter\u00eda Thunderball en l\u00ednea\" \/>\n<meta property=\"og:description\" content=\"Compre billetes para la loter\u00eda Thunderball aunque no viva en el Reino Unido.\" \/>\n<meta property=\"og:url\" content=\"https:\/\/redfoxlotto.com\/es\/loterias\/thunderball\/\" \/>\n<meta property=\"og:site_name\" content=\"Get Tickets for the World\u2019s largest jackpots\" \/>\n<meta property=\"article:modified_time\" content=\"2023-05-19T09:41:33+00:00\" \/>\n<meta property=\"og:image\" content=\"https:\/\/content.redfoxlotto.com\/uploads\/sites\/9\/1_online_lottery_jackpot_win.jpg\" \/>\n<meta name=\"twitter:card\" content=\"summary_large_image\" \/>\n<meta name=\"twitter:label1\" content=\"Tiempo de lectura\" \/>\n\t<meta name=\"twitter:data1\" content=\"2 minutos\" \/>\n<script type=\"application\/ld+json\" class=\"yoast-schema-graph\">{\"@context\":\"https:\/\/schema.org\",\"@graph\":[{\"@type\":\"WebPage\",\"@id\":\"https:\/\/redfoxlotto.com\/es\/loterias\/thunderball\/\",\"url\":\"https:\/\/redfoxlotto.com\/es\/loterias\/thunderball\/\",\"name\":\"Compre su billete de la loter\u00eda Thunderball en l\u00ednea\",\"isPartOf\":{\"@id\":\"https:\/\/redfoxlotto.com\/es\/#website\"},\"primaryImageOfPage\":{\"@id\":\"https:\/\/redfoxlotto.com\/es\/loterias\/thunderball\/#primaryimage\"},\"image\":{\"@id\":\"https:\/\/redfoxlotto.com\/es\/loterias\/thunderball\/#primaryimage\"},\"thumbnailUrl\":\"https:\/\/content.redfoxlotto.com\/uploads\/sites\/9\/1_online_lottery_jackpot_win.jpg\",\"datePublished\":\"2022-09-26T12:33:09+00:00\",\"dateModified\":\"2023-05-19T09:41:33+00:00\",\"description\":\"Compre billetes para la loter\u00eda Thunderball aunque no viva en el Reino Unido.\",\"breadcrumb\":{\"@id\":\"https:\/\/redfoxlotto.com\/es\/loterias\/thunderball\/#breadcrumb\"},\"inLanguage\":\"es\",\"potentialAction\":[{\"@type\":\"ReadAction\",\"target\":[\"https:\/\/redfoxlotto.com\/es\/loterias\/thunderball\/\"]}]},{\"@type\":\"ImageObject\",\"inLanguage\":\"es\",\"@id\":\"https:\/\/redfoxlotto.com\/es\/loterias\/thunderball\/#primaryimage\",\"url\":\"https:\/\/content.redfoxlotto.com\/uploads\/sites\/9\/1_online_lottery_jackpot_win.jpg\",\"contentUrl\":\"https:\/\/content.redfoxlotto.com\/uploads\/sites\/9\/1_online_lottery_jackpot_win.jpg\"},{\"@type\":\"BreadcrumbList\",\"@id\":\"https:\/\/redfoxlotto.com\/es\/loterias\/thunderball\/#breadcrumb\",\"itemListElement\":[{\"@type\":\"ListItem\",\"position\":1,\"name\":\"Home\",\"item\":\"https:\/\/redfoxlotto.com\/es\/\"},{\"@type\":\"ListItem\",\"position\":2,\"name\":\"Loter\u00edas mundiales\",\"item\":\"https:\/\/redfoxlotto.com\/es\/loterias\/\"},{\"@type\":\"ListItem\",\"position\":3,\"name\":\"Acerca de Thunderball\"}]},{\"@type\":\"WebSite\",\"@id\":\"https:\/\/redfoxlotto.com\/es\/#website\",\"url\":\"https:\/\/redfoxlotto.com\/es\/\",\"name\":\"Get Tickets for the World\u2019s largest jackpots\",\"description\":\"Participate in worldwide lottery jackpots from any country\",\"publisher\":{\"@id\":\"https:\/\/redfoxlotto.com\/es\/#organization\"},\"potentialAction\":[{\"@type\":\"SearchAction\",\"target\":{\"@type\":\"EntryPoint\",\"urlTemplate\":\"https:\/\/redfoxlotto.com\/es\/?s={search_term_string}\"},\"query-input\":{\"@type\":\"PropertyValueSpecification\",\"valueRequired\":true,\"valueName\":\"search_term_string\"}}],\"inLanguage\":\"es\"},{\"@type\":\"Organization\",\"@id\":\"https:\/\/redfoxlotto.com\/es\/#organization\",\"name\":\"Get Tickets for the World\u2019s largest jackpots\",\"url\":\"https:\/\/redfoxlotto.com\/es\/\",\"logo\":{\"@type\":\"ImageObject\",\"inLanguage\":\"es\",\"@id\":\"https:\/\/redfoxlotto.com\/es\/#\/schema\/logo\/image\/\",\"url\":\"https:\/\/redfoxlotto.com\/wp-content\/uploads\/2023\/04\/logo.png\",\"contentUrl\":\"https:\/\/redfoxlotto.com\/wp-content\/uploads\/2023\/04\/logo.png\",\"width\":269,\"height\":53,\"caption\":\"Get Tickets for the World\u2019s largest jackpots\"},\"image\":{\"@id\":\"https:\/\/redfoxlotto.com\/es\/#\/schema\/logo\/image\/\"}}]}<\/script>\n<!-- \/ Yoast SEO plugin. -->","yoast_head_json":{"title":"Compre su billete de la loter\u00eda Thunderball en l\u00ednea","description":"Compre billetes para la loter\u00eda Thunderball aunque no viva en el Reino Unido.","robots":{"index":"index","follow":"follow","max-snippet":"max-snippet:-1","max-image-preview":"max-image-preview:large","max-video-preview":"max-video-preview:-1"},"canonical":"https:\/\/redfoxlotto.com\/es\/loterias\/thunderball\/","og_locale":"es_ES","og_type":"article","og_title":"Compre su billete de la loter\u00eda Thunderball en l\u00ednea","og_description":"Compre billetes para la loter\u00eda Thunderball aunque no viva en el Reino Unido.","og_url":"https:\/\/redfoxlotto.com\/es\/loterias\/thunderball\/","og_site_name":"Get Tickets for the World\u2019s largest jackpots","article_modified_time":"2023-05-19T09:41:33+00:00","og_image":[{"url":"https:\/\/content.redfoxlotto.com\/uploads\/sites\/9\/1_online_lottery_jackpot_win.jpg"}],"twitter_card":"summary_large_image","twitter_misc":{"Tiempo de lectura":"2 minutos"},"schema":{"@context":"https:\/\/schema.org","@graph":[{"@type":"WebPage","@id":"https:\/\/redfoxlotto.com\/es\/loterias\/thunderball\/","url":"https:\/\/redfoxlotto.com\/es\/loterias\/thunderball\/","name":"Compre su billete de la loter\u00eda Thunderball en l\u00ednea","isPartOf":{"@id":"https:\/\/redfoxlotto.com\/es\/#website"},"primaryImageOfPage":{"@id":"https:\/\/redfoxlotto.com\/es\/loterias\/thunderball\/#primaryimage"},"image":{"@id":"https:\/\/redfoxlotto.com\/es\/loterias\/thunderball\/#primaryimage"},"thumbnailUrl":"https:\/\/content.redfoxlotto.com\/uploads\/sites\/9\/1_online_lottery_jackpot_win.jpg","datePublished":"2022-09-26T12:33:09+00:00","dateModified":"2023-05-19T09:41:33+00:00","description":"Compre billetes para la loter\u00eda Thunderball aunque no viva en el Reino Unido.","breadcrumb":{"@id":"https:\/\/redfoxlotto.com\/es\/loterias\/thunderball\/#breadcrumb"},"inLanguage":"es","potentialAction":[{"@type":"ReadAction","target":["https:\/\/redfoxlotto.com\/es\/loterias\/thunderball\/"]}]},{"@type":"ImageObject","inLanguage":"es","@id":"https:\/\/redfoxlotto.com\/es\/loterias\/thunderball\/#primaryimage","url":"https:\/\/content.redfoxlotto.com\/uploads\/sites\/9\/1_online_lottery_jackpot_win.jpg","contentUrl":"https:\/\/content.redfoxlotto.com\/uploads\/sites\/9\/1_online_lottery_jackpot_win.jpg"},{"@type":"BreadcrumbList","@id":"https:\/\/redfoxlotto.com\/es\/loterias\/thunderball\/#breadcrumb","itemListElement":[{"@type":"ListItem","position":1,"name":"Home","item":"https:\/\/redfoxlotto.com\/es\/"},{"@type":"ListItem","position":2,"name":"Loter\u00edas mundiales","item":"https:\/\/redfoxlotto.com\/es\/loterias\/"},{"@type":"ListItem","position":3,"name":"Acerca de Thunderball"}]},{"@type":"WebSite","@id":"https:\/\/redfoxlotto.com\/es\/#website","url":"https:\/\/redfoxlotto.com\/es\/","name":"Get Tickets for the World\u2019s largest jackpots","description":"Participate in worldwide lottery jackpots from any country","publisher":{"@id":"https:\/\/redfoxlotto.com\/es\/#organization"},"potentialAction":[{"@type":"SearchAction","target":{"@type":"EntryPoint","urlTemplate":"https:\/\/redfoxlotto.com\/es\/?s={search_term_string}"},"query-input":{"@type":"PropertyValueSpecification","valueRequired":true,"valueName":"search_term_string"}}],"inLanguage":"es"},{"@type":"Organization","@id":"https:\/\/redfoxlotto.com\/es\/#organization","name":"Get Tickets for the World\u2019s largest jackpots","url":"https:\/\/redfoxlotto.com\/es\/","logo":{"@type":"ImageObject","inLanguage":"es","@id":"https:\/\/redfoxlotto.com\/es\/#\/schema\/logo\/image\/","url":"https:\/\/redfoxlotto.com\/wp-content\/uploads\/2023\/04\/logo.png","contentUrl":"https:\/\/redfoxlotto.com\/wp-content\/uploads\/2023\/04\/logo.png","width":269,"height":53,"caption":"Get Tickets for the World\u2019s largest jackpots"},"image":{"@id":"https:\/\/redfoxlotto.com\/es\/#\/schema\/logo\/image\/"}}]}},"_links":{"self":[{"href":"https:\/\/redfoxlotto.com\/es\/wp-json\/wp\/v2\/pages\/14366","targetHints":{"allow":["GET"]}}],"collection":[{"href":"https:\/\/redfoxlotto.com\/es\/wp-json\/wp\/v2\/pages"}],"about":[{"href":"https:\/\/redfoxlotto.com\/es\/wp-json\/wp\/v2\/types\/page"}],"author":[{"embeddable":true,"href":"https:\/\/redfoxlotto.com\/es\/wp-json\/wp\/v2\/users\/1"}],"replies":[{"embeddable":true,"href":"https:\/\/redfoxlotto.com\/es\/wp-json\/wp\/v2\/comments?post=14366"}],"version-history":[{"count":0,"href":"https:\/\/redfoxlotto.com\/es\/wp-json\/wp\/v2\/pages\/14366\/revisions"}],"up":[{"embeddable":true,"href":"https:\/\/redfoxlotto.com\/es\/wp-json\/wp\/v2\/pages\/219"}],"wp:attachment":[{"href":"https:\/\/redfoxlotto.com\/es\/wp-json\/wp\/v2\/media?parent=14366"}],"curies":[{"name":"wp","href":"https:\/\/api.w.org\/{rel}","templated":true}]}}