{"id":13644,"date":"2020-08-18T09:08:19","date_gmt":"2020-08-18T09:08:19","guid":{"rendered":"https:\/\/redfoxlotto.com\/?page_id=13644"},"modified":"2023-05-14T10:31:26","modified_gmt":"2023-05-14T10:31:26","slug":"thunderball","status":"publish","type":"page","link":"https:\/\/redfoxlotto.com\/es\/resultados\/thunderball\/","title":{"rendered":"Resultados del Thunderball"},"content":{"rendered":"<h2 class=\"wp-block-heading\">N\u00fameros ganadores de la loter\u00eda brit\u00e1nica Thunderball<\/h2><p><img loading=\"lazy\" decoding=\"async\" class=\" wp-image alignright\" src=\"https:\/\/content.redfoxlotto.com\/uploads\/sites\/9\/1_online_lotto_results.jpg\" alt=\"resultados de thunderball\" width=\"258\" height=\"258\" \/><\/p><p>\u00bfQu\u00e9 haces si te has perdido el sorteo y quieres comprobar los \u00faltimos n\u00fameros ganadores? Bueno, est\u00e1s de suerte, porque comprobar los n\u00fameros ganadores de la loter\u00eda Thunderball UK es f\u00e1cil. Si a\u00fan no ha habido otro sorteo, puede visitar el sitio web. Si lo ha habido, es posible que tenga que revisar el archivo de resultados.<\/p><h2 class=\"wp-block-heading\">Comprobando los n\u00fameros actuales<\/h2><p>Si has jugado el juego y quieres ver los \u00faltimos n\u00fameros ganadores, puedes ir directamente a tu cuenta y hacer clic en \u00abMis boletos\u00bb. Desde all\u00ed, podr\u00e1s ver c\u00f3mo tus n\u00fameros se comparan con los n\u00fameros ganadores. Y eso significa que puedes ver cu\u00e1nto has ganado.<\/p><p>Cualquier n\u00famero que coincida con los n\u00fameros ganadores ser\u00e1 resaltado, lo que hace mucho m\u00e1s f\u00e1cil para usted comprobar su premio. Y en RedFoxLotto.com ya reclamaremos su cantidad ganadora para premios m\u00e1s peque\u00f1os, as\u00ed que ser\u00e1 depositada directamente en su cuenta.<\/p><h2 class=\"wp-block-heading\">N\u00fameros ganadores de la loter\u00eda brit\u00e1nica Old Thunderball<\/h2><p><img loading=\"lazy\" decoding=\"async\" class=\" wp-image alignright\" src=\"https:\/\/content.redfoxlotto.com\/uploads\/sites\/9\/1_winner_lottery_jackpot.jpg\" alt=\"n\u00fameros ganadores de la loter\u00eda\" width=\"277\" height=\"166\" \/><\/p><p>Para algunos, los n\u00fameros actuales no son suficientes para tomar una decisi\u00f3n. Puede que quieras n\u00fameros m\u00e1s antiguos para poder decidir c\u00f3mo quieres jugar. O puede que tengas boletos m\u00e1s antiguos que quieras comparar con los juegos para los que fueron sorteados.<br>Si necesitas n\u00fameros antiguos de la Thunderball UK Lotto, puedes consultar el archivo para saber m\u00e1s y comprobar cualquier informaci\u00f3n que puedas necesitar. Incluso puedes volver a varios juegos para obtener todos los n\u00fameros.<\/p>","protected":false},"excerpt":{"rendered":"<p>N\u00fameros ganadores de la loter\u00eda brit\u00e1nica Thunderball \u00bfQu\u00e9 haces si te has perdido el sorteo y quieres comprobar los \u00faltimos n\u00fameros ganadores? Bueno, est\u00e1s de suerte, porque comprobar los n\u00fameros ganadores de la loter\u00eda Thunderball UK es f\u00e1cil. Si a\u00fan no ha habido otro sorteo, puede visitar el sitio web. Si lo ha habido, es [&hellip;]<\/p>\n","protected":false},"author":1,"featured_media":0,"parent":227,"menu_order":11,"comment_status":"closed","ping_status":"closed","template":"thunderball-results.php","meta":{"_et_pb_use_builder":"","_et_pb_old_content":"","_et_gb_content_width":"","exclude_from_search":false,"footnotes":""},"class_list":["post-13644","page","type-page","status-publish","hentry"],"yoast_head":"<!-- This site is optimized with the Yoast SEO plugin v23.8 - https:\/\/yoast.com\/wordpress\/plugins\/seo\/ -->\n<title>N\u00fameros y resultados actuales y recientes de Thunderball UK<\/title>\n<meta name=\"description\" content=\"Compare los n\u00fameros de sus boletos de loter\u00eda con los resultados del sorteo del Thunderball aqu\u00ed\" \/>\n<meta name=\"robots\" content=\"index, follow, max-snippet:-1, max-image-preview:large, max-video-preview:-1\" \/>\n<link rel=\"canonical\" href=\"https:\/\/redfoxlotto.com\/es\/resultados\/thunderball\/\" \/>\n<meta property=\"og:locale\" content=\"es_ES\" \/>\n<meta property=\"og:type\" content=\"article\" \/>\n<meta property=\"og:title\" content=\"N\u00fameros y resultados actuales y recientes de Thunderball UK\" \/>\n<meta property=\"og:description\" content=\"Compare los n\u00fameros de sus boletos de loter\u00eda con los resultados del sorteo del Thunderball aqu\u00ed\" \/>\n<meta property=\"og:url\" content=\"https:\/\/redfoxlotto.com\/es\/resultados\/thunderball\/\" \/>\n<meta property=\"og:site_name\" content=\"Get Tickets for the World\u2019s largest jackpots\" \/>\n<meta property=\"article:modified_time\" content=\"2023-05-14T10:31:26+00:00\" \/>\n<meta property=\"og:image\" content=\"https:\/\/content.redfoxlotto.com\/uploads\/sites\/9\/1_online_lotto_results.jpg\" \/>\n<meta name=\"twitter:card\" content=\"summary_large_image\" \/>\n<meta name=\"twitter:label1\" content=\"Tiempo de lectura\" \/>\n\t<meta name=\"twitter:data1\" content=\"2 minutos\" \/>\n<script type=\"application\/ld+json\" class=\"yoast-schema-graph\">{\"@context\":\"https:\/\/schema.org\",\"@graph\":[{\"@type\":\"WebPage\",\"@id\":\"https:\/\/redfoxlotto.com\/es\/resultados\/thunderball\/\",\"url\":\"https:\/\/redfoxlotto.com\/es\/resultados\/thunderball\/\",\"name\":\"N\u00fameros y resultados actuales y recientes de Thunderball UK\",\"isPartOf\":{\"@id\":\"https:\/\/redfoxlotto.com\/es\/#website\"},\"primaryImageOfPage\":{\"@id\":\"https:\/\/redfoxlotto.com\/es\/resultados\/thunderball\/#primaryimage\"},\"image\":{\"@id\":\"https:\/\/redfoxlotto.com\/es\/resultados\/thunderball\/#primaryimage\"},\"thumbnailUrl\":\"https:\/\/content.redfoxlotto.com\/uploads\/sites\/9\/1_online_lotto_results.jpg\",\"datePublished\":\"2020-08-18T09:08:19+00:00\",\"dateModified\":\"2023-05-14T10:31:26+00:00\",\"description\":\"Compare los n\u00fameros de sus boletos de loter\u00eda con los resultados del sorteo del Thunderball aqu\u00ed\",\"breadcrumb\":{\"@id\":\"https:\/\/redfoxlotto.com\/es\/resultados\/thunderball\/#breadcrumb\"},\"inLanguage\":\"es\",\"potentialAction\":[{\"@type\":\"ReadAction\",\"target\":[\"https:\/\/redfoxlotto.com\/es\/resultados\/thunderball\/\"]}]},{\"@type\":\"ImageObject\",\"inLanguage\":\"es\",\"@id\":\"https:\/\/redfoxlotto.com\/es\/resultados\/thunderball\/#primaryimage\",\"url\":\"https:\/\/content.redfoxlotto.com\/uploads\/sites\/9\/1_online_lotto_results.jpg\",\"contentUrl\":\"https:\/\/content.redfoxlotto.com\/uploads\/sites\/9\/1_online_lotto_results.jpg\"},{\"@type\":\"BreadcrumbList\",\"@id\":\"https:\/\/redfoxlotto.com\/es\/resultados\/thunderball\/#breadcrumb\",\"itemListElement\":[{\"@type\":\"ListItem\",\"position\":1,\"name\":\"Home\",\"item\":\"https:\/\/redfoxlotto.com\/es\/\"},{\"@type\":\"ListItem\",\"position\":2,\"name\":\"Resultados y n\u00fameros ganadores de loto en el mundo\",\"item\":\"https:\/\/redfoxlotto.com\/es\/resultados\/\"},{\"@type\":\"ListItem\",\"position\":3,\"name\":\"Resultados del Thunderball\"}]},{\"@type\":\"WebSite\",\"@id\":\"https:\/\/redfoxlotto.com\/es\/#website\",\"url\":\"https:\/\/redfoxlotto.com\/es\/\",\"name\":\"Get Tickets for the World\u2019s largest jackpots\",\"description\":\"Participate in worldwide lottery jackpots from any country\",\"publisher\":{\"@id\":\"https:\/\/redfoxlotto.com\/es\/#organization\"},\"potentialAction\":[{\"@type\":\"SearchAction\",\"target\":{\"@type\":\"EntryPoint\",\"urlTemplate\":\"https:\/\/redfoxlotto.com\/es\/?s={search_term_string}\"},\"query-input\":{\"@type\":\"PropertyValueSpecification\",\"valueRequired\":true,\"valueName\":\"search_term_string\"}}],\"inLanguage\":\"es\"},{\"@type\":\"Organization\",\"@id\":\"https:\/\/redfoxlotto.com\/es\/#organization\",\"name\":\"Get Tickets for the World\u2019s largest jackpots\",\"url\":\"https:\/\/redfoxlotto.com\/es\/\",\"logo\":{\"@type\":\"ImageObject\",\"inLanguage\":\"es\",\"@id\":\"https:\/\/redfoxlotto.com\/es\/#\/schema\/logo\/image\/\",\"url\":\"https:\/\/redfoxlotto.com\/wp-content\/uploads\/2023\/04\/logo.png\",\"contentUrl\":\"https:\/\/redfoxlotto.com\/wp-content\/uploads\/2023\/04\/logo.png\",\"width\":269,\"height\":53,\"caption\":\"Get Tickets for the World\u2019s largest jackpots\"},\"image\":{\"@id\":\"https:\/\/redfoxlotto.com\/es\/#\/schema\/logo\/image\/\"}}]}<\/script>\n<!-- \/ Yoast SEO plugin. -->","yoast_head_json":{"title":"N\u00fameros y resultados actuales y recientes de Thunderball UK","description":"Compare los n\u00fameros de sus boletos de loter\u00eda con los resultados del sorteo del Thunderball aqu\u00ed","robots":{"index":"index","follow":"follow","max-snippet":"max-snippet:-1","max-image-preview":"max-image-preview:large","max-video-preview":"max-video-preview:-1"},"canonical":"https:\/\/redfoxlotto.com\/es\/resultados\/thunderball\/","og_locale":"es_ES","og_type":"article","og_title":"N\u00fameros y resultados actuales y recientes de Thunderball UK","og_description":"Compare los n\u00fameros de sus boletos de loter\u00eda con los resultados del sorteo del Thunderball aqu\u00ed","og_url":"https:\/\/redfoxlotto.com\/es\/resultados\/thunderball\/","og_site_name":"Get Tickets for the World\u2019s largest jackpots","article_modified_time":"2023-05-14T10:31:26+00:00","og_image":[{"url":"https:\/\/content.redfoxlotto.com\/uploads\/sites\/9\/1_online_lotto_results.jpg"}],"twitter_card":"summary_large_image","twitter_misc":{"Tiempo de lectura":"2 minutos"},"schema":{"@context":"https:\/\/schema.org","@graph":[{"@type":"WebPage","@id":"https:\/\/redfoxlotto.com\/es\/resultados\/thunderball\/","url":"https:\/\/redfoxlotto.com\/es\/resultados\/thunderball\/","name":"N\u00fameros y resultados actuales y recientes de Thunderball UK","isPartOf":{"@id":"https:\/\/redfoxlotto.com\/es\/#website"},"primaryImageOfPage":{"@id":"https:\/\/redfoxlotto.com\/es\/resultados\/thunderball\/#primaryimage"},"image":{"@id":"https:\/\/redfoxlotto.com\/es\/resultados\/thunderball\/#primaryimage"},"thumbnailUrl":"https:\/\/content.redfoxlotto.com\/uploads\/sites\/9\/1_online_lotto_results.jpg","datePublished":"2020-08-18T09:08:19+00:00","dateModified":"2023-05-14T10:31:26+00:00","description":"Compare los n\u00fameros de sus boletos de loter\u00eda con los resultados del sorteo del Thunderball aqu\u00ed","breadcrumb":{"@id":"https:\/\/redfoxlotto.com\/es\/resultados\/thunderball\/#breadcrumb"},"inLanguage":"es","potentialAction":[{"@type":"ReadAction","target":["https:\/\/redfoxlotto.com\/es\/resultados\/thunderball\/"]}]},{"@type":"ImageObject","inLanguage":"es","@id":"https:\/\/redfoxlotto.com\/es\/resultados\/thunderball\/#primaryimage","url":"https:\/\/content.redfoxlotto.com\/uploads\/sites\/9\/1_online_lotto_results.jpg","contentUrl":"https:\/\/content.redfoxlotto.com\/uploads\/sites\/9\/1_online_lotto_results.jpg"},{"@type":"BreadcrumbList","@id":"https:\/\/redfoxlotto.com\/es\/resultados\/thunderball\/#breadcrumb","itemListElement":[{"@type":"ListItem","position":1,"name":"Home","item":"https:\/\/redfoxlotto.com\/es\/"},{"@type":"ListItem","position":2,"name":"Resultados y n\u00fameros ganadores de loto en el mundo","item":"https:\/\/redfoxlotto.com\/es\/resultados\/"},{"@type":"ListItem","position":3,"name":"Resultados del Thunderball"}]},{"@type":"WebSite","@id":"https:\/\/redfoxlotto.com\/es\/#website","url":"https:\/\/redfoxlotto.com\/es\/","name":"Get Tickets for the World\u2019s largest jackpots","description":"Participate in worldwide lottery jackpots from any country","publisher":{"@id":"https:\/\/redfoxlotto.com\/es\/#organization"},"potentialAction":[{"@type":"SearchAction","target":{"@type":"EntryPoint","urlTemplate":"https:\/\/redfoxlotto.com\/es\/?s={search_term_string}"},"query-input":{"@type":"PropertyValueSpecification","valueRequired":true,"valueName":"search_term_string"}}],"inLanguage":"es"},{"@type":"Organization","@id":"https:\/\/redfoxlotto.com\/es\/#organization","name":"Get Tickets for the World\u2019s largest jackpots","url":"https:\/\/redfoxlotto.com\/es\/","logo":{"@type":"ImageObject","inLanguage":"es","@id":"https:\/\/redfoxlotto.com\/es\/#\/schema\/logo\/image\/","url":"https:\/\/redfoxlotto.com\/wp-content\/uploads\/2023\/04\/logo.png","contentUrl":"https:\/\/redfoxlotto.com\/wp-content\/uploads\/2023\/04\/logo.png","width":269,"height":53,"caption":"Get Tickets for the World\u2019s largest jackpots"},"image":{"@id":"https:\/\/redfoxlotto.com\/es\/#\/schema\/logo\/image\/"}}]}},"_links":{"self":[{"href":"https:\/\/redfoxlotto.com\/es\/wp-json\/wp\/v2\/pages\/13644","targetHints":{"allow":["GET"]}}],"collection":[{"href":"https:\/\/redfoxlotto.com\/es\/wp-json\/wp\/v2\/pages"}],"about":[{"href":"https:\/\/redfoxlotto.com\/es\/wp-json\/wp\/v2\/types\/page"}],"author":[{"embeddable":true,"href":"https:\/\/redfoxlotto.com\/es\/wp-json\/wp\/v2\/users\/1"}],"replies":[{"embeddable":true,"href":"https:\/\/redfoxlotto.com\/es\/wp-json\/wp\/v2\/comments?post=13644"}],"version-history":[{"count":0,"href":"https:\/\/redfoxlotto.com\/es\/wp-json\/wp\/v2\/pages\/13644\/revisions"}],"up":[{"embeddable":true,"href":"https:\/\/redfoxlotto.com\/es\/wp-json\/wp\/v2\/pages\/227"}],"wp:attachment":[{"href":"https:\/\/redfoxlotto.com\/es\/wp-json\/wp\/v2\/media?parent=13644"}],"curies":[{"name":"wp","href":"https:\/\/api.w.org\/{rel}","templated":true}]}}