{"id":13512,"date":"2020-07-20T08:57:09","date_gmt":"2020-07-20T08:57:09","guid":{"rendered":"https:\/\/redfoxlotto.com\/?page_id=13512"},"modified":"2023-05-14T10:31:16","modified_gmt":"2023-05-14T10:31:16","slug":"mega-sena","status":"publish","type":"page","link":"https:\/\/redfoxlotto.com\/es\/resultados\/mega-sena\/","title":{"rendered":"Resultados de la Mega Sena"},"content":{"rendered":"<h2 class=\"wp-block-heading\">N\u00fameros ganadores del Mega Sena Brasil<\/h2><p><img loading=\"lazy\" decoding=\"async\" class=\" wp-image alignright\" src=\"https:\/\/content.redfoxlotto.com\/uploads\/sites\/9\/1_you_win_jackpot.jpg\" alt=\"ganar el premio mayor de la loter\u00eda\" width=\"243\" height=\"243\" \/><\/p><p>Si ya has jugado en la Mega Sena entonces necesitas saber si has ganado, \u00bfverdad? Entonces, \u00bfc\u00f3mo se comprueban los n\u00fameros ganadores de la Mega Sena Brasil? S\u00f3lo tienes que visitar tu cuenta en RedFoxLotto.com. Podr\u00e1s encontrar los \u00faltimos resultados del juego y si has jugado, podr\u00e1s encontrarlos a\u00fan m\u00e1s f\u00e1cilmente.<\/p><h2 class=\"wp-block-heading\">Revisando tus n\u00fameros<\/h2><p>Si quieres saber si has ganado en el Mega Sena Brasil, s\u00f3lo tienes que ir a la p\u00e1gina de entradas de tu cuenta. Desde all\u00ed puede ver sus n\u00fameros comparados con los n\u00fameros ganadores. Eso hace que sea a\u00fan m\u00e1s f\u00e1cil para usted saber lo que ha ganado y qu\u00e9 n\u00fameros fueron buenos o no.<\/p><p>Pero usted no necesita preocuparse por nada porque cualquier cosa que gane ser\u00e1 autom\u00e1ticamente reclamado por usted y luego depositado en su cuenta. De esa manera, puede sentarse y relajarse una vez que haya comprado su billete. Por lo menos, hasta que sea el momento de comprar el siguiente.<\/p><h2 class=\"wp-block-heading\">Revisando viejos n\u00fameros ganadores<\/h2><p>Si tienes un billete antiguo que quieres comprobar puedes hacerlo mirando en el archivo. Examinar los viejos n\u00fameros ganadores de Mega Sena Brasil tambi\u00e9n es bueno si planea apostar algunos de esos n\u00fameros. Todo lo que tienes que hacer es echar un vistazo y podr\u00e1s ver qu\u00e9 n\u00fameros han salido m\u00e1s (o menos) a menudo.<\/p>","protected":false},"excerpt":{"rendered":"<p>N\u00fameros ganadores del Mega Sena Brasil Si ya has jugado en la Mega Sena entonces necesitas saber si has ganado, \u00bfverdad? Entonces, \u00bfc\u00f3mo se comprueban los n\u00fameros ganadores de la Mega Sena Brasil? S\u00f3lo tienes que visitar tu cuenta en RedFoxLotto.com. Podr\u00e1s encontrar los \u00faltimos resultados del juego y si has jugado, podr\u00e1s encontrarlos a\u00fan [&hellip;]<\/p>\n","protected":false},"author":1,"featured_media":0,"parent":227,"menu_order":13,"comment_status":"closed","ping_status":"closed","template":"megasena-results.php","meta":{"_et_pb_use_builder":"","_et_pb_old_content":"","_et_gb_content_width":"","exclude_from_search":false,"footnotes":""},"class_list":["post-13512","page","type-page","status-publish","hentry"],"yoast_head":"<!-- This site is optimized with the Yoast SEO plugin v27.3 - https:\/\/yoast.com\/product\/yoast-seo-wordpress\/ -->\n<title>N\u00fameros ganadores Mega Sena | Resultados del sorteo de la Mega Sena de Brasil<\/title>\n<meta name=\"description\" content=\"Mira los n\u00fameros ganadores m\u00e1s recientes y pasados de Mega Sena\" \/>\n<meta name=\"robots\" content=\"index, follow, max-snippet:-1, max-image-preview:large, max-video-preview:-1\" \/>\n<link rel=\"canonical\" href=\"https:\/\/redfoxlotto.com\/es\/resultados\/mega-sena\/\" \/>\n<meta property=\"og:locale\" content=\"es_ES\" \/>\n<meta property=\"og:type\" content=\"article\" \/>\n<meta property=\"og:title\" content=\"N\u00fameros ganadores Mega Sena | Resultados del sorteo de la Mega Sena de Brasil\" \/>\n<meta property=\"og:description\" content=\"Mira los n\u00fameros ganadores m\u00e1s recientes y pasados de Mega Sena\" \/>\n<meta property=\"og:url\" content=\"https:\/\/redfoxlotto.com\/es\/resultados\/mega-sena\/\" \/>\n<meta property=\"og:site_name\" content=\"Get Tickets for the World\u2019s largest jackpots\" \/>\n<meta property=\"article:modified_time\" content=\"2023-05-14T10:31:16+00:00\" \/>\n<meta property=\"og:image\" content=\"https:\/\/content.redfoxlotto.com\/uploads\/sites\/9\/1_you_win_jackpot.jpg\" \/>\n<meta name=\"twitter:card\" content=\"summary_large_image\" \/>\n<meta name=\"twitter:label1\" content=\"Tiempo de lectura\" \/>\n\t<meta name=\"twitter:data1\" content=\"2 minutos\" \/>\n<script type=\"application\/ld+json\" class=\"yoast-schema-graph\">{\"@context\":\"https:\\\/\\\/schema.org\",\"@graph\":[{\"@type\":\"WebPage\",\"@id\":\"https:\\\/\\\/redfoxlotto.com\\\/es\\\/resultados\\\/mega-sena\\\/\",\"url\":\"https:\\\/\\\/redfoxlotto.com\\\/es\\\/resultados\\\/mega-sena\\\/\",\"name\":\"N\u00fameros ganadores Mega Sena | Resultados del sorteo de la Mega Sena de Brasil\",\"isPartOf\":{\"@id\":\"https:\\\/\\\/redfoxlotto.com\\\/es\\\/#website\"},\"primaryImageOfPage\":{\"@id\":\"https:\\\/\\\/redfoxlotto.com\\\/es\\\/resultados\\\/mega-sena\\\/#primaryimage\"},\"image\":{\"@id\":\"https:\\\/\\\/redfoxlotto.com\\\/es\\\/resultados\\\/mega-sena\\\/#primaryimage\"},\"thumbnailUrl\":\"https:\\\/\\\/content.redfoxlotto.com\\\/uploads\\\/sites\\\/9\\\/1_you_win_jackpot.jpg\",\"datePublished\":\"2020-07-20T08:57:09+00:00\",\"dateModified\":\"2023-05-14T10:31:16+00:00\",\"description\":\"Mira los n\u00fameros ganadores m\u00e1s recientes y pasados de Mega Sena\",\"breadcrumb\":{\"@id\":\"https:\\\/\\\/redfoxlotto.com\\\/es\\\/resultados\\\/mega-sena\\\/#breadcrumb\"},\"inLanguage\":\"es\",\"potentialAction\":[{\"@type\":\"ReadAction\",\"target\":[\"https:\\\/\\\/redfoxlotto.com\\\/es\\\/resultados\\\/mega-sena\\\/\"]}]},{\"@type\":\"ImageObject\",\"inLanguage\":\"es\",\"@id\":\"https:\\\/\\\/redfoxlotto.com\\\/es\\\/resultados\\\/mega-sena\\\/#primaryimage\",\"url\":\"https:\\\/\\\/content.redfoxlotto.com\\\/uploads\\\/sites\\\/9\\\/1_you_win_jackpot.jpg\",\"contentUrl\":\"https:\\\/\\\/content.redfoxlotto.com\\\/uploads\\\/sites\\\/9\\\/1_you_win_jackpot.jpg\"},{\"@type\":\"BreadcrumbList\",\"@id\":\"https:\\\/\\\/redfoxlotto.com\\\/es\\\/resultados\\\/mega-sena\\\/#breadcrumb\",\"itemListElement\":[{\"@type\":\"ListItem\",\"position\":1,\"name\":\"Home\",\"item\":\"https:\\\/\\\/redfoxlotto.com\\\/es\\\/\"},{\"@type\":\"ListItem\",\"position\":2,\"name\":\"Resultados y n\u00fameros ganadores de loto en el mundo\",\"item\":\"https:\\\/\\\/redfoxlotto.com\\\/es\\\/resultados\\\/\"},{\"@type\":\"ListItem\",\"position\":3,\"name\":\"Resultados de la Mega Sena\"}]},{\"@type\":\"WebSite\",\"@id\":\"https:\\\/\\\/redfoxlotto.com\\\/es\\\/#website\",\"url\":\"https:\\\/\\\/redfoxlotto.com\\\/es\\\/\",\"name\":\"Get Tickets for the World\u2019s largest jackpots\",\"description\":\"Participate in worldwide lottery jackpots from any country\",\"publisher\":{\"@id\":\"https:\\\/\\\/redfoxlotto.com\\\/es\\\/#organization\"},\"potentialAction\":[{\"@type\":\"SearchAction\",\"target\":{\"@type\":\"EntryPoint\",\"urlTemplate\":\"https:\\\/\\\/redfoxlotto.com\\\/es\\\/?s={search_term_string}\"},\"query-input\":{\"@type\":\"PropertyValueSpecification\",\"valueRequired\":true,\"valueName\":\"search_term_string\"}}],\"inLanguage\":\"es\"},{\"@type\":\"Organization\",\"@id\":\"https:\\\/\\\/redfoxlotto.com\\\/es\\\/#organization\",\"name\":\"Get Tickets for the World\u2019s largest jackpots\",\"url\":\"https:\\\/\\\/redfoxlotto.com\\\/es\\\/\",\"logo\":{\"@type\":\"ImageObject\",\"inLanguage\":\"es\",\"@id\":\"https:\\\/\\\/redfoxlotto.com\\\/es\\\/#\\\/schema\\\/logo\\\/image\\\/\",\"url\":\"https:\\\/\\\/redfoxlotto.com\\\/wp-content\\\/uploads\\\/2023\\\/04\\\/logo.png\",\"contentUrl\":\"https:\\\/\\\/redfoxlotto.com\\\/wp-content\\\/uploads\\\/2023\\\/04\\\/logo.png\",\"width\":269,\"height\":53,\"caption\":\"Get Tickets for the World\u2019s largest jackpots\"},\"image\":{\"@id\":\"https:\\\/\\\/redfoxlotto.com\\\/es\\\/#\\\/schema\\\/logo\\\/image\\\/\"}}]}<\/script>\n<!-- \/ Yoast SEO plugin. -->","yoast_head_json":{"title":"N\u00fameros ganadores Mega Sena | Resultados del sorteo de la Mega Sena de Brasil","description":"Mira los n\u00fameros ganadores m\u00e1s recientes y pasados de Mega Sena","robots":{"index":"index","follow":"follow","max-snippet":"max-snippet:-1","max-image-preview":"max-image-preview:large","max-video-preview":"max-video-preview:-1"},"canonical":"https:\/\/redfoxlotto.com\/es\/resultados\/mega-sena\/","og_locale":"es_ES","og_type":"article","og_title":"N\u00fameros ganadores Mega Sena | Resultados del sorteo de la Mega Sena de Brasil","og_description":"Mira los n\u00fameros ganadores m\u00e1s recientes y pasados de Mega Sena","og_url":"https:\/\/redfoxlotto.com\/es\/resultados\/mega-sena\/","og_site_name":"Get Tickets for the World\u2019s largest jackpots","article_modified_time":"2023-05-14T10:31:16+00:00","og_image":[{"url":"https:\/\/content.redfoxlotto.com\/uploads\/sites\/9\/1_you_win_jackpot.jpg","type":"","width":"","height":""}],"twitter_card":"summary_large_image","twitter_misc":{"Tiempo de lectura":"2 minutos"},"schema":{"@context":"https:\/\/schema.org","@graph":[{"@type":"WebPage","@id":"https:\/\/redfoxlotto.com\/es\/resultados\/mega-sena\/","url":"https:\/\/redfoxlotto.com\/es\/resultados\/mega-sena\/","name":"N\u00fameros ganadores Mega Sena | Resultados del sorteo de la Mega Sena de Brasil","isPartOf":{"@id":"https:\/\/redfoxlotto.com\/es\/#website"},"primaryImageOfPage":{"@id":"https:\/\/redfoxlotto.com\/es\/resultados\/mega-sena\/#primaryimage"},"image":{"@id":"https:\/\/redfoxlotto.com\/es\/resultados\/mega-sena\/#primaryimage"},"thumbnailUrl":"https:\/\/content.redfoxlotto.com\/uploads\/sites\/9\/1_you_win_jackpot.jpg","datePublished":"2020-07-20T08:57:09+00:00","dateModified":"2023-05-14T10:31:16+00:00","description":"Mira los n\u00fameros ganadores m\u00e1s recientes y pasados de Mega Sena","breadcrumb":{"@id":"https:\/\/redfoxlotto.com\/es\/resultados\/mega-sena\/#breadcrumb"},"inLanguage":"es","potentialAction":[{"@type":"ReadAction","target":["https:\/\/redfoxlotto.com\/es\/resultados\/mega-sena\/"]}]},{"@type":"ImageObject","inLanguage":"es","@id":"https:\/\/redfoxlotto.com\/es\/resultados\/mega-sena\/#primaryimage","url":"https:\/\/content.redfoxlotto.com\/uploads\/sites\/9\/1_you_win_jackpot.jpg","contentUrl":"https:\/\/content.redfoxlotto.com\/uploads\/sites\/9\/1_you_win_jackpot.jpg"},{"@type":"BreadcrumbList","@id":"https:\/\/redfoxlotto.com\/es\/resultados\/mega-sena\/#breadcrumb","itemListElement":[{"@type":"ListItem","position":1,"name":"Home","item":"https:\/\/redfoxlotto.com\/es\/"},{"@type":"ListItem","position":2,"name":"Resultados y n\u00fameros ganadores de loto en el mundo","item":"https:\/\/redfoxlotto.com\/es\/resultados\/"},{"@type":"ListItem","position":3,"name":"Resultados de la Mega Sena"}]},{"@type":"WebSite","@id":"https:\/\/redfoxlotto.com\/es\/#website","url":"https:\/\/redfoxlotto.com\/es\/","name":"Get Tickets for the World\u2019s largest jackpots","description":"Participate in worldwide lottery jackpots from any country","publisher":{"@id":"https:\/\/redfoxlotto.com\/es\/#organization"},"potentialAction":[{"@type":"SearchAction","target":{"@type":"EntryPoint","urlTemplate":"https:\/\/redfoxlotto.com\/es\/?s={search_term_string}"},"query-input":{"@type":"PropertyValueSpecification","valueRequired":true,"valueName":"search_term_string"}}],"inLanguage":"es"},{"@type":"Organization","@id":"https:\/\/redfoxlotto.com\/es\/#organization","name":"Get Tickets for the World\u2019s largest jackpots","url":"https:\/\/redfoxlotto.com\/es\/","logo":{"@type":"ImageObject","inLanguage":"es","@id":"https:\/\/redfoxlotto.com\/es\/#\/schema\/logo\/image\/","url":"https:\/\/redfoxlotto.com\/wp-content\/uploads\/2023\/04\/logo.png","contentUrl":"https:\/\/redfoxlotto.com\/wp-content\/uploads\/2023\/04\/logo.png","width":269,"height":53,"caption":"Get Tickets for the World\u2019s largest jackpots"},"image":{"@id":"https:\/\/redfoxlotto.com\/es\/#\/schema\/logo\/image\/"}}]}},"_links":{"self":[{"href":"https:\/\/redfoxlotto.com\/es\/wp-json\/wp\/v2\/pages\/13512","targetHints":{"allow":["GET"]}}],"collection":[{"href":"https:\/\/redfoxlotto.com\/es\/wp-json\/wp\/v2\/pages"}],"about":[{"href":"https:\/\/redfoxlotto.com\/es\/wp-json\/wp\/v2\/types\/page"}],"author":[{"embeddable":true,"href":"https:\/\/redfoxlotto.com\/es\/wp-json\/wp\/v2\/users\/1"}],"replies":[{"embeddable":true,"href":"https:\/\/redfoxlotto.com\/es\/wp-json\/wp\/v2\/comments?post=13512"}],"version-history":[{"count":0,"href":"https:\/\/redfoxlotto.com\/es\/wp-json\/wp\/v2\/pages\/13512\/revisions"}],"up":[{"embeddable":true,"href":"https:\/\/redfoxlotto.com\/es\/wp-json\/wp\/v2\/pages\/227"}],"wp:attachment":[{"href":"https:\/\/redfoxlotto.com\/es\/wp-json\/wp\/v2\/media?parent=13512"}],"curies":[{"name":"wp","href":"https:\/\/api.w.org\/{rel}","templated":true}]}}