{"id":13480,"date":"2020-08-18T09:14:14","date_gmt":"2020-08-18T09:14:14","guid":{"rendered":"https:\/\/redfoxlotto.com\/?page_id=13480"},"modified":"2023-05-14T10:31:14","modified_gmt":"2023-05-14T10:31:14","slug":"lotto-at","status":"publish","type":"page","link":"https:\/\/redfoxlotto.com\/es\/resultados\/lotto-at\/","title":{"rendered":"Resultados de la Loter\u00eda de Austria"},"content":{"rendered":"<h2 class=\"wp-block-heading\">N\u00fameros ganadores de la Loter\u00eda de Austria<\/h2><p>\u00bfD\u00f3nde vas a encontrar los n\u00fameros ganadores de la Loter\u00eda Austriaca despu\u00e9s de que el sorteo termine? Todo lo que tiene que hacer es entrar en nuestra p\u00e1gina web donde compr\u00f3 sus billetes y los n\u00fameros estar\u00e1n all\u00ed para usted.<\/p><h2 class=\"wp-block-heading\">Comprobando los \u00faltimos resultados<\/h2><p>Con RedFoxLotto.com puedes encontrar los \u00faltimos resultados de todos tus juegos favoritos disponibles directamente en nuestro sitio web. No tienes que preocuparte por nada porque todo va a estar ah\u00ed. Pero si compraste tus propios boletos ser\u00e1 a\u00fan m\u00e1s f\u00e1cil encontrar los resultados correctos\u2026<\/p><h2 class=\"wp-block-heading\">Comprobando sus resultados<\/h2><p>Si sus billetes tienen los n\u00fameros ganadores de la Loter\u00eda Austr\u00edaca lo sabr\u00e1 de inmediato. Eso es porque s\u00f3lo tiene que entrar en su cuenta personal, revisar \u00abmis boletos\u00bb y ver qu\u00e9 n\u00fameros coinciden con los n\u00fameros ganadores de los \u00faltimos sorteos.<\/p><p>Cualquier billete que compre para cualquier juego estar\u00e1 disponible aqu\u00ed y podr\u00e1 ver qu\u00e9 n\u00fameros tiene en com\u00fan con el billete ganador, as\u00ed como lo que puede haber ganado. Si es una cantidad de hasta 2500,00 euros, incluso se depositar\u00e1 en su cuenta para usted de inmediato.<\/p><h2 class=\"wp-block-heading\">Archivo de resultados de la Loter\u00eda Austr\u00edaca<\/h2><p>Una vez que conozca los actuales n\u00fameros ganadores de la Loter\u00eda Austriaca, puede que quiera saber algunos de los antiguos. Todo lo que tienes que hacer es revisar el archivo de resultados y podr\u00e1s ver qu\u00e9 n\u00fameros han ganado en el pasado y cu\u00e1les tienden a ganar m\u00e1s a menudo.<\/p>","protected":false},"excerpt":{"rendered":"<p>N\u00fameros ganadores de la Loter\u00eda de Austria \u00bfD\u00f3nde vas a encontrar los n\u00fameros ganadores de la Loter\u00eda Austriaca despu\u00e9s de que el sorteo termine? Todo lo que tiene que hacer es entrar en nuestra p\u00e1gina web donde compr\u00f3 sus billetes y los n\u00fameros estar\u00e1n all\u00ed para usted. Comprobando los \u00faltimos resultados Con RedFoxLotto.com puedes encontrar [&hellip;]<\/p>\n","protected":false},"author":1,"featured_media":0,"parent":227,"menu_order":16,"comment_status":"closed","ping_status":"closed","template":"","meta":{"_et_pb_use_builder":"","_et_pb_old_content":"","_et_gb_content_width":"","exclude_from_search":false,"footnotes":""},"class_list":["post-13480","page","type-page","status-publish","hentry"],"yoast_head":"<!-- This site is optimized with the Yoast SEO plugin v23.8 - https:\/\/yoast.com\/wordpress\/plugins\/seo\/ -->\n<title>Los n\u00fameros ganadores y los resultados de la loter\u00eda austriaca<\/title>\n<meta name=\"description\" content=\"Los resultados de los sorteos semanales de la loter\u00eda austriaca\" \/>\n<meta name=\"robots\" content=\"index, follow, max-snippet:-1, max-image-preview:large, max-video-preview:-1\" \/>\n<link rel=\"canonical\" href=\"https:\/\/redfoxlotto.com\/es\/resultados\/lotto-at\/\" \/>\n<meta property=\"og:locale\" content=\"es_ES\" \/>\n<meta property=\"og:type\" content=\"article\" \/>\n<meta property=\"og:title\" content=\"Los n\u00fameros ganadores y los resultados de la loter\u00eda austriaca\" \/>\n<meta property=\"og:description\" content=\"Los resultados de los sorteos semanales de la loter\u00eda austriaca\" \/>\n<meta property=\"og:url\" content=\"https:\/\/redfoxlotto.com\/es\/resultados\/lotto-at\/\" \/>\n<meta property=\"og:site_name\" content=\"Get Tickets for the World\u2019s largest jackpots\" \/>\n<meta property=\"article:modified_time\" content=\"2023-05-14T10:31:14+00:00\" \/>\n<meta name=\"twitter:card\" content=\"summary_large_image\" \/>\n<meta name=\"twitter:label1\" content=\"Tiempo de lectura\" \/>\n\t<meta name=\"twitter:data1\" content=\"1 minuto\" \/>\n<script type=\"application\/ld+json\" class=\"yoast-schema-graph\">{\"@context\":\"https:\/\/schema.org\",\"@graph\":[{\"@type\":\"WebPage\",\"@id\":\"https:\/\/redfoxlotto.com\/es\/resultados\/lotto-at\/\",\"url\":\"https:\/\/redfoxlotto.com\/es\/resultados\/lotto-at\/\",\"name\":\"Los n\u00fameros ganadores y los resultados de la loter\u00eda austriaca\",\"isPartOf\":{\"@id\":\"https:\/\/redfoxlotto.com\/es\/#website\"},\"datePublished\":\"2020-08-18T09:14:14+00:00\",\"dateModified\":\"2023-05-14T10:31:14+00:00\",\"description\":\"Los resultados de los sorteos semanales de la loter\u00eda austriaca\",\"breadcrumb\":{\"@id\":\"https:\/\/redfoxlotto.com\/es\/resultados\/lotto-at\/#breadcrumb\"},\"inLanguage\":\"es\",\"potentialAction\":[{\"@type\":\"ReadAction\",\"target\":[\"https:\/\/redfoxlotto.com\/es\/resultados\/lotto-at\/\"]}]},{\"@type\":\"BreadcrumbList\",\"@id\":\"https:\/\/redfoxlotto.com\/es\/resultados\/lotto-at\/#breadcrumb\",\"itemListElement\":[{\"@type\":\"ListItem\",\"position\":1,\"name\":\"Home\",\"item\":\"https:\/\/redfoxlotto.com\/es\/\"},{\"@type\":\"ListItem\",\"position\":2,\"name\":\"Resultados y n\u00fameros ganadores de loto en el mundo\",\"item\":\"https:\/\/redfoxlotto.com\/es\/resultados\/\"},{\"@type\":\"ListItem\",\"position\":3,\"name\":\"Resultados de la Loter\u00eda de Austria\"}]},{\"@type\":\"WebSite\",\"@id\":\"https:\/\/redfoxlotto.com\/es\/#website\",\"url\":\"https:\/\/redfoxlotto.com\/es\/\",\"name\":\"Get Tickets for the World\u2019s largest jackpots\",\"description\":\"Participate in worldwide lottery jackpots from any country\",\"publisher\":{\"@id\":\"https:\/\/redfoxlotto.com\/es\/#organization\"},\"potentialAction\":[{\"@type\":\"SearchAction\",\"target\":{\"@type\":\"EntryPoint\",\"urlTemplate\":\"https:\/\/redfoxlotto.com\/es\/?s={search_term_string}\"},\"query-input\":{\"@type\":\"PropertyValueSpecification\",\"valueRequired\":true,\"valueName\":\"search_term_string\"}}],\"inLanguage\":\"es\"},{\"@type\":\"Organization\",\"@id\":\"https:\/\/redfoxlotto.com\/es\/#organization\",\"name\":\"Get Tickets for the World\u2019s largest jackpots\",\"url\":\"https:\/\/redfoxlotto.com\/es\/\",\"logo\":{\"@type\":\"ImageObject\",\"inLanguage\":\"es\",\"@id\":\"https:\/\/redfoxlotto.com\/es\/#\/schema\/logo\/image\/\",\"url\":\"https:\/\/redfoxlotto.com\/wp-content\/uploads\/2023\/04\/logo.png\",\"contentUrl\":\"https:\/\/redfoxlotto.com\/wp-content\/uploads\/2023\/04\/logo.png\",\"width\":269,\"height\":53,\"caption\":\"Get Tickets for the World\u2019s largest jackpots\"},\"image\":{\"@id\":\"https:\/\/redfoxlotto.com\/es\/#\/schema\/logo\/image\/\"}}]}<\/script>\n<!-- \/ Yoast SEO plugin. -->","yoast_head_json":{"title":"Los n\u00fameros ganadores y los resultados de la loter\u00eda austriaca","description":"Los resultados de los sorteos semanales de la loter\u00eda austriaca","robots":{"index":"index","follow":"follow","max-snippet":"max-snippet:-1","max-image-preview":"max-image-preview:large","max-video-preview":"max-video-preview:-1"},"canonical":"https:\/\/redfoxlotto.com\/es\/resultados\/lotto-at\/","og_locale":"es_ES","og_type":"article","og_title":"Los n\u00fameros ganadores y los resultados de la loter\u00eda austriaca","og_description":"Los resultados de los sorteos semanales de la loter\u00eda austriaca","og_url":"https:\/\/redfoxlotto.com\/es\/resultados\/lotto-at\/","og_site_name":"Get Tickets for the World\u2019s largest jackpots","article_modified_time":"2023-05-14T10:31:14+00:00","twitter_card":"summary_large_image","twitter_misc":{"Tiempo de lectura":"1 minuto"},"schema":{"@context":"https:\/\/schema.org","@graph":[{"@type":"WebPage","@id":"https:\/\/redfoxlotto.com\/es\/resultados\/lotto-at\/","url":"https:\/\/redfoxlotto.com\/es\/resultados\/lotto-at\/","name":"Los n\u00fameros ganadores y los resultados de la loter\u00eda austriaca","isPartOf":{"@id":"https:\/\/redfoxlotto.com\/es\/#website"},"datePublished":"2020-08-18T09:14:14+00:00","dateModified":"2023-05-14T10:31:14+00:00","description":"Los resultados de los sorteos semanales de la loter\u00eda austriaca","breadcrumb":{"@id":"https:\/\/redfoxlotto.com\/es\/resultados\/lotto-at\/#breadcrumb"},"inLanguage":"es","potentialAction":[{"@type":"ReadAction","target":["https:\/\/redfoxlotto.com\/es\/resultados\/lotto-at\/"]}]},{"@type":"BreadcrumbList","@id":"https:\/\/redfoxlotto.com\/es\/resultados\/lotto-at\/#breadcrumb","itemListElement":[{"@type":"ListItem","position":1,"name":"Home","item":"https:\/\/redfoxlotto.com\/es\/"},{"@type":"ListItem","position":2,"name":"Resultados y n\u00fameros ganadores de loto en el mundo","item":"https:\/\/redfoxlotto.com\/es\/resultados\/"},{"@type":"ListItem","position":3,"name":"Resultados de la Loter\u00eda de Austria"}]},{"@type":"WebSite","@id":"https:\/\/redfoxlotto.com\/es\/#website","url":"https:\/\/redfoxlotto.com\/es\/","name":"Get Tickets for the World\u2019s largest jackpots","description":"Participate in worldwide lottery jackpots from any country","publisher":{"@id":"https:\/\/redfoxlotto.com\/es\/#organization"},"potentialAction":[{"@type":"SearchAction","target":{"@type":"EntryPoint","urlTemplate":"https:\/\/redfoxlotto.com\/es\/?s={search_term_string}"},"query-input":{"@type":"PropertyValueSpecification","valueRequired":true,"valueName":"search_term_string"}}],"inLanguage":"es"},{"@type":"Organization","@id":"https:\/\/redfoxlotto.com\/es\/#organization","name":"Get Tickets for the World\u2019s largest jackpots","url":"https:\/\/redfoxlotto.com\/es\/","logo":{"@type":"ImageObject","inLanguage":"es","@id":"https:\/\/redfoxlotto.com\/es\/#\/schema\/logo\/image\/","url":"https:\/\/redfoxlotto.com\/wp-content\/uploads\/2023\/04\/logo.png","contentUrl":"https:\/\/redfoxlotto.com\/wp-content\/uploads\/2023\/04\/logo.png","width":269,"height":53,"caption":"Get Tickets for the World\u2019s largest jackpots"},"image":{"@id":"https:\/\/redfoxlotto.com\/es\/#\/schema\/logo\/image\/"}}]}},"_links":{"self":[{"href":"https:\/\/redfoxlotto.com\/es\/wp-json\/wp\/v2\/pages\/13480","targetHints":{"allow":["GET"]}}],"collection":[{"href":"https:\/\/redfoxlotto.com\/es\/wp-json\/wp\/v2\/pages"}],"about":[{"href":"https:\/\/redfoxlotto.com\/es\/wp-json\/wp\/v2\/types\/page"}],"author":[{"embeddable":true,"href":"https:\/\/redfoxlotto.com\/es\/wp-json\/wp\/v2\/users\/1"}],"replies":[{"embeddable":true,"href":"https:\/\/redfoxlotto.com\/es\/wp-json\/wp\/v2\/comments?post=13480"}],"version-history":[{"count":0,"href":"https:\/\/redfoxlotto.com\/es\/wp-json\/wp\/v2\/pages\/13480\/revisions"}],"up":[{"embeddable":true,"href":"https:\/\/redfoxlotto.com\/es\/wp-json\/wp\/v2\/pages\/227"}],"wp:attachment":[{"href":"https:\/\/redfoxlotto.com\/es\/wp-json\/wp\/v2\/media?parent=13480"}],"curies":[{"name":"wp","href":"https:\/\/api.w.org\/{rel}","templated":true}]}}