{"id":13445,"date":"2020-08-18T09:11:18","date_gmt":"2020-08-18T09:11:18","guid":{"rendered":"https:\/\/redfoxlotto.com\/?page_id=13445"},"modified":"2023-05-14T10:31:13","modified_gmt":"2023-05-14T10:31:13","slug":"lotto-america","status":"publish","type":"page","link":"https:\/\/redfoxlotto.com\/es\/resultados\/lotto-america\/","title":{"rendered":"Resultados de la Loter\u00eda de Am\u00e9rica"},"content":{"rendered":"<p>\u00bfEs usted un fan de la loter\u00eda en l\u00ednea? Si lo eres, entonces probablemente ya compras boletos para todos tus juegos favoritos, pero \u00bfconoces todos los diferentes juegos que hay por ah\u00ed? \u00bfSabes cu\u00e1ntos juegos diferentes podr\u00edas estar jugando? Bueno, definitivamente deber\u00edas. Y deber\u00edas saber sobre la Loter\u00eda de Am\u00e9rica especialmente. Ah\u00ed es donde vas a conseguir grandes premios y divertirte con ello tambi\u00e9n.<\/p><h2 class=\"wp-block-heading\">Jugando a la loter\u00eda Am\u00e9rica<\/h2><p><img loading=\"lazy\" decoding=\"async\" class=\" wp-image alignright\" src=\"https:\/\/content.redfoxlotto.com\/uploads\/sites\/9\/1_draw_results_lotto.jpg\" alt=\"resultados del sorteo de loter\u00eda de am\u00e9rica\" width=\"252\" height=\"178\" \/><\/p><p>Cuando est\u00e9s listo para jugar a la Loter\u00eda de Am\u00e9rica todo lo que tienes que hacer es echar un vistazo a RedFoxLotto, porque el juego est\u00e1 disponible all\u00ed junto con un mont\u00f3n de otros juegos en l\u00ednea. Puedes jugar a diferentes juegos de loter\u00eda de todo el mundo. Y ah\u00ed es donde la diversi\u00f3n realmente entra en juego. Pero si est\u00e1s interesado en Loter\u00eda de Am\u00e9rica, tienes que saber c\u00f3mo jugar.<\/p><p>Por suerte, jugar a este juego es sencillo. Todo lo que necesitas hacer es elegir seis n\u00fameros que crees que van a salir en el sorteo. Cinco de ellos son bolas blancas para los n\u00fameros est\u00e1ndar. Una es una bola roja para el n\u00famero de bono. Si aciertas todos los n\u00fameros obtendr\u00e1s el premio gordo. Si aciertas los n\u00fameros m\u00e1s bajos, a\u00fan as\u00ed ganar\u00e1s un premio.<\/p><h2 class=\"wp-block-heading\">\u00bfGan\u00f3 la Loter\u00eda de Am\u00e9rica?<\/h2><p>Pero una vez que has elegido tus n\u00fameros y has comprado tu boleto, \u00bfc\u00f3mo vas a saber si realmente has ganado? Es bastante simple. Todo lo que necesitas hacer es revisar RedFoxLotto. Si no compraste los boletos, podr\u00e1s ver los n\u00fameros ganadores de los \u00faltimos juegos, lo que significa que puedes averiguar las mejores probabilidades para ti.<\/p><p>Si jugaste, puedes entrar en tu cuenta para ver los n\u00fameros ganadores y c\u00f3mo se comparan tus boletos. Podr\u00e1s ver cualquier n\u00famero que coincida con el tuyo para que puedas ver las ganancias a las que tienes derecho. No es que necesites preocuparte por eso porque RedFoxLotto se encarga de esa parte por ti tambi\u00e9n.<\/p><h2 class=\"wp-block-heading\">Ganando la Loter\u00eda de Am\u00e9rica<\/h2><p><img loading=\"lazy\" decoding=\"async\" class=\" wp-image alignright\" src=\"https:\/\/content.redfoxlotto.com\/uploads\/sites\/9\/1_winner_lottery1.jpg\" alt=\"ganador de la loter\u00eda de am\u00e9rica\" width=\"225\" height=\"150\" \/><\/p><p>Si ganas la Loter\u00eda Americana o cualquier otro juego de loter\u00eda en l\u00ednea se encarga de ti. Los peque\u00f1os premios saldr\u00e1n inmediatamente, tan pronto como los resultados lleguen y los boletos sean coincidentes. No tiene que hacer nada para reclamar estos premios. Y ser\u00e1n a\u00f1adidos directamente a su cuenta para que pueda retirar el dinero o comprar otro billete. Si usted gana premios m\u00e1s grandes habr\u00e1 requisitos a trav\u00e9s del juego de loter\u00eda que usted juega. Si ese es el caso, todo se simplifica lo m\u00e1s posible para usted, para asegurarse de que puede obtener sus ganancias con menos problemas. De esa manera, puedes volver a jugar o hacer lo que quieras con tu dinero.<\/p><p>Para los premios mayores tendr\u00e1 que rellenar el papeleo o enviar alg\u00fan tipo de verificaci\u00f3n. Si ese es el caso, RedFoxLotto hace lo m\u00e1s f\u00e1cil posible para que usted sepa qu\u00e9 hacer y c\u00f3mo hacerlo. Y eso funciona para cualquier juego de loter\u00eda que puedas ganar de Lotto Am\u00e9rica a cualquiera de los otros disponibles en el sitio web.<\/p><h2 class=\"wp-block-heading\">Jugando de nuevo<\/h2><p>Una vez que est\u00e9 listo, puede tomar sus ganancias (o depositar m\u00e1s dinero) y empezar a comprar boletos para la siguiente ronda de juegos que quiera jugar. Incluso podr\u00eda sorprenderse de cu\u00e1ntos juegos diferentes hay y cu\u00e1nto podr\u00eda ganar potencialmente. Pero no te sorprender\u00e1 lo divertido que es para ti jugar todos esos juegos diferentes por ti mismo. Todo lo que tienes que hacer es decidir por d\u00f3nde quieres empezar, y qu\u00e9 juego jugar primero.<\/p>","protected":false},"excerpt":{"rendered":"<p>\u00bfEs usted un fan de la loter\u00eda en l\u00ednea? Si lo eres, entonces probablemente ya compras boletos para todos tus juegos favoritos, pero \u00bfconoces todos los diferentes juegos que hay por ah\u00ed? \u00bfSabes cu\u00e1ntos juegos diferentes podr\u00edas estar jugando? Bueno, definitivamente deber\u00edas. Y deber\u00edas saber sobre la Loter\u00eda de Am\u00e9rica especialmente. Ah\u00ed es donde vas [&hellip;]<\/p>\n","protected":false},"author":1,"featured_media":0,"parent":227,"menu_order":12,"comment_status":"closed","ping_status":"closed","template":"lotto-america-results.php","meta":{"_et_pb_use_builder":"","_et_pb_old_content":"","_et_gb_content_width":"","exclude_from_search":false,"footnotes":""},"class_list":["post-13445","page","type-page","status-publish","hentry"],"yoast_head":"<!-- This site is optimized with the Yoast SEO plugin v23.8 - https:\/\/yoast.com\/wordpress\/plugins\/seo\/ -->\n<title>Resultados del sorteo de la Loter\u00eda de Am\u00e9rica, n\u00fameros ganadores<\/title>\n<meta name=\"description\" content=\"Los n\u00fameros ganadores de la Loter\u00eda de Am\u00e9rica de esta semana, as\u00ed como un archivo de resultados\" \/>\n<meta name=\"robots\" content=\"index, follow, max-snippet:-1, max-image-preview:large, max-video-preview:-1\" \/>\n<link rel=\"canonical\" href=\"https:\/\/redfoxlotto.com\/es\/resultados\/lotto-america\/\" \/>\n<meta property=\"og:locale\" content=\"es_ES\" \/>\n<meta property=\"og:type\" content=\"article\" \/>\n<meta property=\"og:title\" content=\"Resultados del sorteo de la Loter\u00eda de Am\u00e9rica, n\u00fameros ganadores\" \/>\n<meta property=\"og:description\" content=\"Los n\u00fameros ganadores de la Loter\u00eda de Am\u00e9rica de esta semana, as\u00ed como un archivo de resultados\" \/>\n<meta property=\"og:url\" content=\"https:\/\/redfoxlotto.com\/es\/resultados\/lotto-america\/\" \/>\n<meta property=\"og:site_name\" content=\"Get Tickets for the World\u2019s largest jackpots\" \/>\n<meta property=\"article:modified_time\" content=\"2023-05-14T10:31:13+00:00\" \/>\n<meta property=\"og:image\" content=\"https:\/\/content.redfoxlotto.com\/uploads\/sites\/9\/1_draw_results_lotto.jpg\" \/>\n<meta name=\"twitter:card\" content=\"summary_large_image\" \/>\n<meta name=\"twitter:label1\" content=\"Tiempo de lectura\" \/>\n\t<meta name=\"twitter:data1\" content=\"3 minutos\" \/>\n<script type=\"application\/ld+json\" class=\"yoast-schema-graph\">{\"@context\":\"https:\/\/schema.org\",\"@graph\":[{\"@type\":\"WebPage\",\"@id\":\"https:\/\/redfoxlotto.com\/es\/resultados\/lotto-america\/\",\"url\":\"https:\/\/redfoxlotto.com\/es\/resultados\/lotto-america\/\",\"name\":\"Resultados del sorteo de la Loter\u00eda de Am\u00e9rica, n\u00fameros ganadores\",\"isPartOf\":{\"@id\":\"https:\/\/redfoxlotto.com\/es\/#website\"},\"primaryImageOfPage\":{\"@id\":\"https:\/\/redfoxlotto.com\/es\/resultados\/lotto-america\/#primaryimage\"},\"image\":{\"@id\":\"https:\/\/redfoxlotto.com\/es\/resultados\/lotto-america\/#primaryimage\"},\"thumbnailUrl\":\"https:\/\/content.redfoxlotto.com\/uploads\/sites\/9\/1_draw_results_lotto.jpg\",\"datePublished\":\"2020-08-18T09:11:18+00:00\",\"dateModified\":\"2023-05-14T10:31:13+00:00\",\"description\":\"Los n\u00fameros ganadores de la Loter\u00eda de Am\u00e9rica de esta semana, as\u00ed como un archivo de resultados\",\"breadcrumb\":{\"@id\":\"https:\/\/redfoxlotto.com\/es\/resultados\/lotto-america\/#breadcrumb\"},\"inLanguage\":\"es\",\"potentialAction\":[{\"@type\":\"ReadAction\",\"target\":[\"https:\/\/redfoxlotto.com\/es\/resultados\/lotto-america\/\"]}]},{\"@type\":\"ImageObject\",\"inLanguage\":\"es\",\"@id\":\"https:\/\/redfoxlotto.com\/es\/resultados\/lotto-america\/#primaryimage\",\"url\":\"https:\/\/content.redfoxlotto.com\/uploads\/sites\/9\/1_draw_results_lotto.jpg\",\"contentUrl\":\"https:\/\/content.redfoxlotto.com\/uploads\/sites\/9\/1_draw_results_lotto.jpg\"},{\"@type\":\"BreadcrumbList\",\"@id\":\"https:\/\/redfoxlotto.com\/es\/resultados\/lotto-america\/#breadcrumb\",\"itemListElement\":[{\"@type\":\"ListItem\",\"position\":1,\"name\":\"Home\",\"item\":\"https:\/\/redfoxlotto.com\/es\/\"},{\"@type\":\"ListItem\",\"position\":2,\"name\":\"Resultados y n\u00fameros ganadores de loto en el mundo\",\"item\":\"https:\/\/redfoxlotto.com\/es\/resultados\/\"},{\"@type\":\"ListItem\",\"position\":3,\"name\":\"Resultados de la Loter\u00eda de Am\u00e9rica\"}]},{\"@type\":\"WebSite\",\"@id\":\"https:\/\/redfoxlotto.com\/es\/#website\",\"url\":\"https:\/\/redfoxlotto.com\/es\/\",\"name\":\"Get Tickets for the World\u2019s largest jackpots\",\"description\":\"Participate in worldwide lottery jackpots from any country\",\"publisher\":{\"@id\":\"https:\/\/redfoxlotto.com\/es\/#organization\"},\"potentialAction\":[{\"@type\":\"SearchAction\",\"target\":{\"@type\":\"EntryPoint\",\"urlTemplate\":\"https:\/\/redfoxlotto.com\/es\/?s={search_term_string}\"},\"query-input\":{\"@type\":\"PropertyValueSpecification\",\"valueRequired\":true,\"valueName\":\"search_term_string\"}}],\"inLanguage\":\"es\"},{\"@type\":\"Organization\",\"@id\":\"https:\/\/redfoxlotto.com\/es\/#organization\",\"name\":\"Get Tickets for the World\u2019s largest jackpots\",\"url\":\"https:\/\/redfoxlotto.com\/es\/\",\"logo\":{\"@type\":\"ImageObject\",\"inLanguage\":\"es\",\"@id\":\"https:\/\/redfoxlotto.com\/es\/#\/schema\/logo\/image\/\",\"url\":\"https:\/\/redfoxlotto.com\/wp-content\/uploads\/2023\/04\/logo.png\",\"contentUrl\":\"https:\/\/redfoxlotto.com\/wp-content\/uploads\/2023\/04\/logo.png\",\"width\":269,\"height\":53,\"caption\":\"Get Tickets for the World\u2019s largest jackpots\"},\"image\":{\"@id\":\"https:\/\/redfoxlotto.com\/es\/#\/schema\/logo\/image\/\"}}]}<\/script>\n<!-- \/ Yoast SEO plugin. -->","yoast_head_json":{"title":"Resultados del sorteo de la Loter\u00eda de Am\u00e9rica, n\u00fameros ganadores","description":"Los n\u00fameros ganadores de la Loter\u00eda de Am\u00e9rica de esta semana, as\u00ed como un archivo de resultados","robots":{"index":"index","follow":"follow","max-snippet":"max-snippet:-1","max-image-preview":"max-image-preview:large","max-video-preview":"max-video-preview:-1"},"canonical":"https:\/\/redfoxlotto.com\/es\/resultados\/lotto-america\/","og_locale":"es_ES","og_type":"article","og_title":"Resultados del sorteo de la Loter\u00eda de Am\u00e9rica, n\u00fameros ganadores","og_description":"Los n\u00fameros ganadores de la Loter\u00eda de Am\u00e9rica de esta semana, as\u00ed como un archivo de resultados","og_url":"https:\/\/redfoxlotto.com\/es\/resultados\/lotto-america\/","og_site_name":"Get Tickets for the World\u2019s largest jackpots","article_modified_time":"2023-05-14T10:31:13+00:00","og_image":[{"url":"https:\/\/content.redfoxlotto.com\/uploads\/sites\/9\/1_draw_results_lotto.jpg"}],"twitter_card":"summary_large_image","twitter_misc":{"Tiempo de lectura":"3 minutos"},"schema":{"@context":"https:\/\/schema.org","@graph":[{"@type":"WebPage","@id":"https:\/\/redfoxlotto.com\/es\/resultados\/lotto-america\/","url":"https:\/\/redfoxlotto.com\/es\/resultados\/lotto-america\/","name":"Resultados del sorteo de la Loter\u00eda de Am\u00e9rica, n\u00fameros ganadores","isPartOf":{"@id":"https:\/\/redfoxlotto.com\/es\/#website"},"primaryImageOfPage":{"@id":"https:\/\/redfoxlotto.com\/es\/resultados\/lotto-america\/#primaryimage"},"image":{"@id":"https:\/\/redfoxlotto.com\/es\/resultados\/lotto-america\/#primaryimage"},"thumbnailUrl":"https:\/\/content.redfoxlotto.com\/uploads\/sites\/9\/1_draw_results_lotto.jpg","datePublished":"2020-08-18T09:11:18+00:00","dateModified":"2023-05-14T10:31:13+00:00","description":"Los n\u00fameros ganadores de la Loter\u00eda de Am\u00e9rica de esta semana, as\u00ed como un archivo de resultados","breadcrumb":{"@id":"https:\/\/redfoxlotto.com\/es\/resultados\/lotto-america\/#breadcrumb"},"inLanguage":"es","potentialAction":[{"@type":"ReadAction","target":["https:\/\/redfoxlotto.com\/es\/resultados\/lotto-america\/"]}]},{"@type":"ImageObject","inLanguage":"es","@id":"https:\/\/redfoxlotto.com\/es\/resultados\/lotto-america\/#primaryimage","url":"https:\/\/content.redfoxlotto.com\/uploads\/sites\/9\/1_draw_results_lotto.jpg","contentUrl":"https:\/\/content.redfoxlotto.com\/uploads\/sites\/9\/1_draw_results_lotto.jpg"},{"@type":"BreadcrumbList","@id":"https:\/\/redfoxlotto.com\/es\/resultados\/lotto-america\/#breadcrumb","itemListElement":[{"@type":"ListItem","position":1,"name":"Home","item":"https:\/\/redfoxlotto.com\/es\/"},{"@type":"ListItem","position":2,"name":"Resultados y n\u00fameros ganadores de loto en el mundo","item":"https:\/\/redfoxlotto.com\/es\/resultados\/"},{"@type":"ListItem","position":3,"name":"Resultados de la Loter\u00eda de Am\u00e9rica"}]},{"@type":"WebSite","@id":"https:\/\/redfoxlotto.com\/es\/#website","url":"https:\/\/redfoxlotto.com\/es\/","name":"Get Tickets for the World\u2019s largest jackpots","description":"Participate in worldwide lottery jackpots from any country","publisher":{"@id":"https:\/\/redfoxlotto.com\/es\/#organization"},"potentialAction":[{"@type":"SearchAction","target":{"@type":"EntryPoint","urlTemplate":"https:\/\/redfoxlotto.com\/es\/?s={search_term_string}"},"query-input":{"@type":"PropertyValueSpecification","valueRequired":true,"valueName":"search_term_string"}}],"inLanguage":"es"},{"@type":"Organization","@id":"https:\/\/redfoxlotto.com\/es\/#organization","name":"Get Tickets for the World\u2019s largest jackpots","url":"https:\/\/redfoxlotto.com\/es\/","logo":{"@type":"ImageObject","inLanguage":"es","@id":"https:\/\/redfoxlotto.com\/es\/#\/schema\/logo\/image\/","url":"https:\/\/redfoxlotto.com\/wp-content\/uploads\/2023\/04\/logo.png","contentUrl":"https:\/\/redfoxlotto.com\/wp-content\/uploads\/2023\/04\/logo.png","width":269,"height":53,"caption":"Get Tickets for the World\u2019s largest jackpots"},"image":{"@id":"https:\/\/redfoxlotto.com\/es\/#\/schema\/logo\/image\/"}}]}},"_links":{"self":[{"href":"https:\/\/redfoxlotto.com\/es\/wp-json\/wp\/v2\/pages\/13445","targetHints":{"allow":["GET"]}}],"collection":[{"href":"https:\/\/redfoxlotto.com\/es\/wp-json\/wp\/v2\/pages"}],"about":[{"href":"https:\/\/redfoxlotto.com\/es\/wp-json\/wp\/v2\/types\/page"}],"author":[{"embeddable":true,"href":"https:\/\/redfoxlotto.com\/es\/wp-json\/wp\/v2\/users\/1"}],"replies":[{"embeddable":true,"href":"https:\/\/redfoxlotto.com\/es\/wp-json\/wp\/v2\/comments?post=13445"}],"version-history":[{"count":0,"href":"https:\/\/redfoxlotto.com\/es\/wp-json\/wp\/v2\/pages\/13445\/revisions"}],"up":[{"embeddable":true,"href":"https:\/\/redfoxlotto.com\/es\/wp-json\/wp\/v2\/pages\/227"}],"wp:attachment":[{"href":"https:\/\/redfoxlotto.com\/es\/wp-json\/wp\/v2\/media?parent=13445"}],"curies":[{"name":"wp","href":"https:\/\/api.w.org\/{rel}","templated":true}]}}