{"id":13279,"date":"2023-04-24T18:07:24","date_gmt":"2023-04-24T18:07:24","guid":{"rendered":"https:\/\/redfoxlotto.com\/?page_id=13279"},"modified":"2025-12-11T09:44:36","modified_gmt":"2025-12-11T09:44:36","slug":"thunderball","status":"publish","type":"page","link":"https:\/\/redfoxlotto.com\/es\/jugar\/thunderball\/","title":{"rendered":"Juega a la loter\u00eda Thunderball en l\u00ednea"},"content":{"rendered":"<script type=\"application\/ld+json\">\r\n{\r\n  \"@context\": \"https:\/\/schema.org\",\r\n  \"@type\": \"Service\",\r\n  \"name\": \"Thunderball Lotto online\",\r\n  \"url\": \"https:\/\/redfoxlotto.com\/es\/jugar\/thunderball\/\",\r\n  \"description\": \"Compra boletos oficiales de Thunderball Lotto en l\u00ednea a trav\u00e9s de RedFoxLotto. Elige tus n\u00fameros y participa en el pr\u00f3ximo sorteo.\",\r\n  \"serviceType\": \"Online lottery ticket purchase\",\r\n\r\n  \"provider\": {\r\n    \"@type\": \"Organization\",\r\n    \"name\": \"RedFoxLotto\",\r\n    \"url\": \"https:\/\/redfoxlotto.com\",\r\n    \"logo\": \"https:\/\/redfoxlotto.com\/wp-content\/uploads\/logo.png\"\r\n  },\r\n\r\n  \"areaServed\": \"Worldwide\",\r\n  \"termsOfService\": \"https:\/\/redfoxlotto.com\/terms-and-conditions\",\r\n\r\n  \"hasOfferCatalog\": {\r\n    \"@type\": \"OfferCatalog\",\r\n    \"name\": \"Thunderball Lotto Offers\",\r\n    \"itemListElement\": [\r\n      {\r\n        \"@type\": \"Offer\",\r\n        \"name\": \"Lotto Thunderball Lotto Ticket\",\r\n        \"url\": \"https:\/\/redfoxlotto.com\/es\/jugar\/thunderball\/\",\r\n        \"description\": \"Una participaci\u00f3n en el pr\u00f3ximo sorteo de Thunderball Lotto.\",\r\n        \"price\": \"4.00\",\r\n        \"priceCurrency\": \"EUR\",\r\n        \"availability\": \"https:\/\/schema.org\/InStock\",\r\n\r\n        \"itemOffered\": {\r\n          \"@type\": \"Service\",\r\n          \"name\": \"Thunderball Lotto Lottery Entry\",\r\n          \"description\": \"Participaci\u00f3n en el pr\u00f3ximo sorteo de Thunderball Lotto a trav\u00e9s de RedFoxLotto.\"\r\n        }\r\n      }\r\n    ]\r\n  },\r\n\r\n  \"mainEntityOfPage\": {\r\n    \"@type\": \"WebPage\",\r\n    \"@id\": \"https:\/\/redfoxlotto.com\/es\/jugar\/thunderball\/\"\r\n  }\r\n}\r\n<\/script><p>Si quieres empezar a jugar un nuevo juego, deber\u00edas mirar m\u00e1s de cerca a Thunderball. Incluso te sorprender\u00eda lo divertido que es este, y todas las opciones que puedes elegir. Eso es porque cuando juegas a la loter\u00eda Thunderball UK Lotto en l\u00ednea, incluso puedes elegir los d\u00edas en que juegas.<\/p><h2 class=\"wp-block-heading\">C\u00f3mo jugar a la loter\u00eda Thunderball UK en l\u00ednea<\/h2><p><img loading=\"lazy\" decoding=\"async\" class=\" wp-image alignright\" src=\"https:\/\/content.redfoxlotto.com\/uploads\/sites\/9\/1_play_online_lotto.jpg\" alt=\"jugar thunderball en l\u00ednea\" width=\"253\" height=\"253\" \/><\/p><p>Con este juego se eligen cinco n\u00fameros regulares m\u00e1s un n\u00famero de bono. Cada uno de los n\u00fameros regulares tiene que estar entre el 1 y el 39. Cada uno de los n\u00fameros del Thunderball tiene que estar entre el 1 y el 14. O puedes elegir un boleto de Lucky Dip que se genera autom\u00e1ticamente para ti.<\/p><p>Una vez que tengas tus n\u00fameros puedes elegir los d\u00edas en que quieres que tu boleto sea v\u00e1lido y por cu\u00e1nto tiempo. De esa manera, obtienes todos los sorteos que quieras.<\/p><h2 class=\"wp-block-heading\">Revisando los n\u00fameros ganadores<\/h2><p>Una vez que hayas comprado los boletos vas a querer saber si has ganado algo, \u00bfverdad? Bueno, es m\u00e1s f\u00e1cil averiguarlo de lo que crees. Todo lo que tienes que hacer es comprobar los n\u00fameros ganadores en l\u00ednea, en tu lugar favorito. Como RedFoxLotto.com.<br>Si ya has jugado el juego y necesitas saber si has ganado algo, entonces este es un lugar a\u00fan mejor para comprobarlo porque puedes comparar tus propios n\u00fameros entrando en tu cuenta. Y de hecho, haremos todas las comparaciones por ti para que puedas relajarte.<\/p>","protected":false},"excerpt":{"rendered":"<p>Si quieres empezar a jugar un nuevo juego, deber\u00edas mirar m\u00e1s de cerca a Thunderball. Incluso te sorprender\u00eda lo divertido que es este, y todas las opciones que puedes elegir. Eso es porque cuando juegas a la loter\u00eda Thunderball UK Lotto en l\u00ednea, incluso puedes elegir los d\u00edas en que juegas. C\u00f3mo jugar a la [&hellip;]<\/p>\n","protected":false},"author":1,"featured_media":0,"parent":237,"menu_order":11,"comment_status":"closed","ping_status":"closed","template":"thunderball.php","meta":{"_et_pb_use_builder":"","_et_pb_old_content":"","_et_gb_content_width":"","exclude_from_search":false,"footnotes":""},"class_list":["post-13279","page","type-page","status-publish","hentry"],"yoast_head":"<!-- This site is optimized with the Yoast SEO plugin v23.8 - https:\/\/yoast.com\/wordpress\/plugins\/seo\/ -->\n<title>Participar en la loter\u00eda Thunderball en l\u00ednea<\/title>\n<meta name=\"description\" content=\"La loter\u00eda Thunderball del Reino Unido ahora puede ser jugada en l\u00ednea desde cualquier pa\u00eds.\" \/>\n<meta name=\"robots\" content=\"index, follow, max-snippet:-1, max-image-preview:large, max-video-preview:-1\" \/>\n<link rel=\"canonical\" href=\"https:\/\/redfoxlotto.com\/es\/jugar\/thunderball\/\" \/>\n<meta property=\"og:locale\" content=\"es_ES\" \/>\n<meta property=\"og:type\" content=\"article\" \/>\n<meta property=\"og:title\" content=\"Participar en la loter\u00eda Thunderball en l\u00ednea\" \/>\n<meta property=\"og:description\" content=\"La loter\u00eda Thunderball del Reino Unido ahora puede ser jugada en l\u00ednea desde cualquier pa\u00eds.\" \/>\n<meta property=\"og:url\" content=\"https:\/\/redfoxlotto.com\/es\/jugar\/thunderball\/\" \/>\n<meta property=\"og:site_name\" content=\"Get Tickets for the World\u2019s largest jackpots\" \/>\n<meta property=\"article:modified_time\" content=\"2025-12-11T09:44:36+00:00\" \/>\n<meta property=\"og:image\" content=\"https:\/\/content.redfoxlotto.com\/uploads\/sites\/9\/1_play_online_lotto.jpg\" \/>\n<meta name=\"twitter:card\" content=\"summary_large_image\" \/>\n<meta name=\"twitter:label1\" content=\"Tiempo de lectura\" \/>\n\t<meta name=\"twitter:data1\" content=\"2 minutos\" \/>\n<script type=\"application\/ld+json\" class=\"yoast-schema-graph\">{\"@context\":\"https:\/\/schema.org\",\"@graph\":[{\"@type\":\"WebPage\",\"@id\":\"https:\/\/redfoxlotto.com\/es\/jugar\/thunderball\/\",\"url\":\"https:\/\/redfoxlotto.com\/es\/jugar\/thunderball\/\",\"name\":\"Participar en la loter\u00eda Thunderball en l\u00ednea\",\"isPartOf\":{\"@id\":\"https:\/\/redfoxlotto.com\/es\/#website\"},\"primaryImageOfPage\":{\"@id\":\"https:\/\/redfoxlotto.com\/es\/jugar\/thunderball\/#primaryimage\"},\"image\":{\"@id\":\"https:\/\/redfoxlotto.com\/es\/jugar\/thunderball\/#primaryimage\"},\"thumbnailUrl\":\"https:\/\/content.redfoxlotto.com\/uploads\/sites\/9\/1_play_online_lotto.jpg\",\"datePublished\":\"2023-04-24T18:07:24+00:00\",\"dateModified\":\"2025-12-11T09:44:36+00:00\",\"description\":\"La loter\u00eda Thunderball del Reino Unido ahora puede ser jugada en l\u00ednea desde cualquier pa\u00eds.\",\"breadcrumb\":{\"@id\":\"https:\/\/redfoxlotto.com\/es\/jugar\/thunderball\/#breadcrumb\"},\"inLanguage\":\"es\",\"potentialAction\":[{\"@type\":\"ReadAction\",\"target\":[\"https:\/\/redfoxlotto.com\/es\/jugar\/thunderball\/\"]}]},{\"@type\":\"ImageObject\",\"inLanguage\":\"es\",\"@id\":\"https:\/\/redfoxlotto.com\/es\/jugar\/thunderball\/#primaryimage\",\"url\":\"https:\/\/content.redfoxlotto.com\/uploads\/sites\/9\/1_play_online_lotto.jpg\",\"contentUrl\":\"https:\/\/content.redfoxlotto.com\/uploads\/sites\/9\/1_play_online_lotto.jpg\"},{\"@type\":\"BreadcrumbList\",\"@id\":\"https:\/\/redfoxlotto.com\/es\/jugar\/thunderball\/#breadcrumb\",\"itemListElement\":[{\"@type\":\"ListItem\",\"position\":1,\"name\":\"Home\",\"item\":\"https:\/\/redfoxlotto.com\/es\/\"},{\"@type\":\"ListItem\",\"position\":2,\"name\":\"Jugar loter\u00edas mundiales\",\"item\":\"https:\/\/redfoxlotto.com\/es\/jugar\/\"},{\"@type\":\"ListItem\",\"position\":3,\"name\":\"Juega a la loter\u00eda Thunderball en l\u00ednea\"}]},{\"@type\":\"WebSite\",\"@id\":\"https:\/\/redfoxlotto.com\/es\/#website\",\"url\":\"https:\/\/redfoxlotto.com\/es\/\",\"name\":\"Get Tickets for the World\u2019s largest jackpots\",\"description\":\"Participate in worldwide lottery jackpots from any country\",\"publisher\":{\"@id\":\"https:\/\/redfoxlotto.com\/es\/#organization\"},\"potentialAction\":[{\"@type\":\"SearchAction\",\"target\":{\"@type\":\"EntryPoint\",\"urlTemplate\":\"https:\/\/redfoxlotto.com\/es\/?s={search_term_string}\"},\"query-input\":{\"@type\":\"PropertyValueSpecification\",\"valueRequired\":true,\"valueName\":\"search_term_string\"}}],\"inLanguage\":\"es\"},{\"@type\":\"Organization\",\"@id\":\"https:\/\/redfoxlotto.com\/es\/#organization\",\"name\":\"Get Tickets for the World\u2019s largest jackpots\",\"url\":\"https:\/\/redfoxlotto.com\/es\/\",\"logo\":{\"@type\":\"ImageObject\",\"inLanguage\":\"es\",\"@id\":\"https:\/\/redfoxlotto.com\/es\/#\/schema\/logo\/image\/\",\"url\":\"https:\/\/redfoxlotto.com\/wp-content\/uploads\/2023\/04\/logo.png\",\"contentUrl\":\"https:\/\/redfoxlotto.com\/wp-content\/uploads\/2023\/04\/logo.png\",\"width\":269,\"height\":53,\"caption\":\"Get Tickets for the World\u2019s largest jackpots\"},\"image\":{\"@id\":\"https:\/\/redfoxlotto.com\/es\/#\/schema\/logo\/image\/\"}}]}<\/script>\n<!-- \/ Yoast SEO plugin. -->","yoast_head_json":{"title":"Participar en la loter\u00eda Thunderball en l\u00ednea","description":"La loter\u00eda Thunderball del Reino Unido ahora puede ser jugada en l\u00ednea desde cualquier pa\u00eds.","robots":{"index":"index","follow":"follow","max-snippet":"max-snippet:-1","max-image-preview":"max-image-preview:large","max-video-preview":"max-video-preview:-1"},"canonical":"https:\/\/redfoxlotto.com\/es\/jugar\/thunderball\/","og_locale":"es_ES","og_type":"article","og_title":"Participar en la loter\u00eda Thunderball en l\u00ednea","og_description":"La loter\u00eda Thunderball del Reino Unido ahora puede ser jugada en l\u00ednea desde cualquier pa\u00eds.","og_url":"https:\/\/redfoxlotto.com\/es\/jugar\/thunderball\/","og_site_name":"Get Tickets for the World\u2019s largest jackpots","article_modified_time":"2025-12-11T09:44:36+00:00","og_image":[{"url":"https:\/\/content.redfoxlotto.com\/uploads\/sites\/9\/1_play_online_lotto.jpg"}],"twitter_card":"summary_large_image","twitter_misc":{"Tiempo de lectura":"2 minutos"},"schema":{"@context":"https:\/\/schema.org","@graph":[{"@type":"WebPage","@id":"https:\/\/redfoxlotto.com\/es\/jugar\/thunderball\/","url":"https:\/\/redfoxlotto.com\/es\/jugar\/thunderball\/","name":"Participar en la loter\u00eda Thunderball en l\u00ednea","isPartOf":{"@id":"https:\/\/redfoxlotto.com\/es\/#website"},"primaryImageOfPage":{"@id":"https:\/\/redfoxlotto.com\/es\/jugar\/thunderball\/#primaryimage"},"image":{"@id":"https:\/\/redfoxlotto.com\/es\/jugar\/thunderball\/#primaryimage"},"thumbnailUrl":"https:\/\/content.redfoxlotto.com\/uploads\/sites\/9\/1_play_online_lotto.jpg","datePublished":"2023-04-24T18:07:24+00:00","dateModified":"2025-12-11T09:44:36+00:00","description":"La loter\u00eda Thunderball del Reino Unido ahora puede ser jugada en l\u00ednea desde cualquier pa\u00eds.","breadcrumb":{"@id":"https:\/\/redfoxlotto.com\/es\/jugar\/thunderball\/#breadcrumb"},"inLanguage":"es","potentialAction":[{"@type":"ReadAction","target":["https:\/\/redfoxlotto.com\/es\/jugar\/thunderball\/"]}]},{"@type":"ImageObject","inLanguage":"es","@id":"https:\/\/redfoxlotto.com\/es\/jugar\/thunderball\/#primaryimage","url":"https:\/\/content.redfoxlotto.com\/uploads\/sites\/9\/1_play_online_lotto.jpg","contentUrl":"https:\/\/content.redfoxlotto.com\/uploads\/sites\/9\/1_play_online_lotto.jpg"},{"@type":"BreadcrumbList","@id":"https:\/\/redfoxlotto.com\/es\/jugar\/thunderball\/#breadcrumb","itemListElement":[{"@type":"ListItem","position":1,"name":"Home","item":"https:\/\/redfoxlotto.com\/es\/"},{"@type":"ListItem","position":2,"name":"Jugar loter\u00edas mundiales","item":"https:\/\/redfoxlotto.com\/es\/jugar\/"},{"@type":"ListItem","position":3,"name":"Juega a la loter\u00eda Thunderball en l\u00ednea"}]},{"@type":"WebSite","@id":"https:\/\/redfoxlotto.com\/es\/#website","url":"https:\/\/redfoxlotto.com\/es\/","name":"Get Tickets for the World\u2019s largest jackpots","description":"Participate in worldwide lottery jackpots from any country","publisher":{"@id":"https:\/\/redfoxlotto.com\/es\/#organization"},"potentialAction":[{"@type":"SearchAction","target":{"@type":"EntryPoint","urlTemplate":"https:\/\/redfoxlotto.com\/es\/?s={search_term_string}"},"query-input":{"@type":"PropertyValueSpecification","valueRequired":true,"valueName":"search_term_string"}}],"inLanguage":"es"},{"@type":"Organization","@id":"https:\/\/redfoxlotto.com\/es\/#organization","name":"Get Tickets for the World\u2019s largest jackpots","url":"https:\/\/redfoxlotto.com\/es\/","logo":{"@type":"ImageObject","inLanguage":"es","@id":"https:\/\/redfoxlotto.com\/es\/#\/schema\/logo\/image\/","url":"https:\/\/redfoxlotto.com\/wp-content\/uploads\/2023\/04\/logo.png","contentUrl":"https:\/\/redfoxlotto.com\/wp-content\/uploads\/2023\/04\/logo.png","width":269,"height":53,"caption":"Get Tickets for the World\u2019s largest jackpots"},"image":{"@id":"https:\/\/redfoxlotto.com\/es\/#\/schema\/logo\/image\/"}}]}},"_links":{"self":[{"href":"https:\/\/redfoxlotto.com\/es\/wp-json\/wp\/v2\/pages\/13279","targetHints":{"allow":["GET"]}}],"collection":[{"href":"https:\/\/redfoxlotto.com\/es\/wp-json\/wp\/v2\/pages"}],"about":[{"href":"https:\/\/redfoxlotto.com\/es\/wp-json\/wp\/v2\/types\/page"}],"author":[{"embeddable":true,"href":"https:\/\/redfoxlotto.com\/es\/wp-json\/wp\/v2\/users\/1"}],"replies":[{"embeddable":true,"href":"https:\/\/redfoxlotto.com\/es\/wp-json\/wp\/v2\/comments?post=13279"}],"version-history":[{"count":0,"href":"https:\/\/redfoxlotto.com\/es\/wp-json\/wp\/v2\/pages\/13279\/revisions"}],"up":[{"embeddable":true,"href":"https:\/\/redfoxlotto.com\/es\/wp-json\/wp\/v2\/pages\/237"}],"wp:attachment":[{"href":"https:\/\/redfoxlotto.com\/es\/wp-json\/wp\/v2\/media?parent=13279"}],"curies":[{"name":"wp","href":"https:\/\/api.w.org\/{rel}","templated":true}]}}