{"id":12982,"date":"2023-04-24T18:09:15","date_gmt":"2023-04-24T18:09:15","guid":{"rendered":"https:\/\/redfoxlotto.com\/?page_id=12982"},"modified":"2025-12-10T14:12:37","modified_gmt":"2025-12-10T14:12:37","slug":"lotto-america","status":"publish","type":"page","link":"https:\/\/redfoxlotto.com\/es\/jugar\/lotto-america\/","title":{"rendered":"C\u00f3mo jugar a la Loter\u00eda de Am\u00e9rica en l\u00ednea"},"content":{"rendered":"<script type=\"application\/ld+json\">\r\n{\r\n\"@context\": \"https:\/\/schema.org\",\r\n\"@type\": \"Service\",\r\n\"name\": \" Lotto America online\",\r\n\"url\": \"https:\/\/redfoxlotto.com\/es\/jugar\/lotto-america\/\",\r\n\"description\": \"Compra boletos oficiales de Lotto America en l\u00ednea a trav\u00e9s de RedFoxLotto. Elige tus n\u00fameros y participa en el pr\u00f3ximo sorteo.\",\r\n\"serviceType\": \"Online lottery ticket purchase\",\r\n\r\n\"provider\": {\r\n\"@type\": \"Organization\",\r\n\"name\": \"RedFoxLotto\",\r\n\"url\": \"https:\/\/redfoxlotto.com\",\r\n\"logo\": \"https:\/\/redfoxlotto.com\/wp-content\/uploads\/logo.png\"\r\n},\r\n\r\n\"areaServed\": \"Worldwide\",\r\n\"termsOfService\": \"https:\/\/redfoxlotto.com\/terms-and-conditions\",\r\n\r\n\"hasOfferCatalog\": {\r\n\"@type\": \"OfferCatalog\",\r\n\"name\": \"Lotto America Offers\",\r\n\"itemListElement\": [\r\n{\r\n\"@type\": \"Offer\",\r\n\"name\": \"Lotto America Lottery Ticket\",\r\n\"url\": \"https:\/\/redfoxlotto.com\/es\/jugar\/lotto-america\/\",\r\n\"description\": \"Una entrada para el pr\u00f3ximo sorteo de la loter\u00eda Lotto America.\",\r\n\"price\": \"2.75\",\r\n\"priceCurrency\": \"EUR\",\r\n\"availability\": \"https:\/\/schema.org\/InStock\",\r\n\r\n\"itemOffered\": {\r\n\"@type\": \"Service\",\r\n\"name\": \"Lotto America Lottery Entry\",\r\n\"description\": \"Entrada para el pr\u00f3ximo sorteo de Lotto America a trav\u00e9s de RedFoxLotto.\"\r\n}\r\n}\r\n]\r\n},\r\n\r\n\"mainEntityOfPage\": {\r\n\"@type\": \"WebPage\",\r\n\"@id\": \"https:\/\/redfoxlotto.com\/es\/jugar\/lotto-america\/\"\r\n}\r\n}\r\n<\/script><p>Cuando se trata de jugar a la loter\u00eda en l\u00ednea puede que est\u00e9s buscando algo nuevo. Despu\u00e9s de todo, se puede volver un poco viejo jugando los mismos juegos de una vez, \u00bfverdad? Probablemente por eso te cambiaste a los juegos en l\u00ednea en primer lugar. Bueno, est\u00e1 a punto de ser mucho m\u00e1s divertido porque todav\u00eda no has visto Loter\u00eda de Am\u00e9rica.<\/p><h2 class=\"wp-block-heading\">\u00bfQu\u00e9 es la Loter\u00eda de Am\u00e9rica?<\/h2><p><img decoding=\"async\" class=\"size-full wp-image alignright\" src=\"https:\/\/content.redfoxlotto.com\/uploads\/sites\/9\/1_play_lottery_online5.jpg\" alt=\"jugar loter\u00eda america en l\u00ednea\"><\/p><p>Lotto America es un juego de loter\u00eda multiestatal que te da la oportunidad de un gran premio gordo y te da buenas probabilidades de seguir adelante con \u00e9l. No s\u00f3lo eso, sino que los boletos son baratos y este juego te da muchas formas de ganar premios m\u00e1s peque\u00f1os mientras est\u00e1s en \u00e9l. Eso significa que te divertir\u00e1s un poco con \u00e9l aunque no ganes el premio gordo.<\/p><h2 class=\"wp-block-heading\">Lo que se debe saber sobre el Juego<\/h2><p>Este juego se sortea dos veces a la semana, el mi\u00e9rcoles y el s\u00e1bado. Tambi\u00e9n dibuja un total de seis bolas diferentes. Cinco de ellas son bolas blancas normales, que son sus n\u00fameros est\u00e1ndar. Una es una bola roja, que es el n\u00famero de bono.<\/p><h2 class=\"wp-block-heading\">\u00bfQui\u00e9n est\u00e1 jugando?<\/h2><p>Cuando se trata de jugar a este juego probablemente quieras saber en qu\u00e9 te est\u00e1s metiendo, \u00bfverdad? Bueno, hay un total de 13 estados diferentes que est\u00e1n actualmente jugando este juego, incluyendo Maine, Idaho, Montana, Dakota del Norte y del Sur, Minnesota, Iowa, Kansas, Nuevo M\u00e9xico, Oklahoma, Tennesee, West Virginia y Delaware. Pero no tienes que vivir en uno de esos estados, ni siquiera en los Estados Unidos, para jugar a este juego. Hay muchas opciones y formas de empezar a jugar a este juego desde cualquier lugar. S\u00f3lo tienes que saber c\u00f3mo jugar.<\/p><h2 class=\"wp-block-heading\">Jugando por ti mismo<\/h2><p>Cuando est\u00e9s listo para empezar a jugar a la Loter\u00eda Americana todo lo que tienes que hacer es crear una cuenta en l\u00ednea con RedFoxLotto. Desde all\u00ed, puedes revisar todos sus diferentes juegos, que incluyen opciones de todo el mundo. Loter\u00eda de Am\u00e9rica es s\u00f3lo uno de los muchos juegos que puedes elegir, pero va a ser divertido.<\/p><p>Una vez que seleccionas el juego, puedes ver cu\u00e1l es el premio mayor y cu\u00e1ndo se har\u00e1 el sorteo antes de comprar el boleto. De esa manera sabes si realmente quieres probarlo o si quieres probar un juego diferente esta vez (o si quieres boletos multiples). Una vez que has decidido comprar un boleto, s\u00f3lo tienes que elegir los n\u00fameros que quieres. Puedes seleccionar todos los n\u00fameros por ti mismo si tienes una preferencia o puedes elegir seleccionar s\u00f3lo unos pocos n\u00fameros y hacer que el resto se genere al azar. O puedes tener todos los n\u00fameros generados al azar. Depende completamente de ti.<\/p><p>Entonces, una vez que tengas todos los n\u00fameros, lo \u00fanico que tienes que hacer es elegir entre jugar o no al Bono All Star y financiar tu compra. Estar\u00e1s listo en poco tiempo y luego s\u00f3lo tendr\u00e1s que esperar a que se realice el sorteo para ver si eres un ganador.<\/p><h2 class=\"wp-block-heading\">\u00bfHas ganado?<\/h2><p>Cuando el juego es sorteado y est\u00e1s esperando a ver si tus n\u00fameros son los que salen, va a ser a\u00fan m\u00e1s f\u00e1cil de lo que piensas. Todo lo que tienes que hacer es mirar en l\u00ednea. RedFoxLotto ofrece todos los n\u00fameros ganadores, y especialmente cuando compras un boleto porque nosotros emparejaremos los n\u00fameros por ti.<\/p><p>Si ganas un peque\u00f1o premio, ser\u00e1 depositado autom\u00e1ticamente en tu cuenta. Si gana un premio grande, le ayudaremos y pasaremos por el proceso de reclamar el premio. Pero no importa lo que gane, lo sabr\u00e1 inmediatamente en su cuenta porque le mostraremos sus n\u00fameros y los n\u00fameros ganadores. Entonces, \u00bfpor qu\u00e9 no lo intentas y te metes en la loter\u00eda de Am\u00e9rica? Puede que ni siquiera te des cuenta de lo que te est\u00e1s perdiendo todav\u00eda. Hasta que lo pruebes t\u00fa mismo.<\/p>","protected":false},"excerpt":{"rendered":"<p>Cuando se trata de jugar a la loter\u00eda en l\u00ednea puede que est\u00e9s buscando algo nuevo. Despu\u00e9s de todo, se puede volver un poco viejo jugando los mismos juegos de una vez, \u00bfverdad? Probablemente por eso te cambiaste a los juegos en l\u00ednea en primer lugar. Bueno, est\u00e1 a punto de ser mucho m\u00e1s divertido [&hellip;]<\/p>\n","protected":false},"author":1,"featured_media":0,"parent":237,"menu_order":12,"comment_status":"closed","ping_status":"closed","template":"lotto-america.php","meta":{"_et_pb_use_builder":"","_et_pb_old_content":"","_et_gb_content_width":"","exclude_from_search":false,"footnotes":""},"class_list":["post-12982","page","type-page","status-publish","hentry"],"yoast_head":"<!-- This site is optimized with the Yoast SEO plugin v23.8 - https:\/\/yoast.com\/wordpress\/plugins\/seo\/ -->\n<title>Juega a la Loter\u00eda de Am\u00e9rica en l\u00ednea<\/title>\n<meta name=\"description\" content=\"Jugadores de cualquier pa\u00eds pueden ahora unirse y jugar a esta loter\u00eda multiestatal de los EE.UU. en l\u00ednea.\" \/>\n<meta name=\"robots\" content=\"index, follow, max-snippet:-1, max-image-preview:large, max-video-preview:-1\" \/>\n<link rel=\"canonical\" href=\"https:\/\/redfoxlotto.com\/es\/jugar\/lotto-america\/\" \/>\n<meta property=\"og:locale\" content=\"es_ES\" \/>\n<meta property=\"og:type\" content=\"article\" \/>\n<meta property=\"og:title\" content=\"Juega a la Loter\u00eda de Am\u00e9rica en l\u00ednea\" \/>\n<meta property=\"og:description\" content=\"Jugadores de cualquier pa\u00eds pueden ahora unirse y jugar a esta loter\u00eda multiestatal de los EE.UU. en l\u00ednea.\" \/>\n<meta property=\"og:url\" content=\"https:\/\/redfoxlotto.com\/es\/jugar\/lotto-america\/\" \/>\n<meta property=\"og:site_name\" content=\"Get Tickets for the World\u2019s largest jackpots\" \/>\n<meta property=\"article:modified_time\" content=\"2025-12-10T14:12:37+00:00\" \/>\n<meta property=\"og:image\" content=\"https:\/\/content.redfoxlotto.com\/uploads\/sites\/9\/1_play_lottery_online5.jpg\" \/>\n<meta name=\"twitter:card\" content=\"summary_large_image\" \/>\n<meta name=\"twitter:label1\" content=\"Tiempo de lectura\" \/>\n\t<meta name=\"twitter:data1\" content=\"4 minutos\" \/>\n<script type=\"application\/ld+json\" class=\"yoast-schema-graph\">{\"@context\":\"https:\/\/schema.org\",\"@graph\":[{\"@type\":\"WebPage\",\"@id\":\"https:\/\/redfoxlotto.com\/es\/jugar\/lotto-america\/\",\"url\":\"https:\/\/redfoxlotto.com\/es\/jugar\/lotto-america\/\",\"name\":\"Juega a la Loter\u00eda de Am\u00e9rica en l\u00ednea\",\"isPartOf\":{\"@id\":\"https:\/\/redfoxlotto.com\/es\/#website\"},\"primaryImageOfPage\":{\"@id\":\"https:\/\/redfoxlotto.com\/es\/jugar\/lotto-america\/#primaryimage\"},\"image\":{\"@id\":\"https:\/\/redfoxlotto.com\/es\/jugar\/lotto-america\/#primaryimage\"},\"thumbnailUrl\":\"https:\/\/content.redfoxlotto.com\/uploads\/sites\/9\/1_play_lottery_online5.jpg\",\"datePublished\":\"2023-04-24T18:09:15+00:00\",\"dateModified\":\"2025-12-10T14:12:37+00:00\",\"description\":\"Jugadores de cualquier pa\u00eds pueden ahora unirse y jugar a esta loter\u00eda multiestatal de los EE.UU. en l\u00ednea.\",\"breadcrumb\":{\"@id\":\"https:\/\/redfoxlotto.com\/es\/jugar\/lotto-america\/#breadcrumb\"},\"inLanguage\":\"es\",\"potentialAction\":[{\"@type\":\"ReadAction\",\"target\":[\"https:\/\/redfoxlotto.com\/es\/jugar\/lotto-america\/\"]}]},{\"@type\":\"ImageObject\",\"inLanguage\":\"es\",\"@id\":\"https:\/\/redfoxlotto.com\/es\/jugar\/lotto-america\/#primaryimage\",\"url\":\"https:\/\/content.redfoxlotto.com\/uploads\/sites\/9\/1_play_lottery_online5.jpg\",\"contentUrl\":\"https:\/\/content.redfoxlotto.com\/uploads\/sites\/9\/1_play_lottery_online5.jpg\"},{\"@type\":\"BreadcrumbList\",\"@id\":\"https:\/\/redfoxlotto.com\/es\/jugar\/lotto-america\/#breadcrumb\",\"itemListElement\":[{\"@type\":\"ListItem\",\"position\":1,\"name\":\"Home\",\"item\":\"https:\/\/redfoxlotto.com\/es\/\"},{\"@type\":\"ListItem\",\"position\":2,\"name\":\"Jugar loter\u00edas mundiales\",\"item\":\"https:\/\/redfoxlotto.com\/es\/jugar\/\"},{\"@type\":\"ListItem\",\"position\":3,\"name\":\"C\u00f3mo jugar a la Loter\u00eda de Am\u00e9rica en l\u00ednea\"}]},{\"@type\":\"WebSite\",\"@id\":\"https:\/\/redfoxlotto.com\/es\/#website\",\"url\":\"https:\/\/redfoxlotto.com\/es\/\",\"name\":\"Get Tickets for the World\u2019s largest jackpots\",\"description\":\"Participate in worldwide lottery jackpots from any country\",\"publisher\":{\"@id\":\"https:\/\/redfoxlotto.com\/es\/#organization\"},\"potentialAction\":[{\"@type\":\"SearchAction\",\"target\":{\"@type\":\"EntryPoint\",\"urlTemplate\":\"https:\/\/redfoxlotto.com\/es\/?s={search_term_string}\"},\"query-input\":{\"@type\":\"PropertyValueSpecification\",\"valueRequired\":true,\"valueName\":\"search_term_string\"}}],\"inLanguage\":\"es\"},{\"@type\":\"Organization\",\"@id\":\"https:\/\/redfoxlotto.com\/es\/#organization\",\"name\":\"Get Tickets for the World\u2019s largest jackpots\",\"url\":\"https:\/\/redfoxlotto.com\/es\/\",\"logo\":{\"@type\":\"ImageObject\",\"inLanguage\":\"es\",\"@id\":\"https:\/\/redfoxlotto.com\/es\/#\/schema\/logo\/image\/\",\"url\":\"https:\/\/redfoxlotto.com\/wp-content\/uploads\/2023\/04\/logo.png\",\"contentUrl\":\"https:\/\/redfoxlotto.com\/wp-content\/uploads\/2023\/04\/logo.png\",\"width\":269,\"height\":53,\"caption\":\"Get Tickets for the World\u2019s largest jackpots\"},\"image\":{\"@id\":\"https:\/\/redfoxlotto.com\/es\/#\/schema\/logo\/image\/\"}}]}<\/script>\n<!-- \/ Yoast SEO plugin. -->","yoast_head_json":{"title":"Juega a la Loter\u00eda de Am\u00e9rica en l\u00ednea","description":"Jugadores de cualquier pa\u00eds pueden ahora unirse y jugar a esta loter\u00eda multiestatal de los EE.UU. en l\u00ednea.","robots":{"index":"index","follow":"follow","max-snippet":"max-snippet:-1","max-image-preview":"max-image-preview:large","max-video-preview":"max-video-preview:-1"},"canonical":"https:\/\/redfoxlotto.com\/es\/jugar\/lotto-america\/","og_locale":"es_ES","og_type":"article","og_title":"Juega a la Loter\u00eda de Am\u00e9rica en l\u00ednea","og_description":"Jugadores de cualquier pa\u00eds pueden ahora unirse y jugar a esta loter\u00eda multiestatal de los EE.UU. en l\u00ednea.","og_url":"https:\/\/redfoxlotto.com\/es\/jugar\/lotto-america\/","og_site_name":"Get Tickets for the World\u2019s largest jackpots","article_modified_time":"2025-12-10T14:12:37+00:00","og_image":[{"url":"https:\/\/content.redfoxlotto.com\/uploads\/sites\/9\/1_play_lottery_online5.jpg"}],"twitter_card":"summary_large_image","twitter_misc":{"Tiempo de lectura":"4 minutos"},"schema":{"@context":"https:\/\/schema.org","@graph":[{"@type":"WebPage","@id":"https:\/\/redfoxlotto.com\/es\/jugar\/lotto-america\/","url":"https:\/\/redfoxlotto.com\/es\/jugar\/lotto-america\/","name":"Juega a la Loter\u00eda de Am\u00e9rica en l\u00ednea","isPartOf":{"@id":"https:\/\/redfoxlotto.com\/es\/#website"},"primaryImageOfPage":{"@id":"https:\/\/redfoxlotto.com\/es\/jugar\/lotto-america\/#primaryimage"},"image":{"@id":"https:\/\/redfoxlotto.com\/es\/jugar\/lotto-america\/#primaryimage"},"thumbnailUrl":"https:\/\/content.redfoxlotto.com\/uploads\/sites\/9\/1_play_lottery_online5.jpg","datePublished":"2023-04-24T18:09:15+00:00","dateModified":"2025-12-10T14:12:37+00:00","description":"Jugadores de cualquier pa\u00eds pueden ahora unirse y jugar a esta loter\u00eda multiestatal de los EE.UU. en l\u00ednea.","breadcrumb":{"@id":"https:\/\/redfoxlotto.com\/es\/jugar\/lotto-america\/#breadcrumb"},"inLanguage":"es","potentialAction":[{"@type":"ReadAction","target":["https:\/\/redfoxlotto.com\/es\/jugar\/lotto-america\/"]}]},{"@type":"ImageObject","inLanguage":"es","@id":"https:\/\/redfoxlotto.com\/es\/jugar\/lotto-america\/#primaryimage","url":"https:\/\/content.redfoxlotto.com\/uploads\/sites\/9\/1_play_lottery_online5.jpg","contentUrl":"https:\/\/content.redfoxlotto.com\/uploads\/sites\/9\/1_play_lottery_online5.jpg"},{"@type":"BreadcrumbList","@id":"https:\/\/redfoxlotto.com\/es\/jugar\/lotto-america\/#breadcrumb","itemListElement":[{"@type":"ListItem","position":1,"name":"Home","item":"https:\/\/redfoxlotto.com\/es\/"},{"@type":"ListItem","position":2,"name":"Jugar loter\u00edas mundiales","item":"https:\/\/redfoxlotto.com\/es\/jugar\/"},{"@type":"ListItem","position":3,"name":"C\u00f3mo jugar a la Loter\u00eda de Am\u00e9rica en l\u00ednea"}]},{"@type":"WebSite","@id":"https:\/\/redfoxlotto.com\/es\/#website","url":"https:\/\/redfoxlotto.com\/es\/","name":"Get Tickets for the World\u2019s largest jackpots","description":"Participate in worldwide lottery jackpots from any country","publisher":{"@id":"https:\/\/redfoxlotto.com\/es\/#organization"},"potentialAction":[{"@type":"SearchAction","target":{"@type":"EntryPoint","urlTemplate":"https:\/\/redfoxlotto.com\/es\/?s={search_term_string}"},"query-input":{"@type":"PropertyValueSpecification","valueRequired":true,"valueName":"search_term_string"}}],"inLanguage":"es"},{"@type":"Organization","@id":"https:\/\/redfoxlotto.com\/es\/#organization","name":"Get Tickets for the World\u2019s largest jackpots","url":"https:\/\/redfoxlotto.com\/es\/","logo":{"@type":"ImageObject","inLanguage":"es","@id":"https:\/\/redfoxlotto.com\/es\/#\/schema\/logo\/image\/","url":"https:\/\/redfoxlotto.com\/wp-content\/uploads\/2023\/04\/logo.png","contentUrl":"https:\/\/redfoxlotto.com\/wp-content\/uploads\/2023\/04\/logo.png","width":269,"height":53,"caption":"Get Tickets for the World\u2019s largest jackpots"},"image":{"@id":"https:\/\/redfoxlotto.com\/es\/#\/schema\/logo\/image\/"}}]}},"_links":{"self":[{"href":"https:\/\/redfoxlotto.com\/es\/wp-json\/wp\/v2\/pages\/12982","targetHints":{"allow":["GET"]}}],"collection":[{"href":"https:\/\/redfoxlotto.com\/es\/wp-json\/wp\/v2\/pages"}],"about":[{"href":"https:\/\/redfoxlotto.com\/es\/wp-json\/wp\/v2\/types\/page"}],"author":[{"embeddable":true,"href":"https:\/\/redfoxlotto.com\/es\/wp-json\/wp\/v2\/users\/1"}],"replies":[{"embeddable":true,"href":"https:\/\/redfoxlotto.com\/es\/wp-json\/wp\/v2\/comments?post=12982"}],"version-history":[{"count":0,"href":"https:\/\/redfoxlotto.com\/es\/wp-json\/wp\/v2\/pages\/12982\/revisions"}],"up":[{"embeddable":true,"href":"https:\/\/redfoxlotto.com\/es\/wp-json\/wp\/v2\/pages\/237"}],"wp:attachment":[{"href":"https:\/\/redfoxlotto.com\/es\/wp-json\/wp\/v2\/media?parent=12982"}],"curies":[{"name":"wp","href":"https:\/\/api.w.org\/{rel}","templated":true}]}}