{"id":102364,"date":"2025-02-12T11:20:21","date_gmt":"2025-02-12T11:20:21","guid":{"rendered":"https:\/\/redfoxlotto.com\/?page_id=102364"},"modified":"2026-01-12T10:33:40","modified_gmt":"2026-01-12T10:33:40","slug":"probabilidades-de-ganar-en-el-keno","status":"publish","type":"page","link":"https:\/\/redfoxlotto.com\/es\/keno\/probabilidades-de-ganar-en-el-keno\/","title":{"rendered":"N\u00fameros ganadores de Gold Keno"},"content":{"rendered":"<h2>El bote de 2 millones de euros te espera en Gold Keno.<\/h2>\n<p><img loading=\"lazy\" decoding=\"async\" class=\"size-medium wp-image-93652 alignright\" src=\"https:\/\/redfoxlotto.com\/wp-content\/uploads\/2025\/09\/gold-keno-win-2-300x300.jpg\" alt=\"gold keno\" width=\"300\" height=\"300\" \/><br \/>\nGold Keno es un juego de loter\u00eda online muy entretenido. Cualquiera que juegue puede ganar el incre\u00edble gran premio de 2 millones de euros. Es f\u00e1cil ver por qu\u00e9 Gold Keno es tan popular: cada sorteo te da una oportunidad real de ganar mucho dinero que podr\u00eda cambiar tu vida para mejor. La diversi\u00f3n de este juego proviene del hecho de que tiene sorteos r\u00e1pidos, juego limpio y la oportunidad de ganar el bote de dos millones de euros. Esto es as\u00ed tanto si juegas por diversi\u00f3n como si quieres ganar mucho dinero.<\/p>\n<h2>Gu\u00eda sobre las probabilidades de jugar al Gold Keno<\/h2>\n<p>En el Gold Keno, se eligen al azar 20 n\u00fameros de un total de ochenta. Los jugadores eligen sus propios n\u00fameros y el importe del premio depende de cu\u00e1ntas veces coincidan sus elecciones con el sorteo. A\u00f1adir un multiplicador aumenta el posible pago. Esto significa que los boletos que cuestan m\u00e1s ganar\u00e1n premios mayores.<\/p>\n<p>Cuando tienes m\u00e1s opciones, tienes m\u00e1s posibilidades de obtener un pago mayor, pero cuando tienes menos opciones, tienes m\u00e1s posibilidades de obtener un pago menor. Las probabilidades de ganar en el keno se basan en este equilibrio: m\u00e1s selecciones significan premios mayores pero probabilidades m\u00e1s dif\u00edciles, mientras que menos selecciones hacen que sea m\u00e1s f\u00e1cil ganar. Si utilizas el multiplicador, podr\u00edas ganar el gran premio de dos millones de euros.<\/p>\n<h2>La clave para ganar m\u00e1s es utilizar multiplicadores.<\/h2>\n<p>Podr\u00edas ganar el premio m\u00e1ximo de 2 millones de euros en Gold Keno gracias a la funci\u00f3n multiplicadora. Por ejemplo:<\/p>\n<p>Si el multiplicador m\u00e1s alto se establece en 5x, un boleto con un multiplicador de 1x te dar\u00e1 el 20 % del premio mayor. Si los jugadores apuestan con el multiplicador m\u00e1s alto, pueden obtener acceso completo al bote, que vale m\u00e1s de 2 millones de euros.<\/p>\n<p>Esta t\u00e9cnica ofrece otra forma en la que los jugadores pueden cambiar las probabilidades de ganar en el keno. Ofrece tanto a los jugadores cautelosos como a los arriesgados una forma justa de jugar.<\/p>\n<h2>El dinero en efectivo y los dep\u00f3sitos se utilizan para las transacciones.<\/h2>\n<p>Tienes que ingresar dinero en tu cuenta y comprar boletos online para jugar al Gold Keno. Las transacciones son r\u00e1pidas, seguras y f\u00e1ciles de entender, por lo que puedes participar en cualquier sorteo ahora mismo.<\/p>\n<h2>Hay muchos sorteos de Gold Keno<\/h2>\n<p>No tienes que esperar para jugar a Gold Keno como ocurre con otras loter\u00edas. Cada pocos minutos hay nuevos sorteos, lo que convierte la carrera por el premio m\u00e1ximo de 2 millones de euros en una aventura divertida e interminable. Debido a que hay tantos sorteos, las probabilidades de ganar en el keno se prueban una y otra vez, lo que mantiene el juego entretenido.<\/p>\n<h2>Un generador de n\u00fameros aleatorios (RNG) para garantizar el juego limpio<\/h2>\n<p>Para garantizar que todos los sorteos de Gold Keno sean justos, utilizamos un generador de n\u00fameros aleatorios (RNG) validado. Como todos los resultados son totalmente aleatorios, la posibilidad de ganar el premio de 2 millones de euros no se basa en conjeturas, sino en el azar. Esto garantiza que todos tengan las mismas posibilidades de ganar en el keno.<\/p>\n<h2>Comprueba tus ganancias y ll\u00e9vatelas contigo<\/h2>\n<p>Los jugadores pueden ver los resultados inmediatamente en la secci\u00f3n \u00abMis boletos\u00bb. Las ganancias m\u00e1s peque\u00f1as se ingresan instant\u00e1neamente en tu cuenta, y las m\u00e1s grandes, que pueden alcanzar los 2500 \u20ac, tambi\u00e9n se transfieren de inmediato. El seguro garantiza el premio m\u00e1ximo de 2 millones de euros y otros grandes premios, y el gobierno comprueba que se entreguen.<\/p>\n<h2>Todos los ganadores tienen derecho a recuperar su dinero<\/h2>\n<p>A diferencia de la mayor\u00eda de las loter\u00edas, Gold Keno paga independientemente del n\u00famero de boletos vendidos. El juego no solo es seguro, sino tambi\u00e9n rentable, ya que todos los premios, incluido el bote de la loter\u00eda de 2 millones de euros, est\u00e1n totalmente garantizados.<\/p>\n<h2>No hay boletos en papel, ya que todo se hace online.<\/h2>\n<p>No necesitar\u00e1s boletos en papel, ya que Gold Keno es completamente digital. Este sistema realiza un seguimiento de todas las apuestas para que nada se pierda ni sea robado.<\/p>\n<h2>\u00daltimas reflexiones: \u00bfQu\u00e9 diferencia a Gold Keno de otros juegos de keno?<\/h2>\n<p>Gold Keno sigue siendo uno de los juegos de loter\u00eda online m\u00e1s emocionantes, ya que tiene sorteos cada pocos minutos, resultados aleatorios justos, recompensas garantizadas y la posibilidad de ganar el bote de 2 millones de euros. Para las personas que piensan en las probabilidades de ganar en el keno, este juego es emocionante y tranquilizador, ya que cada boleto puede cambiar el curso del juego para los jugadores con grandes objetivos.<\/p>\n","protected":false},"excerpt":{"rendered":"<p>El bote de 2 millones de euros te espera en Gold Keno. Gold Keno es un juego de loter\u00eda online muy entretenido. Cualquiera que juegue puede ganar el incre\u00edble gran premio de 2 millones de euros. Es f\u00e1cil ver por qu\u00e9 Gold Keno es tan popular: cada sorteo te da una oportunidad real de ganar [&hellip;]<\/p>\n","protected":false},"author":8,"featured_media":0,"parent":84443,"menu_order":42,"comment_status":"closed","ping_status":"closed","template":"","meta":{"_et_pb_use_builder":"","_et_pb_old_content":"","_et_gb_content_width":"","exclude_from_search":false,"footnotes":""},"class_list":["post-102364","page","type-page","status-publish","hentry"],"yoast_head":"<!-- This site is optimized with the Yoast SEO plugin v23.8 - https:\/\/yoast.com\/wordpress\/plugins\/seo\/ -->\n<title>Probabilidades de ganar en el keno | Nuestros juegos de keno tienen grandes probabilidades y premios<\/title>\n<meta name=\"description\" content=\"Cuando juegues al keno online, f\u00edjate en las probabilidades de los juegos que encuentres. Nuestro Gold Keno tiene un premio m\u00e1ximo de 2 millones de euros, combinado con las mejores probabilidades que encontrar\u00e1s online.\" \/>\n<meta name=\"robots\" content=\"index, follow, max-snippet:-1, max-image-preview:large, max-video-preview:-1\" \/>\n<link rel=\"canonical\" href=\"https:\/\/redfoxlotto.com\/es\/keno\/probabilidades-de-ganar-en-el-keno\/\" \/>\n<meta property=\"og:locale\" content=\"es_ES\" \/>\n<meta property=\"og:type\" content=\"article\" \/>\n<meta property=\"og:title\" content=\"Probabilidades de ganar en el keno | Nuestros juegos de keno tienen grandes probabilidades y premios\" \/>\n<meta property=\"og:description\" content=\"Cuando juegues al keno online, f\u00edjate en las probabilidades de los juegos que encuentres. Nuestro Gold Keno tiene un premio m\u00e1ximo de 2 millones de euros, combinado con las mejores probabilidades que encontrar\u00e1s online.\" \/>\n<meta property=\"og:url\" content=\"https:\/\/redfoxlotto.com\/es\/keno\/probabilidades-de-ganar-en-el-keno\/\" \/>\n<meta property=\"og:site_name\" content=\"Get Tickets for the World\u2019s largest jackpots\" \/>\n<meta property=\"article:modified_time\" content=\"2026-01-12T10:33:40+00:00\" \/>\n<meta property=\"og:image\" content=\"https:\/\/redfoxlotto.com\/wp-content\/uploads\/2025\/09\/gold-keno-win-2-300x300.jpg\" \/>\n<meta name=\"twitter:card\" content=\"summary_large_image\" \/>\n<meta name=\"twitter:label1\" content=\"Tiempo de lectura\" \/>\n\t<meta name=\"twitter:data1\" content=\"4 minutos\" \/>\n<script type=\"application\/ld+json\" class=\"yoast-schema-graph\">{\"@context\":\"https:\/\/schema.org\",\"@graph\":[{\"@type\":\"WebPage\",\"@id\":\"https:\/\/redfoxlotto.com\/es\/keno\/probabilidades-de-ganar-en-el-keno\/\",\"url\":\"https:\/\/redfoxlotto.com\/es\/keno\/probabilidades-de-ganar-en-el-keno\/\",\"name\":\"Probabilidades de ganar en el keno | Nuestros juegos de keno tienen grandes probabilidades y premios\",\"isPartOf\":{\"@id\":\"https:\/\/redfoxlotto.com\/es\/#website\"},\"primaryImageOfPage\":{\"@id\":\"https:\/\/redfoxlotto.com\/es\/keno\/probabilidades-de-ganar-en-el-keno\/#primaryimage\"},\"image\":{\"@id\":\"https:\/\/redfoxlotto.com\/es\/keno\/probabilidades-de-ganar-en-el-keno\/#primaryimage\"},\"thumbnailUrl\":\"https:\/\/redfoxlotto.com\/wp-content\/uploads\/2025\/09\/gold-keno-win-2-300x300.jpg\",\"datePublished\":\"2025-02-12T11:20:21+00:00\",\"dateModified\":\"2026-01-12T10:33:40+00:00\",\"description\":\"Cuando juegues al keno online, f\u00edjate en las probabilidades de los juegos que encuentres. Nuestro Gold Keno tiene un premio m\u00e1ximo de 2 millones de euros, combinado con las mejores probabilidades que encontrar\u00e1s online.\",\"breadcrumb\":{\"@id\":\"https:\/\/redfoxlotto.com\/es\/keno\/probabilidades-de-ganar-en-el-keno\/#breadcrumb\"},\"inLanguage\":\"es\",\"potentialAction\":[{\"@type\":\"ReadAction\",\"target\":[\"https:\/\/redfoxlotto.com\/es\/keno\/probabilidades-de-ganar-en-el-keno\/\"]}]},{\"@type\":\"ImageObject\",\"inLanguage\":\"es\",\"@id\":\"https:\/\/redfoxlotto.com\/es\/keno\/probabilidades-de-ganar-en-el-keno\/#primaryimage\",\"url\":\"https:\/\/redfoxlotto.com\/wp-content\/uploads\/2025\/09\/gold-keno-win-2-300x300.jpg\",\"contentUrl\":\"https:\/\/redfoxlotto.com\/wp-content\/uploads\/2025\/09\/gold-keno-win-2-300x300.jpg\"},{\"@type\":\"BreadcrumbList\",\"@id\":\"https:\/\/redfoxlotto.com\/es\/keno\/probabilidades-de-ganar-en-el-keno\/#breadcrumb\",\"itemListElement\":[{\"@type\":\"ListItem\",\"position\":1,\"name\":\"Home\",\"item\":\"https:\/\/redfoxlotto.com\/es\/\"},{\"@type\":\"ListItem\",\"position\":2,\"name\":\"Keno\",\"item\":\"https:\/\/redfoxlotto.com\/es\/keno\/\"},{\"@type\":\"ListItem\",\"position\":3,\"name\":\"N\u00fameros ganadores de Gold Keno\"}]},{\"@type\":\"WebSite\",\"@id\":\"https:\/\/redfoxlotto.com\/es\/#website\",\"url\":\"https:\/\/redfoxlotto.com\/es\/\",\"name\":\"Get Tickets for the World\u2019s largest jackpots\",\"description\":\"Participate in worldwide lottery jackpots from any country\",\"publisher\":{\"@id\":\"https:\/\/redfoxlotto.com\/es\/#organization\"},\"potentialAction\":[{\"@type\":\"SearchAction\",\"target\":{\"@type\":\"EntryPoint\",\"urlTemplate\":\"https:\/\/redfoxlotto.com\/es\/?s={search_term_string}\"},\"query-input\":{\"@type\":\"PropertyValueSpecification\",\"valueRequired\":true,\"valueName\":\"search_term_string\"}}],\"inLanguage\":\"es\"},{\"@type\":\"Organization\",\"@id\":\"https:\/\/redfoxlotto.com\/es\/#organization\",\"name\":\"Get Tickets for the World\u2019s largest jackpots\",\"url\":\"https:\/\/redfoxlotto.com\/es\/\",\"logo\":{\"@type\":\"ImageObject\",\"inLanguage\":\"es\",\"@id\":\"https:\/\/redfoxlotto.com\/es\/#\/schema\/logo\/image\/\",\"url\":\"https:\/\/redfoxlotto.com\/wp-content\/uploads\/2023\/04\/logo.png\",\"contentUrl\":\"https:\/\/redfoxlotto.com\/wp-content\/uploads\/2023\/04\/logo.png\",\"width\":269,\"height\":53,\"caption\":\"Get Tickets for the World\u2019s largest jackpots\"},\"image\":{\"@id\":\"https:\/\/redfoxlotto.com\/es\/#\/schema\/logo\/image\/\"}}]}<\/script>\n<!-- \/ Yoast SEO plugin. -->","yoast_head_json":{"title":"Probabilidades de ganar en el keno | Nuestros juegos de keno tienen grandes probabilidades y premios","description":"Cuando juegues al keno online, f\u00edjate en las probabilidades de los juegos que encuentres. Nuestro Gold Keno tiene un premio m\u00e1ximo de 2 millones de euros, combinado con las mejores probabilidades que encontrar\u00e1s online.","robots":{"index":"index","follow":"follow","max-snippet":"max-snippet:-1","max-image-preview":"max-image-preview:large","max-video-preview":"max-video-preview:-1"},"canonical":"https:\/\/redfoxlotto.com\/es\/keno\/probabilidades-de-ganar-en-el-keno\/","og_locale":"es_ES","og_type":"article","og_title":"Probabilidades de ganar en el keno | Nuestros juegos de keno tienen grandes probabilidades y premios","og_description":"Cuando juegues al keno online, f\u00edjate en las probabilidades de los juegos que encuentres. Nuestro Gold Keno tiene un premio m\u00e1ximo de 2 millones de euros, combinado con las mejores probabilidades que encontrar\u00e1s online.","og_url":"https:\/\/redfoxlotto.com\/es\/keno\/probabilidades-de-ganar-en-el-keno\/","og_site_name":"Get Tickets for the World\u2019s largest jackpots","article_modified_time":"2026-01-12T10:33:40+00:00","og_image":[{"url":"https:\/\/redfoxlotto.com\/wp-content\/uploads\/2025\/09\/gold-keno-win-2-300x300.jpg"}],"twitter_card":"summary_large_image","twitter_misc":{"Tiempo de lectura":"4 minutos"},"schema":{"@context":"https:\/\/schema.org","@graph":[{"@type":"WebPage","@id":"https:\/\/redfoxlotto.com\/es\/keno\/probabilidades-de-ganar-en-el-keno\/","url":"https:\/\/redfoxlotto.com\/es\/keno\/probabilidades-de-ganar-en-el-keno\/","name":"Probabilidades de ganar en el keno | Nuestros juegos de keno tienen grandes probabilidades y premios","isPartOf":{"@id":"https:\/\/redfoxlotto.com\/es\/#website"},"primaryImageOfPage":{"@id":"https:\/\/redfoxlotto.com\/es\/keno\/probabilidades-de-ganar-en-el-keno\/#primaryimage"},"image":{"@id":"https:\/\/redfoxlotto.com\/es\/keno\/probabilidades-de-ganar-en-el-keno\/#primaryimage"},"thumbnailUrl":"https:\/\/redfoxlotto.com\/wp-content\/uploads\/2025\/09\/gold-keno-win-2-300x300.jpg","datePublished":"2025-02-12T11:20:21+00:00","dateModified":"2026-01-12T10:33:40+00:00","description":"Cuando juegues al keno online, f\u00edjate en las probabilidades de los juegos que encuentres. Nuestro Gold Keno tiene un premio m\u00e1ximo de 2 millones de euros, combinado con las mejores probabilidades que encontrar\u00e1s online.","breadcrumb":{"@id":"https:\/\/redfoxlotto.com\/es\/keno\/probabilidades-de-ganar-en-el-keno\/#breadcrumb"},"inLanguage":"es","potentialAction":[{"@type":"ReadAction","target":["https:\/\/redfoxlotto.com\/es\/keno\/probabilidades-de-ganar-en-el-keno\/"]}]},{"@type":"ImageObject","inLanguage":"es","@id":"https:\/\/redfoxlotto.com\/es\/keno\/probabilidades-de-ganar-en-el-keno\/#primaryimage","url":"https:\/\/redfoxlotto.com\/wp-content\/uploads\/2025\/09\/gold-keno-win-2-300x300.jpg","contentUrl":"https:\/\/redfoxlotto.com\/wp-content\/uploads\/2025\/09\/gold-keno-win-2-300x300.jpg"},{"@type":"BreadcrumbList","@id":"https:\/\/redfoxlotto.com\/es\/keno\/probabilidades-de-ganar-en-el-keno\/#breadcrumb","itemListElement":[{"@type":"ListItem","position":1,"name":"Home","item":"https:\/\/redfoxlotto.com\/es\/"},{"@type":"ListItem","position":2,"name":"Keno","item":"https:\/\/redfoxlotto.com\/es\/keno\/"},{"@type":"ListItem","position":3,"name":"N\u00fameros ganadores de Gold Keno"}]},{"@type":"WebSite","@id":"https:\/\/redfoxlotto.com\/es\/#website","url":"https:\/\/redfoxlotto.com\/es\/","name":"Get Tickets for the World\u2019s largest jackpots","description":"Participate in worldwide lottery jackpots from any country","publisher":{"@id":"https:\/\/redfoxlotto.com\/es\/#organization"},"potentialAction":[{"@type":"SearchAction","target":{"@type":"EntryPoint","urlTemplate":"https:\/\/redfoxlotto.com\/es\/?s={search_term_string}"},"query-input":{"@type":"PropertyValueSpecification","valueRequired":true,"valueName":"search_term_string"}}],"inLanguage":"es"},{"@type":"Organization","@id":"https:\/\/redfoxlotto.com\/es\/#organization","name":"Get Tickets for the World\u2019s largest jackpots","url":"https:\/\/redfoxlotto.com\/es\/","logo":{"@type":"ImageObject","inLanguage":"es","@id":"https:\/\/redfoxlotto.com\/es\/#\/schema\/logo\/image\/","url":"https:\/\/redfoxlotto.com\/wp-content\/uploads\/2023\/04\/logo.png","contentUrl":"https:\/\/redfoxlotto.com\/wp-content\/uploads\/2023\/04\/logo.png","width":269,"height":53,"caption":"Get Tickets for the World\u2019s largest jackpots"},"image":{"@id":"https:\/\/redfoxlotto.com\/es\/#\/schema\/logo\/image\/"}}]}},"_links":{"self":[{"href":"https:\/\/redfoxlotto.com\/es\/wp-json\/wp\/v2\/pages\/102364","targetHints":{"allow":["GET"]}}],"collection":[{"href":"https:\/\/redfoxlotto.com\/es\/wp-json\/wp\/v2\/pages"}],"about":[{"href":"https:\/\/redfoxlotto.com\/es\/wp-json\/wp\/v2\/types\/page"}],"author":[{"embeddable":true,"href":"https:\/\/redfoxlotto.com\/es\/wp-json\/wp\/v2\/users\/8"}],"replies":[{"embeddable":true,"href":"https:\/\/redfoxlotto.com\/es\/wp-json\/wp\/v2\/comments?post=102364"}],"version-history":[{"count":0,"href":"https:\/\/redfoxlotto.com\/es\/wp-json\/wp\/v2\/pages\/102364\/revisions"}],"up":[{"embeddable":true,"href":"https:\/\/redfoxlotto.com\/es\/wp-json\/wp\/v2\/pages\/84443"}],"wp:attachment":[{"href":"https:\/\/redfoxlotto.com\/es\/wp-json\/wp\/v2\/media?parent=102364"}],"curies":[{"name":"wp","href":"https:\/\/api.w.org\/{rel}","templated":true}]}}