{"id":102004,"date":"2025-05-22T08:53:38","date_gmt":"2025-05-22T08:53:38","guid":{"rendered":"https:\/\/redfoxlotto.com\/?page_id=102004"},"modified":"2026-01-09T10:18:39","modified_gmt":"2026-01-09T10:18:39","slug":"numeros-ganadores-del-platinum-keno","status":"publish","type":"page","link":"https:\/\/redfoxlotto.com\/es\/keno\/numeros-ganadores-del-platinum-keno\/","title":{"rendered":"N\u00fameros ganadores del Platinum Keno"},"content":{"rendered":"<h2>C\u00f3mo se eligen las probabilidades y d\u00f3nde encontrar los resultados en el Platinum Keno<\/h2>\n<p><img loading=\"lazy\" decoding=\"async\" class=\"size-medium wp-image-83635 alignright\" src=\"https:\/\/redfoxlotto.com\/wp-content\/uploads\/2025\/03\/keno_card-300x300.jpg\" alt=\"platnum keno\" width=\"300\" height=\"300\" srcset=\"https:\/\/redfoxlotto.com\/wp-content\/uploads\/2025\/03\/keno_card-300x300.jpg 300w, https:\/\/redfoxlotto.com\/wp-content\/uploads\/2025\/03\/keno_card-150x150.jpg 150w, https:\/\/redfoxlotto.com\/wp-content\/uploads\/2025\/03\/keno_card-100x100.jpg 100w, https:\/\/redfoxlotto.com\/wp-content\/uploads\/2025\/03\/keno_card.jpg 307w\" sizes=\"auto, (max-width: 300px) 100vw, 300px\" \/><br \/>\nEl Platinum Keno est\u00e1 a punto de convertirse en uno de los juegos de loter\u00eda m\u00e1s populares. Pronto, los jugadores podr\u00e1n disfrutar de toda la diversi\u00f3n del Keno tradicional desde la comodidad de sus propias pantallas, gracias a los r\u00e1pidos sorteos, las reglas claras y la facilidad de jugar en l\u00ednea. A\u00fan no hay resultados en directo, pero aqu\u00ed tienes lo que necesitas saber sobre c\u00f3mo se eligen los n\u00fameros, d\u00f3nde encontrarlos y c\u00f3mo saber si has ganado cuando comience el juego.<\/p>\n<h2>Los pasos que se siguen para elegir los n\u00fameros de Platinum Keno<\/h2>\n<p>Platinum Keno se basa en la idea de que todo debe ser justo. Un generador de n\u00fameros aleatorios (RNG) comprobado elige los n\u00fameros. Se supone que esto hace que cada sorteo sea completamente aleatorio. El RNG se asegura de que todos los n\u00fameros del conjunto tengan las mismas posibilidades de ser elegidos, igual que cuando se extraen bolas numeradas de una m\u00e1quina.<\/p>\n<ul>\n<li>Los jugadores eligen entre un conjunto de n\u00fameros del 1 al 80.<\/li>\n<li>Tama\u00f1o del sorteo: en cada ronda se eligen 20 n\u00fameros al azar.<\/li>\n<li>Igualdad de posibilidades: no hay ning\u00fan n\u00famero favorito, todo depende de la suerte.<\/li>\n<li>Con este m\u00e9todo, cada sorteo es transparente, se puede comprobar y se basa en la confianza.<\/li>\n<li>C\u00f3mo jugar.<\/li>\n<\/ul>\n<p>Platinum Keno est\u00e1 pensado tanto para jugadores habituales como para personas que quieren ganar grandes botes. Elige n\u00fameros de un conjunto de 80, de los cuales 20 se seleccionan al azar. As\u00ed es como se juega. Tu objetivo es que coincidan tantos n\u00fameros como sea posible.<\/p>\n<h2>Selecci\u00f3n de n\u00fameros.<\/h2>\n<p>Usted elige el n\u00famero de \u00abcasillas\u00bb (n\u00fameros) con las que jugar. Cada persona elige un n\u00famero diferente de tarjetas. El n\u00famero de casillas que elija afectar\u00e1 directamente a sus posibilidades y a la cantidad de dinero que podr\u00eda ganar.<\/p>\n<h2>Selecci\u00f3n de un factor.<\/h2>\n<p>Platinum Keno tiene un multiplicador que cambia los premios. En este caso, si el multiplicador m\u00e1s alto es 5, jugar con un multiplicador 1x te dar\u00e1 el 20 % de la recompensa 5x. Si diez es el m\u00e1ximo. Si el premio m\u00e1ximo es 10, un boleto 1x pagar\u00e1 el 10 % del pago 10x. Un multiplicador mayor aumenta tanto el precio de tu boleto como las posibilidades de ganar.<\/p>\n<h2>Uso de la lista de pagos<\/h2>\n<p>Te indica exactamente cu\u00e1nto podr\u00edas ganar en funci\u00f3n de los n\u00fameros que elijas y la bonificaci\u00f3n. Piensa en ello como un mapa de premios: te indica lo que est\u00e1 en juego incluso antes de que se realice el sorteo.<\/p>\n<h2>C\u00f3mo afectan las elecciones a lo que sucede<\/h2>\n<p>Si eliges m\u00e1s n\u00fameros, el premio mayor que puedes ganar aumenta, pero tus posibilidades de acertarlos todos disminuyen. Por el contrario, un multiplicador m\u00e1s alto aumenta el pago si ganas, pero tienes que apostar m\u00e1s dinero al principio. Platinum Keno es emocionante y arriesgado, porque tienes que equilibrar el riesgo y el beneficio.<\/p>\n<h2>Los mejores lugares para encontrar los resultados de Platinum Keno<\/h2>\n<p>Tan pronto como comience Platinum Keno, los resultados m\u00e1s actualizados estar\u00e1n disponibles en la p\u00e1gina de resultados de RedFoxLotto. De esta manera, no tienes que salir de la aplicaci\u00f3n para estar al tanto de los sorteos pasados y presentes.<\/p>\n<p>Puedes hacer lo siguiente:<\/p>\n<ul>\n<li>Consulta la lista completa de n\u00fameros seleccionados para cada juego.<\/li>\n<li>Consulte los sorteos anteriores para ver temas y tendencias.<\/li>\n<li>Mant\u00e9ngase al d\u00eda de las noticias sin tener que buscar en otros sitios.<\/li>\n<li>C\u00f3mo saber si ha ganado<\/li>\n<\/ul>\n<p>Ya no hay que usar boletos de papel: Platinum Keno es un juego solo para ordenador. Sus n\u00fameros se guardan en su cuenta de RedFoxLotto inmediatamente despu\u00e9s de cada juego. Puede consultar los resultados justo despu\u00e9s de cada sorteo:<\/p>\n<h2>Haga clic en \u00abMis boletos\u00bb: aqu\u00ed se enumeran todos los boletos que ha comprado.<\/h2>\n<p>Compare sus n\u00fameros con los resultados: si sus n\u00fameros coinciden con los que se han sorteado en el sorteo ganador, el sistema le mostrar\u00e1 inmediatamente esas coincidencias.<\/p>\n<p>Tan pronto como haya ganado, se le mostrar\u00e1 el importe del premio que recibir\u00e1. Los premios de menor valor se depositan directamente en su cuenta, mientras que los de mayor valor pueden estar sujetos a verificaci\u00f3n antes de ser transferidos.<\/p>\n<h2>Realizar dep\u00f3sitos y jugar<\/h2>\n<p>Debe tener dinero en su cuenta de RedFoxLotto para poder jugar a Platinum Keno. Realizar un dep\u00f3sito es f\u00e1cil y seguro, y una vez que se haya a\u00f1adido el importe, podr\u00e1 utilizarlo inmediatamente para comprar boletos.<\/p>\n<h2>Por qu\u00e9 puede confiar en los resultados<\/h2>\n<p>Todos los premios de Platinum Keno est\u00e1n respaldados por un seguro, por lo que recuperar\u00e1 su dinero tanto si gana 5 \u20ac como 500 000 \u20ac. RedFoxLotto se asegura de que se le pague, y el RNG garantiza que todo sea justo.<\/p>\n<h2>En conclusi\u00f3n<\/h2>\n<p>Es como una mezcla entre la forma tradicional de sortear n\u00fameros y la facilidad de jugar a juegos de ordenador. Aunque a\u00fan no se han publicado las puntuaciones finales, los jugadores pueden esperar:<\/p>\n<ul>\n<li>Sorteos justos verificados por RNG.<\/li>\n<li>El juego se desarrolla r\u00e1pidamente y se obtienen resultados cada pocos minutos.<\/li>\n<li>RedFoxLotto te facilita el acceso directo a los resultados.<\/li>\n<li>Tu cuenta llevar\u00e1 un registro autom\u00e1tico de tus ganancias.<\/li>\n<li>Una vez que comienza el juego, todo lo que tienes que hacer es volver despu\u00e9s del sorteo para ver si has ganado.<\/li>\n<\/ul>\n","protected":false},"excerpt":{"rendered":"<p>C\u00f3mo se eligen las probabilidades y d\u00f3nde encontrar los resultados en el Platinum Keno El Platinum Keno est\u00e1 a punto de convertirse en uno de los juegos de loter\u00eda m\u00e1s populares. Pronto, los jugadores podr\u00e1n disfrutar de toda la diversi\u00f3n del Keno tradicional desde la comodidad de sus propias pantallas, gracias a los r\u00e1pidos sorteos, [&hellip;]<\/p>\n","protected":false},"author":8,"featured_media":0,"parent":84443,"menu_order":41,"comment_status":"closed","ping_status":"closed","template":"","meta":{"_et_pb_use_builder":"","_et_pb_old_content":"","_et_gb_content_width":"","exclude_from_search":false,"footnotes":""},"class_list":["post-102004","page","type-page","status-publish","hentry"],"yoast_head":"<!-- This site is optimized with the Yoast SEO plugin v23.8 - https:\/\/yoast.com\/wordpress\/plugins\/seo\/ -->\n<title>Resultados de la loter\u00eda Keno para este sorteo diario de Keno online de 5 millones de euros.<\/title>\n<meta name=\"description\" content=\"Esta loter\u00eda Keno sortea diariamente un premio m\u00e1ximo de 5 millones de euros. Consulta aqu\u00ed los resultados de nuestros sorteos de Keno. Tenemos un juego de Keno de 5 millones de euros y otro de 10 millones de euros.\" \/>\n<meta name=\"robots\" content=\"index, follow, max-snippet:-1, max-image-preview:large, max-video-preview:-1\" \/>\n<link rel=\"canonical\" href=\"https:\/\/redfoxlotto.com\/es\/keno\/numeros-ganadores-del-platinum-keno\/\" \/>\n<meta property=\"og:locale\" content=\"es_ES\" \/>\n<meta property=\"og:type\" content=\"article\" \/>\n<meta property=\"og:title\" content=\"Resultados de la loter\u00eda Keno para este sorteo diario de Keno online de 5 millones de euros.\" \/>\n<meta property=\"og:description\" content=\"Esta loter\u00eda Keno sortea diariamente un premio m\u00e1ximo de 5 millones de euros. Consulta aqu\u00ed los resultados de nuestros sorteos de Keno. Tenemos un juego de Keno de 5 millones de euros y otro de 10 millones de euros.\" \/>\n<meta property=\"og:url\" content=\"https:\/\/redfoxlotto.com\/es\/keno\/numeros-ganadores-del-platinum-keno\/\" \/>\n<meta property=\"og:site_name\" content=\"Get Tickets for the World\u2019s largest jackpots\" \/>\n<meta property=\"article:modified_time\" content=\"2026-01-09T10:18:39+00:00\" \/>\n<meta property=\"og:image\" content=\"https:\/\/redfoxlotto.com\/wp-content\/uploads\/2025\/03\/keno_card-300x300.jpg\" \/>\n<meta name=\"twitter:card\" content=\"summary_large_image\" \/>\n<meta name=\"twitter:label1\" content=\"Tiempo de lectura\" \/>\n\t<meta name=\"twitter:data1\" content=\"5 minutos\" \/>\n<script type=\"application\/ld+json\" class=\"yoast-schema-graph\">{\"@context\":\"https:\/\/schema.org\",\"@graph\":[{\"@type\":\"WebPage\",\"@id\":\"https:\/\/redfoxlotto.com\/es\/keno\/numeros-ganadores-del-platinum-keno\/\",\"url\":\"https:\/\/redfoxlotto.com\/es\/keno\/numeros-ganadores-del-platinum-keno\/\",\"name\":\"Resultados de la loter\u00eda Keno para este sorteo diario de Keno online de 5 millones de euros.\",\"isPartOf\":{\"@id\":\"https:\/\/redfoxlotto.com\/es\/#website\"},\"primaryImageOfPage\":{\"@id\":\"https:\/\/redfoxlotto.com\/es\/keno\/numeros-ganadores-del-platinum-keno\/#primaryimage\"},\"image\":{\"@id\":\"https:\/\/redfoxlotto.com\/es\/keno\/numeros-ganadores-del-platinum-keno\/#primaryimage\"},\"thumbnailUrl\":\"https:\/\/redfoxlotto.com\/wp-content\/uploads\/2025\/03\/keno_card-300x300.jpg\",\"datePublished\":\"2025-05-22T08:53:38+00:00\",\"dateModified\":\"2026-01-09T10:18:39+00:00\",\"description\":\"Esta loter\u00eda Keno sortea diariamente un premio m\u00e1ximo de 5 millones de euros. Consulta aqu\u00ed los resultados de nuestros sorteos de Keno. Tenemos un juego de Keno de 5 millones de euros y otro de 10 millones de euros.\",\"breadcrumb\":{\"@id\":\"https:\/\/redfoxlotto.com\/es\/keno\/numeros-ganadores-del-platinum-keno\/#breadcrumb\"},\"inLanguage\":\"es\",\"potentialAction\":[{\"@type\":\"ReadAction\",\"target\":[\"https:\/\/redfoxlotto.com\/es\/keno\/numeros-ganadores-del-platinum-keno\/\"]}]},{\"@type\":\"ImageObject\",\"inLanguage\":\"es\",\"@id\":\"https:\/\/redfoxlotto.com\/es\/keno\/numeros-ganadores-del-platinum-keno\/#primaryimage\",\"url\":\"https:\/\/redfoxlotto.com\/wp-content\/uploads\/2025\/03\/keno_card-300x300.jpg\",\"contentUrl\":\"https:\/\/redfoxlotto.com\/wp-content\/uploads\/2025\/03\/keno_card-300x300.jpg\"},{\"@type\":\"BreadcrumbList\",\"@id\":\"https:\/\/redfoxlotto.com\/es\/keno\/numeros-ganadores-del-platinum-keno\/#breadcrumb\",\"itemListElement\":[{\"@type\":\"ListItem\",\"position\":1,\"name\":\"Home\",\"item\":\"https:\/\/redfoxlotto.com\/es\/\"},{\"@type\":\"ListItem\",\"position\":2,\"name\":\"Keno\",\"item\":\"https:\/\/redfoxlotto.com\/es\/keno\/\"},{\"@type\":\"ListItem\",\"position\":3,\"name\":\"N\u00fameros ganadores del Platinum Keno\"}]},{\"@type\":\"WebSite\",\"@id\":\"https:\/\/redfoxlotto.com\/es\/#website\",\"url\":\"https:\/\/redfoxlotto.com\/es\/\",\"name\":\"Get Tickets for the World\u2019s largest jackpots\",\"description\":\"Participate in worldwide lottery jackpots from any country\",\"publisher\":{\"@id\":\"https:\/\/redfoxlotto.com\/es\/#organization\"},\"potentialAction\":[{\"@type\":\"SearchAction\",\"target\":{\"@type\":\"EntryPoint\",\"urlTemplate\":\"https:\/\/redfoxlotto.com\/es\/?s={search_term_string}\"},\"query-input\":{\"@type\":\"PropertyValueSpecification\",\"valueRequired\":true,\"valueName\":\"search_term_string\"}}],\"inLanguage\":\"es\"},{\"@type\":\"Organization\",\"@id\":\"https:\/\/redfoxlotto.com\/es\/#organization\",\"name\":\"Get Tickets for the World\u2019s largest jackpots\",\"url\":\"https:\/\/redfoxlotto.com\/es\/\",\"logo\":{\"@type\":\"ImageObject\",\"inLanguage\":\"es\",\"@id\":\"https:\/\/redfoxlotto.com\/es\/#\/schema\/logo\/image\/\",\"url\":\"https:\/\/redfoxlotto.com\/wp-content\/uploads\/2023\/04\/logo.png\",\"contentUrl\":\"https:\/\/redfoxlotto.com\/wp-content\/uploads\/2023\/04\/logo.png\",\"width\":269,\"height\":53,\"caption\":\"Get Tickets for the World\u2019s largest jackpots\"},\"image\":{\"@id\":\"https:\/\/redfoxlotto.com\/es\/#\/schema\/logo\/image\/\"}}]}<\/script>\n<!-- \/ Yoast SEO plugin. -->","yoast_head_json":{"title":"Resultados de la loter\u00eda Keno para este sorteo diario de Keno online de 5 millones de euros.","description":"Esta loter\u00eda Keno sortea diariamente un premio m\u00e1ximo de 5 millones de euros. Consulta aqu\u00ed los resultados de nuestros sorteos de Keno. Tenemos un juego de Keno de 5 millones de euros y otro de 10 millones de euros.","robots":{"index":"index","follow":"follow","max-snippet":"max-snippet:-1","max-image-preview":"max-image-preview:large","max-video-preview":"max-video-preview:-1"},"canonical":"https:\/\/redfoxlotto.com\/es\/keno\/numeros-ganadores-del-platinum-keno\/","og_locale":"es_ES","og_type":"article","og_title":"Resultados de la loter\u00eda Keno para este sorteo diario de Keno online de 5 millones de euros.","og_description":"Esta loter\u00eda Keno sortea diariamente un premio m\u00e1ximo de 5 millones de euros. Consulta aqu\u00ed los resultados de nuestros sorteos de Keno. Tenemos un juego de Keno de 5 millones de euros y otro de 10 millones de euros.","og_url":"https:\/\/redfoxlotto.com\/es\/keno\/numeros-ganadores-del-platinum-keno\/","og_site_name":"Get Tickets for the World\u2019s largest jackpots","article_modified_time":"2026-01-09T10:18:39+00:00","og_image":[{"url":"https:\/\/redfoxlotto.com\/wp-content\/uploads\/2025\/03\/keno_card-300x300.jpg"}],"twitter_card":"summary_large_image","twitter_misc":{"Tiempo de lectura":"5 minutos"},"schema":{"@context":"https:\/\/schema.org","@graph":[{"@type":"WebPage","@id":"https:\/\/redfoxlotto.com\/es\/keno\/numeros-ganadores-del-platinum-keno\/","url":"https:\/\/redfoxlotto.com\/es\/keno\/numeros-ganadores-del-platinum-keno\/","name":"Resultados de la loter\u00eda Keno para este sorteo diario de Keno online de 5 millones de euros.","isPartOf":{"@id":"https:\/\/redfoxlotto.com\/es\/#website"},"primaryImageOfPage":{"@id":"https:\/\/redfoxlotto.com\/es\/keno\/numeros-ganadores-del-platinum-keno\/#primaryimage"},"image":{"@id":"https:\/\/redfoxlotto.com\/es\/keno\/numeros-ganadores-del-platinum-keno\/#primaryimage"},"thumbnailUrl":"https:\/\/redfoxlotto.com\/wp-content\/uploads\/2025\/03\/keno_card-300x300.jpg","datePublished":"2025-05-22T08:53:38+00:00","dateModified":"2026-01-09T10:18:39+00:00","description":"Esta loter\u00eda Keno sortea diariamente un premio m\u00e1ximo de 5 millones de euros. Consulta aqu\u00ed los resultados de nuestros sorteos de Keno. Tenemos un juego de Keno de 5 millones de euros y otro de 10 millones de euros.","breadcrumb":{"@id":"https:\/\/redfoxlotto.com\/es\/keno\/numeros-ganadores-del-platinum-keno\/#breadcrumb"},"inLanguage":"es","potentialAction":[{"@type":"ReadAction","target":["https:\/\/redfoxlotto.com\/es\/keno\/numeros-ganadores-del-platinum-keno\/"]}]},{"@type":"ImageObject","inLanguage":"es","@id":"https:\/\/redfoxlotto.com\/es\/keno\/numeros-ganadores-del-platinum-keno\/#primaryimage","url":"https:\/\/redfoxlotto.com\/wp-content\/uploads\/2025\/03\/keno_card-300x300.jpg","contentUrl":"https:\/\/redfoxlotto.com\/wp-content\/uploads\/2025\/03\/keno_card-300x300.jpg"},{"@type":"BreadcrumbList","@id":"https:\/\/redfoxlotto.com\/es\/keno\/numeros-ganadores-del-platinum-keno\/#breadcrumb","itemListElement":[{"@type":"ListItem","position":1,"name":"Home","item":"https:\/\/redfoxlotto.com\/es\/"},{"@type":"ListItem","position":2,"name":"Keno","item":"https:\/\/redfoxlotto.com\/es\/keno\/"},{"@type":"ListItem","position":3,"name":"N\u00fameros ganadores del Platinum Keno"}]},{"@type":"WebSite","@id":"https:\/\/redfoxlotto.com\/es\/#website","url":"https:\/\/redfoxlotto.com\/es\/","name":"Get Tickets for the World\u2019s largest jackpots","description":"Participate in worldwide lottery jackpots from any country","publisher":{"@id":"https:\/\/redfoxlotto.com\/es\/#organization"},"potentialAction":[{"@type":"SearchAction","target":{"@type":"EntryPoint","urlTemplate":"https:\/\/redfoxlotto.com\/es\/?s={search_term_string}"},"query-input":{"@type":"PropertyValueSpecification","valueRequired":true,"valueName":"search_term_string"}}],"inLanguage":"es"},{"@type":"Organization","@id":"https:\/\/redfoxlotto.com\/es\/#organization","name":"Get Tickets for the World\u2019s largest jackpots","url":"https:\/\/redfoxlotto.com\/es\/","logo":{"@type":"ImageObject","inLanguage":"es","@id":"https:\/\/redfoxlotto.com\/es\/#\/schema\/logo\/image\/","url":"https:\/\/redfoxlotto.com\/wp-content\/uploads\/2023\/04\/logo.png","contentUrl":"https:\/\/redfoxlotto.com\/wp-content\/uploads\/2023\/04\/logo.png","width":269,"height":53,"caption":"Get Tickets for the World\u2019s largest jackpots"},"image":{"@id":"https:\/\/redfoxlotto.com\/es\/#\/schema\/logo\/image\/"}}]}},"_links":{"self":[{"href":"https:\/\/redfoxlotto.com\/es\/wp-json\/wp\/v2\/pages\/102004","targetHints":{"allow":["GET"]}}],"collection":[{"href":"https:\/\/redfoxlotto.com\/es\/wp-json\/wp\/v2\/pages"}],"about":[{"href":"https:\/\/redfoxlotto.com\/es\/wp-json\/wp\/v2\/types\/page"}],"author":[{"embeddable":true,"href":"https:\/\/redfoxlotto.com\/es\/wp-json\/wp\/v2\/users\/8"}],"replies":[{"embeddable":true,"href":"https:\/\/redfoxlotto.com\/es\/wp-json\/wp\/v2\/comments?post=102004"}],"version-history":[{"count":0,"href":"https:\/\/redfoxlotto.com\/es\/wp-json\/wp\/v2\/pages\/102004\/revisions"}],"up":[{"embeddable":true,"href":"https:\/\/redfoxlotto.com\/es\/wp-json\/wp\/v2\/pages\/84443"}],"wp:attachment":[{"href":"https:\/\/redfoxlotto.com\/es\/wp-json\/wp\/v2\/media?parent=102004"}],"curies":[{"name":"wp","href":"https:\/\/api.w.org\/{rel}","templated":true}]}}