{"id":87584,"date":"2025-05-19T09:07:38","date_gmt":"2025-05-19T09:07:38","guid":{"rendered":"https:\/\/redfoxlotto.com\/?page_id=87584"},"modified":"2025-12-17T06:41:39","modified_gmt":"2025-12-17T06:41:39","slug":"euromillions-eu","status":"publish","type":"page","link":"https:\/\/redfoxlotto.com\/de\/spielen\/euromillions-eu\/","title":{"rendered":"Euromillions EU spielen"},"content":{"rendered":"<p><script type=\"application\/ld+json\">\n{\n  \"@context\": \"https:\/\/schema.org\",\n  \"@type\": \"Service\",\n  \"name\": \"Euromillions Online Spielen\",\n  \"url\": \"https:\/\/redfoxlotto.com\/de\/spielen\/euromillions\/\",\n  \"description\": \"Spielen Sie Euromillions online aus jedem Land. Besuchen Sie RedFoxLotto, w\u00e4hlen Sie Ihre Zahlen und erhalten Sie Ihre Tickets.\",\n  \"serviceType\": \"Online lottery ticket messenger service\",\n  \"provider\": {\n    \"@type\": \"Organization\",\n    \"name\": \"RedFoxLotto\",\n    \"url\": \"https:\/\/redfoxlotto.com\/de\/\",\n    \"image\": \"https:\/\/redfoxlotto.com\/wp-content\/uploads\/2025\/12\/ticket_scans.jpg\",\n    \"sameAs\": []\n  },\n  \"areaServed\": \"Worldwide\",\n  \"termsOfService\": \"https:\/\/redfoxlotto.com\/terms-and-conditions\",\n  \"additionalProperty\": {\n    \"@type\": \"PropertyValue\",\n    \"name\": \"FAQ\",\n    \"value\": \"https:\/\/redfoxlotto.com\/de\/faq\/\"\n  },\n  \"hasOfferCatalog\": {\n    \"@type\": \"OfferCatalog\",\n    \"name\": \"Euromillions Lottoscheine\",\n    \"itemListElement\": [\n      {\n        \"@type\": \"Offer\",\n        \"name\": \"Euromillions Scheine\",\n        \"url\": \"https:\/\/redfoxlotto.com\/de\/spielen\/euromillions\/\",\n        \"description\": \"Klicken Sie hier, um Ihre Zahlen f\u00fcr die n\u00e4chste Euromillions-Ziehung auszuw\u00e4hlen \u2013 bestellen Sie Ihre Tickets online.\",\n        \"price\": \"7.00\",\n        \"priceCurrency\": \"EUR\",\n        \"availability\": \"https:\/\/schema.org\/InStock\",\n        \"itemOffered\": {\n          \"@type\": \"Service\",\n          \"name\": \"Euromillions Lottoscheine\",\n          \"description\": \"Spielen Sie bei der n\u00e4chsten Euromillions-Ziehung \u00fcber RedFoxLotto.\"\n        }\n      }\n    ]\n  },\n  \"mainEntityOfPage\": {\n    \"@type\": \"WebPage\",\n    \"@id\": \"https:\/\/redfoxlotto.com\/de\/spielen\/euromillions\/\"\n  }\n}\n<\/script><\/p>\n<p><img loading=\"lazy\" decoding=\"async\" class=\" wp-image-67116 alignleft\" src=\"https:\/\/redfoxlotto.com\/wp-content\/uploads\/2024\/03\/Balls-300x300.png\" alt=\"EuroMillions EU (\u00d6sterreich) \" width=\"244\" height=\"244\" \/><\/p>\n<h2 data-start=\"45\" data-end=\"98\">Einf\u00fchrung: Was ist EuroMillions EU (\u00d6sterreich)?<\/h2>\n<p data-start=\"100\" data-end=\"378\">EuroMillions EU (\u00d6sterreich) ist eine der beliebtesten und lukrativsten Lotterien Europas. Sie wurde im Jahr 2004 eingef\u00fchrt und wird offiziell in neun europ\u00e4ischen L\u00e4ndern gespielt: Frankreich, Spanien, \u00d6sterreich, Belgien, Irland, Luxemburg, Portugal, der Schweiz und Andorra.<\/p>\n<p data-start=\"380\" data-end=\"705\">Und was ist, wenn Sie nicht in Europa leben oder in einem Land, das an EuroMillions teilnimmt? K\u00f6nnen Sie trotzdem mitspielen und die Chance auf einen lebensver\u00e4ndernden Jackpot haben? Die Antwort ist: Ja \u2013 Sie k\u00f6nnen EuroMillions EU (\u00d6sterreich)-Lose online \u00fcber RedFoxLotto.com kaufen, ganz egal, wo auf der Welt Sie leben.<\/p>\n<h2 data-start=\"707\" data-end=\"762\">So spielen Sie EuroMillions online au\u00dferhalb der EU<\/h2>\n<p data-start=\"764\" data-end=\"984\">Wenn Ihr Land nicht teilnimmt, k\u00f6nnen Sie kein Los in einem lokalen Gesch\u00e4ft kaufen. Dank eines vertrauensw\u00fcrdigen Vermittlungsdienstes wie RedFoxLotto k\u00f6nnen Sie aber dennoch ein echtes Los erwerben. So funktioniert es:<\/p>\n<ol data-start=\"986\" data-end=\"1319\">\n<li data-start=\"986\" data-end=\"1023\">\n<p data-start=\"989\" data-end=\"1023\">Besuchen Sie <a class=\"\" href=\"http:\/\/www.RedFoxLotto.com\" target=\"_new\" rel=\"noopener\" data-start=\"1002\" data-end=\"1021\">www.RedFoxLotto.com<\/a><\/p>\n<\/li>\n<li data-start=\"1024\" data-end=\"1080\">\n<p data-start=\"1027\" data-end=\"1080\">W\u00e4hlen Sie die EuroMillions EU (\u00d6sterreich)-Ziehung<\/p>\n<\/li>\n<li data-start=\"1081\" data-end=\"1139\">\n<p data-start=\"1084\" data-end=\"1139\">W\u00e4hlen Sie Ihre Zahlen oder nutzen Sie den Quick Pick<\/p>\n<\/li>\n<li data-start=\"1140\" data-end=\"1242\">\n<p data-start=\"1143\" data-end=\"1242\">Schlie\u00dfen Sie Ihre Bestellung ab \u2013 ein lokaler Agent in \u00d6sterreich kauft das Original-Los f\u00fcr Sie<\/p>\n<\/li>\n<li data-start=\"1243\" data-end=\"1319\">\n<p data-start=\"1246\" data-end=\"1319\">Ein Scan Ihres Loses wird Ihrem Online-Konto als Kaufnachweis hinzugef\u00fcgt<\/p>\n<\/li>\n<\/ol>\n<p data-start=\"1321\" data-end=\"1518\">Das ist 100 % legal und eine garantierte M\u00f6glichkeit, an der offiziellen EU-Version von EuroMillions (\u00d6sterreich) teilzunehmen \u2013 ganz gleich, ob Sie in Asien, Afrika, Amerika oder Australien leben.<\/p>\n<h2 data-start=\"1520\" data-end=\"1601\">Unterschiede zwischen EuroMillions EU (\u00d6sterreich) und der britischen Version<\/h2>\n<p data-start=\"1603\" data-end=\"1757\">Es gibt zwei verschiedene Spiele: EuroMillions EU und EuroMillions UK. Beide geh\u00f6ren zur EuroMillions-Familie, unterscheiden sich aber in einigen Punkten.<\/p>\n<p data-start=\"1759\" data-end=\"1947\">Britische Lose sind teurer, haupts\u00e4chlich wegen eines Zusatzspiels namens \u201eMillionaire Maker\u201c \u2013 ein Bonusspiel, bei dem bei jeder Ziehung ein britischer Gewinner eine Million Pfund erh\u00e4lt.<\/p>\n<p data-start=\"1949\" data-end=\"2107\">Die britische Version hat au\u00dferdem eine andere Auszahlungsstruktur. Einnahmen werden zudem durch Regulierungsgeb\u00fchren und Wechselkursunterschiede beeinflusst.<\/p>\n<p data-start=\"2109\" data-end=\"2369\">Wenn Sie \u00fcber RedFoxLotto spielen, nehmen Sie an der EU-Version (\u00d6sterreich) teil \u2013 nicht an der britischen Ziehung. Diese Version hat keinen \u201eMillionaire Maker\u201c, was die Ticketpreise niedriger und das Spiel einfacher macht. UK-Tickets sind separat erh\u00e4ltlich.<\/p>\n<h2 data-start=\"2371\" data-end=\"2402\">Wo werden die Lose gekauft?<\/h2>\n<p data-start=\"2404\" data-end=\"2559\">Alle \u00fcber RedFoxLotto gebuchten EuroMillions EU-Lose werden physisch in \u00d6sterreich gekauft \u2013 einem offiziellen Teilnehmerland mit zentraler Lage in Europa.<\/p>\n<h2 data-start=\"2561\" data-end=\"2582\">Warum \u00d6sterreich?<\/h2>\n<p data-start=\"2584\" data-end=\"2734\">\u00d6sterreich ist EU-Mitglied und bietet Zugang zur Original-EuroMillions-EU-Ziehung. Die Lose unterliegen strengen Regeln und vollst\u00e4ndiger Transparenz.<\/p>\n<p data-start=\"2736\" data-end=\"2964\">Lottogewinne sind in \u00d6sterreich derzeit steuerfrei \u2013 ein gro\u00dfer Vorteil f\u00fcr internationale Spieler. Sobald Ihr Los gekauft ist, wird eine gescannte Kopie in Ihrem Konto gespeichert, was Sicherheit und Nachvollziehbarkeit bietet.<\/p>\n<h2 data-start=\"2966\" data-end=\"3019\">Jackpot-Informationen: Mindest- und H\u00f6chstgewinne<\/h2>\n<p data-start=\"3021\" data-end=\"3128\">Ein Hauptgrund, warum Spieler weltweit online EuroMillions spielen m\u00f6chten, sind die gigantischen Jackpots.<\/p>\n<p data-start=\"3130\" data-end=\"3149\">So funktioniert es:<\/p>\n<ul data-start=\"3151\" data-end=\"3245\">\n<li data-start=\"3151\" data-end=\"3188\">\n<p data-start=\"3153\" data-end=\"3188\">Mindestjackpot: 17 Millionen Euro<\/p>\n<\/li>\n<li data-start=\"3189\" data-end=\"3245\">\n<p data-start=\"3191\" data-end=\"3245\">Maximaler Jackpot (H\u00f6chstgrenze): 250 Millionen Euro<\/p>\n<\/li>\n<\/ul>\n<p data-start=\"3247\" data-end=\"3361\">Wenn es keinen Jackpot-Gewinner gibt, wird der Gewinnbetrag zur n\u00e4chsten Ziehung \u00fcbertragen und w\u00e4chst schnell an.<\/p>\n<h2 data-start=\"3363\" data-end=\"3403\">Was passiert bei 200 Millionen Euro?<\/h2>\n<p data-start=\"3405\" data-end=\"3470\">Wenn der Jackpot 200 Millionen Euro erreicht, passiert Folgendes:<\/p>\n<ul data-start=\"3472\" data-end=\"3587\">\n<li data-start=\"3472\" data-end=\"3516\">\n<p data-start=\"3474\" data-end=\"3516\">Er w\u00e4chst in 10-Millionen-Euro-Schritten<\/p>\n<\/li>\n<li data-start=\"3517\" data-end=\"3587\">\n<p data-start=\"3519\" data-end=\"3587\">Das geht weiter, bis das Limit von 250 Millionen Euro erreicht ist<\/p>\n<\/li>\n<\/ul>\n<h2 data-start=\"3589\" data-end=\"3629\">Was passiert bei 250 Millionen Euro?<\/h2>\n<p data-start=\"3631\" data-end=\"3868\">Sobald der Jackpot die 250 Millionen Euro erreicht, bleibt er f\u00fcr bis zu vier Ziehungen auf diesem Niveau. Gibt es danach keinen Gewinner, wird der Betrag auf die n\u00e4chsth\u00f6here Gewinnklasse verteilt \u2013 das Geld bleibt also nicht im System.<\/p>\n<p data-start=\"3870\" data-end=\"3990\">Diese Regeln machen EuroMillions EU (\u00d6sterreich) zu einer der spannendsten und spielerfreundlichsten Lotterien der Welt.<\/p>\n<h2 data-start=\"3992\" data-end=\"4046\">Warum EuroMillions EU (\u00d6sterreich) online spielen?<\/h2>\n<p data-start=\"4048\" data-end=\"4134\">Besonders f\u00fcr Spieler au\u00dferhalb der EU gibt es \u00fcberzeugende Gr\u00fcnde, online zu spielen:<\/p>\n<ul data-start=\"4136\" data-end=\"4404\">\n<li data-start=\"4136\" data-end=\"4195\">\n<p data-start=\"4138\" data-end=\"4195\">Weltweite Teilnahme: Jeder kann mitmachen \u2013 von \u00fcberall<\/p>\n<\/li>\n<li data-start=\"4196\" data-end=\"4253\">\n<p data-start=\"4198\" data-end=\"4253\">Bequem: Kaufen Sie Ihre Lose jederzeit, von jedem Ort<\/p>\n<\/li>\n<li data-start=\"4254\" data-end=\"4280\">\n<p data-start=\"4256\" data-end=\"4280\">Digitaler Kaufnachweis<\/p>\n<\/li>\n<li data-start=\"4281\" data-end=\"4356\">\n<p data-start=\"4283\" data-end=\"4356\">Steuerliche Vorteile: In L\u00e4ndern wie \u00d6sterreich sind Gewinne steuerfrei<\/p>\n<\/li>\n<li data-start=\"4357\" data-end=\"4404\">\n<p data-start=\"4359\" data-end=\"4404\">Riesige Jackpots: Bis zu 250 Millionen Euro<\/p>\n<\/li>\n<\/ul>\n<h2 data-start=\"4406\" data-end=\"4415\">Fazit<\/h2>\n<p data-start=\"4417\" data-end=\"4636\">Sie m\u00fcssen nicht in Frankreich, Spanien oder Portugal leben, um bei EuroMillions EU (\u00d6sterreich) mitzumachen. Im digitalen Zeitalter k\u00f6nnen Sie auch au\u00dferhalb der EU teilnehmen und auf rekordverd\u00e4chtige Jackpots hoffen.<\/p>\n<p data-start=\"4638\" data-end=\"4904\">Egal, ob Sie Europas n\u00e4chster Million\u00e4r werden wollen oder einfach den Nervenkitzel lieben \u2013 \u00fcber RedFoxLotto.com ist der Einstieg kinderleicht. W\u00e4hlen Sie Ihre Gl\u00fcckszahlen und spielen Sie noch heute online \u2013 vielleicht steht Ihr Name auf dem n\u00e4chsten Riesengewinn!<\/p>\n","protected":false},"excerpt":{"rendered":"<p>Einf\u00fchrung: Was ist EuroMillions EU (\u00d6sterreich)? EuroMillions EU (\u00d6sterreich) ist eine der beliebtesten und lukrativsten Lotterien Europas. Sie wurde im Jahr 2004 eingef\u00fchrt und wird offiziell in neun europ\u00e4ischen L\u00e4ndern gespielt: Frankreich, Spanien, \u00d6sterreich, Belgien, Irland, Luxemburg, Portugal, der Schweiz und Andorra. Und was ist, wenn Sie nicht in Europa leben oder in einem Land, [&hellip;]<\/p>\n","protected":false},"author":8,"featured_media":0,"parent":137,"menu_order":4,"comment_status":"closed","ping_status":"closed","template":"euromillions-at.php","meta":{"_et_pb_use_builder":"","_et_pb_old_content":"","_et_gb_content_width":"","exclude_from_search":false,"footnotes":""},"class_list":["post-87584","page","type-page","status-publish","hentry"],"yoast_head":"<!-- This site is optimized with the Yoast SEO plugin v23.8 - https:\/\/yoast.com\/wordpress\/plugins\/seo\/ -->\n<title>Spielen Sie Euromillions online von au\u00dferhalb der EU<\/title>\n<meta name=\"description\" content=\"Wie Sie Euromillions von au\u00dferhalb der EU online spielen k\u00f6nnen, oder wenn Ihr Land nicht an Euromillions teilnimmt\" \/>\n<meta name=\"robots\" content=\"index, follow, max-snippet:-1, max-image-preview:large, max-video-preview:-1\" \/>\n<link rel=\"canonical\" href=\"https:\/\/redfoxlotto.com\/de\/spielen\/euromillions-eu\/\" \/>\n<meta property=\"og:locale\" content=\"de_DE\" \/>\n<meta property=\"og:type\" content=\"article\" \/>\n<meta property=\"og:title\" content=\"Spielen Sie Euromillions online von au\u00dferhalb der EU\" \/>\n<meta property=\"og:description\" content=\"Wie Sie Euromillions von au\u00dferhalb der EU online spielen k\u00f6nnen, oder wenn Ihr Land nicht an Euromillions teilnimmt\" \/>\n<meta property=\"og:url\" content=\"https:\/\/redfoxlotto.com\/de\/spielen\/euromillions-eu\/\" \/>\n<meta property=\"og:site_name\" content=\"Get Tickets for the World\u2019s largest jackpots\" \/>\n<meta property=\"article:modified_time\" content=\"2025-12-17T06:41:39+00:00\" \/>\n<meta property=\"og:image\" content=\"https:\/\/redfoxlotto.com\/wp-content\/uploads\/2024\/03\/Balls-300x300.png\" \/>\n<meta name=\"twitter:card\" content=\"summary_large_image\" \/>\n<meta name=\"twitter:label1\" content=\"Gesch\u00e4tzte Lesezeit\" \/>\n\t<meta name=\"twitter:data1\" content=\"3\u00a0Minuten\" \/>\n<script type=\"application\/ld+json\" class=\"yoast-schema-graph\">{\"@context\":\"https:\/\/schema.org\",\"@graph\":[{\"@type\":\"WebPage\",\"@id\":\"https:\/\/redfoxlotto.com\/de\/spielen\/euromillions-eu\/\",\"url\":\"https:\/\/redfoxlotto.com\/de\/spielen\/euromillions-eu\/\",\"name\":\"Spielen Sie Euromillions online von au\u00dferhalb der EU\",\"isPartOf\":{\"@id\":\"https:\/\/redfoxlotto.com\/de\/#website\"},\"primaryImageOfPage\":{\"@id\":\"https:\/\/redfoxlotto.com\/de\/spielen\/euromillions-eu\/#primaryimage\"},\"image\":{\"@id\":\"https:\/\/redfoxlotto.com\/de\/spielen\/euromillions-eu\/#primaryimage\"},\"thumbnailUrl\":\"https:\/\/redfoxlotto.com\/wp-content\/uploads\/2024\/03\/Balls-300x300.png\",\"datePublished\":\"2025-05-19T09:07:38+00:00\",\"dateModified\":\"2025-12-17T06:41:39+00:00\",\"description\":\"Wie Sie Euromillions von au\u00dferhalb der EU online spielen k\u00f6nnen, oder wenn Ihr Land nicht an Euromillions teilnimmt\",\"breadcrumb\":{\"@id\":\"https:\/\/redfoxlotto.com\/de\/spielen\/euromillions-eu\/#breadcrumb\"},\"inLanguage\":\"de\",\"potentialAction\":[{\"@type\":\"ReadAction\",\"target\":[\"https:\/\/redfoxlotto.com\/de\/spielen\/euromillions-eu\/\"]}]},{\"@type\":\"ImageObject\",\"inLanguage\":\"de\",\"@id\":\"https:\/\/redfoxlotto.com\/de\/spielen\/euromillions-eu\/#primaryimage\",\"url\":\"https:\/\/redfoxlotto.com\/wp-content\/uploads\/2024\/03\/Balls-300x300.png\",\"contentUrl\":\"https:\/\/redfoxlotto.com\/wp-content\/uploads\/2024\/03\/Balls-300x300.png\"},{\"@type\":\"BreadcrumbList\",\"@id\":\"https:\/\/redfoxlotto.com\/de\/spielen\/euromillions-eu\/#breadcrumb\",\"itemListElement\":[{\"@type\":\"ListItem\",\"position\":1,\"name\":\"Home\",\"item\":\"https:\/\/redfoxlotto.com\/de\/\"},{\"@type\":\"ListItem\",\"position\":2,\"name\":\"Mehr Lotterien online spielen\",\"item\":\"https:\/\/redfoxlotto.com\/de\/spielen\/\"},{\"@type\":\"ListItem\",\"position\":3,\"name\":\"Euromillions EU spielen\"}]},{\"@type\":\"WebSite\",\"@id\":\"https:\/\/redfoxlotto.com\/de\/#website\",\"url\":\"https:\/\/redfoxlotto.com\/de\/\",\"name\":\"Get Tickets for the World\u2019s largest jackpots\",\"description\":\"Participate in worldwide lottery jackpots from any country\",\"publisher\":{\"@id\":\"https:\/\/redfoxlotto.com\/de\/#organization\"},\"potentialAction\":[{\"@type\":\"SearchAction\",\"target\":{\"@type\":\"EntryPoint\",\"urlTemplate\":\"https:\/\/redfoxlotto.com\/de\/?s={search_term_string}\"},\"query-input\":{\"@type\":\"PropertyValueSpecification\",\"valueRequired\":true,\"valueName\":\"search_term_string\"}}],\"inLanguage\":\"de\"},{\"@type\":\"Organization\",\"@id\":\"https:\/\/redfoxlotto.com\/de\/#organization\",\"name\":\"Get Tickets for the World\u2019s largest jackpots\",\"url\":\"https:\/\/redfoxlotto.com\/de\/\",\"logo\":{\"@type\":\"ImageObject\",\"inLanguage\":\"de\",\"@id\":\"https:\/\/redfoxlotto.com\/de\/#\/schema\/logo\/image\/\",\"url\":\"https:\/\/redfoxlotto.com\/wp-content\/uploads\/2023\/04\/logo.png\",\"contentUrl\":\"https:\/\/redfoxlotto.com\/wp-content\/uploads\/2023\/04\/logo.png\",\"width\":269,\"height\":53,\"caption\":\"Get Tickets for the World\u2019s largest jackpots\"},\"image\":{\"@id\":\"https:\/\/redfoxlotto.com\/de\/#\/schema\/logo\/image\/\"}}]}<\/script>\n<!-- \/ Yoast SEO plugin. -->","yoast_head_json":{"title":"Spielen Sie Euromillions online von au\u00dferhalb der EU","description":"Wie Sie Euromillions von au\u00dferhalb der EU online spielen k\u00f6nnen, oder wenn Ihr Land nicht an Euromillions teilnimmt","robots":{"index":"index","follow":"follow","max-snippet":"max-snippet:-1","max-image-preview":"max-image-preview:large","max-video-preview":"max-video-preview:-1"},"canonical":"https:\/\/redfoxlotto.com\/de\/spielen\/euromillions-eu\/","og_locale":"de_DE","og_type":"article","og_title":"Spielen Sie Euromillions online von au\u00dferhalb der EU","og_description":"Wie Sie Euromillions von au\u00dferhalb der EU online spielen k\u00f6nnen, oder wenn Ihr Land nicht an Euromillions teilnimmt","og_url":"https:\/\/redfoxlotto.com\/de\/spielen\/euromillions-eu\/","og_site_name":"Get Tickets for the World\u2019s largest jackpots","article_modified_time":"2025-12-17T06:41:39+00:00","og_image":[{"url":"https:\/\/redfoxlotto.com\/wp-content\/uploads\/2024\/03\/Balls-300x300.png"}],"twitter_card":"summary_large_image","twitter_misc":{"Gesch\u00e4tzte Lesezeit":"3\u00a0Minuten"},"schema":{"@context":"https:\/\/schema.org","@graph":[{"@type":"WebPage","@id":"https:\/\/redfoxlotto.com\/de\/spielen\/euromillions-eu\/","url":"https:\/\/redfoxlotto.com\/de\/spielen\/euromillions-eu\/","name":"Spielen Sie Euromillions online von au\u00dferhalb der EU","isPartOf":{"@id":"https:\/\/redfoxlotto.com\/de\/#website"},"primaryImageOfPage":{"@id":"https:\/\/redfoxlotto.com\/de\/spielen\/euromillions-eu\/#primaryimage"},"image":{"@id":"https:\/\/redfoxlotto.com\/de\/spielen\/euromillions-eu\/#primaryimage"},"thumbnailUrl":"https:\/\/redfoxlotto.com\/wp-content\/uploads\/2024\/03\/Balls-300x300.png","datePublished":"2025-05-19T09:07:38+00:00","dateModified":"2025-12-17T06:41:39+00:00","description":"Wie Sie Euromillions von au\u00dferhalb der EU online spielen k\u00f6nnen, oder wenn Ihr Land nicht an Euromillions teilnimmt","breadcrumb":{"@id":"https:\/\/redfoxlotto.com\/de\/spielen\/euromillions-eu\/#breadcrumb"},"inLanguage":"de","potentialAction":[{"@type":"ReadAction","target":["https:\/\/redfoxlotto.com\/de\/spielen\/euromillions-eu\/"]}]},{"@type":"ImageObject","inLanguage":"de","@id":"https:\/\/redfoxlotto.com\/de\/spielen\/euromillions-eu\/#primaryimage","url":"https:\/\/redfoxlotto.com\/wp-content\/uploads\/2024\/03\/Balls-300x300.png","contentUrl":"https:\/\/redfoxlotto.com\/wp-content\/uploads\/2024\/03\/Balls-300x300.png"},{"@type":"BreadcrumbList","@id":"https:\/\/redfoxlotto.com\/de\/spielen\/euromillions-eu\/#breadcrumb","itemListElement":[{"@type":"ListItem","position":1,"name":"Home","item":"https:\/\/redfoxlotto.com\/de\/"},{"@type":"ListItem","position":2,"name":"Mehr Lotterien online spielen","item":"https:\/\/redfoxlotto.com\/de\/spielen\/"},{"@type":"ListItem","position":3,"name":"Euromillions EU spielen"}]},{"@type":"WebSite","@id":"https:\/\/redfoxlotto.com\/de\/#website","url":"https:\/\/redfoxlotto.com\/de\/","name":"Get Tickets for the World\u2019s largest jackpots","description":"Participate in worldwide lottery jackpots from any country","publisher":{"@id":"https:\/\/redfoxlotto.com\/de\/#organization"},"potentialAction":[{"@type":"SearchAction","target":{"@type":"EntryPoint","urlTemplate":"https:\/\/redfoxlotto.com\/de\/?s={search_term_string}"},"query-input":{"@type":"PropertyValueSpecification","valueRequired":true,"valueName":"search_term_string"}}],"inLanguage":"de"},{"@type":"Organization","@id":"https:\/\/redfoxlotto.com\/de\/#organization","name":"Get Tickets for the World\u2019s largest jackpots","url":"https:\/\/redfoxlotto.com\/de\/","logo":{"@type":"ImageObject","inLanguage":"de","@id":"https:\/\/redfoxlotto.com\/de\/#\/schema\/logo\/image\/","url":"https:\/\/redfoxlotto.com\/wp-content\/uploads\/2023\/04\/logo.png","contentUrl":"https:\/\/redfoxlotto.com\/wp-content\/uploads\/2023\/04\/logo.png","width":269,"height":53,"caption":"Get Tickets for the World\u2019s largest jackpots"},"image":{"@id":"https:\/\/redfoxlotto.com\/de\/#\/schema\/logo\/image\/"}}]}},"_links":{"self":[{"href":"https:\/\/redfoxlotto.com\/de\/wp-json\/wp\/v2\/pages\/87584","targetHints":{"allow":["GET"]}}],"collection":[{"href":"https:\/\/redfoxlotto.com\/de\/wp-json\/wp\/v2\/pages"}],"about":[{"href":"https:\/\/redfoxlotto.com\/de\/wp-json\/wp\/v2\/types\/page"}],"author":[{"embeddable":true,"href":"https:\/\/redfoxlotto.com\/de\/wp-json\/wp\/v2\/users\/8"}],"replies":[{"embeddable":true,"href":"https:\/\/redfoxlotto.com\/de\/wp-json\/wp\/v2\/comments?post=87584"}],"version-history":[{"count":0,"href":"https:\/\/redfoxlotto.com\/de\/wp-json\/wp\/v2\/pages\/87584\/revisions"}],"up":[{"embeddable":true,"href":"https:\/\/redfoxlotto.com\/de\/wp-json\/wp\/v2\/pages\/137"}],"wp:attachment":[{"href":"https:\/\/redfoxlotto.com\/de\/wp-json\/wp\/v2\/media?parent=87584"}],"curies":[{"name":"wp","href":"https:\/\/api.w.org\/{rel}","templated":true}]}}