{"id":87084,"date":"2025-05-16T10:39:54","date_gmt":"2025-05-16T10:39:54","guid":{"rendered":"https:\/\/redfoxlotto.com\/?page_id=87084"},"modified":"2025-05-17T21:52:37","modified_gmt":"2025-05-17T21:52:37","slug":"diamond-keno-gewinnzahlen","status":"publish","type":"page","link":"https:\/\/redfoxlotto.com\/de\/keno\/diamond-keno-gewinnzahlen\/","title":{"rendered":"Diamond Keno Gewinnzahlen"},"content":{"rendered":"<p>Alle 20 Minuten gibt es neue Gewinnzahlen &#8211; \u00fcberpr\u00fcfen Sie jetzt die Diamond Keno Ergebnisse<\/p>\n","protected":false},"excerpt":{"rendered":"<p>Alle 20 Minuten gibt es neue Gewinnzahlen &#8211; \u00fcberpr\u00fcfen Sie jetzt die Diamond Keno Ergebnisse<\/p>\n","protected":false},"author":8,"featured_media":0,"parent":84395,"menu_order":40,"comment_status":"closed","ping_status":"closed","template":"","meta":{"_et_pb_use_builder":"","_et_pb_old_content":"","_et_gb_content_width":"","exclude_from_search":false,"footnotes":""},"class_list":["post-87084","page","type-page","status-publish","hentry"],"yoast_head":"<!-- This site is optimized with the Yoast SEO plugin v23.8 - https:\/\/yoast.com\/wordpress\/plugins\/seo\/ -->\n<title>Gewinnzahlen f\u00fcr unsere Top-Keno-Lotterie - gewinnen Sie jetzt 10 Millionen Euro!<\/title>\n<meta name=\"description\" content=\"Hier sind die neuesten Gewinnzahlen f\u00fcr unsere gr\u00f6\u00dfte Keno-Lotterie - alle 20 Minuten stehen 10 Millionen Euro auf dem Spiel.\" \/>\n<meta name=\"robots\" content=\"index, follow, max-snippet:-1, max-image-preview:large, max-video-preview:-1\" \/>\n<link rel=\"canonical\" href=\"https:\/\/redfoxlotto.com\/de\/keno\/diamond-keno-gewinnzahlen\/\" \/>\n<meta property=\"og:locale\" content=\"de_DE\" \/>\n<meta property=\"og:type\" content=\"article\" \/>\n<meta property=\"og:title\" content=\"Gewinnzahlen f\u00fcr unsere Top-Keno-Lotterie - gewinnen Sie jetzt 10 Millionen Euro!\" \/>\n<meta property=\"og:description\" content=\"Hier sind die neuesten Gewinnzahlen f\u00fcr unsere gr\u00f6\u00dfte Keno-Lotterie - alle 20 Minuten stehen 10 Millionen Euro auf dem Spiel.\" \/>\n<meta property=\"og:url\" content=\"https:\/\/redfoxlotto.com\/de\/keno\/diamond-keno-gewinnzahlen\/\" \/>\n<meta property=\"og:site_name\" content=\"Get Tickets for the World\u2019s largest jackpots\" \/>\n<meta property=\"article:modified_time\" content=\"2025-05-17T21:52:37+00:00\" \/>\n<meta name=\"twitter:card\" content=\"summary_large_image\" \/>\n<meta name=\"twitter:label1\" content=\"Gesch\u00e4tzte Lesezeit\" \/>\n\t<meta name=\"twitter:data1\" content=\"1\u00a0Minute\" \/>\n<script type=\"application\/ld+json\" class=\"yoast-schema-graph\">{\"@context\":\"https:\/\/schema.org\",\"@graph\":[{\"@type\":\"WebPage\",\"@id\":\"https:\/\/redfoxlotto.com\/de\/keno\/diamond-keno-gewinnzahlen\/\",\"url\":\"https:\/\/redfoxlotto.com\/de\/keno\/diamond-keno-gewinnzahlen\/\",\"name\":\"Gewinnzahlen f\u00fcr unsere Top-Keno-Lotterie - gewinnen Sie jetzt 10 Millionen Euro!\",\"isPartOf\":{\"@id\":\"https:\/\/redfoxlotto.com\/de\/#website\"},\"datePublished\":\"2025-05-16T10:39:54+00:00\",\"dateModified\":\"2025-05-17T21:52:37+00:00\",\"description\":\"Hier sind die neuesten Gewinnzahlen f\u00fcr unsere gr\u00f6\u00dfte Keno-Lotterie - alle 20 Minuten stehen 10 Millionen Euro auf dem Spiel.\",\"breadcrumb\":{\"@id\":\"https:\/\/redfoxlotto.com\/de\/keno\/diamond-keno-gewinnzahlen\/#breadcrumb\"},\"inLanguage\":\"de\",\"potentialAction\":[{\"@type\":\"ReadAction\",\"target\":[\"https:\/\/redfoxlotto.com\/de\/keno\/diamond-keno-gewinnzahlen\/\"]}]},{\"@type\":\"BreadcrumbList\",\"@id\":\"https:\/\/redfoxlotto.com\/de\/keno\/diamond-keno-gewinnzahlen\/#breadcrumb\",\"itemListElement\":[{\"@type\":\"ListItem\",\"position\":1,\"name\":\"Home\",\"item\":\"https:\/\/redfoxlotto.com\/de\/\"},{\"@type\":\"ListItem\",\"position\":2,\"name\":\"Keno\",\"item\":\"https:\/\/redfoxlotto.com\/de\/keno\/\"},{\"@type\":\"ListItem\",\"position\":3,\"name\":\"Diamond Keno Gewinnzahlen\"}]},{\"@type\":\"WebSite\",\"@id\":\"https:\/\/redfoxlotto.com\/de\/#website\",\"url\":\"https:\/\/redfoxlotto.com\/de\/\",\"name\":\"Get Tickets for the World\u2019s largest jackpots\",\"description\":\"Participate in worldwide lottery jackpots from any country\",\"publisher\":{\"@id\":\"https:\/\/redfoxlotto.com\/de\/#organization\"},\"potentialAction\":[{\"@type\":\"SearchAction\",\"target\":{\"@type\":\"EntryPoint\",\"urlTemplate\":\"https:\/\/redfoxlotto.com\/de\/?s={search_term_string}\"},\"query-input\":{\"@type\":\"PropertyValueSpecification\",\"valueRequired\":true,\"valueName\":\"search_term_string\"}}],\"inLanguage\":\"de\"},{\"@type\":\"Organization\",\"@id\":\"https:\/\/redfoxlotto.com\/de\/#organization\",\"name\":\"Get Tickets for the World\u2019s largest jackpots\",\"url\":\"https:\/\/redfoxlotto.com\/de\/\",\"logo\":{\"@type\":\"ImageObject\",\"inLanguage\":\"de\",\"@id\":\"https:\/\/redfoxlotto.com\/de\/#\/schema\/logo\/image\/\",\"url\":\"https:\/\/redfoxlotto.com\/wp-content\/uploads\/2023\/04\/logo.png\",\"contentUrl\":\"https:\/\/redfoxlotto.com\/wp-content\/uploads\/2023\/04\/logo.png\",\"width\":269,\"height\":53,\"caption\":\"Get Tickets for the World\u2019s largest jackpots\"},\"image\":{\"@id\":\"https:\/\/redfoxlotto.com\/de\/#\/schema\/logo\/image\/\"}}]}<\/script>\n<!-- \/ Yoast SEO plugin. -->","yoast_head_json":{"title":"Gewinnzahlen f\u00fcr unsere Top-Keno-Lotterie - gewinnen Sie jetzt 10 Millionen Euro!","description":"Hier sind die neuesten Gewinnzahlen f\u00fcr unsere gr\u00f6\u00dfte Keno-Lotterie - alle 20 Minuten stehen 10 Millionen Euro auf dem Spiel.","robots":{"index":"index","follow":"follow","max-snippet":"max-snippet:-1","max-image-preview":"max-image-preview:large","max-video-preview":"max-video-preview:-1"},"canonical":"https:\/\/redfoxlotto.com\/de\/keno\/diamond-keno-gewinnzahlen\/","og_locale":"de_DE","og_type":"article","og_title":"Gewinnzahlen f\u00fcr unsere Top-Keno-Lotterie - gewinnen Sie jetzt 10 Millionen Euro!","og_description":"Hier sind die neuesten Gewinnzahlen f\u00fcr unsere gr\u00f6\u00dfte Keno-Lotterie - alle 20 Minuten stehen 10 Millionen Euro auf dem Spiel.","og_url":"https:\/\/redfoxlotto.com\/de\/keno\/diamond-keno-gewinnzahlen\/","og_site_name":"Get Tickets for the World\u2019s largest jackpots","article_modified_time":"2025-05-17T21:52:37+00:00","twitter_card":"summary_large_image","twitter_misc":{"Gesch\u00e4tzte Lesezeit":"1\u00a0Minute"},"schema":{"@context":"https:\/\/schema.org","@graph":[{"@type":"WebPage","@id":"https:\/\/redfoxlotto.com\/de\/keno\/diamond-keno-gewinnzahlen\/","url":"https:\/\/redfoxlotto.com\/de\/keno\/diamond-keno-gewinnzahlen\/","name":"Gewinnzahlen f\u00fcr unsere Top-Keno-Lotterie - gewinnen Sie jetzt 10 Millionen Euro!","isPartOf":{"@id":"https:\/\/redfoxlotto.com\/de\/#website"},"datePublished":"2025-05-16T10:39:54+00:00","dateModified":"2025-05-17T21:52:37+00:00","description":"Hier sind die neuesten Gewinnzahlen f\u00fcr unsere gr\u00f6\u00dfte Keno-Lotterie - alle 20 Minuten stehen 10 Millionen Euro auf dem Spiel.","breadcrumb":{"@id":"https:\/\/redfoxlotto.com\/de\/keno\/diamond-keno-gewinnzahlen\/#breadcrumb"},"inLanguage":"de","potentialAction":[{"@type":"ReadAction","target":["https:\/\/redfoxlotto.com\/de\/keno\/diamond-keno-gewinnzahlen\/"]}]},{"@type":"BreadcrumbList","@id":"https:\/\/redfoxlotto.com\/de\/keno\/diamond-keno-gewinnzahlen\/#breadcrumb","itemListElement":[{"@type":"ListItem","position":1,"name":"Home","item":"https:\/\/redfoxlotto.com\/de\/"},{"@type":"ListItem","position":2,"name":"Keno","item":"https:\/\/redfoxlotto.com\/de\/keno\/"},{"@type":"ListItem","position":3,"name":"Diamond Keno Gewinnzahlen"}]},{"@type":"WebSite","@id":"https:\/\/redfoxlotto.com\/de\/#website","url":"https:\/\/redfoxlotto.com\/de\/","name":"Get Tickets for the World\u2019s largest jackpots","description":"Participate in worldwide lottery jackpots from any country","publisher":{"@id":"https:\/\/redfoxlotto.com\/de\/#organization"},"potentialAction":[{"@type":"SearchAction","target":{"@type":"EntryPoint","urlTemplate":"https:\/\/redfoxlotto.com\/de\/?s={search_term_string}"},"query-input":{"@type":"PropertyValueSpecification","valueRequired":true,"valueName":"search_term_string"}}],"inLanguage":"de"},{"@type":"Organization","@id":"https:\/\/redfoxlotto.com\/de\/#organization","name":"Get Tickets for the World\u2019s largest jackpots","url":"https:\/\/redfoxlotto.com\/de\/","logo":{"@type":"ImageObject","inLanguage":"de","@id":"https:\/\/redfoxlotto.com\/de\/#\/schema\/logo\/image\/","url":"https:\/\/redfoxlotto.com\/wp-content\/uploads\/2023\/04\/logo.png","contentUrl":"https:\/\/redfoxlotto.com\/wp-content\/uploads\/2023\/04\/logo.png","width":269,"height":53,"caption":"Get Tickets for the World\u2019s largest jackpots"},"image":{"@id":"https:\/\/redfoxlotto.com\/de\/#\/schema\/logo\/image\/"}}]}},"_links":{"self":[{"href":"https:\/\/redfoxlotto.com\/de\/wp-json\/wp\/v2\/pages\/87084","targetHints":{"allow":["GET"]}}],"collection":[{"href":"https:\/\/redfoxlotto.com\/de\/wp-json\/wp\/v2\/pages"}],"about":[{"href":"https:\/\/redfoxlotto.com\/de\/wp-json\/wp\/v2\/types\/page"}],"author":[{"embeddable":true,"href":"https:\/\/redfoxlotto.com\/de\/wp-json\/wp\/v2\/users\/8"}],"replies":[{"embeddable":true,"href":"https:\/\/redfoxlotto.com\/de\/wp-json\/wp\/v2\/comments?post=87084"}],"version-history":[{"count":0,"href":"https:\/\/redfoxlotto.com\/de\/wp-json\/wp\/v2\/pages\/87084\/revisions"}],"up":[{"embeddable":true,"href":"https:\/\/redfoxlotto.com\/de\/wp-json\/wp\/v2\/pages\/84395"}],"wp:attachment":[{"href":"https:\/\/redfoxlotto.com\/de\/wp-json\/wp\/v2\/media?parent=87084"}],"curies":[{"name":"wp","href":"https:\/\/api.w.org\/{rel}","templated":true}]}}