{"id":85479,"date":"2025-02-25T17:25:31","date_gmt":"2025-02-25T17:25:31","guid":{"rendered":"https:\/\/redfoxlotto.com\/?page_id=85479"},"modified":"2025-04-21T06:42:29","modified_gmt":"2025-04-21T06:42:29","slug":"ueber-die-new-york-lottery","status":"publish","type":"page","link":"https:\/\/redfoxlotto.com\/de\/lotterie\/ueber-die-new-york-lottery\/","title":{"rendered":"\u00dcber die New York Lottery"},"content":{"rendered":"<h2>So kaufen Sie New York Lottery-Tickets<\/h2>\n<p>Eine Anleitung zum Kauf von Tickets f\u00fcr die New York Lottery auf RedFoxLotto:<\/p>\n<p>Haben Sie beim Spielen der New York Lottery schon einmal davon getr\u00e4umt, einen Jackpot zu gewinnen, der Ihr Leben komplett ver\u00e4ndern k\u00f6nnte? Die Teilnahme an internationalen Lotterien wie der New York Lotto war noch nie so einfach wie mit RedFoxLotto, selbst wenn Sie sich au\u00dferhalb der Vereinigten Staaten befinden.<\/p>\n<p>In diesem Beitrag f\u00fchren wir Sie in wenigen einfachen Schritten durch den Kauf von New York Lottery-Tickets bei RedFoxLotto.<\/p>\n<h2>RedFoxLotto: Was ist das?<\/h2>\n<p>Mit RedFoxLotto, einem renommierten Online-Lotteriedienst, k\u00f6nnen Sie an gro\u00dfen internationalen Lotterien teilnehmen. Zu diesen Lotterien geh\u00f6ren Powerball, Mega Millions, EuroMillions und nat\u00fcrlich das New York Lotto. RedFoxLotto fungiert als Ticket-Messenger-Service, d. h., es kauft in Ihrem Namen ein echtes Ticket und scannt es dann in Ihr angegebenes Online-Konto ein.<\/p>\n<h3>RedFoxLotto: Eine Schritt-f\u00fcr-Schritt-Anleitung zum Kauf von Tickets f\u00fcr das New York Lottery-Programm<\/h3>\n<p>1. Registrieren Sie sich. Gehen Sie zu RedFoxLotto.com, um mit der Registrierung zu beginnen. Geben Sie Ihre grundlegenden Daten wie Ihren Namen, Ihre E-Mail-Adresse und das Land, in dem Sie derzeit wohnen, ein, indem Sie auf die Schaltfl\u00e4che \u201eAnmelden\u201c klicken.<\/p>\n<p>2. Best\u00e4tigen Sie, dass Ihr Konto echt ist.<\/p>\n<p>Nach Abschluss der Registrierung finden Sie einen Best\u00e4tigungslink in Ihrem Posteingang. Klicken Sie darauf, um Ihr Konto zu best\u00e4tigen. Dies ist zwar nur ein einfacher Schritt, aber sowohl f\u00fcr die Sicherheit als auch f\u00fcr m\u00f6gliche zuk\u00fcnftige Gewinne unerl\u00e4sslich.<\/p>\n<p>3. Informieren Sie sich \u00fcber die Lotterien<\/p>\n<p>Nachdem Sie sich erfolgreich angemeldet haben, navigieren Sie zur Startseite und suchen Sie in der Liste der verf\u00fcgbaren Lotterien nach der New York Lotto. Wenn Sie darauf klicken, erfahren Sie mehr \u00fcber die n\u00e4chste Ziehung, die H\u00f6he des Jackpots und die Kosten f\u00fcr die Lose.<\/p>\n<p>4. W\u00e4hlen Sie Ihre Zahlen<\/p>\n<p>Ihre Aufgabe ist es, sechs Zahlen zwischen eins und neunundsechzig auszuw\u00e4hlen. Sie haben die M\u00f6glichkeit, diese manuell auszuw\u00e4hlen oder die Schnellauswahl-Option zu verwenden, damit RedFoxLotto zuf\u00e4llige Zahlen f\u00fcr Sie generiert.<\/p>\n<h2>Zum Warenkorb hinzuf\u00fcgen und zur Kasse gehen<\/h2>\n<p>Sobald Sie Ihre Zahlen ausgew\u00e4hlt haben, legen Sie Ihren Tippschein in den Warenkorb. Danach gelangen Sie zum Kassenbereich. RedFoxLotto unterst\u00fctzt mehrere Zahlungsoptionen, darunter die folgenden:<\/p>\n<ul>\n<li>Kredit- und Debitkarten<\/li>\n<li>Bank\u00fcberweisung<\/li>\n<li>Elektronische Geldb\u00f6rsen wie Skrill<\/li>\n<li>In einigen Regionen sind Kryptow\u00e4hrungen weit verbreitet.<\/li>\n<\/ul>\n<h2>Best\u00e4tigung und Ticket-Scanner<\/h2>\n<p>Unmittelbar nach der Bearbeitung Ihrer Zahlung beauftragt RedFoxLotto einen seiner lokalen Vertreter in den Vereinigten Staaten mit dem Kauf eines echten New York Lotto-Tickets mit den von Ihnen ausgew\u00e4hlten Zahlen. Als Kaufnachweis wird ein Scan Ihres Tickets in Ihrem Konto hinterlegt.<\/p>\n<h2>Was passiert, wenn Sie gewinnen?<\/h2>\n<h3>Wenn die von Ihnen eingegebenen Zahlen gewinnen:<\/h3>\n<p>Ihr RedFoxLotto-Konto wird sofort mit allen Gewinnen in geringer bis mittlerer H\u00f6he gutgeschrieben. Sobald Sie einen gro\u00dfen Jackpot gewonnen haben, begleitet Sie das RedFoxLotto-Team durch die notwendigen Schritte, um Ihren Gewinn zu erhalten. Je nach H\u00f6he des Gewinns und den Bestimmungen des jeweiligen Bundesstaates kann eine Reise in die Vereinigten Staaten erforderlich sein.<\/p>\n<h2>Wie sieht die Rechtslage aus?<\/h2>\n<p>Ja, RedFoxLotto ist kein Lotterieanbieter, sondern verwaltet den Vertrieb von Lotterielosen. Sie kaufen ein echtes physisches Los \u00fcber einen autorisierten Vertreter, der sicherstellt, dass alles legal und transparent ist, auch wenn Sie aus einem anderen Land spielen.<\/p>\n<h2>Abschlie\u00dfende Bemerkungen<\/h2>\n<p>Es ist kein Wunschtraum mehr, Lose f\u00fcr die New York Lottery von jedem Ort der Welt aus kaufen zu k\u00f6nnen. Mit RedFoxLotto ist dies einfach, sicher und zug\u00e4nglich. Mit nur wenigen Klicks k\u00f6nnten Sie um Millionen von Dollar mitspielen, ohne daf\u00fcr aus Ihrem Auto steigen und nach New York fahren zu m\u00fcssen.<\/p>\n<p>Warum also noch warten? Registrieren Sie sich gleich, w\u00e4hlen Sie Ihre Gl\u00fcckszahlen und machen Sie sich bereit f\u00fcr den Jackpot!<\/p>\n","protected":false},"excerpt":{"rendered":"<p>So kaufen Sie New York Lottery-Tickets Eine Anleitung zum Kauf von Tickets f\u00fcr die New York Lottery auf RedFoxLotto: Haben Sie beim Spielen der New York Lottery schon einmal davon getr\u00e4umt, einen Jackpot zu gewinnen, der Ihr Leben komplett ver\u00e4ndern k\u00f6nnte? Die Teilnahme an internationalen Lotterien wie der New York Lotto war noch nie so [&hellip;]<\/p>\n","protected":false},"author":8,"featured_media":0,"parent":120,"menu_order":18,"comment_status":"closed","ping_status":"closed","template":"newyork-info.php","meta":{"_et_pb_use_builder":"","_et_pb_old_content":"","_et_gb_content_width":"","exclude_from_search":false,"footnotes":""},"class_list":["post-85479","page","type-page","status-publish","hentry"],"yoast_head":"<!-- This site is optimized with the Yoast SEO plugin v23.8 - https:\/\/yoast.com\/wordpress\/plugins\/seo\/ -->\n<title>So kaufen Sie New York Lottery-Tickets online aus Gro\u00dfbritannien<\/title>\n<meta name=\"description\" content=\"Kaufen Sie hier Tickets f\u00fcr die New York Lottery \u2013 auch aus Gro\u00dfbritannien k\u00f6nnen Sie online am New York Lotto teilnehmen und erhalten innerhalb weniger Minuten einen gescannten Ticket.\" \/>\n<meta name=\"robots\" content=\"index, follow, max-snippet:-1, max-image-preview:large, max-video-preview:-1\" \/>\n<link rel=\"canonical\" href=\"https:\/\/redfoxlotto.com\/de\/lotterie\/ueber-die-new-york-lottery\/\" \/>\n<meta property=\"og:locale\" content=\"de_DE\" \/>\n<meta property=\"og:type\" content=\"article\" \/>\n<meta property=\"og:title\" content=\"So kaufen Sie New York Lottery-Tickets online aus Gro\u00dfbritannien\" \/>\n<meta property=\"og:description\" content=\"Kaufen Sie hier Tickets f\u00fcr die New York Lottery \u2013 auch aus Gro\u00dfbritannien k\u00f6nnen Sie online am New York Lotto teilnehmen und erhalten innerhalb weniger Minuten einen gescannten Ticket.\" \/>\n<meta property=\"og:url\" content=\"https:\/\/redfoxlotto.com\/de\/lotterie\/ueber-die-new-york-lottery\/\" \/>\n<meta property=\"og:site_name\" content=\"Get Tickets for the World\u2019s largest jackpots\" \/>\n<meta property=\"article:modified_time\" content=\"2025-04-21T06:42:29+00:00\" \/>\n<meta name=\"twitter:card\" content=\"summary_large_image\" \/>\n<meta name=\"twitter:label1\" content=\"Gesch\u00e4tzte Lesezeit\" \/>\n\t<meta name=\"twitter:data1\" content=\"3\u00a0Minuten\" \/>\n<script type=\"application\/ld+json\" class=\"yoast-schema-graph\">{\"@context\":\"https:\/\/schema.org\",\"@graph\":[{\"@type\":\"WebPage\",\"@id\":\"https:\/\/redfoxlotto.com\/de\/lotterie\/ueber-die-new-york-lottery\/\",\"url\":\"https:\/\/redfoxlotto.com\/de\/lotterie\/ueber-die-new-york-lottery\/\",\"name\":\"So kaufen Sie New York Lottery-Tickets online aus Gro\u00dfbritannien\",\"isPartOf\":{\"@id\":\"https:\/\/redfoxlotto.com\/de\/#website\"},\"datePublished\":\"2025-02-25T17:25:31+00:00\",\"dateModified\":\"2025-04-21T06:42:29+00:00\",\"description\":\"Kaufen Sie hier Tickets f\u00fcr die New York Lottery \u2013 auch aus Gro\u00dfbritannien k\u00f6nnen Sie online am New York Lotto teilnehmen und erhalten innerhalb weniger Minuten einen gescannten Ticket.\",\"breadcrumb\":{\"@id\":\"https:\/\/redfoxlotto.com\/de\/lotterie\/ueber-die-new-york-lottery\/#breadcrumb\"},\"inLanguage\":\"de\",\"potentialAction\":[{\"@type\":\"ReadAction\",\"target\":[\"https:\/\/redfoxlotto.com\/de\/lotterie\/ueber-die-new-york-lottery\/\"]}]},{\"@type\":\"BreadcrumbList\",\"@id\":\"https:\/\/redfoxlotto.com\/de\/lotterie\/ueber-die-new-york-lottery\/#breadcrumb\",\"itemListElement\":[{\"@type\":\"ListItem\",\"position\":1,\"name\":\"Home\",\"item\":\"https:\/\/redfoxlotto.com\/de\/\"},{\"@type\":\"ListItem\",\"position\":2,\"name\":\"Der Ablauf beim Online-Lottospiel\",\"item\":\"https:\/\/redfoxlotto.com\/de\/lotterie\/\"},{\"@type\":\"ListItem\",\"position\":3,\"name\":\"\u00dcber die New York Lottery\"}]},{\"@type\":\"WebSite\",\"@id\":\"https:\/\/redfoxlotto.com\/de\/#website\",\"url\":\"https:\/\/redfoxlotto.com\/de\/\",\"name\":\"Get Tickets for the World\u2019s largest jackpots\",\"description\":\"Participate in worldwide lottery jackpots from any country\",\"publisher\":{\"@id\":\"https:\/\/redfoxlotto.com\/de\/#organization\"},\"potentialAction\":[{\"@type\":\"SearchAction\",\"target\":{\"@type\":\"EntryPoint\",\"urlTemplate\":\"https:\/\/redfoxlotto.com\/de\/?s={search_term_string}\"},\"query-input\":{\"@type\":\"PropertyValueSpecification\",\"valueRequired\":true,\"valueName\":\"search_term_string\"}}],\"inLanguage\":\"de\"},{\"@type\":\"Organization\",\"@id\":\"https:\/\/redfoxlotto.com\/de\/#organization\",\"name\":\"Get Tickets for the World\u2019s largest jackpots\",\"url\":\"https:\/\/redfoxlotto.com\/de\/\",\"logo\":{\"@type\":\"ImageObject\",\"inLanguage\":\"de\",\"@id\":\"https:\/\/redfoxlotto.com\/de\/#\/schema\/logo\/image\/\",\"url\":\"https:\/\/redfoxlotto.com\/wp-content\/uploads\/2023\/04\/logo.png\",\"contentUrl\":\"https:\/\/redfoxlotto.com\/wp-content\/uploads\/2023\/04\/logo.png\",\"width\":269,\"height\":53,\"caption\":\"Get Tickets for the World\u2019s largest jackpots\"},\"image\":{\"@id\":\"https:\/\/redfoxlotto.com\/de\/#\/schema\/logo\/image\/\"}}]}<\/script>\n<!-- \/ Yoast SEO plugin. -->","yoast_head_json":{"title":"So kaufen Sie New York Lottery-Tickets online aus Gro\u00dfbritannien","description":"Kaufen Sie hier Tickets f\u00fcr die New York Lottery \u2013 auch aus Gro\u00dfbritannien k\u00f6nnen Sie online am New York Lotto teilnehmen und erhalten innerhalb weniger Minuten einen gescannten Ticket.","robots":{"index":"index","follow":"follow","max-snippet":"max-snippet:-1","max-image-preview":"max-image-preview:large","max-video-preview":"max-video-preview:-1"},"canonical":"https:\/\/redfoxlotto.com\/de\/lotterie\/ueber-die-new-york-lottery\/","og_locale":"de_DE","og_type":"article","og_title":"So kaufen Sie New York Lottery-Tickets online aus Gro\u00dfbritannien","og_description":"Kaufen Sie hier Tickets f\u00fcr die New York Lottery \u2013 auch aus Gro\u00dfbritannien k\u00f6nnen Sie online am New York Lotto teilnehmen und erhalten innerhalb weniger Minuten einen gescannten Ticket.","og_url":"https:\/\/redfoxlotto.com\/de\/lotterie\/ueber-die-new-york-lottery\/","og_site_name":"Get Tickets for the World\u2019s largest jackpots","article_modified_time":"2025-04-21T06:42:29+00:00","twitter_card":"summary_large_image","twitter_misc":{"Gesch\u00e4tzte Lesezeit":"3\u00a0Minuten"},"schema":{"@context":"https:\/\/schema.org","@graph":[{"@type":"WebPage","@id":"https:\/\/redfoxlotto.com\/de\/lotterie\/ueber-die-new-york-lottery\/","url":"https:\/\/redfoxlotto.com\/de\/lotterie\/ueber-die-new-york-lottery\/","name":"So kaufen Sie New York Lottery-Tickets online aus Gro\u00dfbritannien","isPartOf":{"@id":"https:\/\/redfoxlotto.com\/de\/#website"},"datePublished":"2025-02-25T17:25:31+00:00","dateModified":"2025-04-21T06:42:29+00:00","description":"Kaufen Sie hier Tickets f\u00fcr die New York Lottery \u2013 auch aus Gro\u00dfbritannien k\u00f6nnen Sie online am New York Lotto teilnehmen und erhalten innerhalb weniger Minuten einen gescannten Ticket.","breadcrumb":{"@id":"https:\/\/redfoxlotto.com\/de\/lotterie\/ueber-die-new-york-lottery\/#breadcrumb"},"inLanguage":"de","potentialAction":[{"@type":"ReadAction","target":["https:\/\/redfoxlotto.com\/de\/lotterie\/ueber-die-new-york-lottery\/"]}]},{"@type":"BreadcrumbList","@id":"https:\/\/redfoxlotto.com\/de\/lotterie\/ueber-die-new-york-lottery\/#breadcrumb","itemListElement":[{"@type":"ListItem","position":1,"name":"Home","item":"https:\/\/redfoxlotto.com\/de\/"},{"@type":"ListItem","position":2,"name":"Der Ablauf beim Online-Lottospiel","item":"https:\/\/redfoxlotto.com\/de\/lotterie\/"},{"@type":"ListItem","position":3,"name":"\u00dcber die New York Lottery"}]},{"@type":"WebSite","@id":"https:\/\/redfoxlotto.com\/de\/#website","url":"https:\/\/redfoxlotto.com\/de\/","name":"Get Tickets for the World\u2019s largest jackpots","description":"Participate in worldwide lottery jackpots from any country","publisher":{"@id":"https:\/\/redfoxlotto.com\/de\/#organization"},"potentialAction":[{"@type":"SearchAction","target":{"@type":"EntryPoint","urlTemplate":"https:\/\/redfoxlotto.com\/de\/?s={search_term_string}"},"query-input":{"@type":"PropertyValueSpecification","valueRequired":true,"valueName":"search_term_string"}}],"inLanguage":"de"},{"@type":"Organization","@id":"https:\/\/redfoxlotto.com\/de\/#organization","name":"Get Tickets for the World\u2019s largest jackpots","url":"https:\/\/redfoxlotto.com\/de\/","logo":{"@type":"ImageObject","inLanguage":"de","@id":"https:\/\/redfoxlotto.com\/de\/#\/schema\/logo\/image\/","url":"https:\/\/redfoxlotto.com\/wp-content\/uploads\/2023\/04\/logo.png","contentUrl":"https:\/\/redfoxlotto.com\/wp-content\/uploads\/2023\/04\/logo.png","width":269,"height":53,"caption":"Get Tickets for the World\u2019s largest jackpots"},"image":{"@id":"https:\/\/redfoxlotto.com\/de\/#\/schema\/logo\/image\/"}}]}},"_links":{"self":[{"href":"https:\/\/redfoxlotto.com\/de\/wp-json\/wp\/v2\/pages\/85479","targetHints":{"allow":["GET"]}}],"collection":[{"href":"https:\/\/redfoxlotto.com\/de\/wp-json\/wp\/v2\/pages"}],"about":[{"href":"https:\/\/redfoxlotto.com\/de\/wp-json\/wp\/v2\/types\/page"}],"author":[{"embeddable":true,"href":"https:\/\/redfoxlotto.com\/de\/wp-json\/wp\/v2\/users\/8"}],"replies":[{"embeddable":true,"href":"https:\/\/redfoxlotto.com\/de\/wp-json\/wp\/v2\/comments?post=85479"}],"version-history":[{"count":0,"href":"https:\/\/redfoxlotto.com\/de\/wp-json\/wp\/v2\/pages\/85479\/revisions"}],"up":[{"embeddable":true,"href":"https:\/\/redfoxlotto.com\/de\/wp-json\/wp\/v2\/pages\/120"}],"wp:attachment":[{"href":"https:\/\/redfoxlotto.com\/de\/wp-json\/wp\/v2\/media?parent=85479"}],"curies":[{"name":"wp","href":"https:\/\/api.w.org\/{rel}","templated":true}]}}