{"id":84484,"date":"2025-03-17T09:46:32","date_gmt":"2025-03-17T09:46:32","guid":{"rendered":"https:\/\/redfoxlotto.com\/?page_id=84484"},"modified":"2025-06-17T08:44:59","modified_gmt":"2025-06-17T08:44:59","slug":"scratchcards","status":"publish","type":"page","link":"https:\/\/redfoxlotto.com\/de\/scratchcards\/","title":{"rendered":"Rubbellose"},"content":{"rendered":"<p>Wenn Sie ein Lotteriefan sind, dann sind wir sicher, dass Sie auch<b> gerne unsere Online-Rubbellose spielen werden!<\/b><\/p>\n<p>Rubbellose waren schon immer eine beliebte Erg\u00e4nzung zum Kauf eines Lottoscheins. Fast alle Lotterieeinzelhandelsgesch\u00e4fte auf der Welt verkaufen sie, und das aus gutem Grund. W\u00e4hrend das Lottospielen fast immer mit einer gewissen Wartezeit auf die Ergebnisse verbunden ist, erhalten Sie bei Rubbellosen sofort ein Ergebnis.<\/p>\n<p>Und mit unseren Online-Rubbellosen m\u00fcssen Sie nicht einmal ein Lotteriegesch\u00e4ft aufsuchen, um sie zu kaufen \u2013 Sie k\u00f6nnen unsere Rubbellose einfach online spielen und viel Spa\u00df und Spannung beim Rubbeln haben.<\/p>\n<h2><strong>Online-Rubbellose sind bald auf RedFoxLotto verf\u00fcgbar<\/strong><\/h2>\n<p><img loading=\"lazy\" decoding=\"async\" class=\" wp-image-83601 alignright\" src=\"https:\/\/redfoxlotto.com\/wp-content\/uploads\/2025\/03\/scratch_card_player-300x300.jpg\" alt=\"play scratch cards\" width=\"183\" height=\"183\" srcset=\"https:\/\/redfoxlotto.com\/wp-content\/uploads\/2025\/03\/scratch_card_player-300x300.jpg 300w, https:\/\/redfoxlotto.com\/wp-content\/uploads\/2025\/03\/scratch_card_player-150x150.jpg 150w, https:\/\/redfoxlotto.com\/wp-content\/uploads\/2025\/03\/scratch_card_player-100x100.jpg 100w, https:\/\/redfoxlotto.com\/wp-content\/uploads\/2025\/03\/scratch_card_player.jpg 307w\" sizes=\"auto, (max-width: 183px) 100vw, 183px\" \/><\/p>\n<ul>\n<li>Die Rubbellos-Spiele werden Anfang April 2025 eingef\u00fchrt.<\/li>\n<li>Verpassen Sie den Start nicht!<\/li>\n<li>Stellen Sie sicher, dass Sie unsere Werbe-E-Mails erhalten \u2013 \u00fcberpr\u00fcfen Sie Ihren Spam-Ordner und markieren Sie RedFoxLotto als vertrauensw\u00fcrdigen E-Mail-Absender.<\/li>\n<\/ul>\n<p>Die Zahlung ist auch sehr bequem \u2013 vor allem, wenn Sie bereits ein Guthaben auf unserer Website haben. Das bedeutet, dass Sie, wenn Sie planen, mehrere Rubbellose zu kaufen, eine Einzahlung in Ihre Brieftasche vornehmen sollten, bevor Sie mit dem Spielen von Rubbellosen beginnen.<\/p>\n<p>W\u00e4hlen Sie einfach die Karte aus, die Ihnen am besten gef\u00e4llt, und klicken Sie auf \u201eKaufen\u201c. Wir bieten mehrere tolle Layouts und Rubbellose mit unterschiedlichen Preisen und Gewinnspannen an.<\/p>\n<h2>Unsere Rubbellos-Spiele sind ganz einfach<\/h2>\n<p>Anschlie\u00dfend k\u00f6nnen Sie entweder die oberste Schicht der Karte manuell mit der Maus freirubbeln oder auf die Schaltfl\u00e4che \u201eSchnell freirubbeln\u201c klicken, um alle in der Karte verborgenen Informationen zu enth\u00fcllen.<\/p>\n<p>Ihre Gewinne h\u00e4ngen von den Betr\u00e4gen ab, die nach dem Freirubbeln der obersten Schicht Ihrer Karte sichtbar sind. Wenn Sie drei \u00fcbereinstimmende Betr\u00e4ge auf Ihrer Rubbelkarte haben, dann ist dieser Betrag Ihr Gewinn.<\/p>\n<h2>Was passiert nach einem Rubbellosgewinn?<\/h2>\n<p>Alle Gewinne werden sofort Ihrem Konto gutgeschrieben. Wenn Sie mit einer Karte gewinnen, haben Sie zwei M\u00f6glichkeiten:<\/p>\n<ol>\n<li>Sie k\u00f6nnen auf der Rubbellosseite bleiben und Ihre Gewinne f\u00fcr den Kauf weiterer Online-Rubbellose verwenden<\/li>\n<li>Schlie\u00dfen Sie die Rubbellos-Seite, und Ihr Gewinn wird auf Ihr RedFoxLotto-Spielerkonto \u00fcbertragen.<\/li>\n<\/ol>\n<p>Nachdem Sie Rubbellosgewinne Ihrem Spielerkonto hinzugef\u00fcgt haben, k\u00f6nnen Sie diese nach Belieben verwenden \u2013 kaufen Sie regul\u00e4re Lottoscheine, spielen Sie Keno, kaufen Sie sp\u00e4ter weitere Online-Rubbellose oder heben Sie Ihre Gewinne ab.<\/p>\n<p>Viele unserer Kunden haben sich Online-Rubbellose gew\u00fcnscht, und wir sind sicher, dass auch Sie diese Erfahrung genie\u00dfen werden!<\/p>\n","protected":false},"excerpt":{"rendered":"<p>Wenn Sie ein Lotteriefan sind, dann sind wir sicher, dass Sie auch gerne unsere Online-Rubbellose spielen werden! Rubbellose waren schon immer eine beliebte Erg\u00e4nzung zum Kauf eines Lottoscheins. Fast alle Lotterieeinzelhandelsgesch\u00e4fte auf der Welt verkaufen sie, und das aus gutem Grund. W\u00e4hrend das Lottospielen fast immer mit einer gewissen Wartezeit auf die Ergebnisse verbunden ist, [&hellip;]<\/p>\n","protected":false},"author":8,"featured_media":0,"parent":0,"menu_order":7,"comment_status":"closed","ping_status":"closed","template":"","meta":{"_et_pb_use_builder":"","_et_pb_old_content":"","_et_gb_content_width":"","exclude_from_search":false,"footnotes":""},"class_list":["post-84484","page","type-page","status-publish","hentry"],"yoast_head":"<!-- This site is optimized with the Yoast SEO plugin v23.8 - https:\/\/yoast.com\/wordpress\/plugins\/seo\/ -->\n<title>Online-Rubbellose spielen | Beste Rubbellose mit Sofortgewinn<\/title>\n<meta name=\"description\" content=\"Spielen Sie hier die besten Online-Rubbellose \u2013 attraktive Rubbelspiele und tolle Preise, die Sie sofort gewinnen k\u00f6nnen\" \/>\n<meta name=\"robots\" content=\"index, follow, max-snippet:-1, max-image-preview:large, max-video-preview:-1\" \/>\n<link rel=\"canonical\" href=\"https:\/\/redfoxlotto.com\/de\/scratchcards\/\" \/>\n<meta property=\"og:locale\" content=\"de_DE\" \/>\n<meta property=\"og:type\" content=\"article\" \/>\n<meta property=\"og:title\" content=\"Online-Rubbellose spielen | Beste Rubbellose mit Sofortgewinn\" \/>\n<meta property=\"og:description\" content=\"Spielen Sie hier die besten Online-Rubbellose \u2013 attraktive Rubbelspiele und tolle Preise, die Sie sofort gewinnen k\u00f6nnen\" \/>\n<meta property=\"og:url\" content=\"https:\/\/redfoxlotto.com\/de\/scratchcards\/\" \/>\n<meta property=\"og:site_name\" content=\"Get Tickets for the World\u2019s largest jackpots\" \/>\n<meta property=\"article:modified_time\" content=\"2025-06-17T08:44:59+00:00\" \/>\n<meta property=\"og:image\" content=\"https:\/\/redfoxlotto.com\/wp-content\/uploads\/2025\/03\/scratch_card_player-300x300.jpg\" \/>\n<meta name=\"twitter:card\" content=\"summary_large_image\" \/>\n<meta name=\"twitter:label1\" content=\"Gesch\u00e4tzte Lesezeit\" \/>\n\t<meta name=\"twitter:data1\" content=\"2\u00a0Minuten\" \/>\n<script type=\"application\/ld+json\" class=\"yoast-schema-graph\">{\"@context\":\"https:\/\/schema.org\",\"@graph\":[{\"@type\":\"WebPage\",\"@id\":\"https:\/\/redfoxlotto.com\/de\/scratchcards\/\",\"url\":\"https:\/\/redfoxlotto.com\/de\/scratchcards\/\",\"name\":\"Online-Rubbellose spielen | Beste Rubbellose mit Sofortgewinn\",\"isPartOf\":{\"@id\":\"https:\/\/redfoxlotto.com\/de\/#website\"},\"primaryImageOfPage\":{\"@id\":\"https:\/\/redfoxlotto.com\/de\/scratchcards\/#primaryimage\"},\"image\":{\"@id\":\"https:\/\/redfoxlotto.com\/de\/scratchcards\/#primaryimage\"},\"thumbnailUrl\":\"https:\/\/redfoxlotto.com\/wp-content\/uploads\/2025\/03\/scratch_card_player-300x300.jpg\",\"datePublished\":\"2025-03-17T09:46:32+00:00\",\"dateModified\":\"2025-06-17T08:44:59+00:00\",\"description\":\"Spielen Sie hier die besten Online-Rubbellose \u2013 attraktive Rubbelspiele und tolle Preise, die Sie sofort gewinnen k\u00f6nnen\",\"breadcrumb\":{\"@id\":\"https:\/\/redfoxlotto.com\/de\/scratchcards\/#breadcrumb\"},\"inLanguage\":\"de\",\"potentialAction\":[{\"@type\":\"ReadAction\",\"target\":[\"https:\/\/redfoxlotto.com\/de\/scratchcards\/\"]}]},{\"@type\":\"ImageObject\",\"inLanguage\":\"de\",\"@id\":\"https:\/\/redfoxlotto.com\/de\/scratchcards\/#primaryimage\",\"url\":\"https:\/\/redfoxlotto.com\/wp-content\/uploads\/2025\/03\/scratch_card_player-300x300.jpg\",\"contentUrl\":\"https:\/\/redfoxlotto.com\/wp-content\/uploads\/2025\/03\/scratch_card_player-300x300.jpg\"},{\"@type\":\"BreadcrumbList\",\"@id\":\"https:\/\/redfoxlotto.com\/de\/scratchcards\/#breadcrumb\",\"itemListElement\":[{\"@type\":\"ListItem\",\"position\":1,\"name\":\"Home\",\"item\":\"https:\/\/redfoxlotto.com\/de\/\"},{\"@type\":\"ListItem\",\"position\":2,\"name\":\"Rubbellose\"}]},{\"@type\":\"WebSite\",\"@id\":\"https:\/\/redfoxlotto.com\/de\/#website\",\"url\":\"https:\/\/redfoxlotto.com\/de\/\",\"name\":\"Get Tickets for the World\u2019s largest jackpots\",\"description\":\"Participate in worldwide lottery jackpots from any country\",\"publisher\":{\"@id\":\"https:\/\/redfoxlotto.com\/de\/#organization\"},\"potentialAction\":[{\"@type\":\"SearchAction\",\"target\":{\"@type\":\"EntryPoint\",\"urlTemplate\":\"https:\/\/redfoxlotto.com\/de\/?s={search_term_string}\"},\"query-input\":{\"@type\":\"PropertyValueSpecification\",\"valueRequired\":true,\"valueName\":\"search_term_string\"}}],\"inLanguage\":\"de\"},{\"@type\":\"Organization\",\"@id\":\"https:\/\/redfoxlotto.com\/de\/#organization\",\"name\":\"Get Tickets for the World\u2019s largest jackpots\",\"url\":\"https:\/\/redfoxlotto.com\/de\/\",\"logo\":{\"@type\":\"ImageObject\",\"inLanguage\":\"de\",\"@id\":\"https:\/\/redfoxlotto.com\/de\/#\/schema\/logo\/image\/\",\"url\":\"https:\/\/redfoxlotto.com\/wp-content\/uploads\/2023\/04\/logo.png\",\"contentUrl\":\"https:\/\/redfoxlotto.com\/wp-content\/uploads\/2023\/04\/logo.png\",\"width\":269,\"height\":53,\"caption\":\"Get Tickets for the World\u2019s largest jackpots\"},\"image\":{\"@id\":\"https:\/\/redfoxlotto.com\/de\/#\/schema\/logo\/image\/\"}}]}<\/script>\n<!-- \/ Yoast SEO plugin. -->","yoast_head_json":{"title":"Online-Rubbellose spielen | Beste Rubbellose mit Sofortgewinn","description":"Spielen Sie hier die besten Online-Rubbellose \u2013 attraktive Rubbelspiele und tolle Preise, die Sie sofort gewinnen k\u00f6nnen","robots":{"index":"index","follow":"follow","max-snippet":"max-snippet:-1","max-image-preview":"max-image-preview:large","max-video-preview":"max-video-preview:-1"},"canonical":"https:\/\/redfoxlotto.com\/de\/scratchcards\/","og_locale":"de_DE","og_type":"article","og_title":"Online-Rubbellose spielen | Beste Rubbellose mit Sofortgewinn","og_description":"Spielen Sie hier die besten Online-Rubbellose \u2013 attraktive Rubbelspiele und tolle Preise, die Sie sofort gewinnen k\u00f6nnen","og_url":"https:\/\/redfoxlotto.com\/de\/scratchcards\/","og_site_name":"Get Tickets for the World\u2019s largest jackpots","article_modified_time":"2025-06-17T08:44:59+00:00","og_image":[{"url":"https:\/\/redfoxlotto.com\/wp-content\/uploads\/2025\/03\/scratch_card_player-300x300.jpg"}],"twitter_card":"summary_large_image","twitter_misc":{"Gesch\u00e4tzte Lesezeit":"2\u00a0Minuten"},"schema":{"@context":"https:\/\/schema.org","@graph":[{"@type":"WebPage","@id":"https:\/\/redfoxlotto.com\/de\/scratchcards\/","url":"https:\/\/redfoxlotto.com\/de\/scratchcards\/","name":"Online-Rubbellose spielen | Beste Rubbellose mit Sofortgewinn","isPartOf":{"@id":"https:\/\/redfoxlotto.com\/de\/#website"},"primaryImageOfPage":{"@id":"https:\/\/redfoxlotto.com\/de\/scratchcards\/#primaryimage"},"image":{"@id":"https:\/\/redfoxlotto.com\/de\/scratchcards\/#primaryimage"},"thumbnailUrl":"https:\/\/redfoxlotto.com\/wp-content\/uploads\/2025\/03\/scratch_card_player-300x300.jpg","datePublished":"2025-03-17T09:46:32+00:00","dateModified":"2025-06-17T08:44:59+00:00","description":"Spielen Sie hier die besten Online-Rubbellose \u2013 attraktive Rubbelspiele und tolle Preise, die Sie sofort gewinnen k\u00f6nnen","breadcrumb":{"@id":"https:\/\/redfoxlotto.com\/de\/scratchcards\/#breadcrumb"},"inLanguage":"de","potentialAction":[{"@type":"ReadAction","target":["https:\/\/redfoxlotto.com\/de\/scratchcards\/"]}]},{"@type":"ImageObject","inLanguage":"de","@id":"https:\/\/redfoxlotto.com\/de\/scratchcards\/#primaryimage","url":"https:\/\/redfoxlotto.com\/wp-content\/uploads\/2025\/03\/scratch_card_player-300x300.jpg","contentUrl":"https:\/\/redfoxlotto.com\/wp-content\/uploads\/2025\/03\/scratch_card_player-300x300.jpg"},{"@type":"BreadcrumbList","@id":"https:\/\/redfoxlotto.com\/de\/scratchcards\/#breadcrumb","itemListElement":[{"@type":"ListItem","position":1,"name":"Home","item":"https:\/\/redfoxlotto.com\/de\/"},{"@type":"ListItem","position":2,"name":"Rubbellose"}]},{"@type":"WebSite","@id":"https:\/\/redfoxlotto.com\/de\/#website","url":"https:\/\/redfoxlotto.com\/de\/","name":"Get Tickets for the World\u2019s largest jackpots","description":"Participate in worldwide lottery jackpots from any country","publisher":{"@id":"https:\/\/redfoxlotto.com\/de\/#organization"},"potentialAction":[{"@type":"SearchAction","target":{"@type":"EntryPoint","urlTemplate":"https:\/\/redfoxlotto.com\/de\/?s={search_term_string}"},"query-input":{"@type":"PropertyValueSpecification","valueRequired":true,"valueName":"search_term_string"}}],"inLanguage":"de"},{"@type":"Organization","@id":"https:\/\/redfoxlotto.com\/de\/#organization","name":"Get Tickets for the World\u2019s largest jackpots","url":"https:\/\/redfoxlotto.com\/de\/","logo":{"@type":"ImageObject","inLanguage":"de","@id":"https:\/\/redfoxlotto.com\/de\/#\/schema\/logo\/image\/","url":"https:\/\/redfoxlotto.com\/wp-content\/uploads\/2023\/04\/logo.png","contentUrl":"https:\/\/redfoxlotto.com\/wp-content\/uploads\/2023\/04\/logo.png","width":269,"height":53,"caption":"Get Tickets for the World\u2019s largest jackpots"},"image":{"@id":"https:\/\/redfoxlotto.com\/de\/#\/schema\/logo\/image\/"}}]}},"_links":{"self":[{"href":"https:\/\/redfoxlotto.com\/de\/wp-json\/wp\/v2\/pages\/84484","targetHints":{"allow":["GET"]}}],"collection":[{"href":"https:\/\/redfoxlotto.com\/de\/wp-json\/wp\/v2\/pages"}],"about":[{"href":"https:\/\/redfoxlotto.com\/de\/wp-json\/wp\/v2\/types\/page"}],"author":[{"embeddable":true,"href":"https:\/\/redfoxlotto.com\/de\/wp-json\/wp\/v2\/users\/8"}],"replies":[{"embeddable":true,"href":"https:\/\/redfoxlotto.com\/de\/wp-json\/wp\/v2\/comments?post=84484"}],"version-history":[{"count":0,"href":"https:\/\/redfoxlotto.com\/de\/wp-json\/wp\/v2\/pages\/84484\/revisions"}],"wp:attachment":[{"href":"https:\/\/redfoxlotto.com\/de\/wp-json\/wp\/v2\/media?parent=84484"}],"curies":[{"name":"wp","href":"https:\/\/api.w.org\/{rel}","templated":true}]}}