{"id":84395,"date":"2025-02-12T11:12:52","date_gmt":"2025-02-12T11:12:52","guid":{"rendered":"https:\/\/redfoxlotto.com\/?page_id=84395"},"modified":"2025-10-09T14:07:18","modified_gmt":"2025-10-09T14:07:18","slug":"keno","status":"publish","type":"page","link":"https:\/\/redfoxlotto.com\/de\/keno\/","title":{"rendered":"Keno"},"content":{"rendered":"<h2>Sie wissen nicht, wie man Keno online spielt?<\/h2>\n<p>Sie wissen also, wie eine Lotterie funktioniert, haben aber noch nie Keno gespielt? Ich erkl\u00e4re Ihnen, wie man Keno online spielt. Es ist nicht so schwer zu verstehen, und unsere Plattform macht es einfach, ein Keno-Los zu erstellen.<\/p>\n<div class=\"keno-banner-wrapper\"><img decoding=\"async\" class=\"keno-banner-image\" src=\"https:\/\/redfoxlotto.com\/wp-content\/uploads\/2025\/10\/3-scaled.png\" alt=\"Keno Banner\" \/><br \/>\n<div class=\"keno-banner-overlay\"><div class=\"keno-banner-text\">Hauptpreis \u20ac10,000,000<br>Ziehungen alle 30 Minuten<\/div><a href=\"https:\/\/keno.redfoxlotto.com\/play\/diamond-keno\" class=\"keno-banner-button\">Spielen Sie jetzt Diamond Keno<\/a><\/div><\/div>\n<div class=\"keno-banner-wrapper\"><img decoding=\"async\" class=\"keno-banner-image\" src=\"https:\/\/redfoxlotto.com\/wp-content\/uploads\/2025\/10\/1-scaled.png\" alt=\"Keno Banner\" \/><br \/>\n<div class=\"keno-banner-overlay\"><div class=\"keno-banner-text\">Hauptpreis \u20ac5,000,000<br>Ziehungen alle 8 Minuten<\/div><a href=\"https:\/\/keno.redfoxlotto.com\/play\/platinum-keno\" class=\"keno-banner-button\">Spielen Sie jetzt Platinum Keno<\/a><\/div><\/div>\n<div class=\"keno-banner-wrapper\"><img decoding=\"async\" class=\"keno-banner-image\" src=\"https:\/\/redfoxlotto.com\/wp-content\/uploads\/2025\/10\/2-scaled.png\" alt=\"Keno Banner\" \/><br \/>\n<div class=\"keno-banner-overlay\"><div class=\"keno-banner-text\">Hauptpreis \u20ac2,000,000<br>Ziehungen alle 6 Minuten<\/div><a href=\"https:\/\/keno.redfoxlotto.com\/play\/gold-keno\" class=\"keno-banner-button\">Jetzt Gold Keno spielen<\/a><\/div><\/div>\n<p><img loading=\"lazy\" decoding=\"async\" class=\"alignright size-medium wp-image-83635\" src=\"https:\/\/redfoxlotto.com\/wp-content\/uploads\/2025\/03\/keno_card-300x300.jpg\" alt=\"play keno online\" width=\"300\" height=\"300\" srcset=\"https:\/\/redfoxlotto.com\/wp-content\/uploads\/2025\/03\/keno_card-300x300.jpg 300w, https:\/\/redfoxlotto.com\/wp-content\/uploads\/2025\/03\/keno_card-150x150.jpg 150w, https:\/\/redfoxlotto.com\/wp-content\/uploads\/2025\/03\/keno_card-100x100.jpg 100w, https:\/\/redfoxlotto.com\/wp-content\/uploads\/2025\/03\/keno_card.jpg 307w\" sizes=\"auto, (max-width: 300px) 100vw, 300px\" \/><\/p>\n<h2>Unterschiede zwischen einer regul\u00e4ren Lotterie und Keno<\/h2>\n<p>Wenn Sie Keno spielen, haben Sie mehr Kontrolle dar\u00fcber, wie viel Sie f\u00fcr ein Los ausgeben m\u00f6chten, und Sie entscheiden auch, wie viele Zahlen Sie ausw\u00e4hlen.<\/p>\n<ul>\n<li><b>Der Multiplikator<\/b> \u2013 jedes Keno-Los hat einen Grundpreis (den Mindestbetrag, den Sie f\u00fcr ein Los zahlen m\u00fcssen), aber es gibt auch eine Multiplikatorfunktion. Nehmen wir an, der Grundpreis betr\u00e4gt 1,00 \u20ac. Wenn Sie einen Multiplikator von 5 w\u00e4hlen, kostet Ihr Los jetzt 5,00 \u20ac. Gleichzeitig erh\u00f6ht sich aber auch der Betrag, den Sie gewinnen k\u00f6nnen, um mindestens den Faktor 5. Um den H\u00f6chstpreis in jeder Auszahlungsstufe zu gewinnen, m\u00fcssen Sie den maximalen Multiplikator ausw\u00e4hlen. Der Multiplikator kann zwischen 1 und 5 oder zwischen 1 und 10 liegen. Um die tats\u00e4chliche Auszahlung zu sehen, klicken Sie oben auf die Registerkarte \u201eInfo\u201c, um eine Auszahlungstabelle anzuzeigen.<\/li>\n<li>Klicken Sie auf den Multiplikator, den Sie ausw\u00e4hlen m\u00f6chten, und die Auszahlungen f\u00fcr diesen Multiplikator werden angezeigt.<\/li>\n<li><b>Mehr oder weniger Zahlen spielen<\/b> \u2013 Sie k\u00f6nnen entscheiden, ob Sie mehr oder weniger Zahlen f\u00fcr Ihren Schein ausw\u00e4hlen m\u00f6chten. Auch hier gilt: Wenn Sie den Hauptpreis gewinnen m\u00f6chten, m\u00fcssen Sie immer das Maximum ausw\u00e4hlen, n\u00e4mlich 10 Zahlen. Wenn Sie sich jedoch daf\u00fcr entscheiden, nur 8 Zahlen zu spielen, gewinnen Sie mehr Geld, wenn alle oder einige davon mit den gezogenen Zahlen \u00fcbereinstimmen. Auch hier zeigt Ihnen die Tabelle auf der \u201eInfo\u201c-Seite die Auszahlungen an.<\/li>\n<li><b>Mehr Zahlen werden aus dem Zahlenbereich gezogen<\/b> \u2013 w\u00e4hrend bei einer normalen Lotterie 5 oder 6 Zahlen aus einem Zahlenpool von 49 oder 60 gezogen werden, ist dies beim Keno-Spiel anders. Zun\u00e4chst werden bei den meisten Keno-Spielen 20 Zahlen gezogen, aber der Pool m\u00f6glicher Zahlen ist auch gr\u00f6\u00dfer (normalerweise zwischen 70 und 90 Zahlen). Bei 20 Gewinnzahlen m\u00fcssen Sie jedoch nur 10 davon richtig haben, um einen hohen Preis zu gewinnen. Das bedeutet, dass die Gesamtchancen beim Online-Keno im Vergleich zu den meisten regul\u00e4ren Lotterien besser sind.<\/li>\n<\/ul>\n<h2>Wie spiele ich also Online-Keno?<\/h2>\n<p><strong>Um Online-Keno zu spielen, m\u00fcssen Sie nur die folgenden Schritte befolgen:<\/strong><\/p>\n<ul>\n<li>Klicken Sie auf eines der Keno-Banner auf dieser Seite<\/li>\n<li>W\u00e4hlen Sie aus, wie viele Zahlen Sie spielen m\u00f6chten<\/li>\n<li>W\u00e4hlen Sie den Multiplikator und \u00fcberpr\u00fcfen Sie den Preis f\u00fcr das Los (passen Sie den Multiplikator bei Bedarf an)<\/li>\n<li>W\u00e4hlen Sie Ihre Zahlen (oder verwenden Sie die Schnellauswahlfunktion, um Zufallszahlen zu generieren<\/li>\n<li>F\u00fcgen Sie weitere Lose f\u00fcr dieselbe Keno-Ziehung hinzu, wenn Sie m\u00f6chten<\/li>\n<li>Entscheiden Sie, ob Sie mit Ihrem Los oder Ihren Losen an einer oder mehreren Ziehungen teilnehmen m\u00f6chten<\/li>\n<li>Bezahlen Sie Ihre Lose (Sie m\u00fcssen ein neues Konto auf unserer Website erstellen, wenn Sie noch keines haben, oder sich bei Ihrem bestehenden Konto anmelden)<\/li>\n<\/ul>\n<h2>Nur wenige Minuten vor der n\u00e4chsten Ziehung<\/h2>\n<p>Die meisten Keno-Lotterien ziehen alle paar Minuten, sodass Sie nicht lange warten m\u00fcssen, um zu erfahren, ob Sie gewonnen haben. Jedes Mal, wenn eine Keno-Lotterieziehung ansteht, w\u00e4hrend Sie sich auf unserer Website befinden, erscheint ein Popup-Fenster und kurz darauf sehen Sie ein Ziehungsanimationsvideo. Sobald das Popup angezeigt wird, sollten Sie noch in der Lage sein, ein Los f\u00fcr die kommende Ziehung zu kaufen. Aber selbst wenn Sie die n\u00e4chste Ziehung verpassen, k\u00f6nnen Sie jederzeit ein Los f\u00fcr die n\u00e4chste Ziehung erstellen, die nur wenige Minuten entfernt ist!<\/p>\n<p>Die Keno-Ziehungen sind virtuelle Ziehungen, bei denen die Zahlen von einem zertifizierten Zufallszahlengenerator generiert werden. So k\u00f6nnen Sie sicher sein, dass das Spiel immer fair ist, wenn Sie Keno online auf unserer Website spielen.<\/p>\n<p>\u00dcbrigens handelt es sich hierbei nicht um eine \u00f6ffentliche Lotterie, bei der Sie Lose irgendwo an einer Lottoannahmestelle kaufen k\u00f6nnen. Deshalb erhalten Sie bei Keno-Spielen auch keinen gescannten Spielschein, sondern lediglich eine Best\u00e4tigung in Ihrem Spielerkonto.<\/p>\n","protected":false},"excerpt":{"rendered":"<p>Sie wissen nicht, wie man Keno online spielt? Sie wissen also, wie eine Lotterie funktioniert, haben aber noch nie Keno gespielt? Ich erkl\u00e4re Ihnen, wie man Keno online spielt. Es ist nicht so schwer zu verstehen, und unsere Plattform macht es einfach, ein Keno-Los zu erstellen. Unterschiede zwischen einer regul\u00e4ren Lotterie und Keno Wenn Sie [&hellip;]<\/p>\n","protected":false},"author":8,"featured_media":0,"parent":0,"menu_order":5,"comment_status":"closed","ping_status":"closed","template":"","meta":{"_et_pb_use_builder":"","_et_pb_old_content":"","_et_gb_content_width":"","exclude_from_search":false,"footnotes":""},"class_list":["post-84395","page","type-page","status-publish","hentry"],"yoast_head":"<!-- This site is optimized with the Yoast SEO plugin v27.4 - https:\/\/yoast.com\/product\/yoast-seo-wordpress\/ -->\n<title>Wie man Keno online spielt | Regeln und Strategie f\u00fcr Keno online<\/title>\n<meta name=\"description\" content=\"M\u00f6chten Sie bei Keno gro\u00df gewinnen? Wie man Keno online spielt, um Top-Preise von bis zu 10 Millionen Euro zu gewinnen, mit Ziehungen, die nie mehr als ein paar Minuten entfernt sind\" \/>\n<meta name=\"robots\" content=\"index, follow, max-snippet:-1, max-image-preview:large, max-video-preview:-1\" \/>\n<link rel=\"canonical\" href=\"https:\/\/redfoxlotto.com\/de\/keno\/\" \/>\n<meta property=\"og:locale\" content=\"de_DE\" \/>\n<meta property=\"og:type\" content=\"article\" \/>\n<meta property=\"og:title\" content=\"Wie man Keno online spielt | Regeln und Strategie f\u00fcr Keno online\" \/>\n<meta property=\"og:description\" content=\"M\u00f6chten Sie bei Keno gro\u00df gewinnen? Wie man Keno online spielt, um Top-Preise von bis zu 10 Millionen Euro zu gewinnen, mit Ziehungen, die nie mehr als ein paar Minuten entfernt sind\" \/>\n<meta property=\"og:url\" content=\"https:\/\/redfoxlotto.com\/de\/keno\/\" \/>\n<meta property=\"og:site_name\" content=\"Get Tickets for the World\u2019s largest jackpots\" \/>\n<meta property=\"article:modified_time\" content=\"2025-10-09T14:07:18+00:00\" \/>\n<meta property=\"og:image\" content=\"https:\/\/redfoxlotto.com\/wp-content\/uploads\/2025\/10\/3-scaled.png\" \/>\n<meta name=\"twitter:card\" content=\"summary_large_image\" \/>\n<meta name=\"twitter:label1\" content=\"Gesch\u00e4tzte Lesezeit\" \/>\n\t<meta name=\"twitter:data1\" content=\"4\u00a0Minuten\" \/>\n<script type=\"application\/ld+json\" class=\"yoast-schema-graph\">{\"@context\":\"https:\\\/\\\/schema.org\",\"@graph\":[{\"@type\":\"WebPage\",\"@id\":\"https:\\\/\\\/redfoxlotto.com\\\/de\\\/keno\\\/\",\"url\":\"https:\\\/\\\/redfoxlotto.com\\\/de\\\/keno\\\/\",\"name\":\"Wie man Keno online spielt | Regeln und Strategie f\u00fcr Keno online\",\"isPartOf\":{\"@id\":\"https:\\\/\\\/redfoxlotto.com\\\/de\\\/#website\"},\"primaryImageOfPage\":{\"@id\":\"https:\\\/\\\/redfoxlotto.com\\\/de\\\/keno\\\/#primaryimage\"},\"image\":{\"@id\":\"https:\\\/\\\/redfoxlotto.com\\\/de\\\/keno\\\/#primaryimage\"},\"thumbnailUrl\":\"https:\\\/\\\/redfoxlotto.com\\\/wp-content\\\/uploads\\\/2025\\\/10\\\/3-scaled.png\",\"datePublished\":\"2025-02-12T11:12:52+00:00\",\"dateModified\":\"2025-10-09T14:07:18+00:00\",\"description\":\"M\u00f6chten Sie bei Keno gro\u00df gewinnen? Wie man Keno online spielt, um Top-Preise von bis zu 10 Millionen Euro zu gewinnen, mit Ziehungen, die nie mehr als ein paar Minuten entfernt sind\",\"breadcrumb\":{\"@id\":\"https:\\\/\\\/redfoxlotto.com\\\/de\\\/keno\\\/#breadcrumb\"},\"inLanguage\":\"de\",\"potentialAction\":[{\"@type\":\"ReadAction\",\"target\":[\"https:\\\/\\\/redfoxlotto.com\\\/de\\\/keno\\\/\"]}]},{\"@type\":\"ImageObject\",\"inLanguage\":\"de\",\"@id\":\"https:\\\/\\\/redfoxlotto.com\\\/de\\\/keno\\\/#primaryimage\",\"url\":\"https:\\\/\\\/redfoxlotto.com\\\/wp-content\\\/uploads\\\/2025\\\/10\\\/3-scaled.png\",\"contentUrl\":\"https:\\\/\\\/redfoxlotto.com\\\/wp-content\\\/uploads\\\/2025\\\/10\\\/3-scaled.png\"},{\"@type\":\"BreadcrumbList\",\"@id\":\"https:\\\/\\\/redfoxlotto.com\\\/de\\\/keno\\\/#breadcrumb\",\"itemListElement\":[{\"@type\":\"ListItem\",\"position\":1,\"name\":\"Home\",\"item\":\"https:\\\/\\\/redfoxlotto.com\\\/de\\\/\"},{\"@type\":\"ListItem\",\"position\":2,\"name\":\"Keno\"}]},{\"@type\":\"WebSite\",\"@id\":\"https:\\\/\\\/redfoxlotto.com\\\/de\\\/#website\",\"url\":\"https:\\\/\\\/redfoxlotto.com\\\/de\\\/\",\"name\":\"Get Tickets for the World\u2019s largest jackpots\",\"description\":\"Participate in worldwide lottery jackpots from any country\",\"publisher\":{\"@id\":\"https:\\\/\\\/redfoxlotto.com\\\/de\\\/#organization\"},\"potentialAction\":[{\"@type\":\"SearchAction\",\"target\":{\"@type\":\"EntryPoint\",\"urlTemplate\":\"https:\\\/\\\/redfoxlotto.com\\\/de\\\/?s={search_term_string}\"},\"query-input\":{\"@type\":\"PropertyValueSpecification\",\"valueRequired\":true,\"valueName\":\"search_term_string\"}}],\"inLanguage\":\"de\"},{\"@type\":\"Organization\",\"@id\":\"https:\\\/\\\/redfoxlotto.com\\\/de\\\/#organization\",\"name\":\"Get Tickets for the World\u2019s largest jackpots\",\"url\":\"https:\\\/\\\/redfoxlotto.com\\\/de\\\/\",\"logo\":{\"@type\":\"ImageObject\",\"inLanguage\":\"de\",\"@id\":\"https:\\\/\\\/redfoxlotto.com\\\/de\\\/#\\\/schema\\\/logo\\\/image\\\/\",\"url\":\"https:\\\/\\\/redfoxlotto.com\\\/wp-content\\\/uploads\\\/2023\\\/04\\\/logo.png\",\"contentUrl\":\"https:\\\/\\\/redfoxlotto.com\\\/wp-content\\\/uploads\\\/2023\\\/04\\\/logo.png\",\"width\":269,\"height\":53,\"caption\":\"Get Tickets for the World\u2019s largest jackpots\"},\"image\":{\"@id\":\"https:\\\/\\\/redfoxlotto.com\\\/de\\\/#\\\/schema\\\/logo\\\/image\\\/\"}}]}<\/script>\n<!-- \/ Yoast SEO plugin. -->","yoast_head_json":{"title":"Wie man Keno online spielt | Regeln und Strategie f\u00fcr Keno online","description":"M\u00f6chten Sie bei Keno gro\u00df gewinnen? Wie man Keno online spielt, um Top-Preise von bis zu 10 Millionen Euro zu gewinnen, mit Ziehungen, die nie mehr als ein paar Minuten entfernt sind","robots":{"index":"index","follow":"follow","max-snippet":"max-snippet:-1","max-image-preview":"max-image-preview:large","max-video-preview":"max-video-preview:-1"},"canonical":"https:\/\/redfoxlotto.com\/de\/keno\/","og_locale":"de_DE","og_type":"article","og_title":"Wie man Keno online spielt | Regeln und Strategie f\u00fcr Keno online","og_description":"M\u00f6chten Sie bei Keno gro\u00df gewinnen? Wie man Keno online spielt, um Top-Preise von bis zu 10 Millionen Euro zu gewinnen, mit Ziehungen, die nie mehr als ein paar Minuten entfernt sind","og_url":"https:\/\/redfoxlotto.com\/de\/keno\/","og_site_name":"Get Tickets for the World\u2019s largest jackpots","article_modified_time":"2025-10-09T14:07:18+00:00","og_image":[{"url":"https:\/\/redfoxlotto.com\/wp-content\/uploads\/2025\/10\/3-scaled.png","type":"","width":"","height":""}],"twitter_card":"summary_large_image","twitter_misc":{"Gesch\u00e4tzte Lesezeit":"4\u00a0Minuten"},"schema":{"@context":"https:\/\/schema.org","@graph":[{"@type":"WebPage","@id":"https:\/\/redfoxlotto.com\/de\/keno\/","url":"https:\/\/redfoxlotto.com\/de\/keno\/","name":"Wie man Keno online spielt | Regeln und Strategie f\u00fcr Keno online","isPartOf":{"@id":"https:\/\/redfoxlotto.com\/de\/#website"},"primaryImageOfPage":{"@id":"https:\/\/redfoxlotto.com\/de\/keno\/#primaryimage"},"image":{"@id":"https:\/\/redfoxlotto.com\/de\/keno\/#primaryimage"},"thumbnailUrl":"https:\/\/redfoxlotto.com\/wp-content\/uploads\/2025\/10\/3-scaled.png","datePublished":"2025-02-12T11:12:52+00:00","dateModified":"2025-10-09T14:07:18+00:00","description":"M\u00f6chten Sie bei Keno gro\u00df gewinnen? Wie man Keno online spielt, um Top-Preise von bis zu 10 Millionen Euro zu gewinnen, mit Ziehungen, die nie mehr als ein paar Minuten entfernt sind","breadcrumb":{"@id":"https:\/\/redfoxlotto.com\/de\/keno\/#breadcrumb"},"inLanguage":"de","potentialAction":[{"@type":"ReadAction","target":["https:\/\/redfoxlotto.com\/de\/keno\/"]}]},{"@type":"ImageObject","inLanguage":"de","@id":"https:\/\/redfoxlotto.com\/de\/keno\/#primaryimage","url":"https:\/\/redfoxlotto.com\/wp-content\/uploads\/2025\/10\/3-scaled.png","contentUrl":"https:\/\/redfoxlotto.com\/wp-content\/uploads\/2025\/10\/3-scaled.png"},{"@type":"BreadcrumbList","@id":"https:\/\/redfoxlotto.com\/de\/keno\/#breadcrumb","itemListElement":[{"@type":"ListItem","position":1,"name":"Home","item":"https:\/\/redfoxlotto.com\/de\/"},{"@type":"ListItem","position":2,"name":"Keno"}]},{"@type":"WebSite","@id":"https:\/\/redfoxlotto.com\/de\/#website","url":"https:\/\/redfoxlotto.com\/de\/","name":"Get Tickets for the World\u2019s largest jackpots","description":"Participate in worldwide lottery jackpots from any country","publisher":{"@id":"https:\/\/redfoxlotto.com\/de\/#organization"},"potentialAction":[{"@type":"SearchAction","target":{"@type":"EntryPoint","urlTemplate":"https:\/\/redfoxlotto.com\/de\/?s={search_term_string}"},"query-input":{"@type":"PropertyValueSpecification","valueRequired":true,"valueName":"search_term_string"}}],"inLanguage":"de"},{"@type":"Organization","@id":"https:\/\/redfoxlotto.com\/de\/#organization","name":"Get Tickets for the World\u2019s largest jackpots","url":"https:\/\/redfoxlotto.com\/de\/","logo":{"@type":"ImageObject","inLanguage":"de","@id":"https:\/\/redfoxlotto.com\/de\/#\/schema\/logo\/image\/","url":"https:\/\/redfoxlotto.com\/wp-content\/uploads\/2023\/04\/logo.png","contentUrl":"https:\/\/redfoxlotto.com\/wp-content\/uploads\/2023\/04\/logo.png","width":269,"height":53,"caption":"Get Tickets for the World\u2019s largest jackpots"},"image":{"@id":"https:\/\/redfoxlotto.com\/de\/#\/schema\/logo\/image\/"}}]}},"_links":{"self":[{"href":"https:\/\/redfoxlotto.com\/de\/wp-json\/wp\/v2\/pages\/84395","targetHints":{"allow":["GET"]}}],"collection":[{"href":"https:\/\/redfoxlotto.com\/de\/wp-json\/wp\/v2\/pages"}],"about":[{"href":"https:\/\/redfoxlotto.com\/de\/wp-json\/wp\/v2\/types\/page"}],"author":[{"embeddable":true,"href":"https:\/\/redfoxlotto.com\/de\/wp-json\/wp\/v2\/users\/8"}],"replies":[{"embeddable":true,"href":"https:\/\/redfoxlotto.com\/de\/wp-json\/wp\/v2\/comments?post=84395"}],"version-history":[{"count":0,"href":"https:\/\/redfoxlotto.com\/de\/wp-json\/wp\/v2\/pages\/84395\/revisions"}],"wp:attachment":[{"href":"https:\/\/redfoxlotto.com\/de\/wp-json\/wp\/v2\/media?parent=84395"}],"curies":[{"name":"wp","href":"https:\/\/api.w.org\/{rel}","templated":true}]}}