{"id":49880,"date":"2023-04-13T18:01:41","date_gmt":"2023-04-13T18:01:41","guid":{"rendered":"https:\/\/redfoxlotto.eu\/?page_id=49880"},"modified":"2026-01-06T08:40:22","modified_gmt":"2026-01-06T08:40:22","slug":"lose-fuer-die-groessten-lotterien-der-welt-online-kaufen","status":"publish","type":"page","link":"https:\/\/redfoxlotto.com\/de\/","title":{"rendered":"Lose f\u00fcr die gr\u00f6\u00dften Lotterien der Welt online kaufen"},"content":{"rendered":"<p><script type=\"application\/ld+json\">\n{\n  \"@context\": \"https:\/\/schema.org\",\n  \"@type\": \"Service\",\n  \"name\": \"Powerball online spielen\",\n  \"url\": \"https:\/\/redfoxlotto.com\/de\/\",\n  \"description\": \"Die gr\u00f6\u00dften Lottojackpots der Welt \u2013 \u00fcberall verf\u00fcgbar. Kaufen Sie jetzt Ihre Lottoscheine online!\",\n  \"serviceType\": \"Online-Lottoschein-Vermittlungsservice\",\n  \"provider\": {\n    \"@type\": \"Organization\",\n    \"name\": \"RedFoxLotto\",\n    \"url\": \"https:\/\/redfoxlotto.com\/de\/\",\n    \"image\": \"https:\/\/redfoxlotto.com\/wp-content\/uploads\/2025\/12\/ticket_scans.jpg\"\n  },\n  \"areaServed\": \"Weltweit\",\n  \"termsOfService\": \"https:\/\/redfoxlotto.com\/terms-and-conditions\",\n  \"additionalProperty\": {\n    \"@type\": \"PropertyValue\",\n    \"name\": \"FAQ\",\n    \"value\": \"https:\/\/redfoxlotto.com\/de\/faq\/\"\n  },\n  \"hasOfferCatalog\": {\n    \"@type\": \"OfferCatalog\",\n    \"name\": \"Lottoscheine f\u00fcr internationale Lotterien\",\n    \"itemListElement\": [\n      {\n        \"@type\": \"Offer\",\n        \"name\": \"Scheine f\u00fcr Powerball, Mega Millions, Euromillions und mehr\",\n        \"url\": \"https:\/\/redfoxlotto.com\/de\/\",\n        \"description\": \"Kaufen Sie Lottoscheine f\u00fcr die gr\u00f6\u00dften Lottojackpots der Welt.\",\n        \"availability\": \"https:\/\/schema.org\/InStock\",\n        \"itemOffered\": {\n          \"@type\": \"Service\",\n          \"name\": \"Internationale Lottoscheine\",\n          \"description\": \"Nehmen Sie \u00fcber RedFoxLotto an internationalen Lotterien teil.\"\n        }\n      }\n    ]\n  },\n  \"mainEntityOfPage\": {\n    \"@type\": \"WebPage\",\n    \"@id\": \"https:\/\/redfoxlotto.com\/de\/\"\n  }\n}\n<\/script><\/p>\n<h2>Ihr Wohnsitzland spielt keine Rolle \u2013 spielen Sie die gr\u00f6\u00dften Lotterien der Welt<\/h2>\n<p><img loading=\"lazy\" decoding=\"async\" class=\"size-full wp-image-4467 alignright\" src=\"https:\/\/redfoxlotto.com\/wp-content\/uploads\/2024\/03\/Balls_2.png\" alt=\"Online-Lottoschein\" width=\"212\" height=\"250\" \/>Wie oft haben Sie von Lottogewinnern auf der ganzen Welt geh\u00f6rt, die enorme Geldsummen gewonnen haben? Leider wurden diese riesigen Gewinne meist in anderen L\u00e4ndern erzielt. Nat\u00fcrlich gibt es auch in Ihrem eigenen Land von Zeit zu Zeit gro\u00dfe Jackpots. Doch oft dauert es ziemlich lange, bis ein Jackpot gro\u00df genug wird. Wenn Sie also auf einen gro\u00dfen Jackpot warten, m\u00fcssen Sie m\u00f6glicherweise eine Weile Geduld haben.<\/p>\n<p>Jetzt k\u00f6nnen Sie jedoch Lottoscheine online f\u00fcr die gr\u00f6\u00dften Jackpots der Welt kaufen. Das bedeutet, dass Sie an Lotterien au\u00dferhalb Ihres Landes teilnehmen k\u00f6nnen. Das ist v\u00f6llig legal und sehr bequem. Sie k\u00f6nnen Ihren Lottoschein mit nur wenigen Mausklicks online bestellen. Anschlie\u00dfend bezahlen Sie beispielsweise per Kreditkarte \u00fcber einen vollst\u00e4ndig sicheren Prozess. Alternativ k\u00f6nnen Sie eine unserer anderen Zahlungsmethoden nutzen. Kurz darauf erhalten Sie eine Best\u00e4tigungs-E-Mail. Kein Lottoschein kann verloren gehen, und wir benachrichtigen Sie automatisch \u00fcber jeden Gewinn. So k\u00f6nnen Sie keinen Gewinn verpassen, nur weil Sie vergessen haben, Ihre Zahlen mit den Ziehungsergebnissen zu vergleichen!<\/p>\n<h2>Der gr\u00f6\u00dfte Vorteil beim Online-Kauf eines Lottoscheins<\/h2>\n<p>Der gr\u00f6\u00dfte Vorteil ist, dass Sie jederzeit Tickets f\u00fcr Lotterien kaufen k\u00f6nnen, deren Jackpots aktuell auf dem h\u00f6chsten Niveau sind. Es spielt keine Rolle, wie viel Geld Sie f\u00fcr Lottoscheine ausgeben. Es ist definitiv wirtschaftlicher, in einen Jackpot von 150 Millionen zu investieren als in eine Auszahlung von zwei Millionen. Mit mehr online verf\u00fcgbaren Lotterien finden Sie jede Woche mindestens einen riesigen Jackpot. Das bietet Ihnen ein besseres Verh\u00e4ltnis von Einsatz zu m\u00f6glichem Gewinn als bei Ihrer lokalen Lotterie. Und manchmal erreichen diese Jackpots schwindelerregende H\u00f6hen.<\/p>\n<p>Der Weltrekord-Jackpot liegt bei 2.040.000.000 USD (Stand: Juli 2023). Er wurde am 22. November 2022 in der US-amerikanischen Powerball-Lotterie gewonnen. Am 13. Januar 2016 gab es einen weiteren Jackpot in H\u00f6he von 1,586 Milliarden USD, ebenfalls gewonnen bei Powerball. Der dritth\u00f6chste Jackpot aller Zeiten wurde in der Mega-Millions-Lotterie am 23. Oktober 2018 gewonnen, als ein gl\u00fccklicher Gewinner 1,537 Milliarden USD gewann.<\/p>\n<p>Viele der bisherigen gro\u00dfen Gewinne in diesen Lotterien wurden durch den Online-Kauf von Tickets erzielt.<\/p>\n<h2>Was passiert, nachdem ich meinen Lottoschein online bestellt habe?<\/h2>\n<p><img loading=\"lazy\" decoding=\"async\" class=\"size-medium wp-image-39298 alignright\" src=\"https:\/\/redfoxlotto.com\/wp-content\/uploads\/2023\/04\/1_play_online_lotto.jpg\" alt=\"Online Lotto spielen\" width=\"300\" height=\"300\" \/>Der Service von RedFoxLotto.com besteht darin, dass wir Mitarbeiter in den L\u00e4ndern der jeweiligen Lotterien haben. Diese kaufen die von Ihnen bestellten Tickets. Dabei handelt es sich um echte, offizielle Lottoscheine. Wir stellen sicher, dass die Tickets die von Ihnen ausgew\u00e4hlten Zahlen enthalten. Nach dem Kauf erhalten Sie eine Best\u00e4tigungs-E-Mail. In Ihrem Kundenbereich k\u00f6nnen Sie Ihre Bestellung einsehen und Ihre Zahlen \u00fcberpr\u00fcfen. Kurz nach Ihrer Bestellung wird ein Scan des f\u00fcr Sie gekauften Tickets in Ihrem Kundenkonto hochgeladen.<\/p>\n<h2>Und was, wenn ich gewinne?<\/h2>\n<p>Auch das machen wir Ihnen ganz einfach. Alle Gewinne unter 2.500 \u20ac werden sofort Ihrem RedFoxLotto-Kundenkonto gutgeschrieben. Von dort aus stehen Ihnen dieselben Auszahlungsoptionen zur Verf\u00fcgung, die Sie f\u00fcr den Kauf Ihrer Tickets genutzt haben. \u00dcbersteigt Ihr Gewinn 2.500 \u20ac, wird sich unser Kundenservice-Team mit Ihnen in Verbindung setzen, um die Auszahlung zu organisieren. Wir kontaktieren in Ihrem Namen die zust\u00e4ndige Lotteriekommission. Eine solche Auszahlung erfolgt in der Regel direkt auf Ihr Bankkonto oder per Scheck.<\/p>\n<p>Wir bearbeiten Ihre Gewinne kostenlos, mit Ausnahme einer geringen Geb\u00fchr f\u00fcr Bank\u00fcberweisungen an bestimmte Banken.<\/p>\n<p>Weitere Informationen finden Sie in unseren FAQ. Sollten Sie dort keine Antwort auf Ihre Fragen finden, wenden Sie sich bitte an unser Support-Team.<\/p>\n<p>Es gibt also keinen Grund mehr, sich mit kleineren Lotterie-Jackpots zufriedenzugeben! W\u00e4hlen Sie einfach einen gr\u00f6\u00dferen Jackpot auf unserer Website. W\u00e4hlen Sie anschlie\u00dfend Ihre Zahlen, und schon bald k\u00f6nnten Sie der n\u00e4chste Lotto-Multimillion\u00e4r sein! Wir w\u00fcnschen Ihnen viel Gl\u00fcck!<\/p>\n","protected":false},"excerpt":{"rendered":"<p>Ihr Wohnsitzland spielt keine Rolle \u2013 spielen Sie die gr\u00f6\u00dften Lotterien der Welt Wie oft haben Sie von Lottogewinnern auf der ganzen Welt geh\u00f6rt, die enorme Geldsummen gewonnen haben? Leider wurden diese riesigen Gewinne meist in anderen L\u00e4ndern erzielt. Nat\u00fcrlich gibt es auch in Ihrem eigenen Land von Zeit zu Zeit gro\u00dfe Jackpots. Doch oft [&hellip;]<\/p>\n","protected":false},"author":1,"featured_media":0,"parent":0,"menu_order":1,"comment_status":"closed","ping_status":"closed","template":"lotto.php","meta":{"_et_pb_use_builder":"","_et_pb_old_content":"","_et_gb_content_width":"","exclude_from_search":false,"footnotes":""},"class_list":["post-49880","page","type-page","status-publish","hentry"],"yoast_head":"<!-- This site is optimized with the Yoast SEO plugin v23.8 - https:\/\/yoast.com\/wordpress\/plugins\/seo\/ -->\n<title>Lotto online | Lose f\u00fcr die gr\u00f6\u00dften Lotterien der Welt online kaufen<\/title>\n<meta name=\"description\" content=\"Die gr\u00f6\u00dften Lotterien der Welt - jetzt Lose online kaufen, von \u00fcberall aus!\" \/>\n<meta name=\"robots\" content=\"index, follow, max-snippet:-1, max-image-preview:large, max-video-preview:-1\" \/>\n<link rel=\"canonical\" href=\"https:\/\/redfoxlotto.com\/de\/\" \/>\n<meta property=\"og:locale\" content=\"de_DE\" \/>\n<meta property=\"og:type\" content=\"article\" \/>\n<meta property=\"og:title\" content=\"Lotto online | Lose f\u00fcr die gr\u00f6\u00dften Lotterien der Welt online kaufen\" \/>\n<meta property=\"og:description\" content=\"Die gr\u00f6\u00dften Lotterien der Welt - jetzt Lose online kaufen, von \u00fcberall aus!\" \/>\n<meta property=\"og:url\" content=\"https:\/\/redfoxlotto.com\/de\/\" \/>\n<meta property=\"og:site_name\" content=\"Get Tickets for the World\u2019s largest jackpots\" \/>\n<meta property=\"article:modified_time\" content=\"2026-01-06T08:40:22+00:00\" \/>\n<meta property=\"og:image\" content=\"https:\/\/redfoxlotto.com\/wp-content\/uploads\/2024\/03\/Balls_2.png\" \/>\n<meta name=\"twitter:card\" content=\"summary_large_image\" \/>\n<meta name=\"twitter:label1\" content=\"Gesch\u00e4tzte Lesezeit\" \/>\n\t<meta name=\"twitter:data1\" content=\"4\u00a0Minuten\" \/>\n<script type=\"application\/ld+json\" class=\"yoast-schema-graph\">{\"@context\":\"https:\/\/schema.org\",\"@graph\":[{\"@type\":\"WebPage\",\"@id\":\"https:\/\/redfoxlotto.com\/de\/\",\"url\":\"https:\/\/redfoxlotto.com\/de\/\",\"name\":\"Lotto online | Lose f\u00fcr die gr\u00f6\u00dften Lotterien der Welt online kaufen\",\"isPartOf\":{\"@id\":\"https:\/\/redfoxlotto.com\/de\/#website\"},\"primaryImageOfPage\":{\"@id\":\"https:\/\/redfoxlotto.com\/de\/#primaryimage\"},\"image\":{\"@id\":\"https:\/\/redfoxlotto.com\/de\/#primaryimage\"},\"thumbnailUrl\":\"https:\/\/redfoxlotto.com\/wp-content\/uploads\/2024\/03\/Balls_2.png\",\"datePublished\":\"2023-04-13T18:01:41+00:00\",\"dateModified\":\"2026-01-06T08:40:22+00:00\",\"description\":\"Die gr\u00f6\u00dften Lotterien der Welt - jetzt Lose online kaufen, von \u00fcberall aus!\",\"breadcrumb\":{\"@id\":\"https:\/\/redfoxlotto.com\/de\/#breadcrumb\"},\"inLanguage\":\"de\",\"potentialAction\":[{\"@type\":\"ReadAction\",\"target\":[\"https:\/\/redfoxlotto.com\/de\/\"]}]},{\"@type\":\"ImageObject\",\"inLanguage\":\"de\",\"@id\":\"https:\/\/redfoxlotto.com\/de\/#primaryimage\",\"url\":\"https:\/\/redfoxlotto.com\/wp-content\/uploads\/2024\/03\/Balls_2.png\",\"contentUrl\":\"https:\/\/redfoxlotto.com\/wp-content\/uploads\/2024\/03\/Balls_2.png\"},{\"@type\":\"BreadcrumbList\",\"@id\":\"https:\/\/redfoxlotto.com\/de\/#breadcrumb\",\"itemListElement\":[{\"@type\":\"ListItem\",\"position\":1,\"name\":\"Home\",\"item\":\"https:\/\/redfoxlotto.com\/de\/\"},{\"@type\":\"ListItem\",\"position\":2,\"name\":\"Lose f\u00fcr die gr\u00f6\u00dften Lotterien der Welt online kaufen\"}]},{\"@type\":\"WebSite\",\"@id\":\"https:\/\/redfoxlotto.com\/de\/#website\",\"url\":\"https:\/\/redfoxlotto.com\/de\/\",\"name\":\"Get Tickets for the World\u2019s largest jackpots\",\"description\":\"Participate in worldwide lottery jackpots from any country\",\"publisher\":{\"@id\":\"https:\/\/redfoxlotto.com\/de\/#organization\"},\"potentialAction\":[{\"@type\":\"SearchAction\",\"target\":{\"@type\":\"EntryPoint\",\"urlTemplate\":\"https:\/\/redfoxlotto.com\/de\/?s={search_term_string}\"},\"query-input\":{\"@type\":\"PropertyValueSpecification\",\"valueRequired\":true,\"valueName\":\"search_term_string\"}}],\"inLanguage\":\"de\"},{\"@type\":\"Organization\",\"@id\":\"https:\/\/redfoxlotto.com\/de\/#organization\",\"name\":\"Get Tickets for the World\u2019s largest jackpots\",\"url\":\"https:\/\/redfoxlotto.com\/de\/\",\"logo\":{\"@type\":\"ImageObject\",\"inLanguage\":\"de\",\"@id\":\"https:\/\/redfoxlotto.com\/de\/#\/schema\/logo\/image\/\",\"url\":\"https:\/\/redfoxlotto.com\/wp-content\/uploads\/2023\/04\/logo.png\",\"contentUrl\":\"https:\/\/redfoxlotto.com\/wp-content\/uploads\/2023\/04\/logo.png\",\"width\":269,\"height\":53,\"caption\":\"Get Tickets for the World\u2019s largest jackpots\"},\"image\":{\"@id\":\"https:\/\/redfoxlotto.com\/de\/#\/schema\/logo\/image\/\"}}]}<\/script>\n<!-- \/ Yoast SEO plugin. -->","yoast_head_json":{"title":"Lotto online | Lose f\u00fcr die gr\u00f6\u00dften Lotterien der Welt online kaufen","description":"Die gr\u00f6\u00dften Lotterien der Welt - jetzt Lose online kaufen, von \u00fcberall aus!","robots":{"index":"index","follow":"follow","max-snippet":"max-snippet:-1","max-image-preview":"max-image-preview:large","max-video-preview":"max-video-preview:-1"},"canonical":"https:\/\/redfoxlotto.com\/de\/","og_locale":"de_DE","og_type":"article","og_title":"Lotto online | Lose f\u00fcr die gr\u00f6\u00dften Lotterien der Welt online kaufen","og_description":"Die gr\u00f6\u00dften Lotterien der Welt - jetzt Lose online kaufen, von \u00fcberall aus!","og_url":"https:\/\/redfoxlotto.com\/de\/","og_site_name":"Get Tickets for the World\u2019s largest jackpots","article_modified_time":"2026-01-06T08:40:22+00:00","og_image":[{"url":"https:\/\/redfoxlotto.com\/wp-content\/uploads\/2024\/03\/Balls_2.png"}],"twitter_card":"summary_large_image","twitter_misc":{"Gesch\u00e4tzte Lesezeit":"4\u00a0Minuten"},"schema":{"@context":"https:\/\/schema.org","@graph":[{"@type":"WebPage","@id":"https:\/\/redfoxlotto.com\/de\/","url":"https:\/\/redfoxlotto.com\/de\/","name":"Lotto online | Lose f\u00fcr die gr\u00f6\u00dften Lotterien der Welt online kaufen","isPartOf":{"@id":"https:\/\/redfoxlotto.com\/de\/#website"},"primaryImageOfPage":{"@id":"https:\/\/redfoxlotto.com\/de\/#primaryimage"},"image":{"@id":"https:\/\/redfoxlotto.com\/de\/#primaryimage"},"thumbnailUrl":"https:\/\/redfoxlotto.com\/wp-content\/uploads\/2024\/03\/Balls_2.png","datePublished":"2023-04-13T18:01:41+00:00","dateModified":"2026-01-06T08:40:22+00:00","description":"Die gr\u00f6\u00dften Lotterien der Welt - jetzt Lose online kaufen, von \u00fcberall aus!","breadcrumb":{"@id":"https:\/\/redfoxlotto.com\/de\/#breadcrumb"},"inLanguage":"de","potentialAction":[{"@type":"ReadAction","target":["https:\/\/redfoxlotto.com\/de\/"]}]},{"@type":"ImageObject","inLanguage":"de","@id":"https:\/\/redfoxlotto.com\/de\/#primaryimage","url":"https:\/\/redfoxlotto.com\/wp-content\/uploads\/2024\/03\/Balls_2.png","contentUrl":"https:\/\/redfoxlotto.com\/wp-content\/uploads\/2024\/03\/Balls_2.png"},{"@type":"BreadcrumbList","@id":"https:\/\/redfoxlotto.com\/de\/#breadcrumb","itemListElement":[{"@type":"ListItem","position":1,"name":"Home","item":"https:\/\/redfoxlotto.com\/de\/"},{"@type":"ListItem","position":2,"name":"Lose f\u00fcr die gr\u00f6\u00dften Lotterien der Welt online kaufen"}]},{"@type":"WebSite","@id":"https:\/\/redfoxlotto.com\/de\/#website","url":"https:\/\/redfoxlotto.com\/de\/","name":"Get Tickets for the World\u2019s largest jackpots","description":"Participate in worldwide lottery jackpots from any country","publisher":{"@id":"https:\/\/redfoxlotto.com\/de\/#organization"},"potentialAction":[{"@type":"SearchAction","target":{"@type":"EntryPoint","urlTemplate":"https:\/\/redfoxlotto.com\/de\/?s={search_term_string}"},"query-input":{"@type":"PropertyValueSpecification","valueRequired":true,"valueName":"search_term_string"}}],"inLanguage":"de"},{"@type":"Organization","@id":"https:\/\/redfoxlotto.com\/de\/#organization","name":"Get Tickets for the World\u2019s largest jackpots","url":"https:\/\/redfoxlotto.com\/de\/","logo":{"@type":"ImageObject","inLanguage":"de","@id":"https:\/\/redfoxlotto.com\/de\/#\/schema\/logo\/image\/","url":"https:\/\/redfoxlotto.com\/wp-content\/uploads\/2023\/04\/logo.png","contentUrl":"https:\/\/redfoxlotto.com\/wp-content\/uploads\/2023\/04\/logo.png","width":269,"height":53,"caption":"Get Tickets for the World\u2019s largest jackpots"},"image":{"@id":"https:\/\/redfoxlotto.com\/de\/#\/schema\/logo\/image\/"}}]}},"_links":{"self":[{"href":"https:\/\/redfoxlotto.com\/de\/wp-json\/wp\/v2\/pages\/49880","targetHints":{"allow":["GET"]}}],"collection":[{"href":"https:\/\/redfoxlotto.com\/de\/wp-json\/wp\/v2\/pages"}],"about":[{"href":"https:\/\/redfoxlotto.com\/de\/wp-json\/wp\/v2\/types\/page"}],"author":[{"embeddable":true,"href":"https:\/\/redfoxlotto.com\/de\/wp-json\/wp\/v2\/users\/1"}],"replies":[{"embeddable":true,"href":"https:\/\/redfoxlotto.com\/de\/wp-json\/wp\/v2\/comments?post=49880"}],"version-history":[{"count":0,"href":"https:\/\/redfoxlotto.com\/de\/wp-json\/wp\/v2\/pages\/49880\/revisions"}],"wp:attachment":[{"href":"https:\/\/redfoxlotto.com\/de\/wp-json\/wp\/v2\/media?parent=49880"}],"curies":[{"name":"wp","href":"https:\/\/api.w.org\/{rel}","templated":true}]}}