{"id":2764,"date":"2020-04-16T13:14:59","date_gmt":"2020-04-16T13:14:59","guid":{"rendered":"https:\/\/redfoxlotto.com\/?page_id=2764"},"modified":"2023-05-19T09:37:08","modified_gmt":"2023-05-19T09:37:08","slug":"lotto-fr","status":"publish","type":"page","link":"https:\/\/redfoxlotto.com\/de\/ergebnisse\/lotto-fr\/","title":{"rendered":"Ergebnisse der franz\u00f6sischen Lotterie"},"content":{"rendered":"<p>Haben Sie angefangen, online Lotto zu spielen und wollen jetzt sicherstellen, dass Sie die Gewinnzahlen so einfach wie m\u00f6glich erhalten k\u00f6nnen? Wir werden einen Blick auf die Ergebnisse der franz\u00f6sischen Lotterie werfen und erfahren, was sie f\u00fcr Sie bedeuten k\u00f6nnten. Denn wenn Sie diese Lotterie mitspielen (was Sie hier bei uns tun k\u00f6nnen), wollen Sie sicherstellen, dass Sie die Ergebnisse kennen, sobald sie verf\u00fcgbar sind, richtig? Nun, es ist einfacher denn je f\u00fcr Sie, genau das zu tun.<\/p><h2 class=\"wp-block-heading\">Die Gewinnzahlen der franz\u00f6sischen Lotterie finden<\/h2><p>Das erste, was Sie wissen m\u00fcssen, wenn Sie online nach Lotterieergebnissen suchen, ist, wo Sie die offiziellen finden. Es gibt alle Arten von Websites, die Sie sich ansehen k\u00f6nnen, um mehr Informationen zu erhalten, aber der beste Ort, an den Sie gehen k\u00f6nnen, ist hier bei uns, wo Sie das Los der Lotterie gekauft haben. Entweder Sie schauen weiter oben auf dieser Seite nach, oder falls Sie bei uns bereits ein Los f\u00fcr die Lotterie in Frankreich gekauft haben, dann gibt es noch einen einfacheren Weg. Schauen Sie sich in Ihrem Kundenkonto bei uns einfach Ihre aktuellen Lose an. Sie k\u00f6nnen dann sofort sehen welche Ihrer gew\u00e4hlten Zahlen gewonnen sind &#8211; diese sind dann n\u00e4mlich optisch hervorgehoben. So k\u00f6nnen Sie sofort \u00fcberpr\u00fcfen, ob und wieviel Sie gewonnen haben.<\/p><p>Im \u00fcbrigen verst\u00e4ndigen wir Sie auch per Email \u00fcber jeden Gewinn, Sie brauchen sich also keine Sorgen machen, dass Sie etwas verpassen!<\/p><h2 class=\"wp-block-heading\">Verst\u00e4ndnis der Gewinnklassen<\/h2><p>Wenn Sie die Gewinnergebnisse finden, m\u00f6chten Sie sich Dinge wie die Gewinnklassen genauer ansehen und wissen, welche Zahlen Sie tats\u00e4chlich richtig eingegeben haben. Schlie\u00dflich funktioniert das franz\u00f6sische Lotto \u00e4hnlich wie eine Reihe anderer Lotteriespiele auf der ganzen Welt. F\u00fcr den Jackpot m\u00fcssen Sie alle Zahlen, in diesem Fall f\u00fcnf Kugeln plus den Bonus, gleichzeitig richtig haben. Das wird schwierig sein, aber es wird definitiv nicht unm\u00f6glich sein (Leute gewinnen die ganze Zeit im Lotto, also warum nicht auch Sie?). Also, wenn Sie jede dieser Zahlen richtig tippen und die Bonuszahl richtig ausw\u00e4hlen, dann gewinnen Sie den Jackpot, der st\u00e4ndig steigt.<\/p><p>Wenn Sie nur ein paar Zahlen richtig haben, dann werden Sie bereits einen Preis gewinnen. Zwar werden Sie nicht viel gewinnen, wenn Sie nur die Bonuszahl haben, oder sogar wenn Sie zus\u00e4tzlich noch eine oder zwei der Hauptzahlen haben. Aber wenn Sie vier davon getroffen haben, bekommen Sie bereits einen ziemlich guten Preis und wenn Sie mindestens vier mit dem Bonusball bekommen k\u00f6nnen, werden Sie wirklich gut abschneiden.<\/p><h2 class=\"wp-block-heading\">Spielen Ihrer Lieblingsspiele<\/h2><p>Wenn Sie die franz\u00f6sischen Lotterieergebnisse finden wollen, ist es das Wichtigste, an den richtigen Stellen zu suchen. Die Ergebnisse werden jeden Montag, Mittwoch und Samstag gezogen, was bedeutet, dass Sie viele Gewinnm\u00f6glichkeiten haben werden, und der Jackpot w\u00e4chst nur jeden Tag weiter, also wenn Sie ihn heute nicht gewinnen, k\u00f6nnten Sie in nur wenigen Tagen ein gro\u00dfer Gewinner sein!<\/p>","protected":false},"excerpt":{"rendered":"<p>Haben Sie angefangen, online Lotto zu spielen und wollen jetzt sicherstellen, dass Sie die Gewinnzahlen so einfach wie m\u00f6glich erhalten k\u00f6nnen? Wir werden einen Blick auf die Ergebnisse der franz\u00f6sischen Lotterie werfen und erfahren, was sie f\u00fcr Sie bedeuten k\u00f6nnten. Denn wenn Sie diese Lotterie mitspielen (was Sie hier bei uns tun k\u00f6nnen), wollen Sie [&hellip;]<\/p>\n","protected":false},"author":1,"featured_media":0,"parent":128,"menu_order":32,"comment_status":"closed","ping_status":"closed","template":"lotto-fr-results.php","meta":{"_et_pb_use_builder":"","_et_pb_old_content":"","_et_gb_content_width":"","exclude_from_search":false,"footnotes":""},"class_list":["post-2764","page","type-page","status-publish","hentry"],"yoast_head":"<!-- This site is optimized with the Yoast SEO plugin v23.8 - https:\/\/yoast.com\/wordpress\/plugins\/seo\/ -->\n<title>Finden Sie die Gewinnzahlen und Ergebnisse des Franz\u00f6sischen Lotto<\/title>\n<meta name=\"description\" content=\"Hier gibt es die Ergebnisse und Gewinnzahlen des franz\u00f6sischen Lotto - einfach und unkompliziert\" \/>\n<meta name=\"robots\" content=\"index, follow, max-snippet:-1, max-image-preview:large, max-video-preview:-1\" \/>\n<link rel=\"canonical\" href=\"https:\/\/redfoxlotto.com\/de\/ergebnisse\/lotto-fr\/\" \/>\n<meta property=\"og:locale\" content=\"de_DE\" \/>\n<meta property=\"og:type\" content=\"article\" \/>\n<meta property=\"og:title\" content=\"Finden Sie die Gewinnzahlen und Ergebnisse des Franz\u00f6sischen Lotto\" \/>\n<meta property=\"og:description\" content=\"Hier gibt es die Ergebnisse und Gewinnzahlen des franz\u00f6sischen Lotto - einfach und unkompliziert\" \/>\n<meta property=\"og:url\" content=\"https:\/\/redfoxlotto.com\/de\/ergebnisse\/lotto-fr\/\" \/>\n<meta property=\"og:site_name\" content=\"Get Tickets for the World\u2019s largest jackpots\" \/>\n<meta property=\"article:modified_time\" content=\"2023-05-19T09:37:08+00:00\" \/>\n<meta name=\"twitter:card\" content=\"summary_large_image\" \/>\n<meta name=\"twitter:label1\" content=\"Gesch\u00e4tzte Lesezeit\" \/>\n\t<meta name=\"twitter:data1\" content=\"3\u00a0Minuten\" \/>\n<script type=\"application\/ld+json\" class=\"yoast-schema-graph\">{\"@context\":\"https:\/\/schema.org\",\"@graph\":[{\"@type\":\"WebPage\",\"@id\":\"https:\/\/redfoxlotto.com\/de\/ergebnisse\/lotto-fr\/\",\"url\":\"https:\/\/redfoxlotto.com\/de\/ergebnisse\/lotto-fr\/\",\"name\":\"Finden Sie die Gewinnzahlen und Ergebnisse des Franz\u00f6sischen Lotto\",\"isPartOf\":{\"@id\":\"https:\/\/redfoxlotto.com\/de\/#website\"},\"datePublished\":\"2020-04-16T13:14:59+00:00\",\"dateModified\":\"2023-05-19T09:37:08+00:00\",\"description\":\"Hier gibt es die Ergebnisse und Gewinnzahlen des franz\u00f6sischen Lotto - einfach und unkompliziert\",\"breadcrumb\":{\"@id\":\"https:\/\/redfoxlotto.com\/de\/ergebnisse\/lotto-fr\/#breadcrumb\"},\"inLanguage\":\"de\",\"potentialAction\":[{\"@type\":\"ReadAction\",\"target\":[\"https:\/\/redfoxlotto.com\/de\/ergebnisse\/lotto-fr\/\"]}]},{\"@type\":\"BreadcrumbList\",\"@id\":\"https:\/\/redfoxlotto.com\/de\/ergebnisse\/lotto-fr\/#breadcrumb\",\"itemListElement\":[{\"@type\":\"ListItem\",\"position\":1,\"name\":\"Home\",\"item\":\"https:\/\/redfoxlotto.com\/de\/\"},{\"@type\":\"ListItem\",\"position\":2,\"name\":\"Gewinnzahlen und Ergebnisse weltweiter Lotterien\",\"item\":\"https:\/\/redfoxlotto.com\/de\/ergebnisse\/\"},{\"@type\":\"ListItem\",\"position\":3,\"name\":\"Ergebnisse der franz\u00f6sischen Lotterie\"}]},{\"@type\":\"WebSite\",\"@id\":\"https:\/\/redfoxlotto.com\/de\/#website\",\"url\":\"https:\/\/redfoxlotto.com\/de\/\",\"name\":\"Get Tickets for the World\u2019s largest jackpots\",\"description\":\"Participate in worldwide lottery jackpots from any country\",\"publisher\":{\"@id\":\"https:\/\/redfoxlotto.com\/de\/#organization\"},\"potentialAction\":[{\"@type\":\"SearchAction\",\"target\":{\"@type\":\"EntryPoint\",\"urlTemplate\":\"https:\/\/redfoxlotto.com\/de\/?s={search_term_string}\"},\"query-input\":{\"@type\":\"PropertyValueSpecification\",\"valueRequired\":true,\"valueName\":\"search_term_string\"}}],\"inLanguage\":\"de\"},{\"@type\":\"Organization\",\"@id\":\"https:\/\/redfoxlotto.com\/de\/#organization\",\"name\":\"Get Tickets for the World\u2019s largest jackpots\",\"url\":\"https:\/\/redfoxlotto.com\/de\/\",\"logo\":{\"@type\":\"ImageObject\",\"inLanguage\":\"de\",\"@id\":\"https:\/\/redfoxlotto.com\/de\/#\/schema\/logo\/image\/\",\"url\":\"https:\/\/redfoxlotto.com\/wp-content\/uploads\/2023\/04\/logo.png\",\"contentUrl\":\"https:\/\/redfoxlotto.com\/wp-content\/uploads\/2023\/04\/logo.png\",\"width\":269,\"height\":53,\"caption\":\"Get Tickets for the World\u2019s largest jackpots\"},\"image\":{\"@id\":\"https:\/\/redfoxlotto.com\/de\/#\/schema\/logo\/image\/\"}}]}<\/script>\n<!-- \/ Yoast SEO plugin. -->","yoast_head_json":{"title":"Finden Sie die Gewinnzahlen und Ergebnisse des Franz\u00f6sischen Lotto","description":"Hier gibt es die Ergebnisse und Gewinnzahlen des franz\u00f6sischen Lotto - einfach und unkompliziert","robots":{"index":"index","follow":"follow","max-snippet":"max-snippet:-1","max-image-preview":"max-image-preview:large","max-video-preview":"max-video-preview:-1"},"canonical":"https:\/\/redfoxlotto.com\/de\/ergebnisse\/lotto-fr\/","og_locale":"de_DE","og_type":"article","og_title":"Finden Sie die Gewinnzahlen und Ergebnisse des Franz\u00f6sischen Lotto","og_description":"Hier gibt es die Ergebnisse und Gewinnzahlen des franz\u00f6sischen Lotto - einfach und unkompliziert","og_url":"https:\/\/redfoxlotto.com\/de\/ergebnisse\/lotto-fr\/","og_site_name":"Get Tickets for the World\u2019s largest jackpots","article_modified_time":"2023-05-19T09:37:08+00:00","twitter_card":"summary_large_image","twitter_misc":{"Gesch\u00e4tzte Lesezeit":"3\u00a0Minuten"},"schema":{"@context":"https:\/\/schema.org","@graph":[{"@type":"WebPage","@id":"https:\/\/redfoxlotto.com\/de\/ergebnisse\/lotto-fr\/","url":"https:\/\/redfoxlotto.com\/de\/ergebnisse\/lotto-fr\/","name":"Finden Sie die Gewinnzahlen und Ergebnisse des Franz\u00f6sischen Lotto","isPartOf":{"@id":"https:\/\/redfoxlotto.com\/de\/#website"},"datePublished":"2020-04-16T13:14:59+00:00","dateModified":"2023-05-19T09:37:08+00:00","description":"Hier gibt es die Ergebnisse und Gewinnzahlen des franz\u00f6sischen Lotto - einfach und unkompliziert","breadcrumb":{"@id":"https:\/\/redfoxlotto.com\/de\/ergebnisse\/lotto-fr\/#breadcrumb"},"inLanguage":"de","potentialAction":[{"@type":"ReadAction","target":["https:\/\/redfoxlotto.com\/de\/ergebnisse\/lotto-fr\/"]}]},{"@type":"BreadcrumbList","@id":"https:\/\/redfoxlotto.com\/de\/ergebnisse\/lotto-fr\/#breadcrumb","itemListElement":[{"@type":"ListItem","position":1,"name":"Home","item":"https:\/\/redfoxlotto.com\/de\/"},{"@type":"ListItem","position":2,"name":"Gewinnzahlen und Ergebnisse weltweiter Lotterien","item":"https:\/\/redfoxlotto.com\/de\/ergebnisse\/"},{"@type":"ListItem","position":3,"name":"Ergebnisse der franz\u00f6sischen Lotterie"}]},{"@type":"WebSite","@id":"https:\/\/redfoxlotto.com\/de\/#website","url":"https:\/\/redfoxlotto.com\/de\/","name":"Get Tickets for the World\u2019s largest jackpots","description":"Participate in worldwide lottery jackpots from any country","publisher":{"@id":"https:\/\/redfoxlotto.com\/de\/#organization"},"potentialAction":[{"@type":"SearchAction","target":{"@type":"EntryPoint","urlTemplate":"https:\/\/redfoxlotto.com\/de\/?s={search_term_string}"},"query-input":{"@type":"PropertyValueSpecification","valueRequired":true,"valueName":"search_term_string"}}],"inLanguage":"de"},{"@type":"Organization","@id":"https:\/\/redfoxlotto.com\/de\/#organization","name":"Get Tickets for the World\u2019s largest jackpots","url":"https:\/\/redfoxlotto.com\/de\/","logo":{"@type":"ImageObject","inLanguage":"de","@id":"https:\/\/redfoxlotto.com\/de\/#\/schema\/logo\/image\/","url":"https:\/\/redfoxlotto.com\/wp-content\/uploads\/2023\/04\/logo.png","contentUrl":"https:\/\/redfoxlotto.com\/wp-content\/uploads\/2023\/04\/logo.png","width":269,"height":53,"caption":"Get Tickets for the World\u2019s largest jackpots"},"image":{"@id":"https:\/\/redfoxlotto.com\/de\/#\/schema\/logo\/image\/"}}]}},"_links":{"self":[{"href":"https:\/\/redfoxlotto.com\/de\/wp-json\/wp\/v2\/pages\/2764","targetHints":{"allow":["GET"]}}],"collection":[{"href":"https:\/\/redfoxlotto.com\/de\/wp-json\/wp\/v2\/pages"}],"about":[{"href":"https:\/\/redfoxlotto.com\/de\/wp-json\/wp\/v2\/types\/page"}],"author":[{"embeddable":true,"href":"https:\/\/redfoxlotto.com\/de\/wp-json\/wp\/v2\/users\/1"}],"replies":[{"embeddable":true,"href":"https:\/\/redfoxlotto.com\/de\/wp-json\/wp\/v2\/comments?post=2764"}],"version-history":[{"count":0,"href":"https:\/\/redfoxlotto.com\/de\/wp-json\/wp\/v2\/pages\/2764\/revisions"}],"up":[{"embeddable":true,"href":"https:\/\/redfoxlotto.com\/de\/wp-json\/wp\/v2\/pages\/128"}],"wp:attachment":[{"href":"https:\/\/redfoxlotto.com\/de\/wp-json\/wp\/v2\/media?parent=2764"}],"curies":[{"name":"wp","href":"https:\/\/api.w.org\/{rel}","templated":true}]}}