{"id":2763,"date":"2019-08-09T14:33:52","date_gmt":"2019-08-09T14:33:52","guid":{"rendered":"https:\/\/redfoxlotto.com\/?page_id=2763"},"modified":"2019-08-10T10:11:25","modified_gmt":"2019-08-10T09:11:25","slug":"lotto-fr","status":"publish","type":"page","link":"https:\/\/redfoxlotto.com\/de\/lotterie\/lotto-fr\/","title":{"rendered":"\u00dcber das Franz\u00f6sische Lotto"},"content":{"rendered":"<p>Sind Sie auf der Suche nach einem neuen Spiel, aber Sie sind sich nicht sicher, welches es sein soll? Nun, wenn Sie sie sich noch nicht entschieden haben, dann sollten Sie einen Blick darauf werfen, wie man Lose f\u00fcr das franz\u00f6sische Lotto online kauft. Dies wird eine Ihrer Top Optionen sein, sobald Sie wissen, wie es funktioniert, denn es wird einfach und spannend f\u00fcr jeden sein, der Lotterien liebt. Schlie\u00dflich geht es darum, die richtigen Zahlen zu tippen und m\u00f6glicherweise den gro\u00dfen Jackpot zu gewinnen, richtig? <\/p><!--more--><h2 class=\"wp-block-heading\">Wo es begann<\/h2><p>Sie werden vielleicht \u00fcberrascht sein zu wissen, dass die Lotterie in Frankreich bis ins Jahr 1505 zur\u00fcckreicht. K\u00f6nig Francis I. begann es mit seinen B\u00fcrgern, aber das Spiel hat sich im Laufe der Zeit immer wieder ver\u00e4ndert. Dennoch wird der allgemeine Prozess sehr \u00e4hnlich sein wie bei jedem anderen Lotteriespiel, das Sie gespielt haben. Und Sie werden die Gelegenheit haben, um einige ziemlich gute Preise zu spielen, was definitiv ein wichtiger Aspekt sein wird, nicht wahr? <\/p><h2 class=\"wp-block-heading\">So funktioniert es<\/h2><p>Bei der franz\u00f6sischen Lotterie gibt es drei Ziehungen pro Woche, so dass Sie viele M\u00f6glichkeiten zum Spielen haben werden. Jeden Montag, Mittwoch und Samstag machen sie eine neue Ziehung. Das ist umso wichtiger, wenn man bedenkt, dass der Jackpot hier einer der gr\u00f6\u00dferen sein wird. W\u00e4hrend ein typischer Lotterie-Jackpot ziemlich klein ist, so w\u00e4chst er doch bei w\u00f6chentlichen oder zweiw\u00f6chentlichen Ziehungen ziemlich schnell &#8211; sofern er nicht schnell gewonnen wird.<\/p><p>Zus\u00e4tzlich zur H\u00e4ufigkeit der Ziehungen ist das Spiel sehr einfach. Die Art und Weise, wie Sie den Jackpot gewinnen werden, ist, wenn Sie alle der f\u00fcnf Zahlen korrekt haben und auch die richtige Bonuszahl getippt haben. Es gibt also sechs verschiedene Nummern, die aufgerufen werden, und Sie k\u00f6nnten den gro\u00dfen Jackpot gewinnen, der bei 2.000.000.000 \u20ac startet, aber meist deutlich h\u00f6her sein wird. Es wird definitiv eine gro\u00dfe Menge Geld sein. Bei 2 Millionen beginnt der Jackpot, und von dort aus steigt er weiter an. Das bedeutet, dass es immer eine gute Chance gibt, dass Sie mehr als das gewinnen. <\/p><h2 class=\"wp-block-heading\">Auswahl der Zahlen<\/h2><p>Es gibt eine Reihe von verschiedenen M\u00f6glichkeiten, wie Sie w\u00e4hlen k\u00f6nnen, welche Zahlen Sie spielen m\u00f6chten. In der Tat, es wird ganz Ihnen \u00fcberlassen sein, auf die gleiche Weise, als ob Sie zum Spielen in das Gesch\u00e4ft an der Ecke gehen w\u00fcrden. Sie k\u00f6nnen einen die gew\u00fcnschten Zahlen online selbst ausf\u00fcllen oder Sie k\u00f6nnen sich entscheiden, den Computer die Zahlen nach dem Prinzip des Zufalls f\u00fcr Sie w\u00e4hlen zu lassen. Wenn Sie Ihre eigenen Zahlen eingeben, haben Sie garantiert die Zahlen, die Sie wollten. Auf der anderen Seite bedeutet &#8222;Quick Pick&#8220;, dass die Maschine automatisch Zahlen f\u00fcr Sie generiert. <\/p><h2 class=\"wp-block-heading\">Wie man gewinnt<\/h2><p>Wenn es darum geht, tats\u00e4chlich etwas zu gewinnen, m\u00fcssen Sie einen genaueren Blick auf diese Zahlen werfen. Solange Sie die Bonuszahl haben, werden Sie bereits etwas gewinnen. Wenn Sie zwei der regul\u00e4ren Zahlen, aber nicht die Bonuszahl richtig getippt haben, werden Sie auch etwas gewinnen. Und f\u00fcr jede weitere korrekte Zahl werden Sie mehr und mehr gewinnen. Die h\u00f6chsten Gewinnen werden mit vier Zahlen plus Bonus oder mit allen f\u00fcnf Zahlen plus Bonus erzielt. Nur f\u00fcnf Zahlen ohne Bonus zu haben, bringt ebenfalls einen gro\u00dfartigen Gewinn .<\/p><h2 class=\"wp-block-heading\">Wie man Lose f\u00fcr die Franz\u00f6sische Lotterie online kauft<\/h2><p>Wenn Sie bereit sind, das erste Los zu kaufen, dann k\u00f6nnen Sie dies jetzt hier bei uns tun. Sie werden nicht in der Lage sein, zu Ihrem lokalen Lotto-Laden zu gehen, so wie Sie es vielleicht gw\u00f6hnt sind. Stattdessen m\u00fcssen Sie online gehen &#8211; was f\u00fcr Sie kein Problem sein sollte, denn Sie sind ja bereits hier. Sie k\u00f6nnen durch uns alle Vorteile nutzen, die Sie erhalten w\u00fcrden, wenn Sie zuf\u00e4llig in Frankreich w\u00e4ren und die Lose vor Ort kaufen k\u00f6nnten.<\/p>","protected":false},"excerpt":{"rendered":"<p>Sind Sie auf der Suche nach einem neuen Spiel, aber Sie sind sich nicht sicher, welches es sein soll? Nun, wenn Sie sie sich noch nicht entschieden haben, dann sollten Sie einen Blick darauf werfen, wie man Lose f\u00fcr das franz\u00f6sische Lotto online kauft. Dies wird eine Ihrer Top Optionen sein, sobald Sie wissen, wie [&hellip;]<\/p>\n","protected":false},"author":1,"featured_media":0,"parent":120,"menu_order":31,"comment_status":"closed","ping_status":"closed","template":"lotto-fr-info.php","meta":{"_et_pb_use_builder":"","_et_pb_old_content":"","_et_gb_content_width":"","exclude_from_search":false,"footnotes":""},"class_list":["post-2763","page","type-page","status-publish","hentry"],"yoast_head":"<!-- This site is optimized with the Yoast SEO plugin v23.8 - https:\/\/yoast.com\/wordpress\/plugins\/seo\/ -->\n<title>Wie man Lose f\u00fcr das Franz\u00f6sische Lotto online kauft<\/title>\n<meta name=\"description\" content=\"Kaufen Sie Ihre Lose f\u00fcr das Lotto aus Frankreich hier bei RedFoxLotto.com\" \/>\n<meta name=\"robots\" content=\"index, follow, max-snippet:-1, max-image-preview:large, max-video-preview:-1\" \/>\n<link rel=\"canonical\" href=\"https:\/\/redfoxlotto.com\/de\/lotterie\/lotto-fr\/\" \/>\n<meta property=\"og:locale\" content=\"de_DE\" \/>\n<meta property=\"og:type\" content=\"article\" \/>\n<meta property=\"og:title\" content=\"Wie man Lose f\u00fcr das Franz\u00f6sische Lotto online kauft\" \/>\n<meta property=\"og:description\" content=\"Kaufen Sie Ihre Lose f\u00fcr das Lotto aus Frankreich hier bei RedFoxLotto.com\" \/>\n<meta property=\"og:url\" content=\"https:\/\/redfoxlotto.com\/de\/lotterie\/lotto-fr\/\" \/>\n<meta property=\"og:site_name\" content=\"Get Tickets for the World\u2019s largest jackpots\" \/>\n<meta property=\"article:modified_time\" content=\"2019-08-10T09:11:25+00:00\" \/>\n<meta name=\"twitter:card\" content=\"summary_large_image\" \/>\n<meta name=\"twitter:label1\" content=\"Gesch\u00e4tzte Lesezeit\" \/>\n\t<meta name=\"twitter:data1\" content=\"3\u00a0Minuten\" \/>\n<script type=\"application\/ld+json\" class=\"yoast-schema-graph\">{\"@context\":\"https:\/\/schema.org\",\"@graph\":[{\"@type\":\"WebPage\",\"@id\":\"https:\/\/redfoxlotto.com\/de\/lotterie\/lotto-fr\/\",\"url\":\"https:\/\/redfoxlotto.com\/de\/lotterie\/lotto-fr\/\",\"name\":\"Wie man Lose f\u00fcr das Franz\u00f6sische Lotto online kauft\",\"isPartOf\":{\"@id\":\"https:\/\/redfoxlotto.com\/de\/#website\"},\"datePublished\":\"2019-08-09T14:33:52+00:00\",\"dateModified\":\"2019-08-10T09:11:25+00:00\",\"description\":\"Kaufen Sie Ihre Lose f\u00fcr das Lotto aus Frankreich hier bei RedFoxLotto.com\",\"breadcrumb\":{\"@id\":\"https:\/\/redfoxlotto.com\/de\/lotterie\/lotto-fr\/#breadcrumb\"},\"inLanguage\":\"de\",\"potentialAction\":[{\"@type\":\"ReadAction\",\"target\":[\"https:\/\/redfoxlotto.com\/de\/lotterie\/lotto-fr\/\"]}]},{\"@type\":\"BreadcrumbList\",\"@id\":\"https:\/\/redfoxlotto.com\/de\/lotterie\/lotto-fr\/#breadcrumb\",\"itemListElement\":[{\"@type\":\"ListItem\",\"position\":1,\"name\":\"Home\",\"item\":\"https:\/\/redfoxlotto.com\/de\/\"},{\"@type\":\"ListItem\",\"position\":2,\"name\":\"Der Ablauf beim Online-Lottospiel\",\"item\":\"https:\/\/redfoxlotto.com\/de\/lotterie\/\"},{\"@type\":\"ListItem\",\"position\":3,\"name\":\"\u00dcber das Franz\u00f6sische Lotto\"}]},{\"@type\":\"WebSite\",\"@id\":\"https:\/\/redfoxlotto.com\/de\/#website\",\"url\":\"https:\/\/redfoxlotto.com\/de\/\",\"name\":\"Get Tickets for the World\u2019s largest jackpots\",\"description\":\"Participate in worldwide lottery jackpots from any country\",\"publisher\":{\"@id\":\"https:\/\/redfoxlotto.com\/de\/#organization\"},\"potentialAction\":[{\"@type\":\"SearchAction\",\"target\":{\"@type\":\"EntryPoint\",\"urlTemplate\":\"https:\/\/redfoxlotto.com\/de\/?s={search_term_string}\"},\"query-input\":{\"@type\":\"PropertyValueSpecification\",\"valueRequired\":true,\"valueName\":\"search_term_string\"}}],\"inLanguage\":\"de\"},{\"@type\":\"Organization\",\"@id\":\"https:\/\/redfoxlotto.com\/de\/#organization\",\"name\":\"Get Tickets for the World\u2019s largest jackpots\",\"url\":\"https:\/\/redfoxlotto.com\/de\/\",\"logo\":{\"@type\":\"ImageObject\",\"inLanguage\":\"de\",\"@id\":\"https:\/\/redfoxlotto.com\/de\/#\/schema\/logo\/image\/\",\"url\":\"https:\/\/redfoxlotto.com\/wp-content\/uploads\/2023\/04\/logo.png\",\"contentUrl\":\"https:\/\/redfoxlotto.com\/wp-content\/uploads\/2023\/04\/logo.png\",\"width\":269,\"height\":53,\"caption\":\"Get Tickets for the World\u2019s largest jackpots\"},\"image\":{\"@id\":\"https:\/\/redfoxlotto.com\/de\/#\/schema\/logo\/image\/\"}}]}<\/script>\n<!-- \/ Yoast SEO plugin. -->","yoast_head_json":{"title":"Wie man Lose f\u00fcr das Franz\u00f6sische Lotto online kauft","description":"Kaufen Sie Ihre Lose f\u00fcr das Lotto aus Frankreich hier bei RedFoxLotto.com","robots":{"index":"index","follow":"follow","max-snippet":"max-snippet:-1","max-image-preview":"max-image-preview:large","max-video-preview":"max-video-preview:-1"},"canonical":"https:\/\/redfoxlotto.com\/de\/lotterie\/lotto-fr\/","og_locale":"de_DE","og_type":"article","og_title":"Wie man Lose f\u00fcr das Franz\u00f6sische Lotto online kauft","og_description":"Kaufen Sie Ihre Lose f\u00fcr das Lotto aus Frankreich hier bei RedFoxLotto.com","og_url":"https:\/\/redfoxlotto.com\/de\/lotterie\/lotto-fr\/","og_site_name":"Get Tickets for the World\u2019s largest jackpots","article_modified_time":"2019-08-10T09:11:25+00:00","twitter_card":"summary_large_image","twitter_misc":{"Gesch\u00e4tzte Lesezeit":"3\u00a0Minuten"},"schema":{"@context":"https:\/\/schema.org","@graph":[{"@type":"WebPage","@id":"https:\/\/redfoxlotto.com\/de\/lotterie\/lotto-fr\/","url":"https:\/\/redfoxlotto.com\/de\/lotterie\/lotto-fr\/","name":"Wie man Lose f\u00fcr das Franz\u00f6sische Lotto online kauft","isPartOf":{"@id":"https:\/\/redfoxlotto.com\/de\/#website"},"datePublished":"2019-08-09T14:33:52+00:00","dateModified":"2019-08-10T09:11:25+00:00","description":"Kaufen Sie Ihre Lose f\u00fcr das Lotto aus Frankreich hier bei RedFoxLotto.com","breadcrumb":{"@id":"https:\/\/redfoxlotto.com\/de\/lotterie\/lotto-fr\/#breadcrumb"},"inLanguage":"de","potentialAction":[{"@type":"ReadAction","target":["https:\/\/redfoxlotto.com\/de\/lotterie\/lotto-fr\/"]}]},{"@type":"BreadcrumbList","@id":"https:\/\/redfoxlotto.com\/de\/lotterie\/lotto-fr\/#breadcrumb","itemListElement":[{"@type":"ListItem","position":1,"name":"Home","item":"https:\/\/redfoxlotto.com\/de\/"},{"@type":"ListItem","position":2,"name":"Der Ablauf beim Online-Lottospiel","item":"https:\/\/redfoxlotto.com\/de\/lotterie\/"},{"@type":"ListItem","position":3,"name":"\u00dcber das Franz\u00f6sische Lotto"}]},{"@type":"WebSite","@id":"https:\/\/redfoxlotto.com\/de\/#website","url":"https:\/\/redfoxlotto.com\/de\/","name":"Get Tickets for the World\u2019s largest jackpots","description":"Participate in worldwide lottery jackpots from any country","publisher":{"@id":"https:\/\/redfoxlotto.com\/de\/#organization"},"potentialAction":[{"@type":"SearchAction","target":{"@type":"EntryPoint","urlTemplate":"https:\/\/redfoxlotto.com\/de\/?s={search_term_string}"},"query-input":{"@type":"PropertyValueSpecification","valueRequired":true,"valueName":"search_term_string"}}],"inLanguage":"de"},{"@type":"Organization","@id":"https:\/\/redfoxlotto.com\/de\/#organization","name":"Get Tickets for the World\u2019s largest jackpots","url":"https:\/\/redfoxlotto.com\/de\/","logo":{"@type":"ImageObject","inLanguage":"de","@id":"https:\/\/redfoxlotto.com\/de\/#\/schema\/logo\/image\/","url":"https:\/\/redfoxlotto.com\/wp-content\/uploads\/2023\/04\/logo.png","contentUrl":"https:\/\/redfoxlotto.com\/wp-content\/uploads\/2023\/04\/logo.png","width":269,"height":53,"caption":"Get Tickets for the World\u2019s largest jackpots"},"image":{"@id":"https:\/\/redfoxlotto.com\/de\/#\/schema\/logo\/image\/"}}]}},"_links":{"self":[{"href":"https:\/\/redfoxlotto.com\/de\/wp-json\/wp\/v2\/pages\/2763","targetHints":{"allow":["GET"]}}],"collection":[{"href":"https:\/\/redfoxlotto.com\/de\/wp-json\/wp\/v2\/pages"}],"about":[{"href":"https:\/\/redfoxlotto.com\/de\/wp-json\/wp\/v2\/types\/page"}],"author":[{"embeddable":true,"href":"https:\/\/redfoxlotto.com\/de\/wp-json\/wp\/v2\/users\/1"}],"replies":[{"embeddable":true,"href":"https:\/\/redfoxlotto.com\/de\/wp-json\/wp\/v2\/comments?post=2763"}],"version-history":[{"count":0,"href":"https:\/\/redfoxlotto.com\/de\/wp-json\/wp\/v2\/pages\/2763\/revisions"}],"up":[{"embeddable":true,"href":"https:\/\/redfoxlotto.com\/de\/wp-json\/wp\/v2\/pages\/120"}],"wp:attachment":[{"href":"https:\/\/redfoxlotto.com\/de\/wp-json\/wp\/v2\/media?parent=2763"}],"curies":[{"name":"wp","href":"https:\/\/api.w.org\/{rel}","templated":true}]}}