{"id":2761,"date":"2019-08-09T14:24:22","date_gmt":"2019-08-09T14:24:22","guid":{"rendered":"https:\/\/redfoxlotto.com\/?page_id=2761"},"modified":"2025-12-10T23:20:16","modified_gmt":"2025-12-10T23:20:16","slug":"lotto-fr","status":"publish","type":"page","link":"https:\/\/redfoxlotto.com\/de\/spielen\/lotto-fr\/","title":{"rendered":"Spielen Sie franz\u00f6sisches Lotto"},"content":{"rendered":"<script type=\"application\/ld+json\">\r\n{\r\n\"@context\": \"https:\/\/schema.org\",\r\n\"@type\": \"Service\",\r\n\"name\": \"French Lotto online\",\r\n\"url\": \"https:\/\/redfoxlotto.com\/de\/spielen\/lotto-fr\/\",\r\n\"description\": \"Kaufen Sie offizielle franz\u00f6sische Lottoscheine online \u00fcber RedFoxLotto. W\u00e4hlen Sie Ihre Zahlen und nehmen Sie an der n\u00e4chsten Ziehung teil.\",\r\n\"serviceType\": \"Online lottery ticket purchase\",\r\n\r\n\"provider\": {\r\n\"@type\": \"Organization\",\r\n\"name\": \"RedFoxLotto\",\r\n\"url\": \"https:\/\/redfoxlotto.com\",\r\n\"logo\": \"https:\/\/redfoxlotto.com\/wp-content\/uploads\/logo.png\"\r\n},\r\n\r\n\"areaServed\": \"Worldwide\",\r\n\"termsOfService\": \"https:\/\/redfoxlotto.com\/terms-and-conditions\",\r\n\r\n\"hasOfferCatalog\": {\r\n\"@type\": \"OfferCatalog\",\r\n\"name\": \"French Lotto Offers\",\r\n\"itemListElement\": [\r\n{\r\n\"@type\": \"Offer\",\r\n\"name\": \"Lotto French Lotto Ticket\",\r\n\"url\": \"https:\/\/redfoxlotto.com\/de\/spielen\/lotto-fr\/\",\r\n\"description\": \"Ein Eintrag f\u00fcr die n\u00e4chste Ziehung der franz\u00f6sischen Lotterie.\",\r\n\"price\": \"6.00\",\r\n\"priceCurrency\": \"EUR\",\r\n\"availability\": \"https:\/\/schema.org\/InStock\",\r\n\r\n\"itemOffered\": {\r\n\"@type\": \"Service\",\r\n\"name\": \"French Lotto Lottery Entry\",\r\n\"description\": \"Teilnahme an der n\u00e4chsten Ziehung der franz\u00f6sischen Lotterie \u00fcber RedFoxLotto.\"\r\n}\r\n}\r\n]\r\n},\r\n\r\n\"mainEntityOfPage\": {\r\n\"@type\": \"WebPage\",\r\n\"@id\": \"https:\/\/redfoxlotto.com\/de\/spielen\/lotto-fr\/\"\r\n}\r\n}\r\n<\/script><p>Sind Sie bereit, mal eine andere Lotterie zu spielen? Wenn Sie es sind, dann sollten Sie sich unbedingt die franz\u00f6sische Lotterie genauer ansehen. Wenn Sie sie vorher noch nie gespielt haben, werden Sie vielleicht \u00fcberrascht sein, wie \u00e4hnlich es dem deutschen Lotto ist. Schlie\u00dflich geht es darum, etwas Spa\u00df zu haben und eine weitere Chance zu bekommen, einen gro\u00dfen Preis zu gewinnen. Und mit der franz\u00f6sischen Lotterie werden Sie viel davon haben, denn die Preise hier sind definitiv attraktiv genug.<\/p><h2 class=\"wp-block-heading\">Wie man die Franz\u00f6sische Lotterie online spielt<\/h2><p>Haben Sie schon einmal eine andere Art von Lotterie online gespielt? Oder vielleicht sind Sie bisher immer nur in Ihren \u00f6rtlichen Laden gegangen, um Lose zu kaufen. Wir sprechen nicht von Rubbellosen, bei denen man sofort gewinnt. Hier sprechen wir \u00fcber Lottolose, Zahlen auszuw\u00e4hlen, und Sie wissen nicht, ob Sie gewonnen haben oder nicht, bis am Tag der Ziehung. Dies sind die Spiele, die noch mehr Spa\u00df machen und Ihnen noch mehr Chancen geben werden, tats\u00e4chlich einen gro\u00dfen Preis zu gewinnen. Denn mit einigen von ihnen k\u00f6nnten Sie tats\u00e4chlich viele Millionen von Euro oder Dollar gewinnen.<\/p><p>Bei der franz\u00f6sischen Lotterie m\u00fcssen Sie nur ein Los online kaufen, um mit dem Spielen beginnen zu k\u00f6nnen, und der Kauf dieses Loses ist super einfach. Zuerst m\u00fcssen Sie die Zahlen ankreuzen, die Sie vielleicht zum Million\u00e4r machen. F\u00fcr dieses spezielle Spiel haben Sie die M\u00f6glichkeit, f\u00fcnf Zahlen plus eine Bonuszahl zu w\u00e4hlen. Die Reihenfolge, in der Sie Ihre urspr\u00fcnglichen F\u00fcnf ausw\u00e4hlen, spielt keine Rolle, aber stellen Sie sicher, dass Sie darauf achten, welche Zahl Sie f\u00fcr Ihren Bonus verwenden m\u00f6chten.<\/p><h2 class=\"wp-block-heading\">Wie man die Franz\u00f6sische Lotterie online gewinnt<\/h2><p>Wenn Sie Ihre Zahlen ausgew\u00e4hlt haben, dann ist es Zeit zu warten, was oft das Schlimmste ist. Man will definitiv nicht einfach nur warten und sehen, was passiert, aber es gibt keine andere Wahl. Die Ziehungen sind am Montag, Mittwoch und Samstag, so dass Sie nicht lange warten m\u00fcssen, aber Sie m\u00fcssen ein wenig Geduld haben, zumal das Live-Anschauen d nicht wirklich eine Option sein wird, da diese Ziehungen nicht im deutschen Fernsehen \u00fcbertragen werden. Stattdessen m\u00fcssen Sie ein wenig warten, um zu sehen, was passiert. <\/p><p>Sobald die Zahlen gezogen sind, ist es an der Zeit, sie zu \u00fcberpr\u00fcfen. Sie k\u00f6nnen direkt zu dem Ort zur\u00fcckkehren, von dem Sie Ihr Los gekauft haben, um die Gewinnzahlen zu finden und zu sehen, ob Sie den Jackpot oder mindestens einen der kleinen Preise gewonnen haben, der es einfach macht, einfach weiterzuspielen. Kleinere Preise werden so gewonnen: f\u00fcr die \u00dcbereinstimmung der Bonuszahl, zweier Hauptzahlen, zweier Zahlen plus der Bonuszahl oder einer h\u00f6heren Kombination vergeben. Sie k\u00f6nnten einen kleinen Betrag gewinnen, der nur die Kosten Ihres Lose deckt, oder Sie k\u00f6nnten Tausende oder sogar Millionen gewinnen. <\/p><h2 class=\"wp-block-heading\">Auswahl des n\u00e4chsten Loses<\/h2><p>Sobald man wei\u00df, ob man gewonnen hat oder nicht, ist es definitiv an der Zeit, ein neues Los zu kaufen. Wenn Sie etwas gewonnen haben, ist es super einfach, Ihr Los direkt online auszahlen zu lassen, oder Sie k\u00f6nnen dieses Geld in das n\u00e4chste Los investieren. Ob Sie sich f\u00fcr die franz\u00f6sische Lotterie oder f\u00fcr ein anderes Spiel entscheiden, es ist eigentlich ganz einfach, das n\u00e4chste Los auszuw\u00e4hlen und alles f\u00fcr die neue Ziehung vorzubereiten. <\/p><p>Achten Sie darauf, dass Sie alle Regeln und Vorschriften beachten. Stellen Sie sicher, dass Sie wissen, welche Nummern Sie ausw\u00e4hlen wollen. Und stellen Sie definitiv sicher, dass Sie wissen, wann die n\u00e4chste Ziehung ist. Machen Sie nicht den Fehler, die n\u00e4chste Ziehung zu verpassen. <\/p>","protected":false},"excerpt":{"rendered":"<p>Sind Sie bereit, mal eine andere Lotterie zu spielen? Wenn Sie es sind, dann sollten Sie sich unbedingt die franz\u00f6sische Lotterie genauer ansehen. Wenn Sie sie vorher noch nie gespielt haben, werden Sie vielleicht \u00fcberrascht sein, wie \u00e4hnlich es dem deutschen Lotto ist. Schlie\u00dflich geht es darum, etwas Spa\u00df zu haben und eine weitere Chance [&hellip;]<\/p>\n","protected":false},"author":1,"featured_media":0,"parent":137,"menu_order":33,"comment_status":"closed","ping_status":"closed","template":"lotto-fr.php","meta":{"_et_pb_use_builder":"","_et_pb_old_content":"","_et_gb_content_width":"","exclude_from_search":false,"footnotes":""},"class_list":["post-2761","page","type-page","status-publish","hentry"],"yoast_head":"<!-- This site is optimized with the Yoast SEO plugin v23.8 - https:\/\/yoast.com\/wordpress\/plugins\/seo\/ -->\n<title>Wie man das Franz\u00f6sische Lotto online spielt<\/title>\n<meta name=\"description\" content=\"Wenn Sie bereit sind, die franz\u00f6sische Lotterie online zu spielen, ist dies der richtige Ort!\" \/>\n<meta name=\"robots\" content=\"index, follow, max-snippet:-1, max-image-preview:large, max-video-preview:-1\" \/>\n<link rel=\"canonical\" href=\"https:\/\/redfoxlotto.com\/de\/spielen\/lotto-fr\/\" \/>\n<meta property=\"og:locale\" content=\"de_DE\" \/>\n<meta property=\"og:type\" content=\"article\" \/>\n<meta property=\"og:title\" content=\"Wie man das Franz\u00f6sische Lotto online spielt\" \/>\n<meta property=\"og:description\" content=\"Wenn Sie bereit sind, die franz\u00f6sische Lotterie online zu spielen, ist dies der richtige Ort!\" \/>\n<meta property=\"og:url\" content=\"https:\/\/redfoxlotto.com\/de\/spielen\/lotto-fr\/\" \/>\n<meta property=\"og:site_name\" content=\"Get Tickets for the World\u2019s largest jackpots\" \/>\n<meta property=\"article:modified_time\" content=\"2025-12-10T23:20:16+00:00\" \/>\n<meta name=\"twitter:card\" content=\"summary_large_image\" \/>\n<meta name=\"twitter:label1\" content=\"Gesch\u00e4tzte Lesezeit\" \/>\n\t<meta name=\"twitter:data1\" content=\"3\u00a0Minuten\" \/>\n<script type=\"application\/ld+json\" class=\"yoast-schema-graph\">{\"@context\":\"https:\/\/schema.org\",\"@graph\":[{\"@type\":\"WebPage\",\"@id\":\"https:\/\/redfoxlotto.com\/de\/spielen\/lotto-fr\/\",\"url\":\"https:\/\/redfoxlotto.com\/de\/spielen\/lotto-fr\/\",\"name\":\"Wie man das Franz\u00f6sische Lotto online spielt\",\"isPartOf\":{\"@id\":\"https:\/\/redfoxlotto.com\/de\/#website\"},\"datePublished\":\"2019-08-09T14:24:22+00:00\",\"dateModified\":\"2025-12-10T23:20:16+00:00\",\"description\":\"Wenn Sie bereit sind, die franz\u00f6sische Lotterie online zu spielen, ist dies der richtige Ort!\",\"breadcrumb\":{\"@id\":\"https:\/\/redfoxlotto.com\/de\/spielen\/lotto-fr\/#breadcrumb\"},\"inLanguage\":\"de\",\"potentialAction\":[{\"@type\":\"ReadAction\",\"target\":[\"https:\/\/redfoxlotto.com\/de\/spielen\/lotto-fr\/\"]}]},{\"@type\":\"BreadcrumbList\",\"@id\":\"https:\/\/redfoxlotto.com\/de\/spielen\/lotto-fr\/#breadcrumb\",\"itemListElement\":[{\"@type\":\"ListItem\",\"position\":1,\"name\":\"Home\",\"item\":\"https:\/\/redfoxlotto.com\/de\/\"},{\"@type\":\"ListItem\",\"position\":2,\"name\":\"Mehr Lotterien online spielen\",\"item\":\"https:\/\/redfoxlotto.com\/de\/spielen\/\"},{\"@type\":\"ListItem\",\"position\":3,\"name\":\"Spielen Sie franz\u00f6sisches Lotto\"}]},{\"@type\":\"WebSite\",\"@id\":\"https:\/\/redfoxlotto.com\/de\/#website\",\"url\":\"https:\/\/redfoxlotto.com\/de\/\",\"name\":\"Get Tickets for the World\u2019s largest jackpots\",\"description\":\"Participate in worldwide lottery jackpots from any country\",\"publisher\":{\"@id\":\"https:\/\/redfoxlotto.com\/de\/#organization\"},\"potentialAction\":[{\"@type\":\"SearchAction\",\"target\":{\"@type\":\"EntryPoint\",\"urlTemplate\":\"https:\/\/redfoxlotto.com\/de\/?s={search_term_string}\"},\"query-input\":{\"@type\":\"PropertyValueSpecification\",\"valueRequired\":true,\"valueName\":\"search_term_string\"}}],\"inLanguage\":\"de\"},{\"@type\":\"Organization\",\"@id\":\"https:\/\/redfoxlotto.com\/de\/#organization\",\"name\":\"Get Tickets for the World\u2019s largest jackpots\",\"url\":\"https:\/\/redfoxlotto.com\/de\/\",\"logo\":{\"@type\":\"ImageObject\",\"inLanguage\":\"de\",\"@id\":\"https:\/\/redfoxlotto.com\/de\/#\/schema\/logo\/image\/\",\"url\":\"https:\/\/redfoxlotto.com\/wp-content\/uploads\/2023\/04\/logo.png\",\"contentUrl\":\"https:\/\/redfoxlotto.com\/wp-content\/uploads\/2023\/04\/logo.png\",\"width\":269,\"height\":53,\"caption\":\"Get Tickets for the World\u2019s largest jackpots\"},\"image\":{\"@id\":\"https:\/\/redfoxlotto.com\/de\/#\/schema\/logo\/image\/\"}}]}<\/script>\n<!-- \/ Yoast SEO plugin. -->","yoast_head_json":{"title":"Wie man das Franz\u00f6sische Lotto online spielt","description":"Wenn Sie bereit sind, die franz\u00f6sische Lotterie online zu spielen, ist dies der richtige Ort!","robots":{"index":"index","follow":"follow","max-snippet":"max-snippet:-1","max-image-preview":"max-image-preview:large","max-video-preview":"max-video-preview:-1"},"canonical":"https:\/\/redfoxlotto.com\/de\/spielen\/lotto-fr\/","og_locale":"de_DE","og_type":"article","og_title":"Wie man das Franz\u00f6sische Lotto online spielt","og_description":"Wenn Sie bereit sind, die franz\u00f6sische Lotterie online zu spielen, ist dies der richtige Ort!","og_url":"https:\/\/redfoxlotto.com\/de\/spielen\/lotto-fr\/","og_site_name":"Get Tickets for the World\u2019s largest jackpots","article_modified_time":"2025-12-10T23:20:16+00:00","twitter_card":"summary_large_image","twitter_misc":{"Gesch\u00e4tzte Lesezeit":"3\u00a0Minuten"},"schema":{"@context":"https:\/\/schema.org","@graph":[{"@type":"WebPage","@id":"https:\/\/redfoxlotto.com\/de\/spielen\/lotto-fr\/","url":"https:\/\/redfoxlotto.com\/de\/spielen\/lotto-fr\/","name":"Wie man das Franz\u00f6sische Lotto online spielt","isPartOf":{"@id":"https:\/\/redfoxlotto.com\/de\/#website"},"datePublished":"2019-08-09T14:24:22+00:00","dateModified":"2025-12-10T23:20:16+00:00","description":"Wenn Sie bereit sind, die franz\u00f6sische Lotterie online zu spielen, ist dies der richtige Ort!","breadcrumb":{"@id":"https:\/\/redfoxlotto.com\/de\/spielen\/lotto-fr\/#breadcrumb"},"inLanguage":"de","potentialAction":[{"@type":"ReadAction","target":["https:\/\/redfoxlotto.com\/de\/spielen\/lotto-fr\/"]}]},{"@type":"BreadcrumbList","@id":"https:\/\/redfoxlotto.com\/de\/spielen\/lotto-fr\/#breadcrumb","itemListElement":[{"@type":"ListItem","position":1,"name":"Home","item":"https:\/\/redfoxlotto.com\/de\/"},{"@type":"ListItem","position":2,"name":"Mehr Lotterien online spielen","item":"https:\/\/redfoxlotto.com\/de\/spielen\/"},{"@type":"ListItem","position":3,"name":"Spielen Sie franz\u00f6sisches Lotto"}]},{"@type":"WebSite","@id":"https:\/\/redfoxlotto.com\/de\/#website","url":"https:\/\/redfoxlotto.com\/de\/","name":"Get Tickets for the World\u2019s largest jackpots","description":"Participate in worldwide lottery jackpots from any country","publisher":{"@id":"https:\/\/redfoxlotto.com\/de\/#organization"},"potentialAction":[{"@type":"SearchAction","target":{"@type":"EntryPoint","urlTemplate":"https:\/\/redfoxlotto.com\/de\/?s={search_term_string}"},"query-input":{"@type":"PropertyValueSpecification","valueRequired":true,"valueName":"search_term_string"}}],"inLanguage":"de"},{"@type":"Organization","@id":"https:\/\/redfoxlotto.com\/de\/#organization","name":"Get Tickets for the World\u2019s largest jackpots","url":"https:\/\/redfoxlotto.com\/de\/","logo":{"@type":"ImageObject","inLanguage":"de","@id":"https:\/\/redfoxlotto.com\/de\/#\/schema\/logo\/image\/","url":"https:\/\/redfoxlotto.com\/wp-content\/uploads\/2023\/04\/logo.png","contentUrl":"https:\/\/redfoxlotto.com\/wp-content\/uploads\/2023\/04\/logo.png","width":269,"height":53,"caption":"Get Tickets for the World\u2019s largest jackpots"},"image":{"@id":"https:\/\/redfoxlotto.com\/de\/#\/schema\/logo\/image\/"}}]}},"_links":{"self":[{"href":"https:\/\/redfoxlotto.com\/de\/wp-json\/wp\/v2\/pages\/2761","targetHints":{"allow":["GET"]}}],"collection":[{"href":"https:\/\/redfoxlotto.com\/de\/wp-json\/wp\/v2\/pages"}],"about":[{"href":"https:\/\/redfoxlotto.com\/de\/wp-json\/wp\/v2\/types\/page"}],"author":[{"embeddable":true,"href":"https:\/\/redfoxlotto.com\/de\/wp-json\/wp\/v2\/users\/1"}],"replies":[{"embeddable":true,"href":"https:\/\/redfoxlotto.com\/de\/wp-json\/wp\/v2\/comments?post=2761"}],"version-history":[{"count":0,"href":"https:\/\/redfoxlotto.com\/de\/wp-json\/wp\/v2\/pages\/2761\/revisions"}],"up":[{"embeddable":true,"href":"https:\/\/redfoxlotto.com\/de\/wp-json\/wp\/v2\/pages\/137"}],"wp:attachment":[{"href":"https:\/\/redfoxlotto.com\/de\/wp-json\/wp\/v2\/media?parent=2761"}],"curies":[{"name":"wp","href":"https:\/\/api.w.org\/{rel}","templated":true}]}}