{"id":175,"date":"2023-04-24T18:24:48","date_gmt":"2023-04-24T18:24:48","guid":{"rendered":"https:\/\/redfoxlotto.com\/?page_id=4410"},"modified":"2025-12-11T08:18:06","modified_gmt":"2025-12-11T08:18:06","slug":"saturday-lotto-au","status":"publish","type":"page","link":"https:\/\/redfoxlotto.com\/de\/spielen\/saturday-lotto-au\/","title":{"rendered":"Saturday Lotto Australien spielen"},"content":{"rendered":"<script type=\"application\/ld+json\">\r\n{\r\n  \"@context\": \"https:\/\/schema.org\",\r\n  \"@type\": \"Service\",\r\n  \"name\": \"Saturday Lotto Australia online\",\r\n  \"url\": \"https:\/\/redfoxlotto.com\/de\/spielen\/saturday-lotto-au\/\",\r\n  \"description\": \"Kaufen Sie offizielle Saturday Lotto Australia-Tickets online \u00fcber RedFoxLotto. W\u00e4hlen Sie Ihre Zahlen und nehmen Sie an der n\u00e4chsten Ziehung teil.\",\r\n  \"serviceType\": \"Online lottery ticket purchase\",\r\n\r\n  \"provider\": {\r\n    \"@type\": \"Organization\",\r\n    \"name\": \"RedFoxLotto\",\r\n    \"url\": \"https:\/\/redfoxlotto.com\",\r\n    \"logo\": \"https:\/\/redfoxlotto.com\/wp-content\/uploads\/logo.png\"\r\n  },\r\n\r\n  \"areaServed\": \"Worldwide\",\r\n  \"termsOfService\": \"https:\/\/redfoxlotto.com\/terms-and-conditions\",\r\n\r\n  \"hasOfferCatalog\": {\r\n    \"@type\": \"OfferCatalog\",\r\n    \"name\": \"Saturday Lotto Australia Offers\",\r\n    \"itemListElement\": [\r\n      {\r\n        \"@type\": \"Offer\",\r\n        \"name\": \"Lotto Saturday Lotto Australia Ticket\",\r\n        \"url\": \"https:\/\/redfoxlotto.com\/de\/spielen\/saturday-lotto-au\/\",\r\n        \"description\": \"Eine Teilnahme an der n\u00e4chsten Saturday Lotto Australia-Ziehung.\",\r\n        \"price\": \"1.50\",\r\n        \"priceCurrency\": \"EUR\",\r\n        \"availability\": \"https:\/\/schema.org\/InStock\",\r\n\r\n        \"itemOffered\": {\r\n          \"@type\": \"Service\",\r\n          \"name\": \"Saturday Lotto Australia Entry\",\r\n          \"description\": \"Teilnahme an der n\u00e4chsten Saturday Lotto Australia-Ziehung \u00fcber RedFoxLotto.\"\r\n        }\r\n      }\r\n    ]\r\n  },\r\n\r\n  \"mainEntityOfPage\": {\r\n    \"@type\": \"WebPage\",\r\n    \"@id\": \"https:\/\/redfoxlotto.com\/de\/spielen\/saturday-lotto-au\/\"\r\n  }\r\n}\r\n<\/script>\r\n\r\n<p><img decoding=\"async\" class=\"size-full wp-image alignright\" src=\"https:\/\/content.redfoxlotto.com\/uploads\/sites\/9\/2_ticket_saturday_lotto_au.jpg\" alt=\"Samstag Lotto Australien online spielen\"><\/p><p>Jeden Samstag wird jedem die M\u00f6glichkeit geboten, daran teilzunehmen und die Chance zu haben, viel Geld zu gewinnen. Das Internet hat es erm\u00f6glicht, solche lebensver\u00e4ndernden M\u00f6glichkeiten nicht zu verpassen, da jeder auf der ganzen Welt an dieser Gelegenheit teilnehmen kann, indem er ein Los f\u00fcr Australiens Samstagslotterie online bucht. Die Entfernung ist kein Hindernis mehr, wenn es darum geht, im Samstagslotterie zu spielen, da nicht nur die in Australien anwesenden, sondern jeder \u00fcberall in der Welt in der Lage ist, an der Lotterie teilzunehmen. Alles, was Sie brauchen, ist einfach jedes Ger\u00e4t, das auf das Internet zugreifen kann, und Sie k\u00f6nnten einfach der n\u00e4chste Jackpot-Gewinner der Samstagslotterie in Australien sein. Also, wann immer Sie sich einfach nur gl\u00fccklich f\u00fchlen, z\u00f6gern Sie nicht, einen Samstag-Lottoschein online zu buchen und Sie k\u00f6nnten einfach Ihr Leben eine gro\u00dfe Wende zum Besseren haben.<\/p><p>Die Buchung des Samstagslottoscheins ist so einfach, dass Sie nur ein Konto bei RedFoxLotto er\u00f6ffnen m\u00fcssen, Ihre 6 Lieblingszahlen aus 45 ausw\u00e4hlen oder Sie k\u00f6nnen einfach die Schnellauswahloption nutzen, bei der die Zahlen zuf\u00e4llig f\u00fcr Sie ausgew\u00e4hlt werden und dann Ihr Los gebucht und aufgezeichnet wird, und Sie erhalten auch eine E-Mail-Benachrichtigung, die Ihr gebuchtes Los best\u00e4tigt. Die Bezahlung der Tickets ist genauso einfach wie die Auswahl Ihrer Nummern, da es mehrere Zahlungsm\u00f6glichkeiten f\u00fcr Benutzer gibt und RedFoxLotto ein sicheres und privates Zahlungsportal bietet, so dass Sie keine Angst davor haben m\u00fcssen, Ihre Bankverbindung zu gef\u00e4hrden.<\/p><p><img decoding=\"async\" class=\"size-full wp-image alignright\" src=\"https:\/\/content.redfoxlotto.com\/uploads\/sites\/9\/1_lotto_jackpot_online.jpg\" alt=\"Australia lottery Saturday\"><\/p><p>Die Ziehung der Samstagslotterie findet jeden Samstagabend statt, und es werden 8 Zahlen gezogen. Die ersten 6 Zahlen sind die Hauptnummern und werden zur Bestimmung der Gewinner des Hauptpreises verwendet. Die restlichen 2 Zahlen sind die erg\u00e4nzenden Zahlen und werden zur Bestimmung anderer kleinerer Gewinnkategorien verwendet. Wenn die 6 Zahlen, die Sie bei der Buchung Ihres Tickets ausgew\u00e4hlt haben, mit den 6 gezogenen Hauptnummern \u00fcbereinstimmen, dann haben Sie den ultimativen Preis gewonnen. Es handelt sich um etwa 4 Millionen AUD$, die auf maximal 4 Gewinner aufgeteilt werden k\u00f6nnen. Es gibt Preise f\u00fcr Tickets mit weniger als 6 Zahlen, die den 6 gezogenen Zahlen entsprechen.<\/p><p>Wenn Sie das Gl\u00fcck haben, ein Gewinner zu sein, werden Sie \u00fcber Ihre Gewinne informiert. RedFoxLotto stellt sicher, dass Sie \u00fcber Ihren Gewinn informiert werden und verpasst Ihnen so keinen Ihrer Gewinne, da sie auch bei der Verarbeitung Ihrer Zahlungen helfen, um sicherzustellen, dass Sie diese erhalten. Wenn Ihre Gewinne gering sind, werden sie an Ihren Kundenkonto-Bereich weitergeleitet. Von dort aus k\u00f6nnen Sie sie auf Ihr Bankkonto abheben oder zum Kauf weiterer Tickets verwenden. Wenn Ihre Gewinne gro\u00df sind, wird sich ein Kundendienstmitarbeiter mit Ihnen in Verbindung setzen, um zu besprechen, wie Sie Ihre Gewinne erhalten.<\/p>","protected":false},"excerpt":{"rendered":"<p>Jeden Samstag wird jedem die M\u00f6glichkeit geboten, daran teilzunehmen und die Chance zu haben, viel Geld zu gewinnen. Das Internet hat es erm\u00f6glicht, solche lebensver\u00e4ndernden M\u00f6glichkeiten nicht zu verpassen, da jeder auf der ganzen Welt an dieser Gelegenheit teilnehmen kann, indem er ein Los f\u00fcr Australiens Samstagslotterie online bucht. Die Entfernung ist kein Hindernis mehr, [&hellip;]<\/p>\n","protected":false},"author":1,"featured_media":0,"parent":137,"menu_order":20,"comment_status":"closed","ping_status":"closed","template":"saturday-lotto.php","meta":{"_et_pb_use_builder":"","_et_pb_old_content":"","_et_gb_content_width":"","exclude_from_search":false,"footnotes":""},"class_list":["post-175","page","type-page","status-publish","hentry"],"yoast_head":"<!-- This site is optimized with the Yoast SEO plugin v23.8 - https:\/\/yoast.com\/wordpress\/plugins\/seo\/ -->\n<title>Spielen Sie Samstag Lotto online | Eine der gr\u00f6\u00dften Lotterien Australiens.<\/title>\n<meta name=\"description\" content=\"Buchen Sie Ihre Lose online und spielen Sie in der Samstagslotterie in Australien.\" \/>\n<meta name=\"robots\" content=\"index, follow, max-snippet:-1, max-image-preview:large, max-video-preview:-1\" \/>\n<link rel=\"canonical\" href=\"https:\/\/redfoxlotto.com\/de\/spielen\/saturday-lotto-au\/\" \/>\n<meta property=\"og:locale\" content=\"de_DE\" \/>\n<meta property=\"og:type\" content=\"article\" \/>\n<meta property=\"og:title\" content=\"Spielen Sie Samstag Lotto online | Eine der gr\u00f6\u00dften Lotterien Australiens.\" \/>\n<meta property=\"og:description\" content=\"Buchen Sie Ihre Lose online und spielen Sie in der Samstagslotterie in Australien.\" \/>\n<meta property=\"og:url\" content=\"https:\/\/redfoxlotto.com\/de\/spielen\/saturday-lotto-au\/\" \/>\n<meta property=\"og:site_name\" content=\"Get Tickets for the World\u2019s largest jackpots\" \/>\n<meta property=\"article:modified_time\" content=\"2025-12-11T08:18:06+00:00\" \/>\n<meta property=\"og:image\" content=\"https:\/\/content.redfoxlotto.com\/uploads\/sites\/9\/2_ticket_saturday_lotto_au.jpg\" \/>\n<meta name=\"twitter:card\" content=\"summary_large_image\" \/>\n<meta name=\"twitter:label1\" content=\"Gesch\u00e4tzte Lesezeit\" \/>\n\t<meta name=\"twitter:data1\" content=\"3\u00a0Minuten\" \/>\n<script type=\"application\/ld+json\" class=\"yoast-schema-graph\">{\"@context\":\"https:\/\/schema.org\",\"@graph\":[{\"@type\":\"WebPage\",\"@id\":\"https:\/\/redfoxlotto.com\/de\/spielen\/saturday-lotto-au\/\",\"url\":\"https:\/\/redfoxlotto.com\/de\/spielen\/saturday-lotto-au\/\",\"name\":\"Spielen Sie Samstag Lotto online | Eine der gr\u00f6\u00dften Lotterien Australiens.\",\"isPartOf\":{\"@id\":\"https:\/\/redfoxlotto.com\/de\/#website\"},\"primaryImageOfPage\":{\"@id\":\"https:\/\/redfoxlotto.com\/de\/spielen\/saturday-lotto-au\/#primaryimage\"},\"image\":{\"@id\":\"https:\/\/redfoxlotto.com\/de\/spielen\/saturday-lotto-au\/#primaryimage\"},\"thumbnailUrl\":\"https:\/\/content.redfoxlotto.com\/uploads\/sites\/9\/2_ticket_saturday_lotto_au.jpg\",\"datePublished\":\"2023-04-24T18:24:48+00:00\",\"dateModified\":\"2025-12-11T08:18:06+00:00\",\"description\":\"Buchen Sie Ihre Lose online und spielen Sie in der Samstagslotterie in Australien.\",\"breadcrumb\":{\"@id\":\"https:\/\/redfoxlotto.com\/de\/spielen\/saturday-lotto-au\/#breadcrumb\"},\"inLanguage\":\"de\",\"potentialAction\":[{\"@type\":\"ReadAction\",\"target\":[\"https:\/\/redfoxlotto.com\/de\/spielen\/saturday-lotto-au\/\"]}]},{\"@type\":\"ImageObject\",\"inLanguage\":\"de\",\"@id\":\"https:\/\/redfoxlotto.com\/de\/spielen\/saturday-lotto-au\/#primaryimage\",\"url\":\"https:\/\/content.redfoxlotto.com\/uploads\/sites\/9\/2_ticket_saturday_lotto_au.jpg\",\"contentUrl\":\"https:\/\/content.redfoxlotto.com\/uploads\/sites\/9\/2_ticket_saturday_lotto_au.jpg\"},{\"@type\":\"BreadcrumbList\",\"@id\":\"https:\/\/redfoxlotto.com\/de\/spielen\/saturday-lotto-au\/#breadcrumb\",\"itemListElement\":[{\"@type\":\"ListItem\",\"position\":1,\"name\":\"Home\",\"item\":\"https:\/\/redfoxlotto.com\/de\/\"},{\"@type\":\"ListItem\",\"position\":2,\"name\":\"Mehr Lotterien online spielen\",\"item\":\"https:\/\/redfoxlotto.com\/de\/spielen\/\"},{\"@type\":\"ListItem\",\"position\":3,\"name\":\"Saturday Lotto Australien spielen\"}]},{\"@type\":\"WebSite\",\"@id\":\"https:\/\/redfoxlotto.com\/de\/#website\",\"url\":\"https:\/\/redfoxlotto.com\/de\/\",\"name\":\"Get Tickets for the World\u2019s largest jackpots\",\"description\":\"Participate in worldwide lottery jackpots from any country\",\"publisher\":{\"@id\":\"https:\/\/redfoxlotto.com\/de\/#organization\"},\"potentialAction\":[{\"@type\":\"SearchAction\",\"target\":{\"@type\":\"EntryPoint\",\"urlTemplate\":\"https:\/\/redfoxlotto.com\/de\/?s={search_term_string}\"},\"query-input\":{\"@type\":\"PropertyValueSpecification\",\"valueRequired\":true,\"valueName\":\"search_term_string\"}}],\"inLanguage\":\"de\"},{\"@type\":\"Organization\",\"@id\":\"https:\/\/redfoxlotto.com\/de\/#organization\",\"name\":\"Get Tickets for the World\u2019s largest jackpots\",\"url\":\"https:\/\/redfoxlotto.com\/de\/\",\"logo\":{\"@type\":\"ImageObject\",\"inLanguage\":\"de\",\"@id\":\"https:\/\/redfoxlotto.com\/de\/#\/schema\/logo\/image\/\",\"url\":\"https:\/\/redfoxlotto.com\/wp-content\/uploads\/2023\/04\/logo.png\",\"contentUrl\":\"https:\/\/redfoxlotto.com\/wp-content\/uploads\/2023\/04\/logo.png\",\"width\":269,\"height\":53,\"caption\":\"Get Tickets for the World\u2019s largest jackpots\"},\"image\":{\"@id\":\"https:\/\/redfoxlotto.com\/de\/#\/schema\/logo\/image\/\"}}]}<\/script>\n<!-- \/ Yoast SEO plugin. -->","yoast_head_json":{"title":"Spielen Sie Samstag Lotto online | Eine der gr\u00f6\u00dften Lotterien Australiens.","description":"Buchen Sie Ihre Lose online und spielen Sie in der Samstagslotterie in Australien.","robots":{"index":"index","follow":"follow","max-snippet":"max-snippet:-1","max-image-preview":"max-image-preview:large","max-video-preview":"max-video-preview:-1"},"canonical":"https:\/\/redfoxlotto.com\/de\/spielen\/saturday-lotto-au\/","og_locale":"de_DE","og_type":"article","og_title":"Spielen Sie Samstag Lotto online | Eine der gr\u00f6\u00dften Lotterien Australiens.","og_description":"Buchen Sie Ihre Lose online und spielen Sie in der Samstagslotterie in Australien.","og_url":"https:\/\/redfoxlotto.com\/de\/spielen\/saturday-lotto-au\/","og_site_name":"Get Tickets for the World\u2019s largest jackpots","article_modified_time":"2025-12-11T08:18:06+00:00","og_image":[{"url":"https:\/\/content.redfoxlotto.com\/uploads\/sites\/9\/2_ticket_saturday_lotto_au.jpg"}],"twitter_card":"summary_large_image","twitter_misc":{"Gesch\u00e4tzte Lesezeit":"3\u00a0Minuten"},"schema":{"@context":"https:\/\/schema.org","@graph":[{"@type":"WebPage","@id":"https:\/\/redfoxlotto.com\/de\/spielen\/saturday-lotto-au\/","url":"https:\/\/redfoxlotto.com\/de\/spielen\/saturday-lotto-au\/","name":"Spielen Sie Samstag Lotto online | Eine der gr\u00f6\u00dften Lotterien Australiens.","isPartOf":{"@id":"https:\/\/redfoxlotto.com\/de\/#website"},"primaryImageOfPage":{"@id":"https:\/\/redfoxlotto.com\/de\/spielen\/saturday-lotto-au\/#primaryimage"},"image":{"@id":"https:\/\/redfoxlotto.com\/de\/spielen\/saturday-lotto-au\/#primaryimage"},"thumbnailUrl":"https:\/\/content.redfoxlotto.com\/uploads\/sites\/9\/2_ticket_saturday_lotto_au.jpg","datePublished":"2023-04-24T18:24:48+00:00","dateModified":"2025-12-11T08:18:06+00:00","description":"Buchen Sie Ihre Lose online und spielen Sie in der Samstagslotterie in Australien.","breadcrumb":{"@id":"https:\/\/redfoxlotto.com\/de\/spielen\/saturday-lotto-au\/#breadcrumb"},"inLanguage":"de","potentialAction":[{"@type":"ReadAction","target":["https:\/\/redfoxlotto.com\/de\/spielen\/saturday-lotto-au\/"]}]},{"@type":"ImageObject","inLanguage":"de","@id":"https:\/\/redfoxlotto.com\/de\/spielen\/saturday-lotto-au\/#primaryimage","url":"https:\/\/content.redfoxlotto.com\/uploads\/sites\/9\/2_ticket_saturday_lotto_au.jpg","contentUrl":"https:\/\/content.redfoxlotto.com\/uploads\/sites\/9\/2_ticket_saturday_lotto_au.jpg"},{"@type":"BreadcrumbList","@id":"https:\/\/redfoxlotto.com\/de\/spielen\/saturday-lotto-au\/#breadcrumb","itemListElement":[{"@type":"ListItem","position":1,"name":"Home","item":"https:\/\/redfoxlotto.com\/de\/"},{"@type":"ListItem","position":2,"name":"Mehr Lotterien online spielen","item":"https:\/\/redfoxlotto.com\/de\/spielen\/"},{"@type":"ListItem","position":3,"name":"Saturday Lotto Australien spielen"}]},{"@type":"WebSite","@id":"https:\/\/redfoxlotto.com\/de\/#website","url":"https:\/\/redfoxlotto.com\/de\/","name":"Get Tickets for the World\u2019s largest jackpots","description":"Participate in worldwide lottery jackpots from any country","publisher":{"@id":"https:\/\/redfoxlotto.com\/de\/#organization"},"potentialAction":[{"@type":"SearchAction","target":{"@type":"EntryPoint","urlTemplate":"https:\/\/redfoxlotto.com\/de\/?s={search_term_string}"},"query-input":{"@type":"PropertyValueSpecification","valueRequired":true,"valueName":"search_term_string"}}],"inLanguage":"de"},{"@type":"Organization","@id":"https:\/\/redfoxlotto.com\/de\/#organization","name":"Get Tickets for the World\u2019s largest jackpots","url":"https:\/\/redfoxlotto.com\/de\/","logo":{"@type":"ImageObject","inLanguage":"de","@id":"https:\/\/redfoxlotto.com\/de\/#\/schema\/logo\/image\/","url":"https:\/\/redfoxlotto.com\/wp-content\/uploads\/2023\/04\/logo.png","contentUrl":"https:\/\/redfoxlotto.com\/wp-content\/uploads\/2023\/04\/logo.png","width":269,"height":53,"caption":"Get Tickets for the World\u2019s largest jackpots"},"image":{"@id":"https:\/\/redfoxlotto.com\/de\/#\/schema\/logo\/image\/"}}]}},"_links":{"self":[{"href":"https:\/\/redfoxlotto.com\/de\/wp-json\/wp\/v2\/pages\/175","targetHints":{"allow":["GET"]}}],"collection":[{"href":"https:\/\/redfoxlotto.com\/de\/wp-json\/wp\/v2\/pages"}],"about":[{"href":"https:\/\/redfoxlotto.com\/de\/wp-json\/wp\/v2\/types\/page"}],"author":[{"embeddable":true,"href":"https:\/\/redfoxlotto.com\/de\/wp-json\/wp\/v2\/users\/1"}],"replies":[{"embeddable":true,"href":"https:\/\/redfoxlotto.com\/de\/wp-json\/wp\/v2\/comments?post=175"}],"version-history":[{"count":0,"href":"https:\/\/redfoxlotto.com\/de\/wp-json\/wp\/v2\/pages\/175\/revisions"}],"up":[{"embeddable":true,"href":"https:\/\/redfoxlotto.com\/de\/wp-json\/wp\/v2\/pages\/137"}],"wp:attachment":[{"href":"https:\/\/redfoxlotto.com\/de\/wp-json\/wp\/v2\/media?parent=175"}],"curies":[{"name":"wp","href":"https:\/\/api.w.org\/{rel}","templated":true}]}}