{"id":174,"date":"2023-04-24T18:19:55","date_gmt":"2023-04-24T18:19:55","guid":{"rendered":"https:\/\/redfoxlotto.com\/?page_id=4406"},"modified":"2023-05-13T05:41:04","modified_gmt":"2023-05-13T05:41:04","slug":"powerball-au","status":"publish","type":"page","link":"https:\/\/redfoxlotto.com\/de\/spielen\/powerball-au\/","title":{"rendered":"Powerball-Fieber aus Australien jetzt f\u00fcr alle"},"content":{"rendered":"<p>Jede Woche, an einem Donnerstagabend, begeistert Powerball Australia die Nation. Es rollt zwei Zahlenreihen aus, die sich in zwei Trommeln befinden. Im ersten Lauf gibt es 35 verschiedene Zahlen von 1 bis 35. Dann gibt ein zweiter Lauf Zahlen zwischen 1 und 20 aus.<\/p><p><img loading=\"lazy\" decoding=\"async\" class=\" wp-image alignright\" src=\"https:\/\/content.redfoxlotto.com\/uploads\/sites\/9\/2_ticket_powerball_au.jpg\" alt=\"Powerball Australia online\" width=\"171\" height=\"329\" \/><\/p><p>Der erste Lauf w\u00e4hlt sieben Zahlen aus, w\u00e4hrend der zweite Lauf nur eine einzige Zahl ausw\u00e4hlt. Diese eine Zahl (zwischen 1 und 20) ist der Powerball. Der Hauptpreis geht an jeden Spieler, der alle sieben Zahlen richtig ausw\u00e4hlt und den Powerball hat.<\/p><h2 class=\"wp-block-heading\">Wie fange ich an?<\/h2><p>Australier w\u00fcrden normalerweise spielen, indem sie AU$2,20 bei jedem Lotterieeinzelh\u00e4ndler ausgeben. Aber die Registrierung bei RedFoxLotto und das Spielen dieses Spiels online ist einfach, schnell und unkompliziert. Au\u00dferdem k\u00f6nnen Sie dies von \u00fcberall auf der Welt aus tun.<\/p><p>Denken Sie nur daran, dass die Ziehung um 20.30 Uhr Australian East Time stattfindet. <br \/>Ein j\u00fcngster Gewinner in Sydney hat erst k\u00fcrzlich 107 Millionen AU$ f\u00fcr dieses Powerball-Spiel erhalten. Aber Gewinner k\u00f6nnen aus vielen verschiedenen Kombinationen kommen. Wenn Sie alle sieben Zahlen aus Fass eins haben &#8211; aber nicht den Powerball -, w\u00fcrden Sie trotzdem einen gro\u00dfen Teil des Preises gewinnen. Diese Zahl variiert zwar, w\u00e4re aber leicht sechsstellig.<\/p><h2 class=\"wp-block-heading\">Spielen Sie die Online Powerball Australia Lotterie.<\/h2><p><img loading=\"lazy\" decoding=\"async\" class=\" wp-image alignright\" src=\"https:\/\/content.redfoxlotto.com\/uploads\/sites\/9\/1_lottery_win_luxury_house.jpg\" alt=\"Australian Powerball spielen\" width=\"207\" height=\"155\" \/><\/p><p>Im Gegensatz zu vielen Lotterien, die einen Zahlenbereich zwischen 1 und 49 oder 1 bis 59 haben, hat der Powerball Australia einen stark reduzierten Pool. Es gibt nur 35 Zahlen, aus denen Sie die Gewinner ausw\u00e4hlen k\u00f6nnen. Dies erh\u00f6ht die Gewinnchancen erheblich.<\/p><p>Die \u00dcbereinstimmung von sechs Zahlen und nicht der Powerball hat eine Chance von etwa 1 zu 36.000. Der Preis daf\u00fcr ist wiederum unterschiedlich, liegt aber oft \u00fcber AU$500. Tausende von Spielern freuen sich auf Donnerstagabend und warten auf die Powerball Australia Lottery.<\/p><h2 class=\"wp-block-heading\">Wie f\u00fclle ich mein Online-Konto?<\/h2><p>Es gibt eine Vielzahl von M\u00f6glichkeiten, Geld auf Ihr Konto bei RedFoxLotto einzuzahlen und den australischen Powerball online zu spielen. Nach einer einfachen \u00dcberpr\u00fcfung, dass Sie \u00fcber 18 Jahre alt sind und ein paar pers\u00f6nliche Daten, kann das Konto auf verschiedene Weise mit Geld ausgestattet werden.<\/p><p>RedFoxLotto akzeptiert MasterCard, Visa, PayPal, NETELLER, Skrill (fr\u00fcher Money Bookers) und sogar Bitcoins.<\/p>","protected":false},"excerpt":{"rendered":"<p>Jede Woche, an einem Donnerstagabend, begeistert Powerball Australia die Nation. Es rollt zwei Zahlenreihen aus, die sich in zwei Trommeln befinden. Im ersten Lauf gibt es 35 verschiedene Zahlen von 1 bis 35. Dann gibt ein zweiter Lauf Zahlen zwischen 1 und 20 aus. Der erste Lauf w\u00e4hlt sieben Zahlen aus, w\u00e4hrend der zweite Lauf [&hellip;]<\/p>\n","protected":false},"author":1,"featured_media":0,"parent":137,"menu_order":17,"comment_status":"closed","ping_status":"closed","template":"powerball-au.php","meta":{"_et_pb_use_builder":"","_et_pb_old_content":"","_et_gb_content_width":"","exclude_from_search":false,"footnotes":""},"class_list":["post-174","page","type-page","status-publish","hentry"],"yoast_head":"<!-- This site is optimized with the Yoast SEO plugin v27.4 - https:\/\/yoast.com\/product\/yoast-seo-wordpress\/ -->\n<title>Wie Sie beim Powerball Australien mitspielen<\/title>\n<meta name=\"description\" content=\"Australiens beliebteste Lotterie jetzt weltweit online verf\u00fcgbar\" \/>\n<meta name=\"robots\" content=\"index, follow, max-snippet:-1, max-image-preview:large, max-video-preview:-1\" \/>\n<link rel=\"canonical\" href=\"https:\/\/redfoxlotto.com\/de\/spielen\/powerball-au\/\" \/>\n<meta property=\"og:locale\" content=\"de_DE\" \/>\n<meta property=\"og:type\" content=\"article\" \/>\n<meta property=\"og:title\" content=\"Wie Sie beim Powerball Australien mitspielen\" \/>\n<meta property=\"og:description\" content=\"Australiens beliebteste Lotterie jetzt weltweit online verf\u00fcgbar\" \/>\n<meta property=\"og:url\" content=\"https:\/\/redfoxlotto.com\/de\/spielen\/powerball-au\/\" \/>\n<meta property=\"og:site_name\" content=\"Get Tickets for the World\u2019s largest jackpots\" \/>\n<meta property=\"article:modified_time\" content=\"2023-05-13T05:41:04+00:00\" \/>\n<meta property=\"og:image\" content=\"https:\/\/content.redfoxlotto.com\/uploads\/sites\/9\/2_ticket_powerball_au.jpg\" \/>\n<meta name=\"twitter:card\" content=\"summary_large_image\" \/>\n<meta name=\"twitter:label1\" content=\"Gesch\u00e4tzte Lesezeit\" \/>\n\t<meta name=\"twitter:data1\" content=\"2\u00a0Minuten\" \/>\n<script type=\"application\/ld+json\" class=\"yoast-schema-graph\">{\"@context\":\"https:\\\/\\\/schema.org\",\"@graph\":[{\"@type\":\"WebPage\",\"@id\":\"https:\\\/\\\/redfoxlotto.com\\\/de\\\/spielen\\\/powerball-au\\\/\",\"url\":\"https:\\\/\\\/redfoxlotto.com\\\/de\\\/spielen\\\/powerball-au\\\/\",\"name\":\"Wie Sie beim Powerball Australien mitspielen\",\"isPartOf\":{\"@id\":\"https:\\\/\\\/redfoxlotto.com\\\/de\\\/#website\"},\"primaryImageOfPage\":{\"@id\":\"https:\\\/\\\/redfoxlotto.com\\\/de\\\/spielen\\\/powerball-au\\\/#primaryimage\"},\"image\":{\"@id\":\"https:\\\/\\\/redfoxlotto.com\\\/de\\\/spielen\\\/powerball-au\\\/#primaryimage\"},\"thumbnailUrl\":\"https:\\\/\\\/content.redfoxlotto.com\\\/uploads\\\/sites\\\/9\\\/2_ticket_powerball_au.jpg\",\"datePublished\":\"2023-04-24T18:19:55+00:00\",\"dateModified\":\"2023-05-13T05:41:04+00:00\",\"description\":\"Australiens beliebteste Lotterie jetzt weltweit online verf\u00fcgbar\",\"breadcrumb\":{\"@id\":\"https:\\\/\\\/redfoxlotto.com\\\/de\\\/spielen\\\/powerball-au\\\/#breadcrumb\"},\"inLanguage\":\"de\",\"potentialAction\":[{\"@type\":\"ReadAction\",\"target\":[\"https:\\\/\\\/redfoxlotto.com\\\/de\\\/spielen\\\/powerball-au\\\/\"]}]},{\"@type\":\"ImageObject\",\"inLanguage\":\"de\",\"@id\":\"https:\\\/\\\/redfoxlotto.com\\\/de\\\/spielen\\\/powerball-au\\\/#primaryimage\",\"url\":\"https:\\\/\\\/content.redfoxlotto.com\\\/uploads\\\/sites\\\/9\\\/2_ticket_powerball_au.jpg\",\"contentUrl\":\"https:\\\/\\\/content.redfoxlotto.com\\\/uploads\\\/sites\\\/9\\\/2_ticket_powerball_au.jpg\"},{\"@type\":\"BreadcrumbList\",\"@id\":\"https:\\\/\\\/redfoxlotto.com\\\/de\\\/spielen\\\/powerball-au\\\/#breadcrumb\",\"itemListElement\":[{\"@type\":\"ListItem\",\"position\":1,\"name\":\"Home\",\"item\":\"https:\\\/\\\/redfoxlotto.com\\\/de\\\/\"},{\"@type\":\"ListItem\",\"position\":2,\"name\":\"Mehr Lotterien online spielen\",\"item\":\"https:\\\/\\\/redfoxlotto.com\\\/de\\\/spielen\\\/\"},{\"@type\":\"ListItem\",\"position\":3,\"name\":\"Powerball-Fieber aus Australien jetzt f\u00fcr alle\"}]},{\"@type\":\"WebSite\",\"@id\":\"https:\\\/\\\/redfoxlotto.com\\\/de\\\/#website\",\"url\":\"https:\\\/\\\/redfoxlotto.com\\\/de\\\/\",\"name\":\"Get Tickets for the World\u2019s largest jackpots\",\"description\":\"Participate in worldwide lottery jackpots from any country\",\"publisher\":{\"@id\":\"https:\\\/\\\/redfoxlotto.com\\\/de\\\/#organization\"},\"potentialAction\":[{\"@type\":\"SearchAction\",\"target\":{\"@type\":\"EntryPoint\",\"urlTemplate\":\"https:\\\/\\\/redfoxlotto.com\\\/de\\\/?s={search_term_string}\"},\"query-input\":{\"@type\":\"PropertyValueSpecification\",\"valueRequired\":true,\"valueName\":\"search_term_string\"}}],\"inLanguage\":\"de\"},{\"@type\":\"Organization\",\"@id\":\"https:\\\/\\\/redfoxlotto.com\\\/de\\\/#organization\",\"name\":\"Get Tickets for the World\u2019s largest jackpots\",\"url\":\"https:\\\/\\\/redfoxlotto.com\\\/de\\\/\",\"logo\":{\"@type\":\"ImageObject\",\"inLanguage\":\"de\",\"@id\":\"https:\\\/\\\/redfoxlotto.com\\\/de\\\/#\\\/schema\\\/logo\\\/image\\\/\",\"url\":\"https:\\\/\\\/redfoxlotto.com\\\/wp-content\\\/uploads\\\/2023\\\/04\\\/logo.png\",\"contentUrl\":\"https:\\\/\\\/redfoxlotto.com\\\/wp-content\\\/uploads\\\/2023\\\/04\\\/logo.png\",\"width\":269,\"height\":53,\"caption\":\"Get Tickets for the World\u2019s largest jackpots\"},\"image\":{\"@id\":\"https:\\\/\\\/redfoxlotto.com\\\/de\\\/#\\\/schema\\\/logo\\\/image\\\/\"}}]}<\/script>\n<!-- \/ Yoast SEO plugin. -->","yoast_head_json":{"title":"Wie Sie beim Powerball Australien mitspielen","description":"Australiens beliebteste Lotterie jetzt weltweit online verf\u00fcgbar","robots":{"index":"index","follow":"follow","max-snippet":"max-snippet:-1","max-image-preview":"max-image-preview:large","max-video-preview":"max-video-preview:-1"},"canonical":"https:\/\/redfoxlotto.com\/de\/spielen\/powerball-au\/","og_locale":"de_DE","og_type":"article","og_title":"Wie Sie beim Powerball Australien mitspielen","og_description":"Australiens beliebteste Lotterie jetzt weltweit online verf\u00fcgbar","og_url":"https:\/\/redfoxlotto.com\/de\/spielen\/powerball-au\/","og_site_name":"Get Tickets for the World\u2019s largest jackpots","article_modified_time":"2023-05-13T05:41:04+00:00","og_image":[{"url":"https:\/\/content.redfoxlotto.com\/uploads\/sites\/9\/2_ticket_powerball_au.jpg","type":"","width":"","height":""}],"twitter_card":"summary_large_image","twitter_misc":{"Gesch\u00e4tzte Lesezeit":"2\u00a0Minuten"},"schema":{"@context":"https:\/\/schema.org","@graph":[{"@type":"WebPage","@id":"https:\/\/redfoxlotto.com\/de\/spielen\/powerball-au\/","url":"https:\/\/redfoxlotto.com\/de\/spielen\/powerball-au\/","name":"Wie Sie beim Powerball Australien mitspielen","isPartOf":{"@id":"https:\/\/redfoxlotto.com\/de\/#website"},"primaryImageOfPage":{"@id":"https:\/\/redfoxlotto.com\/de\/spielen\/powerball-au\/#primaryimage"},"image":{"@id":"https:\/\/redfoxlotto.com\/de\/spielen\/powerball-au\/#primaryimage"},"thumbnailUrl":"https:\/\/content.redfoxlotto.com\/uploads\/sites\/9\/2_ticket_powerball_au.jpg","datePublished":"2023-04-24T18:19:55+00:00","dateModified":"2023-05-13T05:41:04+00:00","description":"Australiens beliebteste Lotterie jetzt weltweit online verf\u00fcgbar","breadcrumb":{"@id":"https:\/\/redfoxlotto.com\/de\/spielen\/powerball-au\/#breadcrumb"},"inLanguage":"de","potentialAction":[{"@type":"ReadAction","target":["https:\/\/redfoxlotto.com\/de\/spielen\/powerball-au\/"]}]},{"@type":"ImageObject","inLanguage":"de","@id":"https:\/\/redfoxlotto.com\/de\/spielen\/powerball-au\/#primaryimage","url":"https:\/\/content.redfoxlotto.com\/uploads\/sites\/9\/2_ticket_powerball_au.jpg","contentUrl":"https:\/\/content.redfoxlotto.com\/uploads\/sites\/9\/2_ticket_powerball_au.jpg"},{"@type":"BreadcrumbList","@id":"https:\/\/redfoxlotto.com\/de\/spielen\/powerball-au\/#breadcrumb","itemListElement":[{"@type":"ListItem","position":1,"name":"Home","item":"https:\/\/redfoxlotto.com\/de\/"},{"@type":"ListItem","position":2,"name":"Mehr Lotterien online spielen","item":"https:\/\/redfoxlotto.com\/de\/spielen\/"},{"@type":"ListItem","position":3,"name":"Powerball-Fieber aus Australien jetzt f\u00fcr alle"}]},{"@type":"WebSite","@id":"https:\/\/redfoxlotto.com\/de\/#website","url":"https:\/\/redfoxlotto.com\/de\/","name":"Get Tickets for the World\u2019s largest jackpots","description":"Participate in worldwide lottery jackpots from any country","publisher":{"@id":"https:\/\/redfoxlotto.com\/de\/#organization"},"potentialAction":[{"@type":"SearchAction","target":{"@type":"EntryPoint","urlTemplate":"https:\/\/redfoxlotto.com\/de\/?s={search_term_string}"},"query-input":{"@type":"PropertyValueSpecification","valueRequired":true,"valueName":"search_term_string"}}],"inLanguage":"de"},{"@type":"Organization","@id":"https:\/\/redfoxlotto.com\/de\/#organization","name":"Get Tickets for the World\u2019s largest jackpots","url":"https:\/\/redfoxlotto.com\/de\/","logo":{"@type":"ImageObject","inLanguage":"de","@id":"https:\/\/redfoxlotto.com\/de\/#\/schema\/logo\/image\/","url":"https:\/\/redfoxlotto.com\/wp-content\/uploads\/2023\/04\/logo.png","contentUrl":"https:\/\/redfoxlotto.com\/wp-content\/uploads\/2023\/04\/logo.png","width":269,"height":53,"caption":"Get Tickets for the World\u2019s largest jackpots"},"image":{"@id":"https:\/\/redfoxlotto.com\/de\/#\/schema\/logo\/image\/"}}]}},"_links":{"self":[{"href":"https:\/\/redfoxlotto.com\/de\/wp-json\/wp\/v2\/pages\/174","targetHints":{"allow":["GET"]}}],"collection":[{"href":"https:\/\/redfoxlotto.com\/de\/wp-json\/wp\/v2\/pages"}],"about":[{"href":"https:\/\/redfoxlotto.com\/de\/wp-json\/wp\/v2\/types\/page"}],"author":[{"embeddable":true,"href":"https:\/\/redfoxlotto.com\/de\/wp-json\/wp\/v2\/users\/1"}],"replies":[{"embeddable":true,"href":"https:\/\/redfoxlotto.com\/de\/wp-json\/wp\/v2\/comments?post=174"}],"version-history":[{"count":0,"href":"https:\/\/redfoxlotto.com\/de\/wp-json\/wp\/v2\/pages\/174\/revisions"}],"up":[{"embeddable":true,"href":"https:\/\/redfoxlotto.com\/de\/wp-json\/wp\/v2\/pages\/137"}],"wp:attachment":[{"href":"https:\/\/redfoxlotto.com\/de\/wp-json\/wp\/v2\/media?parent=174"}],"curies":[{"name":"wp","href":"https:\/\/api.w.org\/{rel}","templated":true}]}}