{"id":171,"date":"2023-04-24T17:52:16","date_gmt":"2023-04-24T17:52:16","guid":{"rendered":"https:\/\/redfoxlotto.com\/?page_id=4391"},"modified":"2018-11-18T08:55:00","modified_gmt":"2018-11-18T08:55:00","slug":"la-primitiva","status":"publish","type":"page","link":"https:\/\/redfoxlotto.com\/de\/spielen\/la-primitiva\/","title":{"rendered":"La Primitiva spielen"},"content":{"rendered":"<p><img decoding=\"async\" class=\"size-full wp-image alignright\" src=\"https:\/\/content.redfoxlotto.com\/uploads\/sites\/9\/2_ticket_la_primitiva4.jpg\" alt=\"\u03ba\u03b5\u03c1\u03b4\u03af\u03c3\u03c4\u03b5 \u03c4\u03bf La Primitiva\"><\/p><p>La Primitiva ist eine spanische Lotterie, die oft mit El Gordo in einem Topf geworfen wird. Sie werden beide von derselben Gesellschaft gehalten. La Primitiva ist die w\u00f6chentliche spanische Lotterie mit Ziehungen an jedem Donnerstag und Samstag. Sie m\u00fcssen 6 von 49 Nummern ausw\u00e4hlen, um Ihr Ticket zu komplettieren.<\/p><p>Mit der &#8222;Reintegro&#8220;-Zahl erhalten Sie ein neues Los f\u00fcr die n\u00e4chste Ziehung. Sie bestimmt auch, ob Sie den Hauptpreis gewonnen haben, f\u00fcr den Sie die 6 Hauptzahlen und die &#8222;Reintegro&#8220;-Zahl ben\u00f6tigen.<\/p><p>Diese Nummer wird automatisch gew\u00e4hlt, wenn Sie ein neues Los kaufen. Wenn Sie einen Schein online kaufen w\u00fcrden (was nur von Spanien aus m\u00f6glich ist!), k\u00f6nnten Sie Ihre &#8222;R&#8220;-Nummer selbst w\u00e4hlen, aber da wir unsere Scheine \u00fcber eine lokale Lotterieagentur kaufen, kann die &#8222;R&#8220;-Nummer nicht manuell auf unserer Website gew\u00e4hlt werden. Ihre &#8222;R&#8220;-Nummer wird jedoch auf Ihrem Schein stehen.<\/p><p>Die &#8222;C&#8220;-Zahl ist eine zus\u00e4tzliche Zahl, die f\u00fcr den Preis in der dritten Klasse gezogen wird. Nur wenn Sie 5 Zahlen richtig haben, kommt die &#8222;C&#8220;-Zahl ins Spiel. Wenn Ihre 6. Zahl mit der &#8222;C&#8220;-Zahl \u00fcbereinstimmt, gewinnen Sie einen h\u00f6heren Preis.<\/p><p>Auf der anderen Seite ist El Gordo die Weihnachtsversion dieser Lotterie. Diese Lotterie funktioniert auf eine ganz andere Weise. Es gibt nur eine Auslosung pro Jahr.<\/p><p>Wenn Sie ein Ticket f\u00fcr La Primitiva aus  kaufen m\u00f6chten, k\u00f6nnen Sie es hier auf unserer Website tun. Verwenden Sie unseren Zufallszahlengenerator oder w\u00e4hlen Sie Ihre Zahlen selbst aus.<\/p>","protected":false},"excerpt":{"rendered":"<p>La Primitiva ist eine spanische Lotterie, die oft mit El Gordo in einem Topf geworfen wird. Sie werden beide von derselben Gesellschaft gehalten. La Primitiva ist die w\u00f6chentliche spanische Lotterie mit Ziehungen an jedem Donnerstag und Samstag. Sie m\u00fcssen 6 von 49 Nummern ausw\u00e4hlen, um Ihr Ticket zu komplettieren. Mit der &#8222;Reintegro&#8220;-Zahl erhalten Sie ein [&hellip;]<\/p>\n","protected":false},"author":1,"featured_media":0,"parent":137,"menu_order":7,"comment_status":"closed","ping_status":"closed","template":"la-primitiva.php","meta":{"_et_pb_use_builder":"","_et_pb_old_content":"","_et_gb_content_width":"","exclude_from_search":false,"footnotes":""},"class_list":["post-171","page","type-page","status-publish","hentry"],"yoast_head":"<!-- This site is optimized with the Yoast SEO plugin v23.8 - https:\/\/yoast.com\/wordpress\/plugins\/seo\/ -->\n<title>La Primitiva von Deutschland aus spielen<\/title>\n<meta name=\"description\" content=\"Lassen Sie sich von uns zeigen, wie Sie La Primitiva Lotto Spanien von Deutschland aus spielen k\u00f6nnen\" \/>\n<meta name=\"robots\" content=\"index, follow, max-snippet:-1, max-image-preview:large, max-video-preview:-1\" \/>\n<link rel=\"canonical\" href=\"https:\/\/redfoxlotto.com\/de\/spielen\/la-primitiva\/\" \/>\n<meta property=\"og:locale\" content=\"de_DE\" \/>\n<meta property=\"og:type\" content=\"article\" \/>\n<meta property=\"og:title\" content=\"La Primitiva von Deutschland aus spielen\" \/>\n<meta property=\"og:description\" content=\"Lassen Sie sich von uns zeigen, wie Sie La Primitiva Lotto Spanien von Deutschland aus spielen k\u00f6nnen\" \/>\n<meta property=\"og:url\" content=\"https:\/\/redfoxlotto.com\/de\/spielen\/la-primitiva\/\" \/>\n<meta property=\"og:site_name\" content=\"Get Tickets for the World\u2019s largest jackpots\" \/>\n<meta property=\"article:modified_time\" content=\"2018-11-18T08:55:00+00:00\" \/>\n<meta property=\"og:image\" content=\"https:\/\/content.redfoxlotto.com\/uploads\/sites\/9\/2_ticket_la_primitiva4.jpg\" \/>\n<meta name=\"twitter:card\" content=\"summary_large_image\" \/>\n<meta name=\"twitter:label1\" content=\"Gesch\u00e4tzte Lesezeit\" \/>\n\t<meta name=\"twitter:data1\" content=\"2\u00a0Minuten\" \/>\n<script type=\"application\/ld+json\" class=\"yoast-schema-graph\">{\"@context\":\"https:\/\/schema.org\",\"@graph\":[{\"@type\":\"WebPage\",\"@id\":\"https:\/\/redfoxlotto.com\/de\/spielen\/la-primitiva\/\",\"url\":\"https:\/\/redfoxlotto.com\/de\/spielen\/la-primitiva\/\",\"name\":\"La Primitiva von Deutschland aus spielen\",\"isPartOf\":{\"@id\":\"https:\/\/redfoxlotto.com\/de\/#website\"},\"primaryImageOfPage\":{\"@id\":\"https:\/\/redfoxlotto.com\/de\/spielen\/la-primitiva\/#primaryimage\"},\"image\":{\"@id\":\"https:\/\/redfoxlotto.com\/de\/spielen\/la-primitiva\/#primaryimage\"},\"thumbnailUrl\":\"https:\/\/content.redfoxlotto.com\/uploads\/sites\/9\/2_ticket_la_primitiva4.jpg\",\"datePublished\":\"2023-04-24T17:52:16+00:00\",\"dateModified\":\"2018-11-18T08:55:00+00:00\",\"description\":\"Lassen Sie sich von uns zeigen, wie Sie La Primitiva Lotto Spanien von Deutschland aus spielen k\u00f6nnen\",\"breadcrumb\":{\"@id\":\"https:\/\/redfoxlotto.com\/de\/spielen\/la-primitiva\/#breadcrumb\"},\"inLanguage\":\"de\",\"potentialAction\":[{\"@type\":\"ReadAction\",\"target\":[\"https:\/\/redfoxlotto.com\/de\/spielen\/la-primitiva\/\"]}]},{\"@type\":\"ImageObject\",\"inLanguage\":\"de\",\"@id\":\"https:\/\/redfoxlotto.com\/de\/spielen\/la-primitiva\/#primaryimage\",\"url\":\"https:\/\/content.redfoxlotto.com\/uploads\/sites\/9\/2_ticket_la_primitiva4.jpg\",\"contentUrl\":\"https:\/\/content.redfoxlotto.com\/uploads\/sites\/9\/2_ticket_la_primitiva4.jpg\"},{\"@type\":\"BreadcrumbList\",\"@id\":\"https:\/\/redfoxlotto.com\/de\/spielen\/la-primitiva\/#breadcrumb\",\"itemListElement\":[{\"@type\":\"ListItem\",\"position\":1,\"name\":\"Home\",\"item\":\"https:\/\/redfoxlotto.com\/de\/\"},{\"@type\":\"ListItem\",\"position\":2,\"name\":\"Mehr Lotterien online spielen\",\"item\":\"https:\/\/redfoxlotto.com\/de\/spielen\/\"},{\"@type\":\"ListItem\",\"position\":3,\"name\":\"La Primitiva spielen\"}]},{\"@type\":\"WebSite\",\"@id\":\"https:\/\/redfoxlotto.com\/de\/#website\",\"url\":\"https:\/\/redfoxlotto.com\/de\/\",\"name\":\"Get Tickets for the World\u2019s largest jackpots\",\"description\":\"Participate in worldwide lottery jackpots from any country\",\"publisher\":{\"@id\":\"https:\/\/redfoxlotto.com\/de\/#organization\"},\"potentialAction\":[{\"@type\":\"SearchAction\",\"target\":{\"@type\":\"EntryPoint\",\"urlTemplate\":\"https:\/\/redfoxlotto.com\/de\/?s={search_term_string}\"},\"query-input\":{\"@type\":\"PropertyValueSpecification\",\"valueRequired\":true,\"valueName\":\"search_term_string\"}}],\"inLanguage\":\"de\"},{\"@type\":\"Organization\",\"@id\":\"https:\/\/redfoxlotto.com\/de\/#organization\",\"name\":\"Get Tickets for the World\u2019s largest jackpots\",\"url\":\"https:\/\/redfoxlotto.com\/de\/\",\"logo\":{\"@type\":\"ImageObject\",\"inLanguage\":\"de\",\"@id\":\"https:\/\/redfoxlotto.com\/de\/#\/schema\/logo\/image\/\",\"url\":\"https:\/\/redfoxlotto.com\/wp-content\/uploads\/2023\/04\/logo.png\",\"contentUrl\":\"https:\/\/redfoxlotto.com\/wp-content\/uploads\/2023\/04\/logo.png\",\"width\":269,\"height\":53,\"caption\":\"Get Tickets for the World\u2019s largest jackpots\"},\"image\":{\"@id\":\"https:\/\/redfoxlotto.com\/de\/#\/schema\/logo\/image\/\"}}]}<\/script>\n<!-- \/ Yoast SEO plugin. -->","yoast_head_json":{"title":"La Primitiva von Deutschland aus spielen","description":"Lassen Sie sich von uns zeigen, wie Sie La Primitiva Lotto Spanien von Deutschland aus spielen k\u00f6nnen","robots":{"index":"index","follow":"follow","max-snippet":"max-snippet:-1","max-image-preview":"max-image-preview:large","max-video-preview":"max-video-preview:-1"},"canonical":"https:\/\/redfoxlotto.com\/de\/spielen\/la-primitiva\/","og_locale":"de_DE","og_type":"article","og_title":"La Primitiva von Deutschland aus spielen","og_description":"Lassen Sie sich von uns zeigen, wie Sie La Primitiva Lotto Spanien von Deutschland aus spielen k\u00f6nnen","og_url":"https:\/\/redfoxlotto.com\/de\/spielen\/la-primitiva\/","og_site_name":"Get Tickets for the World\u2019s largest jackpots","article_modified_time":"2018-11-18T08:55:00+00:00","og_image":[{"url":"https:\/\/content.redfoxlotto.com\/uploads\/sites\/9\/2_ticket_la_primitiva4.jpg"}],"twitter_card":"summary_large_image","twitter_misc":{"Gesch\u00e4tzte Lesezeit":"2\u00a0Minuten"},"schema":{"@context":"https:\/\/schema.org","@graph":[{"@type":"WebPage","@id":"https:\/\/redfoxlotto.com\/de\/spielen\/la-primitiva\/","url":"https:\/\/redfoxlotto.com\/de\/spielen\/la-primitiva\/","name":"La Primitiva von Deutschland aus spielen","isPartOf":{"@id":"https:\/\/redfoxlotto.com\/de\/#website"},"primaryImageOfPage":{"@id":"https:\/\/redfoxlotto.com\/de\/spielen\/la-primitiva\/#primaryimage"},"image":{"@id":"https:\/\/redfoxlotto.com\/de\/spielen\/la-primitiva\/#primaryimage"},"thumbnailUrl":"https:\/\/content.redfoxlotto.com\/uploads\/sites\/9\/2_ticket_la_primitiva4.jpg","datePublished":"2023-04-24T17:52:16+00:00","dateModified":"2018-11-18T08:55:00+00:00","description":"Lassen Sie sich von uns zeigen, wie Sie La Primitiva Lotto Spanien von Deutschland aus spielen k\u00f6nnen","breadcrumb":{"@id":"https:\/\/redfoxlotto.com\/de\/spielen\/la-primitiva\/#breadcrumb"},"inLanguage":"de","potentialAction":[{"@type":"ReadAction","target":["https:\/\/redfoxlotto.com\/de\/spielen\/la-primitiva\/"]}]},{"@type":"ImageObject","inLanguage":"de","@id":"https:\/\/redfoxlotto.com\/de\/spielen\/la-primitiva\/#primaryimage","url":"https:\/\/content.redfoxlotto.com\/uploads\/sites\/9\/2_ticket_la_primitiva4.jpg","contentUrl":"https:\/\/content.redfoxlotto.com\/uploads\/sites\/9\/2_ticket_la_primitiva4.jpg"},{"@type":"BreadcrumbList","@id":"https:\/\/redfoxlotto.com\/de\/spielen\/la-primitiva\/#breadcrumb","itemListElement":[{"@type":"ListItem","position":1,"name":"Home","item":"https:\/\/redfoxlotto.com\/de\/"},{"@type":"ListItem","position":2,"name":"Mehr Lotterien online spielen","item":"https:\/\/redfoxlotto.com\/de\/spielen\/"},{"@type":"ListItem","position":3,"name":"La Primitiva spielen"}]},{"@type":"WebSite","@id":"https:\/\/redfoxlotto.com\/de\/#website","url":"https:\/\/redfoxlotto.com\/de\/","name":"Get Tickets for the World\u2019s largest jackpots","description":"Participate in worldwide lottery jackpots from any country","publisher":{"@id":"https:\/\/redfoxlotto.com\/de\/#organization"},"potentialAction":[{"@type":"SearchAction","target":{"@type":"EntryPoint","urlTemplate":"https:\/\/redfoxlotto.com\/de\/?s={search_term_string}"},"query-input":{"@type":"PropertyValueSpecification","valueRequired":true,"valueName":"search_term_string"}}],"inLanguage":"de"},{"@type":"Organization","@id":"https:\/\/redfoxlotto.com\/de\/#organization","name":"Get Tickets for the World\u2019s largest jackpots","url":"https:\/\/redfoxlotto.com\/de\/","logo":{"@type":"ImageObject","inLanguage":"de","@id":"https:\/\/redfoxlotto.com\/de\/#\/schema\/logo\/image\/","url":"https:\/\/redfoxlotto.com\/wp-content\/uploads\/2023\/04\/logo.png","contentUrl":"https:\/\/redfoxlotto.com\/wp-content\/uploads\/2023\/04\/logo.png","width":269,"height":53,"caption":"Get Tickets for the World\u2019s largest jackpots"},"image":{"@id":"https:\/\/redfoxlotto.com\/de\/#\/schema\/logo\/image\/"}}]}},"_links":{"self":[{"href":"https:\/\/redfoxlotto.com\/de\/wp-json\/wp\/v2\/pages\/171","targetHints":{"allow":["GET"]}}],"collection":[{"href":"https:\/\/redfoxlotto.com\/de\/wp-json\/wp\/v2\/pages"}],"about":[{"href":"https:\/\/redfoxlotto.com\/de\/wp-json\/wp\/v2\/types\/page"}],"author":[{"embeddable":true,"href":"https:\/\/redfoxlotto.com\/de\/wp-json\/wp\/v2\/users\/1"}],"replies":[{"embeddable":true,"href":"https:\/\/redfoxlotto.com\/de\/wp-json\/wp\/v2\/comments?post=171"}],"version-history":[{"count":0,"href":"https:\/\/redfoxlotto.com\/de\/wp-json\/wp\/v2\/pages\/171\/revisions"}],"up":[{"embeddable":true,"href":"https:\/\/redfoxlotto.com\/de\/wp-json\/wp\/v2\/pages\/137"}],"wp:attachment":[{"href":"https:\/\/redfoxlotto.com\/de\/wp-json\/wp\/v2\/media?parent=171"}],"curies":[{"name":"wp","href":"https:\/\/api.w.org\/{rel}","templated":true}]}}