{"id":168,"date":"2018-11-18T08:54:25","date_gmt":"2018-11-18T08:54:25","guid":{"rendered":"https:\/\/redfoxlotto.com\/?page_id=4380"},"modified":"2018-11-18T08:55:00","modified_gmt":"2018-11-18T08:55:00","slug":"saturday-lotto-au","status":"publish","type":"page","link":"https:\/\/redfoxlotto.com\/de\/ergebnisse\/saturday-lotto-au\/","title":{"rendered":"Ergebnisse des Samstag Lotto (Saturday Lotto)"},"content":{"rendered":"<p>Sobald die Ziehung beendet ist, werden hier die Ergebnisse des Samstagslottos angezeigt. Die Info enth\u00e4lt die Gewinnzahlen, den gesch\u00e4tzten n\u00e4chsten Jackpot und den Gewinnbetragg f\u00fcr die verschiedenen Preisstufen. <\/p><p><img loading=\"lazy\" decoding=\"async\" class=\" wp-image alignright\" src=\"https:\/\/content.redfoxlotto.com\/uploads\/sites\/9\/1_draw_lottery_results.jpg\" alt=\"Saturday Lotto\" width=\"249\" height=\"249\" \/><\/p><p>Wenn Sie Informationen \u00fcber vergangene Samstags-Lottoziehungen sehen m\u00f6chten, k\u00f6nnen Sie das Archiv nutzen, indem Sie auf das Dropdown-Men\u00fc Datum klicken. Das Archiv zeigt die Informationen der letzten drei Jahre.<\/p><h2 class=\"wp-block-heading\">Ziehungszahlen und Auszahlungsdetails f\u00fcr alle anderen Lotterien<\/h2><p>Um einen \u00dcberblick \u00fcber die neuesten Ergebnisse der Lottoziehung zu erhalten, klicken Sie oben auf das Hauptmen\u00fc &#8222;Ergebnisse&#8220;. Das bringt Sie zu einer Seite mit allen Lotterien. Auf dieser Seite sehen Sie die letzten gezogenen Zahlen sowie den Gesamtbetrag der Auszahlung f\u00fcr jede einzelne Lotterie.<\/p><p>Sie k\u00f6nnen diese \u00dcbersicht der Gewinnzahlen auch verwenden, um sich ein Bild davon zu machen, welche Zahlen Sie f\u00fcr Ihren n\u00e4chsten Spielschein (f\u00fcr das Samstagslotto oder eine andere Lotterie) ausw\u00e4hlen sollten. Verwenden Sie &#8222;kalte&#8220; Zahlen (Zahlen, die in keinem der letzten Ergebnisse vorkommen) oder hei\u00dfe Zahlen (Zahlen, die in mehreren Lotterien gewonnen haben). Oder Sie k\u00f6nnen kalte und hei\u00dfe Zahlen mischen und einige Ihrer eigenen Gl\u00fcckszahlen hinzuf\u00fcgen!<\/p><p><img loading=\"lazy\" decoding=\"async\" class=\" wp-image alignright\" src=\"https:\/\/content.redfoxlotto.com\/uploads\/sites\/9\/1_draw_lottery_numbers.jpg\" alt=\"Gewinnzahlen\" width=\"262\" height=\"185\" \/><\/p><h2 class=\"wp-block-heading\">Der einfachste und schnellste Weg, um zu \u00fcberpr\u00fcfen, ob Ihr Ticket gewonnen hat<\/h2><p>Um die Gewinnzahlen mit den Zahlen zu vergleichen, die Sie f\u00fcr Ihr Ticket ausgew\u00e4hlt haben, k\u00f6nnen Sie auch auf das Men\u00fc oben rechts &#8222;Mein Konto\/Meine Tickets&#8220; klicken. In diesem Bereich sehen Sie alle vergangenen und aktiven Tickets. In einer Spalte sehen Sie sofort, ob eines Ihrer Tickets gewonnen hat, sowie die H\u00f6he des Preises.<\/p><p>Klicken Sie auf das Lupensymbol (auf der rechten Seite) f\u00fcr jedes Ticket, und Sie sehen die Ziehungsergebnisse und Ihre Zahlen nebeneinander. Au\u00dferdem werden alle Zahlen auf Ihrem Los, die mit der Ziehung \u00fcbereinstimmen, hervorgehoben.<\/p>","protected":false},"excerpt":{"rendered":"<p>Sobald die Ziehung beendet ist, werden hier die Ergebnisse des Samstagslottos angezeigt. Die Info enth\u00e4lt die Gewinnzahlen, den gesch\u00e4tzten n\u00e4chsten Jackpot und den Gewinnbetragg f\u00fcr die verschiedenen Preisstufen. Wenn Sie Informationen \u00fcber vergangene Samstags-Lottoziehungen sehen m\u00f6chten, k\u00f6nnen Sie das Archiv nutzen, indem Sie auf das Dropdown-Men\u00fc Datum klicken. Das Archiv zeigt die Informationen der letzten [&hellip;]<\/p>\n","protected":false},"author":1,"featured_media":0,"parent":128,"menu_order":22,"comment_status":"closed","ping_status":"closed","template":"saturday-lotto-results.php","meta":{"_et_pb_use_builder":"","_et_pb_old_content":"","_et_gb_content_width":"","exclude_from_search":false,"footnotes":""},"class_list":["post-168","page","type-page","status-publish","hentry"],"yoast_head":"<!-- This site is optimized with the Yoast SEO plugin v27.4 - https:\/\/yoast.com\/product\/yoast-seo-wordpress\/ -->\n<title>Zahlen und Ergebnisse der Samstags-Lottogewinne<\/title>\n<meta name=\"description\" content=\"Hier sind die Gewinnzahlen f\u00fcr das Samstagslotto\" \/>\n<meta name=\"robots\" content=\"index, follow, max-snippet:-1, max-image-preview:large, max-video-preview:-1\" \/>\n<link rel=\"canonical\" href=\"https:\/\/redfoxlotto.com\/de\/ergebnisse\/saturday-lotto-au\/\" \/>\n<meta property=\"og:locale\" content=\"de_DE\" \/>\n<meta property=\"og:type\" content=\"article\" \/>\n<meta property=\"og:title\" content=\"Zahlen und Ergebnisse der Samstags-Lottogewinne\" \/>\n<meta property=\"og:description\" content=\"Hier sind die Gewinnzahlen f\u00fcr das Samstagslotto\" \/>\n<meta property=\"og:url\" content=\"https:\/\/redfoxlotto.com\/de\/ergebnisse\/saturday-lotto-au\/\" \/>\n<meta property=\"og:site_name\" content=\"Get Tickets for the World\u2019s largest jackpots\" \/>\n<meta property=\"article:modified_time\" content=\"2018-11-18T08:55:00+00:00\" \/>\n<meta property=\"og:image\" content=\"https:\/\/content.redfoxlotto.com\/uploads\/sites\/9\/1_draw_lottery_results.jpg\" \/>\n<meta name=\"twitter:card\" content=\"summary_large_image\" \/>\n<meta name=\"twitter:label1\" content=\"Gesch\u00e4tzte Lesezeit\" \/>\n\t<meta name=\"twitter:data1\" content=\"2\u00a0Minuten\" \/>\n<script type=\"application\/ld+json\" class=\"yoast-schema-graph\">{\"@context\":\"https:\\\/\\\/schema.org\",\"@graph\":[{\"@type\":\"WebPage\",\"@id\":\"https:\\\/\\\/redfoxlotto.com\\\/de\\\/ergebnisse\\\/saturday-lotto-au\\\/\",\"url\":\"https:\\\/\\\/redfoxlotto.com\\\/de\\\/ergebnisse\\\/saturday-lotto-au\\\/\",\"name\":\"Zahlen und Ergebnisse der Samstags-Lottogewinne\",\"isPartOf\":{\"@id\":\"https:\\\/\\\/redfoxlotto.com\\\/de\\\/#website\"},\"primaryImageOfPage\":{\"@id\":\"https:\\\/\\\/redfoxlotto.com\\\/de\\\/ergebnisse\\\/saturday-lotto-au\\\/#primaryimage\"},\"image\":{\"@id\":\"https:\\\/\\\/redfoxlotto.com\\\/de\\\/ergebnisse\\\/saturday-lotto-au\\\/#primaryimage\"},\"thumbnailUrl\":\"https:\\\/\\\/content.redfoxlotto.com\\\/uploads\\\/sites\\\/9\\\/1_draw_lottery_results.jpg\",\"datePublished\":\"2018-11-18T08:54:25+00:00\",\"dateModified\":\"2018-11-18T08:55:00+00:00\",\"description\":\"Hier sind die Gewinnzahlen f\u00fcr das Samstagslotto\",\"breadcrumb\":{\"@id\":\"https:\\\/\\\/redfoxlotto.com\\\/de\\\/ergebnisse\\\/saturday-lotto-au\\\/#breadcrumb\"},\"inLanguage\":\"de\",\"potentialAction\":[{\"@type\":\"ReadAction\",\"target\":[\"https:\\\/\\\/redfoxlotto.com\\\/de\\\/ergebnisse\\\/saturday-lotto-au\\\/\"]}]},{\"@type\":\"ImageObject\",\"inLanguage\":\"de\",\"@id\":\"https:\\\/\\\/redfoxlotto.com\\\/de\\\/ergebnisse\\\/saturday-lotto-au\\\/#primaryimage\",\"url\":\"https:\\\/\\\/content.redfoxlotto.com\\\/uploads\\\/sites\\\/9\\\/1_draw_lottery_results.jpg\",\"contentUrl\":\"https:\\\/\\\/content.redfoxlotto.com\\\/uploads\\\/sites\\\/9\\\/1_draw_lottery_results.jpg\"},{\"@type\":\"BreadcrumbList\",\"@id\":\"https:\\\/\\\/redfoxlotto.com\\\/de\\\/ergebnisse\\\/saturday-lotto-au\\\/#breadcrumb\",\"itemListElement\":[{\"@type\":\"ListItem\",\"position\":1,\"name\":\"Home\",\"item\":\"https:\\\/\\\/redfoxlotto.com\\\/de\\\/\"},{\"@type\":\"ListItem\",\"position\":2,\"name\":\"Gewinnzahlen und Ergebnisse weltweiter Lotterien\",\"item\":\"https:\\\/\\\/redfoxlotto.com\\\/de\\\/ergebnisse\\\/\"},{\"@type\":\"ListItem\",\"position\":3,\"name\":\"Ergebnisse des Samstag Lotto (Saturday Lotto)\"}]},{\"@type\":\"WebSite\",\"@id\":\"https:\\\/\\\/redfoxlotto.com\\\/de\\\/#website\",\"url\":\"https:\\\/\\\/redfoxlotto.com\\\/de\\\/\",\"name\":\"Get Tickets for the World\u2019s largest jackpots\",\"description\":\"Participate in worldwide lottery jackpots from any country\",\"publisher\":{\"@id\":\"https:\\\/\\\/redfoxlotto.com\\\/de\\\/#organization\"},\"potentialAction\":[{\"@type\":\"SearchAction\",\"target\":{\"@type\":\"EntryPoint\",\"urlTemplate\":\"https:\\\/\\\/redfoxlotto.com\\\/de\\\/?s={search_term_string}\"},\"query-input\":{\"@type\":\"PropertyValueSpecification\",\"valueRequired\":true,\"valueName\":\"search_term_string\"}}],\"inLanguage\":\"de\"},{\"@type\":\"Organization\",\"@id\":\"https:\\\/\\\/redfoxlotto.com\\\/de\\\/#organization\",\"name\":\"Get Tickets for the World\u2019s largest jackpots\",\"url\":\"https:\\\/\\\/redfoxlotto.com\\\/de\\\/\",\"logo\":{\"@type\":\"ImageObject\",\"inLanguage\":\"de\",\"@id\":\"https:\\\/\\\/redfoxlotto.com\\\/de\\\/#\\\/schema\\\/logo\\\/image\\\/\",\"url\":\"https:\\\/\\\/redfoxlotto.com\\\/wp-content\\\/uploads\\\/2023\\\/04\\\/logo.png\",\"contentUrl\":\"https:\\\/\\\/redfoxlotto.com\\\/wp-content\\\/uploads\\\/2023\\\/04\\\/logo.png\",\"width\":269,\"height\":53,\"caption\":\"Get Tickets for the World\u2019s largest jackpots\"},\"image\":{\"@id\":\"https:\\\/\\\/redfoxlotto.com\\\/de\\\/#\\\/schema\\\/logo\\\/image\\\/\"}}]}<\/script>\n<!-- \/ Yoast SEO plugin. -->","yoast_head_json":{"title":"Zahlen und Ergebnisse der Samstags-Lottogewinne","description":"Hier sind die Gewinnzahlen f\u00fcr das Samstagslotto","robots":{"index":"index","follow":"follow","max-snippet":"max-snippet:-1","max-image-preview":"max-image-preview:large","max-video-preview":"max-video-preview:-1"},"canonical":"https:\/\/redfoxlotto.com\/de\/ergebnisse\/saturday-lotto-au\/","og_locale":"de_DE","og_type":"article","og_title":"Zahlen und Ergebnisse der Samstags-Lottogewinne","og_description":"Hier sind die Gewinnzahlen f\u00fcr das Samstagslotto","og_url":"https:\/\/redfoxlotto.com\/de\/ergebnisse\/saturday-lotto-au\/","og_site_name":"Get Tickets for the World\u2019s largest jackpots","article_modified_time":"2018-11-18T08:55:00+00:00","og_image":[{"url":"https:\/\/content.redfoxlotto.com\/uploads\/sites\/9\/1_draw_lottery_results.jpg","type":"","width":"","height":""}],"twitter_card":"summary_large_image","twitter_misc":{"Gesch\u00e4tzte Lesezeit":"2\u00a0Minuten"},"schema":{"@context":"https:\/\/schema.org","@graph":[{"@type":"WebPage","@id":"https:\/\/redfoxlotto.com\/de\/ergebnisse\/saturday-lotto-au\/","url":"https:\/\/redfoxlotto.com\/de\/ergebnisse\/saturday-lotto-au\/","name":"Zahlen und Ergebnisse der Samstags-Lottogewinne","isPartOf":{"@id":"https:\/\/redfoxlotto.com\/de\/#website"},"primaryImageOfPage":{"@id":"https:\/\/redfoxlotto.com\/de\/ergebnisse\/saturday-lotto-au\/#primaryimage"},"image":{"@id":"https:\/\/redfoxlotto.com\/de\/ergebnisse\/saturday-lotto-au\/#primaryimage"},"thumbnailUrl":"https:\/\/content.redfoxlotto.com\/uploads\/sites\/9\/1_draw_lottery_results.jpg","datePublished":"2018-11-18T08:54:25+00:00","dateModified":"2018-11-18T08:55:00+00:00","description":"Hier sind die Gewinnzahlen f\u00fcr das Samstagslotto","breadcrumb":{"@id":"https:\/\/redfoxlotto.com\/de\/ergebnisse\/saturday-lotto-au\/#breadcrumb"},"inLanguage":"de","potentialAction":[{"@type":"ReadAction","target":["https:\/\/redfoxlotto.com\/de\/ergebnisse\/saturday-lotto-au\/"]}]},{"@type":"ImageObject","inLanguage":"de","@id":"https:\/\/redfoxlotto.com\/de\/ergebnisse\/saturday-lotto-au\/#primaryimage","url":"https:\/\/content.redfoxlotto.com\/uploads\/sites\/9\/1_draw_lottery_results.jpg","contentUrl":"https:\/\/content.redfoxlotto.com\/uploads\/sites\/9\/1_draw_lottery_results.jpg"},{"@type":"BreadcrumbList","@id":"https:\/\/redfoxlotto.com\/de\/ergebnisse\/saturday-lotto-au\/#breadcrumb","itemListElement":[{"@type":"ListItem","position":1,"name":"Home","item":"https:\/\/redfoxlotto.com\/de\/"},{"@type":"ListItem","position":2,"name":"Gewinnzahlen und Ergebnisse weltweiter Lotterien","item":"https:\/\/redfoxlotto.com\/de\/ergebnisse\/"},{"@type":"ListItem","position":3,"name":"Ergebnisse des Samstag Lotto (Saturday Lotto)"}]},{"@type":"WebSite","@id":"https:\/\/redfoxlotto.com\/de\/#website","url":"https:\/\/redfoxlotto.com\/de\/","name":"Get Tickets for the World\u2019s largest jackpots","description":"Participate in worldwide lottery jackpots from any country","publisher":{"@id":"https:\/\/redfoxlotto.com\/de\/#organization"},"potentialAction":[{"@type":"SearchAction","target":{"@type":"EntryPoint","urlTemplate":"https:\/\/redfoxlotto.com\/de\/?s={search_term_string}"},"query-input":{"@type":"PropertyValueSpecification","valueRequired":true,"valueName":"search_term_string"}}],"inLanguage":"de"},{"@type":"Organization","@id":"https:\/\/redfoxlotto.com\/de\/#organization","name":"Get Tickets for the World\u2019s largest jackpots","url":"https:\/\/redfoxlotto.com\/de\/","logo":{"@type":"ImageObject","inLanguage":"de","@id":"https:\/\/redfoxlotto.com\/de\/#\/schema\/logo\/image\/","url":"https:\/\/redfoxlotto.com\/wp-content\/uploads\/2023\/04\/logo.png","contentUrl":"https:\/\/redfoxlotto.com\/wp-content\/uploads\/2023\/04\/logo.png","width":269,"height":53,"caption":"Get Tickets for the World\u2019s largest jackpots"},"image":{"@id":"https:\/\/redfoxlotto.com\/de\/#\/schema\/logo\/image\/"}}]}},"_links":{"self":[{"href":"https:\/\/redfoxlotto.com\/de\/wp-json\/wp\/v2\/pages\/168","targetHints":{"allow":["GET"]}}],"collection":[{"href":"https:\/\/redfoxlotto.com\/de\/wp-json\/wp\/v2\/pages"}],"about":[{"href":"https:\/\/redfoxlotto.com\/de\/wp-json\/wp\/v2\/types\/page"}],"author":[{"embeddable":true,"href":"https:\/\/redfoxlotto.com\/de\/wp-json\/wp\/v2\/users\/1"}],"replies":[{"embeddable":true,"href":"https:\/\/redfoxlotto.com\/de\/wp-json\/wp\/v2\/comments?post=168"}],"version-history":[{"count":0,"href":"https:\/\/redfoxlotto.com\/de\/wp-json\/wp\/v2\/pages\/168\/revisions"}],"up":[{"embeddable":true,"href":"https:\/\/redfoxlotto.com\/de\/wp-json\/wp\/v2\/pages\/128"}],"wp:attachment":[{"href":"https:\/\/redfoxlotto.com\/de\/wp-json\/wp\/v2\/media?parent=168"}],"curies":[{"name":"wp","href":"https:\/\/api.w.org\/{rel}","templated":true}]}}