{"id":167,"date":"2018-11-18T08:54:25","date_gmt":"2018-11-18T08:54:25","guid":{"rendered":"https:\/\/redfoxlotto.com\/?page_id=4376"},"modified":"2018-11-18T08:55:00","modified_gmt":"2018-11-18T08:55:00","slug":"powerball-au","status":"publish","type":"page","link":"https:\/\/redfoxlotto.com\/de\/ergebnisse\/powerball-au\/","title":{"rendered":"Powerball Australia Ergebnisse"},"content":{"rendered":"<p>Auf dieser Seite zeigen wir Ihnen die Auszahlungsstufen, gezogenen Zahlen und andere Details f\u00fcr Powerball Australia.<\/p><!--more--><h2 class=\"wp-block-heading\">\u00dcbersicht \u00fcber alle Ergebnisse auf RedFoxLotto<\/h2><p><img loading=\"lazy\" decoding=\"async\" class=\" wp-image alignright\" src=\"https:\/\/content.redfoxlotto.com\/uploads\/sites\/9\/1_winning_online_lottery.jpg\" alt=\"Powerball Australia\" width=\"292\" height=\"292\" \/><\/p><p>Um alle Lotterieergebnisse der letzten Ziehungen zu sehen, klicken Sie oben auf das Men\u00fc &#8222;Ergebnisse&#8220;. <\/p><h2 class=\"wp-block-heading\">\u00dcberpr\u00fcfen Sie, ob Ihr Ticket gewonnen hat.<\/h2><p><img decoding=\"async\" class=\"size-full wp-image alignright\" src=\"https:\/\/content.redfoxlotto.com\/uploads\/sites\/9\/1_lotto_money_win.jpg\" alt=\"Lotterieergebnisse\"><\/p><p>Sie k\u00f6nnen auch Ihren Bereich &#8222;Meine Tickets&#8220; \u00fcberpr\u00fcfen. Nachdem Sie auf ein beliebiges Ticket geklickt haben, k\u00f6nnen Sie sofort sehen, wie viele \u00fcbereinstimmende Zahlen Sie auf Ihrem Ticket haben.<\/p>","protected":false},"excerpt":{"rendered":"<p>Auf dieser Seite zeigen wir Ihnen die Auszahlungsstufen, gezogenen Zahlen und andere Details f\u00fcr Powerball Australia.<\/p>\n","protected":false},"author":1,"featured_media":0,"parent":128,"menu_order":20,"comment_status":"closed","ping_status":"closed","template":"powerball-au-results.php","meta":{"_et_pb_use_builder":"","_et_pb_old_content":"","_et_gb_content_width":"","exclude_from_search":false,"footnotes":""},"class_list":["post-167","page","type-page","status-publish","hentry"],"yoast_head":"<!-- This site is optimized with the Yoast SEO plugin v27.3 - https:\/\/yoast.com\/product\/yoast-seo-wordpress\/ -->\n<title>Powerball Australien Lotterieergebnisse und Gewinnzahlen<\/title>\n<meta name=\"description\" content=\"Hier erhalten Sie die neuesten Ergebnisse des Powerball-Lotto Australien, und ein Archiv f\u00fcr fr\u00fchere Ziehungen.\" \/>\n<meta name=\"robots\" content=\"index, follow, max-snippet:-1, max-image-preview:large, max-video-preview:-1\" \/>\n<link rel=\"canonical\" href=\"https:\/\/redfoxlotto.com\/de\/ergebnisse\/powerball-au\/\" \/>\n<meta property=\"og:locale\" content=\"de_DE\" \/>\n<meta property=\"og:type\" content=\"article\" \/>\n<meta property=\"og:title\" content=\"Powerball Australien Lotterieergebnisse und Gewinnzahlen\" \/>\n<meta property=\"og:description\" content=\"Hier erhalten Sie die neuesten Ergebnisse des Powerball-Lotto Australien, und ein Archiv f\u00fcr fr\u00fchere Ziehungen.\" \/>\n<meta property=\"og:url\" content=\"https:\/\/redfoxlotto.com\/de\/ergebnisse\/powerball-au\/\" \/>\n<meta property=\"og:site_name\" content=\"Get Tickets for the World\u2019s largest jackpots\" \/>\n<meta property=\"article:modified_time\" content=\"2018-11-18T08:55:00+00:00\" \/>\n<meta property=\"og:image\" content=\"https:\/\/content.redfoxlotto.com\/uploads\/sites\/9\/1_winning_online_lottery.jpg\" \/>\n<meta name=\"twitter:card\" content=\"summary_large_image\" \/>\n<meta name=\"twitter:label1\" content=\"Gesch\u00e4tzte Lesezeit\" \/>\n\t<meta name=\"twitter:data1\" content=\"1\u00a0Minute\" \/>\n<script type=\"application\/ld+json\" class=\"yoast-schema-graph\">{\"@context\":\"https:\\\/\\\/schema.org\",\"@graph\":[{\"@type\":\"WebPage\",\"@id\":\"https:\\\/\\\/redfoxlotto.com\\\/de\\\/ergebnisse\\\/powerball-au\\\/\",\"url\":\"https:\\\/\\\/redfoxlotto.com\\\/de\\\/ergebnisse\\\/powerball-au\\\/\",\"name\":\"Powerball Australien Lotterieergebnisse und Gewinnzahlen\",\"isPartOf\":{\"@id\":\"https:\\\/\\\/redfoxlotto.com\\\/de\\\/#website\"},\"primaryImageOfPage\":{\"@id\":\"https:\\\/\\\/redfoxlotto.com\\\/de\\\/ergebnisse\\\/powerball-au\\\/#primaryimage\"},\"image\":{\"@id\":\"https:\\\/\\\/redfoxlotto.com\\\/de\\\/ergebnisse\\\/powerball-au\\\/#primaryimage\"},\"thumbnailUrl\":\"https:\\\/\\\/content.redfoxlotto.com\\\/uploads\\\/sites\\\/9\\\/1_winning_online_lottery.jpg\",\"datePublished\":\"2018-11-18T08:54:25+00:00\",\"dateModified\":\"2018-11-18T08:55:00+00:00\",\"description\":\"Hier erhalten Sie die neuesten Ergebnisse des Powerball-Lotto Australien, und ein Archiv f\u00fcr fr\u00fchere Ziehungen.\",\"breadcrumb\":{\"@id\":\"https:\\\/\\\/redfoxlotto.com\\\/de\\\/ergebnisse\\\/powerball-au\\\/#breadcrumb\"},\"inLanguage\":\"de\",\"potentialAction\":[{\"@type\":\"ReadAction\",\"target\":[\"https:\\\/\\\/redfoxlotto.com\\\/de\\\/ergebnisse\\\/powerball-au\\\/\"]}]},{\"@type\":\"ImageObject\",\"inLanguage\":\"de\",\"@id\":\"https:\\\/\\\/redfoxlotto.com\\\/de\\\/ergebnisse\\\/powerball-au\\\/#primaryimage\",\"url\":\"https:\\\/\\\/content.redfoxlotto.com\\\/uploads\\\/sites\\\/9\\\/1_winning_online_lottery.jpg\",\"contentUrl\":\"https:\\\/\\\/content.redfoxlotto.com\\\/uploads\\\/sites\\\/9\\\/1_winning_online_lottery.jpg\"},{\"@type\":\"BreadcrumbList\",\"@id\":\"https:\\\/\\\/redfoxlotto.com\\\/de\\\/ergebnisse\\\/powerball-au\\\/#breadcrumb\",\"itemListElement\":[{\"@type\":\"ListItem\",\"position\":1,\"name\":\"Home\",\"item\":\"https:\\\/\\\/redfoxlotto.com\\\/de\\\/\"},{\"@type\":\"ListItem\",\"position\":2,\"name\":\"Gewinnzahlen und Ergebnisse weltweiter Lotterien\",\"item\":\"https:\\\/\\\/redfoxlotto.com\\\/de\\\/ergebnisse\\\/\"},{\"@type\":\"ListItem\",\"position\":3,\"name\":\"Powerball Australia Ergebnisse\"}]},{\"@type\":\"WebSite\",\"@id\":\"https:\\\/\\\/redfoxlotto.com\\\/de\\\/#website\",\"url\":\"https:\\\/\\\/redfoxlotto.com\\\/de\\\/\",\"name\":\"Get Tickets for the World\u2019s largest jackpots\",\"description\":\"Participate in worldwide lottery jackpots from any country\",\"publisher\":{\"@id\":\"https:\\\/\\\/redfoxlotto.com\\\/de\\\/#organization\"},\"potentialAction\":[{\"@type\":\"SearchAction\",\"target\":{\"@type\":\"EntryPoint\",\"urlTemplate\":\"https:\\\/\\\/redfoxlotto.com\\\/de\\\/?s={search_term_string}\"},\"query-input\":{\"@type\":\"PropertyValueSpecification\",\"valueRequired\":true,\"valueName\":\"search_term_string\"}}],\"inLanguage\":\"de\"},{\"@type\":\"Organization\",\"@id\":\"https:\\\/\\\/redfoxlotto.com\\\/de\\\/#organization\",\"name\":\"Get Tickets for the World\u2019s largest jackpots\",\"url\":\"https:\\\/\\\/redfoxlotto.com\\\/de\\\/\",\"logo\":{\"@type\":\"ImageObject\",\"inLanguage\":\"de\",\"@id\":\"https:\\\/\\\/redfoxlotto.com\\\/de\\\/#\\\/schema\\\/logo\\\/image\\\/\",\"url\":\"https:\\\/\\\/redfoxlotto.com\\\/wp-content\\\/uploads\\\/2023\\\/04\\\/logo.png\",\"contentUrl\":\"https:\\\/\\\/redfoxlotto.com\\\/wp-content\\\/uploads\\\/2023\\\/04\\\/logo.png\",\"width\":269,\"height\":53,\"caption\":\"Get Tickets for the World\u2019s largest jackpots\"},\"image\":{\"@id\":\"https:\\\/\\\/redfoxlotto.com\\\/de\\\/#\\\/schema\\\/logo\\\/image\\\/\"}}]}<\/script>\n<!-- \/ Yoast SEO plugin. -->","yoast_head_json":{"title":"Powerball Australien Lotterieergebnisse und Gewinnzahlen","description":"Hier erhalten Sie die neuesten Ergebnisse des Powerball-Lotto Australien, und ein Archiv f\u00fcr fr\u00fchere Ziehungen.","robots":{"index":"index","follow":"follow","max-snippet":"max-snippet:-1","max-image-preview":"max-image-preview:large","max-video-preview":"max-video-preview:-1"},"canonical":"https:\/\/redfoxlotto.com\/de\/ergebnisse\/powerball-au\/","og_locale":"de_DE","og_type":"article","og_title":"Powerball Australien Lotterieergebnisse und Gewinnzahlen","og_description":"Hier erhalten Sie die neuesten Ergebnisse des Powerball-Lotto Australien, und ein Archiv f\u00fcr fr\u00fchere Ziehungen.","og_url":"https:\/\/redfoxlotto.com\/de\/ergebnisse\/powerball-au\/","og_site_name":"Get Tickets for the World\u2019s largest jackpots","article_modified_time":"2018-11-18T08:55:00+00:00","og_image":[{"url":"https:\/\/content.redfoxlotto.com\/uploads\/sites\/9\/1_winning_online_lottery.jpg","type":"","width":"","height":""}],"twitter_card":"summary_large_image","twitter_misc":{"Gesch\u00e4tzte Lesezeit":"1\u00a0Minute"},"schema":{"@context":"https:\/\/schema.org","@graph":[{"@type":"WebPage","@id":"https:\/\/redfoxlotto.com\/de\/ergebnisse\/powerball-au\/","url":"https:\/\/redfoxlotto.com\/de\/ergebnisse\/powerball-au\/","name":"Powerball Australien Lotterieergebnisse und Gewinnzahlen","isPartOf":{"@id":"https:\/\/redfoxlotto.com\/de\/#website"},"primaryImageOfPage":{"@id":"https:\/\/redfoxlotto.com\/de\/ergebnisse\/powerball-au\/#primaryimage"},"image":{"@id":"https:\/\/redfoxlotto.com\/de\/ergebnisse\/powerball-au\/#primaryimage"},"thumbnailUrl":"https:\/\/content.redfoxlotto.com\/uploads\/sites\/9\/1_winning_online_lottery.jpg","datePublished":"2018-11-18T08:54:25+00:00","dateModified":"2018-11-18T08:55:00+00:00","description":"Hier erhalten Sie die neuesten Ergebnisse des Powerball-Lotto Australien, und ein Archiv f\u00fcr fr\u00fchere Ziehungen.","breadcrumb":{"@id":"https:\/\/redfoxlotto.com\/de\/ergebnisse\/powerball-au\/#breadcrumb"},"inLanguage":"de","potentialAction":[{"@type":"ReadAction","target":["https:\/\/redfoxlotto.com\/de\/ergebnisse\/powerball-au\/"]}]},{"@type":"ImageObject","inLanguage":"de","@id":"https:\/\/redfoxlotto.com\/de\/ergebnisse\/powerball-au\/#primaryimage","url":"https:\/\/content.redfoxlotto.com\/uploads\/sites\/9\/1_winning_online_lottery.jpg","contentUrl":"https:\/\/content.redfoxlotto.com\/uploads\/sites\/9\/1_winning_online_lottery.jpg"},{"@type":"BreadcrumbList","@id":"https:\/\/redfoxlotto.com\/de\/ergebnisse\/powerball-au\/#breadcrumb","itemListElement":[{"@type":"ListItem","position":1,"name":"Home","item":"https:\/\/redfoxlotto.com\/de\/"},{"@type":"ListItem","position":2,"name":"Gewinnzahlen und Ergebnisse weltweiter Lotterien","item":"https:\/\/redfoxlotto.com\/de\/ergebnisse\/"},{"@type":"ListItem","position":3,"name":"Powerball Australia Ergebnisse"}]},{"@type":"WebSite","@id":"https:\/\/redfoxlotto.com\/de\/#website","url":"https:\/\/redfoxlotto.com\/de\/","name":"Get Tickets for the World\u2019s largest jackpots","description":"Participate in worldwide lottery jackpots from any country","publisher":{"@id":"https:\/\/redfoxlotto.com\/de\/#organization"},"potentialAction":[{"@type":"SearchAction","target":{"@type":"EntryPoint","urlTemplate":"https:\/\/redfoxlotto.com\/de\/?s={search_term_string}"},"query-input":{"@type":"PropertyValueSpecification","valueRequired":true,"valueName":"search_term_string"}}],"inLanguage":"de"},{"@type":"Organization","@id":"https:\/\/redfoxlotto.com\/de\/#organization","name":"Get Tickets for the World\u2019s largest jackpots","url":"https:\/\/redfoxlotto.com\/de\/","logo":{"@type":"ImageObject","inLanguage":"de","@id":"https:\/\/redfoxlotto.com\/de\/#\/schema\/logo\/image\/","url":"https:\/\/redfoxlotto.com\/wp-content\/uploads\/2023\/04\/logo.png","contentUrl":"https:\/\/redfoxlotto.com\/wp-content\/uploads\/2023\/04\/logo.png","width":269,"height":53,"caption":"Get Tickets for the World\u2019s largest jackpots"},"image":{"@id":"https:\/\/redfoxlotto.com\/de\/#\/schema\/logo\/image\/"}}]}},"_links":{"self":[{"href":"https:\/\/redfoxlotto.com\/de\/wp-json\/wp\/v2\/pages\/167","targetHints":{"allow":["GET"]}}],"collection":[{"href":"https:\/\/redfoxlotto.com\/de\/wp-json\/wp\/v2\/pages"}],"about":[{"href":"https:\/\/redfoxlotto.com\/de\/wp-json\/wp\/v2\/types\/page"}],"author":[{"embeddable":true,"href":"https:\/\/redfoxlotto.com\/de\/wp-json\/wp\/v2\/users\/1"}],"replies":[{"embeddable":true,"href":"https:\/\/redfoxlotto.com\/de\/wp-json\/wp\/v2\/comments?post=167"}],"version-history":[{"count":0,"href":"https:\/\/redfoxlotto.com\/de\/wp-json\/wp\/v2\/pages\/167\/revisions"}],"up":[{"embeddable":true,"href":"https:\/\/redfoxlotto.com\/de\/wp-json\/wp\/v2\/pages\/128"}],"wp:attachment":[{"href":"https:\/\/redfoxlotto.com\/de\/wp-json\/wp\/v2\/media?parent=167"}],"curies":[{"name":"wp","href":"https:\/\/api.w.org\/{rel}","templated":true}]}}