{"id":164,"date":"2019-11-20T11:24:49","date_gmt":"2019-11-20T11:24:49","guid":{"rendered":"https:\/\/redfoxlotto.com\/?page_id=4362"},"modified":"2023-05-19T09:37:33","modified_gmt":"2023-05-19T09:37:33","slug":"la-primitiva","status":"publish","type":"page","link":"https:\/\/redfoxlotto.com\/de\/ergebnisse\/la-primitiva\/","title":{"rendered":"La Primitiva Gewinnzahlen"},"content":{"rendered":"<p>Die Verlosungen f\u00fcr La Primitiva, Spaniens gr\u00f6\u00dfte Lotterie, finden jeden Sonntag um 13:00 Uhr MEZ statt. Gleich nach der Ziehung finden Sie die Gewinnzahlen hier auf <a href=\"https:\/\/redfoxlotto.com\/de\">RedFoxLotto.com<\/a>. Vergessen Sie nicht, die Zahlen auf Ihrem Ticket mit den Gewinnzahlen zu vergleichen und so zu pr\u00fcfen, ob Sie gewonnen haben oder nicht.<\/p><p><img loading=\"lazy\" decoding=\"async\" class=\" wp-image alignright\" src=\"https:\/\/content.redfoxlotto.com\/uploads\/sites\/9\/1_results_lottery_online5.jpg\" alt=\"results lotto\" width=\"254\" height=\"169\" \/><\/p><p>Wenn Sie ein Ticket f\u00fcr La Primitiva haben, das Sie \u00fcber uns erworben haben, werden wir Sie auch \u00fcber alle Gewinne informieren. Sie erhalten von uns eine E-Mail mit weiteren Anweisungen. Stellen Sie sicher, dass unsere E-Mails nicht in Ihrer Spam-Box landen. Um sicherzustellen, dass Informationen zu Ihren <a href=\"https:\/\/redfoxlotto.com\/de\/ergebnisse\/\">Gewinnen <\/a>erhalten werden, empfehlen wir Ihnen, RedFoxLotto.com zur Whitelist Ihres E-Mail-Providers hinzuzuf\u00fcgen.<\/p><p><img loading=\"lazy\" decoding=\"async\" class=\" wp-image alignright\" src=\"https:\/\/content.redfoxlotto.com\/uploads\/sites\/9\/1_lottery_numbers_online.jpg\" alt=\"La Primitiva\" width=\"287\" height=\"137\" \/><\/p><p>Die Gewinnzahlen f\u00fcr <a href=\"https:\/\/redfoxlotto.com\/de\/spielen\/la-primitiva\/\">La Primitiva<\/a> bestehen aus 5 Zahlen zwischen 1 und 54 sowie einer Zahl zwischen 0 und 9. Mit 5 + 1 werden Sie zum Jackpot-Gewinner und Million\u00e4r. Aber selbst wenn Sie die ersten f\u00fcnf Zahlen verwenden, gewinnen Sie immer noch eine Menge Geld.<\/p>","protected":false},"excerpt":{"rendered":"<p>Die Verlosungen f\u00fcr La Primitiva, Spaniens gr\u00f6\u00dfte Lotterie, finden jeden Sonntag um 13:00 Uhr MEZ statt. Gleich nach der Ziehung finden Sie die Gewinnzahlen hier auf RedFoxLotto.com. Vergessen Sie nicht, die Zahlen auf Ihrem Ticket mit den Gewinnzahlen zu vergleichen und so zu pr\u00fcfen, ob Sie gewonnen haben oder nicht. Wenn Sie ein Ticket f\u00fcr [&hellip;]<\/p>\n","protected":false},"author":1,"featured_media":0,"parent":128,"menu_order":7,"comment_status":"closed","ping_status":"closed","template":"la-primitiva-results.php","meta":{"_et_pb_use_builder":"","_et_pb_old_content":"","_et_gb_content_width":"","exclude_from_search":false,"footnotes":""},"class_list":["post-164","page","type-page","status-publish","hentry"],"yoast_head":"<!-- This site is optimized with the Yoast SEO plugin v27.4 - https:\/\/yoast.com\/product\/yoast-seo-wordpress\/ -->\n<title>Gewinnzahlen und Ergebnisse f\u00fcr Spaniens La Primitiva<\/title>\n<meta name=\"description\" content=\"Pr\u00fcfen Sie, ob Ihr La Primitiva-Ticket gewonnen hat. Vergleichen Sie hier die Gewinnzahlen!\" \/>\n<meta name=\"robots\" content=\"index, follow, max-snippet:-1, max-image-preview:large, max-video-preview:-1\" \/>\n<link rel=\"canonical\" href=\"https:\/\/redfoxlotto.com\/de\/ergebnisse\/la-primitiva\/\" \/>\n<meta property=\"og:locale\" content=\"de_DE\" \/>\n<meta property=\"og:type\" content=\"article\" \/>\n<meta property=\"og:title\" content=\"Gewinnzahlen und Ergebnisse f\u00fcr Spaniens La Primitiva\" \/>\n<meta property=\"og:description\" content=\"Pr\u00fcfen Sie, ob Ihr La Primitiva-Ticket gewonnen hat. Vergleichen Sie hier die Gewinnzahlen!\" \/>\n<meta property=\"og:url\" content=\"https:\/\/redfoxlotto.com\/de\/ergebnisse\/la-primitiva\/\" \/>\n<meta property=\"og:site_name\" content=\"Get Tickets for the World\u2019s largest jackpots\" \/>\n<meta property=\"article:modified_time\" content=\"2023-05-19T09:37:33+00:00\" \/>\n<meta property=\"og:image\" content=\"https:\/\/content.redfoxlotto.com\/uploads\/sites\/9\/1_results_lottery_online5.jpg\" \/>\n<meta name=\"twitter:card\" content=\"summary_large_image\" \/>\n<meta name=\"twitter:label1\" content=\"Gesch\u00e4tzte Lesezeit\" \/>\n\t<meta name=\"twitter:data1\" content=\"2\u00a0Minuten\" \/>\n<script type=\"application\/ld+json\" class=\"yoast-schema-graph\">{\"@context\":\"https:\\\/\\\/schema.org\",\"@graph\":[{\"@type\":\"WebPage\",\"@id\":\"https:\\\/\\\/redfoxlotto.com\\\/de\\\/ergebnisse\\\/la-primitiva\\\/\",\"url\":\"https:\\\/\\\/redfoxlotto.com\\\/de\\\/ergebnisse\\\/la-primitiva\\\/\",\"name\":\"Gewinnzahlen und Ergebnisse f\u00fcr Spaniens La Primitiva\",\"isPartOf\":{\"@id\":\"https:\\\/\\\/redfoxlotto.com\\\/de\\\/#website\"},\"primaryImageOfPage\":{\"@id\":\"https:\\\/\\\/redfoxlotto.com\\\/de\\\/ergebnisse\\\/la-primitiva\\\/#primaryimage\"},\"image\":{\"@id\":\"https:\\\/\\\/redfoxlotto.com\\\/de\\\/ergebnisse\\\/la-primitiva\\\/#primaryimage\"},\"thumbnailUrl\":\"https:\\\/\\\/content.redfoxlotto.com\\\/uploads\\\/sites\\\/9\\\/1_results_lottery_online5.jpg\",\"datePublished\":\"2019-11-20T11:24:49+00:00\",\"dateModified\":\"2023-05-19T09:37:33+00:00\",\"description\":\"Pr\u00fcfen Sie, ob Ihr La Primitiva-Ticket gewonnen hat. Vergleichen Sie hier die Gewinnzahlen!\",\"breadcrumb\":{\"@id\":\"https:\\\/\\\/redfoxlotto.com\\\/de\\\/ergebnisse\\\/la-primitiva\\\/#breadcrumb\"},\"inLanguage\":\"de\",\"potentialAction\":[{\"@type\":\"ReadAction\",\"target\":[\"https:\\\/\\\/redfoxlotto.com\\\/de\\\/ergebnisse\\\/la-primitiva\\\/\"]}]},{\"@type\":\"ImageObject\",\"inLanguage\":\"de\",\"@id\":\"https:\\\/\\\/redfoxlotto.com\\\/de\\\/ergebnisse\\\/la-primitiva\\\/#primaryimage\",\"url\":\"https:\\\/\\\/content.redfoxlotto.com\\\/uploads\\\/sites\\\/9\\\/1_results_lottery_online5.jpg\",\"contentUrl\":\"https:\\\/\\\/content.redfoxlotto.com\\\/uploads\\\/sites\\\/9\\\/1_results_lottery_online5.jpg\"},{\"@type\":\"BreadcrumbList\",\"@id\":\"https:\\\/\\\/redfoxlotto.com\\\/de\\\/ergebnisse\\\/la-primitiva\\\/#breadcrumb\",\"itemListElement\":[{\"@type\":\"ListItem\",\"position\":1,\"name\":\"Home\",\"item\":\"https:\\\/\\\/redfoxlotto.com\\\/de\\\/\"},{\"@type\":\"ListItem\",\"position\":2,\"name\":\"Gewinnzahlen und Ergebnisse weltweiter Lotterien\",\"item\":\"https:\\\/\\\/redfoxlotto.com\\\/de\\\/ergebnisse\\\/\"},{\"@type\":\"ListItem\",\"position\":3,\"name\":\"La Primitiva Gewinnzahlen\"}]},{\"@type\":\"WebSite\",\"@id\":\"https:\\\/\\\/redfoxlotto.com\\\/de\\\/#website\",\"url\":\"https:\\\/\\\/redfoxlotto.com\\\/de\\\/\",\"name\":\"Get Tickets for the World\u2019s largest jackpots\",\"description\":\"Participate in worldwide lottery jackpots from any country\",\"publisher\":{\"@id\":\"https:\\\/\\\/redfoxlotto.com\\\/de\\\/#organization\"},\"potentialAction\":[{\"@type\":\"SearchAction\",\"target\":{\"@type\":\"EntryPoint\",\"urlTemplate\":\"https:\\\/\\\/redfoxlotto.com\\\/de\\\/?s={search_term_string}\"},\"query-input\":{\"@type\":\"PropertyValueSpecification\",\"valueRequired\":true,\"valueName\":\"search_term_string\"}}],\"inLanguage\":\"de\"},{\"@type\":\"Organization\",\"@id\":\"https:\\\/\\\/redfoxlotto.com\\\/de\\\/#organization\",\"name\":\"Get Tickets for the World\u2019s largest jackpots\",\"url\":\"https:\\\/\\\/redfoxlotto.com\\\/de\\\/\",\"logo\":{\"@type\":\"ImageObject\",\"inLanguage\":\"de\",\"@id\":\"https:\\\/\\\/redfoxlotto.com\\\/de\\\/#\\\/schema\\\/logo\\\/image\\\/\",\"url\":\"https:\\\/\\\/redfoxlotto.com\\\/wp-content\\\/uploads\\\/2023\\\/04\\\/logo.png\",\"contentUrl\":\"https:\\\/\\\/redfoxlotto.com\\\/wp-content\\\/uploads\\\/2023\\\/04\\\/logo.png\",\"width\":269,\"height\":53,\"caption\":\"Get Tickets for the World\u2019s largest jackpots\"},\"image\":{\"@id\":\"https:\\\/\\\/redfoxlotto.com\\\/de\\\/#\\\/schema\\\/logo\\\/image\\\/\"}}]}<\/script>\n<!-- \/ Yoast SEO plugin. -->","yoast_head_json":{"title":"Gewinnzahlen und Ergebnisse f\u00fcr Spaniens La Primitiva","description":"Pr\u00fcfen Sie, ob Ihr La Primitiva-Ticket gewonnen hat. Vergleichen Sie hier die Gewinnzahlen!","robots":{"index":"index","follow":"follow","max-snippet":"max-snippet:-1","max-image-preview":"max-image-preview:large","max-video-preview":"max-video-preview:-1"},"canonical":"https:\/\/redfoxlotto.com\/de\/ergebnisse\/la-primitiva\/","og_locale":"de_DE","og_type":"article","og_title":"Gewinnzahlen und Ergebnisse f\u00fcr Spaniens La Primitiva","og_description":"Pr\u00fcfen Sie, ob Ihr La Primitiva-Ticket gewonnen hat. Vergleichen Sie hier die Gewinnzahlen!","og_url":"https:\/\/redfoxlotto.com\/de\/ergebnisse\/la-primitiva\/","og_site_name":"Get Tickets for the World\u2019s largest jackpots","article_modified_time":"2023-05-19T09:37:33+00:00","og_image":[{"url":"https:\/\/content.redfoxlotto.com\/uploads\/sites\/9\/1_results_lottery_online5.jpg","type":"","width":"","height":""}],"twitter_card":"summary_large_image","twitter_misc":{"Gesch\u00e4tzte Lesezeit":"2\u00a0Minuten"},"schema":{"@context":"https:\/\/schema.org","@graph":[{"@type":"WebPage","@id":"https:\/\/redfoxlotto.com\/de\/ergebnisse\/la-primitiva\/","url":"https:\/\/redfoxlotto.com\/de\/ergebnisse\/la-primitiva\/","name":"Gewinnzahlen und Ergebnisse f\u00fcr Spaniens La Primitiva","isPartOf":{"@id":"https:\/\/redfoxlotto.com\/de\/#website"},"primaryImageOfPage":{"@id":"https:\/\/redfoxlotto.com\/de\/ergebnisse\/la-primitiva\/#primaryimage"},"image":{"@id":"https:\/\/redfoxlotto.com\/de\/ergebnisse\/la-primitiva\/#primaryimage"},"thumbnailUrl":"https:\/\/content.redfoxlotto.com\/uploads\/sites\/9\/1_results_lottery_online5.jpg","datePublished":"2019-11-20T11:24:49+00:00","dateModified":"2023-05-19T09:37:33+00:00","description":"Pr\u00fcfen Sie, ob Ihr La Primitiva-Ticket gewonnen hat. Vergleichen Sie hier die Gewinnzahlen!","breadcrumb":{"@id":"https:\/\/redfoxlotto.com\/de\/ergebnisse\/la-primitiva\/#breadcrumb"},"inLanguage":"de","potentialAction":[{"@type":"ReadAction","target":["https:\/\/redfoxlotto.com\/de\/ergebnisse\/la-primitiva\/"]}]},{"@type":"ImageObject","inLanguage":"de","@id":"https:\/\/redfoxlotto.com\/de\/ergebnisse\/la-primitiva\/#primaryimage","url":"https:\/\/content.redfoxlotto.com\/uploads\/sites\/9\/1_results_lottery_online5.jpg","contentUrl":"https:\/\/content.redfoxlotto.com\/uploads\/sites\/9\/1_results_lottery_online5.jpg"},{"@type":"BreadcrumbList","@id":"https:\/\/redfoxlotto.com\/de\/ergebnisse\/la-primitiva\/#breadcrumb","itemListElement":[{"@type":"ListItem","position":1,"name":"Home","item":"https:\/\/redfoxlotto.com\/de\/"},{"@type":"ListItem","position":2,"name":"Gewinnzahlen und Ergebnisse weltweiter Lotterien","item":"https:\/\/redfoxlotto.com\/de\/ergebnisse\/"},{"@type":"ListItem","position":3,"name":"La Primitiva Gewinnzahlen"}]},{"@type":"WebSite","@id":"https:\/\/redfoxlotto.com\/de\/#website","url":"https:\/\/redfoxlotto.com\/de\/","name":"Get Tickets for the World\u2019s largest jackpots","description":"Participate in worldwide lottery jackpots from any country","publisher":{"@id":"https:\/\/redfoxlotto.com\/de\/#organization"},"potentialAction":[{"@type":"SearchAction","target":{"@type":"EntryPoint","urlTemplate":"https:\/\/redfoxlotto.com\/de\/?s={search_term_string}"},"query-input":{"@type":"PropertyValueSpecification","valueRequired":true,"valueName":"search_term_string"}}],"inLanguage":"de"},{"@type":"Organization","@id":"https:\/\/redfoxlotto.com\/de\/#organization","name":"Get Tickets for the World\u2019s largest jackpots","url":"https:\/\/redfoxlotto.com\/de\/","logo":{"@type":"ImageObject","inLanguage":"de","@id":"https:\/\/redfoxlotto.com\/de\/#\/schema\/logo\/image\/","url":"https:\/\/redfoxlotto.com\/wp-content\/uploads\/2023\/04\/logo.png","contentUrl":"https:\/\/redfoxlotto.com\/wp-content\/uploads\/2023\/04\/logo.png","width":269,"height":53,"caption":"Get Tickets for the World\u2019s largest jackpots"},"image":{"@id":"https:\/\/redfoxlotto.com\/de\/#\/schema\/logo\/image\/"}}]}},"_links":{"self":[{"href":"https:\/\/redfoxlotto.com\/de\/wp-json\/wp\/v2\/pages\/164","targetHints":{"allow":["GET"]}}],"collection":[{"href":"https:\/\/redfoxlotto.com\/de\/wp-json\/wp\/v2\/pages"}],"about":[{"href":"https:\/\/redfoxlotto.com\/de\/wp-json\/wp\/v2\/types\/page"}],"author":[{"embeddable":true,"href":"https:\/\/redfoxlotto.com\/de\/wp-json\/wp\/v2\/users\/1"}],"replies":[{"embeddable":true,"href":"https:\/\/redfoxlotto.com\/de\/wp-json\/wp\/v2\/comments?post=164"}],"version-history":[{"count":0,"href":"https:\/\/redfoxlotto.com\/de\/wp-json\/wp\/v2\/pages\/164\/revisions"}],"up":[{"embeddable":true,"href":"https:\/\/redfoxlotto.com\/de\/wp-json\/wp\/v2\/pages\/128"}],"wp:attachment":[{"href":"https:\/\/redfoxlotto.com\/de\/wp-json\/wp\/v2\/media?parent=164"}],"curies":[{"name":"wp","href":"https:\/\/api.w.org\/{rel}","templated":true}]}}