{"id":160,"date":"2018-11-18T08:54:25","date_gmt":"2018-11-18T08:54:25","guid":{"rendered":"https:\/\/redfoxlotto.com\/?page_id=4346"},"modified":"2023-05-13T05:40:01","modified_gmt":"2023-05-13T05:40:01","slug":"powerball-au","status":"publish","type":"page","link":"https:\/\/redfoxlotto.com\/de\/lotterie\/powerball-au\/","title":{"rendered":"\u00dcber Powerball Australia"},"content":{"rendered":"<p>Der Australian Powerball ist eine Lotterie in Australien. Der Betrieb des Powerballs wird von einer Gruppe durchgef\u00fchrt, die als Tatts-Gruppe bekannt ist. The Lott ist eine Marke unter der Tatts-Gruppe, die f\u00fcr die Verwaltung der Lotterie in allen australischen Staaten lizenziert ist, mit Ausnahme von Westaustralien, wo &#8222;Lotterywest&#8220;, die sich im staatlichen Besitz befinden, die Lotterie beaufsichtigen.<\/p><p><img loading=\"lazy\" decoding=\"async\" class=\" wp-image alignright\" src=\"https:\/\/content.redfoxlotto.com\/uploads\/sites\/9\/2_ticket_powerball_au2.jpg\" alt=\"Powerball Australia\" width=\"107\" height=\"195\" \/><\/p><p><!--more--><\/p><p>Die Powerball-Ziehung findet jeden Donnerstag um 21:00 Uhr AEST statt. 7 Zahlen werden aus einem Pool gezogen, der Zahlen von 1-35 enth\u00e4lt, w\u00e4hrend eine Powerball-Zahl aus einem anderen Pool gezogen wird, der die Zahlen 1-20 enth\u00e4lt. Um den Jackpot zu gewinnen, m\u00fcssen die Spieler die sieben Zahlen aus dem ersten Pool und auch die Powerball-Nummer aus dem zweiten Pool \u00fcbereinstimmen.<\/p><p>Die australischen Powerball-Lose k\u00f6nnen entweder physisch oder online erworben werden, so dass es keine Einschr\u00e4nkung f\u00fcr die Teilnahme an der Lotterie gibt, da Sie die Lose von \u00fcberall auf der Welt bekommen k\u00f6nnen. Spieler m\u00fcssen mindestens 18 Jahre alt sein, um an der Lotterie teilnehmen zu k\u00f6nnen.<\/p><p><img loading=\"lazy\" decoding=\"async\" class=\" wp-image alignright\" src=\"https:\/\/content.redfoxlotto.com\/uploads\/sites\/9\/1_buy_ticket_online.jpg\" alt=\"Buy Powerball Australia\" width=\"173\" height=\"129\" \/><\/p><p>Erst k\u00fcrzlich wurde in der australischen Powerball-Lotterie Geschichte geschrieben, als eine Mutter aus Sydney den gr\u00f6\u00dften Einzelpreis in der Geschichte des Powerball gewann. Sie gewann 107 Millionen Dollar. Sie ist in der Tat das, was wir die perfekte Definition von Gl\u00fcck nennen k\u00f6nnen, da die Wahrscheinlichkeit, den Jackpot im Powerball zu gewinnen, 1 zu 134,4 Millionen betr\u00e4gt.<\/p>","protected":false},"excerpt":{"rendered":"<p>Der Australian Powerball ist eine Lotterie in Australien. Der Betrieb des Powerballs wird von einer Gruppe durchgef\u00fchrt, die als Tatts-Gruppe bekannt ist. The Lott ist eine Marke unter der Tatts-Gruppe, die f\u00fcr die Verwaltung der Lotterie in allen australischen Staaten lizenziert ist, mit Ausnahme von Westaustralien, wo &#8222;Lotterywest&#8220;, die sich im staatlichen Besitz befinden, die [&hellip;]<\/p>\n","protected":false},"author":1,"featured_media":0,"parent":120,"menu_order":20,"comment_status":"closed","ping_status":"closed","template":"powerball-au-info.php","meta":{"_et_pb_use_builder":"","_et_pb_old_content":"","_et_gb_content_width":"","exclude_from_search":false,"footnotes":""},"class_list":["post-160","page","type-page","status-publish","hentry"],"yoast_head":"<!-- This site is optimized with the Yoast SEO plugin v23.8 - https:\/\/yoast.com\/wordpress\/plugins\/seo\/ -->\n<title>Was Sie \u00fcber das Australische Powerball wissen m\u00fcssen.<\/title>\n<meta name=\"description\" content=\"Powerball Australien, einer der gr\u00f6\u00dften Jackpots in Australien diese Informationen k\u00f6nnten Sie einen Schritt n\u00e4her an den Jackpot bringen.\" \/>\n<meta name=\"robots\" content=\"index, follow, max-snippet:-1, max-image-preview:large, max-video-preview:-1\" \/>\n<link rel=\"canonical\" href=\"https:\/\/redfoxlotto.com\/de\/lotterie\/powerball-au\/\" \/>\n<meta property=\"og:locale\" content=\"de_DE\" \/>\n<meta property=\"og:type\" content=\"article\" \/>\n<meta property=\"og:title\" content=\"Was Sie \u00fcber das Australische Powerball wissen m\u00fcssen.\" \/>\n<meta property=\"og:description\" content=\"Powerball Australien, einer der gr\u00f6\u00dften Jackpots in Australien diese Informationen k\u00f6nnten Sie einen Schritt n\u00e4her an den Jackpot bringen.\" \/>\n<meta property=\"og:url\" content=\"https:\/\/redfoxlotto.com\/de\/lotterie\/powerball-au\/\" \/>\n<meta property=\"og:site_name\" content=\"Get Tickets for the World\u2019s largest jackpots\" \/>\n<meta property=\"article:modified_time\" content=\"2023-05-13T05:40:01+00:00\" \/>\n<meta property=\"og:image\" content=\"https:\/\/content.redfoxlotto.com\/uploads\/sites\/9\/2_ticket_powerball_au2.jpg\" \/>\n<meta name=\"twitter:card\" content=\"summary_large_image\" \/>\n<meta name=\"twitter:label1\" content=\"Gesch\u00e4tzte Lesezeit\" \/>\n\t<meta name=\"twitter:data1\" content=\"2\u00a0Minuten\" \/>\n<script type=\"application\/ld+json\" class=\"yoast-schema-graph\">{\"@context\":\"https:\/\/schema.org\",\"@graph\":[{\"@type\":\"WebPage\",\"@id\":\"https:\/\/redfoxlotto.com\/de\/lotterie\/powerball-au\/\",\"url\":\"https:\/\/redfoxlotto.com\/de\/lotterie\/powerball-au\/\",\"name\":\"Was Sie \u00fcber das Australische Powerball wissen m\u00fcssen.\",\"isPartOf\":{\"@id\":\"https:\/\/redfoxlotto.com\/de\/#website\"},\"primaryImageOfPage\":{\"@id\":\"https:\/\/redfoxlotto.com\/de\/lotterie\/powerball-au\/#primaryimage\"},\"image\":{\"@id\":\"https:\/\/redfoxlotto.com\/de\/lotterie\/powerball-au\/#primaryimage\"},\"thumbnailUrl\":\"https:\/\/content.redfoxlotto.com\/uploads\/sites\/9\/2_ticket_powerball_au2.jpg\",\"datePublished\":\"2018-11-18T08:54:25+00:00\",\"dateModified\":\"2023-05-13T05:40:01+00:00\",\"description\":\"Powerball Australien, einer der gr\u00f6\u00dften Jackpots in Australien diese Informationen k\u00f6nnten Sie einen Schritt n\u00e4her an den Jackpot bringen.\",\"breadcrumb\":{\"@id\":\"https:\/\/redfoxlotto.com\/de\/lotterie\/powerball-au\/#breadcrumb\"},\"inLanguage\":\"de\",\"potentialAction\":[{\"@type\":\"ReadAction\",\"target\":[\"https:\/\/redfoxlotto.com\/de\/lotterie\/powerball-au\/\"]}]},{\"@type\":\"ImageObject\",\"inLanguage\":\"de\",\"@id\":\"https:\/\/redfoxlotto.com\/de\/lotterie\/powerball-au\/#primaryimage\",\"url\":\"https:\/\/content.redfoxlotto.com\/uploads\/sites\/9\/2_ticket_powerball_au2.jpg\",\"contentUrl\":\"https:\/\/content.redfoxlotto.com\/uploads\/sites\/9\/2_ticket_powerball_au2.jpg\"},{\"@type\":\"BreadcrumbList\",\"@id\":\"https:\/\/redfoxlotto.com\/de\/lotterie\/powerball-au\/#breadcrumb\",\"itemListElement\":[{\"@type\":\"ListItem\",\"position\":1,\"name\":\"Home\",\"item\":\"https:\/\/redfoxlotto.com\/de\/\"},{\"@type\":\"ListItem\",\"position\":2,\"name\":\"Der Ablauf beim Online-Lottospiel\",\"item\":\"https:\/\/redfoxlotto.com\/de\/lotterie\/\"},{\"@type\":\"ListItem\",\"position\":3,\"name\":\"\u00dcber Powerball Australia\"}]},{\"@type\":\"WebSite\",\"@id\":\"https:\/\/redfoxlotto.com\/de\/#website\",\"url\":\"https:\/\/redfoxlotto.com\/de\/\",\"name\":\"Get Tickets for the World\u2019s largest jackpots\",\"description\":\"Participate in worldwide lottery jackpots from any country\",\"publisher\":{\"@id\":\"https:\/\/redfoxlotto.com\/de\/#organization\"},\"potentialAction\":[{\"@type\":\"SearchAction\",\"target\":{\"@type\":\"EntryPoint\",\"urlTemplate\":\"https:\/\/redfoxlotto.com\/de\/?s={search_term_string}\"},\"query-input\":{\"@type\":\"PropertyValueSpecification\",\"valueRequired\":true,\"valueName\":\"search_term_string\"}}],\"inLanguage\":\"de\"},{\"@type\":\"Organization\",\"@id\":\"https:\/\/redfoxlotto.com\/de\/#organization\",\"name\":\"Get Tickets for the World\u2019s largest jackpots\",\"url\":\"https:\/\/redfoxlotto.com\/de\/\",\"logo\":{\"@type\":\"ImageObject\",\"inLanguage\":\"de\",\"@id\":\"https:\/\/redfoxlotto.com\/de\/#\/schema\/logo\/image\/\",\"url\":\"https:\/\/redfoxlotto.com\/wp-content\/uploads\/2023\/04\/logo.png\",\"contentUrl\":\"https:\/\/redfoxlotto.com\/wp-content\/uploads\/2023\/04\/logo.png\",\"width\":269,\"height\":53,\"caption\":\"Get Tickets for the World\u2019s largest jackpots\"},\"image\":{\"@id\":\"https:\/\/redfoxlotto.com\/de\/#\/schema\/logo\/image\/\"}}]}<\/script>\n<!-- \/ Yoast SEO plugin. -->","yoast_head_json":{"title":"Was Sie \u00fcber das Australische Powerball wissen m\u00fcssen.","description":"Powerball Australien, einer der gr\u00f6\u00dften Jackpots in Australien diese Informationen k\u00f6nnten Sie einen Schritt n\u00e4her an den Jackpot bringen.","robots":{"index":"index","follow":"follow","max-snippet":"max-snippet:-1","max-image-preview":"max-image-preview:large","max-video-preview":"max-video-preview:-1"},"canonical":"https:\/\/redfoxlotto.com\/de\/lotterie\/powerball-au\/","og_locale":"de_DE","og_type":"article","og_title":"Was Sie \u00fcber das Australische Powerball wissen m\u00fcssen.","og_description":"Powerball Australien, einer der gr\u00f6\u00dften Jackpots in Australien diese Informationen k\u00f6nnten Sie einen Schritt n\u00e4her an den Jackpot bringen.","og_url":"https:\/\/redfoxlotto.com\/de\/lotterie\/powerball-au\/","og_site_name":"Get Tickets for the World\u2019s largest jackpots","article_modified_time":"2023-05-13T05:40:01+00:00","og_image":[{"url":"https:\/\/content.redfoxlotto.com\/uploads\/sites\/9\/2_ticket_powerball_au2.jpg"}],"twitter_card":"summary_large_image","twitter_misc":{"Gesch\u00e4tzte Lesezeit":"2\u00a0Minuten"},"schema":{"@context":"https:\/\/schema.org","@graph":[{"@type":"WebPage","@id":"https:\/\/redfoxlotto.com\/de\/lotterie\/powerball-au\/","url":"https:\/\/redfoxlotto.com\/de\/lotterie\/powerball-au\/","name":"Was Sie \u00fcber das Australische Powerball wissen m\u00fcssen.","isPartOf":{"@id":"https:\/\/redfoxlotto.com\/de\/#website"},"primaryImageOfPage":{"@id":"https:\/\/redfoxlotto.com\/de\/lotterie\/powerball-au\/#primaryimage"},"image":{"@id":"https:\/\/redfoxlotto.com\/de\/lotterie\/powerball-au\/#primaryimage"},"thumbnailUrl":"https:\/\/content.redfoxlotto.com\/uploads\/sites\/9\/2_ticket_powerball_au2.jpg","datePublished":"2018-11-18T08:54:25+00:00","dateModified":"2023-05-13T05:40:01+00:00","description":"Powerball Australien, einer der gr\u00f6\u00dften Jackpots in Australien diese Informationen k\u00f6nnten Sie einen Schritt n\u00e4her an den Jackpot bringen.","breadcrumb":{"@id":"https:\/\/redfoxlotto.com\/de\/lotterie\/powerball-au\/#breadcrumb"},"inLanguage":"de","potentialAction":[{"@type":"ReadAction","target":["https:\/\/redfoxlotto.com\/de\/lotterie\/powerball-au\/"]}]},{"@type":"ImageObject","inLanguage":"de","@id":"https:\/\/redfoxlotto.com\/de\/lotterie\/powerball-au\/#primaryimage","url":"https:\/\/content.redfoxlotto.com\/uploads\/sites\/9\/2_ticket_powerball_au2.jpg","contentUrl":"https:\/\/content.redfoxlotto.com\/uploads\/sites\/9\/2_ticket_powerball_au2.jpg"},{"@type":"BreadcrumbList","@id":"https:\/\/redfoxlotto.com\/de\/lotterie\/powerball-au\/#breadcrumb","itemListElement":[{"@type":"ListItem","position":1,"name":"Home","item":"https:\/\/redfoxlotto.com\/de\/"},{"@type":"ListItem","position":2,"name":"Der Ablauf beim Online-Lottospiel","item":"https:\/\/redfoxlotto.com\/de\/lotterie\/"},{"@type":"ListItem","position":3,"name":"\u00dcber Powerball Australia"}]},{"@type":"WebSite","@id":"https:\/\/redfoxlotto.com\/de\/#website","url":"https:\/\/redfoxlotto.com\/de\/","name":"Get Tickets for the World\u2019s largest jackpots","description":"Participate in worldwide lottery jackpots from any country","publisher":{"@id":"https:\/\/redfoxlotto.com\/de\/#organization"},"potentialAction":[{"@type":"SearchAction","target":{"@type":"EntryPoint","urlTemplate":"https:\/\/redfoxlotto.com\/de\/?s={search_term_string}"},"query-input":{"@type":"PropertyValueSpecification","valueRequired":true,"valueName":"search_term_string"}}],"inLanguage":"de"},{"@type":"Organization","@id":"https:\/\/redfoxlotto.com\/de\/#organization","name":"Get Tickets for the World\u2019s largest jackpots","url":"https:\/\/redfoxlotto.com\/de\/","logo":{"@type":"ImageObject","inLanguage":"de","@id":"https:\/\/redfoxlotto.com\/de\/#\/schema\/logo\/image\/","url":"https:\/\/redfoxlotto.com\/wp-content\/uploads\/2023\/04\/logo.png","contentUrl":"https:\/\/redfoxlotto.com\/wp-content\/uploads\/2023\/04\/logo.png","width":269,"height":53,"caption":"Get Tickets for the World\u2019s largest jackpots"},"image":{"@id":"https:\/\/redfoxlotto.com\/de\/#\/schema\/logo\/image\/"}}]}},"_links":{"self":[{"href":"https:\/\/redfoxlotto.com\/de\/wp-json\/wp\/v2\/pages\/160","targetHints":{"allow":["GET"]}}],"collection":[{"href":"https:\/\/redfoxlotto.com\/de\/wp-json\/wp\/v2\/pages"}],"about":[{"href":"https:\/\/redfoxlotto.com\/de\/wp-json\/wp\/v2\/types\/page"}],"author":[{"embeddable":true,"href":"https:\/\/redfoxlotto.com\/de\/wp-json\/wp\/v2\/users\/1"}],"replies":[{"embeddable":true,"href":"https:\/\/redfoxlotto.com\/de\/wp-json\/wp\/v2\/comments?post=160"}],"version-history":[{"count":0,"href":"https:\/\/redfoxlotto.com\/de\/wp-json\/wp\/v2\/pages\/160\/revisions"}],"up":[{"embeddable":true,"href":"https:\/\/redfoxlotto.com\/de\/wp-json\/wp\/v2\/pages\/120"}],"wp:attachment":[{"href":"https:\/\/redfoxlotto.com\/de\/wp-json\/wp\/v2\/media?parent=160"}],"curies":[{"name":"wp","href":"https:\/\/api.w.org\/{rel}","templated":true}]}}