{"id":157,"date":"2018-11-18T08:54:25","date_gmt":"2018-11-18T08:54:25","guid":{"rendered":"https:\/\/redfoxlotto.com\/?page_id=4333"},"modified":"2018-11-18T08:55:00","modified_gmt":"2018-11-18T08:55:00","slug":"la-primitiva","status":"publish","type":"page","link":"https:\/\/redfoxlotto.com\/de\/lotterie\/la-primitiva\/","title":{"rendered":"Wie man Lose f\u00fcr La Primitiva online kauft"},"content":{"rendered":"<p>Dies ist Spaniens gr\u00f6\u00dfte Lotterie. Sie haben vielleicht auch geh\u00f6rt, dass diese Lotterie als El Gordo bezeichnet wird, aber technisch gesehen ist das nicht korrekt. El Gordo ist die Weihnachtsausgabe der spanischen Lotterie La Primitiva, und sie funktioniert auf eine ganz andere Weise. Lesen Sie unseren Artikel \u00fcber El Gordo.<\/p><p><img loading=\"lazy\" decoding=\"async\" class=\" wp-image alignright\" src=\"https:\/\/content.redfoxlotto.com\/uploads\/sites\/9\/2_ticket_la_primitiva2.jpg\" alt=\"La Primitiva Online-Ticket\" width=\"160\" height=\"228\" \/><\/p><!--more--><p>La Primitiva ist die w\u00f6chentliche spanische Lotterie. Der Jackpot hat einen Mindestbetrag von 5 Millionen Euro. Aber dieser Jackpot hat in der Vergangenheit fast 100 Millionen Euro erreicht. Die Ziehung findet jeden Sonntag statt.<\/p><p>Obwohl es sich um eine nationale Lotterie handeln sollte, k\u00f6nnen Sie jetzt auch online Lose f\u00fcr La Primitiva erhalten. Sie m\u00fcssen nicht in Spanien ans\u00e4ssig sein. W\u00e4hlen Sie einfach Ihre Zahlen auf unserer Website, erstellen Sie dann ein Konto bei uns und bezahlen Sie online. Wir bestellen f\u00fcr Sie ein vollwertiges La Primitiva-Ticket.<\/p><p><img loading=\"lazy\" decoding=\"async\" class=\" wp-image alignright\" src=\"https:\/\/content.redfoxlotto.com\/uploads\/sites\/9\/1_buy_ticket_lotto_online2.jpg\" alt=\"La Primitiva Tickets kaufen\" width=\"172\" height=\"257\" \/><\/p><p>Um an der Lotterie teilzunehmen, m\u00fcssen Sie nur einen Lotterieschein mit den von Ihnen gew\u00e4hlten Zahlen kaufen. Der La Primitiva-Lottoschein enth\u00e4lt Zahlen von 0-49. Die Spieler d\u00fcrfen eine beliebige Anzahl von 6 Nummern ausw\u00e4hlen und nach dem Kauf wird eine Nummer von 0-9 automatisch diesem bestimmten Ticket zugeordnet. Am Tag der Ziehung werden 6 Zahlen nach dem Zufallsprinzip von 0-49 und 1 Zahl von 0-9 ausgew\u00e4hlt, so dass jedes Ticket, dessen Nummer genau mit den gezogenen Zahlen \u00fcbereinstimmt, den Jackpot gewinnt.<\/p><p>Der gr\u00f6\u00dfte Jackpot, der bisher in der Lotterie La Primitiva gewonnen wurde, ist der Gewinn eines enormen 101,7 Millionen Euro Jackpots am 17. Oktober 2015. Zuvor war der 73 Millionen Euro Jackpot vom Februar 2014 der gr\u00f6\u00dfte. Gl\u00fcck ist definitiv die wichtigste Determinante f\u00fcr den Gewinn des ultimativen Jackpots, da die Wahrscheinlichkeit, den Jackpot zu knacken, 1:14 Millionen betr\u00e4gt, aber in Anbetracht des geringen Stipendiums, das es kostet, ein Ticket zu bekommen, und der riesigen Summe, die Sie haben, sollte sich jeder gl\u00fccklich f\u00fchlen.<\/p><p>La Primitiva ist die w\u00f6chentliche spanische Lotterie. Der Jackpot hat einen Mindestbetrag von 5 Millionen Euro. Dieser Jackpot hat in der Vergangenheit jedoch Betr\u00e4ge von nahezu 100 Millionen Euro erreicht. Die Ziehung findet an jedem Sonntag statt.<\/p>","protected":false},"excerpt":{"rendered":"<p>Dies ist Spaniens gr\u00f6\u00dfte Lotterie. Sie haben vielleicht auch geh\u00f6rt, dass diese Lotterie als El Gordo bezeichnet wird, aber technisch gesehen ist das nicht korrekt. El Gordo ist die Weihnachtsausgabe der spanischen Lotterie La Primitiva, und sie funktioniert auf eine ganz andere Weise. Lesen Sie unseren Artikel \u00fcber El Gordo.<\/p>\n","protected":false},"author":1,"featured_media":0,"parent":120,"menu_order":7,"comment_status":"closed","ping_status":"closed","template":"la-primitiva-info.php","meta":{"_et_pb_use_builder":"","_et_pb_old_content":"","_et_gb_content_width":"","exclude_from_search":false,"footnotes":""},"class_list":["post-157","page","type-page","status-publish","hentry"],"yoast_head":"<!-- This site is optimized with the Yoast SEO plugin v27.4 - https:\/\/yoast.com\/product\/yoast-seo-wordpress\/ -->\n<title>Kaufen Sie La Primitiva Lose online auch aus Deutschland<\/title>\n<meta name=\"description\" content=\"Egal wo Sie leben - Sie k\u00f6nnen Lose f\u00fcr La Primitiva Lotto bei uns kaufen\" \/>\n<meta name=\"robots\" content=\"index, follow, max-snippet:-1, max-image-preview:large, max-video-preview:-1\" \/>\n<link rel=\"canonical\" href=\"https:\/\/redfoxlotto.com\/de\/lotterie\/la-primitiva\/\" \/>\n<meta property=\"og:locale\" content=\"de_DE\" \/>\n<meta property=\"og:type\" content=\"article\" \/>\n<meta property=\"og:title\" content=\"Kaufen Sie La Primitiva Lose online auch aus Deutschland\" \/>\n<meta property=\"og:description\" content=\"Egal wo Sie leben - Sie k\u00f6nnen Lose f\u00fcr La Primitiva Lotto bei uns kaufen\" \/>\n<meta property=\"og:url\" content=\"https:\/\/redfoxlotto.com\/de\/lotterie\/la-primitiva\/\" \/>\n<meta property=\"og:site_name\" content=\"Get Tickets for the World\u2019s largest jackpots\" \/>\n<meta property=\"article:modified_time\" content=\"2018-11-18T08:55:00+00:00\" \/>\n<meta property=\"og:image\" content=\"https:\/\/content.redfoxlotto.com\/uploads\/sites\/9\/2_ticket_la_primitiva2.jpg\" \/>\n<meta name=\"twitter:card\" content=\"summary_large_image\" \/>\n<meta name=\"twitter:label1\" content=\"Gesch\u00e4tzte Lesezeit\" \/>\n\t<meta name=\"twitter:data1\" content=\"2\u00a0Minuten\" \/>\n<script type=\"application\/ld+json\" class=\"yoast-schema-graph\">{\"@context\":\"https:\\\/\\\/schema.org\",\"@graph\":[{\"@type\":\"WebPage\",\"@id\":\"https:\\\/\\\/redfoxlotto.com\\\/de\\\/lotterie\\\/la-primitiva\\\/\",\"url\":\"https:\\\/\\\/redfoxlotto.com\\\/de\\\/lotterie\\\/la-primitiva\\\/\",\"name\":\"Kaufen Sie La Primitiva Lose online auch aus Deutschland\",\"isPartOf\":{\"@id\":\"https:\\\/\\\/redfoxlotto.com\\\/de\\\/#website\"},\"primaryImageOfPage\":{\"@id\":\"https:\\\/\\\/redfoxlotto.com\\\/de\\\/lotterie\\\/la-primitiva\\\/#primaryimage\"},\"image\":{\"@id\":\"https:\\\/\\\/redfoxlotto.com\\\/de\\\/lotterie\\\/la-primitiva\\\/#primaryimage\"},\"thumbnailUrl\":\"https:\\\/\\\/content.redfoxlotto.com\\\/uploads\\\/sites\\\/9\\\/2_ticket_la_primitiva2.jpg\",\"datePublished\":\"2018-11-18T08:54:25+00:00\",\"dateModified\":\"2018-11-18T08:55:00+00:00\",\"description\":\"Egal wo Sie leben - Sie k\u00f6nnen Lose f\u00fcr La Primitiva Lotto bei uns kaufen\",\"breadcrumb\":{\"@id\":\"https:\\\/\\\/redfoxlotto.com\\\/de\\\/lotterie\\\/la-primitiva\\\/#breadcrumb\"},\"inLanguage\":\"de\",\"potentialAction\":[{\"@type\":\"ReadAction\",\"target\":[\"https:\\\/\\\/redfoxlotto.com\\\/de\\\/lotterie\\\/la-primitiva\\\/\"]}]},{\"@type\":\"ImageObject\",\"inLanguage\":\"de\",\"@id\":\"https:\\\/\\\/redfoxlotto.com\\\/de\\\/lotterie\\\/la-primitiva\\\/#primaryimage\",\"url\":\"https:\\\/\\\/content.redfoxlotto.com\\\/uploads\\\/sites\\\/9\\\/2_ticket_la_primitiva2.jpg\",\"contentUrl\":\"https:\\\/\\\/content.redfoxlotto.com\\\/uploads\\\/sites\\\/9\\\/2_ticket_la_primitiva2.jpg\"},{\"@type\":\"BreadcrumbList\",\"@id\":\"https:\\\/\\\/redfoxlotto.com\\\/de\\\/lotterie\\\/la-primitiva\\\/#breadcrumb\",\"itemListElement\":[{\"@type\":\"ListItem\",\"position\":1,\"name\":\"Home\",\"item\":\"https:\\\/\\\/redfoxlotto.com\\\/de\\\/\"},{\"@type\":\"ListItem\",\"position\":2,\"name\":\"Der Ablauf beim Online-Lottospiel\",\"item\":\"https:\\\/\\\/redfoxlotto.com\\\/de\\\/lotterie\\\/\"},{\"@type\":\"ListItem\",\"position\":3,\"name\":\"Wie man Lose f\u00fcr La Primitiva online kauft\"}]},{\"@type\":\"WebSite\",\"@id\":\"https:\\\/\\\/redfoxlotto.com\\\/de\\\/#website\",\"url\":\"https:\\\/\\\/redfoxlotto.com\\\/de\\\/\",\"name\":\"Get Tickets for the World\u2019s largest jackpots\",\"description\":\"Participate in worldwide lottery jackpots from any country\",\"publisher\":{\"@id\":\"https:\\\/\\\/redfoxlotto.com\\\/de\\\/#organization\"},\"potentialAction\":[{\"@type\":\"SearchAction\",\"target\":{\"@type\":\"EntryPoint\",\"urlTemplate\":\"https:\\\/\\\/redfoxlotto.com\\\/de\\\/?s={search_term_string}\"},\"query-input\":{\"@type\":\"PropertyValueSpecification\",\"valueRequired\":true,\"valueName\":\"search_term_string\"}}],\"inLanguage\":\"de\"},{\"@type\":\"Organization\",\"@id\":\"https:\\\/\\\/redfoxlotto.com\\\/de\\\/#organization\",\"name\":\"Get Tickets for the World\u2019s largest jackpots\",\"url\":\"https:\\\/\\\/redfoxlotto.com\\\/de\\\/\",\"logo\":{\"@type\":\"ImageObject\",\"inLanguage\":\"de\",\"@id\":\"https:\\\/\\\/redfoxlotto.com\\\/de\\\/#\\\/schema\\\/logo\\\/image\\\/\",\"url\":\"https:\\\/\\\/redfoxlotto.com\\\/wp-content\\\/uploads\\\/2023\\\/04\\\/logo.png\",\"contentUrl\":\"https:\\\/\\\/redfoxlotto.com\\\/wp-content\\\/uploads\\\/2023\\\/04\\\/logo.png\",\"width\":269,\"height\":53,\"caption\":\"Get Tickets for the World\u2019s largest jackpots\"},\"image\":{\"@id\":\"https:\\\/\\\/redfoxlotto.com\\\/de\\\/#\\\/schema\\\/logo\\\/image\\\/\"}}]}<\/script>\n<!-- \/ Yoast SEO plugin. -->","yoast_head_json":{"title":"Kaufen Sie La Primitiva Lose online auch aus Deutschland","description":"Egal wo Sie leben - Sie k\u00f6nnen Lose f\u00fcr La Primitiva Lotto bei uns kaufen","robots":{"index":"index","follow":"follow","max-snippet":"max-snippet:-1","max-image-preview":"max-image-preview:large","max-video-preview":"max-video-preview:-1"},"canonical":"https:\/\/redfoxlotto.com\/de\/lotterie\/la-primitiva\/","og_locale":"de_DE","og_type":"article","og_title":"Kaufen Sie La Primitiva Lose online auch aus Deutschland","og_description":"Egal wo Sie leben - Sie k\u00f6nnen Lose f\u00fcr La Primitiva Lotto bei uns kaufen","og_url":"https:\/\/redfoxlotto.com\/de\/lotterie\/la-primitiva\/","og_site_name":"Get Tickets for the World\u2019s largest jackpots","article_modified_time":"2018-11-18T08:55:00+00:00","og_image":[{"url":"https:\/\/content.redfoxlotto.com\/uploads\/sites\/9\/2_ticket_la_primitiva2.jpg","type":"","width":"","height":""}],"twitter_card":"summary_large_image","twitter_misc":{"Gesch\u00e4tzte Lesezeit":"2\u00a0Minuten"},"schema":{"@context":"https:\/\/schema.org","@graph":[{"@type":"WebPage","@id":"https:\/\/redfoxlotto.com\/de\/lotterie\/la-primitiva\/","url":"https:\/\/redfoxlotto.com\/de\/lotterie\/la-primitiva\/","name":"Kaufen Sie La Primitiva Lose online auch aus Deutschland","isPartOf":{"@id":"https:\/\/redfoxlotto.com\/de\/#website"},"primaryImageOfPage":{"@id":"https:\/\/redfoxlotto.com\/de\/lotterie\/la-primitiva\/#primaryimage"},"image":{"@id":"https:\/\/redfoxlotto.com\/de\/lotterie\/la-primitiva\/#primaryimage"},"thumbnailUrl":"https:\/\/content.redfoxlotto.com\/uploads\/sites\/9\/2_ticket_la_primitiva2.jpg","datePublished":"2018-11-18T08:54:25+00:00","dateModified":"2018-11-18T08:55:00+00:00","description":"Egal wo Sie leben - Sie k\u00f6nnen Lose f\u00fcr La Primitiva Lotto bei uns kaufen","breadcrumb":{"@id":"https:\/\/redfoxlotto.com\/de\/lotterie\/la-primitiva\/#breadcrumb"},"inLanguage":"de","potentialAction":[{"@type":"ReadAction","target":["https:\/\/redfoxlotto.com\/de\/lotterie\/la-primitiva\/"]}]},{"@type":"ImageObject","inLanguage":"de","@id":"https:\/\/redfoxlotto.com\/de\/lotterie\/la-primitiva\/#primaryimage","url":"https:\/\/content.redfoxlotto.com\/uploads\/sites\/9\/2_ticket_la_primitiva2.jpg","contentUrl":"https:\/\/content.redfoxlotto.com\/uploads\/sites\/9\/2_ticket_la_primitiva2.jpg"},{"@type":"BreadcrumbList","@id":"https:\/\/redfoxlotto.com\/de\/lotterie\/la-primitiva\/#breadcrumb","itemListElement":[{"@type":"ListItem","position":1,"name":"Home","item":"https:\/\/redfoxlotto.com\/de\/"},{"@type":"ListItem","position":2,"name":"Der Ablauf beim Online-Lottospiel","item":"https:\/\/redfoxlotto.com\/de\/lotterie\/"},{"@type":"ListItem","position":3,"name":"Wie man Lose f\u00fcr La Primitiva online kauft"}]},{"@type":"WebSite","@id":"https:\/\/redfoxlotto.com\/de\/#website","url":"https:\/\/redfoxlotto.com\/de\/","name":"Get Tickets for the World\u2019s largest jackpots","description":"Participate in worldwide lottery jackpots from any country","publisher":{"@id":"https:\/\/redfoxlotto.com\/de\/#organization"},"potentialAction":[{"@type":"SearchAction","target":{"@type":"EntryPoint","urlTemplate":"https:\/\/redfoxlotto.com\/de\/?s={search_term_string}"},"query-input":{"@type":"PropertyValueSpecification","valueRequired":true,"valueName":"search_term_string"}}],"inLanguage":"de"},{"@type":"Organization","@id":"https:\/\/redfoxlotto.com\/de\/#organization","name":"Get Tickets for the World\u2019s largest jackpots","url":"https:\/\/redfoxlotto.com\/de\/","logo":{"@type":"ImageObject","inLanguage":"de","@id":"https:\/\/redfoxlotto.com\/de\/#\/schema\/logo\/image\/","url":"https:\/\/redfoxlotto.com\/wp-content\/uploads\/2023\/04\/logo.png","contentUrl":"https:\/\/redfoxlotto.com\/wp-content\/uploads\/2023\/04\/logo.png","width":269,"height":53,"caption":"Get Tickets for the World\u2019s largest jackpots"},"image":{"@id":"https:\/\/redfoxlotto.com\/de\/#\/schema\/logo\/image\/"}}]}},"_links":{"self":[{"href":"https:\/\/redfoxlotto.com\/de\/wp-json\/wp\/v2\/pages\/157","targetHints":{"allow":["GET"]}}],"collection":[{"href":"https:\/\/redfoxlotto.com\/de\/wp-json\/wp\/v2\/pages"}],"about":[{"href":"https:\/\/redfoxlotto.com\/de\/wp-json\/wp\/v2\/types\/page"}],"author":[{"embeddable":true,"href":"https:\/\/redfoxlotto.com\/de\/wp-json\/wp\/v2\/users\/1"}],"replies":[{"embeddable":true,"href":"https:\/\/redfoxlotto.com\/de\/wp-json\/wp\/v2\/comments?post=157"}],"version-history":[{"count":0,"href":"https:\/\/redfoxlotto.com\/de\/wp-json\/wp\/v2\/pages\/157\/revisions"}],"up":[{"embeddable":true,"href":"https:\/\/redfoxlotto.com\/de\/wp-json\/wp\/v2\/pages\/120"}],"wp:attachment":[{"href":"https:\/\/redfoxlotto.com\/de\/wp-json\/wp\/v2\/media?parent=157"}],"curies":[{"name":"wp","href":"https:\/\/api.w.org\/{rel}","templated":true}]}}