{"id":156,"date":"2018-11-18T08:54:25","date_gmt":"2018-11-18T08:54:25","guid":{"rendered":"https:\/\/redfoxlotto.com\/?page_id=4328"},"modified":"2018-11-18T08:55:00","modified_gmt":"2018-11-18T08:55:00","slug":"el-gordo-primitiva","status":"publish","type":"page","link":"https:\/\/redfoxlotto.com\/de\/lotterie\/el-gordo-primitiva\/","title":{"rendered":"Informationen \u00fcber El Gordo"},"content":{"rendered":"<p>Die spanische Weihnachts-Lotterie oder Loteria de Navidad, wie sie liebevoll genannt wird, ist eine der \u00e4ltesten Lotterien der Welt, wie sie seit 1812 existiert und bis heute jedes Jahr organisiert wird. Die Loteria de Navidad ist die zweitl\u00e4ngste kontinuierlich laufende Lotterie der Welt, wie sie auch w\u00e4hrend des B\u00fcrgerkriegs in Spanien \u00fcberlebt hat. <\/p><p><img loading=\"lazy\" decoding=\"async\" class=\" wp-image alignright\" src=\"https:\/\/content.redfoxlotto.com\/uploads\/sites\/9\/1_buy_ticket_lotto_online.jpg\" alt=\"online kaufen El Gordo\" width=\"206\" height=\"136\" \/><\/p><!--more--><p>Nicht spanischsprachige L\u00e4nder gehen oft davon aus, dass El Gordo der Name der Lotterie ist, Tatsache ist, dass El Gordo sich nur auf den Jackpot-Preis oder buchst\u00e4blich &#8222;den Dicken&#8220; bezieht.<\/p><p>Die spanische Weihnachtslotterie bietet einen der <a href=\"https:\/\/redfoxlotto.com\/de\">gr\u00f6\u00dften Lotteriepreise der Welt<\/a>, da die Spieler eine Chance haben, bis zu 2,5 Milliarden Euro an Preisen zu gewinnen, w\u00e4hrend der Jackpot-Preis oder der El Gordo bei 4 Millionen Euro liegt. Die Ziehung findet einmal im Jahr in der N\u00e4he des Weihnachtsfestes statt, da sie jeden 22. Dezember stattfindet.<\/p><p><img decoding=\"async\" class=\"size-full wp-image alignright\" src=\"https:\/\/content.redfoxlotto.com\/uploads\/sites\/9\/2_ticket_el_gordo.jpg\" alt=\"El Gordo tickets\"><\/p><p>Um in der spanischen Weihnachtslotterie zu spielen, m\u00fcssen Sie 18 Jahre und \u00e4lter sein und die Lose haben bereits eine Reihe von 5 Zahlen aufgedruckt, so dass, wenn die Ziehung abgeschlossen ist, diese Lose, die die gezogenen Gewinnzahlen enthalten, f\u00fcr einen Preis in der Lotterie qualifizieren. &#8222;El mayor premio es compartilo&#8220; ist ein Slogan, der mit der spanischen Weihnachtslotterie in Verbindung gebracht wird, und die englische \u00dcbersetzung lautet &#8222;der gr\u00f6\u00dfte Preis ist teilen&#8220; und das ist das, was die Lotterie besonders macht. Eine Reihe von Tickets enth\u00e4lt oft die gleichen Zahlen, so dass, wenn diese Zahl gewinnt, das Preisgeld unter all denen aufgeteilt wird, die diese Zahl haben. W\u00e4hrend der Ziehung wird eine Kugel mit einer 5-stelligen Zahl aus einem Pool von anderen gezogen, wobei jede Gewinnzahl mit ihrem Preis verbunden ist.<\/p><p>Die spanische Weihnachtslotterie ist heute mehr eine Tradition f\u00fcr das spanische Volk wie jede Weihnachtszeit, die Lotterie neigt dazu, den Menschen in Spanien Gl\u00fcck zu bringen, da sie alle erwarten, Gewinner in der ber\u00fchmten Loteria de Navidad zu sein. Die Gewinnchancen der El Gordo sind im Vergleich zu anderen Lotterien eigentlich hoch, da sie bei 1 zu 100.000 liegen.<\/p>","protected":false},"excerpt":{"rendered":"<p>Die spanische Weihnachts-Lotterie oder Loteria de Navidad, wie sie liebevoll genannt wird, ist eine der \u00e4ltesten Lotterien der Welt, wie sie seit 1812 existiert und bis heute jedes Jahr organisiert wird. Die Loteria de Navidad ist die zweitl\u00e4ngste kontinuierlich laufende Lotterie der Welt, wie sie auch w\u00e4hrend des B\u00fcrgerkriegs in Spanien \u00fcberlebt hat.<\/p>\n","protected":false},"author":1,"featured_media":0,"parent":120,"menu_order":6,"comment_status":"closed","ping_status":"closed","template":"el-gordo-info.php","meta":{"_et_pb_use_builder":"","_et_pb_old_content":"","_et_gb_content_width":"","exclude_from_search":false,"footnotes":""},"class_list":["post-156","page","type-page","status-publish","hentry"],"yoast_head":"<!-- This site is optimized with the Yoast SEO plugin v23.8 - https:\/\/yoast.com\/wordpress\/plugins\/seo\/ -->\n<title>Spanische Weihnachtslotterie El Gordo | Was Sie \u00fcber die spanische Weihnachtslotterie wissen sollten.<\/title>\n<meta name=\"description\" content=\"Lesen Sie diese Informationen \u00fcber El Gordo Loteria de Navidad, die spanische Weihnachtslotterie\" \/>\n<meta name=\"robots\" content=\"index, follow, max-snippet:-1, max-image-preview:large, max-video-preview:-1\" \/>\n<link rel=\"canonical\" href=\"https:\/\/redfoxlotto.com\/de\/lotterie\/el-gordo-primitiva\/\" \/>\n<meta property=\"og:locale\" content=\"de_DE\" \/>\n<meta property=\"og:type\" content=\"article\" \/>\n<meta property=\"og:title\" content=\"Spanische Weihnachtslotterie El Gordo | Was Sie \u00fcber die spanische Weihnachtslotterie wissen sollten.\" \/>\n<meta property=\"og:description\" content=\"Lesen Sie diese Informationen \u00fcber El Gordo Loteria de Navidad, die spanische Weihnachtslotterie\" \/>\n<meta property=\"og:url\" content=\"https:\/\/redfoxlotto.com\/de\/lotterie\/el-gordo-primitiva\/\" \/>\n<meta property=\"og:site_name\" content=\"Get Tickets for the World\u2019s largest jackpots\" \/>\n<meta property=\"article:modified_time\" content=\"2018-11-18T08:55:00+00:00\" \/>\n<meta property=\"og:image\" content=\"https:\/\/content.redfoxlotto.com\/uploads\/sites\/9\/1_buy_ticket_lotto_online.jpg\" \/>\n<meta name=\"twitter:card\" content=\"summary_large_image\" \/>\n<meta name=\"twitter:label1\" content=\"Gesch\u00e4tzte Lesezeit\" \/>\n\t<meta name=\"twitter:data1\" content=\"3\u00a0Minuten\" \/>\n<script type=\"application\/ld+json\" class=\"yoast-schema-graph\">{\"@context\":\"https:\/\/schema.org\",\"@graph\":[{\"@type\":\"WebPage\",\"@id\":\"https:\/\/redfoxlotto.com\/de\/lotterie\/el-gordo-primitiva\/\",\"url\":\"https:\/\/redfoxlotto.com\/de\/lotterie\/el-gordo-primitiva\/\",\"name\":\"Spanische Weihnachtslotterie El Gordo | Was Sie \u00fcber die spanische Weihnachtslotterie wissen sollten.\",\"isPartOf\":{\"@id\":\"https:\/\/redfoxlotto.com\/de\/#website\"},\"primaryImageOfPage\":{\"@id\":\"https:\/\/redfoxlotto.com\/de\/lotterie\/el-gordo-primitiva\/#primaryimage\"},\"image\":{\"@id\":\"https:\/\/redfoxlotto.com\/de\/lotterie\/el-gordo-primitiva\/#primaryimage\"},\"thumbnailUrl\":\"https:\/\/content.redfoxlotto.com\/uploads\/sites\/9\/1_buy_ticket_lotto_online.jpg\",\"datePublished\":\"2018-11-18T08:54:25+00:00\",\"dateModified\":\"2018-11-18T08:55:00+00:00\",\"description\":\"Lesen Sie diese Informationen \u00fcber El Gordo Loteria de Navidad, die spanische Weihnachtslotterie\",\"breadcrumb\":{\"@id\":\"https:\/\/redfoxlotto.com\/de\/lotterie\/el-gordo-primitiva\/#breadcrumb\"},\"inLanguage\":\"de\",\"potentialAction\":[{\"@type\":\"ReadAction\",\"target\":[\"https:\/\/redfoxlotto.com\/de\/lotterie\/el-gordo-primitiva\/\"]}]},{\"@type\":\"ImageObject\",\"inLanguage\":\"de\",\"@id\":\"https:\/\/redfoxlotto.com\/de\/lotterie\/el-gordo-primitiva\/#primaryimage\",\"url\":\"https:\/\/content.redfoxlotto.com\/uploads\/sites\/9\/1_buy_ticket_lotto_online.jpg\",\"contentUrl\":\"https:\/\/content.redfoxlotto.com\/uploads\/sites\/9\/1_buy_ticket_lotto_online.jpg\"},{\"@type\":\"BreadcrumbList\",\"@id\":\"https:\/\/redfoxlotto.com\/de\/lotterie\/el-gordo-primitiva\/#breadcrumb\",\"itemListElement\":[{\"@type\":\"ListItem\",\"position\":1,\"name\":\"Home\",\"item\":\"https:\/\/redfoxlotto.com\/de\/\"},{\"@type\":\"ListItem\",\"position\":2,\"name\":\"Der Ablauf beim Online-Lottospiel\",\"item\":\"https:\/\/redfoxlotto.com\/de\/lotterie\/\"},{\"@type\":\"ListItem\",\"position\":3,\"name\":\"Informationen \u00fcber El Gordo\"}]},{\"@type\":\"WebSite\",\"@id\":\"https:\/\/redfoxlotto.com\/de\/#website\",\"url\":\"https:\/\/redfoxlotto.com\/de\/\",\"name\":\"Get Tickets for the World\u2019s largest jackpots\",\"description\":\"Participate in worldwide lottery jackpots from any country\",\"publisher\":{\"@id\":\"https:\/\/redfoxlotto.com\/de\/#organization\"},\"potentialAction\":[{\"@type\":\"SearchAction\",\"target\":{\"@type\":\"EntryPoint\",\"urlTemplate\":\"https:\/\/redfoxlotto.com\/de\/?s={search_term_string}\"},\"query-input\":{\"@type\":\"PropertyValueSpecification\",\"valueRequired\":true,\"valueName\":\"search_term_string\"}}],\"inLanguage\":\"de\"},{\"@type\":\"Organization\",\"@id\":\"https:\/\/redfoxlotto.com\/de\/#organization\",\"name\":\"Get Tickets for the World\u2019s largest jackpots\",\"url\":\"https:\/\/redfoxlotto.com\/de\/\",\"logo\":{\"@type\":\"ImageObject\",\"inLanguage\":\"de\",\"@id\":\"https:\/\/redfoxlotto.com\/de\/#\/schema\/logo\/image\/\",\"url\":\"https:\/\/redfoxlotto.com\/wp-content\/uploads\/2023\/04\/logo.png\",\"contentUrl\":\"https:\/\/redfoxlotto.com\/wp-content\/uploads\/2023\/04\/logo.png\",\"width\":269,\"height\":53,\"caption\":\"Get Tickets for the World\u2019s largest jackpots\"},\"image\":{\"@id\":\"https:\/\/redfoxlotto.com\/de\/#\/schema\/logo\/image\/\"}}]}<\/script>\n<!-- \/ Yoast SEO plugin. -->","yoast_head_json":{"title":"Spanische Weihnachtslotterie El Gordo | Was Sie \u00fcber die spanische Weihnachtslotterie wissen sollten.","description":"Lesen Sie diese Informationen \u00fcber El Gordo Loteria de Navidad, die spanische Weihnachtslotterie","robots":{"index":"index","follow":"follow","max-snippet":"max-snippet:-1","max-image-preview":"max-image-preview:large","max-video-preview":"max-video-preview:-1"},"canonical":"https:\/\/redfoxlotto.com\/de\/lotterie\/el-gordo-primitiva\/","og_locale":"de_DE","og_type":"article","og_title":"Spanische Weihnachtslotterie El Gordo | Was Sie \u00fcber die spanische Weihnachtslotterie wissen sollten.","og_description":"Lesen Sie diese Informationen \u00fcber El Gordo Loteria de Navidad, die spanische Weihnachtslotterie","og_url":"https:\/\/redfoxlotto.com\/de\/lotterie\/el-gordo-primitiva\/","og_site_name":"Get Tickets for the World\u2019s largest jackpots","article_modified_time":"2018-11-18T08:55:00+00:00","og_image":[{"url":"https:\/\/content.redfoxlotto.com\/uploads\/sites\/9\/1_buy_ticket_lotto_online.jpg"}],"twitter_card":"summary_large_image","twitter_misc":{"Gesch\u00e4tzte Lesezeit":"3\u00a0Minuten"},"schema":{"@context":"https:\/\/schema.org","@graph":[{"@type":"WebPage","@id":"https:\/\/redfoxlotto.com\/de\/lotterie\/el-gordo-primitiva\/","url":"https:\/\/redfoxlotto.com\/de\/lotterie\/el-gordo-primitiva\/","name":"Spanische Weihnachtslotterie El Gordo | Was Sie \u00fcber die spanische Weihnachtslotterie wissen sollten.","isPartOf":{"@id":"https:\/\/redfoxlotto.com\/de\/#website"},"primaryImageOfPage":{"@id":"https:\/\/redfoxlotto.com\/de\/lotterie\/el-gordo-primitiva\/#primaryimage"},"image":{"@id":"https:\/\/redfoxlotto.com\/de\/lotterie\/el-gordo-primitiva\/#primaryimage"},"thumbnailUrl":"https:\/\/content.redfoxlotto.com\/uploads\/sites\/9\/1_buy_ticket_lotto_online.jpg","datePublished":"2018-11-18T08:54:25+00:00","dateModified":"2018-11-18T08:55:00+00:00","description":"Lesen Sie diese Informationen \u00fcber El Gordo Loteria de Navidad, die spanische Weihnachtslotterie","breadcrumb":{"@id":"https:\/\/redfoxlotto.com\/de\/lotterie\/el-gordo-primitiva\/#breadcrumb"},"inLanguage":"de","potentialAction":[{"@type":"ReadAction","target":["https:\/\/redfoxlotto.com\/de\/lotterie\/el-gordo-primitiva\/"]}]},{"@type":"ImageObject","inLanguage":"de","@id":"https:\/\/redfoxlotto.com\/de\/lotterie\/el-gordo-primitiva\/#primaryimage","url":"https:\/\/content.redfoxlotto.com\/uploads\/sites\/9\/1_buy_ticket_lotto_online.jpg","contentUrl":"https:\/\/content.redfoxlotto.com\/uploads\/sites\/9\/1_buy_ticket_lotto_online.jpg"},{"@type":"BreadcrumbList","@id":"https:\/\/redfoxlotto.com\/de\/lotterie\/el-gordo-primitiva\/#breadcrumb","itemListElement":[{"@type":"ListItem","position":1,"name":"Home","item":"https:\/\/redfoxlotto.com\/de\/"},{"@type":"ListItem","position":2,"name":"Der Ablauf beim Online-Lottospiel","item":"https:\/\/redfoxlotto.com\/de\/lotterie\/"},{"@type":"ListItem","position":3,"name":"Informationen \u00fcber El Gordo"}]},{"@type":"WebSite","@id":"https:\/\/redfoxlotto.com\/de\/#website","url":"https:\/\/redfoxlotto.com\/de\/","name":"Get Tickets for the World\u2019s largest jackpots","description":"Participate in worldwide lottery jackpots from any country","publisher":{"@id":"https:\/\/redfoxlotto.com\/de\/#organization"},"potentialAction":[{"@type":"SearchAction","target":{"@type":"EntryPoint","urlTemplate":"https:\/\/redfoxlotto.com\/de\/?s={search_term_string}"},"query-input":{"@type":"PropertyValueSpecification","valueRequired":true,"valueName":"search_term_string"}}],"inLanguage":"de"},{"@type":"Organization","@id":"https:\/\/redfoxlotto.com\/de\/#organization","name":"Get Tickets for the World\u2019s largest jackpots","url":"https:\/\/redfoxlotto.com\/de\/","logo":{"@type":"ImageObject","inLanguage":"de","@id":"https:\/\/redfoxlotto.com\/de\/#\/schema\/logo\/image\/","url":"https:\/\/redfoxlotto.com\/wp-content\/uploads\/2023\/04\/logo.png","contentUrl":"https:\/\/redfoxlotto.com\/wp-content\/uploads\/2023\/04\/logo.png","width":269,"height":53,"caption":"Get Tickets for the World\u2019s largest jackpots"},"image":{"@id":"https:\/\/redfoxlotto.com\/de\/#\/schema\/logo\/image\/"}}]}},"_links":{"self":[{"href":"https:\/\/redfoxlotto.com\/de\/wp-json\/wp\/v2\/pages\/156","targetHints":{"allow":["GET"]}}],"collection":[{"href":"https:\/\/redfoxlotto.com\/de\/wp-json\/wp\/v2\/pages"}],"about":[{"href":"https:\/\/redfoxlotto.com\/de\/wp-json\/wp\/v2\/types\/page"}],"author":[{"embeddable":true,"href":"https:\/\/redfoxlotto.com\/de\/wp-json\/wp\/v2\/users\/1"}],"replies":[{"embeddable":true,"href":"https:\/\/redfoxlotto.com\/de\/wp-json\/wp\/v2\/comments?post=156"}],"version-history":[{"count":0,"href":"https:\/\/redfoxlotto.com\/de\/wp-json\/wp\/v2\/pages\/156\/revisions"}],"up":[{"embeddable":true,"href":"https:\/\/redfoxlotto.com\/de\/wp-json\/wp\/v2\/pages\/120"}],"wp:attachment":[{"href":"https:\/\/redfoxlotto.com\/de\/wp-json\/wp\/v2\/media?parent=156"}],"curies":[{"name":"wp","href":"https:\/\/api.w.org\/{rel}","templated":true}]}}