{"id":140,"date":"2023-04-24T17:37:44","date_gmt":"2023-04-24T17:37:44","guid":{"rendered":"https:\/\/redfoxlotto.com\/?page_id=278\/"},"modified":"2025-12-17T09:00:57","modified_gmt":"2025-12-17T09:00:57","slug":"mega-millions","status":"publish","type":"page","link":"https:\/\/redfoxlotto.com\/de\/spielen\/mega-millions\/","title":{"rendered":"Mega Millions spielen"},"content":{"rendered":"<p><script type=\"application\/ld+json\">\n{\n  \"@context\": \"https:\/\/schema.org\",\n  \"@type\": \"Service\",\n  \"name\": \"Mega Millions online spielen\",\n  \"url\": \"https:\/\/redfoxlotto.com\/de\/spielen\/mega-millions\/\",\n  \"description\": \"Spielen Sie Mega Millions online aus jedem Land. Besuchen Sie RedFoxLotto, w\u00e4hlen Sie Ihre Zahlen und erhalten Sie Ihre Tickets.\",\n  \"serviceType\": \"Online-Lotterieticket-Vermittlungsservice\",<\/p>\n<p>  \"provider\": {\n    \"@type\": \"Organization\",\n    \"name\": \"RedFoxLotto\",\n    \"url\": \"https:\/\/redfoxlotto.com\/de\/spielen\/mega-millions\/\",\n    \"image\": \"https:\/\/redfoxlotto.com\/wp-content\/uploads\/2025\/12\/ticket_scans.jpg\"\n  },<\/p>\n<p>  \"areaServed\": \"Worldwide\",\n  \"termsOfService\": \"https:\/\/redfoxlotto.com\/terms-and-conditions\",<\/p>\n<p>  \"additionalProperty\": {\n    \"@type\": \"PropertyValue\",\n    \"name\": \"FAQ\",\n    \"value\": \"https:\/\/redfoxlotto.com\/de\/faq\/\"\n  },<\/p>\n<p>  \"hasOfferCatalog\": {\n    \"@type\": \"OfferCatalog\",\n    \"name\": \"Mega Millions Lottoscheine\",\n    \"itemListElement\": [{\n      \"@type\": \"Offer\",\n      \"name\": \"Mega Millions Tickets\",\n      \"url\": \"https:\/\/redfoxlotto.com\/de\/spielen\/mega-millions\/\",\n      \"description\": \"W\u00e4hlen Sie Ihre Zahlen f\u00fcr die n\u00e4chste Mega Millions Ziehung und bestellen Sie Tickets online.\",\n      \"price\": \"13.00\",\n      \"priceCurrency\": \"EUR\",\n      \"availability\": \"https:\/\/schema.org\/InStock\"\n    }]\n  },<\/p>\n<p>  \"mainEntityOfPage\": {\n    \"@type\": \"WebPage\",\n    \"@id\": \"https:\/\/redfoxlotto.com\/de\/spielen\/mega-millions\/\"\n  }\n}\n<\/script><\/p>\n<p>Sie m\u00fcssen nicht in die USA reisen, um die US-Mega-Millions-Lotterie zu spielen! Wollten Sie diese \u00e4u\u00dferst beliebte Lotterie schon einmal spielen, aber Sie wussten nicht, wie Sie es machen sollten? Vielleicht haben Sie die Zahlen gesehen, die f\u00fcr dieses Spiel gezogen werden, und Sie haben die riesigen Jackpots gesehen, die zur Verf\u00fcgung stehen, und Sie waren wirklich daran interessiert, mitzuspielen, aber Sie dachten, dass es nur f\u00fcr Leute aus den Vereinigten Staaten m\u00f6glich w\u00e4re.<!--more--><\/p>\n<h2>Mega Millions von Deutschland aus spielen<\/h2>\n<p><img loading=\"lazy\" decoding=\"async\" class=\" wp-image-7218 alignright\" src=\"https:\/\/content.redfoxlotto.com\/uploads\/sites\/9\/1_play_mega_millions_jackpot.jpg\" alt=\"mega millions von Deutschland\" width=\"208\" height=\"225\" \/>Um in der <a href=\"https:\/\/redfoxlotto.com\/de\/lotterie\/mega-millions\/\">US Lotterie Mega Millions<\/a> mitzuspielen, m\u00fcssen Sie nicht eigens in die USA fliegen. Sie k\u00f6nnen Mega Millions <strong>auch von Deutschland aus<\/strong> spielen, denn wir beschaffen Ihnen Ihr Los. Sie k\u00f6nnen es bei uns <strong>online bestellen<\/strong>. Einer unserer Mitarbeiter in den USA kauft das Los (mit den von Ihnen gew\u00e4hlten Zahlen) f\u00fcr Sie. Sie bekommen eine Best\u00e4tigung von uns, dass Sie ein oder mehrere Mega Millions Lose gekauft haben. Auch um die Auszahlung im Gewinnfalle k\u00fcmmern wir uns f\u00fcr Sie.<\/p>\n<h2>Regeln des Mega Million Lotto<\/h2>\n<p>Wenn man Mega Millions spielen will, sollte man wissen, wie die Regeln sind, nicht wahr? Nun, das ist nicht allzu schwierig. Die Spieler w\u00e4hlen f\u00fcnf Zahlen zwischen 1 und 70 sowie eine zus\u00e4tzliche Zahl von 1 bis 25. Das bedeutet, dass es insgesamt 6 verschiedene B\u00e4lle in der Ziehungsmaschine gibt, f\u00fcr die Sie die Zahlen ausw\u00e4hlen m\u00fcssen.<\/p>\n<p>Um den Jackpot zu gewinnen, m\u00fcssen <strong>alle sechs Zahlen richtig<\/strong> gew\u00e4hlt worden sein. F\u00fcr f\u00fcnf richtige Hauptzahlen betr\u00e4gt der Gewinn $ 1 Million. Sie werden also immer noch eine ziemlich gute Auszahlung haben, auch wenn Sie den Megaball nicht richtig getippt haben.<\/p>\n<h2>Der Mega Millions Jackpot<\/h2>\n<p>Das Mega Millions Lotto ist f\u00fcr seine rasant ansteigenden Jackpots bekannt. Das liegt daran, dass einerseits in den USA Woche f\u00fcr Woche Hunderte Millionen Lose verkauft werden. Der Jackpot wird aber dennoch oft wochenlang nicht geknackt. Der Jackpot startet immer bei mindestens 40 Millionen US-Dollar. Er steigt zun\u00e4chst meist langsamer an, in der Regel um 10-15 Millionen Dollar pro Ziehung (es gibt zwei Ziehungen pro Woche).<\/p>\n<p><img loading=\"lazy\" decoding=\"async\" class=\" wp-image-8922 alignright\" src=\"https:\/\/content.redfoxlotto.com\/uploads\/sites\/9\/big_lottery_winner.jpg\" alt=\"mega millions online spielen\" width=\"213\" height=\"154\" \/>Gewinnt niemand, so sind schnell die 100 Millionen erreicht. Danach werden noch mehr Lose als sonst verkauft. Der Jackpot beginnt zu &#8222;explodieren&#8220;. Steigerungen von 200 Millionen auf 500 Millionen innerhalb einer Woche sind normal. Und wird der Jackpot 10 Wochen lang nicht gewonnen, dann \u00fcberschreitet er sogar den Betrag von 1 Milliarde Dollar. Zuletzt geschehen am 19.10.2018 &#8211; der Jackpot wurde schlie\u00dflich am 23.10.2018 beim Stand von 1,6 Milliarden von einem einzelnen Gewinner geknackt.<\/p>\n<p>Bei entsprechender Gr\u00f6\u00dfe des Jackpots sollten Sie unbedingt dar\u00fcber nachdenken, Ihr Los f\u00fcr die Teilnahme an mehreren Ziehungen hintereinander zu bestellen. So k\u00f6nnen Sie sicherstellen, dass Sie auch um die n\u00e4chsten, noch <a href=\"https:\/\/redfoxlotto.com\/de\">h\u00f6heren Jackpots<\/a> mitspielen.<\/p>\n<p>Wichtig ist zu erw\u00e4hnen, dass der Gewinner des Jackpots sich zwischen zwei Optionen entscheiden kann. Entweder er l\u00e4sst sich den vollen Gewinn in 30 Jahresraten auszahlen (mit einer j\u00e4hrlichen Steigerung von 5% als Inflationsausgleich). Oder er bekommt eine sofortige Einmalzahlung, die aber dann niedriger als der volle Gewinnbetrag ist.<\/p>\n<h2>Ist dieser Service legal f\u00fcr Spieler aus Deutschland?<\/h2>\n<p>Wenn Sie online Lotto in Betracht ziehen, fragen Sie sich vielleicht, ob Sie das auch tun k\u00f6nnen, wenn Sie nicht in den USA leben. Viele Leute denken, dass sie in dem Land leben m\u00fcssen, in dem die Lotterie stattfindet, damit sie mitspielen k\u00f6nnen. Dies ist f\u00fcr Spieler aus allen L\u00e4ndern, einschlie\u00dflich Deutschland, aber <strong>zu 100 % legal<\/strong>.<\/p>\n<p>Im Grunde ist es so, als ob Sie w\u00e4hrend eines Aufenthalts in den USA ein Los f\u00fcr Mega Millions kaufen w\u00fcrden. Da in den USA Lottoscheine an jeden \u00fcber 18 Jahre verkauft werden d\u00fcrfen, k\u00f6nnen auch Ausl\u00e4nder legal gewinnen. Letztendlich kommt es nur darauf an, dass Sie Ihren Schein haben. Dar\u00fcber hinaus sorgen wir auch daf\u00fcr, dass Sie das, was Sie gewonnen haben, ausgezahlt bekommen. Bei gr\u00f6\u00dferen Gewinnen (mehr als \u20ac2500) erhalten Sie in der Regel einen Scheck oder eine Bank\u00fcberweisung von der Lottogesellschaft.<\/p>\n<p>Bei kleineren Gewinnen k\u00f6nnen Sie die Gewinne problemlos direkt \u00fcber unsere Website abrufen und auf Ihrem Konto behalten, um zu einem sp\u00e4teren Zeitpunkt weitere Lose zu kaufen. Sie k\u00f6nnen es sich aber auch auf Ihr Bankkonto in Deutschland auszahlen lassen. Nat\u00fcrlich sind es nicht in erster Linie die kleinen Preise, die Sie interessieren.<\/p>\n<p>Falls Sie jedoch den Jackpot gewinnen sollten, <strong>wenn Sie von Deutschland aus online Mega Millions spielen<\/strong>, m\u00fcssen Sie in die USA reisen, wo Ihnen Ihr Scheck pers\u00f6nlich ausgeh\u00e4ndigt wird. Sicherlich w\u00fcrden Sie diese Reise mit Freude und Begeisterung antreten! Die Leute in den USA, die f\u00fcr das Lotto verantwortlich sind, lieben es, eine gro\u00dfe Show mit den Person(en) zu machen, die den Jackpot gewinnen.<\/p>\n<p>Das bedeutet, dass sie Ihnen einen gro\u00dfen Scheck \u00fcberreichen und viele Fotos machen und sie im Fernsehen zeigen, aber wenn Sie Millionen (oder sogar \u00fcber eine Milliarde) Dollar bekommen, wird das wohl kein Problem sein, oder?<\/p>\n<p><strong>Ist der <a href=\"https:\/\/redfoxlotto.com\/de\/wie-hoch-ist-der-jackpot-von-powerball-und-mega-millions-heute\/\">n\u00e4chste Mega Millions Jackpot<\/a> f\u00fcr Sie reserviert? Versuchen Sie jetzt Ihr Gl\u00fcck. Denn nur mit einem Los k\u00f6nnen Sie auch gewinnen!<\/strong><\/p>\n","protected":false},"excerpt":{"rendered":"<p>Sie m\u00fcssen nicht in die USA reisen, um die US-Mega-Millions-Lotterie zu spielen! Wollten Sie diese \u00e4u\u00dferst beliebte Lotterie schon einmal spielen, aber Sie wussten nicht, wie Sie es machen sollten? Vielleicht haben Sie die Zahlen gesehen, die f\u00fcr dieses Spiel gezogen werden, und Sie haben die riesigen Jackpots gesehen, die zur Verf\u00fcgung stehen, und Sie [&hellip;]<\/p>\n","protected":false},"author":1,"featured_media":0,"parent":137,"menu_order":2,"comment_status":"closed","ping_status":"closed","template":"megamillion.php","meta":{"_et_pb_use_builder":"","_et_pb_old_content":"","_et_gb_content_width":"","exclude_from_search":false,"footnotes":""},"class_list":["post-140","page","type-page","status-publish","hentry"],"yoast_head":"<!-- This site is optimized with the Yoast SEO plugin v23.8 - https:\/\/yoast.com\/wordpress\/plugins\/seo\/ -->\n<title>Mega Millions von Deutschland aus online spielen<\/title>\n<meta name=\"description\" content=\"Mega Millions ist einer der gr\u00f6\u00dften Lotterien - auch von Deutschland aus k\u00f6nnen Sie jetzt online spielen!\" \/>\n<meta name=\"robots\" content=\"index, follow, max-snippet:-1, max-image-preview:large, max-video-preview:-1\" \/>\n<link rel=\"canonical\" href=\"https:\/\/redfoxlotto.com\/de\/spielen\/mega-millions\/\" \/>\n<meta property=\"og:locale\" content=\"de_DE\" \/>\n<meta property=\"og:type\" content=\"article\" \/>\n<meta property=\"og:title\" content=\"Mega Millions von Deutschland aus online spielen\" \/>\n<meta property=\"og:description\" content=\"Mega Millions ist einer der gr\u00f6\u00dften Lotterien - auch von Deutschland aus k\u00f6nnen Sie jetzt online spielen!\" \/>\n<meta property=\"og:url\" content=\"https:\/\/redfoxlotto.com\/de\/spielen\/mega-millions\/\" \/>\n<meta property=\"og:site_name\" content=\"Get Tickets for the World\u2019s largest jackpots\" \/>\n<meta property=\"article:modified_time\" content=\"2025-12-17T09:00:57+00:00\" \/>\n<meta property=\"og:image\" content=\"https:\/\/content.redfoxlotto.com\/uploads\/sites\/9\/1_play_mega_millions_jackpot.jpg\" \/>\n<meta name=\"twitter:card\" content=\"summary_large_image\" \/>\n<meta name=\"twitter:label1\" content=\"Gesch\u00e4tzte Lesezeit\" \/>\n\t<meta name=\"twitter:data1\" content=\"4\u00a0Minuten\" \/>\n<script type=\"application\/ld+json\" class=\"yoast-schema-graph\">{\"@context\":\"https:\/\/schema.org\",\"@graph\":[{\"@type\":\"WebPage\",\"@id\":\"https:\/\/redfoxlotto.com\/de\/spielen\/mega-millions\/\",\"url\":\"https:\/\/redfoxlotto.com\/de\/spielen\/mega-millions\/\",\"name\":\"Mega Millions von Deutschland aus online spielen\",\"isPartOf\":{\"@id\":\"https:\/\/redfoxlotto.com\/de\/#website\"},\"primaryImageOfPage\":{\"@id\":\"https:\/\/redfoxlotto.com\/de\/spielen\/mega-millions\/#primaryimage\"},\"image\":{\"@id\":\"https:\/\/redfoxlotto.com\/de\/spielen\/mega-millions\/#primaryimage\"},\"thumbnailUrl\":\"https:\/\/content.redfoxlotto.com\/uploads\/sites\/9\/1_play_mega_millions_jackpot.jpg\",\"datePublished\":\"2023-04-24T17:37:44+00:00\",\"dateModified\":\"2025-12-17T09:00:57+00:00\",\"description\":\"Mega Millions ist einer der gr\u00f6\u00dften Lotterien - auch von Deutschland aus k\u00f6nnen Sie jetzt online spielen!\",\"breadcrumb\":{\"@id\":\"https:\/\/redfoxlotto.com\/de\/spielen\/mega-millions\/#breadcrumb\"},\"inLanguage\":\"de\",\"potentialAction\":[{\"@type\":\"ReadAction\",\"target\":[\"https:\/\/redfoxlotto.com\/de\/spielen\/mega-millions\/\"]}]},{\"@type\":\"ImageObject\",\"inLanguage\":\"de\",\"@id\":\"https:\/\/redfoxlotto.com\/de\/spielen\/mega-millions\/#primaryimage\",\"url\":\"https:\/\/content.redfoxlotto.com\/uploads\/sites\/9\/1_play_mega_millions_jackpot.jpg\",\"contentUrl\":\"https:\/\/content.redfoxlotto.com\/uploads\/sites\/9\/1_play_mega_millions_jackpot.jpg\"},{\"@type\":\"BreadcrumbList\",\"@id\":\"https:\/\/redfoxlotto.com\/de\/spielen\/mega-millions\/#breadcrumb\",\"itemListElement\":[{\"@type\":\"ListItem\",\"position\":1,\"name\":\"Home\",\"item\":\"https:\/\/redfoxlotto.com\/de\/\"},{\"@type\":\"ListItem\",\"position\":2,\"name\":\"Mehr Lotterien online spielen\",\"item\":\"https:\/\/redfoxlotto.com\/de\/spielen\/\"},{\"@type\":\"ListItem\",\"position\":3,\"name\":\"Mega Millions spielen\"}]},{\"@type\":\"WebSite\",\"@id\":\"https:\/\/redfoxlotto.com\/de\/#website\",\"url\":\"https:\/\/redfoxlotto.com\/de\/\",\"name\":\"Get Tickets for the World\u2019s largest jackpots\",\"description\":\"Participate in worldwide lottery jackpots from any country\",\"publisher\":{\"@id\":\"https:\/\/redfoxlotto.com\/de\/#organization\"},\"potentialAction\":[{\"@type\":\"SearchAction\",\"target\":{\"@type\":\"EntryPoint\",\"urlTemplate\":\"https:\/\/redfoxlotto.com\/de\/?s={search_term_string}\"},\"query-input\":{\"@type\":\"PropertyValueSpecification\",\"valueRequired\":true,\"valueName\":\"search_term_string\"}}],\"inLanguage\":\"de\"},{\"@type\":\"Organization\",\"@id\":\"https:\/\/redfoxlotto.com\/de\/#organization\",\"name\":\"Get Tickets for the World\u2019s largest jackpots\",\"url\":\"https:\/\/redfoxlotto.com\/de\/\",\"logo\":{\"@type\":\"ImageObject\",\"inLanguage\":\"de\",\"@id\":\"https:\/\/redfoxlotto.com\/de\/#\/schema\/logo\/image\/\",\"url\":\"https:\/\/redfoxlotto.com\/wp-content\/uploads\/2023\/04\/logo.png\",\"contentUrl\":\"https:\/\/redfoxlotto.com\/wp-content\/uploads\/2023\/04\/logo.png\",\"width\":269,\"height\":53,\"caption\":\"Get Tickets for the World\u2019s largest jackpots\"},\"image\":{\"@id\":\"https:\/\/redfoxlotto.com\/de\/#\/schema\/logo\/image\/\"}}]}<\/script>\n<!-- \/ Yoast SEO plugin. -->","yoast_head_json":{"title":"Mega Millions von Deutschland aus online spielen","description":"Mega Millions ist einer der gr\u00f6\u00dften Lotterien - auch von Deutschland aus k\u00f6nnen Sie jetzt online spielen!","robots":{"index":"index","follow":"follow","max-snippet":"max-snippet:-1","max-image-preview":"max-image-preview:large","max-video-preview":"max-video-preview:-1"},"canonical":"https:\/\/redfoxlotto.com\/de\/spielen\/mega-millions\/","og_locale":"de_DE","og_type":"article","og_title":"Mega Millions von Deutschland aus online spielen","og_description":"Mega Millions ist einer der gr\u00f6\u00dften Lotterien - auch von Deutschland aus k\u00f6nnen Sie jetzt online spielen!","og_url":"https:\/\/redfoxlotto.com\/de\/spielen\/mega-millions\/","og_site_name":"Get Tickets for the World\u2019s largest jackpots","article_modified_time":"2025-12-17T09:00:57+00:00","og_image":[{"url":"https:\/\/content.redfoxlotto.com\/uploads\/sites\/9\/1_play_mega_millions_jackpot.jpg"}],"twitter_card":"summary_large_image","twitter_misc":{"Gesch\u00e4tzte Lesezeit":"4\u00a0Minuten"},"schema":{"@context":"https:\/\/schema.org","@graph":[{"@type":"WebPage","@id":"https:\/\/redfoxlotto.com\/de\/spielen\/mega-millions\/","url":"https:\/\/redfoxlotto.com\/de\/spielen\/mega-millions\/","name":"Mega Millions von Deutschland aus online spielen","isPartOf":{"@id":"https:\/\/redfoxlotto.com\/de\/#website"},"primaryImageOfPage":{"@id":"https:\/\/redfoxlotto.com\/de\/spielen\/mega-millions\/#primaryimage"},"image":{"@id":"https:\/\/redfoxlotto.com\/de\/spielen\/mega-millions\/#primaryimage"},"thumbnailUrl":"https:\/\/content.redfoxlotto.com\/uploads\/sites\/9\/1_play_mega_millions_jackpot.jpg","datePublished":"2023-04-24T17:37:44+00:00","dateModified":"2025-12-17T09:00:57+00:00","description":"Mega Millions ist einer der gr\u00f6\u00dften Lotterien - auch von Deutschland aus k\u00f6nnen Sie jetzt online spielen!","breadcrumb":{"@id":"https:\/\/redfoxlotto.com\/de\/spielen\/mega-millions\/#breadcrumb"},"inLanguage":"de","potentialAction":[{"@type":"ReadAction","target":["https:\/\/redfoxlotto.com\/de\/spielen\/mega-millions\/"]}]},{"@type":"ImageObject","inLanguage":"de","@id":"https:\/\/redfoxlotto.com\/de\/spielen\/mega-millions\/#primaryimage","url":"https:\/\/content.redfoxlotto.com\/uploads\/sites\/9\/1_play_mega_millions_jackpot.jpg","contentUrl":"https:\/\/content.redfoxlotto.com\/uploads\/sites\/9\/1_play_mega_millions_jackpot.jpg"},{"@type":"BreadcrumbList","@id":"https:\/\/redfoxlotto.com\/de\/spielen\/mega-millions\/#breadcrumb","itemListElement":[{"@type":"ListItem","position":1,"name":"Home","item":"https:\/\/redfoxlotto.com\/de\/"},{"@type":"ListItem","position":2,"name":"Mehr Lotterien online spielen","item":"https:\/\/redfoxlotto.com\/de\/spielen\/"},{"@type":"ListItem","position":3,"name":"Mega Millions spielen"}]},{"@type":"WebSite","@id":"https:\/\/redfoxlotto.com\/de\/#website","url":"https:\/\/redfoxlotto.com\/de\/","name":"Get Tickets for the World\u2019s largest jackpots","description":"Participate in worldwide lottery jackpots from any country","publisher":{"@id":"https:\/\/redfoxlotto.com\/de\/#organization"},"potentialAction":[{"@type":"SearchAction","target":{"@type":"EntryPoint","urlTemplate":"https:\/\/redfoxlotto.com\/de\/?s={search_term_string}"},"query-input":{"@type":"PropertyValueSpecification","valueRequired":true,"valueName":"search_term_string"}}],"inLanguage":"de"},{"@type":"Organization","@id":"https:\/\/redfoxlotto.com\/de\/#organization","name":"Get Tickets for the World\u2019s largest jackpots","url":"https:\/\/redfoxlotto.com\/de\/","logo":{"@type":"ImageObject","inLanguage":"de","@id":"https:\/\/redfoxlotto.com\/de\/#\/schema\/logo\/image\/","url":"https:\/\/redfoxlotto.com\/wp-content\/uploads\/2023\/04\/logo.png","contentUrl":"https:\/\/redfoxlotto.com\/wp-content\/uploads\/2023\/04\/logo.png","width":269,"height":53,"caption":"Get Tickets for the World\u2019s largest jackpots"},"image":{"@id":"https:\/\/redfoxlotto.com\/de\/#\/schema\/logo\/image\/"}}]}},"_links":{"self":[{"href":"https:\/\/redfoxlotto.com\/de\/wp-json\/wp\/v2\/pages\/140","targetHints":{"allow":["GET"]}}],"collection":[{"href":"https:\/\/redfoxlotto.com\/de\/wp-json\/wp\/v2\/pages"}],"about":[{"href":"https:\/\/redfoxlotto.com\/de\/wp-json\/wp\/v2\/types\/page"}],"author":[{"embeddable":true,"href":"https:\/\/redfoxlotto.com\/de\/wp-json\/wp\/v2\/users\/1"}],"replies":[{"embeddable":true,"href":"https:\/\/redfoxlotto.com\/de\/wp-json\/wp\/v2\/comments?post=140"}],"version-history":[{"count":0,"href":"https:\/\/redfoxlotto.com\/de\/wp-json\/wp\/v2\/pages\/140\/revisions"}],"up":[{"embeddable":true,"href":"https:\/\/redfoxlotto.com\/de\/wp-json\/wp\/v2\/pages\/137"}],"wp:attachment":[{"href":"https:\/\/redfoxlotto.com\/de\/wp-json\/wp\/v2\/media?parent=140"}],"curies":[{"name":"wp","href":"https:\/\/api.w.org\/{rel}","templated":true}]}}