{"id":139,"date":"2022-10-26T09:30:02","date_gmt":"2022-10-26T09:30:02","guid":{"rendered":"https:\/\/redfoxlotto.com\/?page_id=276\/"},"modified":"2025-12-17T07:27:47","modified_gmt":"2025-12-17T07:27:47","slug":"euromillions","status":"publish","type":"page","link":"https:\/\/redfoxlotto.com\/de\/spielen\/euromillions\/","title":{"rendered":"Wie man Euromillions von Deutschland aus spielt"},"content":{"rendered":"<p><script type=\"application\/ld+json\">\n{\n  \"@context\": \"https:\/\/schema.org\",\n  \"@type\": \"Service\",\n  \"name\": \"Euromillions Online Spielen\",\n  \"url\": \"https:\/\/redfoxlotto.com\/de\/spielen\/euromillions\/\",\n  \"description\": \"Spielen Sie Euromillions online aus jedem Land. Besuchen Sie RedFoxLotto, w\u00e4hlen Sie Ihre Zahlen und erhalten Sie Ihre Tickets.\",\n  \"serviceType\": \"Online lottery ticket messenger service\",\n  \"provider\": {\n    \"@type\": \"Organization\",\n    \"name\": \"RedFoxLotto\",\n    \"url\": \"https:\/\/redfoxlotto.com\/de\/\",\n    \"image\": \"https:\/\/redfoxlotto.com\/wp-content\/uploads\/2025\/12\/ticket_scans.jpg\",\n    \"sameAs\": []\n  },\n  \"areaServed\": \"Worldwide\",\n  \"termsOfService\": \"https:\/\/redfoxlotto.com\/terms-and-conditions\",\n  \"additionalProperty\": {\n    \"@type\": \"PropertyValue\",\n    \"name\": \"FAQ\",\n    \"value\": \"https:\/\/redfoxlotto.com\/de\/faq\/\"\n  },\n  \"hasOfferCatalog\": {\n    \"@type\": \"OfferCatalog\",\n    \"name\": \"Euromillions Lottoscheine\",\n    \"itemListElement\": [\n      {\n        \"@type\": \"Offer\",\n        \"name\": \"Euromillions Scheine\",\n        \"url\": \"https:\/\/redfoxlotto.com\/de\/spielen\/euromillions\/\",\n        \"description\": \"Klicken Sie hier, um Ihre Zahlen f\u00fcr die n\u00e4chste Euromillions-Ziehung auszuw\u00e4hlen \u2013 bestellen Sie Ihre Tickets online.\",\n        \"price\": \"7.00\",\n        \"priceCurrency\": \"EUR\",\n        \"availability\": \"https:\/\/schema.org\/InStock\",\n        \"itemOffered\": {\n          \"@type\": \"Service\",\n          \"name\": \"Euromillions Lottoscheine\",\n          \"description\": \"Spielen Sie bei der n\u00e4chsten Euromillions-Ziehung \u00fcber RedFoxLotto.\"\n        }\n      }\n    ]\n  },\n  \"mainEntityOfPage\": {\n    \"@type\": \"WebPage\",\n    \"@id\": \"https:\/\/redfoxlotto.com\/de\/spielen\/euromillions\/\"\n  }\n}\n<\/script><\/p>\n<p>Haben Sie eigentlich schon einmal von den EuroMillionen geh\u00f6rt? Wenn Sie in einem europ\u00e4ischen Land leben, haben Sie das bestimmt. Aber wenn Sie in Deutschland leben, vielleicht nicht. Schauen wir uns also etwas genauer an, wie man EuroMillions online spielen kann, oder?<\/p>\n<p>EuroMillions ist eine internationale Lotterie, die in neun europ\u00e4ischen L\u00e4ndern gespielt werden kann. Das bedeutet, dass Sie m\u00f6glicherweise bereits in einem Land leben, in dem Sie ein Los kaufen k\u00f6nnen. Lose f\u00fcr die EuroMillions-Lotterie k\u00f6nnen jedoch nicht in Gesch\u00e4ften in anderen L\u00e4ndern gekauft werden, und das schlie\u00dft Deutschland ein.<\/p>\n<p>Das sollten Sie unbedingt \u00e4ndern, denn EuroMillions ist neben dem Eurojackpot die gr\u00f6\u00dfte Lotterie in Europa. Die Lotterie wurde 2004 gegr\u00fcndet und der bisherige Rekordjackpot liegt bei 190 Millionen Euro. Er wurde im Oktober 2014 von einem einzigen, unbekannten Spieler gewonnen. Das ist definitiv etwas, auf das Sie zumindest eine Chance haben wollen, oder?<br \/>\n<img loading=\"lazy\" decoding=\"async\" class=\"wp-image-4203 alignright\" src=\"https:\/\/content.redfoxlotto.com\/uploads\/sites\/9\/2_ticket_euromillions.jpg\" alt=\"euromillions online\" width=\"156\" height=\"416\" \/><br \/>\nM\u00f6chten Sie sagen k\u00f6nnen, dass Sie beinahe die EuroMillionen gewonnen h\u00e4tten? Deshalb m\u00fcssen Sie mehr \u00fcber die Lose wissen.<\/p>\n<p>Die EuroMillions-Lottoziehungen finden dienstags und freitags in Paris statt. Um den Jackpot zu gewinnen, muss ein Spielschein 5 Zahlen von 1 bis 50 sowie den &#8222;Gl\u00fccksstern&#8220;, eine Zahl zwischen 1 und 12, richtig anzeigen. Nat\u00fcrlich gibt es auch andere Gewinnstufen. F\u00fcr den kleinsten Gewinn m\u00fcssen Sie 2 der 5 Hauptzahlen richtig angekreuzt haben.<\/p>\n<p>All das bedeutet, dass Sie eine wirklich gute Chance haben, etwas zu gewinnen, denn Sie m\u00fcssen nur 2 Zahlen richtig ankreuzen, um einen Preis zu gewinnen. Und wenn Sie sogar einen kleineren Preis gewinnen, haben Sie das Geld, das Sie brauchen, um ein neues Los zu kaufen und es bei der n\u00e4chsten Ziehung erneut zu versuchen.<\/p>\n<h2>Wie funktioniert der Online-Kauf von Losen aus Deutschland?<\/h2>\n<p>Um Ihre Lose zu kaufen und EuroMillions von Deutschland aus online zu spielen, m\u00fcssen Sie nur auf unserer Website auf EuroMillions klicken. Von dort aus werden Sie direkt durch die einzelnen Schritte gef\u00fchrt, die Sie tun m\u00fcssen, um das Ticket zu bekommen. Sie w\u00e4hlen Ihre Zahlen, jede beliebige Zahl, die Sie wollen (solange sie den Regeln entsprechen). Es gibt auch eine &#8222;Quick Pick&#8220;-Funktion.<\/p>\n<p>Mit einem Mausklick k\u00f6nnen Sie Ihre Zahlen von einem Zufallsgenerator bestimmen lassen. Sie k\u00f6nnen die gezogenen Zahlen immer noch manuell \u00e4ndern, wenn Sie m\u00f6chten, so dass Sie eine Kombination aus selbst gew\u00e4hlten Zahlen und Zahlen, die zuf\u00e4llig f\u00fcr Sie ausgew\u00e4hlt wurden, erhalten. Legen Sie dann so viele Lose wie gew\u00fcnscht in Ihren Einkaufswagen, bis Sie bereit zum Kauf sind.<\/p>\n<p>Wenn Sie m\u00f6chten, k\u00f6nnen Sie weitere Lose zu Ihrer Bestellung hinzuf\u00fcgen. Ihre Bestellung kann sogar Lose f\u00fcr andere Lotterien enthalten. Viele unserer Kunden spielen mehrere internationale Lotterieveranstaltungen gleichzeitig. Die meisten Menschen w\u00e4hlen ihre Lotterien nach der aktuellen Gr\u00f6\u00dfe des Jackpots aus, und dort werden Sie wahrscheinlich auch die EuroMillionen finden. Der Jackpot steht in der Regel sehr gut, und Sie werden ihn mit eigenen Augen sehen (und mitmachen) wollen.<\/p>\n<p>Folgen Sie dann den Anweisungen auf unserer Website, um den Kauf abzuschlie\u00dfen und online zu bezahlen. Sie k\u00f6nnen Ihr Ticket in wenigen Minuten haben, auch wenn Sie noch kein Konto bei uns haben. Wir machen es Ihnen wirklich so einfach, loszulegen.<\/p>\n<h2>Vorteile des Online-Spiels internationaler Lotterien wie Euromillions<\/h2>\n<p>Abgesehen von der Bequemlichkeit ist dies einer der gr\u00f6\u00dften Vorteile beim Spielen internationaler Lotterie-Jackpots. Sie k\u00f6nnen Ihr Lotteriegeld gewinnbringender einsetzen, indem Sie nur Lose f\u00fcr die Lotterien kaufen, deren Jackpots derzeit hoch genug sind. Sie m\u00fcssen nicht wochenlang warten, bis der Jackpot der nationalen Lotterie in Ihrem Land hoch genug ist. Sie k\u00f6nnen sich online im Grunde jederzeit f\u00fcr einen viel gr\u00f6\u00dferen Jackpot entscheiden. Tats\u00e4chlich haben die meisten L\u00e4nder der Welt Lotterien, die nie Jackpots erreichen, die auch nur einen Bruchteil dessen haben, was die gr\u00f6\u00dften weltweiten Lotterien haben.<\/p>\n<p>F\u00fcr diejenigen, die wirklich eine Chance auf einige der gr\u00f6\u00dften Preise haben wollen, ist das definitiv der beste Teil von allem. Sie wollen die Chance auf Millionengewinne haben und nicht nur auf einige der kleinen Betr\u00e4ge, mit denen viele Lotterien in Deutschland beginnen. Sicher, es ist sch\u00f6n, zu gewinnen. Aber noch sch\u00f6ner ist es, wenn Sie etwas gewinnen, das Ihr Leben wirklich ver\u00e4ndern wird, anstatt etwas zu gewinnen, mit dem Sie sich nur das n\u00e4chste Los kaufen k\u00f6nnen.<\/p>\n<p>Da es zwei w\u00f6chentliche Ziehungen gibt, steigt der EuroMillions-Jackpot recht schnell an. Aus diesem Grund sollten Sie in Erw\u00e4gung ziehen, die Option zu aktivieren, dass Ihre Lose an mehreren aufeinanderfolgenden Ziehungen teilnehmen. Das k\u00f6nnen Sie w\u00e4hrend Ihres Online-Kaufs tun.<img loading=\"lazy\" decoding=\"async\" class=\"alignright size-full wp-image-4215\" src=\"https:\/\/content.redfoxlotto.com\/uploads\/sites\/9\/1_play_onlinelottery4.jpg\" alt=\"Online spielen\" width=\"231\" height=\"130\" \/><\/p>\n<p>Die Option steht Ihnen zur Verf\u00fcgung, bevor die Bestellung abgeschlossen ist. So bleiben Sie immer im Spiel f\u00fcr den n\u00e4chsth\u00f6heren Jackpot in der n\u00e4chsten Ziehung. Bei der n\u00e4chsten Ziehung gibt es vielleicht keinen Gewinner f\u00fcr den Hauptpreis, aber vielleicht haben Sie bei der \u00fcbern\u00e4chsten Ziehung Gl\u00fcck.<\/p>\n<p>Wenn Sie zus\u00e4tzliche Ziehungen f\u00fcr ein einzelnes Los kaufen, bedeutet das auch, dass Sie sich ein wenig l\u00e4nger nicht um weitere Lose k\u00fcmmern m\u00fcssen. Sie k\u00f6nnen einfach abwarten, was Ihr aktuelles Los macht, und sehen, wie es Ihnen einen gro\u00dfen Gewinn bescheren wird. Es ist ganz einfach und wird Sie mehr als gl\u00fccklich machen, wenn Sie die m\u00f6gliche Auszahlung sehen.<\/p>\n<p>Die Spieler zahlen etwas mehr, weil die EuroMillions-Tickets im Vereinigten K\u00f6nigreich gekauft werden. Das liegt daran, dass die britischen Lose automatisch an der Millionaire Maker-Ziehung teilnehmen, die eine zus\u00e4tzliche Chance auf einen Gewinn von 1 Million Pfund bietet.<\/p>\n<p>Der Millionaire Maker funktioniert, indem f\u00fcr jedes gekaufte Los ein eindeutiger Code generiert wird. Dieser Code besteht aus vier Buchstaben gefolgt von f\u00fcnf Zahlen (z. B. ABCD12345). Bei jeder Ziehung werden einer oder mehrere dieser Codes nach dem Zufallsprinzip ausgew\u00e4hlt, und der Losinhaber mit dem passenden Code gewinnt sofort 1 Million Pfund, unabh\u00e4ngig von den gezogenen EuroMillions-Hauptzahlen.<\/p>\n<p>Diese Funktion macht das Spielen von EuroMillions im Vereinigten K\u00f6nigreich besonders attraktiv, da es eine zus\u00e4tzliche M\u00f6glichkeit bietet, neben dem Standard-Jackpot und den niedrigeren Gewinnstufen einen bedeutenden Preis zu gewinnen.<\/p>\n<p>Wenn also der Jackpot in Ihrer lokalen Lotterie in Deutschland im Moment nicht so attraktiv ist, warum versuchen Sie nicht Ihr Gl\u00fcck und spielen EuroMillions online? Man wei\u00df nie, um was man mitspielen oder was man gewinnen k\u00f6nnte. Und der Einstieg ist denkbar einfach. Was haben Sie zu verlieren, wenn Sie ein v\u00f6llig neues Spiel mit Jackpots von \u00fcber 100 Millionen ausprobieren? \u00dcberhaupt nichts! Und Sie k\u00f6nnten bei der n\u00e4chsten Ziehung etwas Gro\u00dfes gewinnen.<\/p>\n<section class=\"layout\" style=\"border: solid 1px; width: 100%;\">\n<div class=\"img-div\" style=\"margin-top: 5px;\"><img decoding=\"async\" class=\"wp-image-17212 alignleft\" style=\"height: 45px; margin: 8px 8px 0px;\" src=\"https:\/\/redfoxlotto.com\/wp-content\/uploads\/sites\/9\/read1.jpg\" alt=\"Lotterie online kaufen\" width=\"\" height=\"\" \/><\/div>\n<div style=\"padding-left: 5px;\">\n<div style=\"font-size: 1.1em;\">\n<p><strong>Die gr\u00f6\u00dften Lotterie-Jackpots, die Geschichte machten<\/strong><\/p>\n<p style=\"font-size: 0.8em; margin-top: -1.5em;\">Erfahren Sie mehr \u00fcber einige der gr\u00f6\u00dften Lotto-Jackpot-Gewinne der Geschichte, die das Leben der Gewinner \u00fcber Nacht ver\u00e4ndert haben. <a href=\"https:\/\/redfoxlotto.com\/de\/die-groessten-lotto-jackpots-die-geschichte-geschrieben-haben\/\">Lesen Sie mehr<\/a><\/p>\n<\/div>\n<\/div>\n<\/section>\n","protected":false},"excerpt":{"rendered":"<p>Haben Sie eigentlich schon einmal von den EuroMillionen geh\u00f6rt? Wenn Sie in einem europ\u00e4ischen Land leben, haben Sie das bestimmt. Aber wenn Sie in Deutschland leben, vielleicht nicht. Schauen wir uns also etwas genauer an, wie man EuroMillions online spielen kann, oder? EuroMillions ist eine internationale Lotterie, die in neun europ\u00e4ischen L\u00e4ndern gespielt werden kann. [&hellip;]<\/p>\n","protected":false},"author":1,"featured_media":0,"parent":137,"menu_order":3,"comment_status":"closed","ping_status":"closed","template":"euromillions.php","meta":{"_et_pb_use_builder":"","_et_pb_old_content":"","_et_gb_content_width":"","exclude_from_search":false,"footnotes":""},"class_list":["post-139","page","type-page","status-publish","hentry"],"yoast_head":"<!-- This site is optimized with the Yoast SEO plugin v23.8 - https:\/\/yoast.com\/wordpress\/plugins\/seo\/ -->\n<title>Spielen Sie Euromillions online aus Deutschland | Europas gr\u00f6\u00dfte Lotterie<\/title>\n<meta name=\"description\" content=\"Lottofans aus Deutschland k\u00f6nnen Euromillions jetzt online spielen - pr\u00fcfen Sie unseren Service f\u00fcr Euromillions-Scheine\" \/>\n<meta name=\"robots\" content=\"index, follow, max-snippet:-1, max-image-preview:large, max-video-preview:-1\" \/>\n<link rel=\"canonical\" href=\"https:\/\/redfoxlotto.com\/de\/spielen\/euromillions\/\" \/>\n<meta property=\"og:locale\" content=\"de_DE\" \/>\n<meta property=\"og:type\" content=\"article\" \/>\n<meta property=\"og:title\" content=\"Spielen Sie Euromillions online aus Deutschland | Europas gr\u00f6\u00dfte Lotterie\" \/>\n<meta property=\"og:description\" content=\"Lottofans aus Deutschland k\u00f6nnen Euromillions jetzt online spielen - pr\u00fcfen Sie unseren Service f\u00fcr Euromillions-Scheine\" \/>\n<meta property=\"og:url\" content=\"https:\/\/redfoxlotto.com\/de\/spielen\/euromillions\/\" \/>\n<meta property=\"og:site_name\" content=\"Get Tickets for the World\u2019s largest jackpots\" \/>\n<meta property=\"article:modified_time\" content=\"2025-12-17T07:27:47+00:00\" \/>\n<meta property=\"og:image\" content=\"https:\/\/content.redfoxlotto.com\/uploads\/sites\/9\/2_ticket_euromillions.jpg\" \/>\n<meta name=\"twitter:card\" content=\"summary_large_image\" \/>\n<meta name=\"twitter:label1\" content=\"Gesch\u00e4tzte Lesezeit\" \/>\n\t<meta name=\"twitter:data1\" content=\"6\u00a0Minuten\" \/>\n<script type=\"application\/ld+json\" class=\"yoast-schema-graph\">{\"@context\":\"https:\/\/schema.org\",\"@graph\":[{\"@type\":\"WebPage\",\"@id\":\"https:\/\/redfoxlotto.com\/de\/spielen\/euromillions\/\",\"url\":\"https:\/\/redfoxlotto.com\/de\/spielen\/euromillions\/\",\"name\":\"Spielen Sie Euromillions online aus Deutschland | Europas gr\u00f6\u00dfte Lotterie\",\"isPartOf\":{\"@id\":\"https:\/\/redfoxlotto.com\/de\/#website\"},\"primaryImageOfPage\":{\"@id\":\"https:\/\/redfoxlotto.com\/de\/spielen\/euromillions\/#primaryimage\"},\"image\":{\"@id\":\"https:\/\/redfoxlotto.com\/de\/spielen\/euromillions\/#primaryimage\"},\"thumbnailUrl\":\"https:\/\/content.redfoxlotto.com\/uploads\/sites\/9\/2_ticket_euromillions.jpg\",\"datePublished\":\"2022-10-26T09:30:02+00:00\",\"dateModified\":\"2025-12-17T07:27:47+00:00\",\"description\":\"Lottofans aus Deutschland k\u00f6nnen Euromillions jetzt online spielen - pr\u00fcfen Sie unseren Service f\u00fcr Euromillions-Scheine\",\"breadcrumb\":{\"@id\":\"https:\/\/redfoxlotto.com\/de\/spielen\/euromillions\/#breadcrumb\"},\"inLanguage\":\"de\",\"potentialAction\":[{\"@type\":\"ReadAction\",\"target\":[\"https:\/\/redfoxlotto.com\/de\/spielen\/euromillions\/\"]}]},{\"@type\":\"ImageObject\",\"inLanguage\":\"de\",\"@id\":\"https:\/\/redfoxlotto.com\/de\/spielen\/euromillions\/#primaryimage\",\"url\":\"https:\/\/content.redfoxlotto.com\/uploads\/sites\/9\/2_ticket_euromillions.jpg\",\"contentUrl\":\"https:\/\/content.redfoxlotto.com\/uploads\/sites\/9\/2_ticket_euromillions.jpg\"},{\"@type\":\"BreadcrumbList\",\"@id\":\"https:\/\/redfoxlotto.com\/de\/spielen\/euromillions\/#breadcrumb\",\"itemListElement\":[{\"@type\":\"ListItem\",\"position\":1,\"name\":\"Home\",\"item\":\"https:\/\/redfoxlotto.com\/de\/\"},{\"@type\":\"ListItem\",\"position\":2,\"name\":\"Mehr Lotterien online spielen\",\"item\":\"https:\/\/redfoxlotto.com\/de\/spielen\/\"},{\"@type\":\"ListItem\",\"position\":3,\"name\":\"Wie man Euromillions von Deutschland aus spielt\"}]},{\"@type\":\"WebSite\",\"@id\":\"https:\/\/redfoxlotto.com\/de\/#website\",\"url\":\"https:\/\/redfoxlotto.com\/de\/\",\"name\":\"Get Tickets for the World\u2019s largest jackpots\",\"description\":\"Participate in worldwide lottery jackpots from any country\",\"publisher\":{\"@id\":\"https:\/\/redfoxlotto.com\/de\/#organization\"},\"potentialAction\":[{\"@type\":\"SearchAction\",\"target\":{\"@type\":\"EntryPoint\",\"urlTemplate\":\"https:\/\/redfoxlotto.com\/de\/?s={search_term_string}\"},\"query-input\":{\"@type\":\"PropertyValueSpecification\",\"valueRequired\":true,\"valueName\":\"search_term_string\"}}],\"inLanguage\":\"de\"},{\"@type\":\"Organization\",\"@id\":\"https:\/\/redfoxlotto.com\/de\/#organization\",\"name\":\"Get Tickets for the World\u2019s largest jackpots\",\"url\":\"https:\/\/redfoxlotto.com\/de\/\",\"logo\":{\"@type\":\"ImageObject\",\"inLanguage\":\"de\",\"@id\":\"https:\/\/redfoxlotto.com\/de\/#\/schema\/logo\/image\/\",\"url\":\"https:\/\/redfoxlotto.com\/wp-content\/uploads\/2023\/04\/logo.png\",\"contentUrl\":\"https:\/\/redfoxlotto.com\/wp-content\/uploads\/2023\/04\/logo.png\",\"width\":269,\"height\":53,\"caption\":\"Get Tickets for the World\u2019s largest jackpots\"},\"image\":{\"@id\":\"https:\/\/redfoxlotto.com\/de\/#\/schema\/logo\/image\/\"}}]}<\/script>\n<!-- \/ Yoast SEO plugin. -->","yoast_head_json":{"title":"Spielen Sie Euromillions online aus Deutschland | Europas gr\u00f6\u00dfte Lotterie","description":"Lottofans aus Deutschland k\u00f6nnen Euromillions jetzt online spielen - pr\u00fcfen Sie unseren Service f\u00fcr Euromillions-Scheine","robots":{"index":"index","follow":"follow","max-snippet":"max-snippet:-1","max-image-preview":"max-image-preview:large","max-video-preview":"max-video-preview:-1"},"canonical":"https:\/\/redfoxlotto.com\/de\/spielen\/euromillions\/","og_locale":"de_DE","og_type":"article","og_title":"Spielen Sie Euromillions online aus Deutschland | Europas gr\u00f6\u00dfte Lotterie","og_description":"Lottofans aus Deutschland k\u00f6nnen Euromillions jetzt online spielen - pr\u00fcfen Sie unseren Service f\u00fcr Euromillions-Scheine","og_url":"https:\/\/redfoxlotto.com\/de\/spielen\/euromillions\/","og_site_name":"Get Tickets for the World\u2019s largest jackpots","article_modified_time":"2025-12-17T07:27:47+00:00","og_image":[{"url":"https:\/\/content.redfoxlotto.com\/uploads\/sites\/9\/2_ticket_euromillions.jpg"}],"twitter_card":"summary_large_image","twitter_misc":{"Gesch\u00e4tzte Lesezeit":"6\u00a0Minuten"},"schema":{"@context":"https:\/\/schema.org","@graph":[{"@type":"WebPage","@id":"https:\/\/redfoxlotto.com\/de\/spielen\/euromillions\/","url":"https:\/\/redfoxlotto.com\/de\/spielen\/euromillions\/","name":"Spielen Sie Euromillions online aus Deutschland | Europas gr\u00f6\u00dfte Lotterie","isPartOf":{"@id":"https:\/\/redfoxlotto.com\/de\/#website"},"primaryImageOfPage":{"@id":"https:\/\/redfoxlotto.com\/de\/spielen\/euromillions\/#primaryimage"},"image":{"@id":"https:\/\/redfoxlotto.com\/de\/spielen\/euromillions\/#primaryimage"},"thumbnailUrl":"https:\/\/content.redfoxlotto.com\/uploads\/sites\/9\/2_ticket_euromillions.jpg","datePublished":"2022-10-26T09:30:02+00:00","dateModified":"2025-12-17T07:27:47+00:00","description":"Lottofans aus Deutschland k\u00f6nnen Euromillions jetzt online spielen - pr\u00fcfen Sie unseren Service f\u00fcr Euromillions-Scheine","breadcrumb":{"@id":"https:\/\/redfoxlotto.com\/de\/spielen\/euromillions\/#breadcrumb"},"inLanguage":"de","potentialAction":[{"@type":"ReadAction","target":["https:\/\/redfoxlotto.com\/de\/spielen\/euromillions\/"]}]},{"@type":"ImageObject","inLanguage":"de","@id":"https:\/\/redfoxlotto.com\/de\/spielen\/euromillions\/#primaryimage","url":"https:\/\/content.redfoxlotto.com\/uploads\/sites\/9\/2_ticket_euromillions.jpg","contentUrl":"https:\/\/content.redfoxlotto.com\/uploads\/sites\/9\/2_ticket_euromillions.jpg"},{"@type":"BreadcrumbList","@id":"https:\/\/redfoxlotto.com\/de\/spielen\/euromillions\/#breadcrumb","itemListElement":[{"@type":"ListItem","position":1,"name":"Home","item":"https:\/\/redfoxlotto.com\/de\/"},{"@type":"ListItem","position":2,"name":"Mehr Lotterien online spielen","item":"https:\/\/redfoxlotto.com\/de\/spielen\/"},{"@type":"ListItem","position":3,"name":"Wie man Euromillions von Deutschland aus spielt"}]},{"@type":"WebSite","@id":"https:\/\/redfoxlotto.com\/de\/#website","url":"https:\/\/redfoxlotto.com\/de\/","name":"Get Tickets for the World\u2019s largest jackpots","description":"Participate in worldwide lottery jackpots from any country","publisher":{"@id":"https:\/\/redfoxlotto.com\/de\/#organization"},"potentialAction":[{"@type":"SearchAction","target":{"@type":"EntryPoint","urlTemplate":"https:\/\/redfoxlotto.com\/de\/?s={search_term_string}"},"query-input":{"@type":"PropertyValueSpecification","valueRequired":true,"valueName":"search_term_string"}}],"inLanguage":"de"},{"@type":"Organization","@id":"https:\/\/redfoxlotto.com\/de\/#organization","name":"Get Tickets for the World\u2019s largest jackpots","url":"https:\/\/redfoxlotto.com\/de\/","logo":{"@type":"ImageObject","inLanguage":"de","@id":"https:\/\/redfoxlotto.com\/de\/#\/schema\/logo\/image\/","url":"https:\/\/redfoxlotto.com\/wp-content\/uploads\/2023\/04\/logo.png","contentUrl":"https:\/\/redfoxlotto.com\/wp-content\/uploads\/2023\/04\/logo.png","width":269,"height":53,"caption":"Get Tickets for the World\u2019s largest jackpots"},"image":{"@id":"https:\/\/redfoxlotto.com\/de\/#\/schema\/logo\/image\/"}}]}},"_links":{"self":[{"href":"https:\/\/redfoxlotto.com\/de\/wp-json\/wp\/v2\/pages\/139","targetHints":{"allow":["GET"]}}],"collection":[{"href":"https:\/\/redfoxlotto.com\/de\/wp-json\/wp\/v2\/pages"}],"about":[{"href":"https:\/\/redfoxlotto.com\/de\/wp-json\/wp\/v2\/types\/page"}],"author":[{"embeddable":true,"href":"https:\/\/redfoxlotto.com\/de\/wp-json\/wp\/v2\/users\/1"}],"replies":[{"embeddable":true,"href":"https:\/\/redfoxlotto.com\/de\/wp-json\/wp\/v2\/comments?post=139"}],"version-history":[{"count":0,"href":"https:\/\/redfoxlotto.com\/de\/wp-json\/wp\/v2\/pages\/139\/revisions"}],"up":[{"embeddable":true,"href":"https:\/\/redfoxlotto.com\/de\/wp-json\/wp\/v2\/pages\/137"}],"wp:attachment":[{"href":"https:\/\/redfoxlotto.com\/de\/wp-json\/wp\/v2\/media?parent=139"}],"curies":[{"name":"wp","href":"https:\/\/api.w.org\/{rel}","templated":true}]}}