{"id":138,"date":"2023-04-24T17:44:36","date_gmt":"2023-04-24T17:44:36","guid":{"rendered":"https:\/\/redfoxlotto.com\/?page_id=274\/"},"modified":"2025-12-16T14:10:00","modified_gmt":"2025-12-16T14:10:00","slug":"eurojackpot","status":"publish","type":"page","link":"https:\/\/redfoxlotto.com\/de\/spielen\/eurojackpot\/","title":{"rendered":"Eurojackpot spielen"},"content":{"rendered":"<p><script type=\"application\/ld+json\">\n{\n  \"@context\": \"https:\/\/schema.org\",\n  \"@type\": \"Service\",\n  \"name\": \"Eurojackpot online spielen\",\n  \"url\": \"https:\/\/redfoxlotto.com\/de\/spielen\/eurojackpot\/\",\n  \"description\": \"Spielen Sie Eurojackpot online aus jedem Land. Besuchen Sie RedFoxLotto, w\u00e4hlen Sie Ihre Zahlen und erhalten Sie Ihre Lose.\",\n  \"serviceType\": \"Online-Lotterie-Ticket-Vermittlungsservice\",\n  \"provider\": {\n    \"@type\": \"Organization\",\n    \"name\": \"RedFoxLotto\",\n    \"url\": \"https:\/\/redfoxlotto.com\/de\/\",\n    \"image\": \"https:\/\/redfoxlotto.com\/wp-content\/uploads\/2025\/12\/ticket_scans.jpg\",\n    \"sameAs\": []\n  },\n  \"areaServed\": \"Worldwide\",\n  \"termsOfService\": \"https:\/\/redfoxlotto.com\/terms-and-conditions\",\n  \"additionalProperty\": {\n    \"@type\": \"PropertyValue\",\n    \"name\": \"FAQ\",\n    \"value\": \"https:\/\/redfoxlotto.com\/de\/faq\/\"\n  },\n  \"hasOfferCatalog\": {\n    \"@type\": \"OfferCatalog\",\n    \"name\": \"Eurojackpot-Lose\",\n    \"itemListElement\": [\n      {\n        \"@type\": \"Offer\",\n        \"name\": \"Eurojackpot-Lose\",\n        \"url\": \"https:\/\/redfoxlotto.com\/de\/spielen\/eurojackpot\/\",\n        \"description\": \"Klicken Sie hier, um Ihre Zahlen f\u00fcr die n\u00e4chste Eurojackpot-Ziehung auszuw\u00e4hlen \u2013 bestellen Sie Ihre Lose online.\",\n        \"price\": 6.00,\n        \"priceCurrency\": \"EUR\",\n        \"availability\": \"https:\/\/schema.org\/InStock\",\n        \"itemOffered\": {\n          \"@type\": \"Service\",\n          \"name\": \"Eurojackpot-Lose\",\n          \"description\": \"Nehmen Sie an der n\u00e4chsten Eurojackpot-Ziehung \u00fcber RedFoxLotto teil.\"\n        }\n      }\n    ]\n  },\n  \"mainEntityOfPage\": {\n    \"@type\": \"WebPage\",\n    \"@id\": \"https:\/\/redfoxlotto.com\/de\/spielen\/eurojackpot\/\"\n  }\n}\n<\/script><\/p>\n<h2>Eurojackpot Lotterie online spielen<\/h2>\n<p>Sie haben sicher schon von <a href=\"https:\/\/redfoxlotto.com\/de\/lotterie\/eurojackpot\/\">Eurojackpot Lotto<\/a> geh\u00f6rt, einer Lotterie, die 2012 mit 19 europ\u00e4ischen L\u00e4ndern begann. Zu diesen L\u00e4ndern geh\u00f6rt auch Deutschland. Sie k\u00f6nnen also hierzulande ein Los in der Lottoannahmestelle kaufen. Wenn Sie jedoch in einem anderen Land leben, das nicht auf der Liste der 19 L\u00e4nder steht, haben Sie keine M\u00f6glichkeit, auf herk\u00f6mmliche Weise ein Ticket f\u00fcr den Eurojackpot zu erhalten.<\/p>\n<h2>Das Internet bietet die L\u00f6sung<\/h2>\n<p><img decoding=\"async\" class=\"size-full wp-image alignright\" src=\"https:\/\/content.redfoxlotto.com\/uploads\/sites\/9\/2_ticket_eurojackpot1.jpg\" alt=\"eurojackpot online spielen\" \/><\/p>\n<p>Die <a href=\"https:\/\/redfoxlotto.com\/de\">L\u00f6sung f\u00fcr Lotto-Fans aus allen anderen L\u00e4ndern der Welt<\/a> wird Ihnen auf unserer Website zur Verf\u00fcgung gestellt. Neben dem Eurojackpot bieten wir Ihnen aber auch Zugang zu einer Reihe internationaler Lotterien. Was wir anbieten, ist ein Kurierdienst f\u00fcr Lottoscheine f\u00fcr die Lotterien mit den gr\u00f6\u00dften Jackpots aus aller Welt. Die meisten, wenn nicht alle dieser Lotterien, w\u00e4ren ansonsten nicht f\u00fcr Sie zug\u00e4nglich. Aber wir haben die perfekte L\u00f6sung f\u00fcr Sie!<\/p>\n<p>Sie m\u00fcssen lediglich eine Auswahl aus der Liste unserer Lotterien treffen und Ihre Zahlen ausw\u00e4hlen. Sie k\u00f6nnen dies aber auch unseren Zufallszahlen-Generator f\u00fcr Sie erledigen lassen (Funktion &#8222;Quick Pick&#8220;). F\u00fcgen Sie weitere Lose hinzu, wenn Sie m\u00f6chten. Mischen Sie verschiedene Lotterien. Sie k\u00f6nnen sogar das tun, was bei unseren Kunden sehr beliebt ist: die gleichen Zahlenkombinationen in mehreren Lotterien parallel spielen. Sobald Sie alle gew\u00fcnschten Lose bestellt haben, k\u00f6nnen Sie eine der zahlreichen sicheren Zahlungsoptionen verwenden, um Ihre Lose zu bezahlen. Vergessen Sie nicht zu bestimmen, an wie vielen Ziehungen Sie teilnehmen m\u00f6chten. Dies ist besonders wichtig, da der aktuelle Jackpot bei der n\u00e4chsten Ziehung m\u00f6glicherweise nicht gewonnen wird. Und Sie m\u00f6chten sicher nicht Ihre Chance verpassen, in der folgenden Ziehung noch mehr zu gewinnen.<\/p>\n<h2>Wie geht es dann weiter?<\/h2>\n<p>Nun, es ist eigentlich ganz einfach. Wir haben ein Netzwerk von Mitarbeitern in verschiedenen L\u00e4ndern, die die Lottoscheine mit den von Ihnen gew\u00e4hlten Spezifikationen kaufen. In Ihrem Kundenkonto auf RedFoxLotto.com sehen Sie eine Best\u00e4tigung Ihres Kaufs. Nat\u00fcrlich erhalten Sie auch eine Best\u00e4tigung per E-Mail.<\/p>\n<p>Sie erhalten eine weitere E-Mail-Benachrichtigung, wenn eines Ihrer Tickets gewonnen hat. Solange Ihre Gewinne nicht h\u00f6her als 2500 $ sind, werden sie sofort Ihrem Kundenkonto gutgeschrieben. Sie k\u00f6nnen sich diese entweder auszahlen lassen oder mit dem Geld mehr Tickets kaufen. Im Falle eines Gewinns, der h\u00f6her als 2500$ ist, wird sich unser Kundendienst mit Ihnen in Verbindung setzen. Wir werden dann f\u00fcr eine direkte Auszahlung an Sie sorgen.<\/p>\n<h2>Besonderheiten des Eurojackpot<\/h2>\n<p><img decoding=\"async\" class=\"size-full wp-image alignright\" src=\"https:\/\/content.redfoxlotto.com\/uploads\/sites\/9\/1_play_eurojackpot.jpg\" alt=\"win Eurojackpot\" \/><\/p>\n<p>Auf Ihren Losen m\u00fcssen Sie 5 Zahlen zwischen 1 und 50 plus 2 Zahlen zwischen 1 und 12 ausw\u00e4hlen. Der Jackpots beginnt bei einem Minimum von 10 Millionen Euro. Es gibt einen Aspekt, bei dem sich diese Lotterie von den meisten anderen unterscheidet. Sobald der Jackpot 120 Millionen Euro erreicht, ist er begrenzt. Das bedeutet, dass alles Geld, das normalerweise zum Jackpot hinzugef\u00fcgt w\u00fcrde, zur zweiten Preisstufe hinzugef\u00fcgt wird. Um diesen Preis zu gewinnen, m\u00fcssen Sie nur 5 plus 1 Zahl richtig haben.\u00a0 Ihre Chancen, diese Preisstufe zu gewinnen, sind offensichtlich um den Faktor 12 besser als Ihre Gewinnchancen, den Jackpot mit 5 plus 2 Zahlen zu gewinnen!<\/p>\n<p><strong>Beginnen Sie jetzt international Lotto zu spielen. Kaufen Sie noch heute Ihre Lose f\u00fcr den Eurojackpot!<\/strong><\/p>\n","protected":false},"excerpt":{"rendered":"<p>Eurojackpot Lotterie online spielen Sie haben sicher schon von Eurojackpot Lotto geh\u00f6rt, einer Lotterie, die 2012 mit 19 europ\u00e4ischen L\u00e4ndern begann. Zu diesen L\u00e4ndern geh\u00f6rt auch Deutschland. Sie k\u00f6nnen also hierzulande ein Los in der Lottoannahmestelle kaufen. Wenn Sie jedoch in einem anderen Land leben, das nicht auf der Liste der 19 L\u00e4nder steht, haben [&hellip;]<\/p>\n","protected":false},"author":1,"featured_media":0,"parent":137,"menu_order":4,"comment_status":"closed","ping_status":"closed","template":"eurojackpot.php","meta":{"_et_pb_use_builder":"","_et_pb_old_content":"","_et_gb_content_width":"","exclude_from_search":false,"footnotes":""},"class_list":["post-138","page","type-page","status-publish","hentry"],"yoast_head":"<!-- This site is optimized with the Yoast SEO plugin v27.4 - https:\/\/yoast.com\/product\/yoast-seo-wordpress\/ -->\n<title>Eurojackpot Lotto mit einem Online-Los spielen<\/title>\n<meta name=\"description\" content=\"Erfahren Sie hier, wie Sie Eurojackpot von au\u00dferhalb Deutschland online spielen k\u00f6nnen\" \/>\n<meta name=\"robots\" content=\"index, follow, max-snippet:-1, max-image-preview:large, max-video-preview:-1\" \/>\n<link rel=\"canonical\" href=\"https:\/\/redfoxlotto.com\/de\/spielen\/eurojackpot\/\" \/>\n<meta property=\"og:locale\" content=\"de_DE\" \/>\n<meta property=\"og:type\" content=\"article\" \/>\n<meta property=\"og:title\" content=\"Eurojackpot Lotto mit einem Online-Los spielen\" \/>\n<meta property=\"og:description\" content=\"Erfahren Sie hier, wie Sie Eurojackpot von au\u00dferhalb Deutschland online spielen k\u00f6nnen\" \/>\n<meta property=\"og:url\" content=\"https:\/\/redfoxlotto.com\/de\/spielen\/eurojackpot\/\" \/>\n<meta property=\"og:site_name\" content=\"Get Tickets for the World\u2019s largest jackpots\" \/>\n<meta property=\"article:modified_time\" content=\"2025-12-16T14:10:00+00:00\" \/>\n<meta property=\"og:image\" content=\"https:\/\/content.redfoxlotto.com\/uploads\/sites\/9\/2_ticket_eurojackpot1.jpg\" \/>\n<meta name=\"twitter:card\" content=\"summary_large_image\" \/>\n<meta name=\"twitter:label1\" content=\"Gesch\u00e4tzte Lesezeit\" \/>\n\t<meta name=\"twitter:data1\" content=\"3\u00a0Minuten\" \/>\n<script type=\"application\/ld+json\" class=\"yoast-schema-graph\">{\"@context\":\"https:\\\/\\\/schema.org\",\"@graph\":[{\"@type\":\"WebPage\",\"@id\":\"https:\\\/\\\/redfoxlotto.com\\\/de\\\/spielen\\\/eurojackpot\\\/\",\"url\":\"https:\\\/\\\/redfoxlotto.com\\\/de\\\/spielen\\\/eurojackpot\\\/\",\"name\":\"Eurojackpot Lotto mit einem Online-Los spielen\",\"isPartOf\":{\"@id\":\"https:\\\/\\\/redfoxlotto.com\\\/de\\\/#website\"},\"primaryImageOfPage\":{\"@id\":\"https:\\\/\\\/redfoxlotto.com\\\/de\\\/spielen\\\/eurojackpot\\\/#primaryimage\"},\"image\":{\"@id\":\"https:\\\/\\\/redfoxlotto.com\\\/de\\\/spielen\\\/eurojackpot\\\/#primaryimage\"},\"thumbnailUrl\":\"https:\\\/\\\/content.redfoxlotto.com\\\/uploads\\\/sites\\\/9\\\/2_ticket_eurojackpot1.jpg\",\"datePublished\":\"2023-04-24T17:44:36+00:00\",\"dateModified\":\"2025-12-16T14:10:00+00:00\",\"description\":\"Erfahren Sie hier, wie Sie Eurojackpot von au\u00dferhalb Deutschland online spielen k\u00f6nnen\",\"breadcrumb\":{\"@id\":\"https:\\\/\\\/redfoxlotto.com\\\/de\\\/spielen\\\/eurojackpot\\\/#breadcrumb\"},\"inLanguage\":\"de\",\"potentialAction\":[{\"@type\":\"ReadAction\",\"target\":[\"https:\\\/\\\/redfoxlotto.com\\\/de\\\/spielen\\\/eurojackpot\\\/\"]}]},{\"@type\":\"ImageObject\",\"inLanguage\":\"de\",\"@id\":\"https:\\\/\\\/redfoxlotto.com\\\/de\\\/spielen\\\/eurojackpot\\\/#primaryimage\",\"url\":\"https:\\\/\\\/content.redfoxlotto.com\\\/uploads\\\/sites\\\/9\\\/2_ticket_eurojackpot1.jpg\",\"contentUrl\":\"https:\\\/\\\/content.redfoxlotto.com\\\/uploads\\\/sites\\\/9\\\/2_ticket_eurojackpot1.jpg\"},{\"@type\":\"BreadcrumbList\",\"@id\":\"https:\\\/\\\/redfoxlotto.com\\\/de\\\/spielen\\\/eurojackpot\\\/#breadcrumb\",\"itemListElement\":[{\"@type\":\"ListItem\",\"position\":1,\"name\":\"Home\",\"item\":\"https:\\\/\\\/redfoxlotto.com\\\/de\\\/\"},{\"@type\":\"ListItem\",\"position\":2,\"name\":\"Mehr Lotterien online spielen\",\"item\":\"https:\\\/\\\/redfoxlotto.com\\\/de\\\/spielen\\\/\"},{\"@type\":\"ListItem\",\"position\":3,\"name\":\"Eurojackpot spielen\"}]},{\"@type\":\"WebSite\",\"@id\":\"https:\\\/\\\/redfoxlotto.com\\\/de\\\/#website\",\"url\":\"https:\\\/\\\/redfoxlotto.com\\\/de\\\/\",\"name\":\"Get Tickets for the World\u2019s largest jackpots\",\"description\":\"Participate in worldwide lottery jackpots from any country\",\"publisher\":{\"@id\":\"https:\\\/\\\/redfoxlotto.com\\\/de\\\/#organization\"},\"potentialAction\":[{\"@type\":\"SearchAction\",\"target\":{\"@type\":\"EntryPoint\",\"urlTemplate\":\"https:\\\/\\\/redfoxlotto.com\\\/de\\\/?s={search_term_string}\"},\"query-input\":{\"@type\":\"PropertyValueSpecification\",\"valueRequired\":true,\"valueName\":\"search_term_string\"}}],\"inLanguage\":\"de\"},{\"@type\":\"Organization\",\"@id\":\"https:\\\/\\\/redfoxlotto.com\\\/de\\\/#organization\",\"name\":\"Get Tickets for the World\u2019s largest jackpots\",\"url\":\"https:\\\/\\\/redfoxlotto.com\\\/de\\\/\",\"logo\":{\"@type\":\"ImageObject\",\"inLanguage\":\"de\",\"@id\":\"https:\\\/\\\/redfoxlotto.com\\\/de\\\/#\\\/schema\\\/logo\\\/image\\\/\",\"url\":\"https:\\\/\\\/redfoxlotto.com\\\/wp-content\\\/uploads\\\/2023\\\/04\\\/logo.png\",\"contentUrl\":\"https:\\\/\\\/redfoxlotto.com\\\/wp-content\\\/uploads\\\/2023\\\/04\\\/logo.png\",\"width\":269,\"height\":53,\"caption\":\"Get Tickets for the World\u2019s largest jackpots\"},\"image\":{\"@id\":\"https:\\\/\\\/redfoxlotto.com\\\/de\\\/#\\\/schema\\\/logo\\\/image\\\/\"}}]}<\/script>\n<!-- \/ Yoast SEO plugin. -->","yoast_head_json":{"title":"Eurojackpot Lotto mit einem Online-Los spielen","description":"Erfahren Sie hier, wie Sie Eurojackpot von au\u00dferhalb Deutschland online spielen k\u00f6nnen","robots":{"index":"index","follow":"follow","max-snippet":"max-snippet:-1","max-image-preview":"max-image-preview:large","max-video-preview":"max-video-preview:-1"},"canonical":"https:\/\/redfoxlotto.com\/de\/spielen\/eurojackpot\/","og_locale":"de_DE","og_type":"article","og_title":"Eurojackpot Lotto mit einem Online-Los spielen","og_description":"Erfahren Sie hier, wie Sie Eurojackpot von au\u00dferhalb Deutschland online spielen k\u00f6nnen","og_url":"https:\/\/redfoxlotto.com\/de\/spielen\/eurojackpot\/","og_site_name":"Get Tickets for the World\u2019s largest jackpots","article_modified_time":"2025-12-16T14:10:00+00:00","og_image":[{"url":"https:\/\/content.redfoxlotto.com\/uploads\/sites\/9\/2_ticket_eurojackpot1.jpg","type":"","width":"","height":""}],"twitter_card":"summary_large_image","twitter_misc":{"Gesch\u00e4tzte Lesezeit":"3\u00a0Minuten"},"schema":{"@context":"https:\/\/schema.org","@graph":[{"@type":"WebPage","@id":"https:\/\/redfoxlotto.com\/de\/spielen\/eurojackpot\/","url":"https:\/\/redfoxlotto.com\/de\/spielen\/eurojackpot\/","name":"Eurojackpot Lotto mit einem Online-Los spielen","isPartOf":{"@id":"https:\/\/redfoxlotto.com\/de\/#website"},"primaryImageOfPage":{"@id":"https:\/\/redfoxlotto.com\/de\/spielen\/eurojackpot\/#primaryimage"},"image":{"@id":"https:\/\/redfoxlotto.com\/de\/spielen\/eurojackpot\/#primaryimage"},"thumbnailUrl":"https:\/\/content.redfoxlotto.com\/uploads\/sites\/9\/2_ticket_eurojackpot1.jpg","datePublished":"2023-04-24T17:44:36+00:00","dateModified":"2025-12-16T14:10:00+00:00","description":"Erfahren Sie hier, wie Sie Eurojackpot von au\u00dferhalb Deutschland online spielen k\u00f6nnen","breadcrumb":{"@id":"https:\/\/redfoxlotto.com\/de\/spielen\/eurojackpot\/#breadcrumb"},"inLanguage":"de","potentialAction":[{"@type":"ReadAction","target":["https:\/\/redfoxlotto.com\/de\/spielen\/eurojackpot\/"]}]},{"@type":"ImageObject","inLanguage":"de","@id":"https:\/\/redfoxlotto.com\/de\/spielen\/eurojackpot\/#primaryimage","url":"https:\/\/content.redfoxlotto.com\/uploads\/sites\/9\/2_ticket_eurojackpot1.jpg","contentUrl":"https:\/\/content.redfoxlotto.com\/uploads\/sites\/9\/2_ticket_eurojackpot1.jpg"},{"@type":"BreadcrumbList","@id":"https:\/\/redfoxlotto.com\/de\/spielen\/eurojackpot\/#breadcrumb","itemListElement":[{"@type":"ListItem","position":1,"name":"Home","item":"https:\/\/redfoxlotto.com\/de\/"},{"@type":"ListItem","position":2,"name":"Mehr Lotterien online spielen","item":"https:\/\/redfoxlotto.com\/de\/spielen\/"},{"@type":"ListItem","position":3,"name":"Eurojackpot spielen"}]},{"@type":"WebSite","@id":"https:\/\/redfoxlotto.com\/de\/#website","url":"https:\/\/redfoxlotto.com\/de\/","name":"Get Tickets for the World\u2019s largest jackpots","description":"Participate in worldwide lottery jackpots from any country","publisher":{"@id":"https:\/\/redfoxlotto.com\/de\/#organization"},"potentialAction":[{"@type":"SearchAction","target":{"@type":"EntryPoint","urlTemplate":"https:\/\/redfoxlotto.com\/de\/?s={search_term_string}"},"query-input":{"@type":"PropertyValueSpecification","valueRequired":true,"valueName":"search_term_string"}}],"inLanguage":"de"},{"@type":"Organization","@id":"https:\/\/redfoxlotto.com\/de\/#organization","name":"Get Tickets for the World\u2019s largest jackpots","url":"https:\/\/redfoxlotto.com\/de\/","logo":{"@type":"ImageObject","inLanguage":"de","@id":"https:\/\/redfoxlotto.com\/de\/#\/schema\/logo\/image\/","url":"https:\/\/redfoxlotto.com\/wp-content\/uploads\/2023\/04\/logo.png","contentUrl":"https:\/\/redfoxlotto.com\/wp-content\/uploads\/2023\/04\/logo.png","width":269,"height":53,"caption":"Get Tickets for the World\u2019s largest jackpots"},"image":{"@id":"https:\/\/redfoxlotto.com\/de\/#\/schema\/logo\/image\/"}}]}},"_links":{"self":[{"href":"https:\/\/redfoxlotto.com\/de\/wp-json\/wp\/v2\/pages\/138","targetHints":{"allow":["GET"]}}],"collection":[{"href":"https:\/\/redfoxlotto.com\/de\/wp-json\/wp\/v2\/pages"}],"about":[{"href":"https:\/\/redfoxlotto.com\/de\/wp-json\/wp\/v2\/types\/page"}],"author":[{"embeddable":true,"href":"https:\/\/redfoxlotto.com\/de\/wp-json\/wp\/v2\/users\/1"}],"replies":[{"embeddable":true,"href":"https:\/\/redfoxlotto.com\/de\/wp-json\/wp\/v2\/comments?post=138"}],"version-history":[{"count":0,"href":"https:\/\/redfoxlotto.com\/de\/wp-json\/wp\/v2\/pages\/138\/revisions"}],"up":[{"embeddable":true,"href":"https:\/\/redfoxlotto.com\/de\/wp-json\/wp\/v2\/pages\/137"}],"wp:attachment":[{"href":"https:\/\/redfoxlotto.com\/de\/wp-json\/wp\/v2\/media?parent=138"}],"curies":[{"name":"wp","href":"https:\/\/api.w.org\/{rel}","templated":true}]}}