{"id":137,"date":"2023-04-24T14:10:57","date_gmt":"2023-04-24T14:10:57","guid":{"rendered":"https:\/\/redfoxlotto.com\/?page_id=254\/"},"modified":"2025-12-15T18:37:52","modified_gmt":"2025-12-15T18:37:52","slug":"spielen","status":"publish","type":"page","link":"https:\/\/redfoxlotto.com\/de\/spielen\/","title":{"rendered":"Mehr Lotterien online spielen"},"content":{"rendered":"<p><script type=\"application\/ld+json\">\n{\n  \"@context\": \"https:\/\/schema.org\",\n  \"@type\": \"Service\",\n  \"name\": \"Internationale Lotterien online spielen\",\n  \"url\": \"https:\/\/redfoxlotto.com\/de\/spielen\/\",\n  \"description\": \"Spielen Sie online Lotto und gewinnen Sie internationale Lotto-Jackpots.\",\n  \"serviceType\": \"Online-Lotterie-Ticketvermittlungsservice\",\n  \"provider\": {\n    \"@type\": \"Organization\",\n    \"name\": \"RedFoxLotto\",\n    \"url\": \"https:\/\/redfoxlotto.com\/de\/spielen\/\",\n    \"image\": \"https:\/\/redfoxlotto.com\/wp-content\/uploads\/2025\/12\/ticket_scans.jpg\"\n  },\n  \"areaServed\": \"Weltweit\",\n  \"termsOfService\": \"https:\/\/redfoxlotto.com\/terms-and-conditions\",\n  \"additionalProperty\": {\n    \"@type\": \"PropertyValue\",\n    \"name\": \"FAQ\",\n    \"value\": \"https:\/\/redfoxlotto.com\/de\/faq\/\"\n  },\n  \"hasOfferCatalog\": {\n    \"@type\": \"OfferCatalog\",\n    \"name\": \"Internationale Lottoscheine\",\n    \"itemListElement\": [\n      {\n        \"@type\": \"Offer\",\n        \"name\": \"Internationale Lottoscheine\",\n        \"url\": \"https:\/\/redfoxlotto.com\/de\/spielen\/\",\n        \"description\": \"Spielen Sie internationale Lotterien online. Jackpots wie Powerball, Mega Millions und Euromillions \u2014 gewinnen Sie von \u00fcberall.\",\n        \"availability\": \"https:\/\/schema.org\/InStock\",\n        \"itemOffered\": {\n          \"@type\": \"Service\",\n          \"name\": \"Internationale Lottoscheine\",\n          \"description\": \"Das Spielen internationaler Lotterien online bietet mehr Auswahl und bessere Gewinnchancen.\"\n        }\n      }\n    ]\n  },\n  \"mainEntityOfPage\": {\n    \"@type\": \"WebPage\",\n    \"@id\": \"https:\/\/redfoxlotto.com\/de\/spielen\/\"\n  }\n}\n<\/script><\/p>\n<h2>Mehr Lotterien und Jackpots f\u00fcr alle zum Spielen!<\/h2>\n<p>Tolle Neuigkeiten f\u00fcr alle Lotto-Fans auf der ganzen Welt! Sie sind nicht mehr auf Ihre nationale Lotterie beschr\u00e4nkt!<!--more--><\/p>\n<p>Erinnern Sie Sich, als das Lotto begann, an Popularit\u00e4t zu gewinnen? Es ist wirklich noch nicht so lange her, dass jeder angefangen hat, seine lokalen und nationalen Lotterien zu spielen. Aber das war alles, was Sie tun durften. Alles, was Sie sich \u00fcberhaupt ansehen konnten, waren Ihre nationalen Optionen.<\/p>\n<p>Bisher wurde Ihnen der Zugang zu internationalen Lotterien verweigert. Sie konnten keine Tickets f\u00fcr diese Lotterie-Jackpots in Ihrem Land kaufen. Aber das Internet hat dieses Problem gel\u00f6st. <strong>Hier bei RedFoxLotto.com k\u00f6nnen Sie jetzt eine Reihe von internationalen Lotterien online spielen. Aber wie spielt man Lotto online?<\/strong><\/p>\n<h2>Kauf Ihrer Lottoscheine<\/h2>\n<p>RedFoxLotto.com ist <strong>Ihr Kurierdienst f\u00fcr Lotterielose<\/strong>, egal von woher Sie sie beziehen m\u00f6chten. In der Tat haben wir Vertreter in vielen verschiedenen L\u00e4ndern, in denen die gro\u00dfen Lotterien stattfinden, und sie k\u00fcmmern sich vor Ort um den Kauf\u00a0 der Lose, die Sie m\u00f6chten.<\/p>\n<p><img loading=\"lazy\" decoding=\"async\" class=\"size-full alignright\" src=\"https:\/\/content.redfoxlotto.com\/uploads\/sites\/9\/1_playing_lottery_online.jpg\" alt=\"online spielen\" width=\"200\" height=\"140\" \/>Von zu Hause aus k\u00f6nnen Sie, der Kunde, Ihre Tickets bei uns online bestellen. Sie gehen einfach auf die Website und wir geben Ihnen alle Optionen, <strong>als w\u00fcrden Sie diese internationalen Lotterien direkt selbst spielen.<\/strong><\/p>\n<p>Nat\u00fcrlich k\u00f6nnen Sie Ihre eigenen Zahlen w\u00e4hlen. Sie bestimmen auch, wie viele Zahlenkombinationen Sie spielen m\u00f6chten und f\u00fcr wie viele Ziehungen Ihr Ticket g\u00fcltig sein soll. Die Bezahlung erfolgt online, z.B. per Kreditkarte. Wenn Sie also bereit sind, Ihre eigenen Zahlen auszuw\u00e4hlen, klicken Sie einfach auf die K\u00e4stchen, um sie zu markieren. Wenn Sie m\u00f6chten, dass wir die Zahlen aussuchen, w\u00e4hlen Sie einfach die Option &#8218;Quick Pick&#8216; und wir geben Ihnen zuf\u00e4llige Zahlen.<\/p>\n<h2>Welche Lotterien k\u00f6nnen gespielt werden?<\/h2>\n<p>Nat\u00fcrlich k\u00f6nnen Sie auch an mehr als einer internationalen Lotterie gleichzeitig teilnehmen, wenn Sie online Lotto spielen. Wenn Sie also durch die verf\u00fcgbaren Optionen bl\u00e4ttern und mehrere finden, die Sie interessieren, ist das gro\u00dfartig. <strong>Wir empfehlen Ihnen, immer den gr\u00f6\u00dften Jackpot zu w\u00e4hlen<\/strong>, oder die beiden gr\u00f6\u00dften oder sogar mehr.<\/p>\n<p>Zum Beispiel haben Powerball US und Mega Millions US oft gigantische Jackpots zur gleichen Zeit. Jackpots erreichen in den USA regelm\u00e4\u00dfig 500 Millionen Dollar. In der Vergangenheit gab es sogar Jackpots von \u00fcber 1,5 Milliarden.<\/p>\n<p>Tats\u00e4chlich geh\u00f6ren diese beiden Lotterien zu den gr\u00f6\u00dften der Welt. Also, warum es nicht versuchen und sehen, ob Sie Gl\u00fcck haben und gro\u00df gewinnen k\u00f6nnen? Noch etwas ist zu beachten: Eine sehr beliebte Option ist es, <strong>die gleichen Zahlen in mehreren Lotterien in derselben Woche zu spielen.<\/strong><\/p>\n<p>Wenn Sie bei einer Lotterie nichts gewinnen, haben Ihre Zahlen vielleicht bei der anderen Gl\u00fcck? Dies ist eine intelligente M\u00f6glichkeit, die Gewinnchancen Ihrer Lieblingszahlen zu erh\u00f6hen. Diese Methode macht das Lotto spielen noch spannender!<\/p>\n<h2>Warum Lotto international spielen?<\/h2>\n<p>Jeder, der internationales Lotto spielt, nutzt sein Geld auf eine intelligentere Weise. Einige Lottospieler kaufen Woche f\u00fcr Woche Lose f\u00fcr die nationale Lotterie, egal wie niedrig der Jackpot ist. Mathematik und Logik sagen Ihnen, dass es besser ist, ein Los f\u00fcr eine Lotterie mit einem Jackpot von 200 Millionen zu kaufen als f\u00fcr ein Los mit einem H\u00f6chstgewinn von 2 Millionen. Dies gilt auch dann, wenn der Preis des Online-Tickets h\u00f6her ist als der Lospreis f\u00fcr Ihre lokale Lotterie.<\/p>\n<p>Sie werden \u00e4hnliche Gewinnchancen haben, aber wenn Sie gewinnen ist die Auszahlung viel gr\u00f6\u00dfer.<\/p>\n<p>Nat\u00fcrlich m\u00fcssen wir f\u00fcr unseren Service einen h\u00f6heren Preis berechnen, weil wir Kosten haben. Wir wollen auch etwas Geld verdienen. Aber nehmen wir an, dass der Online-Lotterieschein einen Preis von 4,50 &#8211; 5,00\u20ac und einen Jackpot von 200 Millionen hat. F\u00fcr das nationale Lotto zahlen Sie 2,00 \u20ac und haben einen Jackpot von 10 Millionen. Was ist besser und macht mehr Sinn? Nun, die Antwort auf diese Frage ist wahrscheinlich offensichtlich. International Lotto zu spielen und damit online f\u00fcr gr\u00f6\u00dfere Jackpots spielen zu k\u00f6nnen, macht einfach so viel Sinn!<\/p>\n<h2>Wie Sie bezahlt werden<\/h2>\n<p><img loading=\"lazy\" decoding=\"async\" class=\"size-full alignright\" src=\"https:\/\/content.redfoxlotto.com\/uploads\/sites\/9\/1_mega_lotto_jackpot.jpg\" alt=\"auszahlung lotterie\" width=\"170\" height=\"200\" \/>RedFoxLotto.com sorgt auch daf\u00fcr, dass Sie <a href=\"https:\/\/redfoxlotto.com\/de\/ergebnisse\/\">Ihre Gewinne erhalten<\/a>. \u00dcbrigens berechnen wir keine Provision, au\u00dfer einer kleinen Geb\u00fchr, die im Falle einer Bank\u00fcberweisung erhoben wird. Das bedeutet, dass Sie sich keine Sorgen machen m\u00fcssen, dass wir einen Teil des Geldes, das Sie gewinnen, abziehen.<\/p>\n<p>Sobald Sie f\u00fcr das Ticket bezahlt haben, ist alles, was Sie gewonnen haben, Ihr Eigentum.<\/p>\n<p>Viele unserer Kunden haben bereits Preise bei uns gewonnen. Einige von ihnen haben ihr Leben ver\u00e4ndert durch den Betrag, den sie gewonnen haben! Wir wissen, dass Sie eine gro\u00dfe Chance haben werden, einen gro\u00dfen Preis zu gewinnen oder zumindest einen Gewinn zu erzielen, den Sie nicht bekommen h\u00e4tten, wenn Sie sich nur an die Lotteriespiele halten w\u00fcrden, die Sie in Ihrem Heimatland spielen k\u00f6nnen.<\/p>\n<p>Dies sind die Gr\u00fcnde, warum es immer beliebter wird, Lotterie online zu spielen. <strong>Und jetzt sind Sie an der Reihe, einen der Mega-Jackpots zu knacken &#8211; worauf warten Sie noch?<\/strong> Sie k\u00f6nnten im Handumdrehen ein gro\u00dfer Gewinner sein!<\/p>\n","protected":false},"excerpt":{"rendered":"<p>Mehr Lotterien und Jackpots f\u00fcr alle zum Spielen! Tolle Neuigkeiten f\u00fcr alle Lotto-Fans auf der ganzen Welt! Sie sind nicht mehr auf Ihre nationale Lotterie beschr\u00e4nkt!<\/p>\n","protected":false},"author":1,"featured_media":0,"parent":0,"menu_order":2,"comment_status":"closed","ping_status":"closed","template":"Play-all.php","meta":{"_et_pb_use_builder":"","_et_pb_old_content":"","_et_gb_content_width":"","exclude_from_search":false,"footnotes":""},"class_list":["post-137","page","type-page","status-publish","hentry"],"yoast_head":"<!-- This site is optimized with the Yoast SEO plugin v23.8 - https:\/\/yoast.com\/wordpress\/plugins\/seo\/ -->\n<title>Lotto online spielen | Internationale Jackpots<\/title>\n<meta name=\"description\" content=\"Spielen Sie bei uns die gr\u00f6\u00dften Internationalen Lotterien online - legal, bequem und sicher\" \/>\n<meta name=\"robots\" content=\"index, follow, max-snippet:-1, max-image-preview:large, max-video-preview:-1\" \/>\n<link rel=\"canonical\" href=\"https:\/\/redfoxlotto.com\/de\/spielen\/\" \/>\n<meta property=\"og:locale\" content=\"de_DE\" \/>\n<meta property=\"og:type\" content=\"article\" \/>\n<meta property=\"og:title\" content=\"Lotto online spielen | Internationale Jackpots\" \/>\n<meta property=\"og:description\" content=\"Spielen Sie bei uns die gr\u00f6\u00dften Internationalen Lotterien online - legal, bequem und sicher\" \/>\n<meta property=\"og:url\" content=\"https:\/\/redfoxlotto.com\/de\/spielen\/\" \/>\n<meta property=\"og:site_name\" content=\"Get Tickets for the World\u2019s largest jackpots\" \/>\n<meta property=\"article:modified_time\" content=\"2025-12-15T18:37:52+00:00\" \/>\n<meta property=\"og:image\" content=\"https:\/\/content.redfoxlotto.com\/uploads\/sites\/9\/1_playing_lottery_online.jpg\" \/>\n<meta name=\"twitter:card\" content=\"summary_large_image\" \/>\n<meta name=\"twitter:label1\" content=\"Gesch\u00e4tzte Lesezeit\" \/>\n\t<meta name=\"twitter:data1\" content=\"4\u00a0Minuten\" \/>\n<script type=\"application\/ld+json\" class=\"yoast-schema-graph\">{\"@context\":\"https:\/\/schema.org\",\"@graph\":[{\"@type\":\"WebPage\",\"@id\":\"https:\/\/redfoxlotto.com\/de\/spielen\/\",\"url\":\"https:\/\/redfoxlotto.com\/de\/spielen\/\",\"name\":\"Lotto online spielen | Internationale Jackpots\",\"isPartOf\":{\"@id\":\"https:\/\/redfoxlotto.com\/de\/#website\"},\"primaryImageOfPage\":{\"@id\":\"https:\/\/redfoxlotto.com\/de\/spielen\/#primaryimage\"},\"image\":{\"@id\":\"https:\/\/redfoxlotto.com\/de\/spielen\/#primaryimage\"},\"thumbnailUrl\":\"https:\/\/content.redfoxlotto.com\/uploads\/sites\/9\/1_playing_lottery_online.jpg\",\"datePublished\":\"2023-04-24T14:10:57+00:00\",\"dateModified\":\"2025-12-15T18:37:52+00:00\",\"description\":\"Spielen Sie bei uns die gr\u00f6\u00dften Internationalen Lotterien online - legal, bequem und sicher\",\"breadcrumb\":{\"@id\":\"https:\/\/redfoxlotto.com\/de\/spielen\/#breadcrumb\"},\"inLanguage\":\"de\",\"potentialAction\":[{\"@type\":\"ReadAction\",\"target\":[\"https:\/\/redfoxlotto.com\/de\/spielen\/\"]}]},{\"@type\":\"ImageObject\",\"inLanguage\":\"de\",\"@id\":\"https:\/\/redfoxlotto.com\/de\/spielen\/#primaryimage\",\"url\":\"https:\/\/content.redfoxlotto.com\/uploads\/sites\/9\/1_playing_lottery_online.jpg\",\"contentUrl\":\"https:\/\/content.redfoxlotto.com\/uploads\/sites\/9\/1_playing_lottery_online.jpg\"},{\"@type\":\"BreadcrumbList\",\"@id\":\"https:\/\/redfoxlotto.com\/de\/spielen\/#breadcrumb\",\"itemListElement\":[{\"@type\":\"ListItem\",\"position\":1,\"name\":\"Home\",\"item\":\"https:\/\/redfoxlotto.com\/de\/\"},{\"@type\":\"ListItem\",\"position\":2,\"name\":\"Mehr Lotterien online spielen\"}]},{\"@type\":\"WebSite\",\"@id\":\"https:\/\/redfoxlotto.com\/de\/#website\",\"url\":\"https:\/\/redfoxlotto.com\/de\/\",\"name\":\"Get Tickets for the World\u2019s largest jackpots\",\"description\":\"Participate in worldwide lottery jackpots from any country\",\"publisher\":{\"@id\":\"https:\/\/redfoxlotto.com\/de\/#organization\"},\"potentialAction\":[{\"@type\":\"SearchAction\",\"target\":{\"@type\":\"EntryPoint\",\"urlTemplate\":\"https:\/\/redfoxlotto.com\/de\/?s={search_term_string}\"},\"query-input\":{\"@type\":\"PropertyValueSpecification\",\"valueRequired\":true,\"valueName\":\"search_term_string\"}}],\"inLanguage\":\"de\"},{\"@type\":\"Organization\",\"@id\":\"https:\/\/redfoxlotto.com\/de\/#organization\",\"name\":\"Get Tickets for the World\u2019s largest jackpots\",\"url\":\"https:\/\/redfoxlotto.com\/de\/\",\"logo\":{\"@type\":\"ImageObject\",\"inLanguage\":\"de\",\"@id\":\"https:\/\/redfoxlotto.com\/de\/#\/schema\/logo\/image\/\",\"url\":\"https:\/\/redfoxlotto.com\/wp-content\/uploads\/2023\/04\/logo.png\",\"contentUrl\":\"https:\/\/redfoxlotto.com\/wp-content\/uploads\/2023\/04\/logo.png\",\"width\":269,\"height\":53,\"caption\":\"Get Tickets for the World\u2019s largest jackpots\"},\"image\":{\"@id\":\"https:\/\/redfoxlotto.com\/de\/#\/schema\/logo\/image\/\"}}]}<\/script>\n<!-- \/ Yoast SEO plugin. -->","yoast_head_json":{"title":"Lotto online spielen | Internationale Jackpots","description":"Spielen Sie bei uns die gr\u00f6\u00dften Internationalen Lotterien online - legal, bequem und sicher","robots":{"index":"index","follow":"follow","max-snippet":"max-snippet:-1","max-image-preview":"max-image-preview:large","max-video-preview":"max-video-preview:-1"},"canonical":"https:\/\/redfoxlotto.com\/de\/spielen\/","og_locale":"de_DE","og_type":"article","og_title":"Lotto online spielen | Internationale Jackpots","og_description":"Spielen Sie bei uns die gr\u00f6\u00dften Internationalen Lotterien online - legal, bequem und sicher","og_url":"https:\/\/redfoxlotto.com\/de\/spielen\/","og_site_name":"Get Tickets for the World\u2019s largest jackpots","article_modified_time":"2025-12-15T18:37:52+00:00","og_image":[{"url":"https:\/\/content.redfoxlotto.com\/uploads\/sites\/9\/1_playing_lottery_online.jpg"}],"twitter_card":"summary_large_image","twitter_misc":{"Gesch\u00e4tzte Lesezeit":"4\u00a0Minuten"},"schema":{"@context":"https:\/\/schema.org","@graph":[{"@type":"WebPage","@id":"https:\/\/redfoxlotto.com\/de\/spielen\/","url":"https:\/\/redfoxlotto.com\/de\/spielen\/","name":"Lotto online spielen | Internationale Jackpots","isPartOf":{"@id":"https:\/\/redfoxlotto.com\/de\/#website"},"primaryImageOfPage":{"@id":"https:\/\/redfoxlotto.com\/de\/spielen\/#primaryimage"},"image":{"@id":"https:\/\/redfoxlotto.com\/de\/spielen\/#primaryimage"},"thumbnailUrl":"https:\/\/content.redfoxlotto.com\/uploads\/sites\/9\/1_playing_lottery_online.jpg","datePublished":"2023-04-24T14:10:57+00:00","dateModified":"2025-12-15T18:37:52+00:00","description":"Spielen Sie bei uns die gr\u00f6\u00dften Internationalen Lotterien online - legal, bequem und sicher","breadcrumb":{"@id":"https:\/\/redfoxlotto.com\/de\/spielen\/#breadcrumb"},"inLanguage":"de","potentialAction":[{"@type":"ReadAction","target":["https:\/\/redfoxlotto.com\/de\/spielen\/"]}]},{"@type":"ImageObject","inLanguage":"de","@id":"https:\/\/redfoxlotto.com\/de\/spielen\/#primaryimage","url":"https:\/\/content.redfoxlotto.com\/uploads\/sites\/9\/1_playing_lottery_online.jpg","contentUrl":"https:\/\/content.redfoxlotto.com\/uploads\/sites\/9\/1_playing_lottery_online.jpg"},{"@type":"BreadcrumbList","@id":"https:\/\/redfoxlotto.com\/de\/spielen\/#breadcrumb","itemListElement":[{"@type":"ListItem","position":1,"name":"Home","item":"https:\/\/redfoxlotto.com\/de\/"},{"@type":"ListItem","position":2,"name":"Mehr Lotterien online spielen"}]},{"@type":"WebSite","@id":"https:\/\/redfoxlotto.com\/de\/#website","url":"https:\/\/redfoxlotto.com\/de\/","name":"Get Tickets for the World\u2019s largest jackpots","description":"Participate in worldwide lottery jackpots from any country","publisher":{"@id":"https:\/\/redfoxlotto.com\/de\/#organization"},"potentialAction":[{"@type":"SearchAction","target":{"@type":"EntryPoint","urlTemplate":"https:\/\/redfoxlotto.com\/de\/?s={search_term_string}"},"query-input":{"@type":"PropertyValueSpecification","valueRequired":true,"valueName":"search_term_string"}}],"inLanguage":"de"},{"@type":"Organization","@id":"https:\/\/redfoxlotto.com\/de\/#organization","name":"Get Tickets for the World\u2019s largest jackpots","url":"https:\/\/redfoxlotto.com\/de\/","logo":{"@type":"ImageObject","inLanguage":"de","@id":"https:\/\/redfoxlotto.com\/de\/#\/schema\/logo\/image\/","url":"https:\/\/redfoxlotto.com\/wp-content\/uploads\/2023\/04\/logo.png","contentUrl":"https:\/\/redfoxlotto.com\/wp-content\/uploads\/2023\/04\/logo.png","width":269,"height":53,"caption":"Get Tickets for the World\u2019s largest jackpots"},"image":{"@id":"https:\/\/redfoxlotto.com\/de\/#\/schema\/logo\/image\/"}}]}},"_links":{"self":[{"href":"https:\/\/redfoxlotto.com\/de\/wp-json\/wp\/v2\/pages\/137","targetHints":{"allow":["GET"]}}],"collection":[{"href":"https:\/\/redfoxlotto.com\/de\/wp-json\/wp\/v2\/pages"}],"about":[{"href":"https:\/\/redfoxlotto.com\/de\/wp-json\/wp\/v2\/types\/page"}],"author":[{"embeddable":true,"href":"https:\/\/redfoxlotto.com\/de\/wp-json\/wp\/v2\/users\/1"}],"replies":[{"embeddable":true,"href":"https:\/\/redfoxlotto.com\/de\/wp-json\/wp\/v2\/comments?post=137"}],"version-history":[{"count":0,"href":"https:\/\/redfoxlotto.com\/de\/wp-json\/wp\/v2\/pages\/137\/revisions"}],"wp:attachment":[{"href":"https:\/\/redfoxlotto.com\/de\/wp-json\/wp\/v2\/media?parent=137"}],"curies":[{"name":"wp","href":"https:\/\/api.w.org\/{rel}","templated":true}]}}