{"id":133,"date":"2018-11-18T08:54:25","date_gmt":"2018-11-18T08:54:25","guid":{"rendered":"https:\/\/redfoxlotto.com\/?page_id=246\/"},"modified":"2025-12-17T12:15:42","modified_gmt":"2025-12-17T12:15:42","slug":"powerball","status":"publish","type":"page","link":"https:\/\/redfoxlotto.com\/de\/ergebnisse\/powerball\/","title":{"rendered":"Die Gewinnzahlen des US Powerball Lotto"},"content":{"rendered":"<p><script type=\"application\/ld+json\">\n{\n  \"@context\": \"https:\/\/schema.org\",\n  \"@type\": \"Service\",\n  \"name\": \"Powerball Ziehungsergebnisse online \u00fcberpr\u00fcfen\",\n  \"url\": \"https:\/\/redfoxlotto.com\/de\/ergebnisse\/powerball\/\",\n  \"description\": \"Besuchen Sie RedFoxLotto, um die neuesten Powerball-Ergebnisse und unser Lotterieergebnis-Archiv zu pr\u00fcfen.\",\n  \"serviceType\": \"Weltweites Lotterie-Ergebnisarchiv\",\n  \"provider\": {\n    \"@type\": \"Organization\",\n    \"name\": \"RedFoxLotto\",\n    \"url\": \"https:\/\/redfoxlotto.com\/de\/ergebnisse\/powerball\/\",\n    \"image\": \"https:\/\/redfoxlotto.com\/wp-content\/uploads\/2025\/12\/ticket_scans.jpg\",\n    \"sameAs\": []\n  },\n  \"areaServed\": \"Worldwide\",\n  \"termsOfService\": \"https:\/\/redfoxlotto.com\/terms-and-conditions\",\n  \"additionalProperty\": {\n    \"@type\": \"PropertyValue\",\n    \"name\": \"FAQ\",\n    \"value\": \"https:\/\/redfoxlotto.com\/de\/faq\/\"\n  },\n  \"hasOfferCatalog\": {\n    \"@type\": \"OfferCatalog\",\n    \"name\": \"Powerball Ergebnisse\",\n    \"itemListElement\": [\n      {\n        \"@type\": \"Offer\",\n        \"name\": \"Powerball Ergebnisse\",\n        \"url\": \"https:\/\/redfoxlotto.com\/de\/ergebnisse\/powerball\/\",\n        \"description\": \"Finden Sie hier die neuesten und historischen Powerball-Ergebnisse und andere gro\u00dfe Lotterien\",\n        \"itemOffered\": {\n          \"@type\": \"Service\",\n          \"name\": \"Powerball Ergebnisse\",\n          \"description\": \"Powerball gezogene Zahlen online, aktuelle und \u00e4ltere Ergebnisse.\"\n        }\n      }\n    ]\n  },\n  \"mainEntityOfPage\": {\n    \"@type\": \"WebPage\",\n    \"@id\": \"https:\/\/redfoxlotto.com\/de\/ergebnisse\/powerball\/\"\n  }\n}\n<\/script><br \/>\nHier k\u00f6nnen Sie die Ergebnisse der bekanntesten Lotterie \u00fcberpr\u00fcfen. Wer hier alle Zahlen richtig hat, der ist Multimillion\u00e4r. Auch die <a href=\"https:\/\/redfoxlotto.com\/de\/ergebnisse\/\">Gewinnzahlen<\/a> der vergangenen Ziehungen k\u00f6nnen Sie in unserem Archiv anschauen.<\/p>\n<p><!--more--><\/p>\n<h2>Powerball Jackpot<\/h2>\n<p><img loading=\"lazy\" decoding=\"async\" class=\" wp-image alignright\" src=\"https:\/\/content.redfoxlotto.com\/uploads\/sites\/9\/1_results_powerball.jpg\" alt=\"Lotterieergebnisse\" width=\"255\" height=\"191\" \/><\/p>\n<p>Der Jackpot bei Powerball beginnt bei mindestens 40.000.000$. Aber der bisherige Rekord steht bei unglaublichen 1.5000.000.0000$. Das bedeutet 1,5 Milliarden Dollar! Einen solchen Betrag kann man sich kaum vorstellen. Aber es gab trotzdem einen Gewinner!<\/p>\n<h2>Powerball Preise und Powerball Gewinner<\/h2>\n<p>Es gibt 9 Gewinnstufen beim <a href=\"https:\/\/redfoxlotto.com\/de\/lotterie\/powerball\/\">Powerball<\/a>. In jeder Ziehung werden Hunderttausende von Gewinnern ermittelt. In der obigen Tabelle sehen Sie die Gewinnstufen und Betr\u00e4ge.<\/p>\n<h2>Die meistgezogenen Zahlen bei Powerball<\/h2>\n<p><img decoding=\"async\" class=\"size-full wp-image alignright\" src=\"https:\/\/content.redfoxlotto.com\/uploads\/sites\/9\/1_winning_numbers_powerball.jpg\" alt=\"Powerball-Lottogewinner\" \/><br \/>\nWelches is Ihre Strategie bei der Auswahl der Zahlen? Einige Spieler tippen immer die selben pers\u00f6nlichen Zahlen. Andere benutzen die am seltensten oder am h\u00e4ufigsten gezogenen Zahlen f\u00fcr Ihr Los.<\/p>\n<p>Die hei\u00dfen Zahlen beim Powerball sind: 8, 26, 22, 23 und 36. Am seltensten gezogen wurde die Zahlen 15, 51, 37, 47, 12, 4 und 24.<\/p>\n","protected":false},"excerpt":{"rendered":"<p>Hier k\u00f6nnen Sie die Ergebnisse der bekanntesten Lotterie \u00fcberpr\u00fcfen. Wer hier alle Zahlen richtig hat, der ist Multimillion\u00e4r. Auch die Gewinnzahlen der vergangenen Ziehungen k\u00f6nnen Sie in unserem Archiv anschauen.<\/p>\n","protected":false},"author":1,"featured_media":0,"parent":128,"menu_order":1,"comment_status":"closed","ping_status":"closed","template":"powerball-usa-results.php","meta":{"_et_pb_use_builder":"","_et_pb_old_content":"","_et_gb_content_width":"","exclude_from_search":false,"footnotes":""},"class_list":["post-133","page","type-page","status-publish","hentry"],"yoast_head":"<!-- This site is optimized with the Yoast SEO plugin v23.8 - https:\/\/yoast.com\/wordpress\/plugins\/seo\/ -->\n<title>Powerball Lotto USA Ergebnisse und Gewinnzahlen<\/title>\n<meta name=\"description\" content=\"Die Ergebnisse und Gewinnzahlen von Lotto Powerball USA, von dieser Woche und davor\" \/>\n<meta name=\"robots\" content=\"index, follow, max-snippet:-1, max-image-preview:large, max-video-preview:-1\" \/>\n<link rel=\"canonical\" href=\"https:\/\/redfoxlotto.com\/de\/ergebnisse\/powerball\/\" \/>\n<meta property=\"og:locale\" content=\"de_DE\" \/>\n<meta property=\"og:type\" content=\"article\" \/>\n<meta property=\"og:title\" content=\"Powerball Lotto USA Ergebnisse und Gewinnzahlen\" \/>\n<meta property=\"og:description\" content=\"Die Ergebnisse und Gewinnzahlen von Lotto Powerball USA, von dieser Woche und davor\" \/>\n<meta property=\"og:url\" content=\"https:\/\/redfoxlotto.com\/de\/ergebnisse\/powerball\/\" \/>\n<meta property=\"og:site_name\" content=\"Get Tickets for the World\u2019s largest jackpots\" \/>\n<meta property=\"article:modified_time\" content=\"2025-12-17T12:15:42+00:00\" \/>\n<meta property=\"og:image\" content=\"https:\/\/content.redfoxlotto.com\/uploads\/sites\/9\/1_results_powerball.jpg\" \/>\n<meta name=\"twitter:card\" content=\"summary_large_image\" \/>\n<meta name=\"twitter:label1\" content=\"Gesch\u00e4tzte Lesezeit\" \/>\n\t<meta name=\"twitter:data1\" content=\"2\u00a0Minuten\" \/>\n<script type=\"application\/ld+json\" class=\"yoast-schema-graph\">{\"@context\":\"https:\/\/schema.org\",\"@graph\":[{\"@type\":\"WebPage\",\"@id\":\"https:\/\/redfoxlotto.com\/de\/ergebnisse\/powerball\/\",\"url\":\"https:\/\/redfoxlotto.com\/de\/ergebnisse\/powerball\/\",\"name\":\"Powerball Lotto USA Ergebnisse und Gewinnzahlen\",\"isPartOf\":{\"@id\":\"https:\/\/redfoxlotto.com\/de\/#website\"},\"primaryImageOfPage\":{\"@id\":\"https:\/\/redfoxlotto.com\/de\/ergebnisse\/powerball\/#primaryimage\"},\"image\":{\"@id\":\"https:\/\/redfoxlotto.com\/de\/ergebnisse\/powerball\/#primaryimage\"},\"thumbnailUrl\":\"https:\/\/content.redfoxlotto.com\/uploads\/sites\/9\/1_results_powerball.jpg\",\"datePublished\":\"2018-11-18T08:54:25+00:00\",\"dateModified\":\"2025-12-17T12:15:42+00:00\",\"description\":\"Die Ergebnisse und Gewinnzahlen von Lotto Powerball USA, von dieser Woche und davor\",\"breadcrumb\":{\"@id\":\"https:\/\/redfoxlotto.com\/de\/ergebnisse\/powerball\/#breadcrumb\"},\"inLanguage\":\"de\",\"potentialAction\":[{\"@type\":\"ReadAction\",\"target\":[\"https:\/\/redfoxlotto.com\/de\/ergebnisse\/powerball\/\"]}]},{\"@type\":\"ImageObject\",\"inLanguage\":\"de\",\"@id\":\"https:\/\/redfoxlotto.com\/de\/ergebnisse\/powerball\/#primaryimage\",\"url\":\"https:\/\/content.redfoxlotto.com\/uploads\/sites\/9\/1_results_powerball.jpg\",\"contentUrl\":\"https:\/\/content.redfoxlotto.com\/uploads\/sites\/9\/1_results_powerball.jpg\"},{\"@type\":\"BreadcrumbList\",\"@id\":\"https:\/\/redfoxlotto.com\/de\/ergebnisse\/powerball\/#breadcrumb\",\"itemListElement\":[{\"@type\":\"ListItem\",\"position\":1,\"name\":\"Home\",\"item\":\"https:\/\/redfoxlotto.com\/de\/\"},{\"@type\":\"ListItem\",\"position\":2,\"name\":\"Gewinnzahlen und Ergebnisse weltweiter Lotterien\",\"item\":\"https:\/\/redfoxlotto.com\/de\/ergebnisse\/\"},{\"@type\":\"ListItem\",\"position\":3,\"name\":\"Die Gewinnzahlen des US Powerball Lotto\"}]},{\"@type\":\"WebSite\",\"@id\":\"https:\/\/redfoxlotto.com\/de\/#website\",\"url\":\"https:\/\/redfoxlotto.com\/de\/\",\"name\":\"Get Tickets for the World\u2019s largest jackpots\",\"description\":\"Participate in worldwide lottery jackpots from any country\",\"publisher\":{\"@id\":\"https:\/\/redfoxlotto.com\/de\/#organization\"},\"potentialAction\":[{\"@type\":\"SearchAction\",\"target\":{\"@type\":\"EntryPoint\",\"urlTemplate\":\"https:\/\/redfoxlotto.com\/de\/?s={search_term_string}\"},\"query-input\":{\"@type\":\"PropertyValueSpecification\",\"valueRequired\":true,\"valueName\":\"search_term_string\"}}],\"inLanguage\":\"de\"},{\"@type\":\"Organization\",\"@id\":\"https:\/\/redfoxlotto.com\/de\/#organization\",\"name\":\"Get Tickets for the World\u2019s largest jackpots\",\"url\":\"https:\/\/redfoxlotto.com\/de\/\",\"logo\":{\"@type\":\"ImageObject\",\"inLanguage\":\"de\",\"@id\":\"https:\/\/redfoxlotto.com\/de\/#\/schema\/logo\/image\/\",\"url\":\"https:\/\/redfoxlotto.com\/wp-content\/uploads\/2023\/04\/logo.png\",\"contentUrl\":\"https:\/\/redfoxlotto.com\/wp-content\/uploads\/2023\/04\/logo.png\",\"width\":269,\"height\":53,\"caption\":\"Get Tickets for the World\u2019s largest jackpots\"},\"image\":{\"@id\":\"https:\/\/redfoxlotto.com\/de\/#\/schema\/logo\/image\/\"}}]}<\/script>\n<!-- \/ Yoast SEO plugin. -->","yoast_head_json":{"title":"Powerball Lotto USA Ergebnisse und Gewinnzahlen","description":"Die Ergebnisse und Gewinnzahlen von Lotto Powerball USA, von dieser Woche und davor","robots":{"index":"index","follow":"follow","max-snippet":"max-snippet:-1","max-image-preview":"max-image-preview:large","max-video-preview":"max-video-preview:-1"},"canonical":"https:\/\/redfoxlotto.com\/de\/ergebnisse\/powerball\/","og_locale":"de_DE","og_type":"article","og_title":"Powerball Lotto USA Ergebnisse und Gewinnzahlen","og_description":"Die Ergebnisse und Gewinnzahlen von Lotto Powerball USA, von dieser Woche und davor","og_url":"https:\/\/redfoxlotto.com\/de\/ergebnisse\/powerball\/","og_site_name":"Get Tickets for the World\u2019s largest jackpots","article_modified_time":"2025-12-17T12:15:42+00:00","og_image":[{"url":"https:\/\/content.redfoxlotto.com\/uploads\/sites\/9\/1_results_powerball.jpg"}],"twitter_card":"summary_large_image","twitter_misc":{"Gesch\u00e4tzte Lesezeit":"2\u00a0Minuten"},"schema":{"@context":"https:\/\/schema.org","@graph":[{"@type":"WebPage","@id":"https:\/\/redfoxlotto.com\/de\/ergebnisse\/powerball\/","url":"https:\/\/redfoxlotto.com\/de\/ergebnisse\/powerball\/","name":"Powerball Lotto USA Ergebnisse und Gewinnzahlen","isPartOf":{"@id":"https:\/\/redfoxlotto.com\/de\/#website"},"primaryImageOfPage":{"@id":"https:\/\/redfoxlotto.com\/de\/ergebnisse\/powerball\/#primaryimage"},"image":{"@id":"https:\/\/redfoxlotto.com\/de\/ergebnisse\/powerball\/#primaryimage"},"thumbnailUrl":"https:\/\/content.redfoxlotto.com\/uploads\/sites\/9\/1_results_powerball.jpg","datePublished":"2018-11-18T08:54:25+00:00","dateModified":"2025-12-17T12:15:42+00:00","description":"Die Ergebnisse und Gewinnzahlen von Lotto Powerball USA, von dieser Woche und davor","breadcrumb":{"@id":"https:\/\/redfoxlotto.com\/de\/ergebnisse\/powerball\/#breadcrumb"},"inLanguage":"de","potentialAction":[{"@type":"ReadAction","target":["https:\/\/redfoxlotto.com\/de\/ergebnisse\/powerball\/"]}]},{"@type":"ImageObject","inLanguage":"de","@id":"https:\/\/redfoxlotto.com\/de\/ergebnisse\/powerball\/#primaryimage","url":"https:\/\/content.redfoxlotto.com\/uploads\/sites\/9\/1_results_powerball.jpg","contentUrl":"https:\/\/content.redfoxlotto.com\/uploads\/sites\/9\/1_results_powerball.jpg"},{"@type":"BreadcrumbList","@id":"https:\/\/redfoxlotto.com\/de\/ergebnisse\/powerball\/#breadcrumb","itemListElement":[{"@type":"ListItem","position":1,"name":"Home","item":"https:\/\/redfoxlotto.com\/de\/"},{"@type":"ListItem","position":2,"name":"Gewinnzahlen und Ergebnisse weltweiter Lotterien","item":"https:\/\/redfoxlotto.com\/de\/ergebnisse\/"},{"@type":"ListItem","position":3,"name":"Die Gewinnzahlen des US Powerball Lotto"}]},{"@type":"WebSite","@id":"https:\/\/redfoxlotto.com\/de\/#website","url":"https:\/\/redfoxlotto.com\/de\/","name":"Get Tickets for the World\u2019s largest jackpots","description":"Participate in worldwide lottery jackpots from any country","publisher":{"@id":"https:\/\/redfoxlotto.com\/de\/#organization"},"potentialAction":[{"@type":"SearchAction","target":{"@type":"EntryPoint","urlTemplate":"https:\/\/redfoxlotto.com\/de\/?s={search_term_string}"},"query-input":{"@type":"PropertyValueSpecification","valueRequired":true,"valueName":"search_term_string"}}],"inLanguage":"de"},{"@type":"Organization","@id":"https:\/\/redfoxlotto.com\/de\/#organization","name":"Get Tickets for the World\u2019s largest jackpots","url":"https:\/\/redfoxlotto.com\/de\/","logo":{"@type":"ImageObject","inLanguage":"de","@id":"https:\/\/redfoxlotto.com\/de\/#\/schema\/logo\/image\/","url":"https:\/\/redfoxlotto.com\/wp-content\/uploads\/2023\/04\/logo.png","contentUrl":"https:\/\/redfoxlotto.com\/wp-content\/uploads\/2023\/04\/logo.png","width":269,"height":53,"caption":"Get Tickets for the World\u2019s largest jackpots"},"image":{"@id":"https:\/\/redfoxlotto.com\/de\/#\/schema\/logo\/image\/"}}]}},"_links":{"self":[{"href":"https:\/\/redfoxlotto.com\/de\/wp-json\/wp\/v2\/pages\/133","targetHints":{"allow":["GET"]}}],"collection":[{"href":"https:\/\/redfoxlotto.com\/de\/wp-json\/wp\/v2\/pages"}],"about":[{"href":"https:\/\/redfoxlotto.com\/de\/wp-json\/wp\/v2\/types\/page"}],"author":[{"embeddable":true,"href":"https:\/\/redfoxlotto.com\/de\/wp-json\/wp\/v2\/users\/1"}],"replies":[{"embeddable":true,"href":"https:\/\/redfoxlotto.com\/de\/wp-json\/wp\/v2\/comments?post=133"}],"version-history":[{"count":0,"href":"https:\/\/redfoxlotto.com\/de\/wp-json\/wp\/v2\/pages\/133\/revisions"}],"up":[{"embeddable":true,"href":"https:\/\/redfoxlotto.com\/de\/wp-json\/wp\/v2\/pages\/128"}],"wp:attachment":[{"href":"https:\/\/redfoxlotto.com\/de\/wp-json\/wp\/v2\/media?parent=133"}],"curies":[{"name":"wp","href":"https:\/\/api.w.org\/{rel}","templated":true}]}}