{"id":131,"date":"2018-11-18T08:54:25","date_gmt":"2018-11-18T08:54:25","guid":{"rendered":"https:\/\/redfoxlotto.com\/?page_id=242\/"},"modified":"2025-12-18T06:40:34","modified_gmt":"2025-12-18T06:40:34","slug":"mega-millions","status":"publish","type":"page","link":"https:\/\/redfoxlotto.com\/de\/ergebnisse\/mega-millions\/","title":{"rendered":"Mega Millions"},"content":{"rendered":"<p><script type=\"application\/ld+json\">\n{\n  \"@context\": \"https:\/\/schema.org\",\n  \"@type\": \"Service\",\n  \"name\": \"\u00dcberpr\u00fcfen Sie die Mega Millions Ziehungsergebnisse online\",\n  \"url\": \"https:\/\/redfoxlotto.com\/de\/ergebnisse\/mega-millions\/\",\n  \"description\": \"Besuchen Sie RedFoxLotto, um die neuesten Mega Millions-Ergebnisse und unser Lotterie-Archiv einzusehen.\",\n  \"serviceType\": \"Weltweites Lotterieergebnis-Archiv\",<\/p>\n<p>  \"provider\": {\n    \"@type\": \"Organization\",\n    \"name\": \"RedFoxLotto\",\n    \"url\": \"https:\/\/redfoxlotto.com\/de\/\",\n    \"image\": \"https:\/\/redfoxlotto.com\/wp-content\/uploads\/2025\/12\/ticket_scans.jpg\",\n    \"sameAs\": []\n  },<\/p>\n<p>  \"areaServed\": \"Worldwide\",\n  \"termsOfService\": \"https:\/\/redfoxlotto.com\/de\/terms-and-conditions\/\",\n  \"additionalProperty\": {\n    \"@type\": \"PropertyValue\",\n    \"name\": \"FAQ\",\n    \"value\": \"https:\/\/redfoxlotto.com\/de\/faq\/\"\n  },<\/p>\n<p>  \"hasOfferCatalog\": {\n    \"@type\": \"OfferCatalog\",\n    \"name\": \"Mega Millions Ergebnisse\",\n    \"itemListElement\": [\n      {\n        \"@type\": \"Offer\",\n        \"name\": \"Mega Millions Ergebnisse\",\n        \"url\": \"https:\/\/redfoxlotto.com\/de\/ergebnisse\/mega-millions\/\",\n        \"description\": \"Finden Sie hier die neuesten und historischen Mega Millions-Ergebnisse.\",\n        \"price\": \"13.00\",\n        \"priceCurrency\": \"EUR\",\n        \"availability\": \"https:\/\/schema.org\/InStock\",\n        \"itemOffered\": {\n          \"@type\": \"Service\",\n          \"name\": \"Mega Millions Ergebnisse\",\n          \"description\": \"Gezogene Mega Millions-Nummern online, aktuelle und \u00e4ltere Ergebnisse.\"\n        }\n      }\n    ]\n  },<\/p>\n<p>  \"mainEntityOfPage\": {\n    \"@type\": \"WebPage\",\n    \"@id\": \"https:\/\/redfoxlotto.com\/de\/ergebnisse\/mega-millions\/\"\n  }\n}\n<\/script><br \/>\nSuchen Sie die letzten Ziehungsergebnisse von <a href=\"https:\/\/redfoxlotto.com\/de\/spielen\/mega-millions\/\">Mega Millions aus den USA<\/a>? Hier finden Sie sie, dazu auch ein Archiv mit den Zahlen der fr\u00fcheren Ziehungen. Den Mega Millions Jackpot zu gewinnen, das ist der Traum eines jeden Lottospielers. Hier geht es oft um Hunderte von Millionen!<\/p>\n<p><!--more--><\/p>\n<h2>Mega Millions Jackpot<\/h2>\n<p><img loading=\"lazy\" decoding=\"async\" class=\" wp-image alignright\" src=\"https:\/\/content.redfoxlotto.com\/uploads\/sites\/9\/1_results_mega_millions.jpg\" alt=\"Lotterieergebnisse\" width=\"250\" height=\"250\" \/><\/p>\n<p>Der Mindestjackpot in der Lotterie Mega Millions betr\u00e4gt 40 Mio.$. Der Jackpot ist nicht nach oben begrenzt. Es kommen hier schnell enorme Summen zusammen. Der bis heute h\u00f6chste Jackpot in Mega Millions wurde beim Stand von \u00fcber 1,5 Milliarden geknackt!<\/p>\n<p>Spielen Sie bei uns\u00a0<a href=\"https:\/\/redfoxlotto.com\/de\/lotterie\/mega-millions\/\"><strong>MegaMillions online<\/strong><\/a>!<\/p>\n<h2>Mega Millions Preisstufen<\/h2>\n<p><img decoding=\"async\" class=\"size-full wp-image alignright\" src=\"https:\/\/content.redfoxlotto.com\/uploads\/sites\/9\/1_lottery_winner_is2.jpg\" alt=\"Mega Millions Jackpot\" \/><br \/>\nAus unserer Tabelle ersehen Sie auch die verf\u00fcgbaren Preisstufen und die H\u00f6he des dazu geh\u00f6rigen Gewinnes.<\/p>\n<h2>Am meisten und am wenigsten gezogene Zahlen<\/h2>\n<p>Unser Archiv kann auch hilfreich sein, wenn Sie Zahlen mit besseren Chancen finden m\u00f6chten. Hier sind die &#8222;hei\u00dfen&#8220; Zahlen beim Mega Millions Lotto:<br \/>\nDie Zahlen 29, 4, 48 und 36 sind diejenigen Zahlen, die bei Mega Millions am h\u00e4ufigsten gezogen wurden. Die Zahl 48 wurde seit 2005 bereits \u00fcber 80 Mal gezogen. Die meistgezogenen MegaBall Zahlen waren bis her die 35, 9, 36 und 7.<\/p>\n","protected":false},"excerpt":{"rendered":"<p>Suchen Sie die letzten Ziehungsergebnisse von Mega Millions aus den USA? Hier finden Sie sie, dazu auch ein Archiv mit den Zahlen der fr\u00fcheren Ziehungen. Den Mega Millions Jackpot zu gewinnen, das ist der Traum eines jeden Lottospielers. Hier geht es oft um Hunderte von Millionen!<\/p>\n","protected":false},"author":1,"featured_media":0,"parent":128,"menu_order":2,"comment_status":"closed","ping_status":"closed","template":"megamillion-results.php","meta":{"_et_pb_use_builder":"","_et_pb_old_content":"","_et_gb_content_width":"","exclude_from_search":false,"footnotes":""},"class_list":["post-131","page","type-page","status-publish","hentry"],"yoast_head":"<!-- This site is optimized with the Yoast SEO plugin v27.4 - https:\/\/yoast.com\/product\/yoast-seo-wordpress\/ -->\n<title>Mega Millions Ergebnisse und Gewinnzahlen, Archiv<\/title>\n<meta name=\"description\" content=\"Hier finden Sie die Ergebnisse und Gewinnzahlen von Mega Miilions, inclusive Archiv\" \/>\n<meta name=\"robots\" content=\"index, follow, max-snippet:-1, max-image-preview:large, max-video-preview:-1\" \/>\n<link rel=\"canonical\" href=\"https:\/\/redfoxlotto.com\/de\/results\/mega-millions\/\" \/>\n<meta property=\"og:locale\" content=\"de_DE\" \/>\n<meta property=\"og:type\" content=\"article\" \/>\n<meta property=\"og:title\" content=\"Mega Millions Ergebnisse und Gewinnzahlen, Archiv\" \/>\n<meta property=\"og:description\" content=\"Hier finden Sie die Ergebnisse und Gewinnzahlen von Mega Miilions, inclusive Archiv\" \/>\n<meta property=\"og:url\" content=\"https:\/\/redfoxlotto.com\/results\/mega-millions\/\" \/>\n<meta property=\"og:site_name\" content=\"Get Tickets for the World\u2019s largest jackpots\" \/>\n<meta property=\"article:modified_time\" content=\"2025-12-18T06:40:34+00:00\" \/>\n<meta property=\"og:image\" content=\"https:\/\/content.redfoxlotto.com\/uploads\/sites\/9\/1_results_mega_millions.jpg\" \/>\n<meta name=\"twitter:card\" content=\"summary_large_image\" \/>\n<meta name=\"twitter:label1\" content=\"Gesch\u00e4tzte Lesezeit\" \/>\n\t<meta name=\"twitter:data1\" content=\"2\u00a0Minuten\" \/>\n<script type=\"application\/ld+json\" class=\"yoast-schema-graph\">{\"@context\":\"https:\\\/\\\/schema.org\",\"@graph\":[{\"@type\":\"WebPage\",\"@id\":\"https:\\\/\\\/redfoxlotto.com\\\/de\\\/ergebnisse\\\/mega-millions\\\/\",\"url\":\"https:\\\/\\\/redfoxlotto.com\\\/results\\\/mega-millions\\\/\",\"name\":\"Mega Millions Ergebnisse und Gewinnzahlen, Archiv\",\"isPartOf\":{\"@id\":\"https:\\\/\\\/redfoxlotto.com\\\/de\\\/#website\"},\"primaryImageOfPage\":{\"@id\":\"https:\\\/\\\/redfoxlotto.com\\\/results\\\/mega-millions\\\/#primaryimage\"},\"image\":{\"@id\":\"https:\\\/\\\/redfoxlotto.com\\\/results\\\/mega-millions\\\/#primaryimage\"},\"thumbnailUrl\":\"https:\\\/\\\/content.redfoxlotto.com\\\/uploads\\\/sites\\\/9\\\/1_results_mega_millions.jpg\",\"datePublished\":\"2018-11-18T08:54:25+00:00\",\"dateModified\":\"2025-12-18T06:40:34+00:00\",\"description\":\"Hier finden Sie die Ergebnisse und Gewinnzahlen von Mega Miilions, inclusive Archiv\",\"breadcrumb\":{\"@id\":\"https:\\\/\\\/redfoxlotto.com\\\/results\\\/mega-millions\\\/#breadcrumb\"},\"inLanguage\":\"de\",\"potentialAction\":[{\"@type\":\"ReadAction\",\"target\":[\"https:\\\/\\\/redfoxlotto.com\\\/results\\\/mega-millions\\\/\"]}]},{\"@type\":\"ImageObject\",\"inLanguage\":\"de\",\"@id\":\"https:\\\/\\\/redfoxlotto.com\\\/results\\\/mega-millions\\\/#primaryimage\",\"url\":\"https:\\\/\\\/content.redfoxlotto.com\\\/uploads\\\/sites\\\/9\\\/1_results_mega_millions.jpg\",\"contentUrl\":\"https:\\\/\\\/content.redfoxlotto.com\\\/uploads\\\/sites\\\/9\\\/1_results_mega_millions.jpg\"},{\"@type\":\"BreadcrumbList\",\"@id\":\"https:\\\/\\\/redfoxlotto.com\\\/results\\\/mega-millions\\\/#breadcrumb\",\"itemListElement\":[{\"@type\":\"ListItem\",\"position\":1,\"name\":\"Home\",\"item\":\"https:\\\/\\\/redfoxlotto.com\\\/de\\\/\"},{\"@type\":\"ListItem\",\"position\":2,\"name\":\"Gewinnzahlen und Ergebnisse weltweiter Lotterien\",\"item\":\"https:\\\/\\\/redfoxlotto.com\\\/de\\\/ergebnisse\\\/\"},{\"@type\":\"ListItem\",\"position\":3,\"name\":\"Mega Millions\"}]},{\"@type\":\"WebSite\",\"@id\":\"https:\\\/\\\/redfoxlotto.com\\\/de\\\/#website\",\"url\":\"https:\\\/\\\/redfoxlotto.com\\\/de\\\/\",\"name\":\"Get Tickets for the World\u2019s largest jackpots\",\"description\":\"Participate in worldwide lottery jackpots from any country\",\"publisher\":{\"@id\":\"https:\\\/\\\/redfoxlotto.com\\\/de\\\/#organization\"},\"potentialAction\":[{\"@type\":\"SearchAction\",\"target\":{\"@type\":\"EntryPoint\",\"urlTemplate\":\"https:\\\/\\\/redfoxlotto.com\\\/de\\\/?s={search_term_string}\"},\"query-input\":{\"@type\":\"PropertyValueSpecification\",\"valueRequired\":true,\"valueName\":\"search_term_string\"}}],\"inLanguage\":\"de\"},{\"@type\":\"Organization\",\"@id\":\"https:\\\/\\\/redfoxlotto.com\\\/de\\\/#organization\",\"name\":\"Get Tickets for the World\u2019s largest jackpots\",\"url\":\"https:\\\/\\\/redfoxlotto.com\\\/de\\\/\",\"logo\":{\"@type\":\"ImageObject\",\"inLanguage\":\"de\",\"@id\":\"https:\\\/\\\/redfoxlotto.com\\\/de\\\/#\\\/schema\\\/logo\\\/image\\\/\",\"url\":\"https:\\\/\\\/redfoxlotto.com\\\/wp-content\\\/uploads\\\/2023\\\/04\\\/logo.png\",\"contentUrl\":\"https:\\\/\\\/redfoxlotto.com\\\/wp-content\\\/uploads\\\/2023\\\/04\\\/logo.png\",\"width\":269,\"height\":53,\"caption\":\"Get Tickets for the World\u2019s largest jackpots\"},\"image\":{\"@id\":\"https:\\\/\\\/redfoxlotto.com\\\/de\\\/#\\\/schema\\\/logo\\\/image\\\/\"}}]}<\/script>\n<!-- \/ Yoast SEO plugin. -->","yoast_head_json":{"title":"Mega Millions Ergebnisse und Gewinnzahlen, Archiv","description":"Hier finden Sie die Ergebnisse und Gewinnzahlen von Mega Miilions, inclusive Archiv","robots":{"index":"index","follow":"follow","max-snippet":"max-snippet:-1","max-image-preview":"max-image-preview:large","max-video-preview":"max-video-preview:-1"},"canonical":"https:\/\/redfoxlotto.com\/de\/results\/mega-millions\/","og_locale":"de_DE","og_type":"article","og_title":"Mega Millions Ergebnisse und Gewinnzahlen, Archiv","og_description":"Hier finden Sie die Ergebnisse und Gewinnzahlen von Mega Miilions, inclusive Archiv","og_url":"https:\/\/redfoxlotto.com\/results\/mega-millions\/","og_site_name":"Get Tickets for the World\u2019s largest jackpots","article_modified_time":"2025-12-18T06:40:34+00:00","og_image":[{"url":"https:\/\/content.redfoxlotto.com\/uploads\/sites\/9\/1_results_mega_millions.jpg","type":"","width":"","height":""}],"twitter_card":"summary_large_image","twitter_misc":{"Gesch\u00e4tzte Lesezeit":"2\u00a0Minuten"},"schema":{"@context":"https:\/\/schema.org","@graph":[{"@type":"WebPage","@id":"https:\/\/redfoxlotto.com\/de\/ergebnisse\/mega-millions\/","url":"https:\/\/redfoxlotto.com\/results\/mega-millions\/","name":"Mega Millions Ergebnisse und Gewinnzahlen, Archiv","isPartOf":{"@id":"https:\/\/redfoxlotto.com\/de\/#website"},"primaryImageOfPage":{"@id":"https:\/\/redfoxlotto.com\/results\/mega-millions\/#primaryimage"},"image":{"@id":"https:\/\/redfoxlotto.com\/results\/mega-millions\/#primaryimage"},"thumbnailUrl":"https:\/\/content.redfoxlotto.com\/uploads\/sites\/9\/1_results_mega_millions.jpg","datePublished":"2018-11-18T08:54:25+00:00","dateModified":"2025-12-18T06:40:34+00:00","description":"Hier finden Sie die Ergebnisse und Gewinnzahlen von Mega Miilions, inclusive Archiv","breadcrumb":{"@id":"https:\/\/redfoxlotto.com\/results\/mega-millions\/#breadcrumb"},"inLanguage":"de","potentialAction":[{"@type":"ReadAction","target":["https:\/\/redfoxlotto.com\/results\/mega-millions\/"]}]},{"@type":"ImageObject","inLanguage":"de","@id":"https:\/\/redfoxlotto.com\/results\/mega-millions\/#primaryimage","url":"https:\/\/content.redfoxlotto.com\/uploads\/sites\/9\/1_results_mega_millions.jpg","contentUrl":"https:\/\/content.redfoxlotto.com\/uploads\/sites\/9\/1_results_mega_millions.jpg"},{"@type":"BreadcrumbList","@id":"https:\/\/redfoxlotto.com\/results\/mega-millions\/#breadcrumb","itemListElement":[{"@type":"ListItem","position":1,"name":"Home","item":"https:\/\/redfoxlotto.com\/de\/"},{"@type":"ListItem","position":2,"name":"Gewinnzahlen und Ergebnisse weltweiter Lotterien","item":"https:\/\/redfoxlotto.com\/de\/ergebnisse\/"},{"@type":"ListItem","position":3,"name":"Mega Millions"}]},{"@type":"WebSite","@id":"https:\/\/redfoxlotto.com\/de\/#website","url":"https:\/\/redfoxlotto.com\/de\/","name":"Get Tickets for the World\u2019s largest jackpots","description":"Participate in worldwide lottery jackpots from any country","publisher":{"@id":"https:\/\/redfoxlotto.com\/de\/#organization"},"potentialAction":[{"@type":"SearchAction","target":{"@type":"EntryPoint","urlTemplate":"https:\/\/redfoxlotto.com\/de\/?s={search_term_string}"},"query-input":{"@type":"PropertyValueSpecification","valueRequired":true,"valueName":"search_term_string"}}],"inLanguage":"de"},{"@type":"Organization","@id":"https:\/\/redfoxlotto.com\/de\/#organization","name":"Get Tickets for the World\u2019s largest jackpots","url":"https:\/\/redfoxlotto.com\/de\/","logo":{"@type":"ImageObject","inLanguage":"de","@id":"https:\/\/redfoxlotto.com\/de\/#\/schema\/logo\/image\/","url":"https:\/\/redfoxlotto.com\/wp-content\/uploads\/2023\/04\/logo.png","contentUrl":"https:\/\/redfoxlotto.com\/wp-content\/uploads\/2023\/04\/logo.png","width":269,"height":53,"caption":"Get Tickets for the World\u2019s largest jackpots"},"image":{"@id":"https:\/\/redfoxlotto.com\/de\/#\/schema\/logo\/image\/"}}]}},"_links":{"self":[{"href":"https:\/\/redfoxlotto.com\/de\/wp-json\/wp\/v2\/pages\/131","targetHints":{"allow":["GET"]}}],"collection":[{"href":"https:\/\/redfoxlotto.com\/de\/wp-json\/wp\/v2\/pages"}],"about":[{"href":"https:\/\/redfoxlotto.com\/de\/wp-json\/wp\/v2\/types\/page"}],"author":[{"embeddable":true,"href":"https:\/\/redfoxlotto.com\/de\/wp-json\/wp\/v2\/users\/1"}],"replies":[{"embeddable":true,"href":"https:\/\/redfoxlotto.com\/de\/wp-json\/wp\/v2\/comments?post=131"}],"version-history":[{"count":0,"href":"https:\/\/redfoxlotto.com\/de\/wp-json\/wp\/v2\/pages\/131\/revisions"}],"up":[{"embeddable":true,"href":"https:\/\/redfoxlotto.com\/de\/wp-json\/wp\/v2\/pages\/128"}],"wp:attachment":[{"href":"https:\/\/redfoxlotto.com\/de\/wp-json\/wp\/v2\/media?parent=131"}],"curies":[{"name":"wp","href":"https:\/\/api.w.org\/{rel}","templated":true}]}}