{"id":130,"date":"2018-11-18T08:54:25","date_gmt":"2018-11-18T08:54:25","guid":{"rendered":"https:\/\/redfoxlotto.com\/?page_id=240\/"},"modified":"2025-12-17T14:49:28","modified_gmt":"2025-12-17T14:49:28","slug":"euromillions","status":"publish","type":"page","link":"https:\/\/redfoxlotto.com\/de\/ergebnisse\/euromillions\/","title":{"rendered":"EuroMillions"},"content":{"rendered":"<p><script type=\"application\/ld+json\">\n{\n  \"@context\": \"https:\/\/schema.org\",\n  \"@type\": \"Service\",\n  \"name\": \"Euromillions-Ergebnisse online pr\u00fcfen\",\n  \"url\": \"https:\/\/redfoxlotto.com\/de\/ergebnisse\/euromillions\/\",\n  \"description\": \"Besuchen Sie RedFoxLotto, um die neuesten Euromillions-Ergebnisse und das Archiv einzusehen.\",\n  \"serviceType\": \"Weltweites Archiv von Lotterieergebnissen\",\n  \"provider\": {\n    \"@type\": \"Organization\",\n    \"name\": \"RedFoxLotto\",\n    \"url\": \"https:\/\/redfoxlotto.com\",\n    \"image\": \"https:\/\/redfoxlotto.com\/wp-content\/uploads\/2025\/12\/ticket_scans.jpg\",\n    \"sameAs\": []\n  },\n  \"areaServed\": \"Worldwide\",\n  \"termsOfService\": \"https:\/\/redfoxlotto.com\/terms-and-conditions\",\n  \"additionalProperty\": {\n    \"@type\": \"PropertyValue\",\n    \"name\": \"FAQ\",\n    \"value\": \"https:\/\/redfoxlotto.com\/de\/ergebnisse\/euromillions\/\"\n  },\n  \"hasOfferCatalog\": {\n    \"@type\": \"OfferCatalog\",\n    \"name\": \"Euromillions-Ergebnisse\",\n    \"itemListElement\": [{\n      \"@type\": \"Offer\",\n      \"name\": \"Euromillions-Ergebnisse\",\n      \"url\": \"https:\/\/redfoxlotto.com\/de\/ergebnisse\/euromillions\/\",\n      \"description\": \"Aktuelle und fr\u00fchere Euromillions-Ergebnisse.\",\n      \"itemOffered\": {\n        \"@type\": \"Service\",\n        \"name\": \"Euromillions-Ergebnisse\",\n        \"description\": \"Gezogene Euromillions-Zahlen.\"\n      }\n    }]\n  },\n  \"mainEntityOfPage\": {\n    \"@type\": \"WebPage\",\n    \"@id\": \"https:\/\/redfoxlotto.com\/de\/ergebnisse\/euromillions\/\"\n  }\n}\n<\/script><\/p>\n<p>Hier pr\u00e4sentieren wir Ihnen die <strong>Ergebnisse der EuroMillions Ziehung.<\/strong> Hat Ihr Los gewonnen? Dann herzlichen Gl\u00fcckwunsch! Nutzen Sie auch unser Archiv. Hier k\u00f6nnen Sie sich Infos holen, zum Beispiel welche Zahlen lang nicht gewonnen haben.<\/p>\n<p><!--more--><\/p>\n<h2>EuroMillions und der UK Millionaire Maker<\/h2>\n<p>Die Spieler zahlen ein wenig mehr, wenn sie EuroMillions-Tickets im Vereinigten K\u00f6nigreich kaufen. Das liegt daran, dass die britischen Lose automatisch an der Millionaire Maker-Ziehung teilnehmen, die eine zus\u00e4tzliche Chance auf einen Gewinn von 1 Million Pfund bietet.<\/p>\n<p>Der Millionaire Maker funktioniert, indem f\u00fcr jedes gekaufte Los ein eindeutiger Code generiert wird. Dieser Code besteht aus vier Buchstaben, gefolgt von f\u00fcnf Zahlen (z. B. ABCD12345). Bei jeder Ziehung werden einer oder mehrere dieser Codes nach dem Zufallsprinzip ausgew\u00e4hlt, und der Losinhaber mit dem passenden Code gewinnt sofort 1 Million Pfund, unabh\u00e4ngig von den gezogenen EuroMillions-Hauptzahlen.<\/p>\n<p>Diese Funktion macht das Spielen von EuroMillions im Vereinigten K\u00f6nigreich besonders attraktiv, da es eine zus\u00e4tzliche M\u00f6glichkeit bietet, neben dem Standard-Jackpot und den niedrigeren Gewinnstufen einen bedeutenden Preis zu gewinnen.<\/p>\n<h2>EuroMillions Jackpot<\/h2>\n<p><img loading=\"lazy\" decoding=\"async\" class=\" wp-image alignright\" src=\"https:\/\/content.redfoxlotto.com\/uploads\/sites\/9\/1_results_mega_millions.jpg\" alt=\"Lotterieergebnisse\" width=\"207\" height=\"207\" \/><\/p>\n<p>Der Start-Jackpot bei <a href=\"https:\/\/redfoxlotto.com\/de\/lotterie\/euromillions\/\">EuroMillions<\/a> betr\u00e4gt 17.000.000\u20ac. Es sind aber bereits sagenhafte 190.000.000\u20ac gewonnen worden. Daher lieben die Lotto-Fans aus ganz Europa diese <a href=\"https:\/\/redfoxlotto.com\/de\/lotterie\/\">Lotterie<\/a>.<\/p>\n<h2>EuroMillions Preise und EuroMillions Gewinner<\/h2>\n<p><img decoding=\"async\" class=\"size-full wp-image alignright\" src=\"https:\/\/content.redfoxlotto.com\/uploads\/sites\/9\/1_lottery_winner_is2.jpg\" alt=\"Mega Millions Jackpot\" \/><br \/>\nIm EuroMillions Lotto gibt es 13 Preisklassen. Nur 2 Zahlen sind n\u00f6tig, um einen Preis zu gewinnen. Unsere Tabelle zeigt auch die Anzahl der Gewinner pro Preisklasse zusammen mit dem jeweiligen Gewinn.<\/p>\n","protected":false},"excerpt":{"rendered":"<p>Hier pr\u00e4sentieren wir Ihnen die Ergebnisse der EuroMillions Ziehung. Hat Ihr Los gewonnen? Dann herzlichen Gl\u00fcckwunsch! Nutzen Sie auch unser Archiv. Hier k\u00f6nnen Sie sich Infos holen, zum Beispiel welche Zahlen lang nicht gewonnen haben.<\/p>\n","protected":false},"author":1,"featured_media":0,"parent":128,"menu_order":3,"comment_status":"closed","ping_status":"closed","template":"euromillions-results.php","meta":{"_et_pb_use_builder":"","_et_pb_old_content":"","_et_gb_content_width":"","exclude_from_search":false,"footnotes":""},"class_list":["post-130","page","type-page","status-publish","hentry"],"yoast_head":"<!-- This site is optimized with the Yoast SEO plugin v23.8 - https:\/\/yoast.com\/wordpress\/plugins\/seo\/ -->\n<title>Ergebnisse und Gewinnzahlen des Euromillions<\/title>\n<meta name=\"description\" content=\"Die aktuellen Gewinnzahlen und Ergebnisse von Euromillions\" \/>\n<meta name=\"robots\" content=\"index, follow, max-snippet:-1, max-image-preview:large, max-video-preview:-1\" \/>\n<link rel=\"canonical\" href=\"https:\/\/redfoxlotto.com\/de\/ergebnisse\/euromillions\/\" \/>\n<meta property=\"og:locale\" content=\"de_DE\" \/>\n<meta property=\"og:type\" content=\"article\" \/>\n<meta property=\"og:title\" content=\"Ergebnisse und Gewinnzahlen des Euromillions\" \/>\n<meta property=\"og:description\" content=\"Die aktuellen Gewinnzahlen und Ergebnisse von Euromillions\" \/>\n<meta property=\"og:url\" content=\"https:\/\/redfoxlotto.com\/de\/ergebnisse\/euromillions\/\" \/>\n<meta property=\"og:site_name\" content=\"Get Tickets for the World\u2019s largest jackpots\" \/>\n<meta property=\"article:modified_time\" content=\"2025-12-17T14:49:28+00:00\" \/>\n<meta property=\"og:image\" content=\"https:\/\/content.redfoxlotto.com\/uploads\/sites\/9\/1_results_mega_millions.jpg\" \/>\n<meta name=\"twitter:card\" content=\"summary_large_image\" \/>\n<meta name=\"twitter:label1\" content=\"Gesch\u00e4tzte Lesezeit\" \/>\n\t<meta name=\"twitter:data1\" content=\"2\u00a0Minuten\" \/>\n<script type=\"application\/ld+json\" class=\"yoast-schema-graph\">{\"@context\":\"https:\/\/schema.org\",\"@graph\":[{\"@type\":\"WebPage\",\"@id\":\"https:\/\/redfoxlotto.com\/de\/ergebnisse\/euromillions\/\",\"url\":\"https:\/\/redfoxlotto.com\/de\/ergebnisse\/euromillions\/\",\"name\":\"Ergebnisse und Gewinnzahlen des Euromillions\",\"isPartOf\":{\"@id\":\"https:\/\/redfoxlotto.com\/de\/#website\"},\"primaryImageOfPage\":{\"@id\":\"https:\/\/redfoxlotto.com\/de\/ergebnisse\/euromillions\/#primaryimage\"},\"image\":{\"@id\":\"https:\/\/redfoxlotto.com\/de\/ergebnisse\/euromillions\/#primaryimage\"},\"thumbnailUrl\":\"https:\/\/content.redfoxlotto.com\/uploads\/sites\/9\/1_results_mega_millions.jpg\",\"datePublished\":\"2018-11-18T08:54:25+00:00\",\"dateModified\":\"2025-12-17T14:49:28+00:00\",\"description\":\"Die aktuellen Gewinnzahlen und Ergebnisse von Euromillions\",\"breadcrumb\":{\"@id\":\"https:\/\/redfoxlotto.com\/de\/ergebnisse\/euromillions\/#breadcrumb\"},\"inLanguage\":\"de\",\"potentialAction\":[{\"@type\":\"ReadAction\",\"target\":[\"https:\/\/redfoxlotto.com\/de\/ergebnisse\/euromillions\/\"]}]},{\"@type\":\"ImageObject\",\"inLanguage\":\"de\",\"@id\":\"https:\/\/redfoxlotto.com\/de\/ergebnisse\/euromillions\/#primaryimage\",\"url\":\"https:\/\/content.redfoxlotto.com\/uploads\/sites\/9\/1_results_mega_millions.jpg\",\"contentUrl\":\"https:\/\/content.redfoxlotto.com\/uploads\/sites\/9\/1_results_mega_millions.jpg\"},{\"@type\":\"BreadcrumbList\",\"@id\":\"https:\/\/redfoxlotto.com\/de\/ergebnisse\/euromillions\/#breadcrumb\",\"itemListElement\":[{\"@type\":\"ListItem\",\"position\":1,\"name\":\"Home\",\"item\":\"https:\/\/redfoxlotto.com\/de\/\"},{\"@type\":\"ListItem\",\"position\":2,\"name\":\"Gewinnzahlen und Ergebnisse weltweiter Lotterien\",\"item\":\"https:\/\/redfoxlotto.com\/de\/ergebnisse\/\"},{\"@type\":\"ListItem\",\"position\":3,\"name\":\"EuroMillions\"}]},{\"@type\":\"WebSite\",\"@id\":\"https:\/\/redfoxlotto.com\/de\/#website\",\"url\":\"https:\/\/redfoxlotto.com\/de\/\",\"name\":\"Get Tickets for the World\u2019s largest jackpots\",\"description\":\"Participate in worldwide lottery jackpots from any country\",\"publisher\":{\"@id\":\"https:\/\/redfoxlotto.com\/de\/#organization\"},\"potentialAction\":[{\"@type\":\"SearchAction\",\"target\":{\"@type\":\"EntryPoint\",\"urlTemplate\":\"https:\/\/redfoxlotto.com\/de\/?s={search_term_string}\"},\"query-input\":{\"@type\":\"PropertyValueSpecification\",\"valueRequired\":true,\"valueName\":\"search_term_string\"}}],\"inLanguage\":\"de\"},{\"@type\":\"Organization\",\"@id\":\"https:\/\/redfoxlotto.com\/de\/#organization\",\"name\":\"Get Tickets for the World\u2019s largest jackpots\",\"url\":\"https:\/\/redfoxlotto.com\/de\/\",\"logo\":{\"@type\":\"ImageObject\",\"inLanguage\":\"de\",\"@id\":\"https:\/\/redfoxlotto.com\/de\/#\/schema\/logo\/image\/\",\"url\":\"https:\/\/redfoxlotto.com\/wp-content\/uploads\/2023\/04\/logo.png\",\"contentUrl\":\"https:\/\/redfoxlotto.com\/wp-content\/uploads\/2023\/04\/logo.png\",\"width\":269,\"height\":53,\"caption\":\"Get Tickets for the World\u2019s largest jackpots\"},\"image\":{\"@id\":\"https:\/\/redfoxlotto.com\/de\/#\/schema\/logo\/image\/\"}}]}<\/script>\n<!-- \/ Yoast SEO plugin. -->","yoast_head_json":{"title":"Ergebnisse und Gewinnzahlen des Euromillions","description":"Die aktuellen Gewinnzahlen und Ergebnisse von Euromillions","robots":{"index":"index","follow":"follow","max-snippet":"max-snippet:-1","max-image-preview":"max-image-preview:large","max-video-preview":"max-video-preview:-1"},"canonical":"https:\/\/redfoxlotto.com\/de\/ergebnisse\/euromillions\/","og_locale":"de_DE","og_type":"article","og_title":"Ergebnisse und Gewinnzahlen des Euromillions","og_description":"Die aktuellen Gewinnzahlen und Ergebnisse von Euromillions","og_url":"https:\/\/redfoxlotto.com\/de\/ergebnisse\/euromillions\/","og_site_name":"Get Tickets for the World\u2019s largest jackpots","article_modified_time":"2025-12-17T14:49:28+00:00","og_image":[{"url":"https:\/\/content.redfoxlotto.com\/uploads\/sites\/9\/1_results_mega_millions.jpg"}],"twitter_card":"summary_large_image","twitter_misc":{"Gesch\u00e4tzte Lesezeit":"2\u00a0Minuten"},"schema":{"@context":"https:\/\/schema.org","@graph":[{"@type":"WebPage","@id":"https:\/\/redfoxlotto.com\/de\/ergebnisse\/euromillions\/","url":"https:\/\/redfoxlotto.com\/de\/ergebnisse\/euromillions\/","name":"Ergebnisse und Gewinnzahlen des Euromillions","isPartOf":{"@id":"https:\/\/redfoxlotto.com\/de\/#website"},"primaryImageOfPage":{"@id":"https:\/\/redfoxlotto.com\/de\/ergebnisse\/euromillions\/#primaryimage"},"image":{"@id":"https:\/\/redfoxlotto.com\/de\/ergebnisse\/euromillions\/#primaryimage"},"thumbnailUrl":"https:\/\/content.redfoxlotto.com\/uploads\/sites\/9\/1_results_mega_millions.jpg","datePublished":"2018-11-18T08:54:25+00:00","dateModified":"2025-12-17T14:49:28+00:00","description":"Die aktuellen Gewinnzahlen und Ergebnisse von Euromillions","breadcrumb":{"@id":"https:\/\/redfoxlotto.com\/de\/ergebnisse\/euromillions\/#breadcrumb"},"inLanguage":"de","potentialAction":[{"@type":"ReadAction","target":["https:\/\/redfoxlotto.com\/de\/ergebnisse\/euromillions\/"]}]},{"@type":"ImageObject","inLanguage":"de","@id":"https:\/\/redfoxlotto.com\/de\/ergebnisse\/euromillions\/#primaryimage","url":"https:\/\/content.redfoxlotto.com\/uploads\/sites\/9\/1_results_mega_millions.jpg","contentUrl":"https:\/\/content.redfoxlotto.com\/uploads\/sites\/9\/1_results_mega_millions.jpg"},{"@type":"BreadcrumbList","@id":"https:\/\/redfoxlotto.com\/de\/ergebnisse\/euromillions\/#breadcrumb","itemListElement":[{"@type":"ListItem","position":1,"name":"Home","item":"https:\/\/redfoxlotto.com\/de\/"},{"@type":"ListItem","position":2,"name":"Gewinnzahlen und Ergebnisse weltweiter Lotterien","item":"https:\/\/redfoxlotto.com\/de\/ergebnisse\/"},{"@type":"ListItem","position":3,"name":"EuroMillions"}]},{"@type":"WebSite","@id":"https:\/\/redfoxlotto.com\/de\/#website","url":"https:\/\/redfoxlotto.com\/de\/","name":"Get Tickets for the World\u2019s largest jackpots","description":"Participate in worldwide lottery jackpots from any country","publisher":{"@id":"https:\/\/redfoxlotto.com\/de\/#organization"},"potentialAction":[{"@type":"SearchAction","target":{"@type":"EntryPoint","urlTemplate":"https:\/\/redfoxlotto.com\/de\/?s={search_term_string}"},"query-input":{"@type":"PropertyValueSpecification","valueRequired":true,"valueName":"search_term_string"}}],"inLanguage":"de"},{"@type":"Organization","@id":"https:\/\/redfoxlotto.com\/de\/#organization","name":"Get Tickets for the World\u2019s largest jackpots","url":"https:\/\/redfoxlotto.com\/de\/","logo":{"@type":"ImageObject","inLanguage":"de","@id":"https:\/\/redfoxlotto.com\/de\/#\/schema\/logo\/image\/","url":"https:\/\/redfoxlotto.com\/wp-content\/uploads\/2023\/04\/logo.png","contentUrl":"https:\/\/redfoxlotto.com\/wp-content\/uploads\/2023\/04\/logo.png","width":269,"height":53,"caption":"Get Tickets for the World\u2019s largest jackpots"},"image":{"@id":"https:\/\/redfoxlotto.com\/de\/#\/schema\/logo\/image\/"}}]}},"_links":{"self":[{"href":"https:\/\/redfoxlotto.com\/de\/wp-json\/wp\/v2\/pages\/130","targetHints":{"allow":["GET"]}}],"collection":[{"href":"https:\/\/redfoxlotto.com\/de\/wp-json\/wp\/v2\/pages"}],"about":[{"href":"https:\/\/redfoxlotto.com\/de\/wp-json\/wp\/v2\/types\/page"}],"author":[{"embeddable":true,"href":"https:\/\/redfoxlotto.com\/de\/wp-json\/wp\/v2\/users\/1"}],"replies":[{"embeddable":true,"href":"https:\/\/redfoxlotto.com\/de\/wp-json\/wp\/v2\/comments?post=130"}],"version-history":[{"count":0,"href":"https:\/\/redfoxlotto.com\/de\/wp-json\/wp\/v2\/pages\/130\/revisions"}],"up":[{"embeddable":true,"href":"https:\/\/redfoxlotto.com\/de\/wp-json\/wp\/v2\/pages\/128"}],"wp:attachment":[{"href":"https:\/\/redfoxlotto.com\/de\/wp-json\/wp\/v2\/media?parent=130"}],"curies":[{"name":"wp","href":"https:\/\/api.w.org\/{rel}","templated":true}]}}