{"id":12926,"date":"2020-08-18T10:31:21","date_gmt":"2020-08-18T10:31:21","guid":{"rendered":"https:\/\/redfoxlotto.com\/?page_id=12926"},"modified":"2023-05-13T07:29:50","modified_gmt":"2023-05-13T07:29:50","slug":"set-for-life-uk","status":"publish","type":"page","link":"https:\/\/redfoxlotto.com\/de\/ergebnisse\/set-for-life-uk\/","title":{"rendered":"Ergebnisse des Set for life Lotto"},"content":{"rendered":"<h2 class=\"wp-block-heading\">&#8222;Set for life&#8220; Lotto-Gewinnzahlen<\/h2><p><img loading=\"lazy\" decoding=\"async\" class=\" wp-image alignright\" src=\"https:\/\/content.redfoxlotto.com\/uploads\/sites\/9\/1_results_winning_numbers2.jpg\" alt=\"auf Lebensergebnisse festlegen\" width=\"255\" height=\"191\" \/><\/p><p>Die Gewinnzahlen der &#8222;Set for life&#8220;-Lotterie werden nach jeder Ziehung auf unserer Website ver\u00f6ffentlicht. Sobald Sie ein Los f\u00fcr diese Lotterie auf unserer Website gebucht haben, senden wir Ihnen eine E-Mail, wenn Ihr Los etwas gewonnen hat.<\/p><p>Sie k\u00f6nnen sich aber auch in Ihr Konto einloggen und den Bereich \u00f6ffnen, in dem Ihr Schein gespeichert ist. Alle Zahlen, die Sie ausgew\u00e4hlt haben und die mit dem Ziehungsergebnis \u00fcbereinstimmen, werden markiert, so dass Sie ganz einfach sehen k\u00f6nnen, was Sie gewonnen haben.<\/p><h2 class=\"wp-block-heading\">&#8222;Auf Lebenszeit gesetzt&#8220; fr\u00fchere Gewinnzahlen<\/h2><p>Wenn Sie die Zahlen aus vergangenen Ziehungen sehen m\u00f6chten, k\u00f6nnen Sie das ebenfalls tun. Viele unserer Kunden nutzen diese Funktion, um die Auswahl von Zahlen zu vermeiden, die gerade in den vergangenen Tagen oder Wochen gezogen wurden.<\/p>","protected":false},"excerpt":{"rendered":"<p>&#8222;Set for life&#8220; Lotto-Gewinnzahlen Die Gewinnzahlen der &#8222;Set for life&#8220;-Lotterie werden nach jeder Ziehung auf unserer Website ver\u00f6ffentlicht. Sobald Sie ein Los f\u00fcr diese Lotterie auf unserer Website gebucht haben, senden wir Ihnen eine E-Mail, wenn Ihr Los etwas gewonnen hat. Sie k\u00f6nnen sich aber auch in Ihr Konto einloggen und den Bereich \u00f6ffnen, in [&hellip;]<\/p>\n","protected":false},"author":1,"featured_media":0,"parent":128,"menu_order":10,"comment_status":"closed","ping_status":"closed","template":"set-for-life-results.php","meta":{"_et_pb_use_builder":"","_et_pb_old_content":"","_et_gb_content_width":"","exclude_from_search":false,"footnotes":""},"class_list":["post-12926","page","type-page","status-publish","hentry"],"yoast_head":"<!-- This site is optimized with the Yoast SEO plugin v23.8 - https:\/\/yoast.com\/wordpress\/plugins\/seo\/ -->\n<title>Erhalten Sie die Ziehungsergebnisse und Gewinnzahlen f\u00fcr Set for life lotto<\/title>\n<meta name=\"description\" content=\"Pr\u00fcfen Sie die Ziehungsergebnisse der Set for life-Lotterie hier\" \/>\n<meta name=\"robots\" content=\"index, follow, max-snippet:-1, max-image-preview:large, max-video-preview:-1\" \/>\n<link rel=\"canonical\" href=\"https:\/\/redfoxlotto.com\/de\/ergebnisse\/set-for-life-uk\/\" \/>\n<meta property=\"og:locale\" content=\"de_DE\" \/>\n<meta property=\"og:type\" content=\"article\" \/>\n<meta property=\"og:title\" content=\"Erhalten Sie die Ziehungsergebnisse und Gewinnzahlen f\u00fcr Set for life lotto\" \/>\n<meta property=\"og:description\" content=\"Pr\u00fcfen Sie die Ziehungsergebnisse der Set for life-Lotterie hier\" \/>\n<meta property=\"og:url\" content=\"https:\/\/redfoxlotto.com\/de\/ergebnisse\/set-for-life-uk\/\" \/>\n<meta property=\"og:site_name\" content=\"Get Tickets for the World\u2019s largest jackpots\" \/>\n<meta property=\"article:modified_time\" content=\"2023-05-13T07:29:50+00:00\" \/>\n<meta property=\"og:image\" content=\"https:\/\/content.redfoxlotto.com\/uploads\/sites\/9\/1_results_winning_numbers2.jpg\" \/>\n<meta name=\"twitter:card\" content=\"summary_large_image\" \/>\n<meta name=\"twitter:label1\" content=\"Gesch\u00e4tzte Lesezeit\" \/>\n\t<meta name=\"twitter:data1\" content=\"1\u00a0Minute\" \/>\n<script type=\"application\/ld+json\" class=\"yoast-schema-graph\">{\"@context\":\"https:\/\/schema.org\",\"@graph\":[{\"@type\":\"WebPage\",\"@id\":\"https:\/\/redfoxlotto.com\/de\/ergebnisse\/set-for-life-uk\/\",\"url\":\"https:\/\/redfoxlotto.com\/de\/ergebnisse\/set-for-life-uk\/\",\"name\":\"Erhalten Sie die Ziehungsergebnisse und Gewinnzahlen f\u00fcr Set for life lotto\",\"isPartOf\":{\"@id\":\"https:\/\/redfoxlotto.com\/de\/#website\"},\"primaryImageOfPage\":{\"@id\":\"https:\/\/redfoxlotto.com\/de\/ergebnisse\/set-for-life-uk\/#primaryimage\"},\"image\":{\"@id\":\"https:\/\/redfoxlotto.com\/de\/ergebnisse\/set-for-life-uk\/#primaryimage\"},\"thumbnailUrl\":\"https:\/\/content.redfoxlotto.com\/uploads\/sites\/9\/1_results_winning_numbers2.jpg\",\"datePublished\":\"2020-08-18T10:31:21+00:00\",\"dateModified\":\"2023-05-13T07:29:50+00:00\",\"description\":\"Pr\u00fcfen Sie die Ziehungsergebnisse der Set for life-Lotterie hier\",\"breadcrumb\":{\"@id\":\"https:\/\/redfoxlotto.com\/de\/ergebnisse\/set-for-life-uk\/#breadcrumb\"},\"inLanguage\":\"de\",\"potentialAction\":[{\"@type\":\"ReadAction\",\"target\":[\"https:\/\/redfoxlotto.com\/de\/ergebnisse\/set-for-life-uk\/\"]}]},{\"@type\":\"ImageObject\",\"inLanguage\":\"de\",\"@id\":\"https:\/\/redfoxlotto.com\/de\/ergebnisse\/set-for-life-uk\/#primaryimage\",\"url\":\"https:\/\/content.redfoxlotto.com\/uploads\/sites\/9\/1_results_winning_numbers2.jpg\",\"contentUrl\":\"https:\/\/content.redfoxlotto.com\/uploads\/sites\/9\/1_results_winning_numbers2.jpg\"},{\"@type\":\"BreadcrumbList\",\"@id\":\"https:\/\/redfoxlotto.com\/de\/ergebnisse\/set-for-life-uk\/#breadcrumb\",\"itemListElement\":[{\"@type\":\"ListItem\",\"position\":1,\"name\":\"Home\",\"item\":\"https:\/\/redfoxlotto.com\/de\/\"},{\"@type\":\"ListItem\",\"position\":2,\"name\":\"Gewinnzahlen und Ergebnisse weltweiter Lotterien\",\"item\":\"https:\/\/redfoxlotto.com\/de\/ergebnisse\/\"},{\"@type\":\"ListItem\",\"position\":3,\"name\":\"Ergebnisse des Set for life Lotto\"}]},{\"@type\":\"WebSite\",\"@id\":\"https:\/\/redfoxlotto.com\/de\/#website\",\"url\":\"https:\/\/redfoxlotto.com\/de\/\",\"name\":\"Get Tickets for the World\u2019s largest jackpots\",\"description\":\"Participate in worldwide lottery jackpots from any country\",\"publisher\":{\"@id\":\"https:\/\/redfoxlotto.com\/de\/#organization\"},\"potentialAction\":[{\"@type\":\"SearchAction\",\"target\":{\"@type\":\"EntryPoint\",\"urlTemplate\":\"https:\/\/redfoxlotto.com\/de\/?s={search_term_string}\"},\"query-input\":{\"@type\":\"PropertyValueSpecification\",\"valueRequired\":true,\"valueName\":\"search_term_string\"}}],\"inLanguage\":\"de\"},{\"@type\":\"Organization\",\"@id\":\"https:\/\/redfoxlotto.com\/de\/#organization\",\"name\":\"Get Tickets for the World\u2019s largest jackpots\",\"url\":\"https:\/\/redfoxlotto.com\/de\/\",\"logo\":{\"@type\":\"ImageObject\",\"inLanguage\":\"de\",\"@id\":\"https:\/\/redfoxlotto.com\/de\/#\/schema\/logo\/image\/\",\"url\":\"https:\/\/redfoxlotto.com\/wp-content\/uploads\/2023\/04\/logo.png\",\"contentUrl\":\"https:\/\/redfoxlotto.com\/wp-content\/uploads\/2023\/04\/logo.png\",\"width\":269,\"height\":53,\"caption\":\"Get Tickets for the World\u2019s largest jackpots\"},\"image\":{\"@id\":\"https:\/\/redfoxlotto.com\/de\/#\/schema\/logo\/image\/\"}}]}<\/script>\n<!-- \/ Yoast SEO plugin. -->","yoast_head_json":{"title":"Erhalten Sie die Ziehungsergebnisse und Gewinnzahlen f\u00fcr Set for life lotto","description":"Pr\u00fcfen Sie die Ziehungsergebnisse der Set for life-Lotterie hier","robots":{"index":"index","follow":"follow","max-snippet":"max-snippet:-1","max-image-preview":"max-image-preview:large","max-video-preview":"max-video-preview:-1"},"canonical":"https:\/\/redfoxlotto.com\/de\/ergebnisse\/set-for-life-uk\/","og_locale":"de_DE","og_type":"article","og_title":"Erhalten Sie die Ziehungsergebnisse und Gewinnzahlen f\u00fcr Set for life lotto","og_description":"Pr\u00fcfen Sie die Ziehungsergebnisse der Set for life-Lotterie hier","og_url":"https:\/\/redfoxlotto.com\/de\/ergebnisse\/set-for-life-uk\/","og_site_name":"Get Tickets for the World\u2019s largest jackpots","article_modified_time":"2023-05-13T07:29:50+00:00","og_image":[{"url":"https:\/\/content.redfoxlotto.com\/uploads\/sites\/9\/1_results_winning_numbers2.jpg"}],"twitter_card":"summary_large_image","twitter_misc":{"Gesch\u00e4tzte Lesezeit":"1\u00a0Minute"},"schema":{"@context":"https:\/\/schema.org","@graph":[{"@type":"WebPage","@id":"https:\/\/redfoxlotto.com\/de\/ergebnisse\/set-for-life-uk\/","url":"https:\/\/redfoxlotto.com\/de\/ergebnisse\/set-for-life-uk\/","name":"Erhalten Sie die Ziehungsergebnisse und Gewinnzahlen f\u00fcr Set for life lotto","isPartOf":{"@id":"https:\/\/redfoxlotto.com\/de\/#website"},"primaryImageOfPage":{"@id":"https:\/\/redfoxlotto.com\/de\/ergebnisse\/set-for-life-uk\/#primaryimage"},"image":{"@id":"https:\/\/redfoxlotto.com\/de\/ergebnisse\/set-for-life-uk\/#primaryimage"},"thumbnailUrl":"https:\/\/content.redfoxlotto.com\/uploads\/sites\/9\/1_results_winning_numbers2.jpg","datePublished":"2020-08-18T10:31:21+00:00","dateModified":"2023-05-13T07:29:50+00:00","description":"Pr\u00fcfen Sie die Ziehungsergebnisse der Set for life-Lotterie hier","breadcrumb":{"@id":"https:\/\/redfoxlotto.com\/de\/ergebnisse\/set-for-life-uk\/#breadcrumb"},"inLanguage":"de","potentialAction":[{"@type":"ReadAction","target":["https:\/\/redfoxlotto.com\/de\/ergebnisse\/set-for-life-uk\/"]}]},{"@type":"ImageObject","inLanguage":"de","@id":"https:\/\/redfoxlotto.com\/de\/ergebnisse\/set-for-life-uk\/#primaryimage","url":"https:\/\/content.redfoxlotto.com\/uploads\/sites\/9\/1_results_winning_numbers2.jpg","contentUrl":"https:\/\/content.redfoxlotto.com\/uploads\/sites\/9\/1_results_winning_numbers2.jpg"},{"@type":"BreadcrumbList","@id":"https:\/\/redfoxlotto.com\/de\/ergebnisse\/set-for-life-uk\/#breadcrumb","itemListElement":[{"@type":"ListItem","position":1,"name":"Home","item":"https:\/\/redfoxlotto.com\/de\/"},{"@type":"ListItem","position":2,"name":"Gewinnzahlen und Ergebnisse weltweiter Lotterien","item":"https:\/\/redfoxlotto.com\/de\/ergebnisse\/"},{"@type":"ListItem","position":3,"name":"Ergebnisse des Set for life Lotto"}]},{"@type":"WebSite","@id":"https:\/\/redfoxlotto.com\/de\/#website","url":"https:\/\/redfoxlotto.com\/de\/","name":"Get Tickets for the World\u2019s largest jackpots","description":"Participate in worldwide lottery jackpots from any country","publisher":{"@id":"https:\/\/redfoxlotto.com\/de\/#organization"},"potentialAction":[{"@type":"SearchAction","target":{"@type":"EntryPoint","urlTemplate":"https:\/\/redfoxlotto.com\/de\/?s={search_term_string}"},"query-input":{"@type":"PropertyValueSpecification","valueRequired":true,"valueName":"search_term_string"}}],"inLanguage":"de"},{"@type":"Organization","@id":"https:\/\/redfoxlotto.com\/de\/#organization","name":"Get Tickets for the World\u2019s largest jackpots","url":"https:\/\/redfoxlotto.com\/de\/","logo":{"@type":"ImageObject","inLanguage":"de","@id":"https:\/\/redfoxlotto.com\/de\/#\/schema\/logo\/image\/","url":"https:\/\/redfoxlotto.com\/wp-content\/uploads\/2023\/04\/logo.png","contentUrl":"https:\/\/redfoxlotto.com\/wp-content\/uploads\/2023\/04\/logo.png","width":269,"height":53,"caption":"Get Tickets for the World\u2019s largest jackpots"},"image":{"@id":"https:\/\/redfoxlotto.com\/de\/#\/schema\/logo\/image\/"}}]}},"_links":{"self":[{"href":"https:\/\/redfoxlotto.com\/de\/wp-json\/wp\/v2\/pages\/12926","targetHints":{"allow":["GET"]}}],"collection":[{"href":"https:\/\/redfoxlotto.com\/de\/wp-json\/wp\/v2\/pages"}],"about":[{"href":"https:\/\/redfoxlotto.com\/de\/wp-json\/wp\/v2\/types\/page"}],"author":[{"embeddable":true,"href":"https:\/\/redfoxlotto.com\/de\/wp-json\/wp\/v2\/users\/1"}],"replies":[{"embeddable":true,"href":"https:\/\/redfoxlotto.com\/de\/wp-json\/wp\/v2\/comments?post=12926"}],"version-history":[{"count":0,"href":"https:\/\/redfoxlotto.com\/de\/wp-json\/wp\/v2\/pages\/12926\/revisions"}],"up":[{"embeddable":true,"href":"https:\/\/redfoxlotto.com\/de\/wp-json\/wp\/v2\/pages\/128"}],"wp:attachment":[{"href":"https:\/\/redfoxlotto.com\/de\/wp-json\/wp\/v2\/media?parent=12926"}],"curies":[{"name":"wp","href":"https:\/\/api.w.org\/{rel}","templated":true}]}}