{"id":12924,"date":"2023-04-24T17:59:25","date_gmt":"2023-04-24T17:59:25","guid":{"rendered":"https:\/\/redfoxlotto.com\/?page_id=12924"},"modified":"2023-05-13T06:29:26","modified_gmt":"2023-05-13T06:29:26","slug":"set-for-life-uk","status":"publish","type":"page","link":"https:\/\/redfoxlotto.com\/de\/spielen\/set-for-life-uk\/","title":{"rendered":"Am Lotto Set for life online teilnehmen"},"content":{"rendered":"<p><img loading=\"lazy\" decoding=\"async\" class=\" wp-image alignright\" src=\"https:\/\/content.redfoxlotto.com\/uploads\/sites\/9\/1_play_online_jackpot.jpg\" alt=\"online eingestellt\" width=\"236\" height=\"236\" \/><\/p><p>Die britische Lotterie &#8222;Set for life&#8220; unterscheidet sich von den meisten anderen Lotterien. Wenn Sie den erst- oder zweitrangigen Preis gewinnen, gewinnen Sie statt eines festen Betrags monatliche Zahlungen.<\/p><p><!--more--><\/p><p>Der erste Preis bedeutet, dass Sie f\u00fcr die n\u00e4chsten 30 Jahre eine monatliche Zahlung von \u00a310.000 erhalten, der zweite Preis bedeutet, dass Sie ein Jahr lang jeden Monat die gleichen \u00a310.000 erhalten.<\/p><h2 class=\"wp-block-heading\">Wie man &#8222;Set for life&#8220; online spielt<\/h2><p>Nachdem Sie Ihr Konto auf unserer Website eingerichtet haben, gehen Sie einfach zur Lotterie und w\u00e4hlen Sie 5 Zahlen zwischen 1 und 47, dann eine &#8222;Life Ball&#8220;-Zahl zwischen 1 und 10.<\/p><p>Wenn Sie m\u00f6chten, k\u00f6nnen Sie die &#8222;Schnellauswahl&#8220;-Funktion verwenden und den Zahlengenerator seine Arbeit tun lassen, um Ihren Schein mit Zufallszahlen zu f\u00fcllen.<\/p><h2 class=\"wp-block-heading\">Wie finde ich heraus, ob ich gewonnen habe<\/h2><p>Wenn Ihr Ticket gewinnt, senden wir Ihnen eine E-Mail-Benachrichtigung. Stellen Sie sicher, dass unsere E-Mails nicht in Ihrer Spam-Box landen. Nach der Ziehung k\u00f6nnen Sie sich in Ihr Konto einloggen und Ihr Los \u00fcberpr\u00fcfen. Die Gewinnzahlen werden markiert.<\/p>","protected":false},"excerpt":{"rendered":"<p>Die britische Lotterie &#8222;Set for life&#8220; unterscheidet sich von den meisten anderen Lotterien. Wenn Sie den erst- oder zweitrangigen Preis gewinnen, gewinnen Sie statt eines festen Betrags monatliche Zahlungen.<\/p>\n","protected":false},"author":1,"featured_media":0,"parent":137,"menu_order":10,"comment_status":"closed","ping_status":"closed","template":"set-for-life.php","meta":{"_et_pb_use_builder":"","_et_pb_old_content":"","_et_gb_content_width":"","exclude_from_search":false,"footnotes":""},"class_list":["post-12924","page","type-page","status-publish","hentry"],"yoast_head":"<!-- This site is optimized with the Yoast SEO plugin v23.8 - https:\/\/yoast.com\/wordpress\/plugins\/seo\/ -->\n<title>Spiele Set For Life Lotto UK online<\/title>\n<meta name=\"description\" content=\"Jetzt k\u00f6nnen auch Sie die britische &quot;Set for life&quot;-Lotterie online spielen\" \/>\n<meta name=\"robots\" content=\"index, follow, max-snippet:-1, max-image-preview:large, max-video-preview:-1\" \/>\n<link rel=\"canonical\" href=\"https:\/\/redfoxlotto.com\/de\/spielen\/set-for-life-uk\/\" \/>\n<meta property=\"og:locale\" content=\"de_DE\" \/>\n<meta property=\"og:type\" content=\"article\" \/>\n<meta property=\"og:title\" content=\"Spiele Set For Life Lotto UK online\" \/>\n<meta property=\"og:description\" content=\"Jetzt k\u00f6nnen auch Sie die britische &quot;Set for life&quot;-Lotterie online spielen\" \/>\n<meta property=\"og:url\" content=\"https:\/\/redfoxlotto.com\/de\/spielen\/set-for-life-uk\/\" \/>\n<meta property=\"og:site_name\" content=\"Get Tickets for the World\u2019s largest jackpots\" \/>\n<meta property=\"article:modified_time\" content=\"2023-05-13T06:29:26+00:00\" \/>\n<meta property=\"og:image\" content=\"https:\/\/content.redfoxlotto.com\/uploads\/sites\/9\/1_play_online_jackpot.jpg\" \/>\n<meta name=\"twitter:card\" content=\"summary_large_image\" \/>\n<meta name=\"twitter:label1\" content=\"Gesch\u00e4tzte Lesezeit\" \/>\n\t<meta name=\"twitter:data1\" content=\"1\u00a0Minute\" \/>\n<script type=\"application\/ld+json\" class=\"yoast-schema-graph\">{\"@context\":\"https:\/\/schema.org\",\"@graph\":[{\"@type\":\"WebPage\",\"@id\":\"https:\/\/redfoxlotto.com\/de\/spielen\/set-for-life-uk\/\",\"url\":\"https:\/\/redfoxlotto.com\/de\/spielen\/set-for-life-uk\/\",\"name\":\"Spiele Set For Life Lotto UK online\",\"isPartOf\":{\"@id\":\"https:\/\/redfoxlotto.com\/de\/#website\"},\"primaryImageOfPage\":{\"@id\":\"https:\/\/redfoxlotto.com\/de\/spielen\/set-for-life-uk\/#primaryimage\"},\"image\":{\"@id\":\"https:\/\/redfoxlotto.com\/de\/spielen\/set-for-life-uk\/#primaryimage\"},\"thumbnailUrl\":\"https:\/\/content.redfoxlotto.com\/uploads\/sites\/9\/1_play_online_jackpot.jpg\",\"datePublished\":\"2023-04-24T17:59:25+00:00\",\"dateModified\":\"2023-05-13T06:29:26+00:00\",\"description\":\"Jetzt k\u00f6nnen auch Sie die britische \\\"Set for life\\\"-Lotterie online spielen\",\"breadcrumb\":{\"@id\":\"https:\/\/redfoxlotto.com\/de\/spielen\/set-for-life-uk\/#breadcrumb\"},\"inLanguage\":\"de\",\"potentialAction\":[{\"@type\":\"ReadAction\",\"target\":[\"https:\/\/redfoxlotto.com\/de\/spielen\/set-for-life-uk\/\"]}]},{\"@type\":\"ImageObject\",\"inLanguage\":\"de\",\"@id\":\"https:\/\/redfoxlotto.com\/de\/spielen\/set-for-life-uk\/#primaryimage\",\"url\":\"https:\/\/content.redfoxlotto.com\/uploads\/sites\/9\/1_play_online_jackpot.jpg\",\"contentUrl\":\"https:\/\/content.redfoxlotto.com\/uploads\/sites\/9\/1_play_online_jackpot.jpg\"},{\"@type\":\"BreadcrumbList\",\"@id\":\"https:\/\/redfoxlotto.com\/de\/spielen\/set-for-life-uk\/#breadcrumb\",\"itemListElement\":[{\"@type\":\"ListItem\",\"position\":1,\"name\":\"Home\",\"item\":\"https:\/\/redfoxlotto.com\/de\/\"},{\"@type\":\"ListItem\",\"position\":2,\"name\":\"Mehr Lotterien online spielen\",\"item\":\"https:\/\/redfoxlotto.com\/de\/spielen\/\"},{\"@type\":\"ListItem\",\"position\":3,\"name\":\"Am Lotto Set for life online teilnehmen\"}]},{\"@type\":\"WebSite\",\"@id\":\"https:\/\/redfoxlotto.com\/de\/#website\",\"url\":\"https:\/\/redfoxlotto.com\/de\/\",\"name\":\"Get Tickets for the World\u2019s largest jackpots\",\"description\":\"Participate in worldwide lottery jackpots from any country\",\"publisher\":{\"@id\":\"https:\/\/redfoxlotto.com\/de\/#organization\"},\"potentialAction\":[{\"@type\":\"SearchAction\",\"target\":{\"@type\":\"EntryPoint\",\"urlTemplate\":\"https:\/\/redfoxlotto.com\/de\/?s={search_term_string}\"},\"query-input\":{\"@type\":\"PropertyValueSpecification\",\"valueRequired\":true,\"valueName\":\"search_term_string\"}}],\"inLanguage\":\"de\"},{\"@type\":\"Organization\",\"@id\":\"https:\/\/redfoxlotto.com\/de\/#organization\",\"name\":\"Get Tickets for the World\u2019s largest jackpots\",\"url\":\"https:\/\/redfoxlotto.com\/de\/\",\"logo\":{\"@type\":\"ImageObject\",\"inLanguage\":\"de\",\"@id\":\"https:\/\/redfoxlotto.com\/de\/#\/schema\/logo\/image\/\",\"url\":\"https:\/\/redfoxlotto.com\/wp-content\/uploads\/2023\/04\/logo.png\",\"contentUrl\":\"https:\/\/redfoxlotto.com\/wp-content\/uploads\/2023\/04\/logo.png\",\"width\":269,\"height\":53,\"caption\":\"Get Tickets for the World\u2019s largest jackpots\"},\"image\":{\"@id\":\"https:\/\/redfoxlotto.com\/de\/#\/schema\/logo\/image\/\"}}]}<\/script>\n<!-- \/ Yoast SEO plugin. -->","yoast_head_json":{"title":"Spiele Set For Life Lotto UK online","description":"Jetzt k\u00f6nnen auch Sie die britische \"Set for life\"-Lotterie online spielen","robots":{"index":"index","follow":"follow","max-snippet":"max-snippet:-1","max-image-preview":"max-image-preview:large","max-video-preview":"max-video-preview:-1"},"canonical":"https:\/\/redfoxlotto.com\/de\/spielen\/set-for-life-uk\/","og_locale":"de_DE","og_type":"article","og_title":"Spiele Set For Life Lotto UK online","og_description":"Jetzt k\u00f6nnen auch Sie die britische \"Set for life\"-Lotterie online spielen","og_url":"https:\/\/redfoxlotto.com\/de\/spielen\/set-for-life-uk\/","og_site_name":"Get Tickets for the World\u2019s largest jackpots","article_modified_time":"2023-05-13T06:29:26+00:00","og_image":[{"url":"https:\/\/content.redfoxlotto.com\/uploads\/sites\/9\/1_play_online_jackpot.jpg"}],"twitter_card":"summary_large_image","twitter_misc":{"Gesch\u00e4tzte Lesezeit":"1\u00a0Minute"},"schema":{"@context":"https:\/\/schema.org","@graph":[{"@type":"WebPage","@id":"https:\/\/redfoxlotto.com\/de\/spielen\/set-for-life-uk\/","url":"https:\/\/redfoxlotto.com\/de\/spielen\/set-for-life-uk\/","name":"Spiele Set For Life Lotto UK online","isPartOf":{"@id":"https:\/\/redfoxlotto.com\/de\/#website"},"primaryImageOfPage":{"@id":"https:\/\/redfoxlotto.com\/de\/spielen\/set-for-life-uk\/#primaryimage"},"image":{"@id":"https:\/\/redfoxlotto.com\/de\/spielen\/set-for-life-uk\/#primaryimage"},"thumbnailUrl":"https:\/\/content.redfoxlotto.com\/uploads\/sites\/9\/1_play_online_jackpot.jpg","datePublished":"2023-04-24T17:59:25+00:00","dateModified":"2023-05-13T06:29:26+00:00","description":"Jetzt k\u00f6nnen auch Sie die britische \"Set for life\"-Lotterie online spielen","breadcrumb":{"@id":"https:\/\/redfoxlotto.com\/de\/spielen\/set-for-life-uk\/#breadcrumb"},"inLanguage":"de","potentialAction":[{"@type":"ReadAction","target":["https:\/\/redfoxlotto.com\/de\/spielen\/set-for-life-uk\/"]}]},{"@type":"ImageObject","inLanguage":"de","@id":"https:\/\/redfoxlotto.com\/de\/spielen\/set-for-life-uk\/#primaryimage","url":"https:\/\/content.redfoxlotto.com\/uploads\/sites\/9\/1_play_online_jackpot.jpg","contentUrl":"https:\/\/content.redfoxlotto.com\/uploads\/sites\/9\/1_play_online_jackpot.jpg"},{"@type":"BreadcrumbList","@id":"https:\/\/redfoxlotto.com\/de\/spielen\/set-for-life-uk\/#breadcrumb","itemListElement":[{"@type":"ListItem","position":1,"name":"Home","item":"https:\/\/redfoxlotto.com\/de\/"},{"@type":"ListItem","position":2,"name":"Mehr Lotterien online spielen","item":"https:\/\/redfoxlotto.com\/de\/spielen\/"},{"@type":"ListItem","position":3,"name":"Am Lotto Set for life online teilnehmen"}]},{"@type":"WebSite","@id":"https:\/\/redfoxlotto.com\/de\/#website","url":"https:\/\/redfoxlotto.com\/de\/","name":"Get Tickets for the World\u2019s largest jackpots","description":"Participate in worldwide lottery jackpots from any country","publisher":{"@id":"https:\/\/redfoxlotto.com\/de\/#organization"},"potentialAction":[{"@type":"SearchAction","target":{"@type":"EntryPoint","urlTemplate":"https:\/\/redfoxlotto.com\/de\/?s={search_term_string}"},"query-input":{"@type":"PropertyValueSpecification","valueRequired":true,"valueName":"search_term_string"}}],"inLanguage":"de"},{"@type":"Organization","@id":"https:\/\/redfoxlotto.com\/de\/#organization","name":"Get Tickets for the World\u2019s largest jackpots","url":"https:\/\/redfoxlotto.com\/de\/","logo":{"@type":"ImageObject","inLanguage":"de","@id":"https:\/\/redfoxlotto.com\/de\/#\/schema\/logo\/image\/","url":"https:\/\/redfoxlotto.com\/wp-content\/uploads\/2023\/04\/logo.png","contentUrl":"https:\/\/redfoxlotto.com\/wp-content\/uploads\/2023\/04\/logo.png","width":269,"height":53,"caption":"Get Tickets for the World\u2019s largest jackpots"},"image":{"@id":"https:\/\/redfoxlotto.com\/de\/#\/schema\/logo\/image\/"}}]}},"_links":{"self":[{"href":"https:\/\/redfoxlotto.com\/de\/wp-json\/wp\/v2\/pages\/12924","targetHints":{"allow":["GET"]}}],"collection":[{"href":"https:\/\/redfoxlotto.com\/de\/wp-json\/wp\/v2\/pages"}],"about":[{"href":"https:\/\/redfoxlotto.com\/de\/wp-json\/wp\/v2\/types\/page"}],"author":[{"embeddable":true,"href":"https:\/\/redfoxlotto.com\/de\/wp-json\/wp\/v2\/users\/1"}],"replies":[{"embeddable":true,"href":"https:\/\/redfoxlotto.com\/de\/wp-json\/wp\/v2\/comments?post=12924"}],"version-history":[{"count":0,"href":"https:\/\/redfoxlotto.com\/de\/wp-json\/wp\/v2\/pages\/12924\/revisions"}],"up":[{"embeddable":true,"href":"https:\/\/redfoxlotto.com\/de\/wp-json\/wp\/v2\/pages\/137"}],"wp:attachment":[{"href":"https:\/\/redfoxlotto.com\/de\/wp-json\/wp\/v2\/media?parent=12924"}],"curies":[{"name":"wp","href":"https:\/\/api.w.org\/{rel}","templated":true}]}}