{"id":12920,"date":"2020-08-18T09:23:56","date_gmt":"2020-08-18T09:23:56","guid":{"rendered":"https:\/\/redfoxlotto.com\/?page_id=12920"},"modified":"2023-05-13T07:29:45","modified_gmt":"2023-05-13T07:29:45","slug":"lotto-6aus49","status":"publish","type":"page","link":"https:\/\/redfoxlotto.com\/de\/ergebnisse\/lotto-6aus49\/","title":{"rendered":"Ergebnisse des Deutschen Lotto"},"content":{"rendered":"<h2 class=\"wp-block-heading\">Deutsches Lotto 6aus49 Gewinnzahlen<\/h2><p><img loading=\"lazy\" decoding=\"async\" class=\" wp-image alignright\" src=\"https:\/\/content.redfoxlotto.com\/uploads\/sites\/9\/1_draw_results_lotto2.jpg\" alt=\"Lottoergebnisse Deutschland\" width=\"280\" height=\"133\" \/><\/p><p>Wenn Sie das deutsche Lotto gespielt haben, wollen Sie wissen, ob Sie etwas gewonnen haben, und das bedeutet, dass Sie die Gewinnzahlen kennen m\u00fcssen. Oder wenn Sie einige der Zahlen spielen wollen, die in letzter Zeit oder am h\u00e4ufigsten gewonnen haben, m\u00fcssen Sie wissen, um welche Zahlen es sich dabei handelt, aber wie \u00fcberpr\u00fcfen Sie die Gewinnzahlen des Deutschen Lotto 6aus49?<\/p><h2 class=\"wp-block-heading\">Pr\u00fcfung der letzten Ergebnisse<\/h2><p>Sie k\u00f6nnen die neuesten Ergebnisse f\u00fcr dieses Lotto-Spiel direkt online \u00fcberpr\u00fcfen und Sie k\u00f6nnen dies auch von RedFoxLotto.com aus tun. Alles, was Sie tun m\u00fcssen, ist die Website zu besuchen und Sie k\u00f6nnen die Gewinnzahlen f\u00fcr alle Ihre Lieblingsspiele sehen.<\/p><p>Wenn Sie dieses Spiel (oder andere) tats\u00e4chlich gespielt haben, k\u00f6nnen Sie sich in Ihr Konto einloggen, um dort die Gewinnzahlen zu \u00fcberpr\u00fcfen, und auf diese Weise werden Sie herausfinden, ob Sie etwas gewonnen haben.<\/p><h2 class=\"wp-block-heading\">Hatten Sie gewonnen<\/h2><p><img loading=\"lazy\" decoding=\"async\" class=\" wp-image alignright\" src=\"https:\/\/content.redfoxlotto.com\/uploads\/sites\/9\/1_win_lottery_prizes.jpg\" alt=\"win lottery\" width=\"252\" height=\"168\" \/><\/p><p>Wenn Sie eines der Lotto-Spiele auf unserer Website gespielt und gewonnen haben, wissen Sie das sofort, denn Sie k\u00f6nnen sich in Ihr Konto einloggen und die Gewinnzahlen mit Ihren eigenen vergleichen. Ihre \u00fcbereinstimmenden Zahlen werden alle hervorgehoben, so dass Sie sie sehen k\u00f6nnen. Und auch Ihre Gewinne werden automatisch auf Ihr Konto \u00fcberwiesen.<\/p><h2 class=\"wp-block-heading\">Altere Zahlen pr\u00fcfen<\/h2><p>Wenn Sie einige der Gewinnzahlen des deutschen Lottos 6aus49 kennen lernen m\u00f6chten, bevor Sie das Ergebnisarchiv durchsehen k\u00f6nnen. Sie finden dort alte Zahlen, die Sie f\u00fcr alles M\u00f6gliche verwenden k\u00f6nnen.<\/p>","protected":false},"excerpt":{"rendered":"<p>Deutsches Lotto 6aus49 Gewinnzahlen Wenn Sie das deutsche Lotto gespielt haben, wollen Sie wissen, ob Sie etwas gewonnen haben, und das bedeutet, dass Sie die Gewinnzahlen kennen m\u00fcssen. Oder wenn Sie einige der Zahlen spielen wollen, die in letzter Zeit oder am h\u00e4ufigsten gewonnen haben, m\u00fcssen Sie wissen, um welche Zahlen es sich dabei handelt, [&hellip;]<\/p>\n","protected":false},"author":1,"featured_media":0,"parent":128,"menu_order":15,"comment_status":"closed","ping_status":"closed","template":"lotto-german-results.php","meta":{"_et_pb_use_builder":"","_et_pb_old_content":"","_et_gb_content_width":"","exclude_from_search":false,"footnotes":""},"class_list":["post-12920","page","type-page","status-publish","hentry"],"yoast_head":"<!-- This site is optimized with the Yoast SEO plugin v23.8 - https:\/\/yoast.com\/wordpress\/plugins\/seo\/ -->\n<title>Deutsche Lotto-Ziehungsergebnisse und Gewinnzahlenkombinationen, plus Archiv<\/title>\n<meta name=\"description\" content=\"Haben Sie die Gewinnzahlen f\u00fcr das deutsche Lotto? Pr\u00fcfen Sie die Ziehungsergebnisse auf unserer Website\" \/>\n<meta name=\"robots\" content=\"index, follow, max-snippet:-1, max-image-preview:large, max-video-preview:-1\" \/>\n<link rel=\"canonical\" href=\"https:\/\/redfoxlotto.com\/de\/ergebnisse\/lotto-6aus49\/\" \/>\n<meta property=\"og:locale\" content=\"de_DE\" \/>\n<meta property=\"og:type\" content=\"article\" \/>\n<meta property=\"og:title\" content=\"Deutsche Lotto-Ziehungsergebnisse und Gewinnzahlenkombinationen, plus Archiv\" \/>\n<meta property=\"og:description\" content=\"Haben Sie die Gewinnzahlen f\u00fcr das deutsche Lotto? Pr\u00fcfen Sie die Ziehungsergebnisse auf unserer Website\" \/>\n<meta property=\"og:url\" content=\"https:\/\/redfoxlotto.com\/de\/ergebnisse\/lotto-6aus49\/\" \/>\n<meta property=\"og:site_name\" content=\"Get Tickets for the World\u2019s largest jackpots\" \/>\n<meta property=\"article:modified_time\" content=\"2023-05-13T07:29:45+00:00\" \/>\n<meta property=\"og:image\" content=\"https:\/\/content.redfoxlotto.com\/uploads\/sites\/9\/1_draw_results_lotto2.jpg\" \/>\n<meta name=\"twitter:card\" content=\"summary_large_image\" \/>\n<meta name=\"twitter:label1\" content=\"Gesch\u00e4tzte Lesezeit\" \/>\n\t<meta name=\"twitter:data1\" content=\"2\u00a0Minuten\" \/>\n<script type=\"application\/ld+json\" class=\"yoast-schema-graph\">{\"@context\":\"https:\/\/schema.org\",\"@graph\":[{\"@type\":\"WebPage\",\"@id\":\"https:\/\/redfoxlotto.com\/de\/ergebnisse\/lotto-6aus49\/\",\"url\":\"https:\/\/redfoxlotto.com\/de\/ergebnisse\/lotto-6aus49\/\",\"name\":\"Deutsche Lotto-Ziehungsergebnisse und Gewinnzahlenkombinationen, plus Archiv\",\"isPartOf\":{\"@id\":\"https:\/\/redfoxlotto.com\/de\/#website\"},\"primaryImageOfPage\":{\"@id\":\"https:\/\/redfoxlotto.com\/de\/ergebnisse\/lotto-6aus49\/#primaryimage\"},\"image\":{\"@id\":\"https:\/\/redfoxlotto.com\/de\/ergebnisse\/lotto-6aus49\/#primaryimage\"},\"thumbnailUrl\":\"https:\/\/content.redfoxlotto.com\/uploads\/sites\/9\/1_draw_results_lotto2.jpg\",\"datePublished\":\"2020-08-18T09:23:56+00:00\",\"dateModified\":\"2023-05-13T07:29:45+00:00\",\"description\":\"Haben Sie die Gewinnzahlen f\u00fcr das deutsche Lotto? Pr\u00fcfen Sie die Ziehungsergebnisse auf unserer Website\",\"breadcrumb\":{\"@id\":\"https:\/\/redfoxlotto.com\/de\/ergebnisse\/lotto-6aus49\/#breadcrumb\"},\"inLanguage\":\"de\",\"potentialAction\":[{\"@type\":\"ReadAction\",\"target\":[\"https:\/\/redfoxlotto.com\/de\/ergebnisse\/lotto-6aus49\/\"]}]},{\"@type\":\"ImageObject\",\"inLanguage\":\"de\",\"@id\":\"https:\/\/redfoxlotto.com\/de\/ergebnisse\/lotto-6aus49\/#primaryimage\",\"url\":\"https:\/\/content.redfoxlotto.com\/uploads\/sites\/9\/1_draw_results_lotto2.jpg\",\"contentUrl\":\"https:\/\/content.redfoxlotto.com\/uploads\/sites\/9\/1_draw_results_lotto2.jpg\"},{\"@type\":\"BreadcrumbList\",\"@id\":\"https:\/\/redfoxlotto.com\/de\/ergebnisse\/lotto-6aus49\/#breadcrumb\",\"itemListElement\":[{\"@type\":\"ListItem\",\"position\":1,\"name\":\"Home\",\"item\":\"https:\/\/redfoxlotto.com\/de\/\"},{\"@type\":\"ListItem\",\"position\":2,\"name\":\"Gewinnzahlen und Ergebnisse weltweiter Lotterien\",\"item\":\"https:\/\/redfoxlotto.com\/de\/ergebnisse\/\"},{\"@type\":\"ListItem\",\"position\":3,\"name\":\"Ergebnisse des Deutschen Lotto\"}]},{\"@type\":\"WebSite\",\"@id\":\"https:\/\/redfoxlotto.com\/de\/#website\",\"url\":\"https:\/\/redfoxlotto.com\/de\/\",\"name\":\"Get Tickets for the World\u2019s largest jackpots\",\"description\":\"Participate in worldwide lottery jackpots from any country\",\"publisher\":{\"@id\":\"https:\/\/redfoxlotto.com\/de\/#organization\"},\"potentialAction\":[{\"@type\":\"SearchAction\",\"target\":{\"@type\":\"EntryPoint\",\"urlTemplate\":\"https:\/\/redfoxlotto.com\/de\/?s={search_term_string}\"},\"query-input\":{\"@type\":\"PropertyValueSpecification\",\"valueRequired\":true,\"valueName\":\"search_term_string\"}}],\"inLanguage\":\"de\"},{\"@type\":\"Organization\",\"@id\":\"https:\/\/redfoxlotto.com\/de\/#organization\",\"name\":\"Get Tickets for the World\u2019s largest jackpots\",\"url\":\"https:\/\/redfoxlotto.com\/de\/\",\"logo\":{\"@type\":\"ImageObject\",\"inLanguage\":\"de\",\"@id\":\"https:\/\/redfoxlotto.com\/de\/#\/schema\/logo\/image\/\",\"url\":\"https:\/\/redfoxlotto.com\/wp-content\/uploads\/2023\/04\/logo.png\",\"contentUrl\":\"https:\/\/redfoxlotto.com\/wp-content\/uploads\/2023\/04\/logo.png\",\"width\":269,\"height\":53,\"caption\":\"Get Tickets for the World\u2019s largest jackpots\"},\"image\":{\"@id\":\"https:\/\/redfoxlotto.com\/de\/#\/schema\/logo\/image\/\"}}]}<\/script>\n<!-- \/ Yoast SEO plugin. -->","yoast_head_json":{"title":"Deutsche Lotto-Ziehungsergebnisse und Gewinnzahlenkombinationen, plus Archiv","description":"Haben Sie die Gewinnzahlen f\u00fcr das deutsche Lotto? Pr\u00fcfen Sie die Ziehungsergebnisse auf unserer Website","robots":{"index":"index","follow":"follow","max-snippet":"max-snippet:-1","max-image-preview":"max-image-preview:large","max-video-preview":"max-video-preview:-1"},"canonical":"https:\/\/redfoxlotto.com\/de\/ergebnisse\/lotto-6aus49\/","og_locale":"de_DE","og_type":"article","og_title":"Deutsche Lotto-Ziehungsergebnisse und Gewinnzahlenkombinationen, plus Archiv","og_description":"Haben Sie die Gewinnzahlen f\u00fcr das deutsche Lotto? Pr\u00fcfen Sie die Ziehungsergebnisse auf unserer Website","og_url":"https:\/\/redfoxlotto.com\/de\/ergebnisse\/lotto-6aus49\/","og_site_name":"Get Tickets for the World\u2019s largest jackpots","article_modified_time":"2023-05-13T07:29:45+00:00","og_image":[{"url":"https:\/\/content.redfoxlotto.com\/uploads\/sites\/9\/1_draw_results_lotto2.jpg"}],"twitter_card":"summary_large_image","twitter_misc":{"Gesch\u00e4tzte Lesezeit":"2\u00a0Minuten"},"schema":{"@context":"https:\/\/schema.org","@graph":[{"@type":"WebPage","@id":"https:\/\/redfoxlotto.com\/de\/ergebnisse\/lotto-6aus49\/","url":"https:\/\/redfoxlotto.com\/de\/ergebnisse\/lotto-6aus49\/","name":"Deutsche Lotto-Ziehungsergebnisse und Gewinnzahlenkombinationen, plus Archiv","isPartOf":{"@id":"https:\/\/redfoxlotto.com\/de\/#website"},"primaryImageOfPage":{"@id":"https:\/\/redfoxlotto.com\/de\/ergebnisse\/lotto-6aus49\/#primaryimage"},"image":{"@id":"https:\/\/redfoxlotto.com\/de\/ergebnisse\/lotto-6aus49\/#primaryimage"},"thumbnailUrl":"https:\/\/content.redfoxlotto.com\/uploads\/sites\/9\/1_draw_results_lotto2.jpg","datePublished":"2020-08-18T09:23:56+00:00","dateModified":"2023-05-13T07:29:45+00:00","description":"Haben Sie die Gewinnzahlen f\u00fcr das deutsche Lotto? Pr\u00fcfen Sie die Ziehungsergebnisse auf unserer Website","breadcrumb":{"@id":"https:\/\/redfoxlotto.com\/de\/ergebnisse\/lotto-6aus49\/#breadcrumb"},"inLanguage":"de","potentialAction":[{"@type":"ReadAction","target":["https:\/\/redfoxlotto.com\/de\/ergebnisse\/lotto-6aus49\/"]}]},{"@type":"ImageObject","inLanguage":"de","@id":"https:\/\/redfoxlotto.com\/de\/ergebnisse\/lotto-6aus49\/#primaryimage","url":"https:\/\/content.redfoxlotto.com\/uploads\/sites\/9\/1_draw_results_lotto2.jpg","contentUrl":"https:\/\/content.redfoxlotto.com\/uploads\/sites\/9\/1_draw_results_lotto2.jpg"},{"@type":"BreadcrumbList","@id":"https:\/\/redfoxlotto.com\/de\/ergebnisse\/lotto-6aus49\/#breadcrumb","itemListElement":[{"@type":"ListItem","position":1,"name":"Home","item":"https:\/\/redfoxlotto.com\/de\/"},{"@type":"ListItem","position":2,"name":"Gewinnzahlen und Ergebnisse weltweiter Lotterien","item":"https:\/\/redfoxlotto.com\/de\/ergebnisse\/"},{"@type":"ListItem","position":3,"name":"Ergebnisse des Deutschen Lotto"}]},{"@type":"WebSite","@id":"https:\/\/redfoxlotto.com\/de\/#website","url":"https:\/\/redfoxlotto.com\/de\/","name":"Get Tickets for the World\u2019s largest jackpots","description":"Participate in worldwide lottery jackpots from any country","publisher":{"@id":"https:\/\/redfoxlotto.com\/de\/#organization"},"potentialAction":[{"@type":"SearchAction","target":{"@type":"EntryPoint","urlTemplate":"https:\/\/redfoxlotto.com\/de\/?s={search_term_string}"},"query-input":{"@type":"PropertyValueSpecification","valueRequired":true,"valueName":"search_term_string"}}],"inLanguage":"de"},{"@type":"Organization","@id":"https:\/\/redfoxlotto.com\/de\/#organization","name":"Get Tickets for the World\u2019s largest jackpots","url":"https:\/\/redfoxlotto.com\/de\/","logo":{"@type":"ImageObject","inLanguage":"de","@id":"https:\/\/redfoxlotto.com\/de\/#\/schema\/logo\/image\/","url":"https:\/\/redfoxlotto.com\/wp-content\/uploads\/2023\/04\/logo.png","contentUrl":"https:\/\/redfoxlotto.com\/wp-content\/uploads\/2023\/04\/logo.png","width":269,"height":53,"caption":"Get Tickets for the World\u2019s largest jackpots"},"image":{"@id":"https:\/\/redfoxlotto.com\/de\/#\/schema\/logo\/image\/"}}]}},"_links":{"self":[{"href":"https:\/\/redfoxlotto.com\/de\/wp-json\/wp\/v2\/pages\/12920","targetHints":{"allow":["GET"]}}],"collection":[{"href":"https:\/\/redfoxlotto.com\/de\/wp-json\/wp\/v2\/pages"}],"about":[{"href":"https:\/\/redfoxlotto.com\/de\/wp-json\/wp\/v2\/types\/page"}],"author":[{"embeddable":true,"href":"https:\/\/redfoxlotto.com\/de\/wp-json\/wp\/v2\/users\/1"}],"replies":[{"embeddable":true,"href":"https:\/\/redfoxlotto.com\/de\/wp-json\/wp\/v2\/comments?post=12920"}],"version-history":[{"count":0,"href":"https:\/\/redfoxlotto.com\/de\/wp-json\/wp\/v2\/pages\/12920\/revisions"}],"up":[{"embeddable":true,"href":"https:\/\/redfoxlotto.com\/de\/wp-json\/wp\/v2\/pages\/128"}],"wp:attachment":[{"href":"https:\/\/redfoxlotto.com\/de\/wp-json\/wp\/v2\/media?parent=12920"}],"curies":[{"name":"wp","href":"https:\/\/api.w.org\/{rel}","templated":true}]}}