{"id":12914,"date":"2020-08-18T09:14:14","date_gmt":"2020-08-18T09:14:14","guid":{"rendered":"https:\/\/redfoxlotto.com\/?page_id=12914"},"modified":"2023-05-13T07:29:28","modified_gmt":"2023-05-13T07:29:28","slug":"lotto-at","status":"publish","type":"page","link":"https:\/\/redfoxlotto.com\/de\/ergebnisse\/lotto-at\/","title":{"rendered":"Lotto \u00d6sterreich Ergebnisse"},"content":{"rendered":"<h2 class=\"wp-block-heading\">Gewinnzahlen im \u00d6sterreichischen Lotto<\/h2><p>Wo finden Sie die Gewinnzahlen des \u00f6sterreichischen Lottos, wenn die Ziehung vorbei ist? Sie brauchen sich nur auf unserer Website, auf der Sie Ihre Spielscheine gekauft haben, einzuloggen, und schon sind die Zahlen f\u00fcr Sie da.<\/p><h2 class=\"wp-block-heading\">Nachpr\u00fcfen der letzten Ergebnisse<\/h2><p>Mit RedFoxLotto.com k\u00f6nnen Sie die neuesten Ergebnisse f\u00fcr alle Ihre Lieblingsspiele direkt auf unserer Website finden. Sie m\u00fcssen sich um nichts Sorgen machen, denn es wird alles genau da sein. Aber wenn Sie Ihre eigenen Scheine gekauft haben, wird es sogar noch einfacher sein, die richtigen Ergebnisse zu finden.<\/p><h2 class=\"wp-block-heading\">Pr\u00fcfung Ihrer Ergebnisse<\/h2><p>Wenn Ihre Scheine die Gewinnzahlen des \u00d6sterreichischen Lotto haben, wissen Sie es sofort. Das liegt daran, dass Sie sich einfach in Ihr pers\u00f6nliches Konto einloggen, &#8222;Meine Spielscheine&#8220; \u00fcberpr\u00fcfen und sehen, welche Zahlen mit den Gewinnzahlen der letzten Ziehungen \u00fcbereinstimmen.<\/p><p>Alle Scheine, die Sie f\u00fcr ein beliebiges Spiel kaufen, sind hier erh\u00e4ltlich, und Sie k\u00f6nnen sehen, welche Zahlen Sie mit dem Gewinnschein gemeinsam haben und was Sie gewonnen haben. Wenn es sich um einen Betrag von bis zu \u20ac2500,00 handelt, wird dieser sogar sofort f\u00fcr Sie auf Ihr Konto eingezahlt.<\/p><h2 class=\"wp-block-heading\">\u00d6sterreichisches Lottoergebnis-Archiv<\/h2><p>Sobald Sie die aktuellen Gewinnzahlen des \u00f6sterreichischen Lottos kennen, m\u00f6chten Sie vielleicht auch einige der alten kennen. Alles, was Sie tun m\u00fcssen, ist, in das Ergebnisarchiv zu schauen und Sie k\u00f6nnen sehen, welche Zahlen in der Vergangenheit gewonnen haben und welche am h\u00e4ufigsten zu gewinnen neigen.<\/p>","protected":false},"excerpt":{"rendered":"<p>Gewinnzahlen im \u00d6sterreichischen Lotto Wo finden Sie die Gewinnzahlen des \u00f6sterreichischen Lottos, wenn die Ziehung vorbei ist? Sie brauchen sich nur auf unserer Website, auf der Sie Ihre Spielscheine gekauft haben, einzuloggen, und schon sind die Zahlen f\u00fcr Sie da. Nachpr\u00fcfen der letzten Ergebnisse Mit RedFoxLotto.com k\u00f6nnen Sie die neuesten Ergebnisse f\u00fcr alle Ihre Lieblingsspiele [&hellip;]<\/p>\n","protected":false},"author":1,"featured_media":0,"parent":128,"menu_order":16,"comment_status":"closed","ping_status":"closed","template":"","meta":{"_et_pb_use_builder":"","_et_pb_old_content":"","_et_gb_content_width":"","exclude_from_search":false,"footnotes":""},"class_list":["post-12914","page","type-page","status-publish","hentry"],"yoast_head":"<!-- This site is optimized with the Yoast SEO plugin v23.8 - https:\/\/yoast.com\/wordpress\/plugins\/seo\/ -->\n<title>Gewinnzahlen und Ergebnisse f\u00fcr die \u00f6sterreichische Lotterie<\/title>\n<meta name=\"description\" content=\"Auch Sie k\u00f6nnen mit eineW\u00f6chentliche neue und vergangene Ziehungsergebnisse f\u00fcr die \u00f6sterreichische Lotteriem Online-Los am Lotto \u00d6sterreich teilnehmen\" \/>\n<meta name=\"robots\" content=\"index, follow, max-snippet:-1, max-image-preview:large, max-video-preview:-1\" \/>\n<link rel=\"canonical\" href=\"https:\/\/redfoxlotto.com\/de\/ergebnisse\/lotto-at\/\" \/>\n<meta property=\"og:locale\" content=\"de_DE\" \/>\n<meta property=\"og:type\" content=\"article\" \/>\n<meta property=\"og:title\" content=\"Gewinnzahlen und Ergebnisse f\u00fcr die \u00f6sterreichische Lotterie\" \/>\n<meta property=\"og:description\" content=\"Auch Sie k\u00f6nnen mit eineW\u00f6chentliche neue und vergangene Ziehungsergebnisse f\u00fcr die \u00f6sterreichische Lotteriem Online-Los am Lotto \u00d6sterreich teilnehmen\" \/>\n<meta property=\"og:url\" content=\"https:\/\/redfoxlotto.com\/de\/ergebnisse\/lotto-at\/\" \/>\n<meta property=\"og:site_name\" content=\"Get Tickets for the World\u2019s largest jackpots\" \/>\n<meta property=\"article:modified_time\" content=\"2023-05-13T07:29:28+00:00\" \/>\n<meta name=\"twitter:card\" content=\"summary_large_image\" \/>\n<meta name=\"twitter:label1\" content=\"Gesch\u00e4tzte Lesezeit\" \/>\n\t<meta name=\"twitter:data1\" content=\"1\u00a0Minute\" \/>\n<script type=\"application\/ld+json\" class=\"yoast-schema-graph\">{\"@context\":\"https:\/\/schema.org\",\"@graph\":[{\"@type\":\"WebPage\",\"@id\":\"https:\/\/redfoxlotto.com\/de\/ergebnisse\/lotto-at\/\",\"url\":\"https:\/\/redfoxlotto.com\/de\/ergebnisse\/lotto-at\/\",\"name\":\"Gewinnzahlen und Ergebnisse f\u00fcr die \u00f6sterreichische Lotterie\",\"isPartOf\":{\"@id\":\"https:\/\/redfoxlotto.com\/de\/#website\"},\"datePublished\":\"2020-08-18T09:14:14+00:00\",\"dateModified\":\"2023-05-13T07:29:28+00:00\",\"description\":\"Auch Sie k\u00f6nnen mit eineW\u00f6chentliche neue und vergangene Ziehungsergebnisse f\u00fcr die \u00f6sterreichische Lotteriem Online-Los am Lotto \u00d6sterreich teilnehmen\",\"breadcrumb\":{\"@id\":\"https:\/\/redfoxlotto.com\/de\/ergebnisse\/lotto-at\/#breadcrumb\"},\"inLanguage\":\"de\",\"potentialAction\":[{\"@type\":\"ReadAction\",\"target\":[\"https:\/\/redfoxlotto.com\/de\/ergebnisse\/lotto-at\/\"]}]},{\"@type\":\"BreadcrumbList\",\"@id\":\"https:\/\/redfoxlotto.com\/de\/ergebnisse\/lotto-at\/#breadcrumb\",\"itemListElement\":[{\"@type\":\"ListItem\",\"position\":1,\"name\":\"Home\",\"item\":\"https:\/\/redfoxlotto.com\/de\/\"},{\"@type\":\"ListItem\",\"position\":2,\"name\":\"Gewinnzahlen und Ergebnisse weltweiter Lotterien\",\"item\":\"https:\/\/redfoxlotto.com\/de\/ergebnisse\/\"},{\"@type\":\"ListItem\",\"position\":3,\"name\":\"Lotto \u00d6sterreich Ergebnisse\"}]},{\"@type\":\"WebSite\",\"@id\":\"https:\/\/redfoxlotto.com\/de\/#website\",\"url\":\"https:\/\/redfoxlotto.com\/de\/\",\"name\":\"Get Tickets for the World\u2019s largest jackpots\",\"description\":\"Participate in worldwide lottery jackpots from any country\",\"publisher\":{\"@id\":\"https:\/\/redfoxlotto.com\/de\/#organization\"},\"potentialAction\":[{\"@type\":\"SearchAction\",\"target\":{\"@type\":\"EntryPoint\",\"urlTemplate\":\"https:\/\/redfoxlotto.com\/de\/?s={search_term_string}\"},\"query-input\":{\"@type\":\"PropertyValueSpecification\",\"valueRequired\":true,\"valueName\":\"search_term_string\"}}],\"inLanguage\":\"de\"},{\"@type\":\"Organization\",\"@id\":\"https:\/\/redfoxlotto.com\/de\/#organization\",\"name\":\"Get Tickets for the World\u2019s largest jackpots\",\"url\":\"https:\/\/redfoxlotto.com\/de\/\",\"logo\":{\"@type\":\"ImageObject\",\"inLanguage\":\"de\",\"@id\":\"https:\/\/redfoxlotto.com\/de\/#\/schema\/logo\/image\/\",\"url\":\"https:\/\/redfoxlotto.com\/wp-content\/uploads\/2023\/04\/logo.png\",\"contentUrl\":\"https:\/\/redfoxlotto.com\/wp-content\/uploads\/2023\/04\/logo.png\",\"width\":269,\"height\":53,\"caption\":\"Get Tickets for the World\u2019s largest jackpots\"},\"image\":{\"@id\":\"https:\/\/redfoxlotto.com\/de\/#\/schema\/logo\/image\/\"}}]}<\/script>\n<!-- \/ Yoast SEO plugin. -->","yoast_head_json":{"title":"Gewinnzahlen und Ergebnisse f\u00fcr die \u00f6sterreichische Lotterie","description":"Auch Sie k\u00f6nnen mit eineW\u00f6chentliche neue und vergangene Ziehungsergebnisse f\u00fcr die \u00f6sterreichische Lotteriem Online-Los am Lotto \u00d6sterreich teilnehmen","robots":{"index":"index","follow":"follow","max-snippet":"max-snippet:-1","max-image-preview":"max-image-preview:large","max-video-preview":"max-video-preview:-1"},"canonical":"https:\/\/redfoxlotto.com\/de\/ergebnisse\/lotto-at\/","og_locale":"de_DE","og_type":"article","og_title":"Gewinnzahlen und Ergebnisse f\u00fcr die \u00f6sterreichische Lotterie","og_description":"Auch Sie k\u00f6nnen mit eineW\u00f6chentliche neue und vergangene Ziehungsergebnisse f\u00fcr die \u00f6sterreichische Lotteriem Online-Los am Lotto \u00d6sterreich teilnehmen","og_url":"https:\/\/redfoxlotto.com\/de\/ergebnisse\/lotto-at\/","og_site_name":"Get Tickets for the World\u2019s largest jackpots","article_modified_time":"2023-05-13T07:29:28+00:00","twitter_card":"summary_large_image","twitter_misc":{"Gesch\u00e4tzte Lesezeit":"1\u00a0Minute"},"schema":{"@context":"https:\/\/schema.org","@graph":[{"@type":"WebPage","@id":"https:\/\/redfoxlotto.com\/de\/ergebnisse\/lotto-at\/","url":"https:\/\/redfoxlotto.com\/de\/ergebnisse\/lotto-at\/","name":"Gewinnzahlen und Ergebnisse f\u00fcr die \u00f6sterreichische Lotterie","isPartOf":{"@id":"https:\/\/redfoxlotto.com\/de\/#website"},"datePublished":"2020-08-18T09:14:14+00:00","dateModified":"2023-05-13T07:29:28+00:00","description":"Auch Sie k\u00f6nnen mit eineW\u00f6chentliche neue und vergangene Ziehungsergebnisse f\u00fcr die \u00f6sterreichische Lotteriem Online-Los am Lotto \u00d6sterreich teilnehmen","breadcrumb":{"@id":"https:\/\/redfoxlotto.com\/de\/ergebnisse\/lotto-at\/#breadcrumb"},"inLanguage":"de","potentialAction":[{"@type":"ReadAction","target":["https:\/\/redfoxlotto.com\/de\/ergebnisse\/lotto-at\/"]}]},{"@type":"BreadcrumbList","@id":"https:\/\/redfoxlotto.com\/de\/ergebnisse\/lotto-at\/#breadcrumb","itemListElement":[{"@type":"ListItem","position":1,"name":"Home","item":"https:\/\/redfoxlotto.com\/de\/"},{"@type":"ListItem","position":2,"name":"Gewinnzahlen und Ergebnisse weltweiter Lotterien","item":"https:\/\/redfoxlotto.com\/de\/ergebnisse\/"},{"@type":"ListItem","position":3,"name":"Lotto \u00d6sterreich Ergebnisse"}]},{"@type":"WebSite","@id":"https:\/\/redfoxlotto.com\/de\/#website","url":"https:\/\/redfoxlotto.com\/de\/","name":"Get Tickets for the World\u2019s largest jackpots","description":"Participate in worldwide lottery jackpots from any country","publisher":{"@id":"https:\/\/redfoxlotto.com\/de\/#organization"},"potentialAction":[{"@type":"SearchAction","target":{"@type":"EntryPoint","urlTemplate":"https:\/\/redfoxlotto.com\/de\/?s={search_term_string}"},"query-input":{"@type":"PropertyValueSpecification","valueRequired":true,"valueName":"search_term_string"}}],"inLanguage":"de"},{"@type":"Organization","@id":"https:\/\/redfoxlotto.com\/de\/#organization","name":"Get Tickets for the World\u2019s largest jackpots","url":"https:\/\/redfoxlotto.com\/de\/","logo":{"@type":"ImageObject","inLanguage":"de","@id":"https:\/\/redfoxlotto.com\/de\/#\/schema\/logo\/image\/","url":"https:\/\/redfoxlotto.com\/wp-content\/uploads\/2023\/04\/logo.png","contentUrl":"https:\/\/redfoxlotto.com\/wp-content\/uploads\/2023\/04\/logo.png","width":269,"height":53,"caption":"Get Tickets for the World\u2019s largest jackpots"},"image":{"@id":"https:\/\/redfoxlotto.com\/de\/#\/schema\/logo\/image\/"}}]}},"_links":{"self":[{"href":"https:\/\/redfoxlotto.com\/de\/wp-json\/wp\/v2\/pages\/12914","targetHints":{"allow":["GET"]}}],"collection":[{"href":"https:\/\/redfoxlotto.com\/de\/wp-json\/wp\/v2\/pages"}],"about":[{"href":"https:\/\/redfoxlotto.com\/de\/wp-json\/wp\/v2\/types\/page"}],"author":[{"embeddable":true,"href":"https:\/\/redfoxlotto.com\/de\/wp-json\/wp\/v2\/users\/1"}],"replies":[{"embeddable":true,"href":"https:\/\/redfoxlotto.com\/de\/wp-json\/wp\/v2\/comments?post=12914"}],"version-history":[{"count":0,"href":"https:\/\/redfoxlotto.com\/de\/wp-json\/wp\/v2\/pages\/12914\/revisions"}],"up":[{"embeddable":true,"href":"https:\/\/redfoxlotto.com\/de\/wp-json\/wp\/v2\/pages\/128"}],"wp:attachment":[{"href":"https:\/\/redfoxlotto.com\/de\/wp-json\/wp\/v2\/media?parent=12914"}],"curies":[{"name":"wp","href":"https:\/\/api.w.org\/{rel}","templated":true}]}}