{"id":12913,"date":"2020-08-18T09:13:31","date_gmt":"2020-08-18T09:13:31","guid":{"rendered":"https:\/\/redfoxlotto.com\/?page_id=12913"},"modified":"2023-05-10T18:06:15","modified_gmt":"2023-05-10T18:06:15","slug":"lotto-at","status":"publish","type":"page","link":"https:\/\/redfoxlotto.com\/de\/lotterie\/lotto-at\/","title":{"rendered":"\u00dcber das \u00f6sterreichische Lotto"},"content":{"rendered":"<h2 class=\"wp-block-heading\">Lottoscheine f\u00fcr das \u00d6sterreichische Lotto online kaufen<\/h2><p><img loading=\"lazy\" decoding=\"async\" class=\" wp-image alignright\" src=\"https:\/\/content.redfoxlotto.com\/uploads\/sites\/9\/1_buy_lotto_to_win.jpg\" alt=\"lotto austria tickets online\" width=\"227\" height=\"144\" \/><\/p><p>Wenn es an der Zeit ist, Spielscheine f\u00fcr das \u00f6sterreichische Lotto online zu kaufen, m\u00fcssen Sie wissen, wie man es richtig macht? Aber zuerst wollen Sie wissen, warum Sie sich die M\u00fche machen. Das ist eigentlich eine einfache Frage, die man beantworten kann, denn dieses Spiel macht auf jeden Fall Spa\u00df.<\/p><!--more--><p>Sie k\u00f6nnen 6 Zahlen ausw\u00e4hlen, die Sie \u00fcbereinstimmen m\u00fcssen, um den Jackpot zu gewinnen. Aber Sie k\u00f6nnen etwas gewinnen, wenn Sie mindestens 2 Zahlen in der Ziehung \u00fcbereinstimmen. Wenn noch mehr Zahlen \u00fcbereinstimmen, erhalten Sie einen noch h\u00f6heren Preis, wobei bei den h\u00f6chsten \u00dcbereinstimmungen bessere Preise zur Verf\u00fcgung stehen.<\/p><h2 class=\"wp-block-heading\">Wie kaufe ich Spielscheine f\u00fcr \u00d6sterreichisches Lotto online<\/h2><p>Wenn Sie bereit sind, Ihre Tickets zu kaufen, m\u00fcssen Sie als erstes eine Website finden, auf der sie angeboten werden. Zum Gl\u00fcck f\u00fcr Sie ist RedFoxLotto.com der beste Ort, um Ihre Scheine zu kaufen, und wird es Ihnen leicht machen, sich schnell das Gew\u00fcnschte auszusuchen.<\/p><p>Sie k\u00f6nnen Ihre Zahlen ausw\u00e4hlen, oder Sie k\u00f6nnen sich einen einfachen Schein aussuchen, bei dem die Zahlen f\u00fcr Sie ausgew\u00e4hlt werden. Dann nehmen Sie die Zahlung mit Ihrer bevorzugten Zahlungsmethode vor. Es wird ein Kinderspiel sein, die Zahlung zu t\u00e4tigen und Ihre Bestellung zu best\u00e4tigen. Dann warten Sie einfach auf die Gewinnzahlen.<\/p><h2 class=\"wp-block-heading\">Was sind die Gewinnzahlen<\/h2><p>Sobald Sie die Spielscheine f\u00fcr das \u00d6sterreichische Lotto online gekauft haben und die Ziehung abgeschlossen ist, k\u00f6nnen Sie im Bereich Ihrer Spielscheine alle Zahlen, die Sie mit den Gewinnzahlen verglichen haben, sowie Ihre eventuellen Gewinne einsehen.<\/p>","protected":false},"excerpt":{"rendered":"<p>Lottoscheine f\u00fcr das \u00d6sterreichische Lotto online kaufen Wenn es an der Zeit ist, Spielscheine f\u00fcr das \u00f6sterreichische Lotto online zu kaufen, m\u00fcssen Sie wissen, wie man es richtig macht? Aber zuerst wollen Sie wissen, warum Sie sich die M\u00fche machen. Das ist eigentlich eine einfache Frage, die man beantworten kann, denn dieses Spiel macht auf [&hellip;]<\/p>\n","protected":false},"author":1,"featured_media":0,"parent":120,"menu_order":16,"comment_status":"closed","ping_status":"closed","template":"","meta":{"_et_pb_use_builder":"","_et_pb_old_content":"","_et_gb_content_width":"","exclude_from_search":false,"footnotes":""},"class_list":["post-12913","page","type-page","status-publish","hentry"],"yoast_head":"<!-- This site is optimized with the Yoast SEO plugin v27.4 - https:\/\/yoast.com\/product\/yoast-seo-wordpress\/ -->\n<title>Holen Sie sich Ihre Lose f\u00fcr das \u00d6sterreichische Lotto online<\/title>\n<meta name=\"description\" content=\"Schon mal von Lotto \u00d6sterreich geh\u00f6rt? Hier k\u00f6nnen Sie Spielscheine online erwerben!\" \/>\n<meta name=\"robots\" content=\"index, follow, max-snippet:-1, max-image-preview:large, max-video-preview:-1\" \/>\n<link rel=\"canonical\" href=\"https:\/\/redfoxlotto.com\/de\/lotterie\/lotto-at\/\" \/>\n<meta property=\"og:locale\" content=\"de_DE\" \/>\n<meta property=\"og:type\" content=\"article\" \/>\n<meta property=\"og:title\" content=\"Holen Sie sich Ihre Lose f\u00fcr das \u00d6sterreichische Lotto online\" \/>\n<meta property=\"og:description\" content=\"Schon mal von Lotto \u00d6sterreich geh\u00f6rt? Hier k\u00f6nnen Sie Spielscheine online erwerben!\" \/>\n<meta property=\"og:url\" content=\"https:\/\/redfoxlotto.com\/de\/lotterie\/lotto-at\/\" \/>\n<meta property=\"og:site_name\" content=\"Get Tickets for the World\u2019s largest jackpots\" \/>\n<meta property=\"article:modified_time\" content=\"2023-05-10T18:06:15+00:00\" \/>\n<meta property=\"og:image\" content=\"https:\/\/content.redfoxlotto.com\/uploads\/sites\/9\/1_buy_lotto_to_win.jpg\" \/>\n<meta name=\"twitter:card\" content=\"summary_large_image\" \/>\n<meta name=\"twitter:label1\" content=\"Gesch\u00e4tzte Lesezeit\" \/>\n\t<meta name=\"twitter:data1\" content=\"1\u00a0Minute\" \/>\n<script type=\"application\/ld+json\" class=\"yoast-schema-graph\">{\"@context\":\"https:\\\/\\\/schema.org\",\"@graph\":[{\"@type\":\"WebPage\",\"@id\":\"https:\\\/\\\/redfoxlotto.com\\\/de\\\/lotterie\\\/lotto-at\\\/\",\"url\":\"https:\\\/\\\/redfoxlotto.com\\\/de\\\/lotterie\\\/lotto-at\\\/\",\"name\":\"Holen Sie sich Ihre Lose f\u00fcr das \u00d6sterreichische Lotto online\",\"isPartOf\":{\"@id\":\"https:\\\/\\\/redfoxlotto.com\\\/de\\\/#website\"},\"primaryImageOfPage\":{\"@id\":\"https:\\\/\\\/redfoxlotto.com\\\/de\\\/lotterie\\\/lotto-at\\\/#primaryimage\"},\"image\":{\"@id\":\"https:\\\/\\\/redfoxlotto.com\\\/de\\\/lotterie\\\/lotto-at\\\/#primaryimage\"},\"thumbnailUrl\":\"https:\\\/\\\/content.redfoxlotto.com\\\/uploads\\\/sites\\\/9\\\/1_buy_lotto_to_win.jpg\",\"datePublished\":\"2020-08-18T09:13:31+00:00\",\"dateModified\":\"2023-05-10T18:06:15+00:00\",\"description\":\"Schon mal von Lotto \u00d6sterreich geh\u00f6rt? Hier k\u00f6nnen Sie Spielscheine online erwerben!\",\"breadcrumb\":{\"@id\":\"https:\\\/\\\/redfoxlotto.com\\\/de\\\/lotterie\\\/lotto-at\\\/#breadcrumb\"},\"inLanguage\":\"de\",\"potentialAction\":[{\"@type\":\"ReadAction\",\"target\":[\"https:\\\/\\\/redfoxlotto.com\\\/de\\\/lotterie\\\/lotto-at\\\/\"]}]},{\"@type\":\"ImageObject\",\"inLanguage\":\"de\",\"@id\":\"https:\\\/\\\/redfoxlotto.com\\\/de\\\/lotterie\\\/lotto-at\\\/#primaryimage\",\"url\":\"https:\\\/\\\/content.redfoxlotto.com\\\/uploads\\\/sites\\\/9\\\/1_buy_lotto_to_win.jpg\",\"contentUrl\":\"https:\\\/\\\/content.redfoxlotto.com\\\/uploads\\\/sites\\\/9\\\/1_buy_lotto_to_win.jpg\"},{\"@type\":\"BreadcrumbList\",\"@id\":\"https:\\\/\\\/redfoxlotto.com\\\/de\\\/lotterie\\\/lotto-at\\\/#breadcrumb\",\"itemListElement\":[{\"@type\":\"ListItem\",\"position\":1,\"name\":\"Home\",\"item\":\"https:\\\/\\\/redfoxlotto.com\\\/de\\\/\"},{\"@type\":\"ListItem\",\"position\":2,\"name\":\"Der Ablauf beim Online-Lottospiel\",\"item\":\"https:\\\/\\\/redfoxlotto.com\\\/de\\\/lotterie\\\/\"},{\"@type\":\"ListItem\",\"position\":3,\"name\":\"\u00dcber das \u00f6sterreichische Lotto\"}]},{\"@type\":\"WebSite\",\"@id\":\"https:\\\/\\\/redfoxlotto.com\\\/de\\\/#website\",\"url\":\"https:\\\/\\\/redfoxlotto.com\\\/de\\\/\",\"name\":\"Get Tickets for the World\u2019s largest jackpots\",\"description\":\"Participate in worldwide lottery jackpots from any country\",\"publisher\":{\"@id\":\"https:\\\/\\\/redfoxlotto.com\\\/de\\\/#organization\"},\"potentialAction\":[{\"@type\":\"SearchAction\",\"target\":{\"@type\":\"EntryPoint\",\"urlTemplate\":\"https:\\\/\\\/redfoxlotto.com\\\/de\\\/?s={search_term_string}\"},\"query-input\":{\"@type\":\"PropertyValueSpecification\",\"valueRequired\":true,\"valueName\":\"search_term_string\"}}],\"inLanguage\":\"de\"},{\"@type\":\"Organization\",\"@id\":\"https:\\\/\\\/redfoxlotto.com\\\/de\\\/#organization\",\"name\":\"Get Tickets for the World\u2019s largest jackpots\",\"url\":\"https:\\\/\\\/redfoxlotto.com\\\/de\\\/\",\"logo\":{\"@type\":\"ImageObject\",\"inLanguage\":\"de\",\"@id\":\"https:\\\/\\\/redfoxlotto.com\\\/de\\\/#\\\/schema\\\/logo\\\/image\\\/\",\"url\":\"https:\\\/\\\/redfoxlotto.com\\\/wp-content\\\/uploads\\\/2023\\\/04\\\/logo.png\",\"contentUrl\":\"https:\\\/\\\/redfoxlotto.com\\\/wp-content\\\/uploads\\\/2023\\\/04\\\/logo.png\",\"width\":269,\"height\":53,\"caption\":\"Get Tickets for the World\u2019s largest jackpots\"},\"image\":{\"@id\":\"https:\\\/\\\/redfoxlotto.com\\\/de\\\/#\\\/schema\\\/logo\\\/image\\\/\"}}]}<\/script>\n<!-- \/ Yoast SEO plugin. -->","yoast_head_json":{"title":"Holen Sie sich Ihre Lose f\u00fcr das \u00d6sterreichische Lotto online","description":"Schon mal von Lotto \u00d6sterreich geh\u00f6rt? Hier k\u00f6nnen Sie Spielscheine online erwerben!","robots":{"index":"index","follow":"follow","max-snippet":"max-snippet:-1","max-image-preview":"max-image-preview:large","max-video-preview":"max-video-preview:-1"},"canonical":"https:\/\/redfoxlotto.com\/de\/lotterie\/lotto-at\/","og_locale":"de_DE","og_type":"article","og_title":"Holen Sie sich Ihre Lose f\u00fcr das \u00d6sterreichische Lotto online","og_description":"Schon mal von Lotto \u00d6sterreich geh\u00f6rt? Hier k\u00f6nnen Sie Spielscheine online erwerben!","og_url":"https:\/\/redfoxlotto.com\/de\/lotterie\/lotto-at\/","og_site_name":"Get Tickets for the World\u2019s largest jackpots","article_modified_time":"2023-05-10T18:06:15+00:00","og_image":[{"url":"https:\/\/content.redfoxlotto.com\/uploads\/sites\/9\/1_buy_lotto_to_win.jpg","type":"","width":"","height":""}],"twitter_card":"summary_large_image","twitter_misc":{"Gesch\u00e4tzte Lesezeit":"1\u00a0Minute"},"schema":{"@context":"https:\/\/schema.org","@graph":[{"@type":"WebPage","@id":"https:\/\/redfoxlotto.com\/de\/lotterie\/lotto-at\/","url":"https:\/\/redfoxlotto.com\/de\/lotterie\/lotto-at\/","name":"Holen Sie sich Ihre Lose f\u00fcr das \u00d6sterreichische Lotto online","isPartOf":{"@id":"https:\/\/redfoxlotto.com\/de\/#website"},"primaryImageOfPage":{"@id":"https:\/\/redfoxlotto.com\/de\/lotterie\/lotto-at\/#primaryimage"},"image":{"@id":"https:\/\/redfoxlotto.com\/de\/lotterie\/lotto-at\/#primaryimage"},"thumbnailUrl":"https:\/\/content.redfoxlotto.com\/uploads\/sites\/9\/1_buy_lotto_to_win.jpg","datePublished":"2020-08-18T09:13:31+00:00","dateModified":"2023-05-10T18:06:15+00:00","description":"Schon mal von Lotto \u00d6sterreich geh\u00f6rt? Hier k\u00f6nnen Sie Spielscheine online erwerben!","breadcrumb":{"@id":"https:\/\/redfoxlotto.com\/de\/lotterie\/lotto-at\/#breadcrumb"},"inLanguage":"de","potentialAction":[{"@type":"ReadAction","target":["https:\/\/redfoxlotto.com\/de\/lotterie\/lotto-at\/"]}]},{"@type":"ImageObject","inLanguage":"de","@id":"https:\/\/redfoxlotto.com\/de\/lotterie\/lotto-at\/#primaryimage","url":"https:\/\/content.redfoxlotto.com\/uploads\/sites\/9\/1_buy_lotto_to_win.jpg","contentUrl":"https:\/\/content.redfoxlotto.com\/uploads\/sites\/9\/1_buy_lotto_to_win.jpg"},{"@type":"BreadcrumbList","@id":"https:\/\/redfoxlotto.com\/de\/lotterie\/lotto-at\/#breadcrumb","itemListElement":[{"@type":"ListItem","position":1,"name":"Home","item":"https:\/\/redfoxlotto.com\/de\/"},{"@type":"ListItem","position":2,"name":"Der Ablauf beim Online-Lottospiel","item":"https:\/\/redfoxlotto.com\/de\/lotterie\/"},{"@type":"ListItem","position":3,"name":"\u00dcber das \u00f6sterreichische Lotto"}]},{"@type":"WebSite","@id":"https:\/\/redfoxlotto.com\/de\/#website","url":"https:\/\/redfoxlotto.com\/de\/","name":"Get Tickets for the World\u2019s largest jackpots","description":"Participate in worldwide lottery jackpots from any country","publisher":{"@id":"https:\/\/redfoxlotto.com\/de\/#organization"},"potentialAction":[{"@type":"SearchAction","target":{"@type":"EntryPoint","urlTemplate":"https:\/\/redfoxlotto.com\/de\/?s={search_term_string}"},"query-input":{"@type":"PropertyValueSpecification","valueRequired":true,"valueName":"search_term_string"}}],"inLanguage":"de"},{"@type":"Organization","@id":"https:\/\/redfoxlotto.com\/de\/#organization","name":"Get Tickets for the World\u2019s largest jackpots","url":"https:\/\/redfoxlotto.com\/de\/","logo":{"@type":"ImageObject","inLanguage":"de","@id":"https:\/\/redfoxlotto.com\/de\/#\/schema\/logo\/image\/","url":"https:\/\/redfoxlotto.com\/wp-content\/uploads\/2023\/04\/logo.png","contentUrl":"https:\/\/redfoxlotto.com\/wp-content\/uploads\/2023\/04\/logo.png","width":269,"height":53,"caption":"Get Tickets for the World\u2019s largest jackpots"},"image":{"@id":"https:\/\/redfoxlotto.com\/de\/#\/schema\/logo\/image\/"}}]}},"_links":{"self":[{"href":"https:\/\/redfoxlotto.com\/de\/wp-json\/wp\/v2\/pages\/12913","targetHints":{"allow":["GET"]}}],"collection":[{"href":"https:\/\/redfoxlotto.com\/de\/wp-json\/wp\/v2\/pages"}],"about":[{"href":"https:\/\/redfoxlotto.com\/de\/wp-json\/wp\/v2\/types\/page"}],"author":[{"embeddable":true,"href":"https:\/\/redfoxlotto.com\/de\/wp-json\/wp\/v2\/users\/1"}],"replies":[{"embeddable":true,"href":"https:\/\/redfoxlotto.com\/de\/wp-json\/wp\/v2\/comments?post=12913"}],"version-history":[{"count":0,"href":"https:\/\/redfoxlotto.com\/de\/wp-json\/wp\/v2\/pages\/12913\/revisions"}],"up":[{"embeddable":true,"href":"https:\/\/redfoxlotto.com\/de\/wp-json\/wp\/v2\/pages\/120"}],"wp:attachment":[{"href":"https:\/\/redfoxlotto.com\/de\/wp-json\/wp\/v2\/media?parent=12913"}],"curies":[{"name":"wp","href":"https:\/\/api.w.org\/{rel}","templated":true}]}}