{"id":12907,"date":"2020-08-18T09:10:34","date_gmt":"2020-08-18T09:10:34","guid":{"rendered":"https:\/\/redfoxlotto.com\/?page_id=12907"},"modified":"2023-05-13T07:29:18","modified_gmt":"2023-05-13T07:29:18","slug":"lotto-america","status":"publish","type":"page","link":"https:\/\/redfoxlotto.com\/de\/lotterie\/lotto-america\/","title":{"rendered":"\u00dcber Lotto America"},"content":{"rendered":"<p>Sind Sie ein Fan der Online-Lotterie? Wenn ja, dann kaufen Sie wahrscheinlich schon Lose f\u00fcr all Ihre Lieblingsspiele, aber kennen Sie auch all die verschiedenen Spiele, die es da drau\u00dfen gibt? Wissen Sie, wie viele verschiedene Spiele Sie spielen k\u00f6nnten? Nun, das sollten Sie auf jeden Fall wissen. Und Sie sollten vor allem \u00fcber Lotto Amerika Bescheid wissen. Dort werden Sie einige gro\u00dfartige Preise erhalten und auch Spa\u00df daran haben.<\/p><p><img loading=\"lazy\" decoding=\"async\" class=\" wp-image alignright\" src=\"https:\/\/content.redfoxlotto.com\/uploads\/sites\/9\/1_ticket_online_buying.jpg\" alt=\"\u03b5\u03b9\u03c3\u03b9\u03c4\u03ae\u03c1\u03b9\u03bf lotto america online\" width=\"257\" height=\"173\" \/><\/p><!--more--><h2 class=\"wp-block-heading\">Lotto Amerika spielen<\/h2><p>Wenn Sie bereit sind, Lotto Amerika zu spielen, brauchen Sie sich nur RedFoxLotto anzusehen, denn das Spiel ist dort zusammen mit vielen anderen Online-Spielen erh\u00e4ltlich. Sie k\u00f6nnen verschiedene Lotteriespiele aus der ganzen Welt spielen. Und da kommt der Spa\u00df erst richtig ins Spiel. Aber wenn Sie an Lotto Amerika interessiert sind, m\u00fcssen Sie wissen, wie man spielt.<\/p><p>Gl\u00fccklicherweise ist es einfach, dieses Spiel zu spielen. Sie brauchen nur sechs Zahlen auszusuchen, von denen Sie glauben, dass sie auf der Zeichnung auftauchen werden. F\u00fcnf davon sind wei\u00dfe Kugeln f\u00fcr die Standardnummern. Eine davon ist eine rote Kugel f\u00fcr die Bonuszahl. Wenn Sie mit allen Zahlen \u00fcbereinstimmen, erhalten Sie den Jackpot. Wenn Sie mit niedrigeren Zahlen \u00fcbereinstimmen, gewinnen Sie trotzdem einen Preis!<\/p><h2 class=\"wp-block-heading\">Hatten Sie im Lotto Amerika gewonnen?<\/h2><p>Aber wenn Sie Ihre Zahlen ausgesucht und Ihr Los gekauft haben, wie werden Sie dann wissen, ob Sie tats\u00e4chlich gewonnen haben? Das ist ganz einfach. Alles, was Sie tun m\u00fcssen, ist RedFoxLotto auszuprobieren. Wenn Sie kein Los gekauft haben, k\u00f6nnen Sie immer noch die Gewinnzahlen aller letzten Spiele sehen, was bedeutet, dass Sie herausfinden k\u00f6nnen, wo die Gewinnchancen f\u00fcr Sie am besten sind. Wenn Sie gespielt haben, k\u00f6nnen Sie sich direkt in Ihr Konto einloggen, um die Gewinnzahlen und den Vergleich Ihrer Scheine zu sehen. Sie k\u00f6nnen alle \u00fcbereinstimmenden Zahlen sehen, die Sie haben, damit Sie sehen k\u00f6nnen, auf welche Gewinne Sie Anspruch haben. Nicht, dass Sie sich dar\u00fcber Sorgen machen m\u00fcssten, denn RedFoxLotto \u00fcbernimmt auch diesen Teil f\u00fcr Sie.<\/p><p><img loading=\"lazy\" decoding=\"async\" class=\" wp-image alignright\" src=\"https:\/\/content.redfoxlotto.com\/uploads\/sites\/9\/1_usa_lottery_win.jpg\" alt=\"lotto america\" width=\"247\" height=\"163\" \/><\/p><h2 class=\"wp-block-heading\">Lottoamerika-Gewinn<\/h2><p>Wenn Sie Lotto Amerika oder ein anderes Online-Lotteriespiel gewinnen, ist das f\u00fcr Sie erledigt. Kleine Preise werden sofort ausgezahlt, sobald die Ergebnisse eintreffen und die Lose \u00fcbereinstimmen. Sie m\u00fcssen nichts tun, um diese Preise einzufordern. Und sie werden direkt Ihrem Konto gutgeschrieben, so dass Sie das Geld abheben oder ein neues Los kaufen k\u00f6nnen. Wenn Sie gr\u00f6\u00dfere Preise gewinnen, gibt es Anforderungen durch das Lotteriespiel, das Sie spielen. Wenn das der Fall ist, wird alles f\u00fcr Sie so weit wie m\u00f6glich vereinfacht, um sicherzustellen, dass Sie Ihre Gewinne mit weniger Aufwand erhalten k\u00f6nnen. Auf diese Weise k\u00f6nnen Sie sofort wieder spielen oder mit Ihrem Geld tun, was immer Sie wollen.<\/p><p>F\u00fcr Jackpot-Gewinne m\u00fcssen Sie Papiere ausf\u00fcllen oder eine Form der Verifizierung einsenden. Wenn das der Fall ist, macht RedFoxLotto es Ihnen so einfach wie m\u00f6glich, zu wissen, was Sie tun m\u00fcssen und wie Sie es tun m\u00fcssen. Und das funktioniert bei jedem beliebigen Lotteriespiel, das Sie von Lotto Amerika f\u00fcr eines der anderen auf der Website verf\u00fcgbaren Spiele gewinnen k\u00f6nnten.<\/p><h2 class=\"wp-block-heading\">Wieder spielen<\/h2><p>Sobald Sie bereit sind, k\u00f6nnen Sie Ihre Gewinne mitnehmen (oder mehr Geld einzahlen) und beginnen, Tickets f\u00fcr die n\u00e4chste Runde der Spiele zu kaufen, die Sie spielen m\u00f6chten. Vielleicht sind Sie sogar \u00fcberrascht, wie viele verschiedene Spiele es gibt und wie viel Sie potenziell gewinnen k\u00f6nnen. Aber Sie werden nicht \u00fcberrascht sein, wie viel Spa\u00df es f\u00fcr Sie ist, all diese verschiedenen Spiele f\u00fcr sich selbst zu spielen. Alles, was Sie tun m\u00fcssen, ist zu entscheiden, wo Sie anfangen wollen und welches Spiel Sie zuerst spielen wollen.<\/p>","protected":false},"excerpt":{"rendered":"<p>Sind Sie ein Fan der Online-Lotterie? Wenn ja, dann kaufen Sie wahrscheinlich schon Lose f\u00fcr all Ihre Lieblingsspiele, aber kennen Sie auch all die verschiedenen Spiele, die es da drau\u00dfen gibt? Wissen Sie, wie viele verschiedene Spiele Sie spielen k\u00f6nnten? Nun, das sollten Sie auf jeden Fall wissen. Und Sie sollten vor allem \u00fcber Lotto [&hellip;]<\/p>\n","protected":false},"author":1,"featured_media":0,"parent":120,"menu_order":12,"comment_status":"closed","ping_status":"closed","template":"lotto-america-info.php","meta":{"_et_pb_use_builder":"","_et_pb_old_content":"","_et_gb_content_width":"","exclude_from_search":false,"footnotes":""},"class_list":["post-12907","page","type-page","status-publish","hentry"],"yoast_head":"<!-- This site is optimized with the Yoast SEO plugin v23.8 - https:\/\/yoast.com\/wordpress\/plugins\/seo\/ -->\n<title>Lose f\u00fcr Lotto America online kaufen<\/title>\n<meta name=\"description\" content=\"Wenn Sie bei Lotto America gewinnen m\u00f6chten, kaufen Sie Ihre Lose jetzt online!\" \/>\n<meta name=\"robots\" content=\"index, follow, max-snippet:-1, max-image-preview:large, max-video-preview:-1\" \/>\n<link rel=\"canonical\" href=\"https:\/\/redfoxlotto.com\/de\/lotterie\/lotto-america\/\" \/>\n<meta property=\"og:locale\" content=\"de_DE\" \/>\n<meta property=\"og:type\" content=\"article\" \/>\n<meta property=\"og:title\" content=\"Lose f\u00fcr Lotto America online kaufen\" \/>\n<meta property=\"og:description\" content=\"Wenn Sie bei Lotto America gewinnen m\u00f6chten, kaufen Sie Ihre Lose jetzt online!\" \/>\n<meta property=\"og:url\" content=\"https:\/\/redfoxlotto.com\/de\/lotterie\/lotto-america\/\" \/>\n<meta property=\"og:site_name\" content=\"Get Tickets for the World\u2019s largest jackpots\" \/>\n<meta property=\"article:modified_time\" content=\"2023-05-13T07:29:18+00:00\" \/>\n<meta property=\"og:image\" content=\"https:\/\/content.redfoxlotto.com\/uploads\/sites\/9\/1_ticket_online_buying.jpg\" \/>\n<meta name=\"twitter:card\" content=\"summary_large_image\" \/>\n<meta name=\"twitter:label1\" content=\"Gesch\u00e4tzte Lesezeit\" \/>\n\t<meta name=\"twitter:data1\" content=\"3\u00a0Minuten\" \/>\n<script type=\"application\/ld+json\" class=\"yoast-schema-graph\">{\"@context\":\"https:\/\/schema.org\",\"@graph\":[{\"@type\":\"WebPage\",\"@id\":\"https:\/\/redfoxlotto.com\/de\/lotterie\/lotto-america\/\",\"url\":\"https:\/\/redfoxlotto.com\/de\/lotterie\/lotto-america\/\",\"name\":\"Lose f\u00fcr Lotto America online kaufen\",\"isPartOf\":{\"@id\":\"https:\/\/redfoxlotto.com\/de\/#website\"},\"primaryImageOfPage\":{\"@id\":\"https:\/\/redfoxlotto.com\/de\/lotterie\/lotto-america\/#primaryimage\"},\"image\":{\"@id\":\"https:\/\/redfoxlotto.com\/de\/lotterie\/lotto-america\/#primaryimage\"},\"thumbnailUrl\":\"https:\/\/content.redfoxlotto.com\/uploads\/sites\/9\/1_ticket_online_buying.jpg\",\"datePublished\":\"2020-08-18T09:10:34+00:00\",\"dateModified\":\"2023-05-13T07:29:18+00:00\",\"description\":\"Wenn Sie bei Lotto America gewinnen m\u00f6chten, kaufen Sie Ihre Lose jetzt online!\",\"breadcrumb\":{\"@id\":\"https:\/\/redfoxlotto.com\/de\/lotterie\/lotto-america\/#breadcrumb\"},\"inLanguage\":\"de\",\"potentialAction\":[{\"@type\":\"ReadAction\",\"target\":[\"https:\/\/redfoxlotto.com\/de\/lotterie\/lotto-america\/\"]}]},{\"@type\":\"ImageObject\",\"inLanguage\":\"de\",\"@id\":\"https:\/\/redfoxlotto.com\/de\/lotterie\/lotto-america\/#primaryimage\",\"url\":\"https:\/\/content.redfoxlotto.com\/uploads\/sites\/9\/1_ticket_online_buying.jpg\",\"contentUrl\":\"https:\/\/content.redfoxlotto.com\/uploads\/sites\/9\/1_ticket_online_buying.jpg\"},{\"@type\":\"BreadcrumbList\",\"@id\":\"https:\/\/redfoxlotto.com\/de\/lotterie\/lotto-america\/#breadcrumb\",\"itemListElement\":[{\"@type\":\"ListItem\",\"position\":1,\"name\":\"Home\",\"item\":\"https:\/\/redfoxlotto.com\/de\/\"},{\"@type\":\"ListItem\",\"position\":2,\"name\":\"Der Ablauf beim Online-Lottospiel\",\"item\":\"https:\/\/redfoxlotto.com\/de\/lotterie\/\"},{\"@type\":\"ListItem\",\"position\":3,\"name\":\"\u00dcber Lotto America\"}]},{\"@type\":\"WebSite\",\"@id\":\"https:\/\/redfoxlotto.com\/de\/#website\",\"url\":\"https:\/\/redfoxlotto.com\/de\/\",\"name\":\"Get Tickets for the World\u2019s largest jackpots\",\"description\":\"Participate in worldwide lottery jackpots from any country\",\"publisher\":{\"@id\":\"https:\/\/redfoxlotto.com\/de\/#organization\"},\"potentialAction\":[{\"@type\":\"SearchAction\",\"target\":{\"@type\":\"EntryPoint\",\"urlTemplate\":\"https:\/\/redfoxlotto.com\/de\/?s={search_term_string}\"},\"query-input\":{\"@type\":\"PropertyValueSpecification\",\"valueRequired\":true,\"valueName\":\"search_term_string\"}}],\"inLanguage\":\"de\"},{\"@type\":\"Organization\",\"@id\":\"https:\/\/redfoxlotto.com\/de\/#organization\",\"name\":\"Get Tickets for the World\u2019s largest jackpots\",\"url\":\"https:\/\/redfoxlotto.com\/de\/\",\"logo\":{\"@type\":\"ImageObject\",\"inLanguage\":\"de\",\"@id\":\"https:\/\/redfoxlotto.com\/de\/#\/schema\/logo\/image\/\",\"url\":\"https:\/\/redfoxlotto.com\/wp-content\/uploads\/2023\/04\/logo.png\",\"contentUrl\":\"https:\/\/redfoxlotto.com\/wp-content\/uploads\/2023\/04\/logo.png\",\"width\":269,\"height\":53,\"caption\":\"Get Tickets for the World\u2019s largest jackpots\"},\"image\":{\"@id\":\"https:\/\/redfoxlotto.com\/de\/#\/schema\/logo\/image\/\"}}]}<\/script>\n<!-- \/ Yoast SEO plugin. -->","yoast_head_json":{"title":"Lose f\u00fcr Lotto America online kaufen","description":"Wenn Sie bei Lotto America gewinnen m\u00f6chten, kaufen Sie Ihre Lose jetzt online!","robots":{"index":"index","follow":"follow","max-snippet":"max-snippet:-1","max-image-preview":"max-image-preview:large","max-video-preview":"max-video-preview:-1"},"canonical":"https:\/\/redfoxlotto.com\/de\/lotterie\/lotto-america\/","og_locale":"de_DE","og_type":"article","og_title":"Lose f\u00fcr Lotto America online kaufen","og_description":"Wenn Sie bei Lotto America gewinnen m\u00f6chten, kaufen Sie Ihre Lose jetzt online!","og_url":"https:\/\/redfoxlotto.com\/de\/lotterie\/lotto-america\/","og_site_name":"Get Tickets for the World\u2019s largest jackpots","article_modified_time":"2023-05-13T07:29:18+00:00","og_image":[{"url":"https:\/\/content.redfoxlotto.com\/uploads\/sites\/9\/1_ticket_online_buying.jpg"}],"twitter_card":"summary_large_image","twitter_misc":{"Gesch\u00e4tzte Lesezeit":"3\u00a0Minuten"},"schema":{"@context":"https:\/\/schema.org","@graph":[{"@type":"WebPage","@id":"https:\/\/redfoxlotto.com\/de\/lotterie\/lotto-america\/","url":"https:\/\/redfoxlotto.com\/de\/lotterie\/lotto-america\/","name":"Lose f\u00fcr Lotto America online kaufen","isPartOf":{"@id":"https:\/\/redfoxlotto.com\/de\/#website"},"primaryImageOfPage":{"@id":"https:\/\/redfoxlotto.com\/de\/lotterie\/lotto-america\/#primaryimage"},"image":{"@id":"https:\/\/redfoxlotto.com\/de\/lotterie\/lotto-america\/#primaryimage"},"thumbnailUrl":"https:\/\/content.redfoxlotto.com\/uploads\/sites\/9\/1_ticket_online_buying.jpg","datePublished":"2020-08-18T09:10:34+00:00","dateModified":"2023-05-13T07:29:18+00:00","description":"Wenn Sie bei Lotto America gewinnen m\u00f6chten, kaufen Sie Ihre Lose jetzt online!","breadcrumb":{"@id":"https:\/\/redfoxlotto.com\/de\/lotterie\/lotto-america\/#breadcrumb"},"inLanguage":"de","potentialAction":[{"@type":"ReadAction","target":["https:\/\/redfoxlotto.com\/de\/lotterie\/lotto-america\/"]}]},{"@type":"ImageObject","inLanguage":"de","@id":"https:\/\/redfoxlotto.com\/de\/lotterie\/lotto-america\/#primaryimage","url":"https:\/\/content.redfoxlotto.com\/uploads\/sites\/9\/1_ticket_online_buying.jpg","contentUrl":"https:\/\/content.redfoxlotto.com\/uploads\/sites\/9\/1_ticket_online_buying.jpg"},{"@type":"BreadcrumbList","@id":"https:\/\/redfoxlotto.com\/de\/lotterie\/lotto-america\/#breadcrumb","itemListElement":[{"@type":"ListItem","position":1,"name":"Home","item":"https:\/\/redfoxlotto.com\/de\/"},{"@type":"ListItem","position":2,"name":"Der Ablauf beim Online-Lottospiel","item":"https:\/\/redfoxlotto.com\/de\/lotterie\/"},{"@type":"ListItem","position":3,"name":"\u00dcber Lotto America"}]},{"@type":"WebSite","@id":"https:\/\/redfoxlotto.com\/de\/#website","url":"https:\/\/redfoxlotto.com\/de\/","name":"Get Tickets for the World\u2019s largest jackpots","description":"Participate in worldwide lottery jackpots from any country","publisher":{"@id":"https:\/\/redfoxlotto.com\/de\/#organization"},"potentialAction":[{"@type":"SearchAction","target":{"@type":"EntryPoint","urlTemplate":"https:\/\/redfoxlotto.com\/de\/?s={search_term_string}"},"query-input":{"@type":"PropertyValueSpecification","valueRequired":true,"valueName":"search_term_string"}}],"inLanguage":"de"},{"@type":"Organization","@id":"https:\/\/redfoxlotto.com\/de\/#organization","name":"Get Tickets for the World\u2019s largest jackpots","url":"https:\/\/redfoxlotto.com\/de\/","logo":{"@type":"ImageObject","inLanguage":"de","@id":"https:\/\/redfoxlotto.com\/de\/#\/schema\/logo\/image\/","url":"https:\/\/redfoxlotto.com\/wp-content\/uploads\/2023\/04\/logo.png","contentUrl":"https:\/\/redfoxlotto.com\/wp-content\/uploads\/2023\/04\/logo.png","width":269,"height":53,"caption":"Get Tickets for the World\u2019s largest jackpots"},"image":{"@id":"https:\/\/redfoxlotto.com\/de\/#\/schema\/logo\/image\/"}}]}},"_links":{"self":[{"href":"https:\/\/redfoxlotto.com\/de\/wp-json\/wp\/v2\/pages\/12907","targetHints":{"allow":["GET"]}}],"collection":[{"href":"https:\/\/redfoxlotto.com\/de\/wp-json\/wp\/v2\/pages"}],"about":[{"href":"https:\/\/redfoxlotto.com\/de\/wp-json\/wp\/v2\/types\/page"}],"author":[{"embeddable":true,"href":"https:\/\/redfoxlotto.com\/de\/wp-json\/wp\/v2\/users\/1"}],"replies":[{"embeddable":true,"href":"https:\/\/redfoxlotto.com\/de\/wp-json\/wp\/v2\/comments?post=12907"}],"version-history":[{"count":0,"href":"https:\/\/redfoxlotto.com\/de\/wp-json\/wp\/v2\/pages\/12907\/revisions"}],"up":[{"embeddable":true,"href":"https:\/\/redfoxlotto.com\/de\/wp-json\/wp\/v2\/pages\/120"}],"wp:attachment":[{"href":"https:\/\/redfoxlotto.com\/de\/wp-json\/wp\/v2\/media?parent=12907"}],"curies":[{"name":"wp","href":"https:\/\/api.w.org\/{rel}","templated":true}]}}