{"id":12906,"date":"2023-04-24T18:09:15","date_gmt":"2023-04-24T18:09:15","guid":{"rendered":"https:\/\/redfoxlotto.com\/?page_id=12906"},"modified":"2025-12-10T13:07:36","modified_gmt":"2025-12-10T13:07:36","slug":"lotto-america","status":"publish","type":"page","link":"https:\/\/redfoxlotto.com\/de\/spielen\/lotto-america\/","title":{"rendered":"Wie man Lotto America online spielt"},"content":{"rendered":"<script type=\"application\/ld+json\">\r\n{\r\n\"@context\": \"https:\/\/schema.org\",\r\n\"@type\": \"Service\",\r\n\"name\": \" Lotto America online\",\r\n\"url\": \"https:\/\/redfoxlotto.com\/de\/spielen\/lotto-america\/\",\r\n\"description\": \"Kaufen Sie offizielle Lotto America-Online-Tickets \u00fcber RedFoxLotto. W\u00e4hlen Sie Ihre Zahlen und nehmen Sie an der n\u00e4chsten Ziehung teil.\",\r\n\"serviceType\": \"Online lottery ticket purchase\",\r\n\r\n\"provider\": {\r\n\"@type\": \"Organization\",\r\n\"name\": \"RedFoxLotto\",\r\n\"url\": \"https:\/\/redfoxlotto.com\",\r\n\"logo\": \"https:\/\/redfoxlotto.com\/wp-content\/uploads\/logo.png\"\r\n},\r\n\r\n\"areaServed\": \"Worldwide\",\r\n\"termsOfService\": \"https:\/\/redfoxlotto.com\/terms-and-conditions\",\r\n\r\n\"hasOfferCatalog\": {\r\n\"@type\": \"OfferCatalog\",\r\n\"name\": \"Lotto America Offers\",\r\n\"itemListElement\": [\r\n{\r\n\"@type\": \"Offer\",\r\n\"name\": \"Lotto America Lottery Ticket\",\r\n\"url\": \"https:\/\/redfoxlotto.com\/de\/spielen\/lotto-america\/\",\r\n\"description\": \"Ein Los f\u00fcr die n\u00e4chste Ziehung der Lotto America Lotterie.\",\r\n\"price\": \"2.75\",\r\n\"priceCurrency\": \"EUR\",\r\n\"availability\": \"https:\/\/schema.org\/InStock\",\r\n\r\n\"itemOffered\": {\r\n\"@type\": \"Service\",\r\n\"name\": \"Lotto America Lottery Entry\",\r\n\"description\": \"Teilnahme an der n\u00e4chsten Lotto America-Ziehung \u00fcber RedFoxLotto.\"\r\n}\r\n}\r\n]\r\n},\r\n\r\n\"mainEntityOfPage\": {\r\n\"@type\": \"WebPage\",\r\n\"@id\": \"https:\/\/redfoxlotto.com\/de\/spielen\/lotto-america\/\"\r\n}\r\n}\r\n<\/script><h2 class=\"wp-block-heading\">Lottoscheine f\u00fcr Lotto Amerika online kaufen<\/h2><p>Wenn es um den Online-Kauf von Lotterielosen geht, wollen Sie sichergehen, dass Sie an den besten Spielen teilnehmen. Aber haben Sie \u00fcberhaupt von all den verschiedenen Spielen geh\u00f6rt, die es da drau\u00dfen gibt? Wahrscheinlich nicht. Zumal es Spiele in anderen L\u00e4ndern gibt, die Sie online spielen k\u00f6nnten. Spiele wie Lotto Amerika.<\/p><h2 class=\"wp-block-heading\">Was ist das Lotto Amerika?<\/h2><p><img decoding=\"async\" class=\"size-full wp-image alignright\" src=\"https:\/\/content.redfoxlotto.com\/uploads\/sites\/9\/1_play_lottery_online5.jpg\" alt=\"Lotto America online spielen\"><\/p><p>Lotto America ist ein Spiel mit mehreren Bundesstaaten, das in den Vereinigten Staaten gespielt wird. Genauer gesagt wird es in 13 Staaten im ganzen Land gespielt. Aber man muss nicht in einem dieser Staaten leben, um spielen zu k\u00f6nnen. Man kann tats\u00e4chlich von \u00fcberall auf der Welt spielen. Und genau da kommt der Spa\u00df ins Spiel. Denn dieses Spiel ist eine Chance f\u00fcr Sie, ein Multimillion\u00e4r zu werden, und es ist ein supereinfaches Spiel, das man spielen kann.<\/p><h2 class=\"wp-block-heading\">Kauf Ihrer Eintrittskarten<\/h2><p>Wenn Sie daran interessiert sind, Lotto Amerika zu spielen, m\u00fcssen Sie nur wissen, wo Sie Ihre Spielscheine erhalten k\u00f6nnen. Aber wie kaufen Sie online Lottoscheine f\u00fcr Lotto America? Sie brauchen einen Service, der Ihnen hilft, und genau da kommt RedFoxLotto ins Spiel. Wir k\u00f6nnen Ihnen helfen, Ihre Scheine f\u00fcr dieses Spiel oder andere Lotteriespiele, die Sie vielleicht weltweit spielen m\u00f6chten, zu bekommen. Alles, was es braucht, sind ein paar Schritte, um anzufangen. Der erste ist, dass Sie ein Konto bei RedFoxLotto erstellen m\u00fcssen. Das ist einfach zu tun und dauert nur wenige Minuten, um vollst\u00e4ndig eingerichtet und einsatzbereit zu sein. Von dort aus k\u00f6nnen Sie anfangen, die verschiedenen Lotteriespiele zu durchsuchen, die verf\u00fcgbar sind. Vielleicht m\u00f6chten Sie Lotto Amerika oder etwas anderes (oder mehrere verschiedene Spiele). Sobald Sie sich f\u00fcr das Spiel entschieden haben und bereit sind, Lotto Amerika zu spielen, ist es an der Zeit, mit der Auswahl Ihrer Zahlen zu beginnen. Hier werden Sie viele verschiedene M\u00f6glichkeiten haben, und hier wird der lustige Teil richtig losgehen.<\/p><h2 class=\"wp-block-heading\">W\u00e4hlen Sie Ihre Zahlen<\/h2><p>Bei Lotto America gibt es f\u00fcnf Standardnummern und eine Bonusnummer. Sie k\u00f6nnen w\u00e4hlen, welche Sie haben m\u00f6chten, damit Sie eine Kombination erhalten, von der Sie glauben, dass sie Gl\u00fcck bringt oder Ihnen etwas bedeutet. Aber was, wenn Sie die Zahlen, die Sie wollen, nicht kennen? Oder was, wenn Sie nur ein paar spezielle Zahlen haben, die Sie spielen m\u00f6chten? Auch das ist kein Problem, denn Sie k\u00f6nnen sich aussuchen, welche Zahlen Sie wollen, und diese mit Zufallszahlen ausf\u00fcllen. Oder Sie k\u00f6nnen den Zahlengenerator benutzen, um alle Ihre Zahlen f\u00fcr Sie auszusuchen.<\/p><h2 class=\"wp-block-heading\">Auf die Ergebnisse warten<\/h2><p>Nachdem Sie Ihre Zahlen ausgew\u00e4hlt haben, k\u00f6nnen Sie w\u00e4hlen, wie viele Tickets Sie f\u00fcr welche Spiele haben m\u00f6chten. Dann k\u00f6nnen Sie die Tickets bezahlen und einfach auf die n\u00e4chste Ziehung warten. Sie k\u00f6nnen auch zus\u00e4tzliche Lose f\u00fcr einige der anderen Spiele heraussuchen, die auf der ganzen Welt stattfinden, wenn Sie noch bessere Chancen haben wollen, irgendwo einen Preis zu gewinnen. Sobald die Ergebnisse des Spiels vorliegen, k\u00f6nnen Sie sofort die Gewinnzahlen sehen und sehen, wie sich Ihre eigenen Zahlen stapeln. Und nicht nur das, Sie werden auch sehen k\u00f6nnen, was Sie gewonnen haben, und Sie werden Ihre Gewinne genau so schnell erhalten. Es ist einfach, macht Spa\u00df und Sie werden im Handumdrehen bereit sein, Ihre n\u00e4chsten Lose auszusuchen. Und da es so einfach ist, werden Sie genau das tun wollen. Sie m\u00fcssen sich nur noch entscheiden, welche Spiele Sie spielen m\u00f6chten.<\/p>","protected":false},"excerpt":{"rendered":"<p>Lottoscheine f\u00fcr Lotto Amerika online kaufen Wenn es um den Online-Kauf von Lotterielosen geht, wollen Sie sichergehen, dass Sie an den besten Spielen teilnehmen. Aber haben Sie \u00fcberhaupt von all den verschiedenen Spielen geh\u00f6rt, die es da drau\u00dfen gibt? Wahrscheinlich nicht. Zumal es Spiele in anderen L\u00e4ndern gibt, die Sie online spielen k\u00f6nnten. Spiele wie [&hellip;]<\/p>\n","protected":false},"author":1,"featured_media":0,"parent":137,"menu_order":12,"comment_status":"closed","ping_status":"closed","template":"lotto-america.php","meta":{"_et_pb_use_builder":"","_et_pb_old_content":"","_et_gb_content_width":"","exclude_from_search":false,"footnotes":""},"class_list":["post-12906","page","type-page","status-publish","hentry"],"yoast_head":"<!-- This site is optimized with the Yoast SEO plugin v23.8 - https:\/\/yoast.com\/wordpress\/plugins\/seo\/ -->\n<title>Lotto America online spielen<\/title>\n<meta name=\"description\" content=\"Spieler aus allen L\u00e4ndern k\u00f6nnen jetzt online an dieser Multi-State-Lotterie aus den USA teilnehmen und spielen\" \/>\n<meta name=\"robots\" content=\"index, follow, max-snippet:-1, max-image-preview:large, max-video-preview:-1\" \/>\n<link rel=\"canonical\" href=\"https:\/\/redfoxlotto.com\/de\/spielen\/lotto-america\/\" \/>\n<meta property=\"og:locale\" content=\"de_DE\" \/>\n<meta property=\"og:type\" content=\"article\" \/>\n<meta property=\"og:title\" content=\"Lotto America online spielen\" \/>\n<meta property=\"og:description\" content=\"Spieler aus allen L\u00e4ndern k\u00f6nnen jetzt online an dieser Multi-State-Lotterie aus den USA teilnehmen und spielen\" \/>\n<meta property=\"og:url\" content=\"https:\/\/redfoxlotto.com\/de\/spielen\/lotto-america\/\" \/>\n<meta property=\"og:site_name\" content=\"Get Tickets for the World\u2019s largest jackpots\" \/>\n<meta property=\"article:modified_time\" content=\"2025-12-10T13:07:36+00:00\" \/>\n<meta property=\"og:image\" content=\"https:\/\/content.redfoxlotto.com\/uploads\/sites\/9\/1_play_lottery_online5.jpg\" \/>\n<meta name=\"twitter:card\" content=\"summary_large_image\" \/>\n<meta name=\"twitter:label1\" content=\"Gesch\u00e4tzte Lesezeit\" \/>\n\t<meta name=\"twitter:data1\" content=\"3\u00a0Minuten\" \/>\n<script type=\"application\/ld+json\" class=\"yoast-schema-graph\">{\"@context\":\"https:\/\/schema.org\",\"@graph\":[{\"@type\":\"WebPage\",\"@id\":\"https:\/\/redfoxlotto.com\/de\/spielen\/lotto-america\/\",\"url\":\"https:\/\/redfoxlotto.com\/de\/spielen\/lotto-america\/\",\"name\":\"Lotto America online spielen\",\"isPartOf\":{\"@id\":\"https:\/\/redfoxlotto.com\/de\/#website\"},\"primaryImageOfPage\":{\"@id\":\"https:\/\/redfoxlotto.com\/de\/spielen\/lotto-america\/#primaryimage\"},\"image\":{\"@id\":\"https:\/\/redfoxlotto.com\/de\/spielen\/lotto-america\/#primaryimage\"},\"thumbnailUrl\":\"https:\/\/content.redfoxlotto.com\/uploads\/sites\/9\/1_play_lottery_online5.jpg\",\"datePublished\":\"2023-04-24T18:09:15+00:00\",\"dateModified\":\"2025-12-10T13:07:36+00:00\",\"description\":\"Spieler aus allen L\u00e4ndern k\u00f6nnen jetzt online an dieser Multi-State-Lotterie aus den USA teilnehmen und spielen\",\"breadcrumb\":{\"@id\":\"https:\/\/redfoxlotto.com\/de\/spielen\/lotto-america\/#breadcrumb\"},\"inLanguage\":\"de\",\"potentialAction\":[{\"@type\":\"ReadAction\",\"target\":[\"https:\/\/redfoxlotto.com\/de\/spielen\/lotto-america\/\"]}]},{\"@type\":\"ImageObject\",\"inLanguage\":\"de\",\"@id\":\"https:\/\/redfoxlotto.com\/de\/spielen\/lotto-america\/#primaryimage\",\"url\":\"https:\/\/content.redfoxlotto.com\/uploads\/sites\/9\/1_play_lottery_online5.jpg\",\"contentUrl\":\"https:\/\/content.redfoxlotto.com\/uploads\/sites\/9\/1_play_lottery_online5.jpg\"},{\"@type\":\"BreadcrumbList\",\"@id\":\"https:\/\/redfoxlotto.com\/de\/spielen\/lotto-america\/#breadcrumb\",\"itemListElement\":[{\"@type\":\"ListItem\",\"position\":1,\"name\":\"Home\",\"item\":\"https:\/\/redfoxlotto.com\/de\/\"},{\"@type\":\"ListItem\",\"position\":2,\"name\":\"Mehr Lotterien online spielen\",\"item\":\"https:\/\/redfoxlotto.com\/de\/spielen\/\"},{\"@type\":\"ListItem\",\"position\":3,\"name\":\"Wie man Lotto America online spielt\"}]},{\"@type\":\"WebSite\",\"@id\":\"https:\/\/redfoxlotto.com\/de\/#website\",\"url\":\"https:\/\/redfoxlotto.com\/de\/\",\"name\":\"Get Tickets for the World\u2019s largest jackpots\",\"description\":\"Participate in worldwide lottery jackpots from any country\",\"publisher\":{\"@id\":\"https:\/\/redfoxlotto.com\/de\/#organization\"},\"potentialAction\":[{\"@type\":\"SearchAction\",\"target\":{\"@type\":\"EntryPoint\",\"urlTemplate\":\"https:\/\/redfoxlotto.com\/de\/?s={search_term_string}\"},\"query-input\":{\"@type\":\"PropertyValueSpecification\",\"valueRequired\":true,\"valueName\":\"search_term_string\"}}],\"inLanguage\":\"de\"},{\"@type\":\"Organization\",\"@id\":\"https:\/\/redfoxlotto.com\/de\/#organization\",\"name\":\"Get Tickets for the World\u2019s largest jackpots\",\"url\":\"https:\/\/redfoxlotto.com\/de\/\",\"logo\":{\"@type\":\"ImageObject\",\"inLanguage\":\"de\",\"@id\":\"https:\/\/redfoxlotto.com\/de\/#\/schema\/logo\/image\/\",\"url\":\"https:\/\/redfoxlotto.com\/wp-content\/uploads\/2023\/04\/logo.png\",\"contentUrl\":\"https:\/\/redfoxlotto.com\/wp-content\/uploads\/2023\/04\/logo.png\",\"width\":269,\"height\":53,\"caption\":\"Get Tickets for the World\u2019s largest jackpots\"},\"image\":{\"@id\":\"https:\/\/redfoxlotto.com\/de\/#\/schema\/logo\/image\/\"}}]}<\/script>\n<!-- \/ Yoast SEO plugin. -->","yoast_head_json":{"title":"Lotto America online spielen","description":"Spieler aus allen L\u00e4ndern k\u00f6nnen jetzt online an dieser Multi-State-Lotterie aus den USA teilnehmen und spielen","robots":{"index":"index","follow":"follow","max-snippet":"max-snippet:-1","max-image-preview":"max-image-preview:large","max-video-preview":"max-video-preview:-1"},"canonical":"https:\/\/redfoxlotto.com\/de\/spielen\/lotto-america\/","og_locale":"de_DE","og_type":"article","og_title":"Lotto America online spielen","og_description":"Spieler aus allen L\u00e4ndern k\u00f6nnen jetzt online an dieser Multi-State-Lotterie aus den USA teilnehmen und spielen","og_url":"https:\/\/redfoxlotto.com\/de\/spielen\/lotto-america\/","og_site_name":"Get Tickets for the World\u2019s largest jackpots","article_modified_time":"2025-12-10T13:07:36+00:00","og_image":[{"url":"https:\/\/content.redfoxlotto.com\/uploads\/sites\/9\/1_play_lottery_online5.jpg"}],"twitter_card":"summary_large_image","twitter_misc":{"Gesch\u00e4tzte Lesezeit":"3\u00a0Minuten"},"schema":{"@context":"https:\/\/schema.org","@graph":[{"@type":"WebPage","@id":"https:\/\/redfoxlotto.com\/de\/spielen\/lotto-america\/","url":"https:\/\/redfoxlotto.com\/de\/spielen\/lotto-america\/","name":"Lotto America online spielen","isPartOf":{"@id":"https:\/\/redfoxlotto.com\/de\/#website"},"primaryImageOfPage":{"@id":"https:\/\/redfoxlotto.com\/de\/spielen\/lotto-america\/#primaryimage"},"image":{"@id":"https:\/\/redfoxlotto.com\/de\/spielen\/lotto-america\/#primaryimage"},"thumbnailUrl":"https:\/\/content.redfoxlotto.com\/uploads\/sites\/9\/1_play_lottery_online5.jpg","datePublished":"2023-04-24T18:09:15+00:00","dateModified":"2025-12-10T13:07:36+00:00","description":"Spieler aus allen L\u00e4ndern k\u00f6nnen jetzt online an dieser Multi-State-Lotterie aus den USA teilnehmen und spielen","breadcrumb":{"@id":"https:\/\/redfoxlotto.com\/de\/spielen\/lotto-america\/#breadcrumb"},"inLanguage":"de","potentialAction":[{"@type":"ReadAction","target":["https:\/\/redfoxlotto.com\/de\/spielen\/lotto-america\/"]}]},{"@type":"ImageObject","inLanguage":"de","@id":"https:\/\/redfoxlotto.com\/de\/spielen\/lotto-america\/#primaryimage","url":"https:\/\/content.redfoxlotto.com\/uploads\/sites\/9\/1_play_lottery_online5.jpg","contentUrl":"https:\/\/content.redfoxlotto.com\/uploads\/sites\/9\/1_play_lottery_online5.jpg"},{"@type":"BreadcrumbList","@id":"https:\/\/redfoxlotto.com\/de\/spielen\/lotto-america\/#breadcrumb","itemListElement":[{"@type":"ListItem","position":1,"name":"Home","item":"https:\/\/redfoxlotto.com\/de\/"},{"@type":"ListItem","position":2,"name":"Mehr Lotterien online spielen","item":"https:\/\/redfoxlotto.com\/de\/spielen\/"},{"@type":"ListItem","position":3,"name":"Wie man Lotto America online spielt"}]},{"@type":"WebSite","@id":"https:\/\/redfoxlotto.com\/de\/#website","url":"https:\/\/redfoxlotto.com\/de\/","name":"Get Tickets for the World\u2019s largest jackpots","description":"Participate in worldwide lottery jackpots from any country","publisher":{"@id":"https:\/\/redfoxlotto.com\/de\/#organization"},"potentialAction":[{"@type":"SearchAction","target":{"@type":"EntryPoint","urlTemplate":"https:\/\/redfoxlotto.com\/de\/?s={search_term_string}"},"query-input":{"@type":"PropertyValueSpecification","valueRequired":true,"valueName":"search_term_string"}}],"inLanguage":"de"},{"@type":"Organization","@id":"https:\/\/redfoxlotto.com\/de\/#organization","name":"Get Tickets for the World\u2019s largest jackpots","url":"https:\/\/redfoxlotto.com\/de\/","logo":{"@type":"ImageObject","inLanguage":"de","@id":"https:\/\/redfoxlotto.com\/de\/#\/schema\/logo\/image\/","url":"https:\/\/redfoxlotto.com\/wp-content\/uploads\/2023\/04\/logo.png","contentUrl":"https:\/\/redfoxlotto.com\/wp-content\/uploads\/2023\/04\/logo.png","width":269,"height":53,"caption":"Get Tickets for the World\u2019s largest jackpots"},"image":{"@id":"https:\/\/redfoxlotto.com\/de\/#\/schema\/logo\/image\/"}}]}},"_links":{"self":[{"href":"https:\/\/redfoxlotto.com\/de\/wp-json\/wp\/v2\/pages\/12906","targetHints":{"allow":["GET"]}}],"collection":[{"href":"https:\/\/redfoxlotto.com\/de\/wp-json\/wp\/v2\/pages"}],"about":[{"href":"https:\/\/redfoxlotto.com\/de\/wp-json\/wp\/v2\/types\/page"}],"author":[{"embeddable":true,"href":"https:\/\/redfoxlotto.com\/de\/wp-json\/wp\/v2\/users\/1"}],"replies":[{"embeddable":true,"href":"https:\/\/redfoxlotto.com\/de\/wp-json\/wp\/v2\/comments?post=12906"}],"version-history":[{"count":0,"href":"https:\/\/redfoxlotto.com\/de\/wp-json\/wp\/v2\/pages\/12906\/revisions"}],"up":[{"embeddable":true,"href":"https:\/\/redfoxlotto.com\/de\/wp-json\/wp\/v2\/pages\/137"}],"wp:attachment":[{"href":"https:\/\/redfoxlotto.com\/de\/wp-json\/wp\/v2\/media?parent=12906"}],"curies":[{"name":"wp","href":"https:\/\/api.w.org\/{rel}","templated":true}]}}