{"id":12902,"date":"2020-08-18T09:08:19","date_gmt":"2020-08-18T09:08:19","guid":{"rendered":"https:\/\/redfoxlotto.com\/?page_id=12902"},"modified":"2023-05-13T07:29:17","modified_gmt":"2023-05-13T07:29:17","slug":"thunderball","status":"publish","type":"page","link":"https:\/\/redfoxlotto.com\/de\/ergebnisse\/thunderball\/","title":{"rendered":"Thunderball-Ergebnisse"},"content":{"rendered":"<h2 class=\"wp-block-heading\">Thunderball UK Lotto-Gewinnzahlen<\/h2><p><img loading=\"lazy\" decoding=\"async\" class=\" wp-image alignright\" src=\"https:\/\/content.redfoxlotto.com\/uploads\/sites\/9\/1_online_lotto_results.jpg\" alt=\"Thunderball-Ergebnisse\" width=\"225\" height=\"225\" \/><\/p><p>Was tun Sie, wenn Sie selbst die Ziehung verpasst haben und die letzten Gewinnzahlen \u00fcberpr\u00fcfen m\u00f6chten? Nun, Sie haben Gl\u00fcck, denn die Gewinnzahlen von Thunderball UK Lotto zu \u00fcberpr\u00fcfen ist einfach. Wenn es noch keine weitere Ziehung gegeben hat, k\u00f6nnen Sie sich auf der Website umsehen. Wenn es eine gegeben hat, m\u00fcssen Sie vielleicht im Ergebnisarchiv nachschauen.<\/p><h2 class=\"wp-block-heading\">Aktuelle Zahlen \u00fcberpr\u00fcfen<\/h2><p>Wenn Sie das Spiel gespielt haben und die neuesten Gewinnzahlen einsehen m\u00f6chten, k\u00f6nnen Sie direkt auf Ihr Konto gehen und dann auf &#8218;Meine Tickets&#8216; klicken. Von dort aus k\u00f6nnen Sie sehen, wie Ihre Zahlen im Vergleich zu den Gewinnzahlen stehen. Und das bedeutet, dass Sie sehen k\u00f6nnen, wie viel Sie gewonnen haben.<\/p><p>Alle Zahlen, die mit den Gewinnzahlen \u00fcbereinstimmen, werden hervorgehoben, was Ihnen die \u00dcberpr\u00fcfung Ihres Gewinns erheblich erleichtert. Und bei RedFoxLotto.com werden wir Ihren Gewinnbetrag bereits f\u00fcr kleinere Preise einfordern, so dass er direkt auf Ihr Konto \u00fcberwiesen wird.<\/p><h2 class=\"wp-block-heading\">Alte Thunderball UK Lotto-Gewinnzahlen<\/h2><p><img loading=\"lazy\" decoding=\"async\" class=\" wp-image alignright\" src=\"https:\/\/content.redfoxlotto.com\/uploads\/sites\/9\/1_winner_lottery_jackpot.jpg\" alt=\"Lottozahlen gewinnen\" width=\"260\" height=\"156\" \/><\/p><p>F\u00fcr einige reichen die aktuellen Zahlen nicht ganz aus, um eine Entscheidung zu treffen. Vielleicht m\u00f6chten Sie \u00e4ltere Zahlen, damit Sie entscheiden k\u00f6nnen, wie Sie spielen m\u00f6chten. Oder Sie haben vielleicht \u00e4ltere Lose, die Sie mit den Spielen vergleichen m\u00f6chten, f\u00fcr die sie gezogen wurden.<br>Wenn Sie alte Zahlen aus dem Thunderball UK Lotto ben\u00f6tigen, k\u00f6nnen Sie im Archiv nachschauen, um mehr dar\u00fcber zu erfahren und alle Informationen zu finden, die Sie ben\u00f6tigen k\u00f6nnten. Sie k\u00f6nnen sogar mehrere Spiele zur\u00fcckgehen, um alle Zahlen zu erhalten.<\/p>","protected":false},"excerpt":{"rendered":"<p>Thunderball UK Lotto-Gewinnzahlen Was tun Sie, wenn Sie selbst die Ziehung verpasst haben und die letzten Gewinnzahlen \u00fcberpr\u00fcfen m\u00f6chten? Nun, Sie haben Gl\u00fcck, denn die Gewinnzahlen von Thunderball UK Lotto zu \u00fcberpr\u00fcfen ist einfach. Wenn es noch keine weitere Ziehung gegeben hat, k\u00f6nnen Sie sich auf der Website umsehen. Wenn es eine gegeben hat, m\u00fcssen [&hellip;]<\/p>\n","protected":false},"author":1,"featured_media":0,"parent":128,"menu_order":11,"comment_status":"closed","ping_status":"closed","template":"thunderball-results.php","meta":{"_et_pb_use_builder":"","_et_pb_old_content":"","_et_gb_content_width":"","exclude_from_search":false,"footnotes":""},"class_list":["post-12902","page","type-page","status-publish","hentry"],"yoast_head":"<!-- This site is optimized with the Yoast SEO plugin v27.4 - https:\/\/yoast.com\/product\/yoast-seo-wordpress\/ -->\n<title>Aktuelle und vergangene Gewinnzahlen und Ergebnisse von Thunderball UK<\/title>\n<meta name=\"description\" content=\"Vergleichen Sie hier Ihre Lotto Lose mit den Ergebnissen der Thunderball-Ziehung\" \/>\n<meta name=\"robots\" content=\"index, follow, max-snippet:-1, max-image-preview:large, max-video-preview:-1\" \/>\n<link rel=\"canonical\" href=\"https:\/\/redfoxlotto.com\/de\/ergebnisse\/thunderball\/\" \/>\n<meta property=\"og:locale\" content=\"de_DE\" \/>\n<meta property=\"og:type\" content=\"article\" \/>\n<meta property=\"og:title\" content=\"Aktuelle und vergangene Gewinnzahlen und Ergebnisse von Thunderball UK\" \/>\n<meta property=\"og:description\" content=\"Vergleichen Sie hier Ihre Lotto Lose mit den Ergebnissen der Thunderball-Ziehung\" \/>\n<meta property=\"og:url\" content=\"https:\/\/redfoxlotto.com\/de\/ergebnisse\/thunderball\/\" \/>\n<meta property=\"og:site_name\" content=\"Get Tickets for the World\u2019s largest jackpots\" \/>\n<meta property=\"article:modified_time\" content=\"2023-05-13T07:29:17+00:00\" \/>\n<meta property=\"og:image\" content=\"https:\/\/content.redfoxlotto.com\/uploads\/sites\/9\/1_online_lotto_results.jpg\" \/>\n<meta name=\"twitter:card\" content=\"summary_large_image\" \/>\n<meta name=\"twitter:label1\" content=\"Gesch\u00e4tzte Lesezeit\" \/>\n\t<meta name=\"twitter:data1\" content=\"2\u00a0Minuten\" \/>\n<script type=\"application\/ld+json\" class=\"yoast-schema-graph\">{\"@context\":\"https:\\\/\\\/schema.org\",\"@graph\":[{\"@type\":\"WebPage\",\"@id\":\"https:\\\/\\\/redfoxlotto.com\\\/de\\\/ergebnisse\\\/thunderball\\\/\",\"url\":\"https:\\\/\\\/redfoxlotto.com\\\/de\\\/ergebnisse\\\/thunderball\\\/\",\"name\":\"Aktuelle und vergangene Gewinnzahlen und Ergebnisse von Thunderball UK\",\"isPartOf\":{\"@id\":\"https:\\\/\\\/redfoxlotto.com\\\/de\\\/#website\"},\"primaryImageOfPage\":{\"@id\":\"https:\\\/\\\/redfoxlotto.com\\\/de\\\/ergebnisse\\\/thunderball\\\/#primaryimage\"},\"image\":{\"@id\":\"https:\\\/\\\/redfoxlotto.com\\\/de\\\/ergebnisse\\\/thunderball\\\/#primaryimage\"},\"thumbnailUrl\":\"https:\\\/\\\/content.redfoxlotto.com\\\/uploads\\\/sites\\\/9\\\/1_online_lotto_results.jpg\",\"datePublished\":\"2020-08-18T09:08:19+00:00\",\"dateModified\":\"2023-05-13T07:29:17+00:00\",\"description\":\"Vergleichen Sie hier Ihre Lotto Lose mit den Ergebnissen der Thunderball-Ziehung\",\"breadcrumb\":{\"@id\":\"https:\\\/\\\/redfoxlotto.com\\\/de\\\/ergebnisse\\\/thunderball\\\/#breadcrumb\"},\"inLanguage\":\"de\",\"potentialAction\":[{\"@type\":\"ReadAction\",\"target\":[\"https:\\\/\\\/redfoxlotto.com\\\/de\\\/ergebnisse\\\/thunderball\\\/\"]}]},{\"@type\":\"ImageObject\",\"inLanguage\":\"de\",\"@id\":\"https:\\\/\\\/redfoxlotto.com\\\/de\\\/ergebnisse\\\/thunderball\\\/#primaryimage\",\"url\":\"https:\\\/\\\/content.redfoxlotto.com\\\/uploads\\\/sites\\\/9\\\/1_online_lotto_results.jpg\",\"contentUrl\":\"https:\\\/\\\/content.redfoxlotto.com\\\/uploads\\\/sites\\\/9\\\/1_online_lotto_results.jpg\"},{\"@type\":\"BreadcrumbList\",\"@id\":\"https:\\\/\\\/redfoxlotto.com\\\/de\\\/ergebnisse\\\/thunderball\\\/#breadcrumb\",\"itemListElement\":[{\"@type\":\"ListItem\",\"position\":1,\"name\":\"Home\",\"item\":\"https:\\\/\\\/redfoxlotto.com\\\/de\\\/\"},{\"@type\":\"ListItem\",\"position\":2,\"name\":\"Gewinnzahlen und Ergebnisse weltweiter Lotterien\",\"item\":\"https:\\\/\\\/redfoxlotto.com\\\/de\\\/ergebnisse\\\/\"},{\"@type\":\"ListItem\",\"position\":3,\"name\":\"Thunderball-Ergebnisse\"}]},{\"@type\":\"WebSite\",\"@id\":\"https:\\\/\\\/redfoxlotto.com\\\/de\\\/#website\",\"url\":\"https:\\\/\\\/redfoxlotto.com\\\/de\\\/\",\"name\":\"Get Tickets for the World\u2019s largest jackpots\",\"description\":\"Participate in worldwide lottery jackpots from any country\",\"publisher\":{\"@id\":\"https:\\\/\\\/redfoxlotto.com\\\/de\\\/#organization\"},\"potentialAction\":[{\"@type\":\"SearchAction\",\"target\":{\"@type\":\"EntryPoint\",\"urlTemplate\":\"https:\\\/\\\/redfoxlotto.com\\\/de\\\/?s={search_term_string}\"},\"query-input\":{\"@type\":\"PropertyValueSpecification\",\"valueRequired\":true,\"valueName\":\"search_term_string\"}}],\"inLanguage\":\"de\"},{\"@type\":\"Organization\",\"@id\":\"https:\\\/\\\/redfoxlotto.com\\\/de\\\/#organization\",\"name\":\"Get Tickets for the World\u2019s largest jackpots\",\"url\":\"https:\\\/\\\/redfoxlotto.com\\\/de\\\/\",\"logo\":{\"@type\":\"ImageObject\",\"inLanguage\":\"de\",\"@id\":\"https:\\\/\\\/redfoxlotto.com\\\/de\\\/#\\\/schema\\\/logo\\\/image\\\/\",\"url\":\"https:\\\/\\\/redfoxlotto.com\\\/wp-content\\\/uploads\\\/2023\\\/04\\\/logo.png\",\"contentUrl\":\"https:\\\/\\\/redfoxlotto.com\\\/wp-content\\\/uploads\\\/2023\\\/04\\\/logo.png\",\"width\":269,\"height\":53,\"caption\":\"Get Tickets for the World\u2019s largest jackpots\"},\"image\":{\"@id\":\"https:\\\/\\\/redfoxlotto.com\\\/de\\\/#\\\/schema\\\/logo\\\/image\\\/\"}}]}<\/script>\n<!-- \/ Yoast SEO plugin. -->","yoast_head_json":{"title":"Aktuelle und vergangene Gewinnzahlen und Ergebnisse von Thunderball UK","description":"Vergleichen Sie hier Ihre Lotto Lose mit den Ergebnissen der Thunderball-Ziehung","robots":{"index":"index","follow":"follow","max-snippet":"max-snippet:-1","max-image-preview":"max-image-preview:large","max-video-preview":"max-video-preview:-1"},"canonical":"https:\/\/redfoxlotto.com\/de\/ergebnisse\/thunderball\/","og_locale":"de_DE","og_type":"article","og_title":"Aktuelle und vergangene Gewinnzahlen und Ergebnisse von Thunderball UK","og_description":"Vergleichen Sie hier Ihre Lotto Lose mit den Ergebnissen der Thunderball-Ziehung","og_url":"https:\/\/redfoxlotto.com\/de\/ergebnisse\/thunderball\/","og_site_name":"Get Tickets for the World\u2019s largest jackpots","article_modified_time":"2023-05-13T07:29:17+00:00","og_image":[{"url":"https:\/\/content.redfoxlotto.com\/uploads\/sites\/9\/1_online_lotto_results.jpg","type":"","width":"","height":""}],"twitter_card":"summary_large_image","twitter_misc":{"Gesch\u00e4tzte Lesezeit":"2\u00a0Minuten"},"schema":{"@context":"https:\/\/schema.org","@graph":[{"@type":"WebPage","@id":"https:\/\/redfoxlotto.com\/de\/ergebnisse\/thunderball\/","url":"https:\/\/redfoxlotto.com\/de\/ergebnisse\/thunderball\/","name":"Aktuelle und vergangene Gewinnzahlen und Ergebnisse von Thunderball UK","isPartOf":{"@id":"https:\/\/redfoxlotto.com\/de\/#website"},"primaryImageOfPage":{"@id":"https:\/\/redfoxlotto.com\/de\/ergebnisse\/thunderball\/#primaryimage"},"image":{"@id":"https:\/\/redfoxlotto.com\/de\/ergebnisse\/thunderball\/#primaryimage"},"thumbnailUrl":"https:\/\/content.redfoxlotto.com\/uploads\/sites\/9\/1_online_lotto_results.jpg","datePublished":"2020-08-18T09:08:19+00:00","dateModified":"2023-05-13T07:29:17+00:00","description":"Vergleichen Sie hier Ihre Lotto Lose mit den Ergebnissen der Thunderball-Ziehung","breadcrumb":{"@id":"https:\/\/redfoxlotto.com\/de\/ergebnisse\/thunderball\/#breadcrumb"},"inLanguage":"de","potentialAction":[{"@type":"ReadAction","target":["https:\/\/redfoxlotto.com\/de\/ergebnisse\/thunderball\/"]}]},{"@type":"ImageObject","inLanguage":"de","@id":"https:\/\/redfoxlotto.com\/de\/ergebnisse\/thunderball\/#primaryimage","url":"https:\/\/content.redfoxlotto.com\/uploads\/sites\/9\/1_online_lotto_results.jpg","contentUrl":"https:\/\/content.redfoxlotto.com\/uploads\/sites\/9\/1_online_lotto_results.jpg"},{"@type":"BreadcrumbList","@id":"https:\/\/redfoxlotto.com\/de\/ergebnisse\/thunderball\/#breadcrumb","itemListElement":[{"@type":"ListItem","position":1,"name":"Home","item":"https:\/\/redfoxlotto.com\/de\/"},{"@type":"ListItem","position":2,"name":"Gewinnzahlen und Ergebnisse weltweiter Lotterien","item":"https:\/\/redfoxlotto.com\/de\/ergebnisse\/"},{"@type":"ListItem","position":3,"name":"Thunderball-Ergebnisse"}]},{"@type":"WebSite","@id":"https:\/\/redfoxlotto.com\/de\/#website","url":"https:\/\/redfoxlotto.com\/de\/","name":"Get Tickets for the World\u2019s largest jackpots","description":"Participate in worldwide lottery jackpots from any country","publisher":{"@id":"https:\/\/redfoxlotto.com\/de\/#organization"},"potentialAction":[{"@type":"SearchAction","target":{"@type":"EntryPoint","urlTemplate":"https:\/\/redfoxlotto.com\/de\/?s={search_term_string}"},"query-input":{"@type":"PropertyValueSpecification","valueRequired":true,"valueName":"search_term_string"}}],"inLanguage":"de"},{"@type":"Organization","@id":"https:\/\/redfoxlotto.com\/de\/#organization","name":"Get Tickets for the World\u2019s largest jackpots","url":"https:\/\/redfoxlotto.com\/de\/","logo":{"@type":"ImageObject","inLanguage":"de","@id":"https:\/\/redfoxlotto.com\/de\/#\/schema\/logo\/image\/","url":"https:\/\/redfoxlotto.com\/wp-content\/uploads\/2023\/04\/logo.png","contentUrl":"https:\/\/redfoxlotto.com\/wp-content\/uploads\/2023\/04\/logo.png","width":269,"height":53,"caption":"Get Tickets for the World\u2019s largest jackpots"},"image":{"@id":"https:\/\/redfoxlotto.com\/de\/#\/schema\/logo\/image\/"}}]}},"_links":{"self":[{"href":"https:\/\/redfoxlotto.com\/de\/wp-json\/wp\/v2\/pages\/12902","targetHints":{"allow":["GET"]}}],"collection":[{"href":"https:\/\/redfoxlotto.com\/de\/wp-json\/wp\/v2\/pages"}],"about":[{"href":"https:\/\/redfoxlotto.com\/de\/wp-json\/wp\/v2\/types\/page"}],"author":[{"embeddable":true,"href":"https:\/\/redfoxlotto.com\/de\/wp-json\/wp\/v2\/users\/1"}],"replies":[{"embeddable":true,"href":"https:\/\/redfoxlotto.com\/de\/wp-json\/wp\/v2\/comments?post=12902"}],"version-history":[{"count":0,"href":"https:\/\/redfoxlotto.com\/de\/wp-json\/wp\/v2\/pages\/12902\/revisions"}],"up":[{"embeddable":true,"href":"https:\/\/redfoxlotto.com\/de\/wp-json\/wp\/v2\/pages\/128"}],"wp:attachment":[{"href":"https:\/\/redfoxlotto.com\/de\/wp-json\/wp\/v2\/media?parent=12902"}],"curies":[{"name":"wp","href":"https:\/\/api.w.org\/{rel}","templated":true}]}}