{"id":12901,"date":"2022-09-26T12:33:09","date_gmt":"2022-09-26T12:33:09","guid":{"rendered":"https:\/\/redfoxlotto.com\/?page_id=12901"},"modified":"2023-05-19T09:36:35","modified_gmt":"2023-05-19T09:36:35","slug":"thunderball","status":"publish","type":"page","link":"https:\/\/redfoxlotto.com\/de\/lotterie\/thunderball\/","title":{"rendered":"\u00dcber Thunderball"},"content":{"rendered":"<h2 class=\"wp-block-heading\">Online Lottoscheine f\u00fcr Thunderball UK Lotto kaufen<\/h2><p><img loading=\"lazy\" decoding=\"async\" class=\" wp-image alignright\" src=\"https:\/\/content.redfoxlotto.com\/uploads\/sites\/9\/1_online_lottery_jackpot_win.jpg\" alt=\"Thunderball online kaufen\" width=\"252\" height=\"229\" \/><\/p><p>Wann immer Sie bereit sind, Scheine f\u00fcr Thunderball UK Lotto online zu kaufen, k\u00f6nnen Sie sich die Optionen auf RedFoxLotto.com n\u00e4her ansehen. Vielleicht sind Sie sogar \u00fcberrascht, wie einfach es ist zu spielen. Sie brauchen nur 5 regul\u00e4re Zahlen und 1 Thunderball zu w\u00e4hlen. Dann w\u00e4hlen Sie Ihre Daten f\u00fcr die Ziehung. So k\u00f6nnen Sie schon mit 1 passenden Zahl gewinnen!<\/p><!--more--><h2 class=\"wp-block-heading\">Kaufen Sie Ihre Spielscheine f\u00fcr Thunderball UK Lotto<\/h2><p>Wenn es an der Zeit ist, Spielscheine f\u00fcr Thunderball UK Lotto online zu kaufen, ben\u00f6tigen Sie einen Service, mit dem Sie die gew\u00fcnschten Scheine aus jedem beliebigen Spiel ausw\u00e4hlen k\u00f6nnen. Und genau da kommt RedFoxLotto.com ins Spiel. Sie k\u00f6nnen jedes beliebige Spiel w\u00e4hlen und die gew\u00fcnschten Scheine aussuchen.<\/p><p>Sie w\u00e4hlen die Zahlen aus, die Sie spielen m\u00f6chten, oder Sie verwenden die Schnellauswahl, um Zahlen f\u00fcr sich ausw\u00e4hlen zu lassen. Dann w\u00e4hlen Sie Ihre Daten und die Anzahl der gew\u00fcnschten Ziehungen sowie Ihre bevorzugte Zahlungsmethode. Wenn Sie Ihre Lose gekauft haben, warten Sie nur noch auf die Ziehung und hoffentlich die gute Nachricht, die dann folgt.<\/p><h2 class=\"wp-block-heading\">Pr\u00fcfen Sie Ihre Gewinnzahlen<\/h2><p>Sobald die Ziehung stattgefunden hat, k\u00f6nnen Sie sich wieder in Ihr Konto bei RedFoxLotto.com einloggen, um zu sehen, wie Ihre Losnummern im Vergleich zu den Gewinnzahlen abschneiden. Es wird sich direkt in Ihrem Loskonto befinden und f\u00fcr Sie wird es viel einfacher sein. Sie m\u00fcssen nur sehen, welche Zahlen hervorgehoben sind, um zu sehen, welche Zahlen \u00fcbereinstimmen.<\/p>","protected":false},"excerpt":{"rendered":"<p>Online Lottoscheine f\u00fcr Thunderball UK Lotto kaufen Wann immer Sie bereit sind, Scheine f\u00fcr Thunderball UK Lotto online zu kaufen, k\u00f6nnen Sie sich die Optionen auf RedFoxLotto.com n\u00e4her ansehen. Vielleicht sind Sie sogar \u00fcberrascht, wie einfach es ist zu spielen. Sie brauchen nur 5 regul\u00e4re Zahlen und 1 Thunderball zu w\u00e4hlen. Dann w\u00e4hlen Sie Ihre [&hellip;]<\/p>\n","protected":false},"author":1,"featured_media":0,"parent":120,"menu_order":11,"comment_status":"closed","ping_status":"closed","template":"thunderball-info.php","meta":{"_et_pb_use_builder":"","_et_pb_old_content":"","_et_gb_content_width":"","exclude_from_search":false,"footnotes":""},"class_list":["post-12901","page","type-page","status-publish","hentry"],"yoast_head":"<!-- This site is optimized with the Yoast SEO plugin v23.8 - https:\/\/yoast.com\/wordpress\/plugins\/seo\/ -->\n<title>Holen Sie sich Ihre Lose f\u00fcr Thunderball Lotto online<\/title>\n<meta name=\"description\" content=\"Kaufen Sie Spielscheine f\u00fcr Thunderball Lotto, auch wenn Sie nicht im Vereinigten K\u00f6nigreich wohnen\" \/>\n<meta name=\"robots\" content=\"index, follow, max-snippet:-1, max-image-preview:large, max-video-preview:-1\" \/>\n<link rel=\"canonical\" href=\"https:\/\/redfoxlotto.com\/de\/lotterie\/thunderball\/\" \/>\n<meta property=\"og:locale\" content=\"de_DE\" \/>\n<meta property=\"og:type\" content=\"article\" \/>\n<meta property=\"og:title\" content=\"Holen Sie sich Ihre Lose f\u00fcr Thunderball Lotto online\" \/>\n<meta property=\"og:description\" content=\"Kaufen Sie Spielscheine f\u00fcr Thunderball Lotto, auch wenn Sie nicht im Vereinigten K\u00f6nigreich wohnen\" \/>\n<meta property=\"og:url\" content=\"https:\/\/redfoxlotto.com\/de\/lotterie\/thunderball\/\" \/>\n<meta property=\"og:site_name\" content=\"Get Tickets for the World\u2019s largest jackpots\" \/>\n<meta property=\"article:modified_time\" content=\"2023-05-19T09:36:35+00:00\" \/>\n<meta property=\"og:image\" content=\"https:\/\/content.redfoxlotto.com\/uploads\/sites\/9\/1_online_lottery_jackpot_win.jpg\" \/>\n<meta name=\"twitter:card\" content=\"summary_large_image\" \/>\n<meta name=\"twitter:label1\" content=\"Gesch\u00e4tzte Lesezeit\" \/>\n\t<meta name=\"twitter:data1\" content=\"2\u00a0Minuten\" \/>\n<script type=\"application\/ld+json\" class=\"yoast-schema-graph\">{\"@context\":\"https:\/\/schema.org\",\"@graph\":[{\"@type\":\"WebPage\",\"@id\":\"https:\/\/redfoxlotto.com\/de\/lotterie\/thunderball\/\",\"url\":\"https:\/\/redfoxlotto.com\/de\/lotterie\/thunderball\/\",\"name\":\"Holen Sie sich Ihre Lose f\u00fcr Thunderball Lotto online\",\"isPartOf\":{\"@id\":\"https:\/\/redfoxlotto.com\/de\/#website\"},\"primaryImageOfPage\":{\"@id\":\"https:\/\/redfoxlotto.com\/de\/lotterie\/thunderball\/#primaryimage\"},\"image\":{\"@id\":\"https:\/\/redfoxlotto.com\/de\/lotterie\/thunderball\/#primaryimage\"},\"thumbnailUrl\":\"https:\/\/content.redfoxlotto.com\/uploads\/sites\/9\/1_online_lottery_jackpot_win.jpg\",\"datePublished\":\"2022-09-26T12:33:09+00:00\",\"dateModified\":\"2023-05-19T09:36:35+00:00\",\"description\":\"Kaufen Sie Spielscheine f\u00fcr Thunderball Lotto, auch wenn Sie nicht im Vereinigten K\u00f6nigreich wohnen\",\"breadcrumb\":{\"@id\":\"https:\/\/redfoxlotto.com\/de\/lotterie\/thunderball\/#breadcrumb\"},\"inLanguage\":\"de\",\"potentialAction\":[{\"@type\":\"ReadAction\",\"target\":[\"https:\/\/redfoxlotto.com\/de\/lotterie\/thunderball\/\"]}]},{\"@type\":\"ImageObject\",\"inLanguage\":\"de\",\"@id\":\"https:\/\/redfoxlotto.com\/de\/lotterie\/thunderball\/#primaryimage\",\"url\":\"https:\/\/content.redfoxlotto.com\/uploads\/sites\/9\/1_online_lottery_jackpot_win.jpg\",\"contentUrl\":\"https:\/\/content.redfoxlotto.com\/uploads\/sites\/9\/1_online_lottery_jackpot_win.jpg\"},{\"@type\":\"BreadcrumbList\",\"@id\":\"https:\/\/redfoxlotto.com\/de\/lotterie\/thunderball\/#breadcrumb\",\"itemListElement\":[{\"@type\":\"ListItem\",\"position\":1,\"name\":\"Home\",\"item\":\"https:\/\/redfoxlotto.com\/de\/\"},{\"@type\":\"ListItem\",\"position\":2,\"name\":\"Der Ablauf beim Online-Lottospiel\",\"item\":\"https:\/\/redfoxlotto.com\/de\/lotterie\/\"},{\"@type\":\"ListItem\",\"position\":3,\"name\":\"\u00dcber Thunderball\"}]},{\"@type\":\"WebSite\",\"@id\":\"https:\/\/redfoxlotto.com\/de\/#website\",\"url\":\"https:\/\/redfoxlotto.com\/de\/\",\"name\":\"Get Tickets for the World\u2019s largest jackpots\",\"description\":\"Participate in worldwide lottery jackpots from any country\",\"publisher\":{\"@id\":\"https:\/\/redfoxlotto.com\/de\/#organization\"},\"potentialAction\":[{\"@type\":\"SearchAction\",\"target\":{\"@type\":\"EntryPoint\",\"urlTemplate\":\"https:\/\/redfoxlotto.com\/de\/?s={search_term_string}\"},\"query-input\":{\"@type\":\"PropertyValueSpecification\",\"valueRequired\":true,\"valueName\":\"search_term_string\"}}],\"inLanguage\":\"de\"},{\"@type\":\"Organization\",\"@id\":\"https:\/\/redfoxlotto.com\/de\/#organization\",\"name\":\"Get Tickets for the World\u2019s largest jackpots\",\"url\":\"https:\/\/redfoxlotto.com\/de\/\",\"logo\":{\"@type\":\"ImageObject\",\"inLanguage\":\"de\",\"@id\":\"https:\/\/redfoxlotto.com\/de\/#\/schema\/logo\/image\/\",\"url\":\"https:\/\/redfoxlotto.com\/wp-content\/uploads\/2023\/04\/logo.png\",\"contentUrl\":\"https:\/\/redfoxlotto.com\/wp-content\/uploads\/2023\/04\/logo.png\",\"width\":269,\"height\":53,\"caption\":\"Get Tickets for the World\u2019s largest jackpots\"},\"image\":{\"@id\":\"https:\/\/redfoxlotto.com\/de\/#\/schema\/logo\/image\/\"}}]}<\/script>\n<!-- \/ Yoast SEO plugin. -->","yoast_head_json":{"title":"Holen Sie sich Ihre Lose f\u00fcr Thunderball Lotto online","description":"Kaufen Sie Spielscheine f\u00fcr Thunderball Lotto, auch wenn Sie nicht im Vereinigten K\u00f6nigreich wohnen","robots":{"index":"index","follow":"follow","max-snippet":"max-snippet:-1","max-image-preview":"max-image-preview:large","max-video-preview":"max-video-preview:-1"},"canonical":"https:\/\/redfoxlotto.com\/de\/lotterie\/thunderball\/","og_locale":"de_DE","og_type":"article","og_title":"Holen Sie sich Ihre Lose f\u00fcr Thunderball Lotto online","og_description":"Kaufen Sie Spielscheine f\u00fcr Thunderball Lotto, auch wenn Sie nicht im Vereinigten K\u00f6nigreich wohnen","og_url":"https:\/\/redfoxlotto.com\/de\/lotterie\/thunderball\/","og_site_name":"Get Tickets for the World\u2019s largest jackpots","article_modified_time":"2023-05-19T09:36:35+00:00","og_image":[{"url":"https:\/\/content.redfoxlotto.com\/uploads\/sites\/9\/1_online_lottery_jackpot_win.jpg"}],"twitter_card":"summary_large_image","twitter_misc":{"Gesch\u00e4tzte Lesezeit":"2\u00a0Minuten"},"schema":{"@context":"https:\/\/schema.org","@graph":[{"@type":"WebPage","@id":"https:\/\/redfoxlotto.com\/de\/lotterie\/thunderball\/","url":"https:\/\/redfoxlotto.com\/de\/lotterie\/thunderball\/","name":"Holen Sie sich Ihre Lose f\u00fcr Thunderball Lotto online","isPartOf":{"@id":"https:\/\/redfoxlotto.com\/de\/#website"},"primaryImageOfPage":{"@id":"https:\/\/redfoxlotto.com\/de\/lotterie\/thunderball\/#primaryimage"},"image":{"@id":"https:\/\/redfoxlotto.com\/de\/lotterie\/thunderball\/#primaryimage"},"thumbnailUrl":"https:\/\/content.redfoxlotto.com\/uploads\/sites\/9\/1_online_lottery_jackpot_win.jpg","datePublished":"2022-09-26T12:33:09+00:00","dateModified":"2023-05-19T09:36:35+00:00","description":"Kaufen Sie Spielscheine f\u00fcr Thunderball Lotto, auch wenn Sie nicht im Vereinigten K\u00f6nigreich wohnen","breadcrumb":{"@id":"https:\/\/redfoxlotto.com\/de\/lotterie\/thunderball\/#breadcrumb"},"inLanguage":"de","potentialAction":[{"@type":"ReadAction","target":["https:\/\/redfoxlotto.com\/de\/lotterie\/thunderball\/"]}]},{"@type":"ImageObject","inLanguage":"de","@id":"https:\/\/redfoxlotto.com\/de\/lotterie\/thunderball\/#primaryimage","url":"https:\/\/content.redfoxlotto.com\/uploads\/sites\/9\/1_online_lottery_jackpot_win.jpg","contentUrl":"https:\/\/content.redfoxlotto.com\/uploads\/sites\/9\/1_online_lottery_jackpot_win.jpg"},{"@type":"BreadcrumbList","@id":"https:\/\/redfoxlotto.com\/de\/lotterie\/thunderball\/#breadcrumb","itemListElement":[{"@type":"ListItem","position":1,"name":"Home","item":"https:\/\/redfoxlotto.com\/de\/"},{"@type":"ListItem","position":2,"name":"Der Ablauf beim Online-Lottospiel","item":"https:\/\/redfoxlotto.com\/de\/lotterie\/"},{"@type":"ListItem","position":3,"name":"\u00dcber Thunderball"}]},{"@type":"WebSite","@id":"https:\/\/redfoxlotto.com\/de\/#website","url":"https:\/\/redfoxlotto.com\/de\/","name":"Get Tickets for the World\u2019s largest jackpots","description":"Participate in worldwide lottery jackpots from any country","publisher":{"@id":"https:\/\/redfoxlotto.com\/de\/#organization"},"potentialAction":[{"@type":"SearchAction","target":{"@type":"EntryPoint","urlTemplate":"https:\/\/redfoxlotto.com\/de\/?s={search_term_string}"},"query-input":{"@type":"PropertyValueSpecification","valueRequired":true,"valueName":"search_term_string"}}],"inLanguage":"de"},{"@type":"Organization","@id":"https:\/\/redfoxlotto.com\/de\/#organization","name":"Get Tickets for the World\u2019s largest jackpots","url":"https:\/\/redfoxlotto.com\/de\/","logo":{"@type":"ImageObject","inLanguage":"de","@id":"https:\/\/redfoxlotto.com\/de\/#\/schema\/logo\/image\/","url":"https:\/\/redfoxlotto.com\/wp-content\/uploads\/2023\/04\/logo.png","contentUrl":"https:\/\/redfoxlotto.com\/wp-content\/uploads\/2023\/04\/logo.png","width":269,"height":53,"caption":"Get Tickets for the World\u2019s largest jackpots"},"image":{"@id":"https:\/\/redfoxlotto.com\/de\/#\/schema\/logo\/image\/"}}]}},"_links":{"self":[{"href":"https:\/\/redfoxlotto.com\/de\/wp-json\/wp\/v2\/pages\/12901","targetHints":{"allow":["GET"]}}],"collection":[{"href":"https:\/\/redfoxlotto.com\/de\/wp-json\/wp\/v2\/pages"}],"about":[{"href":"https:\/\/redfoxlotto.com\/de\/wp-json\/wp\/v2\/types\/page"}],"author":[{"embeddable":true,"href":"https:\/\/redfoxlotto.com\/de\/wp-json\/wp\/v2\/users\/1"}],"replies":[{"embeddable":true,"href":"https:\/\/redfoxlotto.com\/de\/wp-json\/wp\/v2\/comments?post=12901"}],"version-history":[{"count":0,"href":"https:\/\/redfoxlotto.com\/de\/wp-json\/wp\/v2\/pages\/12901\/revisions"}],"up":[{"embeddable":true,"href":"https:\/\/redfoxlotto.com\/de\/wp-json\/wp\/v2\/pages\/120"}],"wp:attachment":[{"href":"https:\/\/redfoxlotto.com\/de\/wp-json\/wp\/v2\/media?parent=12901"}],"curies":[{"name":"wp","href":"https:\/\/api.w.org\/{rel}","templated":true}]}}